{"id":15334,"date":"2024-11-18T02:17:55","date_gmt":"2024-11-18T02:17:55","guid":{"rendered":"http:\/\/vevorshop.edigo.lv\/Prece\/vevor-portable-ev-charger-type-2-16a-3-7-kw-electric-vehicle-car-charger-with-28-ft-charging-cable-cee-7-7-plug-iec-62196-home-ev-charging-station-with-storage-bag-charging-cable-hook-ip66\/"},"modified":"2026-04-22T14:16:19","modified_gmt":"2026-04-22T11:16:19","slug":"vevor-portable-ev-charger-type-2-16a-3-7-kw-electric-vehicle-car-charger-with-28-ft-charging-cable-cee-7-7-plug-iec-62196-home-ev-charging-station-with-storage-bag-charging-cable-hook-ip66","status":"publish","type":"product","link":"https:\/\/vevorshop.lv\/lv\/Prece\/vevor-parnesajams-ev-ladetajs-2-tipa-16a-3-7-kw-elektromobilu-auto-ladetajs-ar-28-ft-uzlades-kabeli-cee-7-7-kontaktdaksu-iec-62196-majas-ev-uzlades-stacija-ar-glabasanas-somu-uzlades-kabela-akis-ip66\/","title":{"rendered":"VEVOR P\u0101rvietojams EV l\u0101d\u0113t\u0101js Type 2, 16A 3.7kW ar 8.6m kabeli, CEE 7\/7 kontakts, IP66, Vied\u0101 lietotne, IEC 62196, Soma un Tur\u0113t\u0101js"},"content":{"rendered":"<div style=\"color: #fff!important; font-size: 16px; height: 24px; line-height: 24px; margin-top: -24px; \" class=\"product_original_name\">VEVOR portat\u012bvais EV l\u0101d\u0113t\u0101js Type 2, 16A 3,7 kW, Elektriskais transportl\u012bdzek\u013ca automa\u0161\u012bnas l\u0101d\u0113t\u0101js ar 8,6 m uzl\u0101des kabeli CEE 7\/7 spraudnis, IEC 62196 Home EV uzl\u0101des stacija ar uzglab\u0101\u0161anas maisa uzl\u0101des kabe\u013ca \u0101\u0137i, IP66<\/div>\n<div style=\"color: #fff!important; font-size: 16px; height: 24px; line-height: 24px; margin-top: -24px; \" class=\"product_sku\">M4I4KGBJ<\/div>\n<div style=\"color: #fff!important; font-size: 16px; height: 24px; line-height: 24px; margin-top: -24px; \" class=\"product_mpn\">OGBXCDQDXZSDDCSO4V2<\/div><div id=\"js-DM_at-goodDescRich\"><html><head><style>  body {    font-family: Arial;    line-height: 1.5;    color: #1c1c1c;    overflow-x: hidden;    margin: 0;    padding: 0;  }  .MsoNormal b {    font-weight: bolder;  }<\/style><style>  .container.small {    width: 970px;    margin: 0 auto;  }  .logo {    margin: 0 auto 0;  }  .logo img {    display: block;    margin: 0 auto;    max-width: 100%;  }  .logo .pc-banner {    display: block;    width: 1200px;    height: 247.4px;    margin: 0 auto;  }  .logo .pc-banner.small {    width: 970px;  }  .logo .pc-banner.small img {    height: auto!important;  }  .logo .m-banner {    display: none;  }  .ytvideo {    position: relative;    height: 546px;    width: 100%;    margin: 0 auto;  }  .ytvideo img {    width: 100%;    margin: 0 auto;  }  .ytvideo .play-btn {    width: 60px;    height: 42px;    position: absolute;    top: 50%;    left: 50%;    transform: translate(-50%, -50%);    background: url(\"data:image\/png;base64,iVBORw0KGgoAAAANSUhEUgAAAGQAAABGCAMAAAANWMFbAAAC+lBMVEUAAADBGB3kLCfBGB3kLCfcJC7BFx3KKSbiKybkLCbWJCPSIiLSIiLPICHAFx3kLCfgKSXNHiDZJiTIGx\/p4eHcjo7LHSDbJyTkLCbjKyfOHyHPIiL28fHJHB\/GGh7EGR7eKCXDGB3RISHlLSbBGB3AFxzGHB7DGB7BGB3hKybkKybAFx3lLCfAFxzDGR3hKibDGB7cJyTmz8\/elJTlwcHjurrUIyLlLSflLSfAFx3DGR7lLSfCFx3hKibhKibhKybjKybkLCblLSfbJSX49vbx7e3NNzjNMTLMJyjVIyLZf3\/ZQ0LaeHjx0tLgoqLkLCfCGB3HGx\/BGB3BFx3PICHCGB7WJCLOHyC\/Fxy\/Fx3lLCfQISHkLSe\/FxzbJiTBFx3FGx\/AGB7BFx3EGR7AGB3HHSDfKiXAFh3TISHYNzbhKibbJyTTIiL57e325+f039\/v2NjUV1fOHiHiqanfmprch4feKSXVIyPOICHmLibFGh\/mLSe\/Fx7XJCPeKSXXJSPNHyHaJyTGGh7lLCbmLCflLSjSIiLkLCbdKSXLHiC\/GB3KHh++Fh3lKyfoLiXcKCPkx8fYb2\/XaGfVXl3aU1LLHiDksbHgKibPICHbJyTfKSXbJyTCGB3KHSDiKybFGh7TIiL\/\/\/\/VIyPRISHIHB\/GGx\/HHB\/DGR7gKibdKCXLHiDZJiTMHiDNHyHYJSTOICHPICHWJCPcKCXXJSPjLCblLCf+\/f3NGR\/uLijzLynPGR\/IGB7WISHaIyLLGh7UAADxLynNAADRLzDbICLQAADIAAD3MCrUHSHXMTDpKSbLAADp5OTij4\/ejo\/VLy\/1LyngJSTcJCPQHx\/OHB7+\/PzaMS\/OLS\/vLijrLSjSAADaNTPwLyjkKSbNJCbYISHPHB\/KGB7WAAD7+vrn3d3aKynTKCjoLCfsKifRGh\/YAADq5+fhjo7QNDXXKCfmJyXt5+fTLzDLLi\/QKivYHRvMGBrQJCXLISPMExXLDxLaEAvkkI\/bOTfaFQ\/SCgpvLcnHAAAAmnRSTlMA+vv7+gT9Bvf9+8z8\/NSv\/Pr5+P7++vnQIBMP\/v38\/Pn348XDiCYf9OjbzcqxXVcx\/fz8+\/rj1r2poo1+fXFqX0orGP7+\/v7+\/fz8+\/r68uzn4trIxsG\/vri3p6GcmZSNbWVYUUZEPQv+\/f39+\/v7+\/v7+vr64tvV1NTTz87FtbSurqeblJKFg4B3bUY+NjL7+\/v7+\/v67t1cDo8JLQAABkRJREFUWMO0kz9rwkAYh0OIeJkum6YugUAhISCdKoj\/P4C7SMdS+gEKIhSKil10LSg4mzXkILdlEpxCpwTiWOLX6BujvQaEQuGeHLnL+\/64J+SIcKGYTYWnntpdLjrVdqvZmNdn0+EE40GtpuuWVS6Xx6N7YDSGpWXpeq02wHgynM7q80az1a52HpddtVcpsi1zFARBrdaxbhp9iUReTGmwA4KAAr7vx3EYejnCMI6hQYEgy0LQi4jUN0wL19vqFcUC9\/1dAKmEEFkWRYkh5oBejnxQJiSJPJ\/uKBp0Thszx9Mw8hMRIQjKsptCfuES9zr5WJY6vSFCIvE9fCMUmEM1A1kSXcYGxgVYsvI1IPKTZciSTI0us\/SMGG04gDzELDoFBwdcFJrF88dqgYMTiL6DILWYyfOWE8\/kIz38olCNlC03FK95+imxp6y4oUSvAnBjHHhKNtotSDqJzVFiK8c2SBqhZtsrTtgrLXwAyduxZHNE26eHUt5rtuM4WSmds3G+sUdWYo1L+XyxButoh5eKUHk5lByO3G1LqqCWVnfrv\/lyPtf\/4ps1cndNGIri8J1TJ0lx6dR\/oPjq1nbRwdp2dCk4CtIOLW3pVKRL6WZfS5vF2KkIQhpwSsjiYIgNCs1gEMGqiIq24NQX9NwoXFy8Ufrl3twTcg4fv8T9\/JBEySduj6Mjm4bMzYV7EEOxKjjoNDud7yY3Dy71Hq2oLmqfbNR723edH9PgMrNL2utoQ3VmaIDkiw\/4w51P06hlZsTZvkRrbVuSIs\/zwSOsycgzStQouoAkWQqioRT5XI7n2Z1wfVhoZmcAJLsoqjqpjbWCgpOAJXBwHK8PzWbNvoUZJND5wCnSkLAkZ1legx6vqQzjoiTahKlGUGLAiIIoABOHaNVw4sexZBym6\/HWlH5h3IC7yRbxtipcWxdTOkORKiNQAEkFf66x5S2oeRbroOlLgg0sSYkR0hRGEqJZ0jTPiQKatESdBckpWigxaapEH0lImHdWu9pUFF2XqMNM2Z4kped7IwEJw2qabwtrQqnpw6HyKkgcadKWsmpywwesDyIhYRpdzXddqegtGIJlXbAIUMOLkGxJUjRIkokwjUaX9d\/kK62ps\/tYUqZLIMkLTyBhsMZ3C5Z\/kDxOSCb\/DOs\/\/J0qcWSX\/2ipe56EgTCA4\/cB7NAYOsni4mZM1MUPAISoEwkDi4lhVBQ1cWQyIcwalw4EpqZN68JUSK7XC0kTlkLYii5uXSC8jT5ncCAS7mjCv0uHp\/3lueHEEAeQ\/\/VgmdN71\/2uCSA1Xr6DO6uI6sW56zqT2tp2PhgiRUAajV8CY2fkcz6WGNKMgLAt7tJAhD4YHMTeRxlALE6+43WqjSWi8ITxyJl8WrwWSNESQZZOqhDDntO3hJLsd5RtSpbJqdv3YrDJH3F7jL1R2O2aQkn2MyCyKYz0GPGIvSAMgBCrCEiJyKbBaYGwLW4uPRr0A0M4Ux5kUI7IBh+hMdiCEWNqhMZGyYMsOgNE58UQuEQeUnSWCMYwL54hkxK6IoqucQZbQ3pc3XtL0lky1dL0zZJJDpWJovFqpWj6JEHnyam2eQp5QRVAVHjWparTOaVwUOx99YS2MvgxIGV0bb+qIg2HX2qkFFJB+XZcbLiuRkuxD9GRroKyveLxdh4d7Orx+hb7qc3uVRuEogCOnyIxm4ubUoPgF4jianDrC+SDQDKEfJb0GUKmjCGPYHGJvVC6X4hw1\/sAfQAdfYyephIaspXe36RwOP+Ljvfx9B6B3i+Nk0DGq+oCbLn6JpBa9nWAveAIHwFAwtVcIJXPMPL8kRu5OAYPMaL1WScTxjiZDqB9LTJSWphow\/pTYKRTLjCBhvi9iBidvKcDasGSm0QQkycYuLBqj6QCELPctqChDWpTRMWkngNNpQ1Pfp1KkiT\/Y0DGffXAweUNfLAfaJFKDwhb6I+bkYRbkERoEeu3Fyjg2opMz2daZCS9jt6Q7txNfB+OZEVF6Zl5web2xunnLQrtrjXseXKaFYziYINeMFZVxS9VxRhOoesYwxPKXm+gWLG9cuFeq93UNNeJNsf1KlwuDok9n02n3TgIJpOxNfL9naIoQwXtfH9kjceTIIi709ncTg6LZbg+biLH1V6u\/7rxBem06VXKn9raAAAAAElFTkSuQmCC\")      no-repeat center center \/ contain;  }  @media screen and (max-width: 960px) and (orientation: portrait) {    .logo {      width: 100%;    }    .logo .pc-banner {      display: none;    }    .logo .m-banner {      display: block;      width: 100%;    }    .logo .m-banner img {      height: auto!important;    }    .ytvideo {      height: 200px;      width: 100%;    }  }<\/style><style>  .video-section {    width: 100%;    margin: 0 auto;  }  .video-section > img {    width: 100%;  }  .video-section iframe,  .video-section video {    width: 100%;    height: 100%;      }  .video-section-img-m,  .video-section-img-pc > img {    width: 100%;    height: auto;  }  .video-section-img-pc.small > img {    width: 970px;  }  .video-desc {    line-height: 1.5;    font-size: 20px;    font-weight: 400;    margin: 20px 0;    text-align: center;    color: #0f1111;    word-break: break-word;  }  @media screen and (max-width: 960px) and (orientation: portrait) {    .video-section {      width: 100%;    }    .video-section-pc,    .video-section-img-pc {      display: none;    }    .video-section-m,    .video-section-img-m {      display: block;    }    .video-desc {      font-size: 15px;    }  }  @media screen and (min-width: 960px) {    .video-section {      width: 100%;      margin: 0 auto;    }    .video-section-pc,    .video-section-img-pc {      display: block;    }    .video-section-m,    .video-section-img-m {      display: none;    }    .video-desc {      font-size: 20px;    }  }<\/style><style>  .section + .section {    margin-top: 35px;  }  .section-title {    text-align: center;    font-weight: bold;    color: #0d1111;    font-family: \"Arial\";    font-size: 32px;    margin: 15px 0;  }  .section-title:empty {    display: none;  }  .section-desc {    text-align: center;    font-weight: normal;    color: #0d1111;    margin-top: 20px;  }  .section-desc:empty {    display: none;  }  .section-img {    width: 1200px;    height: 492px;    margin: 0 auto;    display: block;  }  .section-img.small {    width: 970px;    height: auto;  }  .section-img.small > img {    height: auto;  }  .section-img > img {    width: 100%;    height: 100%;  }  .section-mobile-img {    display: none;    max-width: 100vw;    max-height: 75vw;    height: 450px;    margin: 0 auto;  }  .section-mobile-img > img {    width: 100%;    height: 100%;  }  @media screen and (max-width: 960px) and (orientation: portrait) {    .container {      width: 100%;    }    .container.small {      width: 100%;    }    .section-mobile-img {      display: block;    }    .section-img {      display: none;    }    .section-title {      font-size: 22px;      margin: 10px 0;    }    .section-desc {      margin-top: 10px;    }    .section + .section {      margin-top: 20px;    }  }<\/style><\/head><body><div class=\"container\"><div class=\"logo\"><div class=\"pc-banner\"><div><img decoding=\"async\" src=\"\/vevor\/vevor\/boutique-banner\/pc\/en-pc@1x.jpg\" style=\"width: 100%;\" \/><\/div><\/div><div class=\"m-banner\"><div><img decoding=\"async\" src=\"\/vevor\/vevor\/boutique-banner\/mobile\/en-m@1x.jpg\" style=\"width: 100%;\" \/><\/div><\/div><\/div><div class=\"section-title\">VEVOR 16A 2. tipa p\u0101rn\u0113s\u0101jamais EV l\u0101d\u0113t\u0101js<\/div><div class=\"video-section\"><div class=\"video-section-img-pc\"><img decoding=\"async\" src=\"\/vevor\/product\/OGBXCDQDXZSDDCSO4\/ev-charger-a100-1.4.jpg\" \/><\/div><div class=\"video-section-img-m\"><img decoding=\"async\" src=\"\/vevor\/product\/OGBXCDQDXZSDDCSO4\/ev-charger-a100-1.4-m.jpg\" \/><\/div><div class=\"section-desc\">VEVOR 16A p\u0101rn\u0113s\u0101jamais EV l\u0101d\u0113t\u0101js ir sader\u012bgs ar liel\u0101ko da\u013cu elektrotransportl\u012bdzek\u013cu, kas atbilst IEC 62196 standartam. Ar VEVOR p\u0101rn\u0113s\u0101jamo EV l\u0101d\u0113t\u0101ju un 4 l\u012bme\u0146u str\u0101vas regul\u0113\u0161anu j\u016bs varat pavad\u012bt vair\u0101k laika, dodoties izklaid\u0113ties, un maz\u0101k laika gaid\u012bt, dodoties piedz\u012bvojumos un kemping\u0101.<\/div><\/div><div class=\"section\"><div class=\"section-title\"><\/div><div class=\"section-img\"><img decoding=\"async\" src=\"\/vevor\/product\/OGBXCDQDXZSDDCSO4\/ev-charger-a100-2.2.jpg\" \/><\/div><div class=\"section-mobile-img\"><img decoding=\"async\" src=\"\/vevor\/product\/OGBXCDQDXZSDDCSO4\/ev-charger-a100-2.2-m.jpg\" \/><\/div><div class=\"section-desc\">Kabe\u013ca iek\u0161puse ir izgatavota no augstas kvalit\u0101tes vara stieples, kas nodro\u0161ina zemu pretest\u012bbu un lielisku vad\u012btsp\u0113ju, vienlaikus radot minim\u0101lu siltumu. Sabiezin\u0101tais TPU liesmu sl\u0101p\u0113jo\u0161s \u0101r\u0113jais aizsargapvalks nodro\u0161ina uzlabotu dro\u0161\u012bbu un stabilit\u0101ti uzl\u0101des laik\u0101.<\/div><\/div><div class=\"section\"><div class=\"section-title\"><\/div><div class=\"section-img\"><img decoding=\"async\" src=\"\/vevor\/product\/OGBXCDQDXZSDDCSO4\/ev-charger-a100-2.3.jpg\" \/><\/div><div class=\"section-mobile-img\"><img decoding=\"async\" src=\"\/vevor\/product\/OGBXCDQDXZSDDCSO4\/ev-charger-a100-2.3-m.jpg\" \/><\/div><div class=\"section-desc\">Ar IP66 \u016bdensnecaurlaid\u012bgu un putek\u013cu necaurlaid\u012bgu \u0161o uzl\u0101des kabeli var izmantot no -30 \u00b0C l\u012bdz 45 \u00b0C. Neatkar\u012bgi no t\u0101, vai tas ir p\u0113rkona negaiss, augsta temperat\u016bra vai sniegputenis, j\u016bs varat dro\u0161i uzl\u0101d\u0113t savu transportl\u012bdzekli bez jebk\u0101d\u0101m ba\u017e\u0101m.<\/div><\/div><div class=\"section\"><div class=\"section-title\"><\/div><div class=\"section-img\"><img decoding=\"async\" src=\"\/vevor\/product\/OGBXCDQDXZSDDCSO4\/ev-charger-a100-2.4.jpg\" \/><\/div><div class=\"section-mobile-img\"><img decoding=\"async\" src=\"\/vevor\/product\/OGBXCDQDXZSDDCSO4\/ev-charger-a100-2.4-m.jpg\" \/><\/div><div class=\"section-desc\">Portat\u012bvais l\u0101d\u0113t\u0101js nodro\u0161ina zibens\/nopl\u016bdes\/zem\u0113juma\/p\u0101rsprieguma\/zemsprieguma\/p\u0101rl\u0101des\/p\u0101rstr\u0101vas\/p\u0101rkar\u0161anas aizsardz\u012bbu, lai nodro\u0161in\u0101tu J\u016bsu transportl\u012bdzek\u013ca akumulatora dro\u0161\u012bbu Iev\u0113rot TUV dro\u0161\u012bbas sertifik\u0101cijas standartus.<\/div><\/div><div class=\"section\"><div class=\"section-title\"><\/div><div class=\"section-img\"><img decoding=\"async\" src=\"\/vevor\/product\/OGBXCDQDXZSDDCSO4\/ev-charger-a100-2.5.jpg\" \/><\/div><div class=\"section-mobile-img\"><img decoding=\"async\" src=\"\/vevor\/product\/OGBXCDQDXZSDDCSO4\/ev-charger-a100-2.5-m.jpg\" \/><\/div><div class=\"section-desc\">M\u0113s nodro\u0161in\u0101m uzglab\u0101\u0161anas maisu, pamatni un uzl\u0101des kabe\u013ca \u0101\u0137i.J\u016bs varat to uzst\u0101d\u012bt tie\u0161i sav\u0101 gar\u0101\u017e\u0101 k\u0101 fiks\u0113tu uzl\u0101des staciju.J\u016bs varat \u0146emt \u0161o EV l\u0101d\u0113t\u0101ju jebkur, ce\u013cojot ar uzglab\u0101\u0161anas maisu.Kam\u0113r ir kontaktligzda, varat \u0113rti uzl\u0101d\u0113t savu transportl\u012bdzekli.<\/div><\/div><div class=\"section\"><div class=\"section-img\"><img decoding=\"async\" src=\"\/vevor\/product\/OGBXCDQDXZSDDCSO4\/ev-charger-a100-1.11.jpg\" \/><\/div><div class=\"section-mobile-img\"><img decoding=\"async\" src=\"\/vevor\/product\/OGBXCDQDXZSDDCSO4\/ev-charger-a100-1.11-m.jpg\" \/><\/div><\/div><\/div><\/body><\/html><\/div>\n<div class=\"DM_at-title\" id=\"js-DM_at-title\"> <div>Produkta specifik\u0101cija<\/div> <i class=\"icon-arrowup_line\"><\/i> <\/div><div class=\"DM_at-goodsDescAttr\" id=\"js-DM_at-goodsDescAttr\"> <div class=\"DM_at-goodsDescAttrInner\"> <dl class=\"goodsDesc_item goodsDesc_item_even\"> <dt>Preces Mode\u013ca Numurs<\/dt> <dd> EV-B06-EU003A<\/dd> <\/dl> <dl class=\"goodsDesc_item\"> <dt>Ieejas Spriegums<\/dt> <dd> Mai\u0146str\u0101va 230 V; 50 Hz<\/dd> <\/dl> <dl class=\"goodsDesc_item goodsDesc_item_even\"> <dt>Kabe\u013ca garums<\/dt> <dd> 28 p\u0113das \/ 8,6 m<\/dd> <\/dl> <dl class=\"goodsDesc_item\"> <dt>Savienot\u0101js<\/dt> <dd> 2.\u00a0tips (IEC62196)<\/dd> <\/dl> <dl class=\"goodsDesc_item goodsDesc_item_even\"> <dt>\u016adensiztur\u012bbas v\u0113rt\u0113jums<\/dt> <dd> IP66<\/dd> <\/dl> <dl class=\"goodsDesc_item\"> <dt>Maksim\u0101l\u0101 jauda<\/dt> <dd> 3,68 kW<\/dd> <\/dl> <dl class=\"goodsDesc_item goodsDesc_item_even\"> <dt>Posms<\/dt> <dd> Viena F\u0101ze<\/dd> <\/dl> <dl class=\"goodsDesc_item\"> <dt>Maksim\u0101l\u0101 str\u0101va<\/dt> <dd> 16A<\/dd> <\/dl> <dl class=\"goodsDesc_item goodsDesc_item_even\"> <dt>Neto Svars<\/dt> <dd> 5,8 m\u0101rci\u0146as \/ 2,62 kg<\/dd> <\/dl> <dl class=\"goodsDesc_item\"> <dt>Spraud\u0146a tips<\/dt> <dd> CEE 7\/7<\/dd> <\/dl> <\/div> <\/div>","protected":false},"excerpt":{"rendered":"<ul>\n<li> P\u0101rn\u0113s\u0101jams EV l\u0101d\u0113t\u0101js: \u0160is p\u0101rn\u0113s\u0101jamais EV l\u0101d\u0113t\u0101js pied\u0101v\u0101 augstu sader\u012bbu ar CEE 7\/7 spraudni, padarot to piem\u0113rotu liel\u0101k\u0101s da\u013cas elektrisko transportl\u012bdzek\u013cu un spraudkontakta hibr\u012bdtransportl\u012bdzek\u013cu uzl\u0101d\u0113\u0161anai, kas atbilst IEC 62196 standartam. UZMAN\u012aBU!!! Dro\u0161\u012bbas labad pirms uzl\u0101des viegli pieskarieties pogai. Poga nav pieejama uzl\u0101des laik\u0101. <\/li>\n<li> Visaptvero\u0161a aizsardz\u012bba: atbilst TUV dro\u0161\u012bbas sertifik\u0101cijas standartiem. Uzl\u0101des laik\u0101 elektromobi\u013ca l\u0101d\u0113t\u0101ja kontrolieris autom\u0101tiski piel\u0101go str\u0101vu atbilsto\u0161i uzl\u0101des statusam, lai izvair\u012btos no p\u0101rl\u0101d\u0113\u0161anas. Tas nodro\u0161ina ar\u012b aizsardz\u012bbu pret zibensizl\u0101di\/nopl\u016bdi\/zem\u0113jumu\/p\u0101rspriegumu\/nepietiekamu spriegumu\/p\u0101rl\u0101d\u0113\u0161anu\/p\u0101rslodzi\/p\u0101rkar\u0161anu. <\/li>\n<li> Vied\u0101 lietotnes vad\u012bba: Izbaudiet lielisku uzl\u0101des pieredzi, izmantojot vied\u0101s lietotnes vad\u012bbas \u0113rt\u012bbas. Izmantojot viedo lietotni, varat ne tikai att\u0101lin\u0101ti kontrol\u0113t un uzraudz\u012bt uzl\u0101des statusu, bet ar\u012b iepl\u0101not uzl\u0101des laiku no 1 l\u012bdz 12 stund\u0101m, \u013caujot izmantot uzl\u0101di \u0101rpus p\u012b\u0137a stund\u0101m un samazin\u0101t transportl\u012bdzek\u013ca lieto\u0161anas izmaksas. <\/li>\n<li> \u012apa\u0161i gar\u0161 uzl\u0101des kabelis: Izbaudiet elast\u012bbu, ko nodro\u0161ina 8,3 metrus garais uzl\u0101des kabelis, kas apr\u012bkots ar \u0161o p\u0101rn\u0113s\u0101jamo elektroautomobi\u013ca l\u0101d\u0113t\u0101ju. J\u016bs varat \u0113rti uzl\u0101d\u0113t savu elektroautomobi\u013ca l\u0101d\u0113t\u0101ju m\u0101j\u0101s vai publisk\u0101s uzl\u0101des stacij\u0101s bez probl\u0113m\u0101m. Iek\u0161\u0113jie vara vadi nodro\u0161ina lielisku vad\u012btsp\u0113ju, un \u0101r\u0113jais TPU liesmu sl\u0101p\u0113jo\u0161s aizsargapvalks ir sabiezin\u0101ts, lai nodro\u0161in\u0101tu papildu iztur\u012bbu. Uzl\u0101des kabelis ir IP66 \u016bdensiztur\u012bgs un putek\u013cu necaurlaid\u012bgs, izturot temperat\u016bru no -30 \u00b0C l\u012bdz 45 \u00b0C. <\/li>\n<li> Div\u0113j\u0101da funkcionalit\u0101te: M\u016bsu komplekt\u0101 ietilpst cieta uzglab\u0101\u0161anas soma, pamatne, l\u0101d\u0113t\u0101ja tur\u0113t\u0101js un adapteris, kas nodro\u0161ina daudzpus\u012bgu funkcionalit\u0101ti. Izmantojot pamatni un l\u0101d\u0113t\u0101ja tur\u0113t\u0101ju, j\u016bs varat viegli uzst\u0101d\u012bt \u0161o l\u0101d\u0113t\u0101ju k\u0101 fiks\u0113tu uzl\u0101des staciju sav\u0101 gar\u0101\u017e\u0101. Vienk\u0101r\u0161i ievietojiet uzl\u0101des kabeli komplekt\u0101 iek\u013cautaj\u0101 uzglab\u0101\u0161anas som\u0101 uzl\u0101dei, atrodoties ce\u013c\u0101, un pa\u0146emiet to l\u012bdzi. J\u016bs varat uzl\u0101d\u0113t savu elektromobili jebkur, kur ir pieejama str\u0101vas kontaktligzda. <\/li>\n<\/ul>","protected":false},"featured_media":266527,"comment_status":"closed","ping_status":"open","template":"","meta":{"om_disable_all_campaigns":false,"_uf_show_specific_survey":0,"_uf_disable_surveys":false},"location":[1935,1934],"product_brand":[21],"product_cat":[34,2641,2640,931],"product_tag":[],"class_list":{"0":"post-15334","1":"product","2":"type-product","3":"status-publish","4":"has-post-thumbnail","6":"location-supplier_stock_location","7":"location-local_stock_location","8":"product_brand-vevor","9":"product_cat-electrical","10":"product_cat-ev-changing-station","11":"product_cat-ev-chargers","12":"product_cat-renewable-energy","14":"first","15":"instock","16":"featured","17":"taxable","18":"shipping-taxable","19":"purchasable","20":"product-type-simple"},"aioseo_notices":[],"locations":[{"id":1935,"name":"Pieg\u0101d\u0101ja noliktav\u0101 (5-7dd.d)","slug":"supplier_stock_location","quantity":"84"},{"id":1934,"name":"R\u012bgas veikal\u0101 (0-2d.d.)","slug":"local_stock_location","quantity":"0"}],"_links":{"self":[{"href":"https:\/\/vevorshop.lv\/lv\/wp-json\/wp\/v2\/product\/15334","targetHints":{"allow":["GET"]}}],"collection":[{"href":"https:\/\/vevorshop.lv\/lv\/wp-json\/wp\/v2\/product"}],"about":[{"href":"https:\/\/vevorshop.lv\/lv\/wp-json\/wp\/v2\/types\/product"}],"replies":[{"embeddable":true,"href":"https:\/\/vevorshop.lv\/lv\/wp-json\/wp\/v2\/comments?post=15334"}],"wp:featuredmedia":[{"embeddable":true,"href":"https:\/\/vevorshop.lv\/lv\/wp-json\/wp\/v2\/media\/266527"}],"wp:attachment":[{"href":"https:\/\/vevorshop.lv\/lv\/wp-json\/wp\/v2\/media?parent=15334"}],"wp:term":[{"taxonomy":"location","embeddable":true,"href":"https:\/\/vevorshop.lv\/lv\/wp-json\/wp\/v2\/location?post=15334"},{"taxonomy":"product_brand","embeddable":true,"href":"https:\/\/vevorshop.lv\/lv\/wp-json\/wp\/v2\/product_brand?post=15334"},{"taxonomy":"product_cat","embeddable":true,"href":"https:\/\/vevorshop.lv\/lv\/wp-json\/wp\/v2\/product_cat?post=15334"},{"taxonomy":"product_tag","embeddable":true,"href":"https:\/\/vevorshop.lv\/lv\/wp-json\/wp\/v2\/product_tag?post=15334"}],"curies":[{"name":"wp","href":"https:\/\/api.w.org\/{rel}","templated":true}]}}