{"id":15465,"date":"2024-11-18T02:24:15","date_gmt":"2024-11-18T02:24:15","guid":{"rendered":"http:\/\/vevorshop.edigo.lv\/Prece\/vevor-pocket-hole-jig-56-pcs-mini-jig-pocket-hole-system-with-9-c-clamp-step-drill-wrench-drill-stop-ring-square-drive-bit-and-screws-for-diy-carpentry-projects\/"},"modified":"2026-04-05T16:45:22","modified_gmt":"2026-04-05T13:45:22","slug":"vevor-pocket-hole-jig-56-pcs-mini-jig-pocket-hole-system-with-9-c-clamp-step-drill-wrench-drill-stop-ring-square-drive-bit-and-screws-for-diy-carpentry-projects","status":"publish","type":"product","link":"https:\/\/vevorshop.lv\/lv\/Prece\/vevor-pocket-hole-dziga-56-gab-mini-dziga-kabatas-caurumu-sistema-ar-9-c-clamp-solu-urbi-uzgrieznu-atslegu-urbsanas-apturesanas-gredzenu-kvadratveida-diska-uzgali-un-skruves-diy-galdniecibas-projekti\/","title":{"rendered":"VEVOR 56 da\u013c\u012bga kabatas caurumu urbjma\u0161\u012bnas komplekts ar 22,9 cm C-veida skavu, soli urbi un skr\u016bv\u0113m kokapstr\u0101dei"},"content":{"rendered":"<div style=\"color: #fff!important; font-size: 16px; height: 24px; line-height: 24px; margin-top: -24px; \" class=\"product_original_name\">VEVOR kabatas cauruma d\u017eigs, 56 gab. Mini d\u017eiga kabatas caurumu sist\u0113ma ar 22,9 cm C veida skavu, pak\u0101pienu urbi, uzgrie\u017e\u0146u atsl\u0113gu, urb\u0161anas pieturas gredzenu, kvadr\u0101tveida piedzi\u0146as uzgali un skr\u016bv\u0113m DIY galdniec\u012bbas projektiem<\/div>\n<div style=\"color: #fff!important; font-size: 16px; height: 24px; line-height: 24px; margin-top: -24px; \" class=\"product_sku\">M4I4KGHK<\/div>\n<div style=\"color: #fff!important; font-size: 16px; height: 24px; line-height: 24px; margin-top: -24px; \" class=\"product_mpn\">SXKKJPJJQMINIQHP4V0<\/div><div id=\"js-DM_at-goodDescRich\"><html><head><style>  body {    font-family: Arial;    line-height: 1.5;    color: #1c1c1c;    overflow-x: hidden;    margin: 0;    padding: 0;  }  .MsoNormal b {    font-weight: bolder;  }<\/style><style>  .container.small {    width: 970px;    margin: 0 auto;  }  .logo {    margin: 0 auto 0;  }  .logo img {    display: block;    margin: 0 auto;    max-width: 100%;  }  .logo .pc-banner {    display: block;    width: 1200px;    height: 247.4px;    margin: 0 auto;  }  .logo .pc-banner.small {    width: 970px;  }  .logo .pc-banner.small img {    height: auto!important;  }  .logo .m-banner {    display: none;  }  .ytvideo {    position: relative;    height: 546px;    width: 100%;    margin: 0 auto;  }  .ytvideo img {    width: 100%;    margin: 0 auto;  }  .ytvideo .play-btn {    width: 60px;    height: 42px;    position: absolute;    top: 50%;    left: 50%;    transform: translate(-50%, -50%);    background: url(\"data:image\/png;base64,iVBORw0KGgoAAAANSUhEUgAAAGQAAABGCAMAAAANWMFbAAAC+lBMVEUAAADBGB3kLCfBGB3kLCfcJC7BFx3KKSbiKybkLCbWJCPSIiLSIiLPICHAFx3kLCfgKSXNHiDZJiTIGx\/p4eHcjo7LHSDbJyTkLCbjKyfOHyHPIiL28fHJHB\/GGh7EGR7eKCXDGB3RISHlLSbBGB3AFxzGHB7DGB7BGB3hKybkKybAFx3lLCfAFxzDGR3hKibDGB7cJyTmz8\/elJTlwcHjurrUIyLlLSflLSfAFx3DGR7lLSfCFx3hKibhKibhKybjKybkLCblLSfbJSX49vbx7e3NNzjNMTLMJyjVIyLZf3\/ZQ0LaeHjx0tLgoqLkLCfCGB3HGx\/BGB3BFx3PICHCGB7WJCLOHyC\/Fxy\/Fx3lLCfQISHkLSe\/FxzbJiTBFx3FGx\/AGB7BFx3EGR7AGB3HHSDfKiXAFh3TISHYNzbhKibbJyTTIiL57e325+f039\/v2NjUV1fOHiHiqanfmprch4feKSXVIyPOICHmLibFGh\/mLSe\/Fx7XJCPeKSXXJSPNHyHaJyTGGh7lLCbmLCflLSjSIiLkLCbdKSXLHiC\/GB3KHh++Fh3lKyfoLiXcKCPkx8fYb2\/XaGfVXl3aU1LLHiDksbHgKibPICHbJyTfKSXbJyTCGB3KHSDiKybFGh7TIiL\/\/\/\/VIyPRISHIHB\/GGx\/HHB\/DGR7gKibdKCXLHiDZJiTMHiDNHyHYJSTOICHPICHWJCPcKCXXJSPjLCblLCf+\/f3NGR\/uLijzLynPGR\/IGB7WISHaIyLLGh7UAADxLynNAADRLzDbICLQAADIAAD3MCrUHSHXMTDpKSbLAADp5OTij4\/ejo\/VLy\/1LyngJSTcJCPQHx\/OHB7+\/PzaMS\/OLS\/vLijrLSjSAADaNTPwLyjkKSbNJCbYISHPHB\/KGB7WAAD7+vrn3d3aKynTKCjoLCfsKifRGh\/YAADq5+fhjo7QNDXXKCfmJyXt5+fTLzDLLi\/QKivYHRvMGBrQJCXLISPMExXLDxLaEAvkkI\/bOTfaFQ\/SCgpvLcnHAAAAmnRSTlMA+vv7+gT9Bvf9+8z8\/NSv\/Pr5+P7++vnQIBMP\/v38\/Pn348XDiCYf9OjbzcqxXVcx\/fz8+\/rj1r2poo1+fXFqX0orGP7+\/v7+\/fz8+\/r68uzn4trIxsG\/vri3p6GcmZSNbWVYUUZEPQv+\/f39+\/v7+\/v7+vr64tvV1NTTz87FtbSurqeblJKFg4B3bUY+NjL7+\/v7+\/v67t1cDo8JLQAABkRJREFUWMO0kz9rwkAYh0OIeJkum6YugUAhISCdKoj\/P4C7SMdS+gEKIhSKil10LSg4mzXkILdlEpxCpwTiWOLX6BujvQaEQuGeHLnL+\/64J+SIcKGYTYWnntpdLjrVdqvZmNdn0+EE40GtpuuWVS6Xx6N7YDSGpWXpeq02wHgynM7q80az1a52HpddtVcpsi1zFARBrdaxbhp9iUReTGmwA4KAAr7vx3EYejnCMI6hQYEgy0LQi4jUN0wL19vqFcUC9\/1dAKmEEFkWRYkh5oBejnxQJiSJPJ\/uKBp0Thszx9Mw8hMRIQjKsptCfuES9zr5WJY6vSFCIvE9fCMUmEM1A1kSXcYGxgVYsvI1IPKTZciSTI0us\/SMGG04gDzELDoFBwdcFJrF88dqgYMTiL6DILWYyfOWE8\/kIz38olCNlC03FK95+imxp6y4oUSvAnBjHHhKNtotSDqJzVFiK8c2SBqhZtsrTtgrLXwAyduxZHNE26eHUt5rtuM4WSmds3G+sUdWYo1L+XyxButoh5eKUHk5lByO3G1LqqCWVnfrv\/lyPtf\/4ps1cndNGIri8J1TJ0lx6dR\/oPjq1nbRwdp2dCk4CtIOLW3pVKRL6WZfS5vF2KkIQhpwSsjiYIgNCs1gEMGqiIq24NQX9NwoXFy8Ufrl3twTcg4fv8T9\/JBEySduj6Mjm4bMzYV7EEOxKjjoNDud7yY3Dy71Hq2oLmqfbNR723edH9PgMrNL2utoQ3VmaIDkiw\/4w51P06hlZsTZvkRrbVuSIs\/zwSOsycgzStQouoAkWQqioRT5XI7n2Z1wfVhoZmcAJLsoqjqpjbWCgpOAJXBwHK8PzWbNvoUZJND5wCnSkLAkZ1legx6vqQzjoiTahKlGUGLAiIIoABOHaNVw4sexZBym6\/HWlH5h3IC7yRbxtipcWxdTOkORKiNQAEkFf66x5S2oeRbroOlLgg0sSYkR0hRGEqJZ0jTPiQKatESdBckpWigxaapEH0lImHdWu9pUFF2XqMNM2Z4kped7IwEJw2qabwtrQqnpw6HyKkgcadKWsmpywwesDyIhYRpdzXddqegtGIJlXbAIUMOLkGxJUjRIkokwjUaX9d\/kK62ps\/tYUqZLIMkLTyBhsMZ3C5Z\/kDxOSCb\/DOs\/\/J0qcWSX\/2ipe56EgTCA4\/cB7NAYOsni4mZM1MUPAISoEwkDi4lhVBQ1cWQyIcwalw4EpqZN68JUSK7XC0kTlkLYii5uXSC8jT5ncCAS7mjCv0uHp\/3lueHEEAeQ\/\/VgmdN71\/2uCSA1Xr6DO6uI6sW56zqT2tp2PhgiRUAajV8CY2fkcz6WGNKMgLAt7tJAhD4YHMTeRxlALE6+43WqjSWi8ITxyJl8WrwWSNESQZZOqhDDntO3hJLsd5RtSpbJqdv3YrDJH3F7jL1R2O2aQkn2MyCyKYz0GPGIvSAMgBCrCEiJyKbBaYGwLW4uPRr0A0M4Ux5kUI7IBh+hMdiCEWNqhMZGyYMsOgNE58UQuEQeUnSWCMYwL54hkxK6IoqucQZbQ3pc3XtL0lky1dL0zZJJDpWJovFqpWj6JEHnyam2eQp5QRVAVHjWparTOaVwUOx99YS2MvgxIGV0bb+qIg2HX2qkFFJB+XZcbLiuRkuxD9GRroKyveLxdh4d7Orx+hb7qc3uVRuEogCOnyIxm4ubUoPgF4jianDrC+SDQDKEfJb0GUKmjCGPYHGJvVC6X4hw1\/sAfQAdfYyephIaspXe36RwOP+Ljvfx9B6B3i+Nk0DGq+oCbLn6JpBa9nWAveAIHwFAwtVcIJXPMPL8kRu5OAYPMaL1WScTxjiZDqB9LTJSWphow\/pTYKRTLjCBhvi9iBidvKcDasGSm0QQkycYuLBqj6QCELPctqChDWpTRMWkngNNpQ1Pfp1KkiT\/Y0DGffXAweUNfLAfaJFKDwhb6I+bkYRbkERoEeu3Fyjg2opMz2daZCS9jt6Q7txNfB+OZEVF6Zl5web2xunnLQrtrjXseXKaFYziYINeMFZVxS9VxRhOoesYwxPKXm+gWLG9cuFeq93UNNeJNsf1KlwuDok9n02n3TgIJpOxNfL9naIoQwXtfH9kjceTIIi709ncTg6LZbg+biLH1V6u\/7rxBem06VXKn9raAAAAAElFTkSuQmCC\")      no-repeat center center \/ contain;  }  @media screen and (max-width: 960px) and (orientation: portrait) {    .logo {      width: 100%;    }    .logo .pc-banner {      display: none;    }    .logo .m-banner {      display: block;      width: 100%;    }    .logo .m-banner img {      height: auto!important;    }    .ytvideo {      height: 200px;      width: 100%;    }  }<\/style><style>  .video-section {    width: 100%;    margin: 0 auto;  }  .video-section > img {    width: 100%;  }  .video-section iframe,  .video-section video {    width: 100%;    height: 100%;      }  .video-section-img-m,  .video-section-img-pc > img {    width: 100%;    height: auto;  }  .video-section-img-pc.small > img {    width: 970px;  }  .video-desc {    line-height: 1.5;    font-size: 20px;    font-weight: 400;    margin: 20px 0;    text-align: center;    color: #0f1111;    word-break: break-word;  }  @media screen and (max-width: 960px) and (orientation: portrait) {    .video-section {      width: 100%;    }    .video-section-pc,    .video-section-img-pc {      display: none;    }    .video-section-m,    .video-section-img-m {      display: block;    }    .video-desc {      font-size: 15px;    }  }  @media screen and (min-width: 960px) {    .video-section {      width: 100%;      margin: 0 auto;    }    .video-section-pc,    .video-section-img-pc {      display: block;    }    .video-section-m,    .video-section-img-m {      display: none;    }    .video-desc {      font-size: 20px;    }  }<\/style><style>  .section + .section {    margin-top: 35px;  }  .section-title {    text-align: center;    font-weight: bold;    color: #0d1111;    font-family: \"Arial\";    font-size: 32px;    margin: 15px 0;  }  .section-title:empty {    display: none;  }  .section-desc {    text-align: center;    font-weight: normal;    color: #0d1111;    margin-top: 20px;  }  .section-desc:empty {    display: none;  }  .section-img {    width: 1200px;    height: 492px;    margin: 0 auto;    display: block;  }  .section-img.small {    width: 970px;    height: auto;  }  .section-img.small > img {    height: auto;  }  .section-img > img {    width: 100%;    height: 100%;  }  .section-mobile-img {    display: none;    max-width: 100vw;    max-height: 75vw;    height: 450px;    margin: 0 auto;  }  .section-mobile-img > img {    width: 100%;    height: 100%;  }  @media screen and (max-width: 960px) and (orientation: portrait) {    .container {      width: 100%;    }    .container.small {      width: 100%;    }    .section-mobile-img {      display: block;    }    .section-img {      display: none;    }    .section-title {      font-size: 22px;      margin: 10px 0;    }    .section-desc {      margin-top: 10px;    }    .section + .section {      margin-top: 20px;    }  }<\/style><\/head><body><div class=\"container\"><div class=\"logo\"><div class=\"pc-banner\"><div><img decoding=\"async\" src=\"\/vevor\/vevor\/boutique-banner\/pc\/en-pc@1x.jpg\" style=\"width: 100%;\" \/><\/div><\/div><div class=\"m-banner\"><div><img decoding=\"async\" src=\"\/vevor\/vevor\/boutique-banner\/mobile\/en-m@1x.jpg\" style=\"width: 100%;\" \/><\/div><\/div><\/div><div class=\"section-title\">Urb\u0161ana k\u0101 profesion\u0101lis ar VEVOR kabatas caurumu komplektu<\/div><div class=\"video-section\"><div class=\"video-section-img-pc\"><img decoding=\"async\" src=\"\/vevor\/product\/SXKKJPJJQMINIQHP4\/pocket-hole-jig-a100-1.4.jpg\" \/><\/div><div class=\"video-section-img-m\"><img decoding=\"async\" src=\"\/vevor\/product\/SXKKJPJJQMINIQHP4\/pocket-hole-jig-a100-1.4-m.jpg\" \/><\/div><div class=\"section-desc\">Gatavs darbam? M\u016bsu kabatas urbumu \u0161ablona komplekt\u0101 ir oglek\u013ca t\u0113rauda C veida skava un 2 magn\u0113ti, kas nodro\u0161ina stabilit\u0101ti un nov\u0113r\u0161 vibr\u0101ciju urb\u0161anas laik\u0101. Tas ir regul\u0113jams un p\u0101rn\u0113s\u0101jams, \u013caujot jums sasniegt m\u0113r\u0137i! S\u0101ciet savu galdniec\u012bbas darbu un atbr\u012bvojiet savu rado\u0161umu k\u0101 v\u0113l nekad.<\/div><\/div><div class=\"section\"><div class=\"section-title\"><\/div><div class=\"section-img\"><img decoding=\"async\" src=\"\/vevor\/product\/SXKKJPJJQMINIQHP4\/pocket-hole-jig-a100-2.2.jpg\" \/><\/div><div class=\"section-mobile-img\"><img decoding=\"async\" src=\"\/vevor\/product\/SXKKJPJJQMINIQHP4\/pocket-hole-jig-a100-2.2-m.jpg\" \/><\/div><div class=\"section-desc\">Vienk\u0101r\u0161ojiet urb\u0161anas procesu ar m\u016bsu kabatas caurumu \u0161ablona sist\u0113mu. B\u012bd\u0101mo mar\u0137ieri var pab\u012bd\u012bt uz priek\u0161u un atpaka\u013c, lai bez piep\u016bles regul\u0113tu urb\u0161anas dzi\u013cumu, padarot j\u016bsu darbu vienm\u0113r\u012bg\u0101ku un efekt\u012bv\u0101ku.<\/div><\/div><div class=\"section\"><div class=\"section-title\"><\/div><div class=\"section-img\"><img decoding=\"async\" src=\"\/vevor\/product\/SXKKJPJJQMINIQHP4\/pocket-hole-jig-a100-2.3.jpg\" \/><\/div><div class=\"section-mobile-img\"><img decoding=\"async\" src=\"\/vevor\/product\/SXKKJPJJQMINIQHP4\/pocket-hole-jig-a100-2.3-m.jpg\" \/><\/div><div class=\"section-desc\">M\u016bsu kabatas caurumu \u0161ablons ir apr\u012bkots ar specializ\u0113tu urbi, lai nodro\u0161in\u0101tu vienm\u0113r\u012bgu un gludu urb\u0161anu. Tas nov\u0113r\u0161 koka pl\u012bsumu vai novirzi, nodro\u0161inot gludu apa\u013cu caurumu bez redzamiem skr\u016bvju caurumiem.<\/div><\/div><div class=\"section\"><div class=\"section-title\"><\/div><div class=\"section-img\"><img decoding=\"async\" src=\"\/vevor\/product\/SXKKJPJJQMINIQHP4\/pocket-hole-jig-a100-2.4.jpg\" \/><\/div><div class=\"section-mobile-img\"><img decoding=\"async\" src=\"\/vevor\/product\/SXKKJPJJQMINIQHP4\/pocket-hole-jig-a100-2.4-m.jpg\" \/><\/div><div class=\"section-desc\">M\u016bsu kabatas \u0161ablonam ir 2 skaidu izvades, kas urb\u0161anas laik\u0101 nodro\u0161ina \u0113rtu skaidu izvad\u012b\u0161anu, izmantojot vibr\u0101ciju, efekt\u012bvi nov\u0113r\u0161ot aizs\u0113r\u0113jumus. J\u016bsu darb\u012bbas paliek t\u012bras un vienm\u0113r\u012bgas, nodro\u0161inot nep\u0101rtrauktu produktivit\u0101ti.<\/div><\/div><div class=\"section\"><div class=\"section-title\"><\/div><div class=\"section-img\"><img decoding=\"async\" src=\"\/vevor\/product\/SXKKJPJJQMINIQHP4\/pocket-hole-jig-a100-2.5.jpg\" \/><\/div><div class=\"section-mobile-img\"><img decoding=\"async\" src=\"\/vevor\/product\/SXKKJPJJQMINIQHP4\/pocket-hole-jig-a100-2.5-m.jpg\" \/><\/div><div class=\"section-desc\">Da\u017e\u0101di pielietojumi \u0160is kabatas caurumu komplekts ir ide\u0101li piem\u0113rots da\u017e\u0101d\u0101m aktivit\u0101t\u0113m, s\u0101kot no amatniec\u012bbas darbiem, skapju un m\u0113be\u013cu izgatavo\u0161anas l\u012bdz cita veida koka urb\u0161anas iek\u0101rt\u0101m.<\/div><\/div><div class=\"section\"><div class=\"section-img\"><img decoding=\"async\" src=\"\/vevor\/product\/SXKKJPJJQMINIQHP4\/pocket-hole-jig-a100-1.11.jpg\" \/><\/div><div class=\"section-mobile-img\"><img decoding=\"async\" src=\"\/vevor\/product\/SXKKJPJJQMINIQHP4\/carpet-sweeper-a100-1.11-m.jpg\" \/><\/div><\/div><\/div><\/body><\/html><\/div>\n<div class=\"DM_at-title\" id=\"js-DM_at-title\"> <div>Produkta specifik\u0101cija<\/div> <i class=\"icon-arrowup_line\"><\/i> <\/div><div class=\"DM_at-goodsDescAttr\" id=\"js-DM_at-goodsDescAttr\"> <div class=\"DM_at-goodsDescAttrInner\"> <dl class=\"goodsDesc_item goodsDesc_item_even\"> <dt>Preces Mode\u013ca Numurs<\/dt> <dd> XRS026<\/dd> <\/dl> <dl class=\"goodsDesc_item\"> <dt>Neto Svars<\/dt> <dd> 1,6 m\u0101rci\u0146as \/ 0,75 kg<\/dd> <\/dl> <dl class=\"goodsDesc_item goodsDesc_item_even\"> <dt>Materi\u0101ls<\/dt> <dd> Neilona<\/dd> <\/dl> <dl class=\"goodsDesc_item\"> <dt>Iepakojuma Lielums<\/dt> <dd> 9,8&#034; x 5,5&#034; x 3,1&#034; \/ 25 x 14 x 8 cm<\/dd> <\/dl> <\/div> <\/div>","protected":false},"excerpt":{"rendered":"<ul>\n<li> Stabilit\u0101te un jauda ir kl\u0101t: M\u016bsu kabatas caurumu \u0161ablona komplekts ir izstr\u0101d\u0101ts ar pastiprin\u0101tu neilona korpusu un oglek\u013ca t\u0113rauda C veida skavu, kas nodro\u0161ina izcilu stabilit\u0101ti un stingr\u012bbu. Turkl\u0101t skavai ir 2 magn\u0113ti, kas palielina t\u0101s satv\u0113riena sp\u0113ku, dro\u0161i noturot koku viet\u0101 un nov\u0113r\u0161ot jebk\u0101du vibr\u0101ciju vai novirzi urb\u0161anas laik\u0101. <\/li>\n<li> Piel\u0101gojas jebkuram dzi\u013cumam: Kabatas caurumu \u0161ablona sist\u0113ma nodro\u0161ina regul\u0113jamu dzi\u013cuma diapazonu no \u00bd l\u012bdz 1\u00bd collas (12,7 mm l\u012bdz 38,1 mm). Metrisk\u0101s atz\u012bmes ir redzamas. Urb\u0161anas dzi\u013cumu var regul\u0113t, pab\u012bdot iez\u012bm\u0113to sl\u012bdni uz priek\u0161u un atpaka\u013c. Urb\u0161ana tagad ir pavisam vienk\u0101r\u0161a! <\/li>\n<li> Nekad netr\u0101p\u012bsiet gar\u0101m m\u0113r\u0137im: M\u016bsu kabatas caurumu \u0161ablons ir apr\u012bkots ar specializ\u0113tu divpak\u0101pju urbi, kas ir p\u0101rkl\u0101ts ar tit\u0101nu un apr\u012bkots ar fiks\u0101cijas gredzenu le\u0146\u0137a fiks\u0113\u0161anai. Tas nodro\u0161ina vienm\u0113r\u012bgu un gludu urb\u0161anu bez pl\u012bsumu vai novirzes riska. Turkl\u0101t skaidu izvades atvere nov\u0113r\u0161 skaidu iz\u0161\u013cakst\u012b\u0161anos un aizs\u0113r\u0113\u0161anu darb\u012bbas laik\u0101. <\/li>\n<li> Pla\u0161s pielietojums: Neatkar\u012bgi no t\u0101, vai j\u016bs pats veidojat koka rota\u013clietas vai b\u016bv\u0113jat kr\u0113slus, skap\u012b\u0161us un kravas konteinerus, m\u016bsu d\u017eiga kabatu caurumu sist\u0113ma ir j\u016bsu ide\u0101ls sabiedrotais. J\u016bs gaida v\u0113l rado\u0161\u0101ka izmanto\u0161ana! <\/li>\n<li> Visi j\u016bsu iecien\u012bt\u0101kie piederumi: M\u016bsu \u0161ablona kabatu caurumu sist\u0113ma ietver 1 x pak\u0101pienu urbi, 1 x uzgrie\u017e\u0146u atsl\u0113gu, 1 x urbja aiztura gredzenu, 1 x kvadr\u0101tveida uzgali, 1 x C veida skavu, 50 x skr\u016bves le\u0146\u0137iskam caurumam. Pa\u0101triniet urb\u0161anu un vienk\u0101r\u0161ojiet koka m\u0113be\u013cu uzst\u0101d\u012b\u0161anu ar m\u016bsu univers\u0101lo komplektu. <\/li>\n<\/ul>","protected":false},"featured_media":266731,"comment_status":"closed","ping_status":"open","template":"","meta":{"om_disable_all_campaigns":false,"_monsterinsights_skip_tracking":false,"_monsterinsights_sitenote_active":false,"_monsterinsights_sitenote_note":"","_monsterinsights_sitenote_category":0,"_uf_show_specific_survey":0,"_uf_disable_surveys":false},"location":[1935,1934],"product_brand":[21],"product_cat":[3327,2400,3328,3329,2374],"product_tag":[],"class_list":{"0":"post-15465","1":"product","2":"type-product","3":"status-publish","4":"has-post-thumbnail","6":"location-supplier_stock_location","7":"location-local_stock_location","8":"product_brand-vevor","9":"product_cat-cutting-tools-hand-tools-tools","10":"product_cat-hand-tools-tools","11":"product_cat-jigs","12":"product_cat-pocket-hole-jig-system","13":"product_cat-tools","15":"first","16":"instock","17":"taxable","18":"shipping-taxable","19":"purchasable","20":"product-type-simple"},"aioseo_notices":[],"jetpack_sharing_enabled":true,"locations":[{"id":1935,"name":"Pieg\u0101d\u0101t\u0101ja noliktav\u0101 (5-7d.d.)","slug":"supplier_stock_location","quantity":"100"},{"id":1934,"name":"R\u012bgas veikal\u0101 (0-2d.d.)","slug":"local_stock_location","quantity":"0"}],"_links":{"self":[{"href":"https:\/\/vevorshop.lv\/lv\/wp-json\/wp\/v2\/product\/15465","targetHints":{"allow":["GET"]}}],"collection":[{"href":"https:\/\/vevorshop.lv\/lv\/wp-json\/wp\/v2\/product"}],"about":[{"href":"https:\/\/vevorshop.lv\/lv\/wp-json\/wp\/v2\/types\/product"}],"replies":[{"embeddable":true,"href":"https:\/\/vevorshop.lv\/lv\/wp-json\/wp\/v2\/comments?post=15465"}],"wp:featuredmedia":[{"embeddable":true,"href":"https:\/\/vevorshop.lv\/lv\/wp-json\/wp\/v2\/media\/266731"}],"wp:attachment":[{"href":"https:\/\/vevorshop.lv\/lv\/wp-json\/wp\/v2\/media?parent=15465"}],"wp:term":[{"taxonomy":"location","embeddable":true,"href":"https:\/\/vevorshop.lv\/lv\/wp-json\/wp\/v2\/location?post=15465"},{"taxonomy":"product_brand","embeddable":true,"href":"https:\/\/vevorshop.lv\/lv\/wp-json\/wp\/v2\/product_brand?post=15465"},{"taxonomy":"product_cat","embeddable":true,"href":"https:\/\/vevorshop.lv\/lv\/wp-json\/wp\/v2\/product_cat?post=15465"},{"taxonomy":"product_tag","embeddable":true,"href":"https:\/\/vevorshop.lv\/lv\/wp-json\/wp\/v2\/product_tag?post=15465"}],"curies":[{"name":"wp","href":"https:\/\/api.w.org\/{rel}","templated":true}]}}