{"id":155023,"date":"2025-03-12T05:06:02","date_gmt":"2025-03-12T05:06:02","guid":{"rendered":"https:\/\/vevorshop.lv\/en_us\/Prece\/vevor-16-piece-insulated-socket-set-with-t-handle-wrench-vde-gs-certified-for-electricians-technicians\/"},"modified":"2026-04-19T18:55:14","modified_gmt":"2026-04-19T15:55:14","slug":"vevor-16-piece-insulated-socket-set-with-t-handle-wrench-vde-gs-certified-for-electricians-technicians","status":"publish","type":"product","link":"https:\/\/vevorshop.lv\/lv\/Prece\/vevor-16-detalu-izoletu-ligzdu-komplekts-ar-t-rokturi-atslegu-ar-vde-gs-sertifikatu-elektrikiem-tehnikiem\/","title":{"rendered":"VEVOR 16-da\u013c\u012bgs 1000V izol\u0113ts uzgrie\u017e\u0146u atsl\u0113gu komplekts ar rokturi un T-veida atsl\u0113gu elektri\u0137iem un m\u0101jas remontam"},"content":{"rendered":"<div style=\"color: #fff!important; font-size: 16px; height: 24px; line-height: 24px; margin-top: -24px; \" class=\"product_original_name\">VEVOR Insulated Socket Set, 16-Piece Insulated Wrench Tool Set, 1000V Insulated Socket Tool, with Insulated Sockets, Insulated T-Handle Wrench, Drive Rachet, Extensions, for Electricians Home Repair<\/div>\n<div style=\"color: #fff!important; font-size: 16px; height: 24px; line-height: 24px; margin-top: -24px; \" class=\"product_sku\">M85GIF09<\/div>\n<div style=\"color: #fff!important; font-size: 16px; height: 24px; line-height: 24px; margin-top: -24px; \" class=\"product_mpn\">JYGJTZJYTT16LLJW8V0<\/div><div id=\"js-DM_at-goodDescRich\"><html><head><style>  body {    font-family: Arial;    line-height: 1.5;    color: #1c1c1c;    overflow-x: hidden;    margin: 0;    padding: 0;  }  .MsoNormal b {    font-weight: bolder;  }<\/style><style>  .container.small {    width: 970px;    margin: 0 auto;  }  .logo {    margin: 0 auto 0;  }  .logo img {    display: block;    margin: 0 auto;    max-width: 100%;  }  .logo .pc-banner {    display: block;    width: 1200px;    height: 247.4px;    margin: 0 auto;  }  .logo .pc-banner.small {    width: 970px;  }  .logo .pc-banner.small img {    height: auto!important;  }  .logo .m-banner {    display: none;  }  .ytvideo {    position: relative;    height: 546px;    width: 100%;    margin: 0 auto;  }  .ytvideo img {    width: 100%;    margin: 0 auto;  }  .ytvideo .play-btn {    width: 60px;    height: 42px;    position: absolute;    top: 50%;    left: 50%;    transform: translate(-50%, -50%);    background: url(\"data:image\/png;base64,iVBORw0KGgoAAAANSUhEUgAAAGQAAABGCAMAAAANWMFbAAAC+lBMVEUAAADBGB3kLCfBGB3kLCfcJC7BFx3KKSbiKybkLCbWJCPSIiLSIiLPICHAFx3kLCfgKSXNHiDZJiTIGx\/p4eHcjo7LHSDbJyTkLCbjKyfOHyHPIiL28fHJHB\/GGh7EGR7eKCXDGB3RISHlLSbBGB3AFxzGHB7DGB7BGB3hKybkKybAFx3lLCfAFxzDGR3hKibDGB7cJyTmz8\/elJTlwcHjurrUIyLlLSflLSfAFx3DGR7lLSfCFx3hKibhKibhKybjKybkLCblLSfbJSX49vbx7e3NNzjNMTLMJyjVIyLZf3\/ZQ0LaeHjx0tLgoqLkLCfCGB3HGx\/BGB3BFx3PICHCGB7WJCLOHyC\/Fxy\/Fx3lLCfQISHkLSe\/FxzbJiTBFx3FGx\/AGB7BFx3EGR7AGB3HHSDfKiXAFh3TISHYNzbhKibbJyTTIiL57e325+f039\/v2NjUV1fOHiHiqanfmprch4feKSXVIyPOICHmLibFGh\/mLSe\/Fx7XJCPeKSXXJSPNHyHaJyTGGh7lLCbmLCflLSjSIiLkLCbdKSXLHiC\/GB3KHh++Fh3lKyfoLiXcKCPkx8fYb2\/XaGfVXl3aU1LLHiDksbHgKibPICHbJyTfKSXbJyTCGB3KHSDiKybFGh7TIiL\/\/\/\/VIyPRISHIHB\/GGx\/HHB\/DGR7gKibdKCXLHiDZJiTMHiDNHyHYJSTOICHPICHWJCPcKCXXJSPjLCblLCf+\/f3NGR\/uLijzLynPGR\/IGB7WISHaIyLLGh7UAADxLynNAADRLzDbICLQAADIAAD3MCrUHSHXMTDpKSbLAADp5OTij4\/ejo\/VLy\/1LyngJSTcJCPQHx\/OHB7+\/PzaMS\/OLS\/vLijrLSjSAADaNTPwLyjkKSbNJCbYISHPHB\/KGB7WAAD7+vrn3d3aKynTKCjoLCfsKifRGh\/YAADq5+fhjo7QNDXXKCfmJyXt5+fTLzDLLi\/QKivYHRvMGBrQJCXLISPMExXLDxLaEAvkkI\/bOTfaFQ\/SCgpvLcnHAAAAmnRSTlMA+vv7+gT9Bvf9+8z8\/NSv\/Pr5+P7++vnQIBMP\/v38\/Pn348XDiCYf9OjbzcqxXVcx\/fz8+\/rj1r2poo1+fXFqX0orGP7+\/v7+\/fz8+\/r68uzn4trIxsG\/vri3p6GcmZSNbWVYUUZEPQv+\/f39+\/v7+\/v7+vr64tvV1NTTz87FtbSurqeblJKFg4B3bUY+NjL7+\/v7+\/v67t1cDo8JLQAABkRJREFUWMO0kz9rwkAYh0OIeJkum6YugUAhISCdKoj\/P4C7SMdS+gEKIhSKil10LSg4mzXkILdlEpxCpwTiWOLX6BujvQaEQuGeHLnL+\/64J+SIcKGYTYWnntpdLjrVdqvZmNdn0+EE40GtpuuWVS6Xx6N7YDSGpWXpeq02wHgynM7q80az1a52HpddtVcpsi1zFARBrdaxbhp9iUReTGmwA4KAAr7vx3EYejnCMI6hQYEgy0LQi4jUN0wL19vqFcUC9\/1dAKmEEFkWRYkh5oBejnxQJiSJPJ\/uKBp0Thszx9Mw8hMRIQjKsptCfuES9zr5WJY6vSFCIvE9fCMUmEM1A1kSXcYGxgVYsvI1IPKTZciSTI0us\/SMGG04gDzELDoFBwdcFJrF88dqgYMTiL6DILWYyfOWE8\/kIz38olCNlC03FK95+imxp6y4oUSvAnBjHHhKNtotSDqJzVFiK8c2SBqhZtsrTtgrLXwAyduxZHNE26eHUt5rtuM4WSmds3G+sUdWYo1L+XyxButoh5eKUHk5lByO3G1LqqCWVnfrv\/lyPtf\/4ps1cndNGIri8J1TJ0lx6dR\/oPjq1nbRwdp2dCk4CtIOLW3pVKRL6WZfS5vF2KkIQhpwSsjiYIgNCs1gEMGqiIq24NQX9NwoXFy8Ufrl3twTcg4fv8T9\/JBEySduj6Mjm4bMzYV7EEOxKjjoNDud7yY3Dy71Hq2oLmqfbNR723edH9PgMrNL2utoQ3VmaIDkiw\/4w51P06hlZsTZvkRrbVuSIs\/zwSOsycgzStQouoAkWQqioRT5XI7n2Z1wfVhoZmcAJLsoqjqpjbWCgpOAJXBwHK8PzWbNvoUZJND5wCnSkLAkZ1legx6vqQzjoiTahKlGUGLAiIIoABOHaNVw4sexZBym6\/HWlH5h3IC7yRbxtipcWxdTOkORKiNQAEkFf66x5S2oeRbroOlLgg0sSYkR0hRGEqJZ0jTPiQKatESdBckpWigxaapEH0lImHdWu9pUFF2XqMNM2Z4kped7IwEJw2qabwtrQqnpw6HyKkgcadKWsmpywwesDyIhYRpdzXddqegtGIJlXbAIUMOLkGxJUjRIkokwjUaX9d\/kK62ps\/tYUqZLIMkLTyBhsMZ3C5Z\/kDxOSCb\/DOs\/\/J0qcWSX\/2ipe56EgTCA4\/cB7NAYOsni4mZM1MUPAISoEwkDi4lhVBQ1cWQyIcwalw4EpqZN68JUSK7XC0kTlkLYii5uXSC8jT5ncCAS7mjCv0uHp\/3lueHEEAeQ\/\/VgmdN71\/2uCSA1Xr6DO6uI6sW56zqT2tp2PhgiRUAajV8CY2fkcz6WGNKMgLAt7tJAhD4YHMTeRxlALE6+43WqjSWi8ITxyJl8WrwWSNESQZZOqhDDntO3hJLsd5RtSpbJqdv3YrDJH3F7jL1R2O2aQkn2MyCyKYz0GPGIvSAMgBCrCEiJyKbBaYGwLW4uPRr0A0M4Ux5kUI7IBh+hMdiCEWNqhMZGyYMsOgNE58UQuEQeUnSWCMYwL54hkxK6IoqucQZbQ3pc3XtL0lky1dL0zZJJDpWJovFqpWj6JEHnyam2eQp5QRVAVHjWparTOaVwUOx99YS2MvgxIGV0bb+qIg2HX2qkFFJB+XZcbLiuRkuxD9GRroKyveLxdh4d7Orx+hb7qc3uVRuEogCOnyIxm4ubUoPgF4jianDrC+SDQDKEfJb0GUKmjCGPYHGJvVC6X4hw1\/sAfQAdfYyephIaspXe36RwOP+Ljvfx9B6B3i+Nk0DGq+oCbLn6JpBa9nWAveAIHwFAwtVcIJXPMPL8kRu5OAYPMaL1WScTxjiZDqB9LTJSWphow\/pTYKRTLjCBhvi9iBidvKcDasGSm0QQkycYuLBqj6QCELPctqChDWpTRMWkngNNpQ1Pfp1KkiT\/Y0DGffXAweUNfLAfaJFKDwhb6I+bkYRbkERoEeu3Fyjg2opMz2daZCS9jt6Q7txNfB+OZEVF6Zl5web2xunnLQrtrjXseXKaFYziYINeMFZVxS9VxRhOoesYwxPKXm+gWLG9cuFeq93UNNeJNsf1KlwuDok9n02n3TgIJpOxNfL9naIoQwXtfH9kjceTIIi709ncTg6LZbg+biLH1V6u\/7rxBem06VXKn9raAAAAAElFTkSuQmCC\")      no-repeat center center \/ contain;  }  @media screen and (max-width: 960px) and (orientation: portrait) {    .logo {      width: 100%;    }    .logo .pc-banner {      display: none;    }    .logo .m-banner {      display: block;      width: 100%;    }    .logo .m-banner img {      height: auto!important;    }    .ytvideo {      height: 200px;      width: 100%;    }  }<\/style><style>  .video-section {    width: 100%;    margin: 0 auto;  }  .video-section > img {    width: 100%;  }  .video-section iframe,  .video-section video {    width: 100%;    height: 100%;      }  .video-section-img-m,  .video-section-img-pc > img {    width: 100%;    height: auto;  }  .video-section-img-pc.small > img {    width: 970px;  }  .video-desc {    line-height: 1.5;    font-size: 20px;    font-weight: 400;    margin: 20px 0;    text-align: center;    color: #0f1111;    word-break: break-word;  }  @media screen and (max-width: 960px) and (orientation: portrait) {    .video-section {      width: 100%;    }    .video-section-pc,    .video-section-img-pc {      display: none;    }    .video-section-m,    .video-section-img-m {      display: block;    }    .video-desc {      font-size: 15px;    }  }  @media screen and (min-width: 960px) {    .video-section {      width: 100%;      margin: 0 auto;    }    .video-section-pc,    .video-section-img-pc {      display: block;    }    .video-section-m,    .video-section-img-m {      display: none;    }    .video-desc {      font-size: 20px;    }  }<\/style><style>  .section + .section {    margin-top: 35px;  }  .section-title {    text-align: center;    font-weight: bold;    color: #0d1111;    font-family: \"Arial\";    font-size: 32px;    margin: 15px 0;  }  .section-title:empty {    display: none;  }  .section-desc {    text-align: center;    font-weight: normal;    color: #0d1111;    margin-top: 20px;  }  .section-desc:empty {    display: none;  }  .section-img {    width: 1200px;    height: 492px;    margin: 0 auto;    display: block;  }  .section-img.small {    width: 970px;    height: auto;  }  .section-img.small > img {    height: auto;  }  .section-img > img {    width: 100%;    height: 100%;  }  .section-mobile-img {    display: none;    max-width: 100vw;    max-height: 75vw;    height: 450px;    margin: 0 auto;  }  .section-mobile-img > img {    width: 100%;    height: 100%;  }  @media screen and (max-width: 960px) and (orientation: portrait) {    .container {      width: 100%;    }    .container.small {      width: 100%;    }    .section-mobile-img {      display: block;    }    .section-img {      display: none;    }    .section-title {      font-size: 22px;      margin: 10px 0;    }    .section-desc {      margin-top: 10px;    }    .section + .section {      margin-top: 20px;    }  }<\/style><\/head><body><div class=\"container small\"><div class=\"logo\"><div class=\"pc-banner small\"><div><img decoding=\"async\" src=\"\/vevor\/vevor\/boutique-banner\/pc\/en-pc@1x.jpg\" style=\"width: 100%;\" \/><\/div><\/div><div class=\"m-banner\"><div><img decoding=\"async\" src=\"\/vevor\/vevor\/boutique-banner\/mobile\/en-m@1x.jpg\" style=\"width: 100%;\" \/><\/div><\/div><\/div><div class=\"section-title\">Izol\u0113ts kontaktligzdu komplekts, apvienojum\u0101 ar precizit\u0101ti un dro\u0161\u012bbu<\/div><div class=\"video-section\"><div class=\"video-section-img-pc small\"><img decoding=\"async\" src=\"\/vevor\/product\/JYGJTZJYTT16LLJW8\/insulated-tool-set-a100-1.4-pt.jpg\" \/><\/div><div class=\"video-section-img-m\"><img decoding=\"async\" src=\"\/vevor\/product\/JYGJTZJYTT16LLJW8\/insulated-tool-set-a100-1.4-pt.jpg\" \/><\/div><div class=\"section-desc\">This 16-piece insulated socket set is designed to meet a variety of repair needs. With excellent portability and practicality, it's the perfect choice for everyday home repairs, professional electrical maintenance, and automotive work.<\/div><\/div><div class=\"section\"><div class=\"section-title\"><\/div><div class=\"section-img small\"><img decoding=\"async\" src=\"\/vevor\/product\/JYGJTZJYTT16LLJW8\/insulated-tool-set-a100-2.2-pt.jpg\" \/><\/div><div class=\"section-mobile-img\"><img decoding=\"async\" src=\"\/vevor\/product\/JYGJTZJYTT16LLJW8\/insulated-tool-set-a100-2.2-pt.jpg\" \/><\/div><div class=\"section-desc\">Ar \u0161o izol\u0113to uzga\u013cu instrumentu to var viegli atvienot ar vienk\u0101r\u0161u spiedienu, izvairoties no sare\u017e\u0123\u012btas demont\u0101\u017eas. Tas iev\u0113rojami uzlabo uzga\u013cu mai\u0146as efektivit\u0101ti, padarot uzga\u013cu nomai\u0146u vienk\u0101r\u0161\u0101ku un \u0113rt\u0101ku.<\/div><\/div><div class=\"section\"><div class=\"section-title\"><\/div><div class=\"section-img small\"><img decoding=\"async\" src=\"\/vevor\/product\/JYGJTZJYTT16LLJW8\/insulated-tool-set-a100-2.3-pt.jpg\" \/><\/div><div class=\"section-mobile-img\"><img decoding=\"async\" src=\"\/vevor\/product\/JYGJTZJYTT16LLJW8\/insulated-tool-set-a100-2.3-pt.jpg\" \/><\/div><div class=\"section-desc\">\u0160im izol\u0113tajam uzgrie\u017e\u0146u atsl\u0113gu komplektam ir uzlabots ergonomisks dizains, kas samazina roku nogurumu ilgsto\u0161as \u200b\u200blieto\u0161anas laik\u0101 un nodro\u0161ina \u0113rt\u0101ku lietot\u0101ja pieredzi.<\/div><\/div><div class=\"section\"><div class=\"section-title\"><\/div><div class=\"section-img small\"><img decoding=\"async\" src=\"\/vevor\/product\/JYGJTZJYTT16LLJW8\/insulated-tool-set-a100-2.4-pt.jpg\" \/><\/div><div class=\"section-mobile-img\"><img decoding=\"async\" src=\"\/vevor\/product\/JYGJTZJYTT16LLJW8\/insulated-tool-set-a100-2.4-pt.jpg\" \/><\/div><div class=\"section-desc\">\u0160is izol\u0113tais uzgrie\u017e\u0146u atsl\u0113gas instruments \u013cauj viegli noteikt uzgrie\u017e\u0146u atsl\u0113gas izm\u0113ru un veikt prec\u012bzus m\u0113r\u012bjumus, pal\u012bdzot \u0101tri atrast pareizo uzgrie\u017e\u0146u atsl\u0113gu. Tas efekt\u012bvi uzlabo darb\u012bbas efektivit\u0101ti un samazina k\u013c\u016bdas darba laik\u0101.<\/div><\/div><div class=\"section\"><div class=\"section-title\"><\/div><div class=\"section-img small\"><img decoding=\"async\" src=\"\/vevor\/product\/JYGJTZJYTT16LLJW8\/insulated-tool-set-a100-2.5-pt.jpg\" \/><\/div><div class=\"section-mobile-img\"><img decoding=\"async\" src=\"\/vevor\/product\/JYGJTZJYTT16LLJW8\/insulated-tool-set-a100-2.5-pt.jpg\" \/><\/div><div class=\"section-desc\">\u0160aj\u0101 izol\u0113taj\u0101 uzgrie\u017e\u0146u atsl\u0113gu komplekt\u0101 ir iek\u013cauts r\u016bp\u012bgi atlas\u012bts instrumentu kl\u0101sts, kas paredz\u0113ts gan profesion\u0101lu, gan ikdienas m\u0101jsaimniec\u012bbas remontu vajadz\u012bb\u0101m.<\/div><\/div><div class=\"section\"><div class=\"section-img small\"><img decoding=\"async\" src=\"\/vevor\/product\/JYGJTZJYTT16LLJW8\/insulated-tool-set-a100-1.11-pt.jpg\" \/><\/div><div class=\"section-mobile-img\"><img decoding=\"async\" src=\"\/vevor\/product\/JYGJTZJYTT16LLJW8\/insulated-tool-set-a100-1.11-pt.jpg\" \/><\/div><\/div><\/div><\/body><\/html><\/div>\n<div class=\"DM_at-title\" id=\"js-DM_at-title\"> <div>Produkta specifik\u0101cija<\/div> <i class=\"icon-arrowup_line\"><\/i> <\/div><div class=\"DM_at-goodsDescAttr\" id=\"js-DM_at-goodsDescAttr\"> <div class=\"DM_at-goodsDescAttrInner\"> <dl class=\"goodsDesc_item goodsDesc_item_even\"> <dt>Modelis<\/dt> <dd> VDE585116<\/dd> <\/dl> <dl class=\"goodsDesc_item\"> <dt>Ciet\u012bba<\/dt> <dd> HRC 50\u201356<\/dd> <\/dl> <dl class=\"goodsDesc_item goodsDesc_item_even\"> <dt>Asmens galvenais materi\u0101ls<\/dt> <dd> CR-V<\/dd> <\/dl> <dl class=\"goodsDesc_item\"> <dt>Roktura galvenais materi\u0101ls<\/dt> <dd> PP un TPR<\/dd> <\/dl> <dl class=\"goodsDesc_item goodsDesc_item_even\"> <dt>Kr\u0101sa<\/dt> <dd> Melns + dzeltens \/ sarkans<\/dd> <\/dl> <dl class=\"goodsDesc_item\"> <dt>Produkta Svars<\/dt> <dd> 3,8 m\u0101rci\u0146as \/ 1,72 kg<\/dd> <\/dl> <dl class=\"goodsDesc_item goodsDesc_item_even\"> <dt>Iepakojuma izm\u0113ri<\/dt> <dd> 16,7 x 9,7 x 2,4 collas \/ 425 x 245 x 62 mm<\/dd> <\/dl> <\/div> <\/div>","protected":false},"excerpt":{"rendered":"<ul>\n<li> 16 da\u013cu izol\u0113ts instrumentu komplekts: \u0161is 16 da\u013cu izol\u0113tais uzga\u013cu komplekts ir \u012bpa\u0161i izstr\u0101d\u0101ts profesion\u0101liem elektri\u0137iem, r\u016bpniec\u012bbas tehni\u0137iem un m\u0101jas lietot\u0101jiem. Taj\u0101 ir iek\u013cauti da\u017e\u0101di izol\u0113ti instrumenti, visi ir sertific\u0113ti saska\u0146\u0101 ar VDE un GS, nodro\u0161inot izcilu izol\u0101cijas veiktsp\u0113ju un samazinot elektrisk\u0101s str\u0101vas trieciena risku. <\/li>\n<li> Piln\u012bb\u0101 izol\u0113ta 3\/8 collu atgriezeniska spr\u016bdrata uzgalis: \u0160is izol\u0113tais uzga\u013cu instruments nodro\u0161ina piln\u012bgu izol\u0101cijas aizsardz\u012bbu, atvieglojot skr\u016bvju pievilk\u0161anu un atskr\u016bv\u0113\u0161anu. T\u0101 3\/8 collu piedzi\u0146as dizains ir sader\u012bgs ar da\u017e\u0101d\u0101m skr\u016bv\u0113m un bultskr\u016bv\u0113m, padarot to ide\u0101li piem\u0113rotu pla\u0161am remonta un mont\u0101\u017eas darbu kl\u0101stam. <\/li>\n<li> Divu materi\u0101lu rokturis: Izol\u0113tajam uzgrie\u017e\u0146u atsl\u0113gu komplektam ir PP un TPR materi\u0101la rokturi, kas apvieno sl\u012bd\u0113\u0161anas pretest\u012bbu un amortiz\u0101ciju stingram satv\u0113rienam. Ergonomiskais dizains absorb\u0113 vibr\u0101cijas lieto\u0161anas laik\u0101, samazinot nogurumu ilgsto\u0161u darbu laik\u0101. <\/li>\n<li> Easy-to-Identify Socket Sizes: The insulated wrench tool set\u2019s clear size markings help users quickly identify and select the correct socket, improving efficiency and reducing the likelihood of operational errors. <\/li>\n<li> Versatile Use: This insulated tool set with sockets meets the diverse needs of different users. Whether you\u2019re a professional electrician, industrial technician, or need tools for home or automotive repairs, this set has everything you need. <\/li>\n<\/ul>","protected":false},"featured_media":376308,"comment_status":"open","ping_status":"open","template":"","meta":{"om_disable_all_campaigns":false,"_monsterinsights_skip_tracking":false,"_monsterinsights_sitenote_active":false,"_monsterinsights_sitenote_note":"","_monsterinsights_sitenote_category":0,"_uf_show_specific_survey":0,"_uf_disable_surveys":false},"location":[1935,1934],"product_brand":[21],"product_cat":[4964,2615,2400,4965,2374],"product_tag":[],"class_list":{"0":"post-155023","1":"product","2":"type-product","3":"status-publish","4":"has-post-thumbnail","6":"location-supplier_stock_location","7":"location-local_stock_location","8":"product_brand-vevor","9":"product_cat-electricians-tool-sets","10":"product_cat-hand-tool-sets","11":"product_cat-hand-tools-tools","12":"product_cat-insulated-tool-set","13":"product_cat-tools","15":"first","16":"outofstock","17":"taxable","18":"shipping-taxable","19":"purchasable","20":"product-type-simple"},"aioseo_notices":[],"jetpack_sharing_enabled":true,"locations":[{"id":1935,"name":"Pieg\u0101d\u0101ja noliktav\u0101 (5-7dd.d)","slug":"supplier_stock_location","quantity":"0"},{"id":1934,"name":"R\u012bgas veikal\u0101 (0-2d.d.)","slug":"local_stock_location","quantity":"0"}],"_links":{"self":[{"href":"https:\/\/vevorshop.lv\/lv\/wp-json\/wp\/v2\/product\/155023","targetHints":{"allow":["GET"]}}],"collection":[{"href":"https:\/\/vevorshop.lv\/lv\/wp-json\/wp\/v2\/product"}],"about":[{"href":"https:\/\/vevorshop.lv\/lv\/wp-json\/wp\/v2\/types\/product"}],"replies":[{"embeddable":true,"href":"https:\/\/vevorshop.lv\/lv\/wp-json\/wp\/v2\/comments?post=155023"}],"wp:featuredmedia":[{"embeddable":true,"href":"https:\/\/vevorshop.lv\/lv\/wp-json\/wp\/v2\/media\/376308"}],"wp:attachment":[{"href":"https:\/\/vevorshop.lv\/lv\/wp-json\/wp\/v2\/media?parent=155023"}],"wp:term":[{"taxonomy":"location","embeddable":true,"href":"https:\/\/vevorshop.lv\/lv\/wp-json\/wp\/v2\/location?post=155023"},{"taxonomy":"product_brand","embeddable":true,"href":"https:\/\/vevorshop.lv\/lv\/wp-json\/wp\/v2\/product_brand?post=155023"},{"taxonomy":"product_cat","embeddable":true,"href":"https:\/\/vevorshop.lv\/lv\/wp-json\/wp\/v2\/product_cat?post=155023"},{"taxonomy":"product_tag","embeddable":true,"href":"https:\/\/vevorshop.lv\/lv\/wp-json\/wp\/v2\/product_tag?post=155023"}],"curies":[{"name":"wp","href":"https:\/\/api.w.org\/{rel}","templated":true}]}}