{"id":15613,"date":"2024-11-18T02:29:53","date_gmt":"2024-11-18T02:29:53","guid":{"rendered":"http:\/\/vevorshop.edigo.lv\/Prece\/vevor-50lbs-rolling-magnetic-sweeper-with-wheels-push-type-magnetic-pick-up-sweeper-24-inch-large-magnet-pickup-lawn-sweeper-with-telescoping-handle-easy-cleanup-of-workshop-garage-yard\/"},"modified":"2026-04-06T15:38:30","modified_gmt":"2026-04-06T12:38:30","slug":"vevor-50lbs-rolling-magnetic-sweeper-with-wheels-push-type-magnetic-pick-up-sweeper-24-inch-large-magnet-pickup-lawn-sweeper-with-telescoping-handle-easy-cleanup-of-workshop-garage-yard","status":"publish","type":"product","link":"https:\/\/vevorshop.lv\/lv\/Prece\/vevor-50lbs-ritosais-magnetiskais-slaucitajs-ar-riteniem-push-tipa-magnetiskais-savacejs-24-collu-liels-magnetiskais-savacejs-zaliena-slaucitajs-ar-teleskopisku-rokturi-viegla-darbnicas-garazas-pagalm\/","title":{"rendered":"VEVOR 22,7 kg Magn\u0113tiskais Slauc\u012bt\u0101js ar Riten\u012b\u0161iem, 74 cm Plata B\u0101ze, Teleskopisks Rokturiem Z\u0101lienam, Gar\u0101\u017eai un Darbn\u012bcai"},"content":{"rendered":"<div style=\"color: #fff!important; font-size: 16px; height: 24px; line-height: 24px; margin-top: -24px; \" class=\"product_original_name\">VEVOR 22.7 kg Rolling Magnetic Sweeper with Wheels, Push-Type Magnetic Pick Up Sweeper, 74 cm Large Magnet Pickup Lawn Sweeper with Telescoping Handle, Easy Cleanup of Workshop Garage Yard<\/div>\n<div style=\"color: #fff!important; font-size: 16px; height: 24px; line-height: 24px; margin-top: -24px; \" class=\"product_sku\">M4I4KGP0<\/div>\n<div style=\"color: #fff!important; font-size: 16px; height: 24px; line-height: 24px; margin-top: -24px; \" class=\"product_mpn\">TLSCXQSQT2450BUQBV0<\/div><div id=\"js-DM_at-goodDescRich\"><html><head><style>  body {    font-family: Arial;    line-height: 1.5;    color: #1c1c1c;    overflow-x: hidden;    margin: 0;    padding: 0;  }  .MsoNormal b {    font-weight: bolder;  }<\/style><style>  .container.small {    width: 970px;    margin: 0 auto;  }  .logo {    margin: 0 auto 0;  }  .logo img {    display: block;    margin: 0 auto;    max-width: 100%;  }  .logo .pc-banner {    display: block;    width: 1200px;    height: 247.4px;    margin: 0 auto;  }  .logo .pc-banner.small {    width: 970px;  }  .logo .pc-banner.small img {    height: auto!important;  }  .logo .m-banner {    display: none;  }  .ytvideo {    position: relative;    height: 546px;    width: 100%;    margin: 0 auto;  }  .ytvideo img {    width: 100%;    margin: 0 auto;  }  .ytvideo .play-btn {    width: 60px;    height: 42px;    position: absolute;    top: 50%;    left: 50%;    transform: translate(-50%, -50%);    background: url(\"data:image\/png;base64,iVBORw0KGgoAAAANSUhEUgAAAGQAAABGCAMAAAANWMFbAAAC+lBMVEUAAADBGB3kLCfBGB3kLCfcJC7BFx3KKSbiKybkLCbWJCPSIiLSIiLPICHAFx3kLCfgKSXNHiDZJiTIGx\/p4eHcjo7LHSDbJyTkLCbjKyfOHyHPIiL28fHJHB\/GGh7EGR7eKCXDGB3RISHlLSbBGB3AFxzGHB7DGB7BGB3hKybkKybAFx3lLCfAFxzDGR3hKibDGB7cJyTmz8\/elJTlwcHjurrUIyLlLSflLSfAFx3DGR7lLSfCFx3hKibhKibhKybjKybkLCblLSfbJSX49vbx7e3NNzjNMTLMJyjVIyLZf3\/ZQ0LaeHjx0tLgoqLkLCfCGB3HGx\/BGB3BFx3PICHCGB7WJCLOHyC\/Fxy\/Fx3lLCfQISHkLSe\/FxzbJiTBFx3FGx\/AGB7BFx3EGR7AGB3HHSDfKiXAFh3TISHYNzbhKibbJyTTIiL57e325+f039\/v2NjUV1fOHiHiqanfmprch4feKSXVIyPOICHmLibFGh\/mLSe\/Fx7XJCPeKSXXJSPNHyHaJyTGGh7lLCbmLCflLSjSIiLkLCbdKSXLHiC\/GB3KHh++Fh3lKyfoLiXcKCPkx8fYb2\/XaGfVXl3aU1LLHiDksbHgKibPICHbJyTfKSXbJyTCGB3KHSDiKybFGh7TIiL\/\/\/\/VIyPRISHIHB\/GGx\/HHB\/DGR7gKibdKCXLHiDZJiTMHiDNHyHYJSTOICHPICHWJCPcKCXXJSPjLCblLCf+\/f3NGR\/uLijzLynPGR\/IGB7WISHaIyLLGh7UAADxLynNAADRLzDbICLQAADIAAD3MCrUHSHXMTDpKSbLAADp5OTij4\/ejo\/VLy\/1LyngJSTcJCPQHx\/OHB7+\/PzaMS\/OLS\/vLijrLSjSAADaNTPwLyjkKSbNJCbYISHPHB\/KGB7WAAD7+vrn3d3aKynTKCjoLCfsKifRGh\/YAADq5+fhjo7QNDXXKCfmJyXt5+fTLzDLLi\/QKivYHRvMGBrQJCXLISPMExXLDxLaEAvkkI\/bOTfaFQ\/SCgpvLcnHAAAAmnRSTlMA+vv7+gT9Bvf9+8z8\/NSv\/Pr5+P7++vnQIBMP\/v38\/Pn348XDiCYf9OjbzcqxXVcx\/fz8+\/rj1r2poo1+fXFqX0orGP7+\/v7+\/fz8+\/r68uzn4trIxsG\/vri3p6GcmZSNbWVYUUZEPQv+\/f39+\/v7+\/v7+vr64tvV1NTTz87FtbSurqeblJKFg4B3bUY+NjL7+\/v7+\/v67t1cDo8JLQAABkRJREFUWMO0kz9rwkAYh0OIeJkum6YugUAhISCdKoj\/P4C7SMdS+gEKIhSKil10LSg4mzXkILdlEpxCpwTiWOLX6BujvQaEQuGeHLnL+\/64J+SIcKGYTYWnntpdLjrVdqvZmNdn0+EE40GtpuuWVS6Xx6N7YDSGpWXpeq02wHgynM7q80az1a52HpddtVcpsi1zFARBrdaxbhp9iUReTGmwA4KAAr7vx3EYejnCMI6hQYEgy0LQi4jUN0wL19vqFcUC9\/1dAKmEEFkWRYkh5oBejnxQJiSJPJ\/uKBp0Thszx9Mw8hMRIQjKsptCfuES9zr5WJY6vSFCIvE9fCMUmEM1A1kSXcYGxgVYsvI1IPKTZciSTI0us\/SMGG04gDzELDoFBwdcFJrF88dqgYMTiL6DILWYyfOWE8\/kIz38olCNlC03FK95+imxp6y4oUSvAnBjHHhKNtotSDqJzVFiK8c2SBqhZtsrTtgrLXwAyduxZHNE26eHUt5rtuM4WSmds3G+sUdWYo1L+XyxButoh5eKUHk5lByO3G1LqqCWVnfrv\/lyPtf\/4ps1cndNGIri8J1TJ0lx6dR\/oPjq1nbRwdp2dCk4CtIOLW3pVKRL6WZfS5vF2KkIQhpwSsjiYIgNCs1gEMGqiIq24NQX9NwoXFy8Ufrl3twTcg4fv8T9\/JBEySduj6Mjm4bMzYV7EEOxKjjoNDud7yY3Dy71Hq2oLmqfbNR723edH9PgMrNL2utoQ3VmaIDkiw\/4w51P06hlZsTZvkRrbVuSIs\/zwSOsycgzStQouoAkWQqioRT5XI7n2Z1wfVhoZmcAJLsoqjqpjbWCgpOAJXBwHK8PzWbNvoUZJND5wCnSkLAkZ1legx6vqQzjoiTahKlGUGLAiIIoABOHaNVw4sexZBym6\/HWlH5h3IC7yRbxtipcWxdTOkORKiNQAEkFf66x5S2oeRbroOlLgg0sSYkR0hRGEqJZ0jTPiQKatESdBckpWigxaapEH0lImHdWu9pUFF2XqMNM2Z4kped7IwEJw2qabwtrQqnpw6HyKkgcadKWsmpywwesDyIhYRpdzXddqegtGIJlXbAIUMOLkGxJUjRIkokwjUaX9d\/kK62ps\/tYUqZLIMkLTyBhsMZ3C5Z\/kDxOSCb\/DOs\/\/J0qcWSX\/2ipe56EgTCA4\/cB7NAYOsni4mZM1MUPAISoEwkDi4lhVBQ1cWQyIcwalw4EpqZN68JUSK7XC0kTlkLYii5uXSC8jT5ncCAS7mjCv0uHp\/3lueHEEAeQ\/\/VgmdN71\/2uCSA1Xr6DO6uI6sW56zqT2tp2PhgiRUAajV8CY2fkcz6WGNKMgLAt7tJAhD4YHMTeRxlALE6+43WqjSWi8ITxyJl8WrwWSNESQZZOqhDDntO3hJLsd5RtSpbJqdv3YrDJH3F7jL1R2O2aQkn2MyCyKYz0GPGIvSAMgBCrCEiJyKbBaYGwLW4uPRr0A0M4Ux5kUI7IBh+hMdiCEWNqhMZGyYMsOgNE58UQuEQeUnSWCMYwL54hkxK6IoqucQZbQ3pc3XtL0lky1dL0zZJJDpWJovFqpWj6JEHnyam2eQp5QRVAVHjWparTOaVwUOx99YS2MvgxIGV0bb+qIg2HX2qkFFJB+XZcbLiuRkuxD9GRroKyveLxdh4d7Orx+hb7qc3uVRuEogCOnyIxm4ubUoPgF4jianDrC+SDQDKEfJb0GUKmjCGPYHGJvVC6X4hw1\/sAfQAdfYyephIaspXe36RwOP+Ljvfx9B6B3i+Nk0DGq+oCbLn6JpBa9nWAveAIHwFAwtVcIJXPMPL8kRu5OAYPMaL1WScTxjiZDqB9LTJSWphow\/pTYKRTLjCBhvi9iBidvKcDasGSm0QQkycYuLBqj6QCELPctqChDWpTRMWkngNNpQ1Pfp1KkiT\/Y0DGffXAweUNfLAfaJFKDwhb6I+bkYRbkERoEeu3Fyjg2opMz2daZCS9jt6Q7txNfB+OZEVF6Zl5web2xunnLQrtrjXseXKaFYziYINeMFZVxS9VxRhOoesYwxPKXm+gWLG9cuFeq93UNNeJNsf1KlwuDok9n02n3TgIJpOxNfL9naIoQwXtfH9kjceTIIi709ncTg6LZbg+biLH1V6u\/7rxBem06VXKn9raAAAAAElFTkSuQmCC\")      no-repeat center center \/ contain;  }  @media screen and (max-width: 960px) and (orientation: portrait) {    .logo {      width: 100%;    }    .logo .pc-banner {      display: none;    }    .logo .m-banner {      display: block;      width: 100%;    }    .logo .m-banner img {      height: auto!important;    }    .ytvideo {      height: 200px;      width: 100%;    }  }<\/style><style>  .video-section {    width: 100%;    margin: 0 auto;  }  .video-section > img {    width: 100%;  }  .video-section iframe,  .video-section video {    width: 100%;    height: 100%;      }  .video-section-img-m,  .video-section-img-pc > img {    width: 100%;    height: auto;  }  .video-section-img-pc.small > img {    width: 970px;  }  .video-desc {    line-height: 1.5;    font-size: 20px;    font-weight: 400;    margin: 20px 0;    text-align: center;    color: #0f1111;    word-break: break-word;  }  @media screen and (max-width: 960px) and (orientation: portrait) {    .video-section {      width: 100%;    }    .video-section-pc,    .video-section-img-pc {      display: none;    }    .video-section-m,    .video-section-img-m {      display: block;    }    .video-desc {      font-size: 15px;    }  }  @media screen and (min-width: 960px) {    .video-section {      width: 100%;      margin: 0 auto;    }    .video-section-pc,    .video-section-img-pc {      display: block;    }    .video-section-m,    .video-section-img-m {      display: none;    }    .video-desc {      font-size: 20px;    }  }<\/style><style>  .section + .section {    margin-top: 35px;  }  .section-title {    text-align: center;    font-weight: bold;    color: #0d1111;    font-family: \"Arial\";    font-size: 32px;    margin: 15px 0;  }  .section-title:empty {    display: none;  }  .section-desc {    text-align: center;    font-weight: normal;    color: #0d1111;    margin-top: 20px;  }  .section-desc:empty {    display: none;  }  .section-img {    width: 1200px;    height: 492px;    margin: 0 auto;    display: block;  }  .section-img.small {    width: 970px;    height: auto;  }  .section-img.small > img {    height: auto;  }  .section-img > img {    width: 100%;    height: 100%;  }  .section-mobile-img {    display: none;    max-width: 100vw;    max-height: 75vw;    height: 450px;    margin: 0 auto;  }  .section-mobile-img > img {    width: 100%;    height: 100%;  }  @media screen and (max-width: 960px) and (orientation: portrait) {    .container {      width: 100%;    }    .container.small {      width: 100%;    }    .section-mobile-img {      display: block;    }    .section-img {      display: none;    }    .section-title {      font-size: 22px;      margin: 10px 0;    }    .section-desc {      margin-top: 10px;    }    .section + .section {      margin-top: 20px;    }  }<\/style><\/head><body><div class=\"container\"><div class=\"logo\"><div class=\"pc-banner\"><div><img decoding=\"async\" src=\"\/vevor\/vevor\/boutique-banner\/pc\/en-pc@1x.jpg\" style=\"width: 100%;\" \/><\/div><\/div><div class=\"m-banner\"><div><img decoding=\"async\" src=\"\/vevor\/vevor\/boutique-banner\/mobile\/en-m@1x.jpg\" style=\"width: 100%;\" \/><\/div><\/div><\/div><div class=\"section-title\">50 m\u0101rci\u0146u magn\u0113tiskais ce\u013cu slauc\u012bt\u0101js<\/div><div class=\"video-section\"><div class=\"video-section-img-pc\"><img decoding=\"async\" src=\"\/vevor\/product\/TLSCXQSQT2450BUQB\/magnetic-sweeper-a100-1.4.jpg\" \/><\/div><div class=\"video-section-img-m\"><img decoding=\"async\" src=\"\/vevor\/product\/TLSCXQSQT2450BUQB\/magnetic-sweeper-a100-1.4-m.jpg\" \/><\/div><div class=\"section-desc\">Neatkar\u012bgi no t\u0101, vai esat profesion\u0101ls tirgot\u0101js vai DIY entuziasts, \u0161is magn\u0113tiskais slauc\u012bt\u0101js ir b\u016btisks papildin\u0101jums j\u016bsu r\u012bku komplektam.Izbaudiet t\u0101 izcilo veiktsp\u0113ju un \u0113rt\u012bbas sev un atkl\u0101jiet jaunu efektivit\u0101tes un viegluma l\u012bmeni.<\/div><\/div><div class=\"section\"><div class=\"section-title\"><\/div><div class=\"section-img\"><img decoding=\"async\" src=\"\/vevor\/product\/TLSCXQSQT2450BUQB\/magnetic-sweeper-a100-2.2.jpg\" \/><\/div><div class=\"section-mobile-img\"><img decoding=\"async\" src=\"\/vevor\/product\/TLSCXQSQT2450BUQB\/magnetic-sweeper-a100-2.2-m.jpg\" \/><\/div><div class=\"section-desc\">Pateicoties magn\u0113tiskajam sp\u0113kam, slauc\u012bt\u0101js nodro\u0161ina \u0101tru un efekt\u012bvu met\u0101la priek\u0161metu t\u012br\u012b\u0161anu, ietaupot laiku un p\u016bles darba zonu sakop\u0161an\u0101.<\/div><\/div><div class=\"section\"><div class=\"section-title\"><\/div><div class=\"section-img\"><img decoding=\"async\" src=\"\/vevor\/product\/TLSCXQSQT2450BUQB\/magnetic-sweeper-a100-2.3.jpg\" \/><\/div><div class=\"section-mobile-img\"><img decoding=\"async\" src=\"\/vevor\/product\/TLSCXQSQT2450BUQB\/magnetic-sweeper-a100-2.3-m.jpg\" \/><\/div><div class=\"section-desc\">Liel\u0101s riepas var vienm\u0113r\u012bgi ripot pa pakl\u0101ju, z\u0101li, betonu, cietkoksnes gr\u012bd\u0101m un citu nel\u012bdzenu virsmu. Rite\u0146iem ir regul\u0113jama kl\u012brenss, lai tos b\u016btu viegli lietot jebkur\u0101 situ\u0101cij\u0101.<\/div><\/div><div class=\"section\"><div class=\"section-title\"><\/div><div class=\"section-img\"><img decoding=\"async\" src=\"\/vevor\/product\/TLSCXQSQT2450BUQB\/magnetic-sweeper-a100-2.4.jpg\" \/><\/div><div class=\"section-mobile-img\"><img decoding=\"async\" src=\"\/vevor\/product\/TLSCXQSQT2450BUQB\/magnetic-sweeper-a100-2.4-m.jpg\" \/><\/div><div class=\"section-desc\">Izvelkamais rokturis sniedzas no 76 l\u012bdz 113 cm, lai nov\u0113rstu saliek\u0161anos un muguras sastiepumu. \u0112rts un paroc\u012bgs da\u013ci\u0146u slauc\u012b\u0161anai, skr\u016bvju, uzgrie\u017e\u0146u, naglu, papl\u0101ks\u0146u atra\u0161anai un met\u0101la gru\u017eu sav\u0101k\u0161anai.<\/div><\/div><div class=\"section\"><div class=\"section-title\"><\/div><div class=\"section-img\"><img decoding=\"async\" src=\"\/vevor\/product\/TLSCXQSQT2450BUQB\/magnetic-sweeper-a100-2.5.jpg\" \/><\/div><div class=\"section-mobile-img\"><img decoding=\"async\" src=\"\/vevor\/product\/TLSCXQSQT2450BUQB\/magnetic-sweeper-a100-2.5-m.jpg\" \/><\/div><div class=\"section-desc\">M\u016bsu rito\u0161\u0101 magn\u0113tisk\u0101 slauc\u012bt\u0101ja ir izgatavota no augstas kvalit\u0101tes alum\u012bnija, plastmasas, magn\u0113ta un dzelzs, ripo ar 2 rite\u0146iem, viegli ripojot pa pakl\u0101ju, z\u0101li, betona gr\u012bdu.<\/div><\/div><div class=\"section\"><div class=\"section-img\"><img decoding=\"async\" src=\"\/vevor\/product\/TLSCXQSQT2450BUQB\/magnetic-sweeper-a100-1.11.jpg\" \/><\/div><div class=\"section-mobile-img\"><img decoding=\"async\" src=\"\/vevor\/product\/TLSCXQSQT2450BUQB\/magnetic-sweeper-a100-1.11-m.jpg\" \/><\/div><\/div><\/div><\/body><\/html><\/div>\n<div class=\"DM_at-title\" id=\"js-DM_at-title\"> <div>Produkta specifik\u0101cija<\/div> <i class=\"icon-arrowup_line\"><\/i> <\/div><div class=\"DM_at-goodsDescAttr\" id=\"js-DM_at-goodsDescAttr\"> <div class=\"DM_at-goodsDescAttrInner\"> <dl class=\"goodsDesc_item goodsDesc_item_even\"> <dt>Preces Mode\u013ca Numurs<\/dt> <dd> QJ8012-24<\/dd> <\/dl> <dl class=\"goodsDesc_item\"> <dt>Produkta Izm\u0113ri<\/dt> <dd> 29,3 \u00d7 6,9 \u00d7 50,8 collas \/ 745 x 175 x 1290 mm<\/dd> <\/dl> <dl class=\"goodsDesc_item goodsDesc_item_even\"> <dt>Slauc\u012bt\u0101ja tips<\/dt> <dd> Stum\u0161anas-vilk\u0161anas slauc\u012bt\u0101js<\/dd> <\/dl> <dl class=\"goodsDesc_item\"> <dt>Magn\u0113tiskais sp\u0113ks<\/dt> <dd> 50 m\u0101rci\u0146as \/ 22,6 kg maks.<\/dd> <\/dl> <dl class=\"goodsDesc_item goodsDesc_item_even\"> <dt>Teleskopisk\u0101 stie\u0146a garums<\/dt> <dd> 14,2 collas \/ 360 mm<\/dd> <\/dl> <dl class=\"goodsDesc_item\"> <dt>Regul\u0113jams teleskopisk\u0101 stie\u0146a diapazons<\/dt> <dd> 30,3\u201344,5 collas \/ 77\u2013113 cm<\/dd> <\/dl> <dl class=\"goodsDesc_item goodsDesc_item_even\"> <dt>Roktura tips<\/dt> <dd> \u0100tr\u0101s atbr\u012bvo\u0161anas<\/dd> <\/dl> <dl class=\"goodsDesc_item\"> <dt>Augstums no magn\u0113ta virsmas l\u012bdz zemei<\/dt> <dd> 0,9 collas \/ 23 mm min<\/dd> <\/dl> <dl class=\"goodsDesc_item goodsDesc_item_even\"> <dt>Regul\u0113jams rite\u0146u augstums<\/dt> <dd> 1,1 collas \/ 27,5 mm<\/dd> <\/dl> <dl class=\"goodsDesc_item\"> <dt>Regul\u0113jams rite\u0146u diapazons<\/dt> <dd> 0,9\u20132 collas \/ 23\u201350,5 mm<\/dd> <\/dl> <dl class=\"goodsDesc_item goodsDesc_item_even\"> <dt>Neto Svars<\/dt> <dd> 14,7 m\u0101rci\u0146as \/ 6,65 kg<\/dd> <\/dl> <\/div> <\/div>","protected":false},"excerpt":{"rendered":"<ul>\n<li> Paaugstin\u0101ta dro\u0161\u012bba: Magn\u0113tiskajai slauc\u012bt\u0101jai ar stum\u0161anas un vilk\u0161anas funkciju ir iz\u0161\u0137iro\u0161a noz\u012bme dro\u0161as darba vides uztur\u0113\u0161an\u0101, efekt\u012bvi sav\u0101cot nomald\u012bju\u0161\u0101s naglas, skr\u016bves un citus dzelzs materi\u0101lus. \u0160o apdraud\u0113jumu nov\u0113r\u0161ana b\u016bvlaukum\u0101 samazina darbinieku traumu risku un nov\u0113r\u0161 iek\u0101rtu un transportl\u012bdzek\u013cu boj\u0101jumus. <\/li>\n<li> Laiku taupo\u0161a t\u012br\u012b\u0161ana: Pateicoties lielajai nestsp\u0113jai, \u0161is jaud\u012bgais magn\u0113tiskais sav\u0101k\u0161anas instruments samazina nepiecie\u0161am\u012bbu p\u0113c vair\u0101kiem braucieniem, lai atbr\u012bvotos no sav\u0101ktajiem met\u0101la atkritumiem. Tas \u013cauj darbiniekiem vair\u0101k koncentr\u0113ties uz saviem uzdevumiem, k\u0101 rezult\u0101t\u0101 uzlabojas produktivit\u0101te un tiek racionaliz\u0113tas darb\u012bbas. <\/li>\n<li> Prec\u012bza t\u012br\u012b\u0161ana: 24 collu slauc\u012bt\u0101ja magn\u0113ta \u012bpa\u0161i platais magn\u0113tiskais taisnst\u016bris nodro\u0161ina r\u016bp\u012bgu p\u0101rkl\u0101jumu un efekt\u012bvu met\u0101la gru\u017eu sav\u0101k\u0161anu. T\u0101 izcilais magn\u0113tiskais sp\u0113ks piesaista pat mazas met\u0101la da\u013ci\u0146as, atst\u0101jot darba vietu t\u012bru un br\u012bvu no iesp\u0113jamiem apdraud\u0113jumiem. <\/li>\n<li> Lietot\u0101jam draudz\u012bgs dizains: \u0100tr\u0101s atbr\u012bvo\u0161anas roktura funkcija vienk\u0101r\u0161o t\u012br\u012b\u0161anas procesu, nodro\u0161inot \u0101tru un bez piep\u016bles gru\u017eu izlai\u0161anu. Regul\u0113jamais rokturis, kura garums ir no 30,3 l\u012bdz 44,5 coll\u0101m, ir piem\u0113rots da\u017e\u0101da auguma lietot\u0101jiem. Tas ietaupa v\u0113rt\u012bgu laiku un ener\u0123iju, \u013caujot darbiniekiem velt\u012bt savus sp\u0113kus svar\u012bg\u0101kiem uzdevumiem objekt\u0101. <\/li>\n<li> Ilgsto\u0161a veiktsp\u0113ja: Izgatavots no augstas kvalit\u0101tes materi\u0101liem, piem\u0113ram, alum\u012bnija, plastmasas, magn\u0113ta un dzelzs, \u0161is magn\u0113tiskais slauc\u012bt\u0101js ar vilk\u0161anas-stum\u0161anas funkciju ir paredz\u0113ts, lai iztur\u0113tu pras\u012bgu darba vietu slodzi. T\u0101 iztur\u012bba garant\u0113 ilgsto\u0161u un uzticamu veiktsp\u0113ju, nodro\u0161inot j\u016bs ar v\u0113rt\u012bgu instrumentu nep\u0101rtrauktiem t\u012br\u012b\u0161anas darbiem. <\/li>\n<\/ul>","protected":false},"featured_media":266971,"comment_status":"closed","ping_status":"open","template":"","meta":{"om_disable_all_campaigns":false,"_monsterinsights_skip_tracking":false,"_monsterinsights_sitenote_active":false,"_monsterinsights_sitenote_note":"","_monsterinsights_sitenote_category":0,"_uf_show_specific_survey":0,"_uf_disable_surveys":false},"location":[1935,1934],"product_brand":[21],"product_cat":[2400,3336,3337,2712,2374],"product_tag":[],"class_list":{"0":"post-15613","1":"product","2":"type-product","3":"status-publish","4":"has-post-thumbnail","6":"location-supplier_stock_location","7":"location-local_stock_location","8":"product_brand-vevor","9":"product_cat-hand-tools-tools","10":"product_cat-magnet-tool","11":"product_cat-magnetic-sweeper-magnet-tool","12":"product_cat-specialty-hand-tools","13":"product_cat-tools","15":"first","16":"instock","17":"taxable","18":"shipping-taxable","19":"purchasable","20":"product-type-simple"},"aioseo_notices":[],"jetpack_sharing_enabled":true,"locations":[{"id":1935,"name":"Pieg\u0101d\u0101t\u0101ja noliktav\u0101 (5-7d.d.)","slug":"supplier_stock_location","quantity":"51"},{"id":1934,"name":"R\u012bgas veikal\u0101 (0-2d.d.)","slug":"local_stock_location","quantity":"0"}],"_links":{"self":[{"href":"https:\/\/vevorshop.lv\/lv\/wp-json\/wp\/v2\/product\/15613","targetHints":{"allow":["GET"]}}],"collection":[{"href":"https:\/\/vevorshop.lv\/lv\/wp-json\/wp\/v2\/product"}],"about":[{"href":"https:\/\/vevorshop.lv\/lv\/wp-json\/wp\/v2\/types\/product"}],"replies":[{"embeddable":true,"href":"https:\/\/vevorshop.lv\/lv\/wp-json\/wp\/v2\/comments?post=15613"}],"wp:featuredmedia":[{"embeddable":true,"href":"https:\/\/vevorshop.lv\/lv\/wp-json\/wp\/v2\/media\/266971"}],"wp:attachment":[{"href":"https:\/\/vevorshop.lv\/lv\/wp-json\/wp\/v2\/media?parent=15613"}],"wp:term":[{"taxonomy":"location","embeddable":true,"href":"https:\/\/vevorshop.lv\/lv\/wp-json\/wp\/v2\/location?post=15613"},{"taxonomy":"product_brand","embeddable":true,"href":"https:\/\/vevorshop.lv\/lv\/wp-json\/wp\/v2\/product_brand?post=15613"},{"taxonomy":"product_cat","embeddable":true,"href":"https:\/\/vevorshop.lv\/lv\/wp-json\/wp\/v2\/product_cat?post=15613"},{"taxonomy":"product_tag","embeddable":true,"href":"https:\/\/vevorshop.lv\/lv\/wp-json\/wp\/v2\/product_tag?post=15613"}],"curies":[{"name":"wp","href":"https:\/\/api.w.org\/{rel}","templated":true}]}}