{"id":159836,"date":"2025-04-09T10:38:45","date_gmt":"2025-04-09T10:38:45","guid":{"rendered":"https:\/\/vevorshop.lv\/en_us\/Prece\/adjustable-floor-to-ceiling-transfer-pole-136-kg-capacity-213-305-cm-height-360-rotating-safety-grab-bar-black\/"},"modified":"2026-04-07T07:14:20","modified_gmt":"2026-04-07T04:14:20","slug":"adjustable-floor-to-ceiling-transfer-pole-136-kg-capacity-213-305-cm-height-360-rotating-safety-grab-bar-black","status":"publish","type":"product","link":"https:\/\/vevorshop.lv\/lv\/Prece\/regulejams-no-gridas-lidz-griestiem-parvietojamais-stienis-136-kg-kravnesiba-213-305-cm-augstums-360-rotejoss-drosibas-rokturis-melns\/","title":{"rendered":"VEVOR gr\u012bdas-griestu dro\u0161\u012bbas stienis, 136 kg, regul\u0113jams 213\u2013305 cm, nesl\u012bdo\u0161s rokturis senioriem, melns"},"content":{"rendered":"<div style=\"color: #fff!important; font-size: 16px; height: 24px; line-height: 24px; margin-top: -24px; \" class=\"product_original_name\">VEVOR Floor-to-Ceiling Transfer Pole, Tension Mounted Bathroom Grab Bar with Anti-Slip Curve Handle, 300 Lbs Capacity Security Pole for Elderly, Ideal Senior Safety Pole for 7-10 Ft Ceilings, Black<\/div>\n<div style=\"color: #fff!important; font-size: 16px; height: 24px; line-height: 24px; margin-top: -24px; \" class=\"product_sku\">M99SLAKY<\/div>\n<div style=\"color: #fff!important; font-size: 16px; height: 24px; line-height: 24px; margin-top: -24px; \" class=\"product_mpn\">LDSAQFSHS710U66BRV0<\/div><div id=\"js-DM_at-goodDescRich\"><html><head><style>  body {    font-family: Arial;    line-height: 1.5;    color: #1c1c1c;    overflow-x: hidden;    margin: 0;    padding: 0;  }  .MsoNormal b {    font-weight: bolder;  }<\/style><style>  .container.small {    width: 970px;    margin: 0 auto;  }  .logo {    margin: 0 auto 0;  }  .logo img {    display: block;    margin: 0 auto;    max-width: 100%;  }  .logo .pc-banner {    display: block;    width: 1200px;    height: 247.4px;    margin: 0 auto;  }  .logo .pc-banner.small {    width: 970px;  }  .logo .pc-banner.small img {    height: auto!important;  }  .logo .m-banner {    display: none;  }  .ytvideo {    position: relative;    height: 546px;    width: 100%;    margin: 0 auto;  }  .ytvideo img {    width: 100%;    margin: 0 auto;  }  .ytvideo .play-btn {    width: 60px;    height: 42px;    position: absolute;    top: 50%;    left: 50%;    transform: translate(-50%, -50%);    background: url(\"data:image\/png;base64,iVBORw0KGgoAAAANSUhEUgAAAGQAAABGCAMAAAANWMFbAAAC+lBMVEUAAADBGB3kLCfBGB3kLCfcJC7BFx3KKSbiKybkLCbWJCPSIiLSIiLPICHAFx3kLCfgKSXNHiDZJiTIGx\/p4eHcjo7LHSDbJyTkLCbjKyfOHyHPIiL28fHJHB\/GGh7EGR7eKCXDGB3RISHlLSbBGB3AFxzGHB7DGB7BGB3hKybkKybAFx3lLCfAFxzDGR3hKibDGB7cJyTmz8\/elJTlwcHjurrUIyLlLSflLSfAFx3DGR7lLSfCFx3hKibhKibhKybjKybkLCblLSfbJSX49vbx7e3NNzjNMTLMJyjVIyLZf3\/ZQ0LaeHjx0tLgoqLkLCfCGB3HGx\/BGB3BFx3PICHCGB7WJCLOHyC\/Fxy\/Fx3lLCfQISHkLSe\/FxzbJiTBFx3FGx\/AGB7BFx3EGR7AGB3HHSDfKiXAFh3TISHYNzbhKibbJyTTIiL57e325+f039\/v2NjUV1fOHiHiqanfmprch4feKSXVIyPOICHmLibFGh\/mLSe\/Fx7XJCPeKSXXJSPNHyHaJyTGGh7lLCbmLCflLSjSIiLkLCbdKSXLHiC\/GB3KHh++Fh3lKyfoLiXcKCPkx8fYb2\/XaGfVXl3aU1LLHiDksbHgKibPICHbJyTfKSXbJyTCGB3KHSDiKybFGh7TIiL\/\/\/\/VIyPRISHIHB\/GGx\/HHB\/DGR7gKibdKCXLHiDZJiTMHiDNHyHYJSTOICHPICHWJCPcKCXXJSPjLCblLCf+\/f3NGR\/uLijzLynPGR\/IGB7WISHaIyLLGh7UAADxLynNAADRLzDbICLQAADIAAD3MCrUHSHXMTDpKSbLAADp5OTij4\/ejo\/VLy\/1LyngJSTcJCPQHx\/OHB7+\/PzaMS\/OLS\/vLijrLSjSAADaNTPwLyjkKSbNJCbYISHPHB\/KGB7WAAD7+vrn3d3aKynTKCjoLCfsKifRGh\/YAADq5+fhjo7QNDXXKCfmJyXt5+fTLzDLLi\/QKivYHRvMGBrQJCXLISPMExXLDxLaEAvkkI\/bOTfaFQ\/SCgpvLcnHAAAAmnRSTlMA+vv7+gT9Bvf9+8z8\/NSv\/Pr5+P7++vnQIBMP\/v38\/Pn348XDiCYf9OjbzcqxXVcx\/fz8+\/rj1r2poo1+fXFqX0orGP7+\/v7+\/fz8+\/r68uzn4trIxsG\/vri3p6GcmZSNbWVYUUZEPQv+\/f39+\/v7+\/v7+vr64tvV1NTTz87FtbSurqeblJKFg4B3bUY+NjL7+\/v7+\/v67t1cDo8JLQAABkRJREFUWMO0kz9rwkAYh0OIeJkum6YugUAhISCdKoj\/P4C7SMdS+gEKIhSKil10LSg4mzXkILdlEpxCpwTiWOLX6BujvQaEQuGeHLnL+\/64J+SIcKGYTYWnntpdLjrVdqvZmNdn0+EE40GtpuuWVS6Xx6N7YDSGpWXpeq02wHgynM7q80az1a52HpddtVcpsi1zFARBrdaxbhp9iUReTGmwA4KAAr7vx3EYejnCMI6hQYEgy0LQi4jUN0wL19vqFcUC9\/1dAKmEEFkWRYkh5oBejnxQJiSJPJ\/uKBp0Thszx9Mw8hMRIQjKsptCfuES9zr5WJY6vSFCIvE9fCMUmEM1A1kSXcYGxgVYsvI1IPKTZciSTI0us\/SMGG04gDzELDoFBwdcFJrF88dqgYMTiL6DILWYyfOWE8\/kIz38olCNlC03FK95+imxp6y4oUSvAnBjHHhKNtotSDqJzVFiK8c2SBqhZtsrTtgrLXwAyduxZHNE26eHUt5rtuM4WSmds3G+sUdWYo1L+XyxButoh5eKUHk5lByO3G1LqqCWVnfrv\/lyPtf\/4ps1cndNGIri8J1TJ0lx6dR\/oPjq1nbRwdp2dCk4CtIOLW3pVKRL6WZfS5vF2KkIQhpwSsjiYIgNCs1gEMGqiIq24NQX9NwoXFy8Ufrl3twTcg4fv8T9\/JBEySduj6Mjm4bMzYV7EEOxKjjoNDud7yY3Dy71Hq2oLmqfbNR723edH9PgMrNL2utoQ3VmaIDkiw\/4w51P06hlZsTZvkRrbVuSIs\/zwSOsycgzStQouoAkWQqioRT5XI7n2Z1wfVhoZmcAJLsoqjqpjbWCgpOAJXBwHK8PzWbNvoUZJND5wCnSkLAkZ1legx6vqQzjoiTahKlGUGLAiIIoABOHaNVw4sexZBym6\/HWlH5h3IC7yRbxtipcWxdTOkORKiNQAEkFf66x5S2oeRbroOlLgg0sSYkR0hRGEqJZ0jTPiQKatESdBckpWigxaapEH0lImHdWu9pUFF2XqMNM2Z4kped7IwEJw2qabwtrQqnpw6HyKkgcadKWsmpywwesDyIhYRpdzXddqegtGIJlXbAIUMOLkGxJUjRIkokwjUaX9d\/kK62ps\/tYUqZLIMkLTyBhsMZ3C5Z\/kDxOSCb\/DOs\/\/J0qcWSX\/2ipe56EgTCA4\/cB7NAYOsni4mZM1MUPAISoEwkDi4lhVBQ1cWQyIcwalw4EpqZN68JUSK7XC0kTlkLYii5uXSC8jT5ncCAS7mjCv0uHp\/3lueHEEAeQ\/\/VgmdN71\/2uCSA1Xr6DO6uI6sW56zqT2tp2PhgiRUAajV8CY2fkcz6WGNKMgLAt7tJAhD4YHMTeRxlALE6+43WqjSWi8ITxyJl8WrwWSNESQZZOqhDDntO3hJLsd5RtSpbJqdv3YrDJH3F7jL1R2O2aQkn2MyCyKYz0GPGIvSAMgBCrCEiJyKbBaYGwLW4uPRr0A0M4Ux5kUI7IBh+hMdiCEWNqhMZGyYMsOgNE58UQuEQeUnSWCMYwL54hkxK6IoqucQZbQ3pc3XtL0lky1dL0zZJJDpWJovFqpWj6JEHnyam2eQp5QRVAVHjWparTOaVwUOx99YS2MvgxIGV0bb+qIg2HX2qkFFJB+XZcbLiuRkuxD9GRroKyveLxdh4d7Orx+hb7qc3uVRuEogCOnyIxm4ubUoPgF4jianDrC+SDQDKEfJb0GUKmjCGPYHGJvVC6X4hw1\/sAfQAdfYyephIaspXe36RwOP+Ljvfx9B6B3i+Nk0DGq+oCbLn6JpBa9nWAveAIHwFAwtVcIJXPMPL8kRu5OAYPMaL1WScTxjiZDqB9LTJSWphow\/pTYKRTLjCBhvi9iBidvKcDasGSm0QQkycYuLBqj6QCELPctqChDWpTRMWkngNNpQ1Pfp1KkiT\/Y0DGffXAweUNfLAfaJFKDwhb6I+bkYRbkERoEeu3Fyjg2opMz2daZCS9jt6Q7txNfB+OZEVF6Zl5web2xunnLQrtrjXseXKaFYziYINeMFZVxS9VxRhOoesYwxPKXm+gWLG9cuFeq93UNNeJNsf1KlwuDok9n02n3TgIJpOxNfL9naIoQwXtfH9kjceTIIi709ncTg6LZbg+biLH1V6u\/7rxBem06VXKn9raAAAAAElFTkSuQmCC\")      no-repeat center center \/ contain;  }  @media screen and (max-width: 960px) and (orientation: portrait) {    .logo {      width: 100%;    }    .logo .pc-banner {      display: none;    }    .logo .m-banner {      display: block;      width: 100%;    }    .logo .m-banner img {      height: auto!important;    }    .ytvideo {      height: 200px;      width: 100%;    }  }<\/style><style>  .video-section {    width: 100%;    margin: 0 auto;  }  .video-section > img {    width: 100%;  }  .video-section iframe,  .video-section video {    width: 100%;    height: 100%;      }  .video-section-img-m,  .video-section-img-pc > img {    width: 100%;    height: auto;  }  .video-section-img-pc.small > img {    width: 970px;  }  .video-desc {    line-height: 1.5;    font-size: 20px;    font-weight: 400;    margin: 20px 0;    text-align: center;    color: #0f1111;    word-break: break-word;  }  @media screen and (max-width: 960px) and (orientation: portrait) {    .video-section {      width: 100%;    }    .video-section-pc,    .video-section-img-pc {      display: none;    }    .video-section-m,    .video-section-img-m {      display: block;    }    .video-desc {      font-size: 15px;    }  }  @media screen and (min-width: 960px) {    .video-section {      width: 100%;      margin: 0 auto;    }    .video-section-pc,    .video-section-img-pc {      display: block;    }    .video-section-m,    .video-section-img-m {      display: none;    }    .video-desc {      font-size: 20px;    }  }<\/style><style>  .section + .section {    margin-top: 35px;  }  .section-title {    text-align: center;    font-weight: bold;    color: #0d1111;    font-family: \"Arial\";    font-size: 32px;    margin: 15px 0;  }  .section-title:empty {    display: none;  }  .section-desc {    text-align: center;    font-weight: normal;    color: #0d1111;    margin-top: 20px;  }  .section-desc:empty {    display: none;  }  .section-img {    width: 1200px;    height: 492px;    margin: 0 auto;    display: block;  }  .section-img.small {    width: 970px;    height: auto;  }  .section-img.small > img {    height: auto;  }  .section-img > img {    width: 100%;    height: 100%;  }  .section-mobile-img {    display: none;    max-width: 100vw;    max-height: 75vw;    height: 450px;    margin: 0 auto;  }  .section-mobile-img > img {    width: 100%;    height: 100%;  }  @media screen and (max-width: 960px) and (orientation: portrait) {    .container {      width: 100%;    }    .container.small {      width: 100%;    }    .section-mobile-img {      display: block;    }    .section-img {      display: none;    }    .section-title {      font-size: 22px;      margin: 10px 0;    }    .section-desc {      margin-top: 10px;    }    .section + .section {      margin-top: 20px;    }  }<\/style><\/head><body><div class=\"container small\"><div class=\"logo\"><div class=\"pc-banner small\"><div><img decoding=\"async\" src=\"\/vevor\/vevor\/boutique-banner\/pc\/en-pc@1x.jpg\" style=\"width: 100%;\" \/><\/div><\/div><div class=\"m-banner\"><div><img decoding=\"async\" src=\"\/vevor\/vevor\/boutique-banner\/mobile\/en-m@1x.jpg\" style=\"width: 100%;\" \/><\/div><\/div><\/div><div class=\"section-title\">Dro\u0161\u012bbas margas no gr\u012bdas l\u012bdz griestiem<\/div><div class=\"video-section\"><div class=\"video-section-img-pc small\"><img decoding=\"async\" src=\"\/vevor\/product\/LDSAQFSHS710U66BR\/senior-safety-pole-a100-1.4-pt.jpg\" \/><\/div><div class=\"video-section-img-m\"><img decoding=\"async\" src=\"\/vevor\/product\/LDSAQFSHS710U66BR\/senior-safety-pole-a100-1.4-pt.jpg\" \/><\/div><div class=\"section-desc\">M\u016bsu satv\u0113riena stie\u0146a iztur\u012bba ir 136 kg (136 kg), kas nodro\u0161ina t\u0101 izmanto\u0161anu gu\u013camistab\u0101, vannas istab\u0101, tualet\u0113 utt. Ar regul\u0113jamu augstumu no 2,1 l\u012bdz 3 metriem (2,1\u20133,0 m), nav j\u0101uztraucas par griestu augstumu. Tas rot\u0113 par 360\u00b0 ar 45\u00b0 blo\u0137\u0113\u0161anas interv\u0101liem, nodro\u0161inot ide\u0101lu atbalsta le\u0146\u0137i, regul\u0113jot skr\u016bves.<\/div><\/div><div class=\"section\"><div class=\"section-title\"><\/div><div class=\"section-img small\"><img decoding=\"async\" src=\"\/vevor\/product\/LDSAQFSHS710U66BR\/senior-safety-pole-a100-2.2-pt.jpg\" \/><\/div><div class=\"section-mobile-img\"><img decoding=\"async\" src=\"\/vevor\/product\/LDSAQFSHS710U66BR\/senior-safety-pole-a100-2.2-pt.jpg\" \/><\/div><div class=\"section-desc\">Pievilk\u0161anas laik\u0101 griezes moments nedr\u012bkst b\u016bt maz\u0101ks par 22 Nm un liel\u0101ks par 33 Nm.<\/div><\/div><div class=\"section\"><div class=\"section-title\"><\/div><div class=\"section-img small\"><img decoding=\"async\" src=\"\/vevor\/product\/LDSAQFSHS710U66BR\/senior-safety-pole-a100-2.3-pt.jpg\" \/><\/div><div class=\"section-mobile-img\"><img decoding=\"async\" src=\"\/vevor\/product\/LDSAQFSHS710U66BR\/senior-safety-pole-a100-2.3-pt.jpg\" \/><\/div><div class=\"section-desc\">\u0160\u012bs uz gr\u012bdas st\u0101vo\u0161\u0101s dro\u0161\u012bbas margas nodro\u0161ina stabilu atbalstu. Biezsienu caurules un M veida margas nodro\u0161ina vienm\u0113r\u012bgu un dro\u0161u s\u0113d\u0113\u0161anu vai st\u0101v\u0113\u0161anu. Izgatavotas no augstas stipr\u012bbas met\u0101la ar lielu atbalsta virsmu, t\u0101s pied\u0101v\u0101 iztur\u012bgu un uzticamu atbalstu.<\/div><\/div><div class=\"section\"><div class=\"section-title\"><\/div><div class=\"section-img small\"><img decoding=\"async\" src=\"\/vevor\/product\/LDSAQFSHS710U66BR\/senior-safety-pole-a100-2.4-pt.jpg\" \/><\/div><div class=\"section-mobile-img\"><img decoding=\"async\" src=\"\/vevor\/product\/LDSAQFSHS710U66BR\/senior-safety-pole-a100-2.4-pt.jpg\" \/><\/div><div class=\"section-desc\">M\u016bsu p\u0101rvieto\u0161anas k\u0101tam ir pilns mont\u0101\u017eas piederumu komplekts. Vienk\u0101r\u0161\u0101 skr\u016bvju rot\u0101cijas mont\u0101\u017ea \u013cauj uzst\u0101d\u012bt bez urb\u0161anas. J\u016bs varat izv\u0113l\u0113ties mont\u0101\u017eu ar pagarin\u0101juma stieni A vai pagarin\u0101juma stieni B, pamatojoties uz augstumu no griestiem l\u012bdz gr\u012bdai, nodro\u0161inot ide\u0101lu atbilst\u012bbu j\u016bsu telpai.<\/div><\/div><div class=\"section\"><div class=\"section-title\"><\/div><div class=\"section-img small\"><img decoding=\"async\" src=\"\/vevor\/product\/LDSAQFSHS710U66BR\/senior-safety-pole-a100-2.5-pt.jpg\" \/><\/div><div class=\"section-mobile-img\"><img decoding=\"async\" src=\"\/vevor\/product\/LDSAQFSHS710U66BR\/senior-safety-pole-a100-2.5-pt.jpg\" \/><\/div><div class=\"section-desc\">Saliekot pagarin\u0101juma da\u013cas, \u0161is regul\u0113jamais gr\u012bdas l\u012bdz griestiem stienis pied\u0101v\u0101 3 augstuma iestat\u012bjumus, kas ir piem\u0113roti uzst\u0101d\u012b\u0161anai vannas istab\u0101s, gu\u013camistab\u0101s un viesistab\u0101s. To var \u0101tri izjaukt un salikt, lai izmantotu da\u017e\u0101d\u0101s viet\u0101s, piel\u0101gojoties \u0123imenes locek\u013ciem ar ierobe\u017eotu mobilit\u0101ti.<\/div><\/div><div class=\"section\"><div class=\"section-img small\"><img decoding=\"async\" src=\"\/vevor\/product\/LDSAQFSHS710U66BR\/senior-safety-pole-a100-1.11-pt.jpg\" \/><\/div><div class=\"section-mobile-img\"><img decoding=\"async\" src=\"\/vevor\/product\/LDSAQFSHS710U66BR\/senior-safety-pole-a100-1.11-pt.jpg\" \/><\/div><\/div><\/div><\/body><\/html><\/div>\n<div class=\"DM_at-title\" id=\"js-DM_at-title\"> <div>Produkta specifik\u0101cija<\/div> <i class=\"icon-arrowup_line\"><\/i> <\/div><div class=\"DM_at-goodsDescAttr\" id=\"js-DM_at-goodsDescAttr\"> <div class=\"DM_at-goodsDescAttrInner\"> <dl class=\"goodsDesc_item goodsDesc_item_even\"> <dt>Preces Mode\u013ca Numurs<\/dt> <dd> HFK-2414-B<\/dd> <\/dl> <dl class=\"goodsDesc_item\"> <dt>Preces izm\u0113ri (G x P x A)<\/dt> <dd> 21,65 x 8,46 x 120 collas \/ 550 x 215 x 3050 mm<\/dd> <\/dl> <dl class=\"goodsDesc_item goodsDesc_item_even\"> <dt>Galvenais materi\u0101ls<\/dt> <dd> Oglek\u013ca t\u0113rauds, alum\u012bnija sakaus\u0113jums<\/dd> <\/dl> <dl class=\"goodsDesc_item\"> <dt>Kr\u0101sa<\/dt> <dd> Melns<\/dd> <\/dl> <dl class=\"goodsDesc_item goodsDesc_item_even\"> <dt>Neto Svars<\/dt> <dd> 20,33 m\u0101rci\u0146as \/ 9,2 kg<\/dd> <\/dl> <dl class=\"goodsDesc_item\"> <dt>Piem\u0113rots griestu augstumiem<\/dt> <dd> 84,25\u2013120 collas \/ 2140\u20133050 mm<\/dd> <\/dl> <dl class=\"goodsDesc_item goodsDesc_item_even\"> <dt>Kravnes\u012bbas<\/dt> <dd> 300 m\u0101rci\u0146as \/ 136 kg<\/dd> <\/dl> <dl class=\"goodsDesc_item\"> <dt>Margu rot\u0101cijas le\u0146\u0137is<\/dt> <dd> 360\u00b0<\/dd> <\/dl> <\/div> <\/div>","protected":false},"excerpt":{"rendered":"<ul>\n<li> Piel\u0101gojams 2,1\u20133 metru griestu augstumam: M\u016bsu satv\u0113riena rokturi no gr\u012bdas l\u012bdz griestiem var piel\u0101got da\u017e\u0101diem griestu augstumiem atkar\u012bb\u0101 no j\u016bsu \u012bpa\u0161aj\u0101m vajadz\u012bb\u0101m. Tas ir sader\u012bgs ar griestu augstumu l\u012bdz pat 2,1 metru vannas istab\u0101m un tualet\u0113m, un l\u012bdz pat 3 metru telp\u0101m, piem\u0113ram, \u0113damistab\u0101m un dz\u012bvojam\u0101m istab\u0101m. <\/li>\n<li> 300 m\u0101rci\u0146u (aptuveni 136 kg) svara iztur\u012bba: \u0160\u012bs uz gr\u012bdas novietojam\u0101s dro\u0161\u012bbas margas var iztur\u0113t svaru l\u012bdz 300 m\u0101rci\u0146\u0101m (aptuveni 136 kg). Ar biezu sienu caurul\u0113m un pagarin\u0101t\u0101m marg\u0101m t\u0101s nodro\u0161ina sp\u0113c\u012bgu atbalsta diapazonu, \u013caujot dro\u0161i izmantot dro\u0161\u012bbas margas da\u017e\u0101d\u0101s viet\u0101s. <\/li>\n<li> Rot\u0101cijas funkcija: P\u0101rvieto\u0161anas stienis pied\u0101v\u0101 360\u00b0 rot\u0101cijas funkciju. Vienk\u0101r\u0161i noregul\u0113jiet aug\u0161\u0113jo un apak\u0161\u0113jo skr\u016bvju stingr\u012bbu, lai uzst\u0101d\u012btu margu. Tas fiks\u0113jas ik p\u0113c 45\u00b0 interv\u0101la. <\/li>\n<li> Iztur\u012bgs un ilgm\u016b\u017e\u012bgs: \u0160is senioru dro\u0161\u012bbas stabs ir izgatavots no augstas stipr\u012bbas met\u0101la segmentiem, kas nodro\u0161ina augstu atbalsta kapacit\u0101ti, vienlaikus samazinot nodilumu un pretojoties erozijai no du\u0161as miglas un put\u0101m. <\/li>\n<li> Vienk\u0101r\u0161a uzst\u0101d\u012b\u0161ana: M\u016bsu spriegotajam p\u0101rvieto\u0161anas k\u0101tam nav nepiecie\u0161ama urb\u0161ana. Spir\u0101lveida mont\u0101\u017eas metode \u013cauj viegli pabeigt uzst\u0101d\u012b\u0161anu un pagarin\u0101t to v\u0113lamaj\u0101 augstum\u0101 da\u017e\u0101d\u0101s viet\u0101s. <\/li>\n<\/ul>","protected":false},"featured_media":382009,"comment_status":"open","ping_status":"open","template":"","meta":{"om_disable_all_campaigns":false,"_monsterinsights_skip_tracking":false,"_monsterinsights_sitenote_active":false,"_monsterinsights_sitenote_note":"","_monsterinsights_sitenote_category":0,"_uf_show_specific_survey":0,"_uf_disable_surveys":false},"location":[1935,1934],"product_brand":[21],"product_cat":[2647,3668,3712,5046],"product_tag":[],"class_list":{"0":"post-159836","1":"product","2":"type-product","3":"status-publish","4":"has-post-thumbnail","6":"location-supplier_stock_location","7":"location-local_stock_location","8":"product_brand-vevor","9":"product_cat-bath","10":"product_cat-bathroom-safety","11":"product_cat-grab-bars-bathroom-safety","12":"product_cat-safety-handrail","14":"first","15":"instock","16":"taxable","17":"shipping-taxable","18":"purchasable","19":"product-type-simple"},"aioseo_notices":[],"jetpack_sharing_enabled":true,"locations":[{"id":1935,"name":"Pieg\u0101d\u0101t\u0101ja noliktav\u0101 (5-7d.d.)","slug":"supplier_stock_location","quantity":"83"},{"id":1934,"name":"R\u012bgas veikal\u0101 (0-2d.d.)","slug":"local_stock_location","quantity":"0"}],"_links":{"self":[{"href":"https:\/\/vevorshop.lv\/lv\/wp-json\/wp\/v2\/product\/159836","targetHints":{"allow":["GET"]}}],"collection":[{"href":"https:\/\/vevorshop.lv\/lv\/wp-json\/wp\/v2\/product"}],"about":[{"href":"https:\/\/vevorshop.lv\/lv\/wp-json\/wp\/v2\/types\/product"}],"replies":[{"embeddable":true,"href":"https:\/\/vevorshop.lv\/lv\/wp-json\/wp\/v2\/comments?post=159836"}],"wp:featuredmedia":[{"embeddable":true,"href":"https:\/\/vevorshop.lv\/lv\/wp-json\/wp\/v2\/media\/382009"}],"wp:attachment":[{"href":"https:\/\/vevorshop.lv\/lv\/wp-json\/wp\/v2\/media?parent=159836"}],"wp:term":[{"taxonomy":"location","embeddable":true,"href":"https:\/\/vevorshop.lv\/lv\/wp-json\/wp\/v2\/location?post=159836"},{"taxonomy":"product_brand","embeddable":true,"href":"https:\/\/vevorshop.lv\/lv\/wp-json\/wp\/v2\/product_brand?post=159836"},{"taxonomy":"product_cat","embeddable":true,"href":"https:\/\/vevorshop.lv\/lv\/wp-json\/wp\/v2\/product_cat?post=159836"},{"taxonomy":"product_tag","embeddable":true,"href":"https:\/\/vevorshop.lv\/lv\/wp-json\/wp\/v2\/product_tag?post=159836"}],"curies":[{"name":"wp","href":"https:\/\/api.w.org\/{rel}","templated":true}]}}