{"id":160177,"date":"2025-04-09T10:43:06","date_gmt":"2025-04-09T10:43:06","guid":{"rendered":"https:\/\/vevorshop.lv\/en_us\/Prece\/vevor-4-tier-spice-rack-organizer-with-36-glass-jars-wall-or-countertop-mount-45x28-cm-steel-kitchen-storage-shelf\/"},"modified":"2026-04-05T20:10:57","modified_gmt":"2026-04-05T17:10:57","slug":"vevor-4-tier-spice-rack-organizer-with-36-glass-jars-wall-or-countertop-mount-45x28-cm-steel-kitchen-storage-shelf","status":"publish","type":"product","link":"https:\/\/vevorshop.lv\/lv\/Prece\/vevor-4-limenu-garsvielu-plaukts-ar-36-stikla-burcinam-sienas-vai-darba-virsmas-stiprinajums-45x28-cm-terauda-virtuves-plaukta-turetajs\/","title":{"rendered":"VEVOR 4 l\u012bme\u0146u gar\u0161vielu plauktu organizators ar 36 stikla burci\u0146\u0101m, eti\u0137et\u0113m un piltuvi \u2013 sienas stiprin\u0101jumu vai galda virsmu, 45 \u00d7 28 cm virtuves uzglab\u0101\u0161ana"},"content":{"rendered":"<div style=\"color: #fff!important; font-size: 16px; height: 24px; line-height: 24px; margin-top: -24px; \" class=\"product_original_name\">VEVOR gar\u0161vielu plauktu organizators skapim, gar\u0161vielu organizators ar 36 tuk\u0161\u0101m gar\u0161vielu burci\u0146\u0101m, v\u0101kiem, gar\u0161vielu eti\u0137et\u0113m un piltuves komplektu, gar\u0161vielu organizators galda virsmai, virtuvei, pieliekamajam, skapim, 18x11 collas<\/div>\n<div style=\"color: #fff!important; font-size: 16px; height: 24px; line-height: 24px; margin-top: -24px; \" class=\"product_sku\">M99SQ9DG<\/div>\n<div style=\"color: #fff!important; font-size: 16px; height: 24px; line-height: 24px; margin-top: -24px; \" class=\"product_mpn\">TMSDLJTZCF36S586YV0<\/div><div id=\"js-DM_at-goodDescRich\"><html><head><style>  body {    font-family: Arial;    line-height: 1.5;    color: #1c1c1c;    overflow-x: hidden;    margin: 0;    padding: 0;  }  .MsoNormal b {    font-weight: bolder;  }<\/style><style>  .container.small {    width: 970px;    margin: 0 auto;  }  .logo {    margin: 0 auto 0;  }  .logo img {    display: block;    margin: 0 auto;    max-width: 100%;  }  .logo .pc-banner {    display: block;    width: 1200px;    height: 247.4px;    margin: 0 auto;  }  .logo .pc-banner.small {    width: 970px;  }  .logo .pc-banner.small img {    height: auto!important;  }  .logo .m-banner {    display: none;  }  .ytvideo {    position: relative;    height: 546px;    width: 100%;    margin: 0 auto;  }  .ytvideo img {    width: 100%;    margin: 0 auto;  }  .ytvideo .play-btn {    width: 60px;    height: 42px;    position: absolute;    top: 50%;    left: 50%;    transform: translate(-50%, -50%);    background: url(\"data:image\/png;base64,iVBORw0KGgoAAAANSUhEUgAAAGQAAABGCAMAAAANWMFbAAAC+lBMVEUAAADBGB3kLCfBGB3kLCfcJC7BFx3KKSbiKybkLCbWJCPSIiLSIiLPICHAFx3kLCfgKSXNHiDZJiTIGx\/p4eHcjo7LHSDbJyTkLCbjKyfOHyHPIiL28fHJHB\/GGh7EGR7eKCXDGB3RISHlLSbBGB3AFxzGHB7DGB7BGB3hKybkKybAFx3lLCfAFxzDGR3hKibDGB7cJyTmz8\/elJTlwcHjurrUIyLlLSflLSfAFx3DGR7lLSfCFx3hKibhKibhKybjKybkLCblLSfbJSX49vbx7e3NNzjNMTLMJyjVIyLZf3\/ZQ0LaeHjx0tLgoqLkLCfCGB3HGx\/BGB3BFx3PICHCGB7WJCLOHyC\/Fxy\/Fx3lLCfQISHkLSe\/FxzbJiTBFx3FGx\/AGB7BFx3EGR7AGB3HHSDfKiXAFh3TISHYNzbhKibbJyTTIiL57e325+f039\/v2NjUV1fOHiHiqanfmprch4feKSXVIyPOICHmLibFGh\/mLSe\/Fx7XJCPeKSXXJSPNHyHaJyTGGh7lLCbmLCflLSjSIiLkLCbdKSXLHiC\/GB3KHh++Fh3lKyfoLiXcKCPkx8fYb2\/XaGfVXl3aU1LLHiDksbHgKibPICHbJyTfKSXbJyTCGB3KHSDiKybFGh7TIiL\/\/\/\/VIyPRISHIHB\/GGx\/HHB\/DGR7gKibdKCXLHiDZJiTMHiDNHyHYJSTOICHPICHWJCPcKCXXJSPjLCblLCf+\/f3NGR\/uLijzLynPGR\/IGB7WISHaIyLLGh7UAADxLynNAADRLzDbICLQAADIAAD3MCrUHSHXMTDpKSbLAADp5OTij4\/ejo\/VLy\/1LyngJSTcJCPQHx\/OHB7+\/PzaMS\/OLS\/vLijrLSjSAADaNTPwLyjkKSbNJCbYISHPHB\/KGB7WAAD7+vrn3d3aKynTKCjoLCfsKifRGh\/YAADq5+fhjo7QNDXXKCfmJyXt5+fTLzDLLi\/QKivYHRvMGBrQJCXLISPMExXLDxLaEAvkkI\/bOTfaFQ\/SCgpvLcnHAAAAmnRSTlMA+vv7+gT9Bvf9+8z8\/NSv\/Pr5+P7++vnQIBMP\/v38\/Pn348XDiCYf9OjbzcqxXVcx\/fz8+\/rj1r2poo1+fXFqX0orGP7+\/v7+\/fz8+\/r68uzn4trIxsG\/vri3p6GcmZSNbWVYUUZEPQv+\/f39+\/v7+\/v7+vr64tvV1NTTz87FtbSurqeblJKFg4B3bUY+NjL7+\/v7+\/v67t1cDo8JLQAABkRJREFUWMO0kz9rwkAYh0OIeJkum6YugUAhISCdKoj\/P4C7SMdS+gEKIhSKil10LSg4mzXkILdlEpxCpwTiWOLX6BujvQaEQuGeHLnL+\/64J+SIcKGYTYWnntpdLjrVdqvZmNdn0+EE40GtpuuWVS6Xx6N7YDSGpWXpeq02wHgynM7q80az1a52HpddtVcpsi1zFARBrdaxbhp9iUReTGmwA4KAAr7vx3EYejnCMI6hQYEgy0LQi4jUN0wL19vqFcUC9\/1dAKmEEFkWRYkh5oBejnxQJiSJPJ\/uKBp0Thszx9Mw8hMRIQjKsptCfuES9zr5WJY6vSFCIvE9fCMUmEM1A1kSXcYGxgVYsvI1IPKTZciSTI0us\/SMGG04gDzELDoFBwdcFJrF88dqgYMTiL6DILWYyfOWE8\/kIz38olCNlC03FK95+imxp6y4oUSvAnBjHHhKNtotSDqJzVFiK8c2SBqhZtsrTtgrLXwAyduxZHNE26eHUt5rtuM4WSmds3G+sUdWYo1L+XyxButoh5eKUHk5lByO3G1LqqCWVnfrv\/lyPtf\/4ps1cndNGIri8J1TJ0lx6dR\/oPjq1nbRwdp2dCk4CtIOLW3pVKRL6WZfS5vF2KkIQhpwSsjiYIgNCs1gEMGqiIq24NQX9NwoXFy8Ufrl3twTcg4fv8T9\/JBEySduj6Mjm4bMzYV7EEOxKjjoNDud7yY3Dy71Hq2oLmqfbNR723edH9PgMrNL2utoQ3VmaIDkiw\/4w51P06hlZsTZvkRrbVuSIs\/zwSOsycgzStQouoAkWQqioRT5XI7n2Z1wfVhoZmcAJLsoqjqpjbWCgpOAJXBwHK8PzWbNvoUZJND5wCnSkLAkZ1legx6vqQzjoiTahKlGUGLAiIIoABOHaNVw4sexZBym6\/HWlH5h3IC7yRbxtipcWxdTOkORKiNQAEkFf66x5S2oeRbroOlLgg0sSYkR0hRGEqJZ0jTPiQKatESdBckpWigxaapEH0lImHdWu9pUFF2XqMNM2Z4kped7IwEJw2qabwtrQqnpw6HyKkgcadKWsmpywwesDyIhYRpdzXddqegtGIJlXbAIUMOLkGxJUjRIkokwjUaX9d\/kK62ps\/tYUqZLIMkLTyBhsMZ3C5Z\/kDxOSCb\/DOs\/\/J0qcWSX\/2ipe56EgTCA4\/cB7NAYOsni4mZM1MUPAISoEwkDi4lhVBQ1cWQyIcwalw4EpqZN68JUSK7XC0kTlkLYii5uXSC8jT5ncCAS7mjCv0uHp\/3lueHEEAeQ\/\/VgmdN71\/2uCSA1Xr6DO6uI6sW56zqT2tp2PhgiRUAajV8CY2fkcz6WGNKMgLAt7tJAhD4YHMTeRxlALE6+43WqjSWi8ITxyJl8WrwWSNESQZZOqhDDntO3hJLsd5RtSpbJqdv3YrDJH3F7jL1R2O2aQkn2MyCyKYz0GPGIvSAMgBCrCEiJyKbBaYGwLW4uPRr0A0M4Ux5kUI7IBh+hMdiCEWNqhMZGyYMsOgNE58UQuEQeUnSWCMYwL54hkxK6IoqucQZbQ3pc3XtL0lky1dL0zZJJDpWJovFqpWj6JEHnyam2eQp5QRVAVHjWparTOaVwUOx99YS2MvgxIGV0bb+qIg2HX2qkFFJB+XZcbLiuRkuxD9GRroKyveLxdh4d7Orx+hb7qc3uVRuEogCOnyIxm4ubUoPgF4jianDrC+SDQDKEfJb0GUKmjCGPYHGJvVC6X4hw1\/sAfQAdfYyephIaspXe36RwOP+Ljvfx9B6B3i+Nk0DGq+oCbLn6JpBa9nWAveAIHwFAwtVcIJXPMPL8kRu5OAYPMaL1WScTxjiZDqB9LTJSWphow\/pTYKRTLjCBhvi9iBidvKcDasGSm0QQkycYuLBqj6QCELPctqChDWpTRMWkngNNpQ1Pfp1KkiT\/Y0DGffXAweUNfLAfaJFKDwhb6I+bkYRbkERoEeu3Fyjg2opMz2daZCS9jt6Q7txNfB+OZEVF6Zl5web2xunnLQrtrjXseXKaFYziYINeMFZVxS9VxRhOoesYwxPKXm+gWLG9cuFeq93UNNeJNsf1KlwuDok9n02n3TgIJpOxNfL9naIoQwXtfH9kjceTIIi709ncTg6LZbg+biLH1V6u\/7rxBem06VXKn9raAAAAAElFTkSuQmCC\")      no-repeat center center \/ contain;  }  @media screen and (max-width: 960px) and (orientation: portrait) {    .logo {      width: 100%;    }    .logo .pc-banner {      display: none;    }    .logo .m-banner {      display: block;      width: 100%;    }    .logo .m-banner img {      height: auto!important;    }    .ytvideo {      height: 200px;      width: 100%;    }  }<\/style><style>  .video-section {    width: 100%;    margin: 0 auto;  }  .video-section > img {    width: 100%;  }  .video-section iframe,  .video-section video {    width: 100%;    height: 100%;      }  .video-section-img-m,  .video-section-img-pc > img {    width: 100%;    height: auto;  }  .video-section-img-pc.small > img {    width: 970px;  }  .video-desc {    line-height: 1.5;    font-size: 20px;    font-weight: 400;    margin: 20px 0;    text-align: center;    color: #0f1111;    word-break: break-word;  }  @media screen and (max-width: 960px) and (orientation: portrait) {    .video-section {      width: 100%;    }    .video-section-pc,    .video-section-img-pc {      display: none;    }    .video-section-m,    .video-section-img-m {      display: block;    }    .video-desc {      font-size: 15px;    }  }  @media screen and (min-width: 960px) {    .video-section {      width: 100%;      margin: 0 auto;    }    .video-section-pc,    .video-section-img-pc {      display: block;    }    .video-section-m,    .video-section-img-m {      display: none;    }    .video-desc {      font-size: 20px;    }  }<\/style><style>  .section + .section {    margin-top: 35px;  }  .section-title {    text-align: center;    font-weight: bold;    color: #0d1111;    font-family: \"Arial\";    font-size: 32px;    margin: 15px 0;  }  .section-title:empty {    display: none;  }  .section-desc {    text-align: center;    font-weight: normal;    color: #0d1111;    margin-top: 20px;  }  .section-desc:empty {    display: none;  }  .section-img {    width: 1200px;    height: 492px;    margin: 0 auto;    display: block;  }  .section-img.small {    width: 970px;    height: auto;  }  .section-img.small > img {    height: auto;  }  .section-img > img {    width: 100%;    height: 100%;  }  .section-mobile-img {    display: none;    max-width: 100vw;    max-height: 75vw;    height: 450px;    margin: 0 auto;  }  .section-mobile-img > img {    width: 100%;    height: 100%;  }  @media screen and (max-width: 960px) and (orientation: portrait) {    .container {      width: 100%;    }    .container.small {      width: 100%;    }    .section-mobile-img {      display: block;    }    .section-img {      display: none;    }    .section-title {      font-size: 22px;      margin: 10px 0;    }    .section-desc {      margin-top: 10px;    }    .section + .section {      margin-top: 20px;    }  }<\/style><\/head><body><div class=\"container\"><div class=\"logo\"><div class=\"pc-banner\"><div><img decoding=\"async\" src=\"\/vevor\/vevor\/boutique-banner\/pc\/en-pc@1x.jpg\" style=\"width: 100%;\" \/><\/div><\/div><div class=\"m-banner\"><div><img decoding=\"async\" src=\"\/vevor\/vevor\/boutique-banner\/mobile\/en-m@1x.jpg\" style=\"width: 100%;\" \/><\/div><\/div><\/div><div class=\"section-title\">Daudzfunkcion\u0101ls gar\u0161vielu plaukts da\u017e\u0101d\u0101m vajadz\u012bb\u0101m<\/div><div class=\"video-section\"><div class=\"video-section-img-pc\"><img decoding=\"async\" src=\"\/vevor\/product\/TMSDLJTZCF36S586Y\/spice-rack-organizer-a100-1.4.jpg\" \/><\/div><div class=\"video-section-img-m\"><img decoding=\"async\" src=\"\/vevor\/product\/TMSDLJTZCF36S586Y\/spice-rack-organizer-a100-1.4-m.jpg\" \/><\/div><div class=\"section-desc\">Daudzsl\u0101\u0146u strukt\u016bra nodro\u0161ina pla\u0161u uzglab\u0101\u0161anas vietu, kur\u0101 var ievietot vair\u0101kus gar\u0161vielu burci\u0146as. Neatkar\u012bgi no t\u0101, vai t\u0101s ir ikdienas lietas, piem\u0113ram, s\u0101ls un cukurs, vai \u012bpa\u0161as gar\u0161vielas, visam ir piem\u0113rota vieta.<\/div><\/div><div class=\"section\"><div class=\"section-title\"><\/div><div class=\"section-img\"><img decoding=\"async\" src=\"\/vevor\/product\/TMSDLJTZCF36S586Y\/spice-rack-organizer-a100-2.2.jpg\" \/><\/div><div class=\"section-mobile-img\"><img decoding=\"async\" src=\"\/vevor\/product\/TMSDLJTZCF36S586Y\/spice-rack-organizer-a100-2.2-m.jpg\" \/><\/div><div class=\"section-desc\">Katra stikla pudele ir izgatavota no caursp\u012bd\u012bgiem un dro\u0161iem materi\u0101liem. Caursp\u012bd\u012bg\u0101s pudeles nodro\u0161ina vieglu satura redzam\u012bbu \u0101trai identific\u0113\u0161anai.<\/div><\/div><div class=\"section\"><div class=\"section-title\"><\/div><div class=\"section-img\"><img decoding=\"async\" src=\"\/vevor\/product\/TMSDLJTZCF36S586Y\/spice-rack-organizer-a100-2.3.jpg\" \/><\/div><div class=\"section-mobile-img\"><img decoding=\"async\" src=\"\/vevor\/product\/TMSDLJTZCF36S586Y\/spice-rack-organizer-a100-2.3-m.jpg\" \/><\/div><div class=\"section-desc\">\u0160o vietu taupo\u0161o gar\u0161vielu uzglab\u0101\u0161anas komplektu var uzst\u0101d\u012bt gan uz darba virsmas, gan pie sienas. Novietojiet to uz darba virsmas, lai ietaup\u012btu vietu skap\u012bt\u012b, vai piestipriniet pie sienas, lai piln\u012bb\u0101 izmantotu vertik\u0101lo telpu, uzturot darba virsmu k\u0101rt\u012bgu un organiz\u0113tu.<\/div><\/div><div class=\"section\"><div class=\"section-title\"><\/div><div class=\"section-img\"><img decoding=\"async\" src=\"\/vevor\/product\/TMSDLJTZCF36S586Y\/spice-rack-organizer-a100-2.4.jpg\" \/><\/div><div class=\"section-mobile-img\"><img decoding=\"async\" src=\"\/vevor\/product\/TMSDLJTZCF36S586Y\/spice-rack-organizer-a100-2.4-m.jpg\" \/><\/div><div class=\"section-desc\">Daudzl\u012bme\u0146u strukt\u016bra gl\u012bti sak\u0101rto un par\u0101da j\u016bsu gar\u0161vielu pudeles, samazinot nek\u0101rt\u012bbu, vienlaikus maksim\u0101li palielinot darba virsmas vietu ikdienas \u0113diena gatavo\u0161anai un cit\u0101m aktivit\u0101t\u0113m.<\/div><\/div><div class=\"section\"><div class=\"section-title\"><\/div><div class=\"section-img\"><img decoding=\"async\" src=\"\/vevor\/product\/TMSDLJTZCF36S586Y\/spice-rack-organizer-a100-2.5.jpg\" \/><\/div><div class=\"section-mobile-img\"><img decoding=\"async\" src=\"\/vevor\/product\/TMSDLJTZCF36S586Y\/spice-rack-organizer-a100-2.5-m.jpg\" \/><\/div><div class=\"section-desc\">Katra deta\u013ca ir r\u016bp\u012bgi p\u0101rdom\u0101ta, s\u0101kot ar lietot\u0101jam draudz\u012bgu dizainu un beidzot ar izmantotajiem augstas kvalit\u0101tes materi\u0101liem. Viegli saliekamais plaukts nodro\u0161ina \u012bpa\u0161u r\u016bp\u012bbu, lai lieto\u0161anas laik\u0101 nodro\u0161in\u0101tu \u0113rtu un \u0113rtu pieredzi.<\/div><\/div><div class=\"section\"><div class=\"section-img\"><img decoding=\"async\" src=\"\/vevor\/product\/TMSDLJTZCF36S586Y\/spice-rack-organizer-a100-1.11.jpg\" \/><\/div><div class=\"section-mobile-img\"><img decoding=\"async\" src=\"\/vevor\/product\/TMSDLJTZCF36S586Y\/spice-rack-organizer-a100-1.11-m.jpg\" \/><\/div><\/div><\/div><\/body><\/html><\/div>\n<div class=\"DM_at-title\" id=\"js-DM_at-title\"> <div>Produkta specifik\u0101cija<\/div> <i class=\"icon-arrowup_line\"><\/i> <\/div><div class=\"DM_at-goodsDescAttr\" id=\"js-DM_at-goodsDescAttr\"> <div class=\"DM_at-goodsDescAttrInner\"> <dl class=\"goodsDesc_item goodsDesc_item_even\"> <dt>Preces Mode\u013ca Numurs<\/dt> <dd> LX-P9370<\/dd> <\/dl> <dl class=\"goodsDesc_item\"> <dt>Svars, Tilpums<\/dt> <dd> 22,05 m\u0101rci\u0146as \/ 10 kg<\/dd> <\/dl> <dl class=\"goodsDesc_item goodsDesc_item_even\"> <dt>L\u012bme\u0146u skaits<\/dt> <dd> 4<\/dd> <\/dl> <dl class=\"goodsDesc_item\"> <dt>Produkta neto svars<\/dt> <dd> 11,5 m\u0101rci\u0146as \/ 5,2 kg<\/dd> <\/dl> <dl class=\"goodsDesc_item goodsDesc_item_even\"> <dt>Produkta Izm\u0113ri<\/dt> <dd> 18,2 x 4,65 x 11,1 collas \/ 463 x 118 x 282 mm<\/dd> <\/dl> <\/div> <\/div>","protected":false},"excerpt":{"rendered":"<ul>\n<li> Liela ietilp\u012bba uzglab\u0101\u0161anai: \u0160is gar\u0161vielu plaukts ar 4 l\u012bme\u0146u s\u0101nu uzglab\u0101\u0161anas strukt\u016bru pied\u0101v\u0101 pietiekami daudz vietas, lai gl\u012bti uzglab\u0101tu pla\u0161u gar\u0161vielu kl\u0101stu. Neatkar\u012bgi no t\u0101, vai tie ir bie\u017ei lietoti produkti, piem\u0113ram, cukurs un s\u0101ls, vai neregul\u0101ri lietotas \u012bpa\u0161as gar\u0161vielas, visu var viegli sak\u0101rtot un piek\u013c\u016bt. Tas ir ide\u0101li piem\u0113rots m\u0101jsaimniec\u012bb\u0101m vai profesion\u0101l\u0101m virtuv\u0113m ar da\u017e\u0101d\u0101m gar\u0161vielu kolekcij\u0101m. <\/li>\n<li> Apr\u012bkots ar tuk\u0161\u0101m stikla burk\u0101m: \u0160aj\u0101 skap\u012b\u0161a organizatora plaukt\u0101 ir 36 tuk\u0161as stikla burkas, katra ar 113 g tilpumu. Divsl\u0101\u0146u v\u0101ka dizainam ir cie\u0161i piegu\u013co\u0161s alum\u012bnija \u0101r\u0113jais v\u0101ks un perfor\u0113ts plastmasas iek\u0161\u0113jais v\u0101ks, kas atvieglo gar\u0161vielu lieto\u0161anu, vienlaikus efekt\u012bvi nov\u0113r\u0161ot iz\u0161\u013cakst\u012b\u0161anos un mitrumu. <\/li>\n<li> Uz darba virsmas vai pie sienas stiprin\u0101ms: \u0160is darba virsmas plauktu pac\u0113l\u0101js elast\u012bgi piel\u0101gojas da\u017e\u0101d\u0101m virtuves telpas pras\u012bb\u0101m. To var dro\u0161i novietot uz darba virsmas, ietaupot vietu skap\u012bt\u012b, vai piestiprin\u0101t pie sienas, lai piln\u012bb\u0101 izmantotu vertik\u0101lo telpu, vienlaikus saglab\u0101jot k\u0101rt\u012bbu uz darba virsmas. Neatkar\u012bgi no uzst\u0101d\u012b\u0161anas iesp\u0113jas tas nodro\u0161ina stabilu atbalstu un \u0113rtu gar\u0161vielu organiz\u0113\u0161anu. <\/li>\n<li> Iztur\u012bgs un ilgm\u016b\u017e\u012bgs: Izgatavots no Q195 t\u0113rauda r\u0101mja, \u0161is pieliekam\u0101 organizators iev\u0113rojami palielina t\u0101 kravnes\u012bbu un struktur\u0101lo stabilit\u0101ti. Tas nodro\u0161ina, ka pat ar lielu skaitu gar\u0161vielu burci\u0146u plaukts viegli nedeform\u0113sies vai netiks boj\u0101ts. Tas ne tikai pagarina t\u0101 kalpo\u0161anas laiku, bet ar\u012b nodro\u0161ina dro\u0161u un uzticamu uzglab\u0101\u0161anas risin\u0101jumu. <\/li>\n<li> Daudzfunkcion\u0101ls: Ide\u0101li piem\u0113rots ne tikai gar\u0161vielu glab\u0101\u0161anai virtuv\u0113s un skap\u012b\u0161os, bet ar\u012b piel\u0101gojams da\u017e\u0101d\u0101m cit\u0101m vid\u0113m. Neatkar\u012bgi no t\u0101, vai tas ir paredz\u0113ts ikdienas \u0113diena gatavo\u0161anai, cep\u0161anai vai grila ball\u012bt\u0113m br\u012bv\u0101 dab\u0101, organizatora plauktu komplekts pied\u0101v\u0101 \u0113rtu un efekt\u012bvu gar\u0161vielu glab\u0101\u0161anu un atg\u016b\u0161anu. <\/li>\n<\/ul>","protected":false},"featured_media":382525,"comment_status":"open","ping_status":"open","template":"","meta":{"om_disable_all_campaigns":false,"_monsterinsights_skip_tracking":false,"_monsterinsights_sitenote_active":false,"_monsterinsights_sitenote_note":"","_monsterinsights_sitenote_category":0,"_uf_show_specific_survey":0,"_uf_disable_surveys":false},"location":[1935,1934],"product_brand":[21],"product_cat":[2403,2779,5056],"product_tag":[],"class_list":{"0":"post-160177","1":"product","2":"type-product","3":"status-publish","4":"has-post-thumbnail","6":"location-supplier_stock_location","7":"location-local_stock_location","8":"product_brand-vevor","9":"product_cat-kitchen","10":"product_cat-kitchen-storage-organization","11":"product_cat-spice-racks-kitchen-storage-organization","13":"first","14":"instock","15":"taxable","16":"shipping-taxable","17":"purchasable","18":"product-type-simple"},"aioseo_notices":[],"jetpack_sharing_enabled":true,"locations":[{"id":1935,"name":"Pieg\u0101d\u0101t\u0101ja noliktav\u0101 (5-7d.d.)","slug":"supplier_stock_location","quantity":"8"},{"id":1934,"name":"R\u012bgas veikal\u0101 (0-2d.d.)","slug":"local_stock_location","quantity":"0"}],"_links":{"self":[{"href":"https:\/\/vevorshop.lv\/lv\/wp-json\/wp\/v2\/product\/160177","targetHints":{"allow":["GET"]}}],"collection":[{"href":"https:\/\/vevorshop.lv\/lv\/wp-json\/wp\/v2\/product"}],"about":[{"href":"https:\/\/vevorshop.lv\/lv\/wp-json\/wp\/v2\/types\/product"}],"replies":[{"embeddable":true,"href":"https:\/\/vevorshop.lv\/lv\/wp-json\/wp\/v2\/comments?post=160177"}],"wp:featuredmedia":[{"embeddable":true,"href":"https:\/\/vevorshop.lv\/lv\/wp-json\/wp\/v2\/media\/382525"}],"wp:attachment":[{"href":"https:\/\/vevorshop.lv\/lv\/wp-json\/wp\/v2\/media?parent=160177"}],"wp:term":[{"taxonomy":"location","embeddable":true,"href":"https:\/\/vevorshop.lv\/lv\/wp-json\/wp\/v2\/location?post=160177"},{"taxonomy":"product_brand","embeddable":true,"href":"https:\/\/vevorshop.lv\/lv\/wp-json\/wp\/v2\/product_brand?post=160177"},{"taxonomy":"product_cat","embeddable":true,"href":"https:\/\/vevorshop.lv\/lv\/wp-json\/wp\/v2\/product_cat?post=160177"},{"taxonomy":"product_tag","embeddable":true,"href":"https:\/\/vevorshop.lv\/lv\/wp-json\/wp\/v2\/product_tag?post=160177"}],"curies":[{"name":"wp","href":"https:\/\/api.w.org\/{rel}","templated":true}]}}