{"id":160387,"date":"2025-04-11T04:04:41","date_gmt":"2025-04-11T04:04:41","guid":{"rendered":"https:\/\/vevorshop.lv\/en_us\/Prece\/vevor-65-piece-stainless-steel-cutlery-set-for-12-people-flatware-utensils-with-modern-design-dishwasher-safe\/"},"modified":"2026-04-23T07:31:48","modified_gmt":"2026-04-23T04:31:48","slug":"vevor-65-piece-stainless-steel-cutlery-set-for-12-people-flatware-utensils-with-modern-design-dishwasher-safe","status":"publish","type":"product","link":"https:\/\/vevorshop.lv\/lv\/Prece\/vevor-65-gab-nerusejosa-terauda-galda-piederumu-komplekts-12-personam-trauku-piederumi-ar-musdienigu-dizainu-kas-ir-drosi-mazgajami-trauku-mazgajama-masina\/","title":{"rendered":"VEVOR 65-da\u013c\u012bgs ner\u016bs\u0113jo\u0161\u0101 t\u0113rauda galda piederumu komplekts 12 person\u0101m, spogu\u013cp\u0101rkl\u0101jums, trauku mazg\u0101jam\u0101 ma\u0161\u012bn\u0101 mazg\u0101jams"},"content":{"rendered":"<div style=\"color: #fff!important; font-size: 16px; height: 24px; line-height: 24px; margin-top: -24px; \" class=\"product_original_name\">VEVOR 65-da\u013c\u012bgs sudraba trauku komplekts, p\u0101rtikas kvalit\u0101tes ner\u016bs\u0113jo\u0161\u0101 t\u0113rauda galda piederumu trauki, spogu\u013cu gatavu galda piederumu komplekts, trauku mazg\u0101jam\u0101 ma\u0161\u012bn\u0101 dro\u0161i \u0113dami galda piederumi virtuves m\u0101jai, serviss 12, iek\u013cauts na\u017ea dak\u0161as karote<\/div>\n<div style=\"color: #fff!important; font-size: 16px; height: 24px; line-height: 24px; margin-top: -24px; \" class=\"product_sku\">M9C9IV3R<\/div>\n<div style=\"color: #fff!important; font-size: 16px; height: 24px; line-height: 24px; margin-top: -24px; \" class=\"product_mpn\">304BXGCJTZ65LRCMSV0<\/div><div id=\"js-DM_at-goodDescRich\"><html><head><style>  body {    font-family: Arial;    line-height: 1.5;    color: #1c1c1c;    overflow-x: hidden;    margin: 0;    padding: 0;  }  .MsoNormal b {    font-weight: bolder;  }<\/style><style>  .container.small {    width: 970px;    margin: 0 auto;  }  .logo {    margin: 0 auto 0;  }  .logo img {    display: block;    margin: 0 auto;    max-width: 100%;  }  .logo .pc-banner {    display: block;    width: 1200px;    height: 247.4px;    margin: 0 auto;  }  .logo .pc-banner.small {    width: 970px;  }  .logo .pc-banner.small img {    height: auto!important;  }  .logo .m-banner {    display: none;  }  .ytvideo {    position: relative;    height: 546px;    width: 100%;    margin: 0 auto;  }  .ytvideo img {    width: 100%;    margin: 0 auto;  }  .ytvideo .play-btn {    width: 60px;    height: 42px;    position: absolute;    top: 50%;    left: 50%;    transform: translate(-50%, -50%);    background: url(\"data:image\/png;base64,iVBORw0KGgoAAAANSUhEUgAAAGQAAABGCAMAAAANWMFbAAAC+lBMVEUAAADBGB3kLCfBGB3kLCfcJC7BFx3KKSbiKybkLCbWJCPSIiLSIiLPICHAFx3kLCfgKSXNHiDZJiTIGx\/p4eHcjo7LHSDbJyTkLCbjKyfOHyHPIiL28fHJHB\/GGh7EGR7eKCXDGB3RISHlLSbBGB3AFxzGHB7DGB7BGB3hKybkKybAFx3lLCfAFxzDGR3hKibDGB7cJyTmz8\/elJTlwcHjurrUIyLlLSflLSfAFx3DGR7lLSfCFx3hKibhKibhKybjKybkLCblLSfbJSX49vbx7e3NNzjNMTLMJyjVIyLZf3\/ZQ0LaeHjx0tLgoqLkLCfCGB3HGx\/BGB3BFx3PICHCGB7WJCLOHyC\/Fxy\/Fx3lLCfQISHkLSe\/FxzbJiTBFx3FGx\/AGB7BFx3EGR7AGB3HHSDfKiXAFh3TISHYNzbhKibbJyTTIiL57e325+f039\/v2NjUV1fOHiHiqanfmprch4feKSXVIyPOICHmLibFGh\/mLSe\/Fx7XJCPeKSXXJSPNHyHaJyTGGh7lLCbmLCflLSjSIiLkLCbdKSXLHiC\/GB3KHh++Fh3lKyfoLiXcKCPkx8fYb2\/XaGfVXl3aU1LLHiDksbHgKibPICHbJyTfKSXbJyTCGB3KHSDiKybFGh7TIiL\/\/\/\/VIyPRISHIHB\/GGx\/HHB\/DGR7gKibdKCXLHiDZJiTMHiDNHyHYJSTOICHPICHWJCPcKCXXJSPjLCblLCf+\/f3NGR\/uLijzLynPGR\/IGB7WISHaIyLLGh7UAADxLynNAADRLzDbICLQAADIAAD3MCrUHSHXMTDpKSbLAADp5OTij4\/ejo\/VLy\/1LyngJSTcJCPQHx\/OHB7+\/PzaMS\/OLS\/vLijrLSjSAADaNTPwLyjkKSbNJCbYISHPHB\/KGB7WAAD7+vrn3d3aKynTKCjoLCfsKifRGh\/YAADq5+fhjo7QNDXXKCfmJyXt5+fTLzDLLi\/QKivYHRvMGBrQJCXLISPMExXLDxLaEAvkkI\/bOTfaFQ\/SCgpvLcnHAAAAmnRSTlMA+vv7+gT9Bvf9+8z8\/NSv\/Pr5+P7++vnQIBMP\/v38\/Pn348XDiCYf9OjbzcqxXVcx\/fz8+\/rj1r2poo1+fXFqX0orGP7+\/v7+\/fz8+\/r68uzn4trIxsG\/vri3p6GcmZSNbWVYUUZEPQv+\/f39+\/v7+\/v7+vr64tvV1NTTz87FtbSurqeblJKFg4B3bUY+NjL7+\/v7+\/v67t1cDo8JLQAABkRJREFUWMO0kz9rwkAYh0OIeJkum6YugUAhISCdKoj\/P4C7SMdS+gEKIhSKil10LSg4mzXkILdlEpxCpwTiWOLX6BujvQaEQuGeHLnL+\/64J+SIcKGYTYWnntpdLjrVdqvZmNdn0+EE40GtpuuWVS6Xx6N7YDSGpWXpeq02wHgynM7q80az1a52HpddtVcpsi1zFARBrdaxbhp9iUReTGmwA4KAAr7vx3EYejnCMI6hQYEgy0LQi4jUN0wL19vqFcUC9\/1dAKmEEFkWRYkh5oBejnxQJiSJPJ\/uKBp0Thszx9Mw8hMRIQjKsptCfuES9zr5WJY6vSFCIvE9fCMUmEM1A1kSXcYGxgVYsvI1IPKTZciSTI0us\/SMGG04gDzELDoFBwdcFJrF88dqgYMTiL6DILWYyfOWE8\/kIz38olCNlC03FK95+imxp6y4oUSvAnBjHHhKNtotSDqJzVFiK8c2SBqhZtsrTtgrLXwAyduxZHNE26eHUt5rtuM4WSmds3G+sUdWYo1L+XyxButoh5eKUHk5lByO3G1LqqCWVnfrv\/lyPtf\/4ps1cndNGIri8J1TJ0lx6dR\/oPjq1nbRwdp2dCk4CtIOLW3pVKRL6WZfS5vF2KkIQhpwSsjiYIgNCs1gEMGqiIq24NQX9NwoXFy8Ufrl3twTcg4fv8T9\/JBEySduj6Mjm4bMzYV7EEOxKjjoNDud7yY3Dy71Hq2oLmqfbNR723edH9PgMrNL2utoQ3VmaIDkiw\/4w51P06hlZsTZvkRrbVuSIs\/zwSOsycgzStQouoAkWQqioRT5XI7n2Z1wfVhoZmcAJLsoqjqpjbWCgpOAJXBwHK8PzWbNvoUZJND5wCnSkLAkZ1legx6vqQzjoiTahKlGUGLAiIIoABOHaNVw4sexZBym6\/HWlH5h3IC7yRbxtipcWxdTOkORKiNQAEkFf66x5S2oeRbroOlLgg0sSYkR0hRGEqJZ0jTPiQKatESdBckpWigxaapEH0lImHdWu9pUFF2XqMNM2Z4kped7IwEJw2qabwtrQqnpw6HyKkgcadKWsmpywwesDyIhYRpdzXddqegtGIJlXbAIUMOLkGxJUjRIkokwjUaX9d\/kK62ps\/tYUqZLIMkLTyBhsMZ3C5Z\/kDxOSCb\/DOs\/\/J0qcWSX\/2ipe56EgTCA4\/cB7NAYOsni4mZM1MUPAISoEwkDi4lhVBQ1cWQyIcwalw4EpqZN68JUSK7XC0kTlkLYii5uXSC8jT5ncCAS7mjCv0uHp\/3lueHEEAeQ\/\/VgmdN71\/2uCSA1Xr6DO6uI6sW56zqT2tp2PhgiRUAajV8CY2fkcz6WGNKMgLAt7tJAhD4YHMTeRxlALE6+43WqjSWi8ITxyJl8WrwWSNESQZZOqhDDntO3hJLsd5RtSpbJqdv3YrDJH3F7jL1R2O2aQkn2MyCyKYz0GPGIvSAMgBCrCEiJyKbBaYGwLW4uPRr0A0M4Ux5kUI7IBh+hMdiCEWNqhMZGyYMsOgNE58UQuEQeUnSWCMYwL54hkxK6IoqucQZbQ3pc3XtL0lky1dL0zZJJDpWJovFqpWj6JEHnyam2eQp5QRVAVHjWparTOaVwUOx99YS2MvgxIGV0bb+qIg2HX2qkFFJB+XZcbLiuRkuxD9GRroKyveLxdh4d7Orx+hb7qc3uVRuEogCOnyIxm4ubUoPgF4jianDrC+SDQDKEfJb0GUKmjCGPYHGJvVC6X4hw1\/sAfQAdfYyephIaspXe36RwOP+Ljvfx9B6B3i+Nk0DGq+oCbLn6JpBa9nWAveAIHwFAwtVcIJXPMPL8kRu5OAYPMaL1WScTxjiZDqB9LTJSWphow\/pTYKRTLjCBhvi9iBidvKcDasGSm0QQkycYuLBqj6QCELPctqChDWpTRMWkngNNpQ1Pfp1KkiT\/Y0DGffXAweUNfLAfaJFKDwhb6I+bkYRbkERoEeu3Fyjg2opMz2daZCS9jt6Q7txNfB+OZEVF6Zl5web2xunnLQrtrjXseXKaFYziYINeMFZVxS9VxRhOoesYwxPKXm+gWLG9cuFeq93UNNeJNsf1KlwuDok9n02n3TgIJpOxNfL9naIoQwXtfH9kjceTIIi709ncTg6LZbg+biLH1V6u\/7rxBem06VXKn9raAAAAAElFTkSuQmCC\")      no-repeat center center \/ contain;  }  @media screen and (max-width: 960px) and (orientation: portrait) {    .logo {      width: 100%;    }    .logo .pc-banner {      display: none;    }    .logo .m-banner {      display: block;      width: 100%;    }    .logo .m-banner img {      height: auto!important;    }    .ytvideo {      height: 200px;      width: 100%;    }  }<\/style><style>  .video-section {    width: 100%;    margin: 0 auto;  }  .video-section > img {    width: 100%;  }  .video-section iframe,  .video-section video {    width: 100%;    height: 100%;      }  .video-section-img-m,  .video-section-img-pc > img {    width: 100%;    height: auto;  }  .video-section-img-pc.small > img {    width: 970px;  }  .video-desc {    line-height: 1.5;    font-size: 20px;    font-weight: 400;    margin: 20px 0;    text-align: center;    color: #0f1111;    word-break: break-word;  }  @media screen and (max-width: 960px) and (orientation: portrait) {    .video-section {      width: 100%;    }    .video-section-pc,    .video-section-img-pc {      display: none;    }    .video-section-m,    .video-section-img-m {      display: block;    }    .video-desc {      font-size: 15px;    }  }  @media screen and (min-width: 960px) {    .video-section {      width: 100%;      margin: 0 auto;    }    .video-section-pc,    .video-section-img-pc {      display: block;    }    .video-section-m,    .video-section-img-m {      display: none;    }    .video-desc {      font-size: 20px;    }  }<\/style><style>  .section + .section {    margin-top: 35px;  }  .section-title {    text-align: center;    font-weight: bold;    color: #0d1111;    font-family: \"Arial\";    font-size: 32px;    margin: 15px 0;  }  .section-title:empty {    display: none;  }  .section-desc {    text-align: center;    font-weight: normal;    color: #0d1111;    margin-top: 20px;  }  .section-desc:empty {    display: none;  }  .section-img {    width: 1200px;    height: 492px;    margin: 0 auto;    display: block;  }  .section-img.small {    width: 970px;    height: auto;  }  .section-img.small > img {    height: auto;  }  .section-img > img {    width: 100%;    height: 100%;  }  .section-mobile-img {    display: none;    max-width: 100vw;    max-height: 75vw;    height: 450px;    margin: 0 auto;  }  .section-mobile-img > img {    width: 100%;    height: 100%;  }  @media screen and (max-width: 960px) and (orientation: portrait) {    .container {      width: 100%;    }    .container.small {      width: 100%;    }    .section-mobile-img {      display: block;    }    .section-img {      display: none;    }    .section-title {      font-size: 22px;      margin: 10px 0;    }    .section-desc {      margin-top: 10px;    }    .section + .section {      margin-top: 20px;    }  }<\/style><\/head><body><div class=\"container small\"><div class=\"logo\"><div class=\"pc-banner small\"><div><img decoding=\"async\" src=\"\/vevor\/vevor\/boutique-banner\/pc\/en-pc@1x.jpg\" style=\"width: 100%;\" \/><\/div><\/div><div class=\"m-banner\"><div><img decoding=\"async\" src=\"\/vevor\/vevor\/boutique-banner\/mobile\/en-m@1x.jpg\" style=\"width: 100%;\" \/><\/div><\/div><\/div><div class=\"section-title\">65 da\u013cu komplekts<\/div><div class=\"video-section\"><div class=\"video-section-img-pc small\"><img decoding=\"async\" src=\"\/vevor\/product\/304BXGCJTZ65LRCMS\/silverware-set-a100-1.4-pt.jpg\" \/><\/div><div class=\"video-section-img-m\"><img decoding=\"async\" src=\"\/vevor\/product\/304BXGCJTZ65LRCMS\/silverware-set-a100-1.4-pt.jpg\" \/><\/div><div class=\"section-desc\">Augstas klases galda piederumu komplekts, kas ir nepiecie\u0161ams gan lieto\u0161anai m\u0101j\u0101s, gan restor\u0101n\u0101. Neatkar\u012bgi no t\u0101, vai tas ir ikdienas malt\u012btes baud\u012b\u0161anai, \u0113diena gatavo\u0161anai vai ball\u012btes r\u012bko\u0161anai, \u0161is galda piederumu komplekts ir neaizst\u0101jams instruments ikvien\u0101 malt\u012btes reiz\u0113.<\/div><\/div><div class=\"section\"><div class=\"section-title\"><\/div><div class=\"section-img small\"><img decoding=\"async\" src=\"\/vevor\/product\/304BXGCJTZ65LRCMS\/silverware-set-a100-2.2-pt.jpg\" \/><\/div><div class=\"section-mobile-img\"><img decoding=\"async\" src=\"\/vevor\/product\/304BXGCJTZ65LRCMS\/silverware-set-a100-2.2-pt.jpg\" \/><\/div><div class=\"section-desc\">Izgatavots no augst\u0101k\u0101s klases 18\/10 ner\u016bs\u0113jo\u0161\u0101 t\u0113rauda, \u200b\u200b\u0161is galda piederumu komplekts ir iztur\u012bgs, korozijiztur\u012bgs, ner\u016bs\u0113jo\u0161s un labi l\u012bdzsvarots. Glud\u0101s malas nodro\u0161ina komfortu lieto\u0161anas laik\u0101. Dro\u0161i mazg\u0101jams trauku mazg\u0101jamaj\u0101 ma\u0161\u012bn\u0101, ar perfektu svaru un biezumu \u0113rtai lieto\u0161anai, nodro\u0161inot ilgsto\u0161u iztur\u012bbu.<\/div><\/div><div class=\"section\"><div class=\"section-title\"><\/div><div class=\"section-img small\"><img decoding=\"async\" src=\"\/vevor\/product\/304BXGCJTZ65LRCMS\/silverware-set-a100-2.3-pt.jpg\" \/><\/div><div class=\"section-mobile-img\"><img decoding=\"async\" src=\"\/vevor\/product\/304BXGCJTZ65LRCMS\/silverware-set-a100-2.3-pt.jpg\" \/><\/div><div class=\"section-desc\">\u0160aj\u0101 komplekt\u0101 ietilpst 2 karo\u0161u veidi, 2 dak\u0161i\u0146u veidi, 1 na\u017ea veids un 1 serv\u0113\u0161anas komplekts, tostarp deserta karotes, pusdienu karotes, pusdienu na\u017ei, deserta dak\u0161i\u0146as, pusdienu dak\u0161i\u0146as, serv\u0113\u0161anas dak\u0161i\u0146as, serv\u0113\u0161anas karote, cukura karote, sviesta nazis un siets, lai apmierin\u0101tu j\u016bsu ikdienas \u0113din\u0101\u0161anas vajadz\u012bbas.<\/div><\/div><div class=\"section\"><div class=\"section-title\"><\/div><div class=\"section-img small\"><img decoding=\"async\" src=\"\/vevor\/product\/304BXGCJTZ65LRCMS\/silverware-set-a100-2.4-pt.jpg\" \/><\/div><div class=\"section-mobile-img\"><img decoding=\"async\" src=\"\/vevor\/product\/304BXGCJTZ65LRCMS\/silverware-set-a100-2.4-pt.jpg\" \/><\/div><div class=\"section-desc\">Galda piederumu komplektam ir elegants un moderns dizains, kas viegli papildin\u0101s da\u017e\u0101dus galda kl\u0101jumus, s\u0101kot no ikdienas malt\u012bt\u0113m l\u012bdz ofici\u0101liem pas\u0101kumiem. T\u0101 izsmalcin\u0101tais stils uzlabos j\u016bsu malt\u012btes pieredzi.<\/div><\/div><div class=\"section\"><div class=\"section-title\"><\/div><div class=\"section-img small\"><img decoding=\"async\" src=\"\/vevor\/product\/304BXGCJTZ65LRCMS\/silverware-set-a100-2.5-pt.jpg\" \/><\/div><div class=\"section-mobile-img\"><img decoding=\"async\" src=\"\/vevor\/product\/304BXGCJTZ65LRCMS\/silverware-set-a100-2.5-pt.jpg\" \/><\/div><div class=\"section-desc\">\u0160is izsmalcin\u0101tais galda piederumu komplekts ir praktiska un stil\u012bga izv\u0113le m\u0101j\u0101m, viesn\u012bc\u0101m, virtuv\u0113m, ball\u012bt\u0113m, kempingiem, piknikiem, restor\u0101niem, k\u0101z\u0101m un citur. Tas pie\u0161\u0137irs j\u016bsu dz\u012bvesveidam izsmalcin\u0101t\u012bbas piesk\u0101rienu, padarot to par lielisku d\u0101vanu iek\u0101rto\u0161an\u0101s ball\u012bt\u0113s un \u012bpa\u0161os gad\u012bjumos.<\/div><\/div><div class=\"section\"><div class=\"section-img small\"><img decoding=\"async\" src=\"\/vevor\/product\/304BXGCJTZ65LRCMS\/silverware-set-a100-1.11-pt.jpg\" \/><\/div><div class=\"section-mobile-img\"><img decoding=\"async\" src=\"\/vevor\/product\/304BXGCJTZ65LRCMS\/silverware-set-a100-1.11-pt.jpg\" \/><\/div><\/div><\/div><\/body><\/html><\/div>\n<div class=\"DM_at-title\" id=\"js-DM_at-title\"> <div>Produkta specifik\u0101cija<\/div> <i class=\"icon-arrowup_line\"><\/i> <\/div><div class=\"DM_at-goodsDescAttr\" id=\"js-DM_at-goodsDescAttr\"> <div class=\"DM_at-goodsDescAttrInner\"> <dl class=\"goodsDesc_item goodsDesc_item_even\"> <dt>Preces Mode\u013ca Numurs<\/dt> <dd> 3316-65P<\/dd> <\/dl> <dl class=\"goodsDesc_item\"> <dt>Kr\u0101sa<\/dt> <dd> Ner\u016bs\u0113jo\u0161\u0101 T\u0113rauda<\/dd> <\/dl> <dl class=\"goodsDesc_item goodsDesc_item_even\"> <dt>Veids<\/dt> <dd> Deserta karotes, vakari\u0146u karotes, vakari\u0146u na\u017ei, deserta dak\u0161i\u0146as, vakari\u0146u dak\u0161i\u0146as, serv\u0113\u0161anas komplekts<\/dd> <\/dl> <dl class=\"goodsDesc_item\"> <dt>Produkta Svars<\/dt> <dd> 9 m\u0101rci\u0146as \/ 4,1 kg<\/dd> <\/dl> <\/div> <\/div>","protected":false},"excerpt":{"rendered":"<ul>\n<li> 65 da\u013cu galda piederumu komplekts: \u0160aj\u0101 galda piederumu komplekt\u0101 ietilpst 12 deserta karotes, 12 pusdienu karotes, 12 pusdienu na\u017ei, 12 deserta dak\u0161i\u0146as, 12 pusdienu dak\u0161i\u0146as, 1 serv\u0113\u0161anas dak\u0161i\u0146a, 1 serv\u0113\u0161anas karote, 1 cukura karote, 1 sviesta nazis un 1 siets, padarot to par neaizst\u0101jamu priek\u0161metu gan m\u0101j\u0101s, gan restor\u0101n\u0101. Neatkar\u012bgi no t\u0101, vai tas ir paredz\u0113ts ikdienas malt\u012bt\u0113m, vakari\u0146u gatavo\u0161anai vai ball\u012bt\u0113m, \u0161is galda piederumu komplekts ir neaizst\u0101jams \u0113damistabas r\u012bks. <\/li>\n<li> Augstas kvalit\u0101tes ner\u016bs\u0113jo\u0161ais t\u0113rauds: Izgatavots no augst\u0101k\u0101s kvalit\u0101tes 18\/10 ner\u016bs\u0113jo\u0161\u0101 t\u0113rauda, \u200b\u200b\u0161is galda piederumu komplekts ir iztur\u012bgs, iztur\u012bgs pret koroziju un r\u016bsu, k\u0101 ar\u012b ar lielisku l\u012bdzsvaru. Glud\u0101s malas dizains nodro\u0161ina komfortu lieto\u0161anas laik\u0101. Dro\u0161i mazg\u0101jams trauku mazg\u0101jamaj\u0101 ma\u0161\u012bn\u0101 un perfekti nosv\u0113rts, tas ir paredz\u0113ts ilgsto\u0161ai lieto\u0161anai. <\/li>\n<li> Moderns un elegants dizains: Atk\u0101rtoti lietojamie galda piederumu komplekti m\u0101jas restor\u0101nam ir veidoti ar elegantu, modernu dizainu, kas viegli papildin\u0101s da\u017e\u0101dus galda kl\u0101jumus, s\u0101kot no ikdienas malt\u012bt\u0113m l\u012bdz pat svin\u012bgiem pas\u0101kumiem. To izsmalcin\u0101tais stils uzlabos j\u016bsu malt\u012btes pieredzi. <\/li>\n<li> Viegli t\u012br\u0101ms: Izgatavots no augstas kvalit\u0101tes materi\u0101liem, \u0161is virtuves piederumu komplekts ir dro\u0161s mazg\u0101\u0161anai trauku mazg\u0101jam\u0101 ma\u0161\u012bn\u0101 un ar\u012b viegli mazg\u0101jams ar rok\u0101m. Piez\u012bme: Izvairieties no t\u0113rauda suku, cietu s\u016bk\u013cu vai citu abraz\u012bvu t\u012br\u012b\u0161anas l\u012bdzek\u013cu lieto\u0161anas, lai nov\u0113rstu nevajadz\u012bgas skr\u0101p\u0113jumus apdar\u0113. Pirms galda piederumu glab\u0101\u0161anas atvilktn\u0113 noteikti \u013caujiet tiem piln\u012bb\u0101 no\u017e\u016bt. <\/li>\n<li> Daudzpus\u012bgs pielietojums: \u0160ie elegantie, iztur\u012bgie ner\u016bs\u0113jo\u0161\u0101 t\u0113rauda galda piederumi ir praktiska un stil\u012bga izv\u0113le j\u016bsu m\u0101j\u0101m, viesn\u012bcai, virtuvei, ball\u012bt\u0113m, kempingam, piknikiem, restor\u0101niem, k\u0101z\u0101m un citur. Tie pie\u0161\u0137ir j\u016bsu dz\u012bvei izsmalcin\u0101t\u012bbu un ir lieliska m\u0101jas iesv\u0113t\u012b\u0161anas vai d\u0101vanas izv\u0113le jebkuram gad\u012bjumam. <\/li>\n<\/ul>","protected":false},"featured_media":382813,"comment_status":"open","ping_status":"open","template":"","meta":{"om_disable_all_campaigns":false,"_uf_show_specific_survey":0,"_uf_disable_surveys":false},"location":[1935,1934],"product_brand":[21],"product_cat":[5019,5020,2403,2748],"product_tag":[],"class_list":{"0":"post-160387","1":"product","2":"type-product","3":"status-publish","4":"has-post-thumbnail","6":"location-supplier_stock_location","7":"location-local_stock_location","8":"product_brand-vevor","9":"product_cat-flatware","10":"product_cat-flatware-sets-flatware","11":"product_cat-kitchen","12":"product_cat-tableware-bar","14":"first","15":"instock","16":"taxable","17":"shipping-taxable","18":"purchasable","19":"product-type-simple"},"aioseo_notices":[],"locations":[{"id":1935,"name":"Pieg\u0101d\u0101ja noliktav\u0101 (5-7dd.d)","slug":"supplier_stock_location","quantity":"5"},{"id":1934,"name":"R\u012bgas veikal\u0101 (0-2d.d.)","slug":"local_stock_location","quantity":"0"}],"_links":{"self":[{"href":"https:\/\/vevorshop.lv\/lv\/wp-json\/wp\/v2\/product\/160387","targetHints":{"allow":["GET"]}}],"collection":[{"href":"https:\/\/vevorshop.lv\/lv\/wp-json\/wp\/v2\/product"}],"about":[{"href":"https:\/\/vevorshop.lv\/lv\/wp-json\/wp\/v2\/types\/product"}],"replies":[{"embeddable":true,"href":"https:\/\/vevorshop.lv\/lv\/wp-json\/wp\/v2\/comments?post=160387"}],"wp:featuredmedia":[{"embeddable":true,"href":"https:\/\/vevorshop.lv\/lv\/wp-json\/wp\/v2\/media\/382813"}],"wp:attachment":[{"href":"https:\/\/vevorshop.lv\/lv\/wp-json\/wp\/v2\/media?parent=160387"}],"wp:term":[{"taxonomy":"location","embeddable":true,"href":"https:\/\/vevorshop.lv\/lv\/wp-json\/wp\/v2\/location?post=160387"},{"taxonomy":"product_brand","embeddable":true,"href":"https:\/\/vevorshop.lv\/lv\/wp-json\/wp\/v2\/product_brand?post=160387"},{"taxonomy":"product_cat","embeddable":true,"href":"https:\/\/vevorshop.lv\/lv\/wp-json\/wp\/v2\/product_cat?post=160387"},{"taxonomy":"product_tag","embeddable":true,"href":"https:\/\/vevorshop.lv\/lv\/wp-json\/wp\/v2\/product_tag?post=160387"}],"curies":[{"name":"wp","href":"https:\/\/api.w.org\/{rel}","templated":true}]}}