{"id":16095,"date":"2024-11-18T02:47:56","date_gmt":"2024-11-18T02:47:56","guid":{"rendered":"http:\/\/vevorshop.edigo.lv\/Prece\/vevor-manual-tile-cutter-1200mm-porcelain-ceramic-tile-cutter-with-tungsten-carbide-cutting-wheel-infrared-positioning-anti-skid-feet-double-rails-for-professional-installers-or-beginners\/"},"modified":"2026-04-29T16:05:08","modified_gmt":"2026-04-29T13:05:08","slug":"vevor-manual-tile-cutter-1200mm-porcelain-ceramic-tile-cutter-with-tungsten-carbide-cutting-wheel-infrared-positioning-anti-skid-feet-double-rails-for-professional-installers-or-beginners","status":"publish","type":"product","link":"https:\/\/vevorshop.lv\/lv\/Prece\/vevor-rokas-flizu-griezejs-1000-mm-porcelana-keramikas-flizu-griezejs-ar-volframa-karbida-griesanas-ripu-infrasarkano-pozicionesanas-funkciju-pretslidesanas-kajam-izturigam-sliedem-profesionaliem\/","title":{"rendered":"VEVOR manu\u0101lais fl\u012b\u017eu griez\u0113js 1200mm ar volframa karb\u012bda riteni, infrasarkano gaismu un dubultiem slied\u0113m keramikai un porcel\u0101nam"},"content":{"rendered":"<div style=\"color: #fff!important; font-size: 16px; height: 24px; line-height: 24px; margin-top: -24px; \" class=\"product_original_name\">VEVOR 1200mm (48 Collas) Manu\u0101lais Fl\u012b\u017eu Grie\u0161anas Instruments Keramikai un Porcel\u0101nam ar Volframa Karb\u012bda Riteni un Infrasarkano Pozicion\u0113\u0161anu<\/div>\n<div style=\"color: #fff!important; font-size: 16px; height: 24px; line-height: 24px; margin-top: -24px; \" class=\"product_sku\">M4I4KHDJ<\/div>\n<div style=\"color: #fff!important; font-size: 16px; height: 24px; line-height: 24px; margin-top: -24px; \" class=\"product_mpn\">KCZQGJMSDIY1207LOV0<\/div><div id=\"js-DM_at-goodDescRich\"><html><head><style>  body {    font-family: Arial;    line-height: 1.5;    color: #1c1c1c;    overflow-x: hidden;    margin: 0;    padding: 0;  }  .MsoNormal b {    font-weight: bolder;  }<\/style><style>  .container.small {    width: 970px;    margin: 0 auto;  }  .logo {    margin: 0 auto 0;  }  .logo img {    display: block;    margin: 0 auto;    max-width: 100%;  }  .logo .pc-banner {    display: block;    width: 1200px;    height: 247.4px;    margin: 0 auto;  }  .logo .pc-banner.small {    width: 970px;  }  .logo .pc-banner.small img {    height: auto!important;  }  .logo .m-banner {    display: none;  }  .ytvideo {    position: relative;    height: 546px;    width: 100%;    margin: 0 auto;  }  .ytvideo img {    width: 100%;    margin: 0 auto;  }  .ytvideo .play-btn {    width: 60px;    height: 42px;    position: absolute;    top: 50%;    left: 50%;    transform: translate(-50%, -50%);    background: url(\"data:image\/png;base64,iVBORw0KGgoAAAANSUhEUgAAAGQAAABGCAMAAAANWMFbAAAC+lBMVEUAAADBGB3kLCfBGB3kLCfcJC7BFx3KKSbiKybkLCbWJCPSIiLSIiLPICHAFx3kLCfgKSXNHiDZJiTIGx\/p4eHcjo7LHSDbJyTkLCbjKyfOHyHPIiL28fHJHB\/GGh7EGR7eKCXDGB3RISHlLSbBGB3AFxzGHB7DGB7BGB3hKybkKybAFx3lLCfAFxzDGR3hKibDGB7cJyTmz8\/elJTlwcHjurrUIyLlLSflLSfAFx3DGR7lLSfCFx3hKibhKibhKybjKybkLCblLSfbJSX49vbx7e3NNzjNMTLMJyjVIyLZf3\/ZQ0LaeHjx0tLgoqLkLCfCGB3HGx\/BGB3BFx3PICHCGB7WJCLOHyC\/Fxy\/Fx3lLCfQISHkLSe\/FxzbJiTBFx3FGx\/AGB7BFx3EGR7AGB3HHSDfKiXAFh3TISHYNzbhKibbJyTTIiL57e325+f039\/v2NjUV1fOHiHiqanfmprch4feKSXVIyPOICHmLibFGh\/mLSe\/Fx7XJCPeKSXXJSPNHyHaJyTGGh7lLCbmLCflLSjSIiLkLCbdKSXLHiC\/GB3KHh++Fh3lKyfoLiXcKCPkx8fYb2\/XaGfVXl3aU1LLHiDksbHgKibPICHbJyTfKSXbJyTCGB3KHSDiKybFGh7TIiL\/\/\/\/VIyPRISHIHB\/GGx\/HHB\/DGR7gKibdKCXLHiDZJiTMHiDNHyHYJSTOICHPICHWJCPcKCXXJSPjLCblLCf+\/f3NGR\/uLijzLynPGR\/IGB7WISHaIyLLGh7UAADxLynNAADRLzDbICLQAADIAAD3MCrUHSHXMTDpKSbLAADp5OTij4\/ejo\/VLy\/1LyngJSTcJCPQHx\/OHB7+\/PzaMS\/OLS\/vLijrLSjSAADaNTPwLyjkKSbNJCbYISHPHB\/KGB7WAAD7+vrn3d3aKynTKCjoLCfsKifRGh\/YAADq5+fhjo7QNDXXKCfmJyXt5+fTLzDLLi\/QKivYHRvMGBrQJCXLISPMExXLDxLaEAvkkI\/bOTfaFQ\/SCgpvLcnHAAAAmnRSTlMA+vv7+gT9Bvf9+8z8\/NSv\/Pr5+P7++vnQIBMP\/v38\/Pn348XDiCYf9OjbzcqxXVcx\/fz8+\/rj1r2poo1+fXFqX0orGP7+\/v7+\/fz8+\/r68uzn4trIxsG\/vri3p6GcmZSNbWVYUUZEPQv+\/f39+\/v7+\/v7+vr64tvV1NTTz87FtbSurqeblJKFg4B3bUY+NjL7+\/v7+\/v67t1cDo8JLQAABkRJREFUWMO0kz9rwkAYh0OIeJkum6YugUAhISCdKoj\/P4C7SMdS+gEKIhSKil10LSg4mzXkILdlEpxCpwTiWOLX6BujvQaEQuGeHLnL+\/64J+SIcKGYTYWnntpdLjrVdqvZmNdn0+EE40GtpuuWVS6Xx6N7YDSGpWXpeq02wHgynM7q80az1a52HpddtVcpsi1zFARBrdaxbhp9iUReTGmwA4KAAr7vx3EYejnCMI6hQYEgy0LQi4jUN0wL19vqFcUC9\/1dAKmEEFkWRYkh5oBejnxQJiSJPJ\/uKBp0Thszx9Mw8hMRIQjKsptCfuES9zr5WJY6vSFCIvE9fCMUmEM1A1kSXcYGxgVYsvI1IPKTZciSTI0us\/SMGG04gDzELDoFBwdcFJrF88dqgYMTiL6DILWYyfOWE8\/kIz38olCNlC03FK95+imxp6y4oUSvAnBjHHhKNtotSDqJzVFiK8c2SBqhZtsrTtgrLXwAyduxZHNE26eHUt5rtuM4WSmds3G+sUdWYo1L+XyxButoh5eKUHk5lByO3G1LqqCWVnfrv\/lyPtf\/4ps1cndNGIri8J1TJ0lx6dR\/oPjq1nbRwdp2dCk4CtIOLW3pVKRL6WZfS5vF2KkIQhpwSsjiYIgNCs1gEMGqiIq24NQX9NwoXFy8Ufrl3twTcg4fv8T9\/JBEySduj6Mjm4bMzYV7EEOxKjjoNDud7yY3Dy71Hq2oLmqfbNR723edH9PgMrNL2utoQ3VmaIDkiw\/4w51P06hlZsTZvkRrbVuSIs\/zwSOsycgzStQouoAkWQqioRT5XI7n2Z1wfVhoZmcAJLsoqjqpjbWCgpOAJXBwHK8PzWbNvoUZJND5wCnSkLAkZ1legx6vqQzjoiTahKlGUGLAiIIoABOHaNVw4sexZBym6\/HWlH5h3IC7yRbxtipcWxdTOkORKiNQAEkFf66x5S2oeRbroOlLgg0sSYkR0hRGEqJZ0jTPiQKatESdBckpWigxaapEH0lImHdWu9pUFF2XqMNM2Z4kped7IwEJw2qabwtrQqnpw6HyKkgcadKWsmpywwesDyIhYRpdzXddqegtGIJlXbAIUMOLkGxJUjRIkokwjUaX9d\/kK62ps\/tYUqZLIMkLTyBhsMZ3C5Z\/kDxOSCb\/DOs\/\/J0qcWSX\/2ipe56EgTCA4\/cB7NAYOsni4mZM1MUPAISoEwkDi4lhVBQ1cWQyIcwalw4EpqZN68JUSK7XC0kTlkLYii5uXSC8jT5ncCAS7mjCv0uHp\/3lueHEEAeQ\/\/VgmdN71\/2uCSA1Xr6DO6uI6sW56zqT2tp2PhgiRUAajV8CY2fkcz6WGNKMgLAt7tJAhD4YHMTeRxlALE6+43WqjSWi8ITxyJl8WrwWSNESQZZOqhDDntO3hJLsd5RtSpbJqdv3YrDJH3F7jL1R2O2aQkn2MyCyKYz0GPGIvSAMgBCrCEiJyKbBaYGwLW4uPRr0A0M4Ux5kUI7IBh+hMdiCEWNqhMZGyYMsOgNE58UQuEQeUnSWCMYwL54hkxK6IoqucQZbQ3pc3XtL0lky1dL0zZJJDpWJovFqpWj6JEHnyam2eQp5QRVAVHjWparTOaVwUOx99YS2MvgxIGV0bb+qIg2HX2qkFFJB+XZcbLiuRkuxD9GRroKyveLxdh4d7Orx+hb7qc3uVRuEogCOnyIxm4ubUoPgF4jianDrC+SDQDKEfJb0GUKmjCGPYHGJvVC6X4hw1\/sAfQAdfYyephIaspXe36RwOP+Ljvfx9B6B3i+Nk0DGq+oCbLn6JpBa9nWAveAIHwFAwtVcIJXPMPL8kRu5OAYPMaL1WScTxjiZDqB9LTJSWphow\/pTYKRTLjCBhvi9iBidvKcDasGSm0QQkycYuLBqj6QCELPctqChDWpTRMWkngNNpQ1Pfp1KkiT\/Y0DGffXAweUNfLAfaJFKDwhb6I+bkYRbkERoEeu3Fyjg2opMz2daZCS9jt6Q7txNfB+OZEVF6Zl5web2xunnLQrtrjXseXKaFYziYINeMFZVxS9VxRhOoesYwxPKXm+gWLG9cuFeq93UNNeJNsf1KlwuDok9n02n3TgIJpOxNfL9naIoQwXtfH9kjceTIIi709ncTg6LZbg+biLH1V6u\/7rxBem06VXKn9raAAAAAElFTkSuQmCC\")      no-repeat center center \/ contain;  }  @media screen and (max-width: 960px) and (orientation: portrait) {    .logo {      width: 100%;    }    .logo .pc-banner {      display: none;    }    .logo .m-banner {      display: block;      width: 100%;    }    .logo .m-banner img {      height: auto!important;    }    .ytvideo {      height: 200px;      width: 100%;    }  }<\/style><style>  .video-section {    width: 100%;    margin: 0 auto;  }  .video-section > img {    width: 100%;  }  .video-section iframe,  .video-section video {    width: 100%;    height: 100%;      }  .video-section-img-m,  .video-section-img-pc > img {    width: 100%;    height: auto;  }  .video-section-img-pc.small > img {    width: 970px;  }  .video-desc {    line-height: 1.5;    font-size: 20px;    font-weight: 400;    margin: 20px 0;    text-align: center;    color: #0f1111;    word-break: break-word;  }  @media screen and (max-width: 960px) and (orientation: portrait) {    .video-section {      width: 100%;    }    .video-section-pc,    .video-section-img-pc {      display: none;    }    .video-section-m,    .video-section-img-m {      display: block;    }    .video-desc {      font-size: 15px;    }  }  @media screen and (min-width: 960px) {    .video-section {      width: 100%;      margin: 0 auto;    }    .video-section-pc,    .video-section-img-pc {      display: block;    }    .video-section-m,    .video-section-img-m {      display: none;    }    .video-desc {      font-size: 20px;    }  }<\/style><style>  .section + .section {    margin-top: 35px;  }  .section-title {    text-align: center;    font-weight: bold;    color: #0d1111;    font-family: \"Arial\";    font-size: 32px;    margin: 15px 0;  }  .section-title:empty {    display: none;  }  .section-desc {    text-align: center;    font-weight: normal;    color: #0d1111;    margin-top: 20px;  }  .section-desc:empty {    display: none;  }  .section-img {    width: 1200px;    height: 492px;    margin: 0 auto;    display: block;  }  .section-img.small {    width: 970px;    height: auto;  }  .section-img.small > img {    height: auto;  }  .section-img > img {    width: 100%;    height: 100%;  }  .section-mobile-img {    display: none;    max-width: 100vw;    max-height: 75vw;    height: 450px;    margin: 0 auto;  }  .section-mobile-img > img {    width: 100%;    height: 100%;  }  @media screen and (max-width: 960px) and (orientation: portrait) {    .container {      width: 100%;    }    .container.small {      width: 100%;    }    .section-mobile-img {      display: block;    }    .section-img {      display: none;    }    .section-title {      font-size: 22px;      margin: 10px 0;    }    .section-desc {      margin-top: 10px;    }    .section + .section {      margin-top: 20px;    }  }<\/style><\/head><body><div class=\"container\"><div class=\"logo\"><div class=\"pc-banner\"><div><img decoding=\"async\" src=\"\/vevor\/vevor\/boutique-banner\/pc\/en-pc@1x.jpg\" style=\"width: 100%;\" \/><\/div><\/div><div class=\"m-banner\"><div><img decoding=\"async\" src=\"\/vevor\/vevor\/boutique-banner\/mobile\/en-m@1x.jpg\" style=\"width: 100%;\" \/><\/div><\/div><\/div><div class=\"section-title\">VEVOR humaniz\u0113ta fl\u012b\u017eu grie\u0161anas ma\u0161\u012bna<\/div><div class=\"video-section\"><div class=\"video-section-img-pc\"><img decoding=\"async\" src=\"\/vevor\/product\/KCZQGJMSDIY1207LO\/tile-cutter-a100-1.4.jpg\" \/><\/div><div class=\"video-section-img-m\"><img decoding=\"async\" src=\"\/vevor\/product\/KCZQGJMSDIY1207LO\/tile-cutter-a100-1.4-m.jpg\" \/><\/div><div class=\"section-desc\">Manu\u0101l\u0101 fl\u012b\u017eu griez\u0113js sagrie\u017e keramikas fl\u012bzes l\u012bdz 48 collu garum\u0101, Grie\u0161anas biezums ir no 0,2'' l\u012bdz 0,6'' (4-15 mm).Perfekts liel\u0101kajai da\u013cai sadz\u012bves fl\u012b\u017eu.<\/div><\/div><div class=\"section\"><div class=\"section-title\"><\/div><div class=\"section-img\"><img decoding=\"async\" src=\"\/vevor\/product\/KCZQGJMSDIY1207LO\/tile-cutter-a100-2.2.jpg\" \/><\/div><div class=\"section-mobile-img\"><img decoding=\"async\" src=\"\/vevor\/product\/KCZQGJMSDIY1207LO\/tile-cutter-a100-2.2-m.jpg\" \/><\/div><div class=\"section-desc\">Infrasarkan\u0101 vadotne pal\u012bdz sasniegt prec\u012bzu pozicion\u0113\u0161anu un taisnas l\u012bnijas mar\u0137\u0113jumus, nodro\u0161inot prec\u012bzus griezumus.<\/div><\/div><div class=\"section\"><div class=\"section-title\"><\/div><div class=\"section-img\"><img decoding=\"async\" src=\"\/vevor\/product\/KCZQGJMSDIY1207LO\/tile-cutter-a100-2.3.jpg\" \/><\/div><div class=\"section-mobile-img\"><img decoding=\"async\" src=\"\/vevor\/product\/KCZQGJMSDIY1207LO\/tile-cutter-a100-2.3-m.jpg\" \/><\/div><div class=\"section-desc\">M\u0113roga un le\u0146\u0137a regul\u0113\u0161anas line\u0101li, divas atbalsta k\u0101jas un nesl\u012bdo\u0161a gumijas pamatne stabilit\u0101tei darb\u012bbas laik\u0101.<\/div><\/div><div class=\"section\"><div class=\"section-title\"><\/div><div class=\"section-img\"><img decoding=\"async\" src=\"\/vevor\/product\/KCZQGJMSDIY1207LO\/tile-cutter-a100-2.4.jpg\" \/><\/div><div class=\"section-mobile-img\"><img decoding=\"async\" src=\"\/vevor\/product\/KCZQGJMSDIY1207LO\/tile-cutter-a100-2.4-m.jpg\" \/><\/div><div class=\"section-desc\">Korozijiztur\u012bgas t\u0113rauda sliedes, profesion\u0101li izstr\u0101d\u0101ti gult\u0146i un iztur\u012bga alum\u012bnija pamatne bezr\u016bp\u012bgai fl\u012b\u017eu iekl\u0101\u0161anai un m\u0101jas remontam.<\/div><\/div><div class=\"section\"><div class=\"section-title\"><\/div><div class=\"section-img\"><img decoding=\"async\" src=\"\/vevor\/product\/KCZQGJMSDIY1207LO\/tile-cutter-a100-2.5.jpg\" \/><\/div><div class=\"section-mobile-img\"><img decoding=\"async\" src=\"\/vevor\/product\/KCZQGJMSDIY1207LO\/tile-cutter-a100-2.5-m.jpg\" \/><\/div><div class=\"section-desc\">Novietojiet fl\u012bzes pret grie\u0161anas riteni, izmantojot speci\u0101lo vadotni, viegli piespie\u017eot rokturi, iegrieziet fl\u012bz\u0113 un uzman\u012bgi pastipriniet spiedienu, l\u012bdz fl\u012bze sapl\u012bst.<\/div><\/div><div class=\"section\"><div class=\"section-img\"><img decoding=\"async\" src=\"\/vevor\/product\/KCZQGJMSDIY1207LO\/tile-cutter-a100-1.11.jpg\" \/><\/div><div class=\"section-mobile-img\"><img decoding=\"async\" src=\"\/vevor\/product\/KCZQGJMSDIY1207LO\/tile-cutter-a100-1.11-m.jpg\" \/><\/div><\/div><\/div><\/body><\/html><\/div>\n<div class=\"DM_at-title\" id=\"js-DM_at-title\"> <div>Produkta specifik\u0101cija<\/div> <i class=\"icon-arrowup_line\"><\/i> <\/div><div class=\"DM_at-goodsDescAttr\" id=\"js-DM_at-goodsDescAttr\"> <div class=\"DM_at-goodsDescAttrInner\"> <dl class=\"goodsDesc_item goodsDesc_item_even\"> <dt>Preces Mode\u013ca Numurs<\/dt> <dd> 8106C-8L\/48&#034;<\/dd> <\/dl> <dl class=\"goodsDesc_item\"> <dt>Maks. Grie\u0161anas Garums<\/dt> <dd> 48,0 collas \/ 1200 mm<\/dd> <\/dl> <dl class=\"goodsDesc_item goodsDesc_item_even\"> <dt>Min. grie\u0161anas platums<\/dt> <dd> 1,0 collas \/ 25 mm<\/dd> <\/dl> <dl class=\"goodsDesc_item\"> <dt>Grie\u0161anas Biezums<\/dt> <dd> 0,2 collas\u20130,6 collas \/ 4\u201315 mm<\/dd> <\/dl> <dl class=\"goodsDesc_item goodsDesc_item_even\"> <dt>Neto Svars<\/dt> <dd> 24,5 m\u0101rci\u0146as \/ 11,1 kg<\/dd> <\/dl> <dl class=\"goodsDesc_item\"> <dt>Objektu Izm\u0113ri (L x W x H)<\/dt> <dd> 55,3 collas x 15,7 collas x 6,3 collas \/ 1405 x 400 x 160 mm<\/dd> <\/dl> <\/div> <\/div>","protected":false},"excerpt":{"rendered":"<ul>\n<li> Jaud\u012bga veiktsp\u0113ja: \u0160\u012b 48 collu fl\u012b\u017eu grie\u0161anas ma\u0161\u012bna ir paredz\u0113ta, lai \u0101tri un bez piep\u016bles paveiktu j\u016bsu m\u0101jas renov\u0101cijas projektus. Maksim\u0101lais grie\u0161anas garums: 48,0 collas \/ 1200 mm, grie\u0161anas biezums: 0,2 collas -0,6 collas \/ 4-15 mm. T\u0101 nodro\u0161ina t\u012brus un prec\u012bzus griezumus uz keramikas, porcel\u0101na, gran\u012bta, gr\u012bdas fl\u012bz\u0113m utt. <\/li>\n<li> Prec\u012bza pozicion\u0113\u0161ana: infrasarkan\u0101 funkcija pal\u012bdz sasniegt prec\u012bzu pozicion\u0113\u0161anu un taisnas l\u012bnijas mar\u0137\u0113jumus. Met\u0101la izvirz\u012bjums, kas ir saska\u0146ots ar mar\u0137\u0113\u0161anas rite\u0146a trajektoriju, un b\u012bd\u0101m\u0101 galvi\u0146a ar lod\u012b\u0161u gultni nodro\u0161ina vienm\u0113r\u012bgu iegrie\u0161anas procesu, \u013caujot griezt fl\u012bzes ar maksim\u0101lu precizit\u0101ti. <\/li>\n<li> Lieliska stabilit\u0101te: Apr\u012bkots ar skalu un le\u0146\u0137a regul\u0113\u0161anas line\u0101liem prec\u012bziem m\u0113r\u012bjumiem un fiks\u0113tai pozicion\u0113\u0161anai. Abas atbalsta k\u0101jas var pagriezties l\u012bdz 180 gr\u0101diem, nodro\u0161inot dro\u0161u un l\u012bdzsvarotu darb\u012bbu. Nesl\u012bdo\u0161\u0101 gumijas pamatne notur ier\u012bci viet\u0101 pat tad, ja tiek pielikts grie\u0161anas sp\u0113ks. <\/li>\n<li> Iztur\u012bga konstrukcija: Grie\u0161anas asmens ritenis ir izcili iztur\u012bgs un stingrs, bez piep\u016bles iegrie\u017eot un salau\u017eot fl\u012bzes. Ma\u0161\u012bnai ir korozijiztur\u012bgas t\u0113rauda sliedes, profesion\u0101li izstr\u0101d\u0101ti gult\u0146i un iztur\u012bga alum\u012bnija pamatne, kas nodro\u0161ina sirdsmieru fl\u012b\u017eu iekl\u0101\u0161anas un m\u0101jas remonta projektu laik\u0101. <\/li>\n<li> Viegli lietojams: Izliektais roktura dizains atvieglo fl\u012b\u017eu piespie\u0161anu, savuk\u0101rt nesl\u012bdo\u0161ais plastmasas rokturis palielina grie\u0161anas procesa komfortu. Ide\u0101li piem\u0113rots profesion\u0101liem mont\u0113t\u0101jiem vai ies\u0101c\u0113jiem, kuri mekl\u0113 daudzpus\u012bgu fl\u012b\u017eu griez\u0113ju. <\/li>\n<\/ul>","protected":false},"featured_media":267715,"comment_status":"closed","ping_status":"open","template":"","meta":{"om_disable_all_campaigns":false,"_uf_show_specific_survey":0,"_uf_disable_surveys":false},"location":[1935,1934],"product_brand":[21],"product_cat":[2512,2513,2514,2690,2689],"product_tag":[],"class_list":{"0":"post-16095","1":"product","2":"type-product","3":"status-publish","4":"has-post-thumbnail","6":"location-supplier_stock_location","7":"location-local_stock_location","8":"product_brand-vevor","9":"product_cat-flooring-2","10":"product_cat-flooring-supplies","11":"product_cat-flooring-tools","12":"product_cat-tile-cutters","13":"product_cat-tile-tools","15":"first","16":"instock","17":"taxable","18":"shipping-taxable","19":"purchasable","20":"product-type-simple"},"aioseo_notices":[],"locations":[{"id":1935,"name":"Pieg\u0101d\u0101ja noliktav\u0101 (5-7dd.d)","slug":"supplier_stock_location","quantity":"750"},{"id":1934,"name":"R\u012bgas veikal\u0101 (0-2d.d.)","slug":"local_stock_location","quantity":"0"}],"_links":{"self":[{"href":"https:\/\/vevorshop.lv\/lv\/wp-json\/wp\/v2\/product\/16095","targetHints":{"allow":["GET"]}}],"collection":[{"href":"https:\/\/vevorshop.lv\/lv\/wp-json\/wp\/v2\/product"}],"about":[{"href":"https:\/\/vevorshop.lv\/lv\/wp-json\/wp\/v2\/types\/product"}],"replies":[{"embeddable":true,"href":"https:\/\/vevorshop.lv\/lv\/wp-json\/wp\/v2\/comments?post=16095"}],"wp:featuredmedia":[{"embeddable":true,"href":"https:\/\/vevorshop.lv\/lv\/wp-json\/wp\/v2\/media\/267715"}],"wp:attachment":[{"href":"https:\/\/vevorshop.lv\/lv\/wp-json\/wp\/v2\/media?parent=16095"}],"wp:term":[{"taxonomy":"location","embeddable":true,"href":"https:\/\/vevorshop.lv\/lv\/wp-json\/wp\/v2\/location?post=16095"},{"taxonomy":"product_brand","embeddable":true,"href":"https:\/\/vevorshop.lv\/lv\/wp-json\/wp\/v2\/product_brand?post=16095"},{"taxonomy":"product_cat","embeddable":true,"href":"https:\/\/vevorshop.lv\/lv\/wp-json\/wp\/v2\/product_cat?post=16095"},{"taxonomy":"product_tag","embeddable":true,"href":"https:\/\/vevorshop.lv\/lv\/wp-json\/wp\/v2\/product_tag?post=16095"}],"curies":[{"name":"wp","href":"https:\/\/api.w.org\/{rel}","templated":true}]}}