{"id":161187,"date":"2025-04-23T04:05:29","date_gmt":"2025-04-23T04:05:29","guid":{"rendered":"https:\/\/vevorshop.lv\/en_us\/Prece\/vevor-adjustable-round-trash-can-dolly-with-wheels-380-580-mm-200-kg-capacity-locking-casters-for-indoor-outdoor-use\/"},"modified":"2026-05-16T13:40:34","modified_gmt":"2026-05-16T10:40:34","slug":"vevor-adjustable-round-trash-can-dolly-with-wheels-380-580-mm-200-kg-capacity-locking-casters-for-indoor-outdoor-use","status":"publish","type":"product","link":"https:\/\/vevorshop.lv\/lv\/Prece\/vevor-regulejams-apals-atkritumu-urnas-ratini-ar-riteniem-380-580-mm-200-kg-ietilpiba-200-kg-blokesanas-riteni-izmantosanai-iekstelpas-arpus-telpam\/","title":{"rendered":"VEVOR regul\u0113jams atkritumu konteinera rati\u0146\u0161 ar blo\u0137\u0113jamiem rite\u0146iem, 200kg ietilp\u012bba, 38\u201358cm apa\u013ca pamatne, smags rati\u0146\u0161, melns"},"content":{"rendered":"<div style=\"color: #fff!important; font-size: 16px; height: 24px; line-height: 24px; margin-top: -24px; \" class=\"product_original_name\">VEVOR Trash Can Dolly ar 4 sl\u0113dzamiem rite\u0146iem, 440 m\u0101rci\u0146as svara ietilp\u012bba, apa\u013ca atkritumu tvertnes rull\u012b\u0161u pamatne, 15-22,8 regul\u0113jam\u0101, lieljaudas bungu Dolly Plant Caddy, daudzfunkcion\u0101ls rito\u0161\u0101 dolly rati\u0146i, melni<\/div>\n<div style=\"color: #fff!important; font-size: 16px; height: 24px; line-height: 24px; margin-top: -24px; \" class=\"product_sku\">M9TEU3KC<\/div>\n<div style=\"color: #fff!important; font-size: 16px; height: 24px; line-height: 24px; margin-top: -24px; \" class=\"product_mpn\">LJTTCKDJSYX18TQR2V0<\/div><div id=\"js-DM_at-goodDescRich\"><html><head><style>  body {    font-family: Arial;    line-height: 1.5;    color: #1c1c1c;    overflow-x: hidden;    margin: 0;    padding: 0;  }  .MsoNormal b {    font-weight: bolder;  }<\/style><style>  .container.small {    width: 970px;    margin: 0 auto;  }  .logo {    margin: 0 auto 0;  }  .logo img {    display: block;    margin: 0 auto;    max-width: 100%;  }  .logo .pc-banner {    display: block;    width: 1200px;    height: 247.4px;    margin: 0 auto;  }  .logo .pc-banner.small {    width: 970px;  }  .logo .pc-banner.small img {    height: auto!important;  }  .logo .m-banner {    display: none;  }  .ytvideo {    position: relative;    height: 546px;    width: 100%;    margin: 0 auto;  }  .ytvideo img {    width: 100%;    margin: 0 auto;  }  .ytvideo .play-btn {    width: 60px;    height: 42px;    position: absolute;    top: 50%;    left: 50%;    transform: translate(-50%, -50%);    background: url(\"data:image\/png;base64,iVBORw0KGgoAAAANSUhEUgAAAGQAAABGCAMAAAANWMFbAAAC+lBMVEUAAADBGB3kLCfBGB3kLCfcJC7BFx3KKSbiKybkLCbWJCPSIiLSIiLPICHAFx3kLCfgKSXNHiDZJiTIGx\/p4eHcjo7LHSDbJyTkLCbjKyfOHyHPIiL28fHJHB\/GGh7EGR7eKCXDGB3RISHlLSbBGB3AFxzGHB7DGB7BGB3hKybkKybAFx3lLCfAFxzDGR3hKibDGB7cJyTmz8\/elJTlwcHjurrUIyLlLSflLSfAFx3DGR7lLSfCFx3hKibhKibhKybjKybkLCblLSfbJSX49vbx7e3NNzjNMTLMJyjVIyLZf3\/ZQ0LaeHjx0tLgoqLkLCfCGB3HGx\/BGB3BFx3PICHCGB7WJCLOHyC\/Fxy\/Fx3lLCfQISHkLSe\/FxzbJiTBFx3FGx\/AGB7BFx3EGR7AGB3HHSDfKiXAFh3TISHYNzbhKibbJyTTIiL57e325+f039\/v2NjUV1fOHiHiqanfmprch4feKSXVIyPOICHmLibFGh\/mLSe\/Fx7XJCPeKSXXJSPNHyHaJyTGGh7lLCbmLCflLSjSIiLkLCbdKSXLHiC\/GB3KHh++Fh3lKyfoLiXcKCPkx8fYb2\/XaGfVXl3aU1LLHiDksbHgKibPICHbJyTfKSXbJyTCGB3KHSDiKybFGh7TIiL\/\/\/\/VIyPRISHIHB\/GGx\/HHB\/DGR7gKibdKCXLHiDZJiTMHiDNHyHYJSTOICHPICHWJCPcKCXXJSPjLCblLCf+\/f3NGR\/uLijzLynPGR\/IGB7WISHaIyLLGh7UAADxLynNAADRLzDbICLQAADIAAD3MCrUHSHXMTDpKSbLAADp5OTij4\/ejo\/VLy\/1LyngJSTcJCPQHx\/OHB7+\/PzaMS\/OLS\/vLijrLSjSAADaNTPwLyjkKSbNJCbYISHPHB\/KGB7WAAD7+vrn3d3aKynTKCjoLCfsKifRGh\/YAADq5+fhjo7QNDXXKCfmJyXt5+fTLzDLLi\/QKivYHRvMGBrQJCXLISPMExXLDxLaEAvkkI\/bOTfaFQ\/SCgpvLcnHAAAAmnRSTlMA+vv7+gT9Bvf9+8z8\/NSv\/Pr5+P7++vnQIBMP\/v38\/Pn348XDiCYf9OjbzcqxXVcx\/fz8+\/rj1r2poo1+fXFqX0orGP7+\/v7+\/fz8+\/r68uzn4trIxsG\/vri3p6GcmZSNbWVYUUZEPQv+\/f39+\/v7+\/v7+vr64tvV1NTTz87FtbSurqeblJKFg4B3bUY+NjL7+\/v7+\/v67t1cDo8JLQAABkRJREFUWMO0kz9rwkAYh0OIeJkum6YugUAhISCdKoj\/P4C7SMdS+gEKIhSKil10LSg4mzXkILdlEpxCpwTiWOLX6BujvQaEQuGeHLnL+\/64J+SIcKGYTYWnntpdLjrVdqvZmNdn0+EE40GtpuuWVS6Xx6N7YDSGpWXpeq02wHgynM7q80az1a52HpddtVcpsi1zFARBrdaxbhp9iUReTGmwA4KAAr7vx3EYejnCMI6hQYEgy0LQi4jUN0wL19vqFcUC9\/1dAKmEEFkWRYkh5oBejnxQJiSJPJ\/uKBp0Thszx9Mw8hMRIQjKsptCfuES9zr5WJY6vSFCIvE9fCMUmEM1A1kSXcYGxgVYsvI1IPKTZciSTI0us\/SMGG04gDzELDoFBwdcFJrF88dqgYMTiL6DILWYyfOWE8\/kIz38olCNlC03FK95+imxp6y4oUSvAnBjHHhKNtotSDqJzVFiK8c2SBqhZtsrTtgrLXwAyduxZHNE26eHUt5rtuM4WSmds3G+sUdWYo1L+XyxButoh5eKUHk5lByO3G1LqqCWVnfrv\/lyPtf\/4ps1cndNGIri8J1TJ0lx6dR\/oPjq1nbRwdp2dCk4CtIOLW3pVKRL6WZfS5vF2KkIQhpwSsjiYIgNCs1gEMGqiIq24NQX9NwoXFy8Ufrl3twTcg4fv8T9\/JBEySduj6Mjm4bMzYV7EEOxKjjoNDud7yY3Dy71Hq2oLmqfbNR723edH9PgMrNL2utoQ3VmaIDkiw\/4w51P06hlZsTZvkRrbVuSIs\/zwSOsycgzStQouoAkWQqioRT5XI7n2Z1wfVhoZmcAJLsoqjqpjbWCgpOAJXBwHK8PzWbNvoUZJND5wCnSkLAkZ1legx6vqQzjoiTahKlGUGLAiIIoABOHaNVw4sexZBym6\/HWlH5h3IC7yRbxtipcWxdTOkORKiNQAEkFf66x5S2oeRbroOlLgg0sSYkR0hRGEqJZ0jTPiQKatESdBckpWigxaapEH0lImHdWu9pUFF2XqMNM2Z4kped7IwEJw2qabwtrQqnpw6HyKkgcadKWsmpywwesDyIhYRpdzXddqegtGIJlXbAIUMOLkGxJUjRIkokwjUaX9d\/kK62ps\/tYUqZLIMkLTyBhsMZ3C5Z\/kDxOSCb\/DOs\/\/J0qcWSX\/2ipe56EgTCA4\/cB7NAYOsni4mZM1MUPAISoEwkDi4lhVBQ1cWQyIcwalw4EpqZN68JUSK7XC0kTlkLYii5uXSC8jT5ncCAS7mjCv0uHp\/3lueHEEAeQ\/\/VgmdN71\/2uCSA1Xr6DO6uI6sW56zqT2tp2PhgiRUAajV8CY2fkcz6WGNKMgLAt7tJAhD4YHMTeRxlALE6+43WqjSWi8ITxyJl8WrwWSNESQZZOqhDDntO3hJLsd5RtSpbJqdv3YrDJH3F7jL1R2O2aQkn2MyCyKYz0GPGIvSAMgBCrCEiJyKbBaYGwLW4uPRr0A0M4Ux5kUI7IBh+hMdiCEWNqhMZGyYMsOgNE58UQuEQeUnSWCMYwL54hkxK6IoqucQZbQ3pc3XtL0lky1dL0zZJJDpWJovFqpWj6JEHnyam2eQp5QRVAVHjWparTOaVwUOx99YS2MvgxIGV0bb+qIg2HX2qkFFJB+XZcbLiuRkuxD9GRroKyveLxdh4d7Orx+hb7qc3uVRuEogCOnyIxm4ubUoPgF4jianDrC+SDQDKEfJb0GUKmjCGPYHGJvVC6X4hw1\/sAfQAdfYyephIaspXe36RwOP+Ljvfx9B6B3i+Nk0DGq+oCbLn6JpBa9nWAveAIHwFAwtVcIJXPMPL8kRu5OAYPMaL1WScTxjiZDqB9LTJSWphow\/pTYKRTLjCBhvi9iBidvKcDasGSm0QQkycYuLBqj6QCELPctqChDWpTRMWkngNNpQ1Pfp1KkiT\/Y0DGffXAweUNfLAfaJFKDwhb6I+bkYRbkERoEeu3Fyjg2opMz2daZCS9jt6Q7txNfB+OZEVF6Zl5web2xunnLQrtrjXseXKaFYziYINeMFZVxS9VxRhOoesYwxPKXm+gWLG9cuFeq93UNNeJNsf1KlwuDok9n02n3TgIJpOxNfL9naIoQwXtfH9kjceTIIi709ncTg6LZbg+biLH1V6u\/7rxBem06VXKn9raAAAAAElFTkSuQmCC\")      no-repeat center center \/ contain;  }  @media screen and (max-width: 960px) and (orientation: portrait) {    .logo {      width: 100%;    }    .logo .pc-banner {      display: none;    }    .logo .m-banner {      display: block;      width: 100%;    }    .logo .m-banner img {      height: auto!important;    }    .ytvideo {      height: 200px;      width: 100%;    }  }<\/style><style>  .video-section {    width: 100%;    margin: 0 auto;  }  .video-section > img {    width: 100%;  }  .video-section iframe,  .video-section video {    width: 100%;    height: 100%;      }  .video-section-img-m,  .video-section-img-pc > img {    width: 100%;    height: auto;  }  .video-section-img-pc.small > img {    width: 970px;  }  .video-desc {    line-height: 1.5;    font-size: 20px;    font-weight: 400;    margin: 20px 0;    text-align: center;    color: #0f1111;    word-break: break-word;  }  @media screen and (max-width: 960px) and (orientation: portrait) {    .video-section {      width: 100%;    }    .video-section-pc,    .video-section-img-pc {      display: none;    }    .video-section-m,    .video-section-img-m {      display: block;    }    .video-desc {      font-size: 15px;    }  }  @media screen and (min-width: 960px) {    .video-section {      width: 100%;      margin: 0 auto;    }    .video-section-pc,    .video-section-img-pc {      display: block;    }    .video-section-m,    .video-section-img-m {      display: none;    }    .video-desc {      font-size: 20px;    }  }<\/style><style>  .section + .section {    margin-top: 35px;  }  .section-title {    text-align: center;    font-weight: bold;    color: #0d1111;    font-family: \"Arial\";    font-size: 32px;    margin: 15px 0;  }  .section-title:empty {    display: none;  }  .section-desc {    text-align: center;    font-weight: normal;    color: #0d1111;    margin-top: 20px;  }  .section-desc:empty {    display: none;  }  .section-img {    width: 1200px;    height: 492px;    margin: 0 auto;    display: block;  }  .section-img.small {    width: 970px;    height: auto;  }  .section-img.small > img {    height: auto;  }  .section-img > img {    width: 100%;    height: 100%;  }  .section-mobile-img {    display: none;    max-width: 100vw;    max-height: 75vw;    height: 450px;    margin: 0 auto;  }  .section-mobile-img > img {    width: 100%;    height: 100%;  }  @media screen and (max-width: 960px) and (orientation: portrait) {    .container {      width: 100%;    }    .container.small {      width: 100%;    }    .section-mobile-img {      display: block;    }    .section-img {      display: none;    }    .section-title {      font-size: 22px;      margin: 10px 0;    }    .section-desc {      margin-top: 10px;    }    .section + .section {      margin-top: 20px;    }  }<\/style><\/head><body><div class=\"container small\"><div class=\"logo\"><div class=\"pc-banner small\"><div><img decoding=\"async\" src=\"\/vevor\/vevor\/boutique-banner\/pc\/en-pc@1x.jpg\" style=\"width: 100%;\" \/><\/div><\/div><div class=\"m-banner\"><div><img decoding=\"async\" src=\"\/vevor\/vevor\/boutique-banner\/mobile\/en-m@1x.jpg\" style=\"width: 100%;\" \/><\/div><\/div><\/div><div class=\"section-title\">440 m\u0101rci\u0146u smagais atkritumu konteineru rati\u0146i<\/div><div class=\"video-section\"><div class=\"video-section-img-pc small\"><img decoding=\"async\" src=\"\/vevor\/product\/LJTTCKDJSYX18TQR2\/trash-can-dolly-a100-1.4-pt.jpg\" \/><\/div><div class=\"video-section-img-m\"><img decoding=\"async\" src=\"\/vevor\/product\/LJTTCKDJSYX18TQR2\/trash-can-dolly-a100-1.4-pt.jpg\" \/><\/div><div class=\"section-desc\">Izgatavots no skr\u0101p\u0113jumiem iztur\u012bga PP pane\u013ca un iztur\u012bga r\u0101mja, atkritumu konteinera rati\u0146i bez piep\u016bles p\u0101rvad\u0101 lielus podos audz\u0113tus augus. Apr\u012bkots ar 4 blo\u0137\u0113jamiem groz\u0101miem riten\u012b\u0161iem, kas nodro\u0161ina vienm\u0113r\u012bgu p\u0101rvieto\u0161anos un neboj\u0101 gr\u012bdu. Regul\u0113jams no 15 l\u012bdz 22,8 coll\u0101m ar 6 augstuma iestat\u012bjumiem. Triecieniztur\u012bgie pamatnes fiksatori nov\u0113r\u0161 apg\u0101\u0161anos.<\/div><\/div><div class=\"section\"><div class=\"section-title\"><\/div><div class=\"section-img small\"><img decoding=\"async\" src=\"\/vevor\/product\/LJTTCKDJSYX18TQR2\/trash-can-dolly-a100-2.2-pt.jpg\" \/><\/div><div class=\"section-mobile-img\"><img decoding=\"async\" src=\"\/vevor\/product\/LJTTCKDJSYX18TQR2\/trash-can-dolly-a100-2.2-pt.jpg\" \/><\/div><div class=\"section-desc\">Atkritumu konteineru rati\u0146i ar 6 augstuma regul\u0113\u0161anas poz\u012bcij\u0101m ir piem\u0113roti da\u017e\u0101diem pu\u0137u podiem (maziem\/vid\u0113jiem\/lieliem). Piel\u0101gojami izm\u0113ri uzlabo personaliz\u0113tus uzglab\u0101\u0161anas risin\u0101jumus.<\/div><\/div><div class=\"section\"><div class=\"section-title\"><\/div><div class=\"section-img small\"><img decoding=\"async\" src=\"\/vevor\/product\/LJTTCKDJSYX18TQR2\/trash-can-dolly-a100-2.3-pt.jpg\" \/><\/div><div class=\"section-mobile-img\"><img decoding=\"async\" src=\"\/vevor\/product\/LJTTCKDJSYX18TQR2\/trash-can-dolly-a100-2.3-pt.jpg\" \/><\/div><div class=\"section-desc\">Vienm\u0113r\u012bgi ripojo\u0161ie, klusie rite\u0146i \u013cauj viegli p\u0101rvietot smagus priek\u0161metus. Viegli spiediet, lai nodro\u0161in\u0101tu vienm\u0113r\u012bgu p\u0101rvieto\u0161anos bez piep\u016bles.<\/div><\/div><div class=\"section\"><div class=\"section-title\"><\/div><div class=\"section-img small\"><img decoding=\"async\" src=\"\/vevor\/product\/LJTTCKDJSYX18TQR2\/trash-can-dolly-a100-2.4-pt.jpg\" \/><\/div><div class=\"section-mobile-img\"><img decoding=\"async\" src=\"\/vevor\/product\/LJTTCKDJSYX18TQR2\/trash-can-dolly-a100-2.4-pt.jpg\" \/><\/div><div class=\"section-desc\">Pastiprin\u0101ts polipropil\u0113na panelis, ner\u016bs\u0113jo\u0161\u0101 t\u0113rauda r\u0101mis un divrindu blo\u0137\u0113jami rite\u0146i (kravnes\u012bba 180 kg) \u0113rtai transport\u0113\u0161anai. Nesl\u012bdo\u0161s re\u017e\u0123a raksts nodro\u0161ina stabilit\u0101ti transport\u0113\u0161anas laik\u0101.<\/div><\/div><div class=\"section\"><div class=\"section-title\"><\/div><div class=\"section-img small\"><img decoding=\"async\" src=\"\/vevor\/product\/LJTTCKDJSYX18TQR2\/trash-can-dolly-a100-2.5-pt.jpg\" \/><\/div><div class=\"section-mobile-img\"><img decoding=\"async\" src=\"\/vevor\/product\/LJTTCKDJSYX18TQR2\/trash-can-dolly-a100-2.5-pt.jpg\" \/><\/div><div class=\"section-desc\">Lietot\u0101jam draudz\u012bgs dizains nodro\u0161ina uzst\u0101d\u012b\u0161anu bez instrumentiem da\u017eu min\u016b\u0161u laik\u0101. Izpildiet vienk\u0101r\u0161as instrukcijas, lai nekav\u0113joties s\u0101ktu lieto\u0161anu.<\/div><\/div><div class=\"section\"><div class=\"section-img small\"><img decoding=\"async\" src=\"\/vevor\/product\/LJTTCKDJSYX18TQR2\/trash-can-dolly-a100-1.11-pt.jpg\" \/><\/div><div class=\"section-mobile-img\"><img decoding=\"async\" src=\"\/vevor\/product\/LJTTCKDJSYX18TQR2\/trash-can-dolly-a100-1.11-pt.jpg\" \/><\/div><\/div><\/div><\/body><\/html><\/div>\n<div class=\"DM_at-title\" id=\"js-DM_at-title\"> <div>Produkta specifik\u0101cija<\/div> <i class=\"icon-arrowup_line\"><\/i> <\/div><div class=\"DM_at-goodsDescAttr\" id=\"js-DM_at-goodsDescAttr\"> <div class=\"DM_at-goodsDescAttrInner\"> <dl class=\"goodsDesc_item goodsDesc_item_even\"> <dt>Preces Mode\u013ca Numurs<\/dt> <dd> Y21-1<\/dd> <\/dl> <dl class=\"goodsDesc_item\"> <dt>Maksim\u0101l\u0101 svara iztur\u012bba<\/dt> <dd> 440 m\u0101rci\u0146as \/ 181,4 kg<\/dd> <\/dl> <dl class=\"goodsDesc_item goodsDesc_item_even\"> <dt>Daudzums<\/dt> <dd> 1 gabals<\/dd> <\/dl> <dl class=\"goodsDesc_item\"> <dt>Regul\u0113jams izm\u0113rs<\/dt> <dd> 15 collas - 22,8 collas \/ 380 mm - 580 mm<\/dd> <\/dl> <dl class=\"goodsDesc_item goodsDesc_item_even\"> <dt>Kr\u0101sa<\/dt> <dd> Melns<\/dd> <\/dl> <dl class=\"goodsDesc_item\"> <dt>Galvenais materi\u0101ls<\/dt> <dd> PP + 201 ner\u016bs\u0113jo\u0161\u0101 t\u0113rauda caurules<\/dd> <\/dl> <dl class=\"goodsDesc_item goodsDesc_item_even\"> <dt>Produkta Svars<\/dt> <dd> 4,1 m\u0101rci\u0146as \/ 1,88 kg<\/dd> <\/dl> <dl class=\"goodsDesc_item\"> <dt>Produkta Izm\u0113ri<\/dt> <dd> 15 collas \u00d7 15 collas \u00d7 4,3 collas \/ 380 \u00d7 380 \u00d7 110 mm<\/dd> <\/dl> <\/div> <\/div>","protected":false},"excerpt":{"rendered":"<ul>\n<li> Laika un p\u016b\u013cu ietaup\u012bjums: Ar 180 kg celtsp\u0113ju \u0161ie atkritumu konteineru rati\u0146i var notur\u0113t lielus podus un smagus priek\u0161metus. Izgatavoti no kvalitat\u012bviem PP materi\u0101la pane\u013ciem, tie ir iztur\u012bgi, notur\u012bgi pret skr\u0101p\u0113jumiem un viegli t\u012br\u0101mi. Savienot\u0101jstie\u0146i nodro\u0161ina izcilu iztur\u012bbu un nestsp\u0113ju. Notur\u012bgi pret skr\u0101p\u0113jumiem, blo\u0137\u0113jami groz\u0101mie ritenti\u0146i nodro\u0161ina vienm\u0113r\u012bgu kust\u012bbu, neboj\u0101jot gr\u012bdas. Uzlabojiet \u0113rt\u012bbas un efektivit\u0101ti. <\/li>\n<li> Elast\u012bga regul\u0113\u0161ana: Apr\u012bkots ar 6 regul\u0113jamiem caurumiem, atkritumu konteinera izm\u0113ru var viegli noregul\u0113t no 380 mm l\u012bdz 580 mm, piel\u0101gojoties da\u017e\u0101diem priek\u0161metu izm\u0113riem personaliz\u0113tai pieredzei. Komplekt\u0101 ir iek\u013cauta m\u012bksta m\u0113rlente prec\u012bzai m\u0113r\u012b\u0161anai, kas \u013cauj \u0113rti piel\u0101got rati\u0146us, lai tie perfekti atbilstu j\u016bsu priek\u0161metiem. <\/li>\n<li> Divk\u0101r\u0161a blo\u0137\u0113\u0161anas funkcija: Atkritumu tvertnes rull\u012b\u0161u pamatnei ir 4 blo\u0137\u0113jami groz\u0101mi ritenti\u0146i, lai nov\u0113rstu sl\u012bd\u0113\u0161anu, un triecieniztur\u012bgs dro\u0161\u012bbas sl\u0113dzis apak\u0161\u0101, lai nodro\u0161in\u0101tu izm\u0113ru, nodro\u0161inot vienm\u0113r\u012bgu un stabilu kust\u012bbu. Nav j\u0101uztraucas par priek\u0161metu kri\u0161anu vai boj\u0101jumiem transport\u0113\u0161anas laik\u0101. <\/li>\n<li> Daudzpus\u012bgs pielietojums: Ide\u0101li piem\u0113rots lieto\u0161anai iek\u0161telp\u0101s, viskija mucu, atkritumu tvert\u0146u vai augu p\u0101rvieto\u0161anai, un ide\u0101li piem\u0113rots lieto\u0161anai \u0101rpus telp\u0101m, lai p\u0101rvietotu d\u0101rza saulessargus un Ziemassv\u0113tku egl\u012btes. Neatkar\u012bgi no t\u0101, vai tas atrodas uz glud\u0101m iek\u0161telpu gr\u012bd\u0101m vai nel\u012bdzen\u0101m \u0101ra virsm\u0101m, \u0161ie atkritumu tvert\u0146u rati\u0146i ar rite\u0146iem nodro\u0161ina vienm\u0113r\u012bgu p\u0101rvieto\u0161anos un atbilst da\u017e\u0101d\u0101m lieto\u0161anas vajadz\u012bb\u0101m. <\/li>\n<li> Vienk\u0101r\u0161a uzst\u0101d\u012b\u0161ana: \u0100tra un vienk\u0101r\u0161a uzst\u0101d\u012b\u0161ana tikai 4 so\u013cos. Komplekt\u0101 ietilpst m\u012bksta m\u0113rlente un skr\u016bvgriezis, kas padara m\u0113r\u012b\u0161anu un uzst\u0101d\u012b\u0161anu pavisam vienk\u0101r\u0161u. Piez\u012bme: izstiepjot rati\u0146us, nep\u0101rsniedziet m\u0113roga atz\u012bmes, lai nodro\u0161in\u0101tu stabilit\u0101ti un dro\u0161\u012bbu. <\/li>\n<\/ul>","protected":false},"featured_media":384348,"comment_status":"open","ping_status":"open","template":"","meta":{"om_disable_all_campaigns":false,"_uf_show_specific_survey":0,"_uf_disable_surveys":false},"location":[1935,1934],"product_brand":[21],"product_cat":[2562,5073,5074,5075],"product_tag":[],"class_list":{"0":"post-161187","1":"product","2":"type-product","3":"status-publish","4":"has-post-thumbnail","6":"location-supplier_stock_location","7":"location-local_stock_location","8":"product_brand-vevor","9":"product_cat-cleaning","10":"product_cat-trash-recycling","11":"product_cat-trash-can-accessories","12":"product_cat-trash-can-dollies","14":"first","15":"instock","16":"taxable","17":"shipping-taxable","18":"purchasable","19":"product-type-simple"},"aioseo_notices":[],"locations":[{"id":1935,"name":"Pieg\u0101d\u0101ja noliktav\u0101 (5-7dd.d)","slug":"supplier_stock_location","quantity":"15"},{"id":1934,"name":"R\u012bgas veikal\u0101 (0-2d.d.)","slug":"local_stock_location","quantity":"0"}],"_links":{"self":[{"href":"https:\/\/vevorshop.lv\/lv\/wp-json\/wp\/v2\/product\/161187","targetHints":{"allow":["GET"]}}],"collection":[{"href":"https:\/\/vevorshop.lv\/lv\/wp-json\/wp\/v2\/product"}],"about":[{"href":"https:\/\/vevorshop.lv\/lv\/wp-json\/wp\/v2\/types\/product"}],"replies":[{"embeddable":true,"href":"https:\/\/vevorshop.lv\/lv\/wp-json\/wp\/v2\/comments?post=161187"}],"wp:featuredmedia":[{"embeddable":true,"href":"https:\/\/vevorshop.lv\/lv\/wp-json\/wp\/v2\/media\/384348"}],"wp:attachment":[{"href":"https:\/\/vevorshop.lv\/lv\/wp-json\/wp\/v2\/media?parent=161187"}],"wp:term":[{"taxonomy":"location","embeddable":true,"href":"https:\/\/vevorshop.lv\/lv\/wp-json\/wp\/v2\/location?post=161187"},{"taxonomy":"product_brand","embeddable":true,"href":"https:\/\/vevorshop.lv\/lv\/wp-json\/wp\/v2\/product_brand?post=161187"},{"taxonomy":"product_cat","embeddable":true,"href":"https:\/\/vevorshop.lv\/lv\/wp-json\/wp\/v2\/product_cat?post=161187"},{"taxonomy":"product_tag","embeddable":true,"href":"https:\/\/vevorshop.lv\/lv\/wp-json\/wp\/v2\/product_tag?post=161187"}],"curies":[{"name":"wp","href":"https:\/\/api.w.org\/{rel}","templated":true}]}}