{"id":162269,"date":"2025-05-07T07:34:47","date_gmt":"2025-05-07T07:34:47","guid":{"rendered":"https:\/\/vevorshop.lv\/en_us\/Prece\/vevor-return-air-filter-grille-with-filter-fits-50-x-50-cm-duct-opening-vent-cover-for-hvac-systems\/"},"modified":"2026-04-12T08:18:08","modified_gmt":"2026-04-12T05:18:08","slug":"vevor-return-air-filter-grille-with-filter-fits-50-x-50-cm-duct-opening-vent-cover-for-hvac-systems","status":"publish","type":"product","link":"https:\/\/vevorshop.lv\/lv\/Prece\/vevor-atgriezeniska-gaisa-filtra-rezgis-ar-filtru-ir-piemerots-50-x-50-cm-kanala-atveres-ventilacijas-atveres-vakam-ventilacijas-sistemas\/","title":{"rendered":"VEVOR Gaisa Atgrie\u0161anas Rest\u012bte ar Filtru 50x50cm, T\u0113rauda Sienas V\u0101ks, Pulvera P\u0101rkl\u0101jums, No\u0146emama Priek\u0161puse 2.5cm Filtriem"},"content":{"rendered":"<div style=\"color: #fff!important; font-size: 16px; height: 24px; line-height: 24px; margin-top: -24px; \" class=\"product_original_name\">VEVOR Return Air Filter Grille, Fits W20 x H20in Duct Opening Size, Filter Included, Return Air Vent Cover for Wall, Powder-Coated Steel Return Air Grill Detachable Face\/Door for 1 inch Filters<\/div>\n<div style=\"color: #fff!important; font-size: 16px; height: 24px; line-height: 24px; margin-top: -24px; \" class=\"product_sku\">MADMH1P8<\/div>\n<div style=\"color: #fff!important; font-size: 16px; height: 24px; line-height: 24px; margin-top: -24px; \" class=\"product_mpn\">HFGLGZDGLQW2PQYHD001V0<\/div><div id=\"js-DM_at-goodDescRich\"><html><head><style>  body {    font-family: Arial;    line-height: 1.5;    color: #1c1c1c;    overflow-x: hidden;    margin: 0;    padding: 0;  }  .MsoNormal b {    font-weight: bolder;  }<\/style><style>  .container.small {    width: 970px;    margin: 0 auto;  }  .logo {    margin: 0 auto 0;  }  .logo img {    display: block;    margin: 0 auto;    max-width: 100%;  }  .logo .pc-banner {    display: block;    width: 1200px;    height: 247.4px;    margin: 0 auto;  }  .logo .pc-banner.small {    width: 970px;  }  .logo .pc-banner.small img {    height: auto!important;  }  .logo .m-banner {    display: none;  }  .ytvideo {    position: relative;    height: 546px;    width: 100%;    margin: 0 auto;  }  .ytvideo img {    width: 100%;    margin: 0 auto;  }  .ytvideo .play-btn {    width: 60px;    height: 42px;    position: absolute;    top: 50%;    left: 50%;    transform: translate(-50%, -50%);    background: url(\"data:image\/png;base64,iVBORw0KGgoAAAANSUhEUgAAAGQAAABGCAMAAAANWMFbAAAC+lBMVEUAAADBGB3kLCfBGB3kLCfcJC7BFx3KKSbiKybkLCbWJCPSIiLSIiLPICHAFx3kLCfgKSXNHiDZJiTIGx\/p4eHcjo7LHSDbJyTkLCbjKyfOHyHPIiL28fHJHB\/GGh7EGR7eKCXDGB3RISHlLSbBGB3AFxzGHB7DGB7BGB3hKybkKybAFx3lLCfAFxzDGR3hKibDGB7cJyTmz8\/elJTlwcHjurrUIyLlLSflLSfAFx3DGR7lLSfCFx3hKibhKibhKybjKybkLCblLSfbJSX49vbx7e3NNzjNMTLMJyjVIyLZf3\/ZQ0LaeHjx0tLgoqLkLCfCGB3HGx\/BGB3BFx3PICHCGB7WJCLOHyC\/Fxy\/Fx3lLCfQISHkLSe\/FxzbJiTBFx3FGx\/AGB7BFx3EGR7AGB3HHSDfKiXAFh3TISHYNzbhKibbJyTTIiL57e325+f039\/v2NjUV1fOHiHiqanfmprch4feKSXVIyPOICHmLibFGh\/mLSe\/Fx7XJCPeKSXXJSPNHyHaJyTGGh7lLCbmLCflLSjSIiLkLCbdKSXLHiC\/GB3KHh++Fh3lKyfoLiXcKCPkx8fYb2\/XaGfVXl3aU1LLHiDksbHgKibPICHbJyTfKSXbJyTCGB3KHSDiKybFGh7TIiL\/\/\/\/VIyPRISHIHB\/GGx\/HHB\/DGR7gKibdKCXLHiDZJiTMHiDNHyHYJSTOICHPICHWJCPcKCXXJSPjLCblLCf+\/f3NGR\/uLijzLynPGR\/IGB7WISHaIyLLGh7UAADxLynNAADRLzDbICLQAADIAAD3MCrUHSHXMTDpKSbLAADp5OTij4\/ejo\/VLy\/1LyngJSTcJCPQHx\/OHB7+\/PzaMS\/OLS\/vLijrLSjSAADaNTPwLyjkKSbNJCbYISHPHB\/KGB7WAAD7+vrn3d3aKynTKCjoLCfsKifRGh\/YAADq5+fhjo7QNDXXKCfmJyXt5+fTLzDLLi\/QKivYHRvMGBrQJCXLISPMExXLDxLaEAvkkI\/bOTfaFQ\/SCgpvLcnHAAAAmnRSTlMA+vv7+gT9Bvf9+8z8\/NSv\/Pr5+P7++vnQIBMP\/v38\/Pn348XDiCYf9OjbzcqxXVcx\/fz8+\/rj1r2poo1+fXFqX0orGP7+\/v7+\/fz8+\/r68uzn4trIxsG\/vri3p6GcmZSNbWVYUUZEPQv+\/f39+\/v7+\/v7+vr64tvV1NTTz87FtbSurqeblJKFg4B3bUY+NjL7+\/v7+\/v67t1cDo8JLQAABkRJREFUWMO0kz9rwkAYh0OIeJkum6YugUAhISCdKoj\/P4C7SMdS+gEKIhSKil10LSg4mzXkILdlEpxCpwTiWOLX6BujvQaEQuGeHLnL+\/64J+SIcKGYTYWnntpdLjrVdqvZmNdn0+EE40GtpuuWVS6Xx6N7YDSGpWXpeq02wHgynM7q80az1a52HpddtVcpsi1zFARBrdaxbhp9iUReTGmwA4KAAr7vx3EYejnCMI6hQYEgy0LQi4jUN0wL19vqFcUC9\/1dAKmEEFkWRYkh5oBejnxQJiSJPJ\/uKBp0Thszx9Mw8hMRIQjKsptCfuES9zr5WJY6vSFCIvE9fCMUmEM1A1kSXcYGxgVYsvI1IPKTZciSTI0us\/SMGG04gDzELDoFBwdcFJrF88dqgYMTiL6DILWYyfOWE8\/kIz38olCNlC03FK95+imxp6y4oUSvAnBjHHhKNtotSDqJzVFiK8c2SBqhZtsrTtgrLXwAyduxZHNE26eHUt5rtuM4WSmds3G+sUdWYo1L+XyxButoh5eKUHk5lByO3G1LqqCWVnfrv\/lyPtf\/4ps1cndNGIri8J1TJ0lx6dR\/oPjq1nbRwdp2dCk4CtIOLW3pVKRL6WZfS5vF2KkIQhpwSsjiYIgNCs1gEMGqiIq24NQX9NwoXFy8Ufrl3twTcg4fv8T9\/JBEySduj6Mjm4bMzYV7EEOxKjjoNDud7yY3Dy71Hq2oLmqfbNR723edH9PgMrNL2utoQ3VmaIDkiw\/4w51P06hlZsTZvkRrbVuSIs\/zwSOsycgzStQouoAkWQqioRT5XI7n2Z1wfVhoZmcAJLsoqjqpjbWCgpOAJXBwHK8PzWbNvoUZJND5wCnSkLAkZ1legx6vqQzjoiTahKlGUGLAiIIoABOHaNVw4sexZBym6\/HWlH5h3IC7yRbxtipcWxdTOkORKiNQAEkFf66x5S2oeRbroOlLgg0sSYkR0hRGEqJZ0jTPiQKatESdBckpWigxaapEH0lImHdWu9pUFF2XqMNM2Z4kped7IwEJw2qabwtrQqnpw6HyKkgcadKWsmpywwesDyIhYRpdzXddqegtGIJlXbAIUMOLkGxJUjRIkokwjUaX9d\/kK62ps\/tYUqZLIMkLTyBhsMZ3C5Z\/kDxOSCb\/DOs\/\/J0qcWSX\/2ipe56EgTCA4\/cB7NAYOsni4mZM1MUPAISoEwkDi4lhVBQ1cWQyIcwalw4EpqZN68JUSK7XC0kTlkLYii5uXSC8jT5ncCAS7mjCv0uHp\/3lueHEEAeQ\/\/VgmdN71\/2uCSA1Xr6DO6uI6sW56zqT2tp2PhgiRUAajV8CY2fkcz6WGNKMgLAt7tJAhD4YHMTeRxlALE6+43WqjSWi8ITxyJl8WrwWSNESQZZOqhDDntO3hJLsd5RtSpbJqdv3YrDJH3F7jL1R2O2aQkn2MyCyKYz0GPGIvSAMgBCrCEiJyKbBaYGwLW4uPRr0A0M4Ux5kUI7IBh+hMdiCEWNqhMZGyYMsOgNE58UQuEQeUnSWCMYwL54hkxK6IoqucQZbQ3pc3XtL0lky1dL0zZJJDpWJovFqpWj6JEHnyam2eQp5QRVAVHjWparTOaVwUOx99YS2MvgxIGV0bb+qIg2HX2qkFFJB+XZcbLiuRkuxD9GRroKyveLxdh4d7Orx+hb7qc3uVRuEogCOnyIxm4ubUoPgF4jianDrC+SDQDKEfJb0GUKmjCGPYHGJvVC6X4hw1\/sAfQAdfYyephIaspXe36RwOP+Ljvfx9B6B3i+Nk0DGq+oCbLn6JpBa9nWAveAIHwFAwtVcIJXPMPL8kRu5OAYPMaL1WScTxjiZDqB9LTJSWphow\/pTYKRTLjCBhvi9iBidvKcDasGSm0QQkycYuLBqj6QCELPctqChDWpTRMWkngNNpQ1Pfp1KkiT\/Y0DGffXAweUNfLAfaJFKDwhb6I+bkYRbkERoEeu3Fyjg2opMz2daZCS9jt6Q7txNfB+OZEVF6Zl5web2xunnLQrtrjXseXKaFYziYINeMFZVxS9VxRhOoesYwxPKXm+gWLG9cuFeq93UNNeJNsf1KlwuDok9n02n3TgIJpOxNfL9naIoQwXtfH9kjceTIIi709ncTg6LZbg+biLH1V6u\/7rxBem06VXKn9raAAAAAElFTkSuQmCC\")      no-repeat center center \/ contain;  }  @media screen and (max-width: 960px) and (orientation: portrait) {    .logo {      width: 100%;    }    .logo .pc-banner {      display: none;    }    .logo .m-banner {      display: block;      width: 100%;    }    .logo .m-banner img {      height: auto!important;    }    .ytvideo {      height: 200px;      width: 100%;    }  }<\/style><style>  .video-section {    width: 100%;    margin: 0 auto;  }  .video-section > img {    width: 100%;  }  .video-section iframe,  .video-section video {    width: 100%;    height: 100%;      }  .video-section-img-m,  .video-section-img-pc > img {    width: 100%;    height: auto;  }  .video-section-img-pc.small > img {    width: 970px;  }  .video-desc {    line-height: 1.5;    font-size: 20px;    font-weight: 400;    margin: 20px 0;    text-align: center;    color: #0f1111;    word-break: break-word;  }  @media screen and (max-width: 960px) and (orientation: portrait) {    .video-section {      width: 100%;    }    .video-section-pc,    .video-section-img-pc {      display: none;    }    .video-section-m,    .video-section-img-m {      display: block;    }    .video-desc {      font-size: 15px;    }  }  @media screen and (min-width: 960px) {    .video-section {      width: 100%;      margin: 0 auto;    }    .video-section-pc,    .video-section-img-pc {      display: block;    }    .video-section-m,    .video-section-img-m {      display: none;    }    .video-desc {      font-size: 20px;    }  }<\/style><style>  .section + .section {    margin-top: 35px;  }  .section-title {    text-align: center;    font-weight: bold;    color: #0d1111;    font-family: \"Arial\";    font-size: 32px;    margin: 15px 0;  }  .section-title:empty {    display: none;  }  .section-desc {    text-align: center;    font-weight: normal;    color: #0d1111;    margin-top: 20px;  }  .section-desc:empty {    display: none;  }  .section-img {    width: 1200px;    height: 492px;    margin: 0 auto;    display: block;  }  .section-img.small {    width: 970px;    height: auto;  }  .section-img.small > img {    height: auto;  }  .section-img > img {    width: 100%;    height: 100%;  }  .section-mobile-img {    display: none;    max-width: 100vw;    max-height: 75vw;    height: 450px;    margin: 0 auto;  }  .section-mobile-img > img {    width: 100%;    height: 100%;  }  @media screen and (max-width: 960px) and (orientation: portrait) {    .container {      width: 100%;    }    .container.small {      width: 100%;    }    .section-mobile-img {      display: block;    }    .section-img {      display: none;    }    .section-title {      font-size: 22px;      margin: 10px 0;    }    .section-desc {      margin-top: 10px;    }    .section + .section {      margin-top: 20px;    }  }<\/style><\/head><body><div class=\"container\"><div class=\"logo\"><div class=\"pc-banner\"><div><img decoding=\"async\" src=\"\/vevor\/vevor\/boutique-banner\/pc\/en-pc@1x.jpg\" style=\"width: 100%;\" \/><\/div><\/div><div class=\"m-banner\"><div><img decoding=\"async\" src=\"\/vevor\/vevor\/boutique-banner\/mobile\/en-m@1x.jpg\" style=\"width: 100%;\" \/><\/div><\/div><\/div><div class=\"section-title\">Efekt\u012bva atgrie\u0161anas gaisa filtra re\u017e\u0123is<\/div><div class=\"video-section\"><div class=\"video-section-img-pc\"><img decoding=\"async\" src=\"\/vevor\/product\/HFGLGZDGLQW2PQYHD001\/return-air-grille-a100-1.4.jpg\" \/><\/div><div class=\"video-section-img-m\"><img decoding=\"async\" src=\"\/vevor\/product\/HFGLGZDGLQW2PQYHD001\/return-air-grille-a100-1.4-m.jpg\" \/><\/div><div class=\"section-desc\">Uzlabot\u0101s le\u0146\u0137isk\u0101s l\u0101psti\u0146as nodro\u0161ina optim\u0101lu gaisa pl\u016bsmu, vienlaikus samazinot troksni. Izgatavotas no iztur\u012bga, pret skr\u0101p\u0113jumiem iztur\u012bga t\u0113rauda ar pulverkr\u0101sojumu, t\u0101s uzlabo ventil\u0101cijas efektivit\u0101ti un gaisa kvalit\u0101ti gan m\u0101j\u0101s, gan uz\u0146\u0113mumos.<\/div><\/div><div class=\"section\"><div class=\"section-title\"><\/div><div class=\"section-img\"><img decoding=\"async\" src=\"\/vevor\/product\/HFGLGZDGLQW2PQYHD001\/return-air-grille-a100-2.2.jpg\" \/><\/div><div class=\"section-mobile-img\"><img decoding=\"async\" src=\"\/vevor\/product\/HFGLGZDGLQW2PQYHD001\/return-air-grille-a100-2.2-m.jpg\" \/><\/div><div class=\"section-desc\">Pirms uzst\u0101d\u012b\u0161anas izm\u0113riet sienas atveri, lai noteiktu pareizo pas\u016bt\u012bjuma izm\u0113ru. Sienas atveres izm\u0113rs atbilst nor\u0101d\u012btajiem izm\u0113riem.<\/div><\/div><div class=\"section\"><div class=\"section-title\"><\/div><div class=\"section-img\"><img decoding=\"async\" src=\"\/vevor\/product\/HFGLGZDGLQW2PQYHD001\/return-air-grille-a100-2.3.jpg\" \/><\/div><div class=\"section-mobile-img\"><img decoding=\"async\" src=\"\/vevor\/product\/HFGLGZDGLQW2PQYHD001\/return-air-grille-a100-2.3-m.jpg\" \/><\/div><div class=\"section-desc\">Ieb\u016bv\u0113tais filtrs nodro\u0161ina efekt\u012bvu gaisa apmai\u0146u starp iek\u0161telp\u0101m un \u0101ra telp\u0101m, vienlaikus efekt\u012bvi blo\u0137\u0113jot gais\u0101 eso\u0161\u0101s da\u013ci\u0146as, iev\u0113rojami uzlabojot ventil\u0101ciju un gaisa att\u012br\u012b\u0161anu.<\/div><\/div><div class=\"section\"><div class=\"section-title\"><\/div><div class=\"section-img\"><img decoding=\"async\" src=\"\/vevor\/product\/HFGLGZDGLQW2PQYHD001\/return-air-grille-a100-2.4.jpg\" \/><\/div><div class=\"section-mobile-img\"><img decoding=\"async\" src=\"\/vevor\/product\/HFGLGZDGLQW2PQYHD001\/return-air-grille-a100-2.4-m.jpg\" \/><\/div><div class=\"section-desc\">Atpl\u016bdes gaisa restei ir viegli lietojama sl\u0113dzene \u0113rtai atv\u0113r\u0161anai un aizv\u0113r\u0161anai, t\u0101d\u0113j\u0101di atvieglojot t\u012br\u012b\u0161anu un nomai\u0146u. Sl\u0113pt\u0101s e\u0146\u0123es ir piem\u0113rotas uzst\u0101d\u012b\u0161anai pie griestiem, nodro\u0161inot augstu dro\u0161\u012bbu.<\/div><\/div><div class=\"section\"><div class=\"section-title\"><\/div><div class=\"section-img\"><img decoding=\"async\" src=\"\/vevor\/product\/HFGLGZDGLQW2PQYHD001\/return-air-grille-a100-2.5.jpg\" \/><\/div><div class=\"section-mobile-img\"><img decoding=\"async\" src=\"\/vevor\/product\/HFGLGZDGLQW2PQYHD001\/return-air-grille-a100-2.5-m.jpg\" \/><\/div><div class=\"section-desc\">Komplekt\u0101 iek\u013caut\u0101s skr\u016bves nodro\u0161ina \u0101tru uzst\u0101d\u012b\u0161anu, \u013caujot pabeigt uzst\u0101d\u012b\u0161anu tikai 4 vienk\u0101r\u0161os so\u013cos un aktiviz\u0113t iek\u0161telpu ventil\u0101cijas sist\u0113mu.<\/div><\/div><div class=\"section\"><div class=\"section-img\"><img decoding=\"async\" src=\"\/vevor\/product\/HFGLGZDGLQW2PQYHD001\/return-air-grille-a100-1.11.jpg\" \/><\/div><div class=\"section-mobile-img\"><img decoding=\"async\" src=\"\/vevor\/product\/HFGLGZDGLQW2PQYHD001\/return-air-grille-a100-1.11-m.jpg\" \/><\/div><\/div><\/div><\/body><\/html><\/div>\n<div class=\"DM_at-title\" id=\"js-DM_at-title\"> <div>Produkta specifik\u0101cija<\/div> <i class=\"icon-arrowup_line\"><\/i> <\/div><div class=\"DM_at-goodsDescAttr\" id=\"js-DM_at-goodsDescAttr\"> <div class=\"DM_at-goodsDescAttrInner\"> <dl class=\"goodsDesc_item goodsDesc_item_even\"> <dt>Preces Mode\u013ca Numurs<\/dt> <dd> 1RAF2020F-1<\/dd> <\/dl> <dl class=\"goodsDesc_item\"> <dt>Uzst\u0101d\u012b\u0161anas atveres izm\u0113ri<\/dt> <dd> 19,9 x 19,9 collas \/ 50,5 x 50,5 cm<\/dd> <\/dl> <dl class=\"goodsDesc_item goodsDesc_item_even\"> <dt>Uzst\u0101d\u012b\u0161anas atveres biezums<\/dt> <dd> 1,06 collas \/ 2,7 cm<\/dd> <\/dl> <dl class=\"goodsDesc_item\"> <dt>Filtra v\u0113rt\u0113jums<\/dt> <dd> MERV8<\/dd> <\/dl> <dl class=\"goodsDesc_item goodsDesc_item_even\"> <dt>Filtra slota izm\u0113ri<\/dt> <dd> 19,8 x 19,8 x 1,3 collas \/ 50,3 x 50,3 x 3,2 cm<\/dd> <\/dl> <dl class=\"goodsDesc_item\"> <dt>Neto Svars<\/dt> <dd> 6,06 m\u0101rci\u0146as \/ 2,75 kg<\/dd> <\/dl> <dl class=\"goodsDesc_item goodsDesc_item_even\"> <dt>Produkta Izm\u0113ri<\/dt> <dd> 22,6 x 22,6 x 1,6 collas \/ 57,5 \u200b\u200bx 57,5 \u200b\u200bx 4 cm<\/dd> <\/dl> <\/div> <\/div>","protected":false},"excerpt":{"rendered":"<ul>\n<li> K\u0101 izm\u0113r\u012bt: Pirms uzst\u0101d\u012b\u0161anas, izm\u0113r\u012bt sienas atv\u0113rumu, lai noteiktu pareizo izm\u0113ru p\u0113c pas\u016bt\u012bjuma Sienas atv\u0113ruma izm\u0113rs ir vien\u0101ds ar uzskait\u012btajiem izm\u0113riem Piem\u0113ram, ja caurules atv\u0113rums uz sienas ir 20 collas plats un 20 collas augsts, l\u016bdzu, pas\u016btiet 20 x 20 izm\u0113ru opciju. <\/li>\n<li> Efficient Airflow: This wall return air grille provides a quiet and efficient ventilation experience for your heating and cooling system. The angled fin design maximizes airflow, ensures quiet operation, and further improves air cleanliness. For optimal performance, it is recommended to regularly clean or replace the blades. <\/li>\n<li> R\u016bsas iztur\u012bgs un iztur\u012bgs: izgatavots no augstas stipr\u012bbas t\u0113rauda, \u0161is atgaitas gaisa re\u017e\u0123is iztur spiedienu un skr\u0101p\u0113jumus. T\u0113rauda \u0161tanc\u0113\u0161anas process nenodro\u0161ina asas malas, un r\u016bsas iztur\u012bgais pulvera p\u0101rkl\u0101jums nov\u0113r\u0161 \u0161\u0137eldo\u0161anu, skr\u0101p\u0113jumus un izbal\u0113\u0161anu. Tas ir paredz\u0113ts iztur\u012bgai videi un temperat\u016bras izmai\u0146\u0101m. <\/li>\n<li> Viegli nomain\u0101ms un apkopjams: Ietver skr\u016bves \u0101trai uzst\u0101d\u012b\u0161anai 4 so\u013cos, lai uzlabotu ventil\u0101ciju Atveramais dizains \u013cauj viegli t\u012br\u012bt un nomain\u012bt, ar sl\u0113pt\u0101m e\u0146\u0123\u0113m, kas piem\u0113rotas griestu uzst\u0101d\u012b\u0161anai.Sader\u012bgus gaisa filtrus varat ieg\u0101d\u0101ties ar\u012b atsevi\u0161\u0137i vienlaic\u012bgai ventil\u0101cijai un gaisa att\u012br\u012b\u0161anai. <\/li>\n<li> Versatile Application: With its stylish and minimalist design, this return grille complements various interior styles. It\u2019s ideal for living rooms, offices, kitchens, bathrooms, and malls, enhancing airflow when used with heaters, air conditioners, or combined systems in both residential and commercial environments <\/li>\n<\/ul>","protected":false},"featured_media":387274,"comment_status":"open","ping_status":"open","template":"","meta":{"om_disable_all_campaigns":false,"_monsterinsights_skip_tracking":false,"_monsterinsights_sitenote_active":false,"_monsterinsights_sitenote_note":"","_monsterinsights_sitenote_category":0,"_uf_show_specific_survey":0,"_uf_disable_surveys":false},"location":[1935,1934],"product_brand":[21],"product_cat":[2527,2627,5104,5105],"product_tag":[],"class_list":{"0":"post-162269","1":"product","2":"type-product","3":"status-publish","4":"has-post-thumbnail","6":"location-supplier_stock_location","7":"location-local_stock_location","8":"product_brand-vevor","9":"product_cat-heating-venting-cooling","10":"product_cat-hvac-supplies","11":"product_cat-registers-grilles-hvac-supplies","12":"product_cat-return-air-filter-grille-kit","14":"first","15":"instock","16":"taxable","17":"shipping-taxable","18":"purchasable","19":"product-type-simple"},"aioseo_notices":[],"jetpack_sharing_enabled":true,"locations":[{"id":1935,"name":"Pieg\u0101d\u0101t\u0101ja noliktav\u0101 (5-7d.d.)","slug":"supplier_stock_location","quantity":"1"},{"id":1934,"name":"R\u012bgas veikal\u0101 (0-2d.d.)","slug":"local_stock_location","quantity":"0"}],"_links":{"self":[{"href":"https:\/\/vevorshop.lv\/lv\/wp-json\/wp\/v2\/product\/162269","targetHints":{"allow":["GET"]}}],"collection":[{"href":"https:\/\/vevorshop.lv\/lv\/wp-json\/wp\/v2\/product"}],"about":[{"href":"https:\/\/vevorshop.lv\/lv\/wp-json\/wp\/v2\/types\/product"}],"replies":[{"embeddable":true,"href":"https:\/\/vevorshop.lv\/lv\/wp-json\/wp\/v2\/comments?post=162269"}],"wp:featuredmedia":[{"embeddable":true,"href":"https:\/\/vevorshop.lv\/lv\/wp-json\/wp\/v2\/media\/387274"}],"wp:attachment":[{"href":"https:\/\/vevorshop.lv\/lv\/wp-json\/wp\/v2\/media?parent=162269"}],"wp:term":[{"taxonomy":"location","embeddable":true,"href":"https:\/\/vevorshop.lv\/lv\/wp-json\/wp\/v2\/location?post=162269"},{"taxonomy":"product_brand","embeddable":true,"href":"https:\/\/vevorshop.lv\/lv\/wp-json\/wp\/v2\/product_brand?post=162269"},{"taxonomy":"product_cat","embeddable":true,"href":"https:\/\/vevorshop.lv\/lv\/wp-json\/wp\/v2\/product_cat?post=162269"},{"taxonomy":"product_tag","embeddable":true,"href":"https:\/\/vevorshop.lv\/lv\/wp-json\/wp\/v2\/product_tag?post=162269"}],"curies":[{"name":"wp","href":"https:\/\/api.w.org\/{rel}","templated":true}]}}