{"id":162767,"date":"2025-05-22T07:35:12","date_gmt":"2025-05-22T07:35:12","guid":{"rendered":"https:\/\/vevorshop.lv\/en_us\/Prece\/vevor-wide-cross-training-shoes-for-men-uk-size-10-black-sneakers-with-wide-toe-box-for-comfort-and-stability\/"},"modified":"2026-02-27T22:16:00","modified_gmt":"2026-02-27T20:16:00","slug":"vevor-wide-cross-training-shoes-for-men-uk-size-10-black-sneakers-with-wide-toe-box-for-comfort-and-stability","status":"publish","type":"product","link":"https:\/\/vevorshop.lv\/lv\/Prece\/vevor-platie-kross-treninu-apavi-viriesiem-uk-izmers-10-melnas-kedas-ar-platu-pirkstu-kastiti-komfortam-un-stabilitatei\/","title":{"rendered":"VEVOR plat\u0101s krosa treni\u0146u kurpes UK 10 \u2013 melni sporta apavi ar velves atbalstu, elpojo\u0161i skrie\u0161anai un fitnesam"},"content":{"rendered":"<div style=\"color: #fff!important; font-size: 16px; height: 24px; line-height: 24px; margin-top: -24px; \" class=\"product_original_name\">VEVOR Cross Training Shoes, W Width Sneakers UK Size 10, Wide Toe Box Shoes with Arch Support & Adjustable Lace-up, Training Shoes for Running, Gymnastics, Dog Walking, and Weightlifting (Black)<\/div>\n<div style=\"color: #fff!important; font-size: 16px; height: 24px; line-height: 24px; margin-top: -24px; \" class=\"product_sku\">MAZ237XW<\/div>\n<div style=\"color: #fff!important; font-size: 16px; height: 24px; line-height: 24px; margin-top: -24px; \" class=\"product_mpn\">ZHXLXMB11WIDJUC64V0<\/div><div id=\"js-DM_at-goodDescRich\"><html><head><style>  body {    font-family: Arial;    line-height: 1.5;    color: #1c1c1c;    overflow-x: hidden;    margin: 0;    padding: 0;  }  .MsoNormal b {    font-weight: bolder;  }<\/style><style>  .container.small {    width: 970px;    margin: 0 auto;  }  .logo {    margin: 0 auto 0;  }  .logo img {    display: block;    margin: 0 auto;    max-width: 100%;  }  .logo .pc-banner {    display: block;    width: 1200px;    height: 247.4px;    margin: 0 auto;  }  .logo .pc-banner.small {    width: 970px;  }  .logo .pc-banner.small img {    height: auto!important;  }  .logo .m-banner {    display: none;  }  .ytvideo {    position: relative;    height: 546px;    width: 100%;    margin: 0 auto;  }  .ytvideo img {    width: 100%;    margin: 0 auto;  }  .ytvideo .play-btn {    width: 60px;    height: 42px;    position: absolute;    top: 50%;    left: 50%;    transform: translate(-50%, -50%);    background: url(\"data:image\/png;base64,iVBORw0KGgoAAAANSUhEUgAAAGQAAABGCAMAAAANWMFbAAAC+lBMVEUAAADBGB3kLCfBGB3kLCfcJC7BFx3KKSbiKybkLCbWJCPSIiLSIiLPICHAFx3kLCfgKSXNHiDZJiTIGx\/p4eHcjo7LHSDbJyTkLCbjKyfOHyHPIiL28fHJHB\/GGh7EGR7eKCXDGB3RISHlLSbBGB3AFxzGHB7DGB7BGB3hKybkKybAFx3lLCfAFxzDGR3hKibDGB7cJyTmz8\/elJTlwcHjurrUIyLlLSflLSfAFx3DGR7lLSfCFx3hKibhKibhKybjKybkLCblLSfbJSX49vbx7e3NNzjNMTLMJyjVIyLZf3\/ZQ0LaeHjx0tLgoqLkLCfCGB3HGx\/BGB3BFx3PICHCGB7WJCLOHyC\/Fxy\/Fx3lLCfQISHkLSe\/FxzbJiTBFx3FGx\/AGB7BFx3EGR7AGB3HHSDfKiXAFh3TISHYNzbhKibbJyTTIiL57e325+f039\/v2NjUV1fOHiHiqanfmprch4feKSXVIyPOICHmLibFGh\/mLSe\/Fx7XJCPeKSXXJSPNHyHaJyTGGh7lLCbmLCflLSjSIiLkLCbdKSXLHiC\/GB3KHh++Fh3lKyfoLiXcKCPkx8fYb2\/XaGfVXl3aU1LLHiDksbHgKibPICHbJyTfKSXbJyTCGB3KHSDiKybFGh7TIiL\/\/\/\/VIyPRISHIHB\/GGx\/HHB\/DGR7gKibdKCXLHiDZJiTMHiDNHyHYJSTOICHPICHWJCPcKCXXJSPjLCblLCf+\/f3NGR\/uLijzLynPGR\/IGB7WISHaIyLLGh7UAADxLynNAADRLzDbICLQAADIAAD3MCrUHSHXMTDpKSbLAADp5OTij4\/ejo\/VLy\/1LyngJSTcJCPQHx\/OHB7+\/PzaMS\/OLS\/vLijrLSjSAADaNTPwLyjkKSbNJCbYISHPHB\/KGB7WAAD7+vrn3d3aKynTKCjoLCfsKifRGh\/YAADq5+fhjo7QNDXXKCfmJyXt5+fTLzDLLi\/QKivYHRvMGBrQJCXLISPMExXLDxLaEAvkkI\/bOTfaFQ\/SCgpvLcnHAAAAmnRSTlMA+vv7+gT9Bvf9+8z8\/NSv\/Pr5+P7++vnQIBMP\/v38\/Pn348XDiCYf9OjbzcqxXVcx\/fz8+\/rj1r2poo1+fXFqX0orGP7+\/v7+\/fz8+\/r68uzn4trIxsG\/vri3p6GcmZSNbWVYUUZEPQv+\/f39+\/v7+\/v7+vr64tvV1NTTz87FtbSurqeblJKFg4B3bUY+NjL7+\/v7+\/v67t1cDo8JLQAABkRJREFUWMO0kz9rwkAYh0OIeJkum6YugUAhISCdKoj\/P4C7SMdS+gEKIhSKil10LSg4mzXkILdlEpxCpwTiWOLX6BujvQaEQuGeHLnL+\/64J+SIcKGYTYWnntpdLjrVdqvZmNdn0+EE40GtpuuWVS6Xx6N7YDSGpWXpeq02wHgynM7q80az1a52HpddtVcpsi1zFARBrdaxbhp9iUReTGmwA4KAAr7vx3EYejnCMI6hQYEgy0LQi4jUN0wL19vqFcUC9\/1dAKmEEFkWRYkh5oBejnxQJiSJPJ\/uKBp0Thszx9Mw8hMRIQjKsptCfuES9zr5WJY6vSFCIvE9fCMUmEM1A1kSXcYGxgVYsvI1IPKTZciSTI0us\/SMGG04gDzELDoFBwdcFJrF88dqgYMTiL6DILWYyfOWE8\/kIz38olCNlC03FK95+imxp6y4oUSvAnBjHHhKNtotSDqJzVFiK8c2SBqhZtsrTtgrLXwAyduxZHNE26eHUt5rtuM4WSmds3G+sUdWYo1L+XyxButoh5eKUHk5lByO3G1LqqCWVnfrv\/lyPtf\/4ps1cndNGIri8J1TJ0lx6dR\/oPjq1nbRwdp2dCk4CtIOLW3pVKRL6WZfS5vF2KkIQhpwSsjiYIgNCs1gEMGqiIq24NQX9NwoXFy8Ufrl3twTcg4fv8T9\/JBEySduj6Mjm4bMzYV7EEOxKjjoNDud7yY3Dy71Hq2oLmqfbNR723edH9PgMrNL2utoQ3VmaIDkiw\/4w51P06hlZsTZvkRrbVuSIs\/zwSOsycgzStQouoAkWQqioRT5XI7n2Z1wfVhoZmcAJLsoqjqpjbWCgpOAJXBwHK8PzWbNvoUZJND5wCnSkLAkZ1legx6vqQzjoiTahKlGUGLAiIIoABOHaNVw4sexZBym6\/HWlH5h3IC7yRbxtipcWxdTOkORKiNQAEkFf66x5S2oeRbroOlLgg0sSYkR0hRGEqJZ0jTPiQKatESdBckpWigxaapEH0lImHdWu9pUFF2XqMNM2Z4kped7IwEJw2qabwtrQqnpw6HyKkgcadKWsmpywwesDyIhYRpdzXddqegtGIJlXbAIUMOLkGxJUjRIkokwjUaX9d\/kK62ps\/tYUqZLIMkLTyBhsMZ3C5Z\/kDxOSCb\/DOs\/\/J0qcWSX\/2ipe56EgTCA4\/cB7NAYOsni4mZM1MUPAISoEwkDi4lhVBQ1cWQyIcwalw4EpqZN68JUSK7XC0kTlkLYii5uXSC8jT5ncCAS7mjCv0uHp\/3lueHEEAeQ\/\/VgmdN71\/2uCSA1Xr6DO6uI6sW56zqT2tp2PhgiRUAajV8CY2fkcz6WGNKMgLAt7tJAhD4YHMTeRxlALE6+43WqjSWi8ITxyJl8WrwWSNESQZZOqhDDntO3hJLsd5RtSpbJqdv3YrDJH3F7jL1R2O2aQkn2MyCyKYz0GPGIvSAMgBCrCEiJyKbBaYGwLW4uPRr0A0M4Ux5kUI7IBh+hMdiCEWNqhMZGyYMsOgNE58UQuEQeUnSWCMYwL54hkxK6IoqucQZbQ3pc3XtL0lky1dL0zZJJDpWJovFqpWj6JEHnyam2eQp5QRVAVHjWparTOaVwUOx99YS2MvgxIGV0bb+qIg2HX2qkFFJB+XZcbLiuRkuxD9GRroKyveLxdh4d7Orx+hb7qc3uVRuEogCOnyIxm4ubUoPgF4jianDrC+SDQDKEfJb0GUKmjCGPYHGJvVC6X4hw1\/sAfQAdfYyephIaspXe36RwOP+Ljvfx9B6B3i+Nk0DGq+oCbLn6JpBa9nWAveAIHwFAwtVcIJXPMPL8kRu5OAYPMaL1WScTxjiZDqB9LTJSWphow\/pTYKRTLjCBhvi9iBidvKcDasGSm0QQkycYuLBqj6QCELPctqChDWpTRMWkngNNpQ1Pfp1KkiT\/Y0DGffXAweUNfLAfaJFKDwhb6I+bkYRbkERoEeu3Fyjg2opMz2daZCS9jt6Q7txNfB+OZEVF6Zl5web2xunnLQrtrjXseXKaFYziYINeMFZVxS9VxRhOoesYwxPKXm+gWLG9cuFeq93UNNeJNsf1KlwuDok9n02n3TgIJpOxNfL9naIoQwXtfH9kjceTIIi709ncTg6LZbg+biLH1V6u\/7rxBem06VXKn9raAAAAAElFTkSuQmCC\")      no-repeat center center \/ contain;  }  @media screen and (max-width: 960px) and (orientation: portrait) {    .logo {      width: 100%;    }    .logo .pc-banner {      display: none;    }    .logo .m-banner {      display: block;      width: 100%;    }    .logo .m-banner img {      height: auto!important;    }    .ytvideo {      height: 200px;      width: 100%;    }  }<\/style><style>  .video-section {    width: 100%;    margin: 0 auto;  }  .video-section > img {    width: 100%;  }  .video-section iframe,  .video-section video {    width: 100%;    height: 100%;      }  .video-section-img-m,  .video-section-img-pc > img {    width: 100%;    height: auto;  }  .video-section-img-pc.small > img {    width: 970px;  }  .video-desc {    line-height: 1.5;    font-size: 20px;    font-weight: 400;    margin: 20px 0;    text-align: center;    color: #0f1111;    word-break: break-word;  }  @media screen and (max-width: 960px) and (orientation: portrait) {    .video-section {      width: 100%;    }    .video-section-pc,    .video-section-img-pc {      display: none;    }    .video-section-m,    .video-section-img-m {      display: block;    }    .video-desc {      font-size: 15px;    }  }  @media screen and (min-width: 960px) {    .video-section {      width: 100%;      margin: 0 auto;    }    .video-section-pc,    .video-section-img-pc {      display: block;    }    .video-section-m,    .video-section-img-m {      display: none;    }    .video-desc {      font-size: 20px;    }  }<\/style><style>  .section + .section {    margin-top: 35px;  }  .section-title {    text-align: center;    font-weight: bold;    color: #0d1111;    font-family: \"Arial\";    font-size: 32px;    margin: 15px 0;  }  .section-title:empty {    display: none;  }  .section-desc {    text-align: center;    font-weight: normal;    color: #0d1111;    margin-top: 20px;  }  .section-desc:empty {    display: none;  }  .section-img {    width: 1200px;    height: 492px;    margin: 0 auto;    display: block;  }  .section-img.small {    width: 970px;    height: auto;  }  .section-img.small > img {    height: auto;  }  .section-img > img {    width: 100%;    height: 100%;  }  .section-mobile-img {    display: none;    max-width: 100vw;    max-height: 75vw;    height: 450px;    margin: 0 auto;  }  .section-mobile-img > img {    width: 100%;    height: 100%;  }  @media screen and (max-width: 960px) and (orientation: portrait) {    .container {      width: 100%;    }    .container.small {      width: 100%;    }    .section-mobile-img {      display: block;    }    .section-img {      display: none;    }    .section-title {      font-size: 22px;      margin: 10px 0;    }    .section-desc {      margin-top: 10px;    }    .section + .section {      margin-top: 20px;    }  }<\/style><\/head><body><div class=\"container\"><div class=\"logo\"><div class=\"pc-banner\"><div><img decoding=\"async\" src=\"\/vevor\/vevor\/boutique-banner\/pc\/en-pc@1x.jpg\" style=\"width: 100%;\" \/><\/div><\/div><div class=\"m-banner\"><div><img decoding=\"async\" src=\"\/vevor\/vevor\/boutique-banner\/mobile\/en-m@1x.jpg\" style=\"width: 100%;\" \/><\/div><\/div><\/div><div class=\"section-title\">Krosa treni\u0146u apavi<\/div><div class=\"video-section\"><div class=\"video-section-img-pc\"><img decoding=\"async\" src=\"\/vevor\/product\/ZHXLXMB11WIDJUC64\/training-shoes-a100-1.4.jpg\" \/><\/div><div class=\"video-section-img-m\"><img decoding=\"async\" src=\"\/vevor\/product\/ZHXLXMB11WIDJUC64\/training-shoes-a100-1.4-m.jpg\" \/><\/div><div class=\"section-desc\">M\u016bsu krosa treni\u0146u apavi ir ide\u0101li piem\u0113roti skrie\u0161anai, vingro\u0161anai, su\u0146u pastaig\u0101m, svarcel\u0161anai un cit\u0101m aktivit\u0101t\u0113m. Tie lieliski noder sp\u0113ka treni\u0146iem sporta z\u0101l\u0113, nodro\u0161inot vieglumu un komfortu, lai apmierin\u0101tu da\u017e\u0101das sporta vajadz\u012bbas.<\/div><\/div><div class=\"section\"><div class=\"section-title\"><\/div><div class=\"section-img\"><img decoding=\"async\" src=\"\/vevor\/product\/ZHXLXMB11WIDJUC64\/training-shoes-a100-2.2.jpg\" \/><\/div><div class=\"section-mobile-img\"><img decoding=\"async\" src=\"\/vevor\/product\/ZHXLXMB11WIDJUC64\/training-shoes-a100-2.2-m.jpg\" \/><\/div><div class=\"section-desc\">Ar stabilu p\u0113das velves atbalstu, plat\u0101ku priek\u0161\u0113jo da\u013cu un plakanu dizainu \u0161\u012bs skrie\u0161anas kurpes pal\u012bdz saglab\u0101t neitr\u0101lu p\u0113das poz\u012bciju, samazinot triecienus. Ide\u0101li piem\u0113rotas plakan\u0101m p\u0113d\u0101m, t\u0101s samazina deform\u0101ciju un nel\u012bdzsvarot\u012bbu, nodro\u0161inot stabil\u0101ku treni\u0146u.<\/div><\/div><div class=\"section\"><div class=\"section-title\"><\/div><div class=\"section-img\"><img decoding=\"async\" src=\"\/vevor\/product\/ZHXLXMB11WIDJUC64\/training-shoes-a100-2.3.jpg\" \/><\/div><div class=\"section-mobile-img\"><img decoding=\"async\" src=\"\/vevor\/product\/ZHXLXMB11WIDJUC64\/training-shoes-a100-2.3-m.jpg\" \/><\/div><div class=\"section-desc\">Termiski pres\u0113ts purngalu pastiprin\u0101jums un zole, kas p\u0101rbaud\u012bta elast\u012bbas, nodilumiztur\u012bbas un cilpi\u0146u stipr\u012bbas zi\u0146\u0101. Rad\u012bta iztur\u012bbai, nodro\u0161inot aizsardz\u012bbu pret nodilumu un atdal\u012b\u0161anos ilgsto\u0161as \u200b\u200blieto\u0161anas laik\u0101.<\/div><\/div><div class=\"section\"><div class=\"section-title\"><\/div><div class=\"section-img\"><img decoding=\"async\" src=\"\/vevor\/product\/ZHXLXMB11WIDJUC64\/training-shoes-a100-2.4.jpg\" \/><\/div><div class=\"section-mobile-img\"><img decoding=\"async\" src=\"\/vevor\/product\/ZHXLXMB11WIDJUC64\/training-shoes-a100-2.4-m.jpg\" \/><\/div><div class=\"section-desc\">MD gumijas zole nodro\u0161ina sp\u0113c\u012bgu sa\u0137eri, k\u0101 ar\u012b aizsardz\u012bbu pret apg\u0101\u0161anos p\u0113das vidusda\u013c\u0101 un aug\u0161da\u013c\u0101. M\u012bkst\u0101 un elpojo\u0161\u0101 trikot\u0101\u017eas virspuse ir elpojo\u0161a, savuk\u0101rt termiski pres\u0113ti pastiprin\u0101jumi aizsarg\u0101 vietas, kas ir pak\u013cautas lielam nodilumam. Iek\u0161zole absorb\u0113 sviedrus un nov\u0113r\u0161 nepat\u012bkamas smakas, nodro\u0161inot komfortu ilgsto\u0161u treni\u0146u laik\u0101.<\/div><\/div><div class=\"section\"><div class=\"section-title\"><\/div><div class=\"section-img\"><img decoding=\"async\" src=\"\/vevor\/product\/ZHXLXMB11WIDJUC64\/training-shoes-a100-2.5.jpg\" \/><\/div><div class=\"section-mobile-img\"><img decoding=\"async\" src=\"\/vevor\/product\/ZHXLXMB11WIDJUC64\/training-shoes-a100-2.5-m.jpg\" \/><\/div><div class=\"section-desc\">\u0160o pastaigu apavu viegl\u0101 MD gumijas zole samazina p\u0113das slodzi, nodro\u0161inot, ka ilgsto\u0161u treni\u0146u laik\u0101 nejut\u012bsiet nogurumu. Neatkar\u012bgi no t\u0101, vai tie ir stabili sp\u0113ka treni\u0146i, dinamiska aerobika, elast\u012bga vingro\u0161ana vai daudzpus\u012bgi treni\u0146i, tie ide\u0101li piel\u0101gojas j\u016bsu da\u017e\u0101daj\u0101m fitnesa vajadz\u012bb\u0101m.<\/div><\/div><div class=\"section\"><div class=\"section-img\"><img decoding=\"async\" src=\"\/vevor\/product\/ZHXLXMB11WIDJUC64\/training-shoes-a100-1.11.jpg\" \/><\/div><div class=\"section-mobile-img\"><img decoding=\"async\" src=\"\/vevor\/product\/ZHXLXMB11WIDJUC64\/training-shoes-a100-1.11-m.jpg\" \/><\/div><\/div><\/div><\/body><\/html><\/div>\n<div class=\"DM_at-title\" id=\"js-DM_at-title\"> <div>Produkta specifik\u0101cija<\/div> <i class=\"icon-arrowup_line\"><\/i> <\/div><div class=\"DM_at-goodsDescAttr\" id=\"js-DM_at-goodsDescAttr\"> <div class=\"DM_at-goodsDescAttrInner\"> <dl class=\"goodsDesc_item goodsDesc_item_even\"> <dt>Preces Mode\u013ca Numurs<\/dt> <dd> M-24407W<\/dd> <\/dl> <dl class=\"goodsDesc_item\"> <dt>Izm\u0113rs<\/dt> <dd> ASV 11<\/dd> <\/dl> <dl class=\"goodsDesc_item goodsDesc_item_even\"> <dt>Platums<\/dt> <dd> IEK\u0160\u0100<\/dd> <\/dl> <dl class=\"goodsDesc_item\"> <dt>Kr\u0101sa<\/dt> <dd> Melns<\/dd> <\/dl> <dl class=\"goodsDesc_item goodsDesc_item_even\"> <dt>Aug\u0161\u0113jais amats<\/dt> <dd> Trikot\u0101\u017eas audums + siltuma p\u0101rneses apdruka<\/dd> <\/dl> <dl class=\"goodsDesc_item\"> <dt>Zoles materi\u0101ls<\/dt> <dd> MD gumija<\/dd> <\/dl> <dl class=\"goodsDesc_item goodsDesc_item_even\"> <dt>Zoles kr\u0101sa<\/dt> <dd> Melns un zils<\/dd> <\/dl> <dl class=\"goodsDesc_item\"> <dt>Zol\u012btes materi\u0101ls<\/dt> <dd> T\u012bkli\u0146\u0161 + HI-POLY; Veidojo\u0161a odere<\/dd> <\/dl> <dl class=\"goodsDesc_item goodsDesc_item_even\"> <dt>Neto Svars<\/dt> <dd> 1,3 m\u0101rci\u0146as\/0,61 kg<\/dd> <\/dl> <dl class=\"goodsDesc_item\"> <dt>Produkta Izm\u0113ri<\/dt> <dd> 12,40 x 4,37 x 5,12 collas\/315 x 111 x 130 mm<\/dd> <\/dl> <\/div> <\/div>","protected":false},"excerpt":{"rendered":"<ul>\n<li> Viegls Komforts: Krusttrena\u017eu skrie\u0161anas apavu zol\u012bte ir sviedru absorb\u0113jo\u0161a, elpojo\u0161a un pal\u012bdz uztur\u0113t svaigumu. Ar papla\u0161in\u0101tu priek\u0161\u0113jo da\u013cu un regul\u0113jam\u0101m aukl\u0101m tie ir piem\u0113roti da\u017e\u0101diem treni\u0146u veidiem, nodro\u0161inot k\u0101ju komfortu gan sp\u0113ka, gan kardio vingrin\u0101jumos, \u013caujot izbaud\u012bt treni\u0146u. <\/li>\n<li> Univers\u0101ls atbalsts p\u0113dai: T\u0101p\u0113c treni\u0146apavu MD gumijas \u0101rpaselei ir pretsl\u012bdes raksti, kas nodro\u0161ina sp\u0113c\u012bgu sa\u0137eri, un plakans, neitr\u0101ls dizains. Papla\u0161in\u0101ta priek\u0161\u0113j\u0101 da\u013ca palielina jaudu, savuk\u0101rt stabils arkas atbalsts padara tos ide\u0101li piem\u0113rotus plakan\u0101m p\u0113d\u0101m, nodro\u0161inot stingru atbalstu katr\u0101 sol\u012b dro\u0161\u0101kam treni\u0146am. <\/li>\n<li> Premium kvalit\u0101te: \u0100das un ad\u012bta divsl\u0101\u0146u aug\u0161da\u013ca ir elpojo\u0161a un viegla, p\u0101rbaud\u012bta attiec\u012bb\u0101 uz iztur\u012bbu. T\u012bkla pastiprin\u0101jums un termiski nospiesta aizsardz\u012bba nodilu\u0161aj\u0101s viet\u0101s nodro\u0161ina formas saglab\u0101\u0161anu p\u0113c mazg\u0101\u0161anas. Saglab\u0101jas k\u0101 jaunas ilgsto\u0161as lieto\u0161anas laik\u0101, atbalstot j\u016bsu treni\u0146us. PADOMI: Regul\u0101ri t\u012br\u012bt, izvair\u012bties no m\u0113rc\u0113\u0161anas, tie\u0161as saules gaismas vai ve\u013cas \u017e\u0101v\u0113tavas izmanto\u0161anas. <\/li>\n<li> Se\u0161st\u016braina daudzpus\u012bga strukt\u016bra: Skrie\u0161anas apavi ir bez\u0161uvju, savienoti dizain\u0101 starp zoli un virspusi, bez l\u012bmes drukas. Piem\u0113rots da\u017e\u0101d\u0101m treni\u0146u vid\u0113m un aktivit\u0101t\u0113m, izce\u013cas sp\u0113ka, kardio un krusteniskajos treni\u0146os, lai apmierin\u0101tu da\u017e\u0101das treni\u0146u vajadz\u012bbas. <\/li>\n<li> Viegla zole ide\u0101lai piem\u0113ro\u0161anai: Pla\u0161\u0101 pirkstgalu da\u013c\u0101 apaviem ir zema bl\u012bvuma MD gumija, kas nodro\u0161ina vieglu un atbalsto\u0161u dizainu. Pieejami pilni izm\u0113ri ar prec\u012bzu piegulumu no 8. l\u012bdz 13. izm\u0113ram. Uzticams pal\u012bgs fitnesam telp\u0101s un krosa treni\u0146iem. <\/li>\n<\/ul>","protected":false},"featured_media":391281,"comment_status":"open","ping_status":"open","template":"","meta":{"om_disable_all_campaigns":false,"_monsterinsights_skip_tracking":false,"_monsterinsights_sitenote_active":false,"_monsterinsights_sitenote_note":"","_monsterinsights_sitenote_category":0,"_uf_show_specific_survey":0,"_uf_disable_surveys":false},"location":[1935,1934],"product_brand":[21],"product_cat":[4774,5144,4775,4648],"product_tag":[],"class_list":{"0":"post-162767","1":"product","2":"type-product","3":"status-publish","4":"has-post-thumbnail","6":"location-supplier_stock_location","7":"location-local_stock_location","8":"product_brand-vevor","9":"product_cat-footwear-workwear-2","10":"product_cat-soft-toe-shoes","11":"product_cat-work-shoes","12":"product_cat-workwear-2","14":"first","15":"instock","16":"taxable","17":"shipping-taxable","18":"purchasable","19":"product-type-simple"},"aioseo_notices":[],"jetpack_sharing_enabled":true,"locations":[{"id":1935,"name":"Pieg\u0101d\u0101t\u0101ja noliktav\u0101 (5-7d.d.)","slug":"supplier_stock_location","quantity":"13"},{"id":1934,"name":"R\u012bgas veikal\u0101 (0-2d.d.)","slug":"local_stock_location","quantity":"0"}],"_links":{"self":[{"href":"https:\/\/vevorshop.lv\/lv\/wp-json\/wp\/v2\/product\/162767","targetHints":{"allow":["GET"]}}],"collection":[{"href":"https:\/\/vevorshop.lv\/lv\/wp-json\/wp\/v2\/product"}],"about":[{"href":"https:\/\/vevorshop.lv\/lv\/wp-json\/wp\/v2\/types\/product"}],"replies":[{"embeddable":true,"href":"https:\/\/vevorshop.lv\/lv\/wp-json\/wp\/v2\/comments?post=162767"}],"wp:featuredmedia":[{"embeddable":true,"href":"https:\/\/vevorshop.lv\/lv\/wp-json\/wp\/v2\/media\/391281"}],"wp:attachment":[{"href":"https:\/\/vevorshop.lv\/lv\/wp-json\/wp\/v2\/media?parent=162767"}],"wp:term":[{"taxonomy":"location","embeddable":true,"href":"https:\/\/vevorshop.lv\/lv\/wp-json\/wp\/v2\/location?post=162767"},{"taxonomy":"product_brand","embeddable":true,"href":"https:\/\/vevorshop.lv\/lv\/wp-json\/wp\/v2\/product_brand?post=162767"},{"taxonomy":"product_cat","embeddable":true,"href":"https:\/\/vevorshop.lv\/lv\/wp-json\/wp\/v2\/product_cat?post=162767"},{"taxonomy":"product_tag","embeddable":true,"href":"https:\/\/vevorshop.lv\/lv\/wp-json\/wp\/v2\/product_tag?post=162767"}],"curies":[{"name":"wp","href":"https:\/\/api.w.org\/{rel}","templated":true}]}}