{"id":17261,"date":"2024-11-18T03:31:51","date_gmt":"2024-11-18T03:31:51","guid":{"rendered":"http:\/\/vevorshop.edigo.lv\/Prece\/vevor-hydraulic-gear-puller-15-ton-max-capacity-wheel-bearing-pulling-separator-2-or-3-jaws-puller-vertically-and-horizontally-12-jaw-hydraulic-puller-with-case-for-pulling-hubs\/"},"modified":"2026-05-13T04:36:39","modified_gmt":"2026-05-13T01:36:39","slug":"vevor-hydraulic-gear-puller-15-ton-max-capacity-wheel-bearing-pulling-separator-2-or-3-jaws-puller-vertically-and-horizontally-12-jaw-hydraulic-puller-with-case-for-pulling-hubs","status":"publish","type":"product","link":"https:\/\/vevorshop.lv\/lv\/Prece\/vevor-hidrauliskais-zobratu-novilcejs-5-tonnu-maksimalas-jaudas-ritenu-gultnu-novilcejs-2-vai-3-zoklu-novilcejs-vertikali-un-horizontali-8\u2033-zoklu-hidrauliskais-novilcejs-ar-korpusu-ritenu\/","title":{"rendered":"VEVOR 15T Hidrauliskais Zobratu Novilc\u0113js ar 30.5cm \u017dok\u013ciem, 2\/3 \u017dok\u013cu Atdal\u012bt\u0101js Rumb\u0101m, Gult\u0146iem un Zobratiem"},"content":{"rendered":"<div style=\"color: #fff!important; font-size: 16px; height: 24px; line-height: 24px; margin-top: -24px; \" class=\"product_original_name\">VEVOR hidrauliskais p\u0101rnesumu novilc\u0113js, 15 tonnu maksim\u0101l\u0101s ietilp\u012bbas rite\u0146u gult\u0146u vilk\u0161anas atdal\u012bt\u0101js, 2 vai 3 \u017eok\u013cu novilc\u0113js, vertik\u0101li un horizont\u0101li, 30,5 cm \u017eok\u013cu hidrauliskais novilc\u0113js ar korpusu vilk\u0161anas rumb\u0101m<\/div>\n<div style=\"color: #fff!important; font-size: 16px; height: 24px; line-height: 24px; margin-top: -24px; \" class=\"product_sku\">M4I4KIZF<\/div>\n<div style=\"color: #fff!important; font-size: 16px; height: 24px; line-height: 24px; margin-top: -24px; \" class=\"product_mpn\">YYLM15T4V82917Q0CV0<\/div><div id=\"js-DM_at-goodDescRich\"><html><head><style>  body {    font-family: Arial;    line-height: 1.5;    color: #1c1c1c;    overflow-x: hidden;    margin: 0;    padding: 0;  }  .MsoNormal b {    font-weight: bolder;  }<\/style><style>  .container.small {    width: 970px;    margin: 0 auto;  }  .logo {    margin: 0 auto 0;  }  .logo img {    display: block;    margin: 0 auto;    max-width: 100%;  }  .logo .pc-banner {    display: block;    width: 1200px;    height: 247.4px;    margin: 0 auto;  }  .logo .pc-banner.small {    width: 970px;  }  .logo .pc-banner.small img {    height: auto!important;  }  .logo .m-banner {    display: none;  }  .ytvideo {    position: relative;    height: 546px;    width: 100%;    margin: 0 auto;  }  .ytvideo img {    width: 100%;    margin: 0 auto;  }  .ytvideo .play-btn {    width: 60px;    height: 42px;    position: absolute;    top: 50%;    left: 50%;    transform: translate(-50%, -50%);    background: url(\"data:image\/png;base64,iVBORw0KGgoAAAANSUhEUgAAAGQAAABGCAMAAAANWMFbAAAC+lBMVEUAAADBGB3kLCfBGB3kLCfcJC7BFx3KKSbiKybkLCbWJCPSIiLSIiLPICHAFx3kLCfgKSXNHiDZJiTIGx\/p4eHcjo7LHSDbJyTkLCbjKyfOHyHPIiL28fHJHB\/GGh7EGR7eKCXDGB3RISHlLSbBGB3AFxzGHB7DGB7BGB3hKybkKybAFx3lLCfAFxzDGR3hKibDGB7cJyTmz8\/elJTlwcHjurrUIyLlLSflLSfAFx3DGR7lLSfCFx3hKibhKibhKybjKybkLCblLSfbJSX49vbx7e3NNzjNMTLMJyjVIyLZf3\/ZQ0LaeHjx0tLgoqLkLCfCGB3HGx\/BGB3BFx3PICHCGB7WJCLOHyC\/Fxy\/Fx3lLCfQISHkLSe\/FxzbJiTBFx3FGx\/AGB7BFx3EGR7AGB3HHSDfKiXAFh3TISHYNzbhKibbJyTTIiL57e325+f039\/v2NjUV1fOHiHiqanfmprch4feKSXVIyPOICHmLibFGh\/mLSe\/Fx7XJCPeKSXXJSPNHyHaJyTGGh7lLCbmLCflLSjSIiLkLCbdKSXLHiC\/GB3KHh++Fh3lKyfoLiXcKCPkx8fYb2\/XaGfVXl3aU1LLHiDksbHgKibPICHbJyTfKSXbJyTCGB3KHSDiKybFGh7TIiL\/\/\/\/VIyPRISHIHB\/GGx\/HHB\/DGR7gKibdKCXLHiDZJiTMHiDNHyHYJSTOICHPICHWJCPcKCXXJSPjLCblLCf+\/f3NGR\/uLijzLynPGR\/IGB7WISHaIyLLGh7UAADxLynNAADRLzDbICLQAADIAAD3MCrUHSHXMTDpKSbLAADp5OTij4\/ejo\/VLy\/1LyngJSTcJCPQHx\/OHB7+\/PzaMS\/OLS\/vLijrLSjSAADaNTPwLyjkKSbNJCbYISHPHB\/KGB7WAAD7+vrn3d3aKynTKCjoLCfsKifRGh\/YAADq5+fhjo7QNDXXKCfmJyXt5+fTLzDLLi\/QKivYHRvMGBrQJCXLISPMExXLDxLaEAvkkI\/bOTfaFQ\/SCgpvLcnHAAAAmnRSTlMA+vv7+gT9Bvf9+8z8\/NSv\/Pr5+P7++vnQIBMP\/v38\/Pn348XDiCYf9OjbzcqxXVcx\/fz8+\/rj1r2poo1+fXFqX0orGP7+\/v7+\/fz8+\/r68uzn4trIxsG\/vri3p6GcmZSNbWVYUUZEPQv+\/f39+\/v7+\/v7+vr64tvV1NTTz87FtbSurqeblJKFg4B3bUY+NjL7+\/v7+\/v67t1cDo8JLQAABkRJREFUWMO0kz9rwkAYh0OIeJkum6YugUAhISCdKoj\/P4C7SMdS+gEKIhSKil10LSg4mzXkILdlEpxCpwTiWOLX6BujvQaEQuGeHLnL+\/64J+SIcKGYTYWnntpdLjrVdqvZmNdn0+EE40GtpuuWVS6Xx6N7YDSGpWXpeq02wHgynM7q80az1a52HpddtVcpsi1zFARBrdaxbhp9iUReTGmwA4KAAr7vx3EYejnCMI6hQYEgy0LQi4jUN0wL19vqFcUC9\/1dAKmEEFkWRYkh5oBejnxQJiSJPJ\/uKBp0Thszx9Mw8hMRIQjKsptCfuES9zr5WJY6vSFCIvE9fCMUmEM1A1kSXcYGxgVYsvI1IPKTZciSTI0us\/SMGG04gDzELDoFBwdcFJrF88dqgYMTiL6DILWYyfOWE8\/kIz38olCNlC03FK95+imxp6y4oUSvAnBjHHhKNtotSDqJzVFiK8c2SBqhZtsrTtgrLXwAyduxZHNE26eHUt5rtuM4WSmds3G+sUdWYo1L+XyxButoh5eKUHk5lByO3G1LqqCWVnfrv\/lyPtf\/4ps1cndNGIri8J1TJ0lx6dR\/oPjq1nbRwdp2dCk4CtIOLW3pVKRL6WZfS5vF2KkIQhpwSsjiYIgNCs1gEMGqiIq24NQX9NwoXFy8Ufrl3twTcg4fv8T9\/JBEySduj6Mjm4bMzYV7EEOxKjjoNDud7yY3Dy71Hq2oLmqfbNR723edH9PgMrNL2utoQ3VmaIDkiw\/4w51P06hlZsTZvkRrbVuSIs\/zwSOsycgzStQouoAkWQqioRT5XI7n2Z1wfVhoZmcAJLsoqjqpjbWCgpOAJXBwHK8PzWbNvoUZJND5wCnSkLAkZ1legx6vqQzjoiTahKlGUGLAiIIoABOHaNVw4sexZBym6\/HWlH5h3IC7yRbxtipcWxdTOkORKiNQAEkFf66x5S2oeRbroOlLgg0sSYkR0hRGEqJZ0jTPiQKatESdBckpWigxaapEH0lImHdWu9pUFF2XqMNM2Z4kped7IwEJw2qabwtrQqnpw6HyKkgcadKWsmpywwesDyIhYRpdzXddqegtGIJlXbAIUMOLkGxJUjRIkokwjUaX9d\/kK62ps\/tYUqZLIMkLTyBhsMZ3C5Z\/kDxOSCb\/DOs\/\/J0qcWSX\/2ipe56EgTCA4\/cB7NAYOsni4mZM1MUPAISoEwkDi4lhVBQ1cWQyIcwalw4EpqZN68JUSK7XC0kTlkLYii5uXSC8jT5ncCAS7mjCv0uHp\/3lueHEEAeQ\/\/VgmdN71\/2uCSA1Xr6DO6uI6sW56zqT2tp2PhgiRUAajV8CY2fkcz6WGNKMgLAt7tJAhD4YHMTeRxlALE6+43WqjSWi8ITxyJl8WrwWSNESQZZOqhDDntO3hJLsd5RtSpbJqdv3YrDJH3F7jL1R2O2aQkn2MyCyKYz0GPGIvSAMgBCrCEiJyKbBaYGwLW4uPRr0A0M4Ux5kUI7IBh+hMdiCEWNqhMZGyYMsOgNE58UQuEQeUnSWCMYwL54hkxK6IoqucQZbQ3pc3XtL0lky1dL0zZJJDpWJovFqpWj6JEHnyam2eQp5QRVAVHjWparTOaVwUOx99YS2MvgxIGV0bb+qIg2HX2qkFFJB+XZcbLiuRkuxD9GRroKyveLxdh4d7Orx+hb7qc3uVRuEogCOnyIxm4ubUoPgF4jianDrC+SDQDKEfJb0GUKmjCGPYHGJvVC6X4hw1\/sAfQAdfYyephIaspXe36RwOP+Ljvfx9B6B3i+Nk0DGq+oCbLn6JpBa9nWAveAIHwFAwtVcIJXPMPL8kRu5OAYPMaL1WScTxjiZDqB9LTJSWphow\/pTYKRTLjCBhvi9iBidvKcDasGSm0QQkycYuLBqj6QCELPctqChDWpTRMWkngNNpQ1Pfp1KkiT\/Y0DGffXAweUNfLAfaJFKDwhb6I+bkYRbkERoEeu3Fyjg2opMz2daZCS9jt6Q7txNfB+OZEVF6Zl5web2xunnLQrtrjXseXKaFYziYINeMFZVxS9VxRhOoesYwxPKXm+gWLG9cuFeq93UNNeJNsf1KlwuDok9n02n3TgIJpOxNfL9naIoQwXtfH9kjceTIIi709ncTg6LZbg+biLH1V6u\/7rxBem06VXKn9raAAAAAElFTkSuQmCC\")      no-repeat center center \/ contain;  }  @media screen and (max-width: 960px) and (orientation: portrait) {    .logo {      width: 100%;    }    .logo .pc-banner {      display: none;    }    .logo .m-banner {      display: block;      width: 100%;    }    .logo .m-banner img {      height: auto!important;    }    .ytvideo {      height: 200px;      width: 100%;    }  }<\/style><style>  .video-section {    width: 100%;    margin: 0 auto;  }  .video-section > img {    width: 100%;  }  .video-section iframe,  .video-section video {    width: 100%;    height: 100%;      }  .video-section-img-m,  .video-section-img-pc > img {    width: 100%;    height: auto;  }  .video-section-img-pc.small > img {    width: 970px;  }  .video-desc {    line-height: 1.5;    font-size: 20px;    font-weight: 400;    margin: 20px 0;    text-align: center;    color: #0f1111;    word-break: break-word;  }  @media screen and (max-width: 960px) and (orientation: portrait) {    .video-section {      width: 100%;    }    .video-section-pc,    .video-section-img-pc {      display: none;    }    .video-section-m,    .video-section-img-m {      display: block;    }    .video-desc {      font-size: 15px;    }  }  @media screen and (min-width: 960px) {    .video-section {      width: 100%;      margin: 0 auto;    }    .video-section-pc,    .video-section-img-pc {      display: block;    }    .video-section-m,    .video-section-img-m {      display: none;    }    .video-desc {      font-size: 20px;    }  }<\/style><style>  .section + .section {    margin-top: 35px;  }  .section-title {    text-align: center;    font-weight: bold;    color: #0d1111;    font-family: \"Arial\";    font-size: 32px;    margin: 15px 0;  }  .section-title:empty {    display: none;  }  .section-desc {    text-align: center;    font-weight: normal;    color: #0d1111;    margin-top: 20px;  }  .section-desc:empty {    display: none;  }  .section-img {    width: 1200px;    height: 492px;    margin: 0 auto;    display: block;  }  .section-img.small {    width: 970px;    height: auto;  }  .section-img.small > img {    height: auto;  }  .section-img > img {    width: 100%;    height: 100%;  }  .section-mobile-img {    display: none;    max-width: 100vw;    max-height: 75vw;    height: 450px;    margin: 0 auto;  }  .section-mobile-img > img {    width: 100%;    height: 100%;  }  @media screen and (max-width: 960px) and (orientation: portrait) {    .container {      width: 100%;    }    .container.small {      width: 100%;    }    .section-mobile-img {      display: block;    }    .section-img {      display: none;    }    .section-title {      font-size: 22px;      margin: 10px 0;    }    .section-desc {      margin-top: 10px;    }    .section + .section {      margin-top: 20px;    }  }<\/style><\/head><body><div class=\"container\"><div class=\"logo\"><div class=\"pc-banner\"><div><img decoding=\"async\" src=\"\/vevor\/vevor\/boutique-banner\/pc\/en-pc@1x.jpg\" style=\"width: 100%;\" \/><\/div><\/div><div class=\"m-banner\"><div><img decoding=\"async\" src=\"\/vevor\/vevor\/boutique-banner\/mobile\/en-m@1x.jpg\" style=\"width: 100%;\" \/><\/div><\/div><\/div><div class=\"section-title\">Velciet ar p\u0101rliec\u012bbu \u2014 hidrauliskais zobratu vilc\u0113js<\/div><div class=\"video-section\"><div class=\"video-section-img-pc\"><img decoding=\"async\" src=\"\/vevor\/product\/YYLM15T4V82917Q0C\/gear-puller-a100-1.4.jpg\" alt=\"VEVOR 15 tonnu hidrauliskais p\u0101rnesumu novilc\u0113js, ko izmanto transportl\u012bdzek\u013ca brem\u017eu sist\u0113m\u0101, demonstr\u0113jot galven\u0101s funkcijas.\" \/><\/div><div class=\"video-section-img-m\"><img decoding=\"async\" src=\"\/vevor\/product\/YYLM15T4V82917Q0C\/gear-puller-a100-1.4-m.jpg\" alt=\"VEVOR 15 tonnu hidrauliskais p\u0101rnesumu novilc\u0113js, ko izmanto transportl\u012bdzek\u013ca brem\u017eu sist\u0113m\u0101, demonstr\u0113jot galven\u0101s funkcijas.\" \/><\/div><div class=\"section-desc\">Hidrauliskais zobratu no\u0146\u0113m\u0113js var pal\u012bdz\u0113t jums bez piep\u016bles un efekt\u012bvi no\u0146emt ma\u0161\u012bnas zobratus, gult\u0146us, klo\u0137v\u0101rpstas skrieme\u013cus, spararatus un citas deta\u013cas. \u0160is instruments var viegli nomain\u012bt nolietotas vai boj\u0101tas deta\u013cas, nodro\u0161inot, ka j\u016bsu ma\u0161\u012bna turpina darboties efekt\u012bvi un nevainojami.<\/div><\/div><div class=\"section\"><div class=\"section-title\"><\/div><div class=\"section-img\"><img decoding=\"async\" src=\"\/vevor\/product\/YYLM15T4V82917Q0C\/gear-puller-a100-2.2.jpg\" alt=\"VEVOR hidrauliskais zobratu novilc\u0113js ar 15 tonnu maksim\u0101lo sp\u0113ku ma\u0161\u012bnu deta\u013cu, gult\u0146u, zobratu un skrieme\u013cu no\u0146em\u0161anai.\" \/><\/div><div class=\"section-mobile-img\"><img decoding=\"async\" src=\"\/vevor\/product\/YYLM15T4V82917Q0C\/gear-puller-a100-2.2-m.jpg\" alt=\"VEVOR hidrauliskais zobratu novilc\u0113js ar 15 tonnu maksim\u0101lo sp\u0113ku ma\u0161\u012bnu deta\u013cu, gult\u0146u, zobratu un skrieme\u013cu no\u0146em\u0161anai.\" \/><\/div><div class=\"section-desc\">M\u016bsu 15T hidrauliskais zobratu novilc\u0113js ir daudzpus\u012bgs da\u017e\u0101diem uzdevumiem, piem\u0113ram, ma\u0161\u012bnu apkopei, gult\u0146u, zobratu, skrieme\u013cu demont\u0101\u017eai, dzelzce\u013ca\/ku\u0123u apkopei un kalnr\u016bpniec\u012bbas iek\u0101rtu apkopei.<\/div><\/div><div class=\"section\"><div class=\"section-title\"><\/div><div class=\"section-img\"><img decoding=\"async\" src=\"\/vevor\/product\/YYLM15T4V82917Q0C\/gear-puller-a100-2.3.jpg\" alt=\"VEVOR hidrauliskais zobratu novilc\u0113js, kas demonstr\u0113 vertik\u0101lu un horizont\u0101lu darb\u012bbu ar maksim\u0101lo izkliedi 11,8 collas\/300 mm.\" \/><\/div><div class=\"section-mobile-img\"><img decoding=\"async\" src=\"\/vevor\/product\/YYLM15T4V82917Q0C\/gear-puller-a100-2.3-m.jpg\" alt=\"VEVOR hidrauliskais zobratu novilc\u0113js, kas demonstr\u0113 vertik\u0101lu un horizont\u0101lu darb\u012bbu ar maksim\u0101lo izkliedi 11,8 collas\/300 mm.\" \/><\/div><div class=\"section-desc\">P\u0101rnesumu novilc\u0113ju komplekts \u013cauj veikt gan horizont\u0101las, gan vertik\u0101las vilk\u0161anas darb\u012bbas, str\u0101d\u0101jot pie ma\u0161\u012bnas komponentiem da\u017e\u0101d\u0101s orient\u0101cij\u0101s, jums neb\u016bs nepiecie\u0161ams pagriezt \u0137ermeni vai rokas.<\/div><\/div><div class=\"section\"><div class=\"section-title\"><\/div><div class=\"section-img\"><img decoding=\"async\" src=\"\/vevor\/product\/YYLM15T4V82917Q0C\/gear-puller-a100-2.4.jpg\" alt=\"VEVOR hidrauliskais zobratu izvilc\u0113js, kas pied\u0101v\u0101 divu un tr\u012bs \u017eok\u013cu iesp\u0113jas daudzpus\u012bgai komponentu izvilk\u0161anai.\" \/><\/div><div class=\"section-mobile-img\"><img decoding=\"async\" src=\"\/vevor\/product\/YYLM15T4V82917Q0C\/gear-puller-a100-2.4-m.jpg\" alt=\"VEVOR hidrauliskais zobratu izvilc\u0113js, kas pied\u0101v\u0101 divu un tr\u012bs \u017eok\u013cu iesp\u0113jas daudzpus\u012bgai komponentu izvilk\u0161anai.\" \/><\/div><div class=\"section-desc\">Izv\u0113lieties starp divu \u017eok\u013cu vai tr\u012bs \u017eok\u013cu zobratu novilc\u0113ju atkar\u012bb\u0101 no j\u016bsu vajadz\u012bb\u0101m. Divu \u017eok\u013cu modelis vislab\u0101k piem\u0113rots maziem gult\u0146iem un zobratiem, savuk\u0101rt tr\u012bs \u017eok\u013cu modelis ir lab\u0101ks smag\u0101m un liel\u0101m deta\u013c\u0101m.<\/div><\/div><div class=\"section\"><div class=\"section-title\"><\/div><div class=\"section-img\"><img decoding=\"async\" src=\"\/vevor\/product\/YYLM15T4V82917Q0C\/gear-puller-a100-2.5.jpg\" alt=\"VEVOR hidrauliskais zobratu novilc\u0113js: iztur\u012bgs pret r\u016bsu, bez \u0161uv\u0113m, nodilumiztur\u012bgs, \u016bdensnecaurlaid\u012bgs un p\u0101rn\u0113s\u0101jams.\" \/><\/div><div class=\"section-mobile-img\"><img decoding=\"async\" src=\"\/vevor\/product\/YYLM15T4V82917Q0C\/gear-puller-a100-2.5-m.jpg\" alt=\"VEVOR hidrauliskais zobratu novilc\u0113js: iztur\u012bgs pret r\u016bsu, bez \u0161uv\u0113m, nodilumiztur\u012bgs, \u016bdensnecaurlaid\u012bgs un p\u0101rn\u0113s\u0101jams.\" \/><\/div><div class=\"section-desc\">\u0160is hidrauliskais zobratu novilc\u0113js ir izgatavots ar biezu un iztur\u012bgu korpusu, kas viegli nedeform\u0113sies vai nesaloc\u012bsies. \u017dok\u013ciem ir sp\u0113c\u012bga sa\u0137ere, un tas ir izgatavots no r\u016bpnieciskas kvalit\u0101tes t\u0113rauda ar r\u016bsu un korozijiztur\u012bgu p\u0101rkl\u0101jumu iztur\u012bbai.<\/div><\/div><div class=\"section\"><div class=\"section-img\"><img decoding=\"async\" src=\"\/vevor\/product\/YYLM15T4V82917Q0C\/gear-puller-a100-1.11.jpg\" alt=\"VEVOR hidrauliskais zobratu novilc\u0113js yl-15t ar maksim\u0101lo atv\u0113rumu 11,8 collas, maksim\u0101lo sniedzam\u012bbu 7,1 collas un neto svaru 25 m\u0101rci\u0146as.\" \/><\/div><div class=\"section-mobile-img\"><img decoding=\"async\" src=\"\/vevor\/product\/YYLM15T4V82917Q0C\/gear-puller-a100-1.11-m.jpg\" alt=\"VEVOR hidrauliskais zobratu novilc\u0113js yl-15t ar maksim\u0101lo atv\u0113rumu 11,8 collas, maksim\u0101lo sniedzam\u012bbu 7,1 collas un neto svaru 25 m\u0101rci\u0146as.\" \/><\/div><\/div><\/div><\/body><\/html><\/div>\n<div class=\"DM_at-title\" id=\"js-DM_at-title\"> <div>Produkta specifik\u0101cija<\/div> <i class=\"icon-arrowup_line\"><\/i> <\/div><div class=\"DM_at-goodsDescAttr\" id=\"js-DM_at-goodsDescAttr\"> <div class=\"DM_at-goodsDescAttrInner\"> <dl class=\"goodsDesc_item goodsDesc_item_even\"> <dt>Preces Mode\u013ca Numurs<\/dt> <dd> YL-15T<\/dd> <\/dl> <dl class=\"goodsDesc_item\"> <dt>Neto Svars<\/dt> <dd> 25 m\u0101rci\u0146as\/11,36 kg<\/dd> <\/dl> <dl class=\"goodsDesc_item goodsDesc_item_even\"> <dt>Ass g\u0101jiens<\/dt> <dd> 2,2 collas\/55 mm<\/dd> <\/dl> <dl class=\"goodsDesc_item\"> <dt>Maks. starp\u012bba<\/dt> <dd> 12 collas\/304,8 mm<\/dd> <\/dl> <dl class=\"goodsDesc_item goodsDesc_item_even\"> <dt>Produkta Izm\u0113ri<\/dt> <dd> 18,5 x 3,4 x 8,9 collas\/471 \u00d7 87 \u00d7 225 mm<\/dd> <\/dl> <\/div> <\/div>","protected":false},"excerpt":{"rendered":"<ul>\n<li> 15T vilk\u0161anas jauda: 15T hidrauliskais zobratu novilc\u0113js nodro\u0161ina profesion\u0101lus meh\u0101nisk\u0101s apkopes un demont\u0101\u017eas darbus ar maksim\u0101lo vilk\u0161anas izm\u0113ru 12 collas\/304,8 mm. Ide\u0101li piem\u0113rots da\u017e\u0101diem uzdevumiem, piem\u0113ram, ma\u0161\u012bnu apkopei, gult\u0146u, zobratu, skrieme\u013cu demont\u0101\u017eai, dzelzce\u013ca\/ku\u0123u apkopei un kalnr\u016bpniec\u012bbas iek\u0101rtu apkopei. <\/li>\n<li> Nenopl\u016bdes konstrukcija: Integr\u0113tais lie\u0161anas e\u013c\u013cas cilindrs un e\u013c\u013cas v\u0101ks efekt\u012bvi nov\u0113r\u0161 plais\u0101\u0161anu un e\u013c\u013cas nopl\u016bdi. Sabiezin\u0101tais s\u016bk\u0146a korpuss ar caursp\u012bd\u012bg\u0101m v\u012btn\u0113m uz virsmas nodro\u0161ina augstu griezes momentu un maksim\u0101lo g\u0101jienu 2,2 collas \/ 55 mm, \u013caujot piek\u013c\u016bt tuv\u0101k m\u0113r\u0137a objektam, nodro\u0161inot \u012bs\u0101ku g\u0101jienu un efekt\u012bv\u0101ku vilk\u0161anas procesu. <\/li>\n<li> Horizont\u0101la un vertik\u0101la darb\u012bba: \u0160is zobratu novilc\u0113js \u013cauj veikt horizont\u0101las un vertik\u0101las vilk\u0161anas darb\u012bbas, padarot darbu ar da\u017e\u0101dos virzienos v\u0113rst\u0101m ma\u0161\u012bnas deta\u013c\u0101m \u0113rtu. Iek\u013cautais pagarin\u0101tais rokturis nodro\u0161ina elast\u012bg\u0101ku un darbietilp\u012bg\u0101ku darb\u012bbu. <\/li>\n<li> Elast\u012bga \u017eok\u013cu p\u0101rveido\u0161ana: P\u0113c nepiecie\u0161am\u012bbas viegli p\u0101rsl\u0113dzieties starp divu \u017eok\u013cu vai tr\u012bs \u017eok\u013cu rite\u0146u novilc\u0113ju. Divi \u017eok\u013ci nodro\u0161ina sp\u0113c\u012bg\u0101ku vilk\u0161anas sp\u0113ku un \u0101tru mazu gult\u0146u un zobratu izvilk\u0161anu. (Lai nodro\u0161in\u0101tu darb\u012bbas stabilit\u0101ti, abus sp\u012b\u013cus uzst\u0101diet pa diagon\u0101li.) Tr\u012bs sp\u012b\u013cu zobratu novilc\u0113js veido tr\u012bsst\u016brveida strukt\u016bru, nodro\u0161inot vienm\u0113r\u012bg\u0101ku spriegojumu, un tas ir ide\u0101li piem\u0113rots smagu un lielu deta\u013cu stingrai satver\u0161anai demont\u0101\u017eas laik\u0101. <\/li>\n<li> R\u016bpnieciskas klases iztur\u012bba: S\u016bk\u0146a korpuss ir kalts, izmantojot augstas temperat\u016bras r\u016bd\u012b\u0161anas metodi, nodro\u0161inot t\u0101 iztur\u012bbu pat p\u0113c ilgsto\u0161as \u200b\u200blieto\u0161anas, bez deform\u0101cijas vai loc\u012b\u0161an\u0101s. Smalki apstr\u0101d\u0101tie \u017eok\u013ci nodro\u0161ina sp\u0113c\u012bg\u0101ku satv\u0113riena sp\u0113ku. Viss hidrauliskais skrieme\u013ca novilc\u0113js ir izgatavots no r\u016bpnieciskas klases t\u0113rauda ar augstas kvalit\u0101tes r\u016bsas un korozijas iztur\u012bgu p\u0101rkl\u0101jumu. <\/li>\n<\/ul>","protected":false},"featured_media":269493,"comment_status":"closed","ping_status":"open","template":"","meta":{"om_disable_all_campaigns":false,"_uf_show_specific_survey":0,"_uf_disable_surveys":false},"location":[1935,1934],"product_brand":[21],"product_cat":[2860,133,2858,2859],"product_tag":[],"class_list":{"0":"post-17261","1":"product","2":"type-product","3":"status-publish","4":"has-post-thumbnail","6":"location-supplier_stock_location","7":"location-local_stock_location","8":"product_brand-vevor","9":"product_cat-auto-repairing-puller","10":"product_cat-automotive","11":"product_cat-mechanics-tools","12":"product_cat-pullers","14":"first","15":"instock","16":"taxable","17":"shipping-taxable","18":"purchasable","19":"product-type-simple"},"aioseo_notices":[],"locations":[{"id":1935,"name":"Pieg\u0101d\u0101ja noliktav\u0101 (5-7dd.d)","slug":"supplier_stock_location","quantity":"57"},{"id":1934,"name":"R\u012bgas veikal\u0101 (0-2d.d.)","slug":"local_stock_location","quantity":"0"}],"_links":{"self":[{"href":"https:\/\/vevorshop.lv\/lv\/wp-json\/wp\/v2\/product\/17261","targetHints":{"allow":["GET"]}}],"collection":[{"href":"https:\/\/vevorshop.lv\/lv\/wp-json\/wp\/v2\/product"}],"about":[{"href":"https:\/\/vevorshop.lv\/lv\/wp-json\/wp\/v2\/types\/product"}],"replies":[{"embeddable":true,"href":"https:\/\/vevorshop.lv\/lv\/wp-json\/wp\/v2\/comments?post=17261"}],"wp:featuredmedia":[{"embeddable":true,"href":"https:\/\/vevorshop.lv\/lv\/wp-json\/wp\/v2\/media\/269493"}],"wp:attachment":[{"href":"https:\/\/vevorshop.lv\/lv\/wp-json\/wp\/v2\/media?parent=17261"}],"wp:term":[{"taxonomy":"location","embeddable":true,"href":"https:\/\/vevorshop.lv\/lv\/wp-json\/wp\/v2\/location?post=17261"},{"taxonomy":"product_brand","embeddable":true,"href":"https:\/\/vevorshop.lv\/lv\/wp-json\/wp\/v2\/product_brand?post=17261"},{"taxonomy":"product_cat","embeddable":true,"href":"https:\/\/vevorshop.lv\/lv\/wp-json\/wp\/v2\/product_cat?post=17261"},{"taxonomy":"product_tag","embeddable":true,"href":"https:\/\/vevorshop.lv\/lv\/wp-json\/wp\/v2\/product_tag?post=17261"}],"curies":[{"name":"wp","href":"https:\/\/api.w.org\/{rel}","templated":true}]}}