{"id":173454,"date":"2025-06-17T10:49:12","date_gmt":"2025-06-17T10:49:12","guid":{"rendered":"https:\/\/vevorshop.lv\/en_us\/Prece\/vevor-566l-waterproof-hitch-cargo-carrier-bag-152x61x62cm-foldable-heavy-duty-storage-for-suv-truck-travel\/"},"modified":"2026-04-19T16:11:06","modified_gmt":"2026-04-19T13:11:06","slug":"vevor-566l-waterproof-hitch-cargo-carrier-bag-152x61x62cm-foldable-heavy-duty-storage-for-suv-truck-travel","status":"publish","type":"product","link":"https:\/\/vevorshop.lv\/lv\/Prece\/vevor-566l-udensnecaurlaidiga-kravas-bagazas-parvadasanas-soma-152x61x62cm-salokama-smagsvara-uzglabasanai-suv-truck-celojumiem\/","title":{"rendered":"VEVOR 20 kubikp\u0113du \u016bdensiztur\u012bga bag\u0101\u017eas soma piekabes grozam, 840D PVC, 152x61x62 cm, ar 6 siksn\u0101m, smagai kravai"},"content":{"rendered":"<div style=\"color: #fff!important; font-size: 16px; height: 24px; line-height: 24px; margin-top: -24px; \" class=\"product_original_name\">VEVOR sakabes kravas p\u0101rvad\u0101t\u0101ja soma, \u016bdensnecaurlaid\u012bga 840D PVC, 59,84 x 24,02 x 24,41 collas (20 kubikp\u0113das), lieljaudas kravas soma kravas automa\u0161\u012bnas gultas uzglab\u0101\u0161anai ar 6 pastiprin\u0101t\u0101m siksn\u0101m, piem\u0113rota automa\u0161\u012bnas furgonu sakabes grozam<\/div>\n<div style=\"color: #fff!important; font-size: 16px; height: 24px; line-height: 24px; margin-top: -24px; \" class=\"product_sku\">MC0DDORC<\/div>\n<div style=\"color: #fff!important; font-size: 16px; height: 24px; line-height: 24px; margin-top: -24px; \" class=\"product_mpn\">PKHB20CUFTDPUBWDQ001V0<\/div><div id=\"js-DM_at-goodDescRich\"><html><head><style>  body {    font-family: Arial;    line-height: 1.5;    color: #1c1c1c;    overflow-x: hidden;    margin: 0;    padding: 0;  }  .MsoNormal b {    font-weight: bolder;  }<\/style><style>  .container.small {    width: 970px;    margin: 0 auto;  }  .logo {    margin: 0 auto 0;  }  .logo img {    display: block;    margin: 0 auto;    max-width: 100%;  }  .logo .pc-banner {    display: block;    width: 1200px;    height: 247.4px;    margin: 0 auto;  }  .logo .pc-banner.small {    width: 970px;  }  .logo .pc-banner.small img {    height: auto!important;  }  .logo .m-banner {    display: none;  }  .ytvideo {    position: relative;    height: 546px;    width: 100%;    margin: 0 auto;  }  .ytvideo img {    width: 100%;    margin: 0 auto;  }  .ytvideo .play-btn {    width: 60px;    height: 42px;    position: absolute;    top: 50%;    left: 50%;    transform: translate(-50%, -50%);    background: url(\"data:image\/png;base64,iVBORw0KGgoAAAANSUhEUgAAAGQAAABGCAMAAAANWMFbAAAC+lBMVEUAAADBGB3kLCfBGB3kLCfcJC7BFx3KKSbiKybkLCbWJCPSIiLSIiLPICHAFx3kLCfgKSXNHiDZJiTIGx\/p4eHcjo7LHSDbJyTkLCbjKyfOHyHPIiL28fHJHB\/GGh7EGR7eKCXDGB3RISHlLSbBGB3AFxzGHB7DGB7BGB3hKybkKybAFx3lLCfAFxzDGR3hKibDGB7cJyTmz8\/elJTlwcHjurrUIyLlLSflLSfAFx3DGR7lLSfCFx3hKibhKibhKybjKybkLCblLSfbJSX49vbx7e3NNzjNMTLMJyjVIyLZf3\/ZQ0LaeHjx0tLgoqLkLCfCGB3HGx\/BGB3BFx3PICHCGB7WJCLOHyC\/Fxy\/Fx3lLCfQISHkLSe\/FxzbJiTBFx3FGx\/AGB7BFx3EGR7AGB3HHSDfKiXAFh3TISHYNzbhKibbJyTTIiL57e325+f039\/v2NjUV1fOHiHiqanfmprch4feKSXVIyPOICHmLibFGh\/mLSe\/Fx7XJCPeKSXXJSPNHyHaJyTGGh7lLCbmLCflLSjSIiLkLCbdKSXLHiC\/GB3KHh++Fh3lKyfoLiXcKCPkx8fYb2\/XaGfVXl3aU1LLHiDksbHgKibPICHbJyTfKSXbJyTCGB3KHSDiKybFGh7TIiL\/\/\/\/VIyPRISHIHB\/GGx\/HHB\/DGR7gKibdKCXLHiDZJiTMHiDNHyHYJSTOICHPICHWJCPcKCXXJSPjLCblLCf+\/f3NGR\/uLijzLynPGR\/IGB7WISHaIyLLGh7UAADxLynNAADRLzDbICLQAADIAAD3MCrUHSHXMTDpKSbLAADp5OTij4\/ejo\/VLy\/1LyngJSTcJCPQHx\/OHB7+\/PzaMS\/OLS\/vLijrLSjSAADaNTPwLyjkKSbNJCbYISHPHB\/KGB7WAAD7+vrn3d3aKynTKCjoLCfsKifRGh\/YAADq5+fhjo7QNDXXKCfmJyXt5+fTLzDLLi\/QKivYHRvMGBrQJCXLISPMExXLDxLaEAvkkI\/bOTfaFQ\/SCgpvLcnHAAAAmnRSTlMA+vv7+gT9Bvf9+8z8\/NSv\/Pr5+P7++vnQIBMP\/v38\/Pn348XDiCYf9OjbzcqxXVcx\/fz8+\/rj1r2poo1+fXFqX0orGP7+\/v7+\/fz8+\/r68uzn4trIxsG\/vri3p6GcmZSNbWVYUUZEPQv+\/f39+\/v7+\/v7+vr64tvV1NTTz87FtbSurqeblJKFg4B3bUY+NjL7+\/v7+\/v67t1cDo8JLQAABkRJREFUWMO0kz9rwkAYh0OIeJkum6YugUAhISCdKoj\/P4C7SMdS+gEKIhSKil10LSg4mzXkILdlEpxCpwTiWOLX6BujvQaEQuGeHLnL+\/64J+SIcKGYTYWnntpdLjrVdqvZmNdn0+EE40GtpuuWVS6Xx6N7YDSGpWXpeq02wHgynM7q80az1a52HpddtVcpsi1zFARBrdaxbhp9iUReTGmwA4KAAr7vx3EYejnCMI6hQYEgy0LQi4jUN0wL19vqFcUC9\/1dAKmEEFkWRYkh5oBejnxQJiSJPJ\/uKBp0Thszx9Mw8hMRIQjKsptCfuES9zr5WJY6vSFCIvE9fCMUmEM1A1kSXcYGxgVYsvI1IPKTZciSTI0us\/SMGG04gDzELDoFBwdcFJrF88dqgYMTiL6DILWYyfOWE8\/kIz38olCNlC03FK95+imxp6y4oUSvAnBjHHhKNtotSDqJzVFiK8c2SBqhZtsrTtgrLXwAyduxZHNE26eHUt5rtuM4WSmds3G+sUdWYo1L+XyxButoh5eKUHk5lByO3G1LqqCWVnfrv\/lyPtf\/4ps1cndNGIri8J1TJ0lx6dR\/oPjq1nbRwdp2dCk4CtIOLW3pVKRL6WZfS5vF2KkIQhpwSsjiYIgNCs1gEMGqiIq24NQX9NwoXFy8Ufrl3twTcg4fv8T9\/JBEySduj6Mjm4bMzYV7EEOxKjjoNDud7yY3Dy71Hq2oLmqfbNR723edH9PgMrNL2utoQ3VmaIDkiw\/4w51P06hlZsTZvkRrbVuSIs\/zwSOsycgzStQouoAkWQqioRT5XI7n2Z1wfVhoZmcAJLsoqjqpjbWCgpOAJXBwHK8PzWbNvoUZJND5wCnSkLAkZ1legx6vqQzjoiTahKlGUGLAiIIoABOHaNVw4sexZBym6\/HWlH5h3IC7yRbxtipcWxdTOkORKiNQAEkFf66x5S2oeRbroOlLgg0sSYkR0hRGEqJZ0jTPiQKatESdBckpWigxaapEH0lImHdWu9pUFF2XqMNM2Z4kped7IwEJw2qabwtrQqnpw6HyKkgcadKWsmpywwesDyIhYRpdzXddqegtGIJlXbAIUMOLkGxJUjRIkokwjUaX9d\/kK62ps\/tYUqZLIMkLTyBhsMZ3C5Z\/kDxOSCb\/DOs\/\/J0qcWSX\/2ipe56EgTCA4\/cB7NAYOsni4mZM1MUPAISoEwkDi4lhVBQ1cWQyIcwalw4EpqZN68JUSK7XC0kTlkLYii5uXSC8jT5ncCAS7mjCv0uHp\/3lueHEEAeQ\/\/VgmdN71\/2uCSA1Xr6DO6uI6sW56zqT2tp2PhgiRUAajV8CY2fkcz6WGNKMgLAt7tJAhD4YHMTeRxlALE6+43WqjSWi8ITxyJl8WrwWSNESQZZOqhDDntO3hJLsd5RtSpbJqdv3YrDJH3F7jL1R2O2aQkn2MyCyKYz0GPGIvSAMgBCrCEiJyKbBaYGwLW4uPRr0A0M4Ux5kUI7IBh+hMdiCEWNqhMZGyYMsOgNE58UQuEQeUnSWCMYwL54hkxK6IoqucQZbQ3pc3XtL0lky1dL0zZJJDpWJovFqpWj6JEHnyam2eQp5QRVAVHjWparTOaVwUOx99YS2MvgxIGV0bb+qIg2HX2qkFFJB+XZcbLiuRkuxD9GRroKyveLxdh4d7Orx+hb7qc3uVRuEogCOnyIxm4ubUoPgF4jianDrC+SDQDKEfJb0GUKmjCGPYHGJvVC6X4hw1\/sAfQAdfYyephIaspXe36RwOP+Ljvfx9B6B3i+Nk0DGq+oCbLn6JpBa9nWAveAIHwFAwtVcIJXPMPL8kRu5OAYPMaL1WScTxjiZDqB9LTJSWphow\/pTYKRTLjCBhvi9iBidvKcDasGSm0QQkycYuLBqj6QCELPctqChDWpTRMWkngNNpQ1Pfp1KkiT\/Y0DGffXAweUNfLAfaJFKDwhb6I+bkYRbkERoEeu3Fyjg2opMz2daZCS9jt6Q7txNfB+OZEVF6Zl5web2xunnLQrtrjXseXKaFYziYINeMFZVxS9VxRhOoesYwxPKXm+gWLG9cuFeq93UNNeJNsf1KlwuDok9n02n3TgIJpOxNfL9naIoQwXtfH9kjceTIIi709ncTg6LZbg+biLH1V6u\/7rxBem06VXKn9raAAAAAElFTkSuQmCC\")      no-repeat center center \/ contain;  }  @media screen and (max-width: 960px) and (orientation: portrait) {    .logo {      width: 100%;    }    .logo .pc-banner {      display: none;    }    .logo .m-banner {      display: block;      width: 100%;    }    .logo .m-banner img {      height: auto!important;    }    .ytvideo {      height: 200px;      width: 100%;    }  }<\/style><style>  .video-section {    width: 100%;    margin: 0 auto;  }  .video-section > img {    width: 100%;  }  .video-section iframe,  .video-section video {    width: 100%;    height: 100%;      }  .video-section-img-m,  .video-section-img-pc > img {    width: 100%;    height: auto;  }  .video-section-img-pc.small > img {    width: 970px;  }  .video-desc {    line-height: 1.5;    font-size: 20px;    font-weight: 400;    margin: 20px 0;    text-align: center;    color: #0f1111;    word-break: break-word;  }  @media screen and (max-width: 960px) and (orientation: portrait) {    .video-section {      width: 100%;    }    .video-section-pc,    .video-section-img-pc {      display: none;    }    .video-section-m,    .video-section-img-m {      display: block;    }    .video-desc {      font-size: 15px;    }  }  @media screen and (min-width: 960px) {    .video-section {      width: 100%;      margin: 0 auto;    }    .video-section-pc,    .video-section-img-pc {      display: block;    }    .video-section-m,    .video-section-img-m {      display: none;    }    .video-desc {      font-size: 20px;    }  }<\/style><style>  .section + .section {    margin-top: 35px;  }  .section-title {    text-align: center;    font-weight: bold;    color: #0d1111;    font-family: \"Arial\";    font-size: 32px;    margin: 15px 0;  }  .section-title:empty {    display: none;  }  .section-desc {    text-align: center;    font-weight: normal;    color: #0d1111;    margin-top: 20px;  }  .section-desc:empty {    display: none;  }  .section-img {    width: 1200px;    height: 492px;    margin: 0 auto;    display: block;  }  .section-img.small {    width: 970px;    height: auto;  }  .section-img.small > img {    height: auto;  }  .section-img > img {    width: 100%;    height: 100%;  }  .section-mobile-img {    display: none;    max-width: 100vw;    max-height: 75vw;    height: 450px;    margin: 0 auto;  }  .section-mobile-img > img {    width: 100%;    height: 100%;  }  @media screen and (max-width: 960px) and (orientation: portrait) {    .container {      width: 100%;    }    .container.small {      width: 100%;    }    .section-mobile-img {      display: block;    }    .section-img {      display: none;    }    .section-title {      font-size: 22px;      margin: 10px 0;    }    .section-desc {      margin-top: 10px;    }    .section + .section {      margin-top: 20px;    }  }<\/style><\/head><body><div class=\"container\"><div class=\"logo\"><div class=\"pc-banner\"><div><img decoding=\"async\" src=\"\/vevor\/vevor\/boutique-banner\/pc\/en-pc@1x.jpg\" style=\"width: 100%;\" \/><\/div><\/div><div class=\"m-banner\"><div><img decoding=\"async\" src=\"\/vevor\/vevor\/boutique-banner\/mobile\/en-m@1x.jpg\" style=\"width: 100%;\" \/><\/div><\/div><\/div><div class=\"section-title\">Hitch Cargo p\u0101rvad\u0101t\u0101ja soma<\/div><div class=\"video-section\"><div class=\"video-section-img-pc\"><img decoding=\"async\" src=\"\/vevor\/product\/PKHB20CUFTDPUBWDQ001\/cargo-bag-a100-1.4.jpg\" \/><\/div><div class=\"video-section-img-m\"><img decoding=\"async\" src=\"\/vevor\/product\/PKHB20CUFTDPUBWDQ001\/cargo-bag-a100-1.4-m.jpg\" \/><\/div><div class=\"section-desc\">20 kubikp\u0113du (apm\u0113ram 6 kubikp\u0113du) ietilp\u012bba ir piem\u0113rota bag\u0101\u017eai, telt\u012bm, rati\u0146iem un cit\u0101m liet\u0101m. \u016adensnecaurlaid\u012bgs sl\u0101nis un nosl\u0113gti r\u0101v\u0113jsl\u0113dz\u0113ji uztur priek\u0161metus sausus liet\u016b vai snieg\u0101. Nesl\u012bdo\u0161as siksnas nodro\u0161ina stabilit\u0101ti brauk\u0161anas laik\u0101. Salok\u0101ms kompaktai uzglab\u0101\u0161anai. Piel\u0101gots dizains neaizsedz skatu, nodro\u0161inot \u0113rtu un vienk\u0101r\u0161u p\u0101rvieto\u0161anos.<\/div><\/div><div class=\"section\"><div class=\"section-title\"><\/div><div class=\"section-img\"><img decoding=\"async\" src=\"\/vevor\/product\/PKHB20CUFTDPUBWDQ001\/cargo-bag-a100-2.2.jpg\" \/><\/div><div class=\"section-mobile-img\"><img decoding=\"async\" src=\"\/vevor\/product\/PKHB20CUFTDPUBWDQ001\/cargo-bag-a100-2.2-m.jpg\" \/><\/div><div class=\"section-desc\">\u0160\u012b piekabes kravas soma ir izgatavota no PVC materi\u0101la un \u016bdensnecaurlaid\u012bgiem r\u0101v\u0113jsl\u0113dz\u0113jiem dubultai aizsardz\u012bbai, efekt\u012bvi blo\u0137\u0113jot lietu un saglab\u0101jot ap\u0123\u0113rbu, dokumentus un jut\u012bgu apr\u012bkojumu 100% sausu un neboj\u0101tu.<\/div><\/div><div class=\"section\"><div class=\"section-title\"><\/div><div class=\"section-img\"><img decoding=\"async\" src=\"\/vevor\/product\/PKHB20CUFTDPUBWDQ001\/cargo-bag-a100-2.3.jpg\" \/><\/div><div class=\"section-mobile-img\"><img decoding=\"async\" src=\"\/vevor\/product\/PKHB20CUFTDPUBWDQ001\/cargo-bag-a100-2.3-m.jpg\" \/><\/div><div class=\"section-desc\">M\u016bsu piekabes p\u0101rn\u0113s\u0101\u0161anas soma ir apr\u012bkota ar vair\u0101k\u0101m regul\u0113jam\u0101m siksn\u0101m, kas \u013cauj to stingri piestiprin\u0101t pie da\u017e\u0101da izm\u0113ra un augstuma automa\u0161\u012bnas aizmugur\u0113jiem bag\u0101\u017eniekiem vai bag\u0101\u017eas nodal\u012bjumiem, t\u0101p\u0113c nav j\u0101uztraucas par t\u0101s nob\u012bd\u012b\u0161anos nel\u012bdzenu braucienu laik\u0101.<\/div><\/div><div class=\"section\"><div class=\"section-title\"><\/div><div class=\"section-img\"><img decoding=\"async\" src=\"\/vevor\/product\/PKHB20CUFTDPUBWDQ001\/cargo-bag-a100-2.4.jpg\" \/><\/div><div class=\"section-mobile-img\"><img decoding=\"async\" src=\"\/vevor\/product\/PKHB20CUFTDPUBWDQ001\/cargo-bag-a100-2.4-m.jpg\" \/><\/div><div class=\"section-desc\">\u0160\u012b uz \u0101\u0137a stiprin\u0101m\u0101 kravas p\u0101rn\u0113s\u0101\u0161anas soma, kas ir viegl\u0101ka par tradicion\u0101laj\u0101m kravas kast\u0113m, ir \u0101tri atlok\u0101ma un uzst\u0101d\u0101ma, p\u0113c tam viegli salok\u0101ma uzglab\u0101\u0161anai, aiz\u0146emot minim\u0101lu vietu automa\u0161\u012bn\u0101.<\/div><\/div><div class=\"section\"><div class=\"section-title\"><\/div><div class=\"section-img\"><img decoding=\"async\" src=\"\/vevor\/product\/PKHB20CUFTDPUBWDQ001\/cargo-bag-a100-2.5.jpg\" \/><\/div><div class=\"section-mobile-img\"><img decoding=\"async\" src=\"\/vevor\/product\/PKHB20CUFTDPUBWDQ001\/cargo-bag-a100-2.5-m.jpg\" \/><\/div><div class=\"section-desc\">\u0160ai kravas somai ir tr\u012bs sl\u0101\u0146u kompoz\u012btmateri\u0101la strukt\u016bra ar pilnu PVC p\u0101rkl\u0101jumu, augsta bl\u012bvuma \u0161\u0137iedru un nodilumiztur\u012bgu oderi, kas padara to iztur\u012bgu un \u016bdensnecaurlaid\u012bgu, viegli tiekot gal\u0101 ar da\u017e\u0101diem vilk\u0161anas scen\u0101rijiem.<\/div><\/div><div class=\"section\"><div class=\"section-img\"><img decoding=\"async\" src=\"\/vevor\/product\/PKHB20CUFTDPUBWDQ001\/cargo-bag-a100-1.11.jpg\" \/><\/div><div class=\"section-mobile-img\"><img decoding=\"async\" src=\"\/vevor\/product\/PKHB20CUFTDPUBWDQ001\/cargo-bag-a100-1.11-m.jpg\" \/><\/div><\/div><\/div><\/body><\/html><\/div>\n<div class=\"DM_at-title\" id=\"js-DM_at-title\"> <div>Produkta specifik\u0101cija<\/div> <i class=\"icon-arrowup_line\"><\/i> <\/div><div class=\"DM_at-goodsDescAttr\" id=\"js-DM_at-goodsDescAttr\"> <div class=\"DM_at-goodsDescAttrInner\"> <dl class=\"goodsDesc_item goodsDesc_item_even\"> <dt>Preces Mode\u013ca Numurs<\/dt> <dd> SSHB03<\/dd> <\/dl> <dl class=\"goodsDesc_item\"> <dt>Jauda<\/dt> <dd> 20 kubikp\u0113das<\/dd> <\/dl> <dl class=\"goodsDesc_item goodsDesc_item_even\"> <dt>Kr\u0101sa<\/dt> <dd> Melns<\/dd> <\/dl> <dl class=\"goodsDesc_item\"> <dt>Produkta Svars<\/dt> <dd> 7,74 m\u0101rci\u0146as\/3,51 kg<\/dd> <\/dl> <dl class=\"goodsDesc_item goodsDesc_item_even\"> <dt>Produkta Izm\u0113ri<\/dt> <dd> 59,84 x 24,02 x 24,41 collas\/1520 x 610 x 620 mm<\/dd> <\/dl> <\/div> <\/div>","protected":false},"excerpt":{"rendered":"<ul>\n<li> Lielas ietilp\u012bbas dizains: \u0161\u012b piekaram\u0101 kravas p\u0101rn\u0113s\u0101\u0161anas soma, kuras izm\u0113ri ir 59,84 collas garum\u0101 x 24,02 collas platum\u0101 x 24,41 collas augstum\u0101, nodro\u0161ina daudz vietas koferiem, telt\u012bm, gu\u013cammaisiem un rati\u0146iem, kas ir ide\u0101li piem\u0113rota ierobe\u017eotas vietas atrisin\u0101\u0161anai \u0123imenes ce\u013cojumos. <\/li>\n<li> Daudzsl\u0101\u0146u \u016bdensnecaurlaid\u012bga aizsardz\u012bba: \u0161ai piekabin\u0101majai kravas somai ir biezs PVC \u016bdensnecaurlaid\u012bgs sl\u0101nis, \u016bdensnecaurlaid\u012bgi r\u0101v\u0113jsl\u0113dz\u0113ji un nosl\u0113gtas v\u012bles, lai nov\u0113rstu \u016bdens ies\u016bk\u0161anos, t\u0101d\u0113j\u0101di saglab\u0101jot j\u016bsu mantas sausas liet\u016b vai snieg\u0101. Ide\u0101li piem\u0113rota kempinga braucieniem vai brauk\u0161anai pa pils\u0113tu. <\/li>\n<li> Nep\u0101rsl\u012bd uz nel\u012bdzeniem ce\u013ciem: Ar 6 pagarin\u0101t\u0101m 1700 mm pretsl\u012bdes siksn\u0101m \u0161\u012b kravas soma ir piem\u0113rota liel\u0101kajai da\u013cai apvidus auto un kravas automa\u0161\u012bnu. 25 mm siksnas un \u0101tr\u0101s atbr\u012bvo\u0161anas spr\u0101dzes nodro\u0161ina \u0113rtu uzst\u0101d\u012b\u0161anu 2 min\u016b\u0161u laik\u0101, nodro\u0161inot stabilit\u0101ti un nov\u0113r\u0161ot \u0161\u016bpo\u0161anos liel\u0101 \u0101trum\u0101. <\/li>\n<li> Iztur\u012bgs un iztur\u012bgs: Izgatavots no 840D augsta bl\u012bvuma \u0161\u0137iedru sl\u0101\u0146a un pilna PVC p\u0101rkl\u0101juma, m\u016bsu piekares soma ir iztur\u012bga pret skr\u0101p\u0113jumiem, pl\u012bsumiem un \u016bdeni. T\u0101s tr\u012bs sl\u0101\u0146u strukt\u016bra ir paredz\u0113ta skarbajiem \u0101ra apst\u0101k\u013ciem, nodro\u0161inot j\u016bsu mantu dro\u0161\u012bbu un aizsardz\u012bbu. <\/li>\n<li> Viegls un salok\u0101ms: \u0160\u012b pie \u0101\u0137a stiprin\u0101m\u0101 kravas p\u0101rn\u0113s\u0101\u0161anas soma, kas sver tikai 3,51 kg, \u0101tri salok\u0101s l\u012bdz 80% no t\u0101s izm\u0113ra, lai to b\u016btu viegli uzglab\u0101t automa\u0161\u012bnas bag\u0101\u017eniek\u0101 vai st\u016br\u012b. To ir \u0113rti uzglab\u0101t un piek\u013c\u016bt tai p\u0113c nepiecie\u0161am\u012bbas. <\/li>\n<\/ul>","protected":false},"featured_media":395216,"comment_status":"open","ping_status":"open","template":"","meta":{"om_disable_all_campaigns":false,"_uf_show_specific_survey":0,"_uf_disable_surveys":false},"location":[1935,1934],"product_brand":[21],"product_cat":[133,2498,2497,5216],"product_tag":[],"class_list":{"0":"post-173454","1":"product","2":"type-product","3":"status-publish","4":"has-post-thumbnail","6":"location-supplier_stock_location","7":"location-local_stock_location","8":"product_brand-vevor","9":"product_cat-automotive","10":"product_cat-cargo-boxes-bags","11":"product_cat-cargo-carriers","12":"product_cat-hitch-cargo-bag-expandable-nylon-cargo-carrier-cover","14":"first","15":"instock","16":"taxable","17":"shipping-taxable","18":"purchasable","19":"product-type-simple"},"aioseo_notices":[],"locations":[{"id":1935,"name":"Pieg\u0101d\u0101ja noliktav\u0101 (5-7dd.d)","slug":"supplier_stock_location","quantity":"95"},{"id":1934,"name":"R\u012bgas veikal\u0101 (0-2d.d.)","slug":"local_stock_location","quantity":"0"}],"_links":{"self":[{"href":"https:\/\/vevorshop.lv\/lv\/wp-json\/wp\/v2\/product\/173454","targetHints":{"allow":["GET"]}}],"collection":[{"href":"https:\/\/vevorshop.lv\/lv\/wp-json\/wp\/v2\/product"}],"about":[{"href":"https:\/\/vevorshop.lv\/lv\/wp-json\/wp\/v2\/types\/product"}],"replies":[{"embeddable":true,"href":"https:\/\/vevorshop.lv\/lv\/wp-json\/wp\/v2\/comments?post=173454"}],"wp:featuredmedia":[{"embeddable":true,"href":"https:\/\/vevorshop.lv\/lv\/wp-json\/wp\/v2\/media\/395216"}],"wp:attachment":[{"href":"https:\/\/vevorshop.lv\/lv\/wp-json\/wp\/v2\/media?parent=173454"}],"wp:term":[{"taxonomy":"location","embeddable":true,"href":"https:\/\/vevorshop.lv\/lv\/wp-json\/wp\/v2\/location?post=173454"},{"taxonomy":"product_brand","embeddable":true,"href":"https:\/\/vevorshop.lv\/lv\/wp-json\/wp\/v2\/product_brand?post=173454"},{"taxonomy":"product_cat","embeddable":true,"href":"https:\/\/vevorshop.lv\/lv\/wp-json\/wp\/v2\/product_cat?post=173454"},{"taxonomy":"product_tag","embeddable":true,"href":"https:\/\/vevorshop.lv\/lv\/wp-json\/wp\/v2\/product_tag?post=173454"}],"curies":[{"name":"wp","href":"https:\/\/api.w.org\/{rel}","templated":true}]}}