{"id":176598,"date":"2025-07-02T07:37:35","date_gmt":"2025-07-02T07:37:35","guid":{"rendered":"https:\/\/vevorshop.lv\/en_us\/Prece\/vevor-electric-sup-pump-with-4000mah-battery-20-psi-auto-shut-off-usb-power-bank-7-nozzles-for-paddle-boards-inflatables\/"},"modified":"2026-04-19T03:44:53","modified_gmt":"2026-04-19T00:44:53","slug":"vevor-electric-sup-pump-with-4000mah-battery-20-psi-auto-shut-off-usb-power-bank-7-nozzles-for-paddle-boards-inflatables","status":"publish","type":"product","link":"https:\/\/vevorshop.lv\/lv\/Prece\/vevor-electric-sup-pump-with-4000mah-battery-20-psi-auto-shut-off-usb-power-bank-7-nozzles-for-paddle-boards-inflatables\/","title":{"rendered":"VEVOR Elektrisk\u0101 SUP Pumpe 20 PSI ar Uzl\u0101d\u0113jamu Bateriju, Divpak\u0101pju, Auto Izsl\u0113g\u0161anos un Gaisa Izlai\u0161anu D\u0113\u013cu, Telt\u012bm, Matra\u010diem"},"content":{"rendered":"<div style=\"color: #fff!important; font-size: 16px; height: 24px; line-height: 24px; margin-top: -24px; \" class=\"product_original_name\">VEVOR Paddle Board Pump, 20PSI High Pressure, Rechargeable Battery-Powered, Dual Stage Electric SUP Air Pump with Auto-Off and Deflation Function, Ideal for Inflatable Paddle Board, Tent and Mattress<\/div>\n<div style=\"color: #fff!important; font-size: 16px; height: 24px; line-height: 24px; margin-top: -24px; \" class=\"product_sku\">MCLN8PUJ<\/div>\n<div style=\"color: #fff!important; font-size: 16px; height: 24px; line-height: 24px; margin-top: -24px; \" class=\"product_mpn\">JBDDQB20PSIC6VORLV9<\/div><div id=\"js-DM_at-goodDescRich\"><html><head><style>  body {    font-family: Arial;    line-height: 1.5;    color: #1c1c1c;    overflow-x: hidden;    margin: 0;    padding: 0;  }  .MsoNormal b {    font-weight: bolder;  }<\/style><style>  .container.small {    width: 970px;    margin: 0 auto;  }  .logo {    margin: 0 auto 0;  }  .logo img {    display: block;    margin: 0 auto;    max-width: 100%;  }  .logo .pc-banner {    display: block;    width: 1200px;    height: 247.4px;    margin: 0 auto;  }  .logo .pc-banner.small {    width: 970px;  }  .logo .pc-banner.small img {    height: auto!important;  }  .logo .m-banner {    display: none;  }  .ytvideo {    position: relative;    height: 546px;    width: 100%;    margin: 0 auto;  }  .ytvideo img {    width: 100%;    margin: 0 auto;  }  .ytvideo .play-btn {    width: 60px;    height: 42px;    position: absolute;    top: 50%;    left: 50%;    transform: translate(-50%, -50%);    background: url(\"data:image\/png;base64,iVBORw0KGgoAAAANSUhEUgAAAGQAAABGCAMAAAANWMFbAAAC+lBMVEUAAADBGB3kLCfBGB3kLCfcJC7BFx3KKSbiKybkLCbWJCPSIiLSIiLPICHAFx3kLCfgKSXNHiDZJiTIGx\/p4eHcjo7LHSDbJyTkLCbjKyfOHyHPIiL28fHJHB\/GGh7EGR7eKCXDGB3RISHlLSbBGB3AFxzGHB7DGB7BGB3hKybkKybAFx3lLCfAFxzDGR3hKibDGB7cJyTmz8\/elJTlwcHjurrUIyLlLSflLSfAFx3DGR7lLSfCFx3hKibhKibhKybjKybkLCblLSfbJSX49vbx7e3NNzjNMTLMJyjVIyLZf3\/ZQ0LaeHjx0tLgoqLkLCfCGB3HGx\/BGB3BFx3PICHCGB7WJCLOHyC\/Fxy\/Fx3lLCfQISHkLSe\/FxzbJiTBFx3FGx\/AGB7BFx3EGR7AGB3HHSDfKiXAFh3TISHYNzbhKibbJyTTIiL57e325+f039\/v2NjUV1fOHiHiqanfmprch4feKSXVIyPOICHmLibFGh\/mLSe\/Fx7XJCPeKSXXJSPNHyHaJyTGGh7lLCbmLCflLSjSIiLkLCbdKSXLHiC\/GB3KHh++Fh3lKyfoLiXcKCPkx8fYb2\/XaGfVXl3aU1LLHiDksbHgKibPICHbJyTfKSXbJyTCGB3KHSDiKybFGh7TIiL\/\/\/\/VIyPRISHIHB\/GGx\/HHB\/DGR7gKibdKCXLHiDZJiTMHiDNHyHYJSTOICHPICHWJCPcKCXXJSPjLCblLCf+\/f3NGR\/uLijzLynPGR\/IGB7WISHaIyLLGh7UAADxLynNAADRLzDbICLQAADIAAD3MCrUHSHXMTDpKSbLAADp5OTij4\/ejo\/VLy\/1LyngJSTcJCPQHx\/OHB7+\/PzaMS\/OLS\/vLijrLSjSAADaNTPwLyjkKSbNJCbYISHPHB\/KGB7WAAD7+vrn3d3aKynTKCjoLCfsKifRGh\/YAADq5+fhjo7QNDXXKCfmJyXt5+fTLzDLLi\/QKivYHRvMGBrQJCXLISPMExXLDxLaEAvkkI\/bOTfaFQ\/SCgpvLcnHAAAAmnRSTlMA+vv7+gT9Bvf9+8z8\/NSv\/Pr5+P7++vnQIBMP\/v38\/Pn348XDiCYf9OjbzcqxXVcx\/fz8+\/rj1r2poo1+fXFqX0orGP7+\/v7+\/fz8+\/r68uzn4trIxsG\/vri3p6GcmZSNbWVYUUZEPQv+\/f39+\/v7+\/v7+vr64tvV1NTTz87FtbSurqeblJKFg4B3bUY+NjL7+\/v7+\/v67t1cDo8JLQAABkRJREFUWMO0kz9rwkAYh0OIeJkum6YugUAhISCdKoj\/P4C7SMdS+gEKIhSKil10LSg4mzXkILdlEpxCpwTiWOLX6BujvQaEQuGeHLnL+\/64J+SIcKGYTYWnntpdLjrVdqvZmNdn0+EE40GtpuuWVS6Xx6N7YDSGpWXpeq02wHgynM7q80az1a52HpddtVcpsi1zFARBrdaxbhp9iUReTGmwA4KAAr7vx3EYejnCMI6hQYEgy0LQi4jUN0wL19vqFcUC9\/1dAKmEEFkWRYkh5oBejnxQJiSJPJ\/uKBp0Thszx9Mw8hMRIQjKsptCfuES9zr5WJY6vSFCIvE9fCMUmEM1A1kSXcYGxgVYsvI1IPKTZciSTI0us\/SMGG04gDzELDoFBwdcFJrF88dqgYMTiL6DILWYyfOWE8\/kIz38olCNlC03FK95+imxp6y4oUSvAnBjHHhKNtotSDqJzVFiK8c2SBqhZtsrTtgrLXwAyduxZHNE26eHUt5rtuM4WSmds3G+sUdWYo1L+XyxButoh5eKUHk5lByO3G1LqqCWVnfrv\/lyPtf\/4ps1cndNGIri8J1TJ0lx6dR\/oPjq1nbRwdp2dCk4CtIOLW3pVKRL6WZfS5vF2KkIQhpwSsjiYIgNCs1gEMGqiIq24NQX9NwoXFy8Ufrl3twTcg4fv8T9\/JBEySduj6Mjm4bMzYV7EEOxKjjoNDud7yY3Dy71Hq2oLmqfbNR723edH9PgMrNL2utoQ3VmaIDkiw\/4w51P06hlZsTZvkRrbVuSIs\/zwSOsycgzStQouoAkWQqioRT5XI7n2Z1wfVhoZmcAJLsoqjqpjbWCgpOAJXBwHK8PzWbNvoUZJND5wCnSkLAkZ1legx6vqQzjoiTahKlGUGLAiIIoABOHaNVw4sexZBym6\/HWlH5h3IC7yRbxtipcWxdTOkORKiNQAEkFf66x5S2oeRbroOlLgg0sSYkR0hRGEqJZ0jTPiQKatESdBckpWigxaapEH0lImHdWu9pUFF2XqMNM2Z4kped7IwEJw2qabwtrQqnpw6HyKkgcadKWsmpywwesDyIhYRpdzXddqegtGIJlXbAIUMOLkGxJUjRIkokwjUaX9d\/kK62ps\/tYUqZLIMkLTyBhsMZ3C5Z\/kDxOSCb\/DOs\/\/J0qcWSX\/2ipe56EgTCA4\/cB7NAYOsni4mZM1MUPAISoEwkDi4lhVBQ1cWQyIcwalw4EpqZN68JUSK7XC0kTlkLYii5uXSC8jT5ncCAS7mjCv0uHp\/3lueHEEAeQ\/\/VgmdN71\/2uCSA1Xr6DO6uI6sW56zqT2tp2PhgiRUAajV8CY2fkcz6WGNKMgLAt7tJAhD4YHMTeRxlALE6+43WqjSWi8ITxyJl8WrwWSNESQZZOqhDDntO3hJLsd5RtSpbJqdv3YrDJH3F7jL1R2O2aQkn2MyCyKYz0GPGIvSAMgBCrCEiJyKbBaYGwLW4uPRr0A0M4Ux5kUI7IBh+hMdiCEWNqhMZGyYMsOgNE58UQuEQeUnSWCMYwL54hkxK6IoqucQZbQ3pc3XtL0lky1dL0zZJJDpWJovFqpWj6JEHnyam2eQp5QRVAVHjWparTOaVwUOx99YS2MvgxIGV0bb+qIg2HX2qkFFJB+XZcbLiuRkuxD9GRroKyveLxdh4d7Orx+hb7qc3uVRuEogCOnyIxm4ubUoPgF4jianDrC+SDQDKEfJb0GUKmjCGPYHGJvVC6X4hw1\/sAfQAdfYyephIaspXe36RwOP+Ljvfx9B6B3i+Nk0DGq+oCbLn6JpBa9nWAveAIHwFAwtVcIJXPMPL8kRu5OAYPMaL1WScTxjiZDqB9LTJSWphow\/pTYKRTLjCBhvi9iBidvKcDasGSm0QQkycYuLBqj6QCELPctqChDWpTRMWkngNNpQ1Pfp1KkiT\/Y0DGffXAweUNfLAfaJFKDwhb6I+bkYRbkERoEeu3Fyjg2opMz2daZCS9jt6Q7txNfB+OZEVF6Zl5web2xunnLQrtrjXseXKaFYziYINeMFZVxS9VxRhOoesYwxPKXm+gWLG9cuFeq93UNNeJNsf1KlwuDok9n02n3TgIJpOxNfL9naIoQwXtfH9kjceTIIi709ncTg6LZbg+biLH1V6u\/7rxBem06VXKn9raAAAAAElFTkSuQmCC\")      no-repeat center center \/ contain;  }  @media screen and (max-width: 960px) and (orientation: portrait) {    .logo {      width: 100%;    }    .logo .pc-banner {      display: none;    }    .logo .m-banner {      display: block;      width: 100%;    }    .logo .m-banner img {      height: auto!important;    }    .ytvideo {      height: 200px;      width: 100%;    }  }<\/style><style>  .video-section {    width: 100%;    margin: 0 auto;  }  .video-section > img {    width: 100%;  }  .video-section iframe,  .video-section video {    width: 100%;    height: 100%;      }  .video-section-img-m,  .video-section-img-pc > img {    width: 100%;    height: auto;  }  .video-section-img-pc.small > img {    width: 970px;  }  .video-desc {    line-height: 1.5;    font-size: 20px;    font-weight: 400;    margin: 20px 0;    text-align: center;    color: #0f1111;    word-break: break-word;  }  @media screen and (max-width: 960px) and (orientation: portrait) {    .video-section {      width: 100%;    }    .video-section-pc,    .video-section-img-pc {      display: none;    }    .video-section-m,    .video-section-img-m {      display: block;    }    .video-desc {      font-size: 15px;    }  }  @media screen and (min-width: 960px) {    .video-section {      width: 100%;      margin: 0 auto;    }    .video-section-pc,    .video-section-img-pc {      display: block;    }    .video-section-m,    .video-section-img-m {      display: none;    }    .video-desc {      font-size: 20px;    }  }<\/style><style>  .section + .section {    margin-top: 35px;  }  .section-title {    text-align: center;    font-weight: bold;    color: #0d1111;    font-family: \"Arial\";    font-size: 32px;    margin: 15px 0;  }  .section-title:empty {    display: none;  }  .section-desc {    text-align: center;    font-weight: normal;    color: #0d1111;    margin-top: 20px;  }  .section-desc:empty {    display: none;  }  .section-img {    width: 1200px;    height: 492px;    margin: 0 auto;    display: block;  }  .section-img.small {    width: 970px;    height: auto;  }  .section-img.small > img {    height: auto;  }  .section-img > img {    width: 100%;    height: 100%;  }  .section-mobile-img {    display: none;    max-width: 100vw;    max-height: 75vw;    height: 450px;    margin: 0 auto;  }  .section-mobile-img > img {    width: 100%;    height: 100%;  }  @media screen and (max-width: 960px) and (orientation: portrait) {    .container {      width: 100%;    }    .container.small {      width: 100%;    }    .section-mobile-img {      display: block;    }    .section-img {      display: none;    }    .section-title {      font-size: 22px;      margin: 10px 0;    }    .section-desc {      margin-top: 10px;    }    .section + .section {      margin-top: 20px;    }  }<\/style><\/head><body><div class=\"container\"><div class=\"logo\"><div class=\"pc-banner\"><div><img decoding=\"async\" src=\"\/vevor\/vevor\/boutique-banner\/pc\/en-pc@1x.jpg\" style=\"width: 100%;\" \/><\/div><\/div><div class=\"m-banner\"><div><img decoding=\"async\" src=\"\/vevor\/vevor\/boutique-banner\/mobile\/en-m@1x.jpg\" style=\"width: 100%;\" \/><\/div><\/div><\/div><div class=\"section-title\">SUP d\u0113\u013ca pumpis: piep\u016b\u0161ams da\u017eu min\u016b\u0161u laik\u0101, jebkur<\/div><div class=\"video-section\"><div class=\"video-section-img-pc\"><img decoding=\"async\" src=\"\/vevor\/product\/JBDDQB20PSIC6VORL\/paddle-board-pump-a100-1.4.jpg\" \/><\/div><div class=\"video-section-img-m\"><img decoding=\"async\" src=\"\/vevor\/product\/JBDDQB20PSIC6VORL\/paddle-board-pump-a100-1.4-m.jpg\" \/><\/div><div class=\"section-desc\">\u0160is elektriskais SUP d\u0113\u013ca pumpis, kas paredz\u0113ts \u0101ra aktivit\u0101\u0161u entuziastiem, piep\u016b\u0161as l\u012bdz 12 PSI (9,5 p\u0113d\u0101m) 9 min\u016bt\u0113s. Tam ir digit\u0101lais displejs, atmi\u0146as funkcija un 4000 mAh akumulators lieto\u0161anai bezsaist\u0113, un tas viss vieglaj\u0101 konstrukcij\u0101, kas ir ide\u0101li piem\u0113rota kempingam un ce\u013cojumiem.<\/div><\/div><div class=\"section\"><div class=\"section-title\"><\/div><div class=\"section-img\"><img decoding=\"async\" src=\"\/vevor\/product\/JBDDQB20PSIC6VORL\/paddle-board-pump-a100-2.2.jpg\" \/><\/div><div class=\"section-mobile-img\"><img decoding=\"async\" src=\"\/vevor\/product\/JBDDQB20PSIC6VORL\/paddle-board-pump-a100-2.2-m.jpg\" \/><\/div><div class=\"section-desc\">M\u016bsu SUP d\u0113\u013ca s\u016bknim ir iepriek\u0161 iestat\u012btas funkcijas, kas autom\u0101tiski izsl\u0113dzas, kad tiek sasniegts v\u0113lamais spiediens. LED ekr\u0101ns uzrauga spiedienu re\u0101llaik\u0101, un pogas ir vienk\u0101r\u0161as un \u0113rti lietojamas. M\u0113rvien\u012bbas var p\u0101rsl\u0113gt jebkur\u0101 laik\u0101.<\/div><\/div><div class=\"section\"><div class=\"section-title\"><\/div><div class=\"section-img\"><img decoding=\"async\" src=\"\/vevor\/product\/JBDDQB20PSIC6VORL\/paddle-board-pump-a100-2.3.jpg\" \/><\/div><div class=\"section-mobile-img\"><img decoding=\"async\" src=\"\/vevor\/product\/JBDDQB20PSIC6VORL\/paddle-board-pump-a100-2.3-m.jpg\" \/><\/div><div class=\"section-desc\">Pirms lieto\u0161anas uzl\u0101d\u0113jiet, izmantojot C tipa uzl\u0101des kabeli, lai nodro\u0161in\u0101tu \u0113rtu p\u0101rn\u0113s\u0101\u0161anu. S\u016bknis autom\u0101tiski atceras p\u0113d\u0113jos iestat\u012bjumus, t\u0101p\u0113c tie neb\u016bs bie\u017ei j\u0101piel\u0101go.<\/div><\/div><div class=\"section\"><div class=\"section-title\"><\/div><div class=\"section-img\"><img decoding=\"async\" src=\"\/vevor\/product\/JBDDQB20PSIC6VORL\/paddle-board-pump-a100-2.4.jpg\" \/><\/div><div class=\"section-mobile-img\"><img decoding=\"async\" src=\"\/vevor\/product\/JBDDQB20PSIC6VORL\/paddle-board-pump-a100-2.4-m.jpg\" \/><\/div><div class=\"section-desc\">\u0160is p\u0101rn\u0113s\u0101jamais s\u016bknis ar rokturi var kalpot ar\u012b k\u0101 \u0101ra apgaismojums vai av\u0101rijas baro\u0161anas avots, t\u0101p\u0113c jums vairs nav j\u0101uztraucas par \u0101rk\u0101rtas situ\u0101cij\u0101m vai ener\u0123ijas izl\u0101d\u0113\u0161anos kempinga laik\u0101. Atvadieties no akumulatora raiz\u0113m.<\/div><\/div><div class=\"section\"><div class=\"section-title\"><\/div><div class=\"section-img\"><img decoding=\"async\" src=\"\/vevor\/product\/JBDDQB20PSIC6VORL\/paddle-board-pump-a100-2.5.jpg\" \/><\/div><div class=\"section-mobile-img\"><img decoding=\"async\" src=\"\/vevor\/product\/JBDDQB20PSIC6VORL\/paddle-board-pump-a100-2.5-m.jpg\" \/><\/div><div class=\"section-desc\">7 uzga\u013ci visu veidu v\u0101rstiem! SUP d\u0113\u013ciem, kajakiem, piep\u016b\u0161amajiem matra\u010diem, baseina pludi\u0146iem un pat drauga teko\u0161\u0101 volejbola bumbas gl\u0101b\u0161anai! Ar \u0161o s\u016bkni j\u016bs esat pludmales versija &#034;MacGaiver&#034;.<\/div><\/div><div class=\"section\"><div class=\"section-img\"><img decoding=\"async\" src=\"\/vevor\/product\/JBDDQB20PSIC6VORL\/paddle-board-pump-a100-1.11.jpg\" \/><\/div><div class=\"section-mobile-img\"><img decoding=\"async\" src=\"\/vevor\/product\/JBDDQB20PSIC6VORL\/paddle-board-pump-a100-1.11-m.jpg\" \/><\/div><\/div><\/div><\/body><\/html><\/div>\n<div class=\"DM_at-title\" id=\"js-DM_at-title\"> <div>Produkta specifik\u0101cija<\/div> <i class=\"icon-arrowup_line\"><\/i> <\/div><div class=\"DM_at-goodsDescAttr\" id=\"js-DM_at-goodsDescAttr\"> <div class=\"DM_at-goodsDescAttrInner\"> <dl class=\"goodsDesc_item goodsDesc_item_even\"> <dt><\/dt> <dd>Preces mode\u013ca numurs HT-737PRO<\/dd> <\/dl> <dl class=\"goodsDesc_item\"> <dt>Spriegums<\/dt> <dd> L\u012bdzstr\u0101va 5 V \/ l\u012bdzstr\u0101va 9 V<\/dd> <\/dl> <dl class=\"goodsDesc_item goodsDesc_item_even\"> <dt>Max Spiediens<\/dt> <dd> 20 PSI<\/dd> <\/dl> <dl class=\"goodsDesc_item\"> <dt>Akumulatora Kapacit\u0101te<\/dt> <dd> 4000 mAh<\/dd> <\/dl> <dl class=\"goodsDesc_item goodsDesc_item_even\"> <dt>Galvenais materi\u0101ls<\/dt> <dd> ABS, PC<\/dd> <\/dl> <dl class=\"goodsDesc_item\"> <dt>Produkta Svars<\/dt> <dd> 3,6 m\u0101rci\u0146as \/ 1,62 kg<\/dd> <\/dl> <dl class=\"goodsDesc_item goodsDesc_item_even\"> <dt>Produkta Izm\u0113ri<\/dt> <dd> 7,4 x 6,9 x 3,1 collas \/ 189 x 175 x 80 mm<\/dd> <\/dl> <\/div> <\/div>","protected":false},"excerpt":{"rendered":"<ul>\n<li> Efficient Inflation &amp; Deflation: This 20 PSI electric paddle board pump inflates a 9.5 ft SUP to 12 PSI in under 9 minutes, saving 50% of the time compared to manual pumps. The deflation function speeds up packing <\/li>\n<li> Divk\u0101r\u0161as baro\u0161anas iesp\u0113jas: \u0160is SUP d\u0113\u013ca pumpis darbojas ar automa\u0161\u012bnas vai m\u0101jas elektrot\u012bklu. 4000 mAh uzl\u0101d\u0113jamais akumulators atbalsta 5 V\/9 V \u0101tro uzl\u0101di, piln\u012bb\u0101 uzl\u0101d\u0113joties 4 stund\u0101s. Tas var piep\u016bst 2 SUP d\u0113\u013cus ar pilnu uzl\u0101di, nep\u0101rtraukti lietojot 20 min\u016btes. <\/li>\n<li> Autom\u0101tiska izsl\u0113g\u0161an\u0101s: LED displejs uzrauga spiedienu re\u0101llaik\u0101, un SUP d\u0113\u013ca piep\u016b\u0161anas s\u016bknis autom\u0101tiski izsl\u0113dzas, sasniedzot iepriek\u0161 iestat\u012bto spiedienu. Tas saglab\u0101 p\u0113d\u0113jos iestat\u012bjumus \u0113rtai lieto\u0161anai. <\/li>\n<li> Power Bank &amp; LED Light: This electric pump for paddle board features a USB output to charge devices like phones. The built-in light solves nighttime operation challenges, enhancing outdoor practicality <\/li>\n<li> 7 piep\u016b\u0161anas sprauslas: \u0160im SUP d\u0113\u013ca elektriskajam s\u016bknim ir 7 sprauslas, kas ir sader\u012bgas ar SUP d\u0113\u013ciem, kajakiem, piep\u016b\u0161amaj\u0101m telt\u012bm, gaisa matra\u010diem un cit\u0101m ier\u012bc\u0113m \u2014 viens s\u016bknis vair\u0101k\u0101m ier\u012bc\u0113m. <\/li>\n<\/ul>","protected":false},"featured_media":398036,"comment_status":"open","ping_status":"open","template":"","meta":{"om_disable_all_campaigns":false,"_monsterinsights_skip_tracking":false,"_monsterinsights_sitenote_active":false,"_monsterinsights_sitenote_note":"","_monsterinsights_sitenote_category":0,"_uf_show_specific_survey":0,"_uf_disable_surveys":false},"location":[1935,1934],"product_brand":[21],"product_cat":[4125,5252,2431,5253],"product_tag":[],"class_list":{"0":"post-176598","1":"product","2":"type-product","3":"status-publish","4":"has-post-thumbnail","6":"location-supplier_stock_location","7":"location-local_stock_location","8":"product_brand-vevor","9":"product_cat-boat-docks-hardware","10":"product_cat-boat-hardware","11":"product_cat-building-materials-2","12":"product_cat-paddle-board-air-pump","14":"first","15":"outofstock","16":"taxable","17":"shipping-taxable","18":"purchasable","19":"product-type-simple"},"aioseo_notices":[],"jetpack_sharing_enabled":true,"locations":[{"id":1935,"name":"Pieg\u0101d\u0101t\u0101ja noliktav\u0101 (5-7d.d.)","slug":"supplier_stock_location","quantity":"0"},{"id":1934,"name":"R\u012bgas veikal\u0101 (0-2d.d.)","slug":"local_stock_location","quantity":"0"}],"_links":{"self":[{"href":"https:\/\/vevorshop.lv\/lv\/wp-json\/wp\/v2\/product\/176598","targetHints":{"allow":["GET"]}}],"collection":[{"href":"https:\/\/vevorshop.lv\/lv\/wp-json\/wp\/v2\/product"}],"about":[{"href":"https:\/\/vevorshop.lv\/lv\/wp-json\/wp\/v2\/types\/product"}],"replies":[{"embeddable":true,"href":"https:\/\/vevorshop.lv\/lv\/wp-json\/wp\/v2\/comments?post=176598"}],"wp:featuredmedia":[{"embeddable":true,"href":"https:\/\/vevorshop.lv\/lv\/wp-json\/wp\/v2\/media\/398036"}],"wp:attachment":[{"href":"https:\/\/vevorshop.lv\/lv\/wp-json\/wp\/v2\/media?parent=176598"}],"wp:term":[{"taxonomy":"location","embeddable":true,"href":"https:\/\/vevorshop.lv\/lv\/wp-json\/wp\/v2\/location?post=176598"},{"taxonomy":"product_brand","embeddable":true,"href":"https:\/\/vevorshop.lv\/lv\/wp-json\/wp\/v2\/product_brand?post=176598"},{"taxonomy":"product_cat","embeddable":true,"href":"https:\/\/vevorshop.lv\/lv\/wp-json\/wp\/v2\/product_cat?post=176598"},{"taxonomy":"product_tag","embeddable":true,"href":"https:\/\/vevorshop.lv\/lv\/wp-json\/wp\/v2\/product_tag?post=176598"}],"curies":[{"name":"wp","href":"https:\/\/api.w.org\/{rel}","templated":true}]}}