{"id":179698,"date":"2025-07-09T07:37:35","date_gmt":"2025-07-09T07:37:35","guid":{"rendered":"https:\/\/vevorshop.lv\/en_us\/Prece\/vevor-tabletop-pegboard-display-stand-with-30-hooks-2-black-steel-panels-4-mm-hooks-max-load-5-kg-portable-easy-setup\/"},"modified":"2026-04-19T15:26:55","modified_gmt":"2026-04-19T12:26:55","slug":"vevor-tabletop-pegboard-display-stand-with-30-hooks-2-black-steel-panels-4-mm-hooks-max-load-5-kg-portable-easy-setup","status":"publish","type":"product","link":"https:\/\/vevorshop.lv\/lv\/Prece\/vevor-galda-stends-ar-30-akiem-2-melni-terauda-paneli-4-mm-aki-maksimala-slodze-5-kg-parnesajams-viegla-uzstadisana\/","title":{"rendered":"VEVOR galda galda kl\u0101j\u0113jd\u0113\u013ca displeja stat\u012bvs 43\u00d733 cm, 2-Pack ar 30 \u0101\u0137iem, auksti velm\u0113ts t\u0113rauds, mazumtirdzniec\u012bbai, juvelierizstr\u0101d\u0101jumiem un instrumentu uzglab\u0101\u0161anai"},"content":{"rendered":"<div style=\"color: #fff!important; font-size: 16px; height: 24px; line-height: 24px; margin-top: -24px; \" class=\"product_original_name\">VEVOR tapas d\u0113\u013cu stat\u012bvs, 43 x 33 cm galda galda pane\u013ca stat\u012bvs ar 30 \u0101\u0137iem, sabiezin\u0101ts auksti velm\u0113ts t\u0113rauda tapas d\u0113\u013cu panelis p\u0101rtikas pre\u010du veikaliem, mazumtirdzniec\u012bbas veikaliem un juvelierizstr\u0101d\u0101jumu veikaliem, melns (2 gab.)<\/div>\n<div style=\"color: #fff!important; font-size: 16px; height: 24px; line-height: 24px; margin-top: -24px; \" class=\"product_sku\">MCVNBA8G<\/div>\n<div style=\"color: #fff!important; font-size: 16px; height: 24px; line-height: 24px; margin-top: -24px; \" class=\"product_mpn\">ZMLSDB2GZDPJA8XSJ001V0<\/div><div id=\"js-DM_at-goodDescRich\"><html><head><style>  body {    font-family: Arial;    line-height: 1.5;    color: #1c1c1c;    overflow-x: hidden;    margin: 0;    padding: 0;  }  .MsoNormal b {    font-weight: bolder;  }<\/style><style>  .container.small {    width: 970px;    margin: 0 auto;  }  .logo {    margin: 0 auto 0;  }  .logo img {    display: block;    margin: 0 auto;    max-width: 100%;  }  .logo .pc-banner {    display: block;    width: 1200px;    height: 247.4px;    margin: 0 auto;  }  .logo .pc-banner.small {    width: 970px;  }  .logo .pc-banner.small img {    height: auto!important;  }  .logo .m-banner {    display: none;  }  .ytvideo {    position: relative;    height: 546px;    width: 100%;    margin: 0 auto;  }  .ytvideo img {    width: 100%;    margin: 0 auto;  }  .ytvideo .play-btn {    width: 60px;    height: 42px;    position: absolute;    top: 50%;    left: 50%;    transform: translate(-50%, -50%);    background: url(\"data:image\/png;base64,iVBORw0KGgoAAAANSUhEUgAAAGQAAABGCAMAAAANWMFbAAAC+lBMVEUAAADBGB3kLCfBGB3kLCfcJC7BFx3KKSbiKybkLCbWJCPSIiLSIiLPICHAFx3kLCfgKSXNHiDZJiTIGx\/p4eHcjo7LHSDbJyTkLCbjKyfOHyHPIiL28fHJHB\/GGh7EGR7eKCXDGB3RISHlLSbBGB3AFxzGHB7DGB7BGB3hKybkKybAFx3lLCfAFxzDGR3hKibDGB7cJyTmz8\/elJTlwcHjurrUIyLlLSflLSfAFx3DGR7lLSfCFx3hKibhKibhKybjKybkLCblLSfbJSX49vbx7e3NNzjNMTLMJyjVIyLZf3\/ZQ0LaeHjx0tLgoqLkLCfCGB3HGx\/BGB3BFx3PICHCGB7WJCLOHyC\/Fxy\/Fx3lLCfQISHkLSe\/FxzbJiTBFx3FGx\/AGB7BFx3EGR7AGB3HHSDfKiXAFh3TISHYNzbhKibbJyTTIiL57e325+f039\/v2NjUV1fOHiHiqanfmprch4feKSXVIyPOICHmLibFGh\/mLSe\/Fx7XJCPeKSXXJSPNHyHaJyTGGh7lLCbmLCflLSjSIiLkLCbdKSXLHiC\/GB3KHh++Fh3lKyfoLiXcKCPkx8fYb2\/XaGfVXl3aU1LLHiDksbHgKibPICHbJyTfKSXbJyTCGB3KHSDiKybFGh7TIiL\/\/\/\/VIyPRISHIHB\/GGx\/HHB\/DGR7gKibdKCXLHiDZJiTMHiDNHyHYJSTOICHPICHWJCPcKCXXJSPjLCblLCf+\/f3NGR\/uLijzLynPGR\/IGB7WISHaIyLLGh7UAADxLynNAADRLzDbICLQAADIAAD3MCrUHSHXMTDpKSbLAADp5OTij4\/ejo\/VLy\/1LyngJSTcJCPQHx\/OHB7+\/PzaMS\/OLS\/vLijrLSjSAADaNTPwLyjkKSbNJCbYISHPHB\/KGB7WAAD7+vrn3d3aKynTKCjoLCfsKifRGh\/YAADq5+fhjo7QNDXXKCfmJyXt5+fTLzDLLi\/QKivYHRvMGBrQJCXLISPMExXLDxLaEAvkkI\/bOTfaFQ\/SCgpvLcnHAAAAmnRSTlMA+vv7+gT9Bvf9+8z8\/NSv\/Pr5+P7++vnQIBMP\/v38\/Pn348XDiCYf9OjbzcqxXVcx\/fz8+\/rj1r2poo1+fXFqX0orGP7+\/v7+\/fz8+\/r68uzn4trIxsG\/vri3p6GcmZSNbWVYUUZEPQv+\/f39+\/v7+\/v7+vr64tvV1NTTz87FtbSurqeblJKFg4B3bUY+NjL7+\/v7+\/v67t1cDo8JLQAABkRJREFUWMO0kz9rwkAYh0OIeJkum6YugUAhISCdKoj\/P4C7SMdS+gEKIhSKil10LSg4mzXkILdlEpxCpwTiWOLX6BujvQaEQuGeHLnL+\/64J+SIcKGYTYWnntpdLjrVdqvZmNdn0+EE40GtpuuWVS6Xx6N7YDSGpWXpeq02wHgynM7q80az1a52HpddtVcpsi1zFARBrdaxbhp9iUReTGmwA4KAAr7vx3EYejnCMI6hQYEgy0LQi4jUN0wL19vqFcUC9\/1dAKmEEFkWRYkh5oBejnxQJiSJPJ\/uKBp0Thszx9Mw8hMRIQjKsptCfuES9zr5WJY6vSFCIvE9fCMUmEM1A1kSXcYGxgVYsvI1IPKTZciSTI0us\/SMGG04gDzELDoFBwdcFJrF88dqgYMTiL6DILWYyfOWE8\/kIz38olCNlC03FK95+imxp6y4oUSvAnBjHHhKNtotSDqJzVFiK8c2SBqhZtsrTtgrLXwAyduxZHNE26eHUt5rtuM4WSmds3G+sUdWYo1L+XyxButoh5eKUHk5lByO3G1LqqCWVnfrv\/lyPtf\/4ps1cndNGIri8J1TJ0lx6dR\/oPjq1nbRwdp2dCk4CtIOLW3pVKRL6WZfS5vF2KkIQhpwSsjiYIgNCs1gEMGqiIq24NQX9NwoXFy8Ufrl3twTcg4fv8T9\/JBEySduj6Mjm4bMzYV7EEOxKjjoNDud7yY3Dy71Hq2oLmqfbNR723edH9PgMrNL2utoQ3VmaIDkiw\/4w51P06hlZsTZvkRrbVuSIs\/zwSOsycgzStQouoAkWQqioRT5XI7n2Z1wfVhoZmcAJLsoqjqpjbWCgpOAJXBwHK8PzWbNvoUZJND5wCnSkLAkZ1legx6vqQzjoiTahKlGUGLAiIIoABOHaNVw4sexZBym6\/HWlH5h3IC7yRbxtipcWxdTOkORKiNQAEkFf66x5S2oeRbroOlLgg0sSYkR0hRGEqJZ0jTPiQKatESdBckpWigxaapEH0lImHdWu9pUFF2XqMNM2Z4kped7IwEJw2qabwtrQqnpw6HyKkgcadKWsmpywwesDyIhYRpdzXddqegtGIJlXbAIUMOLkGxJUjRIkokwjUaX9d\/kK62ps\/tYUqZLIMkLTyBhsMZ3C5Z\/kDxOSCb\/DOs\/\/J0qcWSX\/2ipe56EgTCA4\/cB7NAYOsni4mZM1MUPAISoEwkDi4lhVBQ1cWQyIcwalw4EpqZN68JUSK7XC0kTlkLYii5uXSC8jT5ncCAS7mjCv0uHp\/3lueHEEAeQ\/\/VgmdN71\/2uCSA1Xr6DO6uI6sW56zqT2tp2PhgiRUAajV8CY2fkcz6WGNKMgLAt7tJAhD4YHMTeRxlALE6+43WqjSWi8ITxyJl8WrwWSNESQZZOqhDDntO3hJLsd5RtSpbJqdv3YrDJH3F7jL1R2O2aQkn2MyCyKYz0GPGIvSAMgBCrCEiJyKbBaYGwLW4uPRr0A0M4Ux5kUI7IBh+hMdiCEWNqhMZGyYMsOgNE58UQuEQeUnSWCMYwL54hkxK6IoqucQZbQ3pc3XtL0lky1dL0zZJJDpWJovFqpWj6JEHnyam2eQp5QRVAVHjWparTOaVwUOx99YS2MvgxIGV0bb+qIg2HX2qkFFJB+XZcbLiuRkuxD9GRroKyveLxdh4d7Orx+hb7qc3uVRuEogCOnyIxm4ubUoPgF4jianDrC+SDQDKEfJb0GUKmjCGPYHGJvVC6X4hw1\/sAfQAdfYyephIaspXe36RwOP+Ljvfx9B6B3i+Nk0DGq+oCbLn6JpBa9nWAveAIHwFAwtVcIJXPMPL8kRu5OAYPMaL1WScTxjiZDqB9LTJSWphow\/pTYKRTLjCBhvi9iBidvKcDasGSm0QQkycYuLBqj6QCELPctqChDWpTRMWkngNNpQ1Pfp1KkiT\/Y0DGffXAweUNfLAfaJFKDwhb6I+bkYRbkERoEeu3Fyjg2opMz2daZCS9jt6Q7txNfB+OZEVF6Zl5web2xunnLQrtrjXseXKaFYziYINeMFZVxS9VxRhOoesYwxPKXm+gWLG9cuFeq93UNNeJNsf1KlwuDok9n02n3TgIJpOxNfL9naIoQwXtfH9kjceTIIi709ncTg6LZbg+biLH1V6u\/7rxBem06VXKn9raAAAAAElFTkSuQmCC\")      no-repeat center center \/ contain;  }  @media screen and (max-width: 960px) and (orientation: portrait) {    .logo {      width: 100%;    }    .logo .pc-banner {      display: none;    }    .logo .m-banner {      display: block;      width: 100%;    }    .logo .m-banner img {      height: auto!important;    }    .ytvideo {      height: 200px;      width: 100%;    }  }<\/style><style>  .video-section {    width: 100%;    margin: 0 auto;  }  .video-section > img {    width: 100%;  }  .video-section iframe,  .video-section video {    width: 100%;    height: 100%;      }  .video-section-img-m,  .video-section-img-pc > img {    width: 100%;    height: auto;  }  .video-section-img-pc.small > img {    width: 970px;  }  .video-desc {    line-height: 1.5;    font-size: 20px;    font-weight: 400;    margin: 20px 0;    text-align: center;    color: #0f1111;    word-break: break-word;  }  @media screen and (max-width: 960px) and (orientation: portrait) {    .video-section {      width: 100%;    }    .video-section-pc,    .video-section-img-pc {      display: none;    }    .video-section-m,    .video-section-img-m {      display: block;    }    .video-desc {      font-size: 15px;    }  }  @media screen and (min-width: 960px) {    .video-section {      width: 100%;      margin: 0 auto;    }    .video-section-pc,    .video-section-img-pc {      display: block;    }    .video-section-m,    .video-section-img-m {      display: none;    }    .video-desc {      font-size: 20px;    }  }<\/style><style>  .section + .section {    margin-top: 35px;  }  .section-title {    text-align: center;    font-weight: bold;    color: #0d1111;    font-family: \"Arial\";    font-size: 32px;    margin: 15px 0;  }  .section-title:empty {    display: none;  }  .section-desc {    text-align: center;    font-weight: normal;    color: #0d1111;    margin-top: 20px;  }  .section-desc:empty {    display: none;  }  .section-img {    width: 1200px;    height: 492px;    margin: 0 auto;    display: block;  }  .section-img.small {    width: 970px;    height: auto;  }  .section-img.small > img {    height: auto;  }  .section-img > img {    width: 100%;    height: 100%;  }  .section-mobile-img {    display: none;    max-width: 100vw;    max-height: 75vw;    height: 450px;    margin: 0 auto;  }  .section-mobile-img > img {    width: 100%;    height: 100%;  }  @media screen and (max-width: 960px) and (orientation: portrait) {    .container {      width: 100%;    }    .container.small {      width: 100%;    }    .section-mobile-img {      display: block;    }    .section-img {      display: none;    }    .section-title {      font-size: 22px;      margin: 10px 0;    }    .section-desc {      margin-top: 10px;    }    .section + .section {      margin-top: 20px;    }  }<\/style><\/head><body><div class=\"container\"><div class=\"logo\"><div class=\"pc-banner\"><div><img decoding=\"async\" src=\"\/vevor\/vevor\/boutique-banner\/pc\/en-pc@1x.jpg\" style=\"width: 100%;\" \/><\/div><\/div><div class=\"m-banner\"><div><img decoding=\"async\" src=\"\/vevor\/vevor\/boutique-banner\/mobile\/en-m@1x.jpg\" style=\"width: 100%;\" \/><\/div><\/div><\/div><div class=\"section-title\">Divda\u013c\u012bgs galda virsmas perfor\u0113ts d\u0113lis, \u0113rti organiz\u0113jiet un izlieciet izvieto\u0161anai<\/div><div class=\"video-section\"><div class=\"video-section-img-pc\"><img decoding=\"async\" src=\"\/vevor\/product\/ZMLSDB2GZDPJA8XSJ001\/pegboard-display-a100-1.4.jpg\" \/><\/div><div class=\"video-section-img-m\"><img decoding=\"async\" src=\"\/vevor\/product\/ZMLSDB2GZDPJA8XSJ001\/pegboard-display-a100-1.4-m.jpg\" \/><\/div><div class=\"section-desc\">Bez piep\u016bles izveidojiet organiz\u0113tu izk\u0101rtojumu, lai j\u016bsu priek\u0161meti b\u016btu k\u0101rt\u012bgi sak\u0101rtoti.<\/div><\/div><div class=\"section\"><div class=\"section-title\"><\/div><div class=\"section-img\"><img decoding=\"async\" src=\"\/vevor\/product\/ZMLSDB2GZDPJA8XSJ001\/pegboard-display-a100-2.2.jpg\" \/><\/div><div class=\"section-mobile-img\"><img decoding=\"async\" src=\"\/vevor\/product\/ZMLSDB2GZDPJA8XSJ001\/pegboard-display-a100-2.2-m.jpg\" \/><\/div><div class=\"section-desc\">Izgatavots no \u012bpa\u0161i iztur\u012bga auksti velm\u0113ta t\u0113rauda, \u200b\u200b\u0161is galda virsmas perfor\u0113tais displeja stat\u012bvs var iztur\u0113t svaru l\u012bdz 5,5 kg. Tas ir iztur\u012bgs, ilgm\u016b\u017e\u012bgs un deform\u0101cijas notur\u012bgs, atbilstot j\u016bsu ikdienas pakarin\u0101\u0161anas vajadz\u012bb\u0101m.<\/div><\/div><div class=\"section\"><div class=\"section-title\"><\/div><div class=\"section-img\"><img decoding=\"async\" src=\"\/vevor\/product\/ZMLSDB2GZDPJA8XSJ001\/pegboard-display-a100-2.3.jpg\" \/><\/div><div class=\"section-mobile-img\"><img decoding=\"async\" src=\"\/vevor\/product\/ZMLSDB2GZDPJA8XSJ001\/pegboard-display-a100-2.3-m.jpg\" \/><\/div><div class=\"section-desc\">\u0160im perfor\u0113tajam displeja stat\u012bvam ir 30 standarta izm\u0113ra \u0101\u0137i ar stieples diametru \u23000,16 collas \/ 4 mm, kas pal\u012bdz efekt\u012bvi sak\u0101rtot priek\u0161metus.<\/div><\/div><div class=\"section\"><div class=\"section-title\"><\/div><div class=\"section-img\"><img decoding=\"async\" src=\"\/vevor\/product\/ZMLSDB2GZDPJA8XSJ001\/pegboard-display-a100-2.4.jpg\" \/><\/div><div class=\"section-mobile-img\"><img decoding=\"async\" src=\"\/vevor\/product\/ZMLSDB2GZDPJA8XSJ001\/pegboard-display-a100-2.4-m.jpg\" \/><\/div><div class=\"section-desc\">M\u016bsu perfor\u0113to displeja stat\u012bvu ir vienk\u0101r\u0161i uzst\u0101d\u012bt, tam nav nepiecie\u0161ami sare\u017e\u0123\u012bti instrumenti vai profesion\u0101las prasmes. Tikai da\u017eas vienk\u0101r\u0161as darb\u012bbas, kas ietaup\u012bs j\u016bsu laiku un p\u016bles.<\/div><\/div><div class=\"section\"><div class=\"section-title\"><\/div><div class=\"section-img\"><img decoding=\"async\" src=\"\/vevor\/product\/ZMLSDB2GZDPJA8XSJ001\/pegboard-display-a100-2.5.jpg\" \/><\/div><div class=\"section-mobile-img\"><img decoding=\"async\" src=\"\/vevor\/product\/ZMLSDB2GZDPJA8XSJ001\/pegboard-display-a100-2.5-m.jpg\" \/><\/div><div class=\"section-desc\">Perfor\u0113tajam displejam ir viegls dizains ar elast\u012bgiem ritenti\u0146iem, kas atvieglo produktu p\u0101rvieto\u0161anu, t\u012br\u012b\u0161anu un izvieto\u0161anu. Ide\u0101li piem\u0113rots p\u0101rtikas veikaliem, juvelierizstr\u0101d\u0101jumu veikaliem un citur.<\/div><\/div><div class=\"section\"><div class=\"section-img\"><img decoding=\"async\" src=\"\/vevor\/product\/ZMLSDB2GZDPJA8XSJ001\/pegboard-display-a100-1.11.jpg\" \/><\/div><div class=\"section-mobile-img\"><img decoding=\"async\" src=\"\/vevor\/product\/ZMLSDB2GZDPJA8XSJ001\/pegboard-display-a100-1.11-m.jpg\" \/><\/div><\/div><\/div><\/body><\/html><\/div>\n<div class=\"DM_at-title\" id=\"js-DM_at-title\"> <div>Produkta specifik\u0101cija<\/div> <i class=\"icon-arrowup_line\"><\/i> <\/div><div class=\"DM_at-goodsDescAttr\" id=\"js-DM_at-goodsDescAttr\"> <div class=\"DM_at-goodsDescAttrInner\"> <dl class=\"goodsDesc_item goodsDesc_item_even\"> <dt>Preces Mode\u013ca Numurs<\/dt> <dd> JOY505<\/dd> <\/dl> <dl class=\"goodsDesc_item\"> <dt>Daudzums<\/dt> <dd> 2 komplekti<\/dd> <\/dl> <dl class=\"goodsDesc_item goodsDesc_item_even\"> <dt>Kravnes\u012bbas<\/dt> <dd> 11 m\u0101rci\u0146as \/ 5 kg<\/dd> <\/dl> <dl class=\"goodsDesc_item\"> <dt>Galvenais materi\u0101ls<\/dt> <dd> SPCC<\/dd> <\/dl> <dl class=\"goodsDesc_item goodsDesc_item_even\"> <dt>Virsmas Apstr\u0101de<\/dt> <dd> Pulverkr\u0101so\u0161ana<\/dd> <\/dl> <dl class=\"goodsDesc_item\"> <dt>Neto Svars<\/dt> <dd> 5,29 m\u0101rci\u0146as \/ 2,4 kg<\/dd> <\/dl> <dl class=\"goodsDesc_item goodsDesc_item_even\"> <dt>Produkta Izm\u0113ri<\/dt> <dd> 17,32 x 12,99 x 4,49 collas \/ 440 x 330 x 114 mm<\/dd> <\/dl> <\/div> <\/div>","protected":false},"excerpt":{"rendered":"<ul>\n<li> Uzglab\u0101\u0161ana un displejs: \u0161is pegboard displeja stends rada sak\u0101rtotu telpu, saglab\u0101jot vienumus gl\u012btus un skaidri par\u0101d\u012btus efekt\u012bvai p\u0101rvald\u012bbai neatkar\u012bgi no t\u0101, vai tie ir paredz\u0113ti instrumentiem, piederumiem vai produktiem <\/li>\n<li> Iztur\u012bgs un ilgm\u016b\u017e\u012bgs: Izgatavots no sabiezin\u0101ta auksti velm\u0113ta t\u0113rauda, \u200b\u200b\u0161is galda virsmas perfor\u0113tais displeja stat\u012bvs nodro\u0161ina augstas kvalit\u0101tes konstrukciju ar maksim\u0101lo svara iztur\u012bbu 11 m\u0101rci\u0146as (apm\u0113ram 5,3 kg), nodro\u0161inot uzticamu atbalstu j\u016bsu piekaramajam priek\u0161metam. <\/li>\n<li> Iek\u013cauti 30 \u0101\u0137i: Ar stieples diametru \u23000,16 collas \/ 4 mm, \u0161ie \u0101\u0137i ir pla\u0161i un vien\u0101da izm\u0113ra, lai apmierin\u0101tu da\u017e\u0101das pakarin\u0101\u0161anas vajadz\u012bbas. Ide\u0101li piem\u0113roti gan lielu, gan mazu priek\u0161metu organiz\u0113\u0161anai un glab\u0101\u0161anai. <\/li>\n<li> Vienk\u0101r\u0161a uzst\u0101d\u012b\u0161ana: Nav nepiecie\u0161ami sare\u017e\u0123\u012bti instrumenti vai profesion\u0101las prasmes. Veicot tikai da\u017eas vienk\u0101r\u0161as darb\u012bbas, to var \u0101tri uzst\u0101d\u012bt, ietaupot laiku un p\u016bles. Pat ies\u0101c\u0113ji var viegli uzst\u0101d\u012bt un baud\u012bt praktisku perfor\u0113tu t\u0101feles stat\u012bvu. <\/li>\n<li> Daudzpus\u012bgs pielietojums: \u0160o vieglo, p\u0101rn\u0113s\u0101jamo perfor\u0113to displeja stat\u012bvu ir viegli p\u0101rn\u0113s\u0101t ar vienu roku. Ide\u0101li piem\u0113rots p\u0101rtikas pre\u010du veikaliem, juvelierizstr\u0101d\u0101jumu veikaliem un citur, nodro\u0161inot gan uzglab\u0101\u0161anu, gan demonstr\u0113\u0161anu ar elast\u012bgu mobilit\u0101ti. <\/li>\n<\/ul>","protected":false},"featured_media":400846,"comment_status":"open","ping_status":"open","template":"","meta":{"om_disable_all_campaigns":false,"_monsterinsights_skip_tracking":false,"_monsterinsights_sitenote_active":false,"_monsterinsights_sitenote_note":"","_monsterinsights_sitenote_category":0,"_uf_show_specific_survey":0,"_uf_disable_surveys":false},"location":[1935,1934],"product_brand":[21],"product_cat":[2630,3446,5289,4795,2506],"product_tag":[],"class_list":{"0":"post-179698","1":"product","2":"type-product","3":"status-publish","4":"has-post-thumbnail","6":"location-supplier_stock_location","7":"location-local_stock_location","8":"product_brand-vevor","9":"product_cat-garage-storage","10":"product_cat-garage-wall-organization","11":"product_cat-pegboard-display-stand","12":"product_cat-pegboards-accessories","13":"product_cat-storage-organization-2","15":"first","16":"instock","17":"taxable","18":"shipping-taxable","19":"purchasable","20":"product-type-simple"},"aioseo_notices":[],"jetpack_sharing_enabled":true,"locations":[{"id":1935,"name":"Pieg\u0101d\u0101ja noliktav\u0101 (5-7dd.d)","slug":"supplier_stock_location","quantity":"2"},{"id":1934,"name":"R\u012bgas veikal\u0101 (0-2d.d.)","slug":"local_stock_location","quantity":"0"}],"_links":{"self":[{"href":"https:\/\/vevorshop.lv\/lv\/wp-json\/wp\/v2\/product\/179698","targetHints":{"allow":["GET"]}}],"collection":[{"href":"https:\/\/vevorshop.lv\/lv\/wp-json\/wp\/v2\/product"}],"about":[{"href":"https:\/\/vevorshop.lv\/lv\/wp-json\/wp\/v2\/types\/product"}],"replies":[{"embeddable":true,"href":"https:\/\/vevorshop.lv\/lv\/wp-json\/wp\/v2\/comments?post=179698"}],"wp:featuredmedia":[{"embeddable":true,"href":"https:\/\/vevorshop.lv\/lv\/wp-json\/wp\/v2\/media\/400846"}],"wp:attachment":[{"href":"https:\/\/vevorshop.lv\/lv\/wp-json\/wp\/v2\/media?parent=179698"}],"wp:term":[{"taxonomy":"location","embeddable":true,"href":"https:\/\/vevorshop.lv\/lv\/wp-json\/wp\/v2\/location?post=179698"},{"taxonomy":"product_brand","embeddable":true,"href":"https:\/\/vevorshop.lv\/lv\/wp-json\/wp\/v2\/product_brand?post=179698"},{"taxonomy":"product_cat","embeddable":true,"href":"https:\/\/vevorshop.lv\/lv\/wp-json\/wp\/v2\/product_cat?post=179698"},{"taxonomy":"product_tag","embeddable":true,"href":"https:\/\/vevorshop.lv\/lv\/wp-json\/wp\/v2\/product_tag?post=179698"}],"curies":[{"name":"wp","href":"https:\/\/api.w.org\/{rel}","templated":true}]}}