{"id":180063,"date":"2025-07-09T19:38:50","date_gmt":"2025-07-09T19:38:50","guid":{"rendered":"https:\/\/vevorshop.lv\/en_us\/Prece\/vevor-3x-led-magnifying-soldering-station-with-5-flexible-arms-magnetic-base-adjustable-light-for-electronics-crafts\/"},"modified":"2026-04-19T15:24:23","modified_gmt":"2026-04-19T12:24:23","slug":"vevor-3x-led-magnifying-soldering-station-with-5-flexible-arms-magnetic-base-adjustable-light-for-electronics-crafts","status":"publish","type":"product","link":"https:\/\/vevorshop.lv\/lv\/Prece\/vevor-3x-led-palielinosa-lodesanas-stacija-ar-5-elastigam-rokam-magnetiska-pamatne-regulejama-gaisma-elektronikas-amatniecibai\/","title":{"rendered":"VEVOR 2-in-1 Magn\u0113tisk\u0101 Lod\u0113\u0161anas Stacija ar 3X LED Lupu, 5 Elast\u012bgiem Roktur\u012b\u0161iem, 6 PCB Tur\u0113t\u0101jiem un T\u0113rauda B\u0101zi"},"content":{"rendered":"<div style=\"color: #fff!important; font-size: 16px; height: 24px; line-height: 24px; margin-top: -24px; \" class=\"product_original_name\">VEVOR magn\u0113tisk\u0101s pal\u012bdz\u012bbas rokas lod\u0113\u0161anas stacija, 2-In-1 tre\u0161\u0101s rokas lod\u0113\u0161anas r\u012bks - 3X LED palielin\u0101m\u0101 lampa un 5 elast\u012bgas rokas, 6 PCB tur\u0113t\u0101ji, lieljaudas b\u0101zes stacija elektroniskajam remontam Amatniec\u012bbas hobijs<\/div>\n<div style=\"color: #fff!important; font-size: 16px; height: 24px; line-height: 24px; margin-top: -24px; \" class=\"product_sku\">MCWD1XE5<\/div>\n<div style=\"color: #fff!important; font-size: 16px; height: 24px; line-height: 24px; margin-top: -24px; \" class=\"product_mpn\">FZSHJZ5GFZS66QYKI001V9<\/div><div id=\"js-DM_at-goodDescRich\"><html><head><style>  body {    font-family: Arial;    line-height: 1.5;    color: #1c1c1c;    overflow-x: hidden;    margin: 0;    padding: 0;  }  .MsoNormal b {    font-weight: bolder;  }<\/style><style>  .container.small {    width: 970px;    margin: 0 auto;  }  .logo {    margin: 0 auto 0;  }  .logo img {    display: block;    margin: 0 auto;    max-width: 100%;  }  .logo .pc-banner {    display: block;    width: 1200px;    height: 247.4px;    margin: 0 auto;  }  .logo .pc-banner.small {    width: 970px;  }  .logo .pc-banner.small img {    height: auto!important;  }  .logo .m-banner {    display: none;  }  .ytvideo {    position: relative;    height: 546px;    width: 100%;    margin: 0 auto;  }  .ytvideo img {    width: 100%;    margin: 0 auto;  }  .ytvideo .play-btn {    width: 60px;    height: 42px;    position: absolute;    top: 50%;    left: 50%;    transform: translate(-50%, -50%);    background: url(\"data:image\/png;base64,iVBORw0KGgoAAAANSUhEUgAAAGQAAABGCAMAAAANWMFbAAAC+lBMVEUAAADBGB3kLCfBGB3kLCfcJC7BFx3KKSbiKybkLCbWJCPSIiLSIiLPICHAFx3kLCfgKSXNHiDZJiTIGx\/p4eHcjo7LHSDbJyTkLCbjKyfOHyHPIiL28fHJHB\/GGh7EGR7eKCXDGB3RISHlLSbBGB3AFxzGHB7DGB7BGB3hKybkKybAFx3lLCfAFxzDGR3hKibDGB7cJyTmz8\/elJTlwcHjurrUIyLlLSflLSfAFx3DGR7lLSfCFx3hKibhKibhKybjKybkLCblLSfbJSX49vbx7e3NNzjNMTLMJyjVIyLZf3\/ZQ0LaeHjx0tLgoqLkLCfCGB3HGx\/BGB3BFx3PICHCGB7WJCLOHyC\/Fxy\/Fx3lLCfQISHkLSe\/FxzbJiTBFx3FGx\/AGB7BFx3EGR7AGB3HHSDfKiXAFh3TISHYNzbhKibbJyTTIiL57e325+f039\/v2NjUV1fOHiHiqanfmprch4feKSXVIyPOICHmLibFGh\/mLSe\/Fx7XJCPeKSXXJSPNHyHaJyTGGh7lLCbmLCflLSjSIiLkLCbdKSXLHiC\/GB3KHh++Fh3lKyfoLiXcKCPkx8fYb2\/XaGfVXl3aU1LLHiDksbHgKibPICHbJyTfKSXbJyTCGB3KHSDiKybFGh7TIiL\/\/\/\/VIyPRISHIHB\/GGx\/HHB\/DGR7gKibdKCXLHiDZJiTMHiDNHyHYJSTOICHPICHWJCPcKCXXJSPjLCblLCf+\/f3NGR\/uLijzLynPGR\/IGB7WISHaIyLLGh7UAADxLynNAADRLzDbICLQAADIAAD3MCrUHSHXMTDpKSbLAADp5OTij4\/ejo\/VLy\/1LyngJSTcJCPQHx\/OHB7+\/PzaMS\/OLS\/vLijrLSjSAADaNTPwLyjkKSbNJCbYISHPHB\/KGB7WAAD7+vrn3d3aKynTKCjoLCfsKifRGh\/YAADq5+fhjo7QNDXXKCfmJyXt5+fTLzDLLi\/QKivYHRvMGBrQJCXLISPMExXLDxLaEAvkkI\/bOTfaFQ\/SCgpvLcnHAAAAmnRSTlMA+vv7+gT9Bvf9+8z8\/NSv\/Pr5+P7++vnQIBMP\/v38\/Pn348XDiCYf9OjbzcqxXVcx\/fz8+\/rj1r2poo1+fXFqX0orGP7+\/v7+\/fz8+\/r68uzn4trIxsG\/vri3p6GcmZSNbWVYUUZEPQv+\/f39+\/v7+\/v7+vr64tvV1NTTz87FtbSurqeblJKFg4B3bUY+NjL7+\/v7+\/v67t1cDo8JLQAABkRJREFUWMO0kz9rwkAYh0OIeJkum6YugUAhISCdKoj\/P4C7SMdS+gEKIhSKil10LSg4mzXkILdlEpxCpwTiWOLX6BujvQaEQuGeHLnL+\/64J+SIcKGYTYWnntpdLjrVdqvZmNdn0+EE40GtpuuWVS6Xx6N7YDSGpWXpeq02wHgynM7q80az1a52HpddtVcpsi1zFARBrdaxbhp9iUReTGmwA4KAAr7vx3EYejnCMI6hQYEgy0LQi4jUN0wL19vqFcUC9\/1dAKmEEFkWRYkh5oBejnxQJiSJPJ\/uKBp0Thszx9Mw8hMRIQjKsptCfuES9zr5WJY6vSFCIvE9fCMUmEM1A1kSXcYGxgVYsvI1IPKTZciSTI0us\/SMGG04gDzELDoFBwdcFJrF88dqgYMTiL6DILWYyfOWE8\/kIz38olCNlC03FK95+imxp6y4oUSvAnBjHHhKNtotSDqJzVFiK8c2SBqhZtsrTtgrLXwAyduxZHNE26eHUt5rtuM4WSmds3G+sUdWYo1L+XyxButoh5eKUHk5lByO3G1LqqCWVnfrv\/lyPtf\/4ps1cndNGIri8J1TJ0lx6dR\/oPjq1nbRwdp2dCk4CtIOLW3pVKRL6WZfS5vF2KkIQhpwSsjiYIgNCs1gEMGqiIq24NQX9NwoXFy8Ufrl3twTcg4fv8T9\/JBEySduj6Mjm4bMzYV7EEOxKjjoNDud7yY3Dy71Hq2oLmqfbNR723edH9PgMrNL2utoQ3VmaIDkiw\/4w51P06hlZsTZvkRrbVuSIs\/zwSOsycgzStQouoAkWQqioRT5XI7n2Z1wfVhoZmcAJLsoqjqpjbWCgpOAJXBwHK8PzWbNvoUZJND5wCnSkLAkZ1legx6vqQzjoiTahKlGUGLAiIIoABOHaNVw4sexZBym6\/HWlH5h3IC7yRbxtipcWxdTOkORKiNQAEkFf66x5S2oeRbroOlLgg0sSYkR0hRGEqJZ0jTPiQKatESdBckpWigxaapEH0lImHdWu9pUFF2XqMNM2Z4kped7IwEJw2qabwtrQqnpw6HyKkgcadKWsmpywwesDyIhYRpdzXddqegtGIJlXbAIUMOLkGxJUjRIkokwjUaX9d\/kK62ps\/tYUqZLIMkLTyBhsMZ3C5Z\/kDxOSCb\/DOs\/\/J0qcWSX\/2ipe56EgTCA4\/cB7NAYOsni4mZM1MUPAISoEwkDi4lhVBQ1cWQyIcwalw4EpqZN68JUSK7XC0kTlkLYii5uXSC8jT5ncCAS7mjCv0uHp\/3lueHEEAeQ\/\/VgmdN71\/2uCSA1Xr6DO6uI6sW56zqT2tp2PhgiRUAajV8CY2fkcz6WGNKMgLAt7tJAhD4YHMTeRxlALE6+43WqjSWi8ITxyJl8WrwWSNESQZZOqhDDntO3hJLsd5RtSpbJqdv3YrDJH3F7jL1R2O2aQkn2MyCyKYz0GPGIvSAMgBCrCEiJyKbBaYGwLW4uPRr0A0M4Ux5kUI7IBh+hMdiCEWNqhMZGyYMsOgNE58UQuEQeUnSWCMYwL54hkxK6IoqucQZbQ3pc3XtL0lky1dL0zZJJDpWJovFqpWj6JEHnyam2eQp5QRVAVHjWparTOaVwUOx99YS2MvgxIGV0bb+qIg2HX2qkFFJB+XZcbLiuRkuxD9GRroKyveLxdh4d7Orx+hb7qc3uVRuEogCOnyIxm4ubUoPgF4jianDrC+SDQDKEfJb0GUKmjCGPYHGJvVC6X4hw1\/sAfQAdfYyephIaspXe36RwOP+Ljvfx9B6B3i+Nk0DGq+oCbLn6JpBa9nWAveAIHwFAwtVcIJXPMPL8kRu5OAYPMaL1WScTxjiZDqB9LTJSWphow\/pTYKRTLjCBhvi9iBidvKcDasGSm0QQkycYuLBqj6QCELPctqChDWpTRMWkngNNpQ1Pfp1KkiT\/Y0DGffXAweUNfLAfaJFKDwhb6I+bkYRbkERoEeu3Fyjg2opMz2daZCS9jt6Q7txNfB+OZEVF6Zl5web2xunnLQrtrjXseXKaFYziYINeMFZVxS9VxRhOoesYwxPKXm+gWLG9cuFeq93UNNeJNsf1KlwuDok9n02n3TgIJpOxNfL9naIoQwXtfH9kjceTIIi709ncTg6LZbg+biLH1V6u\/7rxBem06VXKn9raAAAAAElFTkSuQmCC\")      no-repeat center center \/ contain;  }  @media screen and (max-width: 960px) and (orientation: portrait) {    .logo {      width: 100%;    }    .logo .pc-banner {      display: none;    }    .logo .m-banner {      display: block;      width: 100%;    }    .logo .m-banner img {      height: auto!important;    }    .ytvideo {      height: 200px;      width: 100%;    }  }<\/style><style>  .video-section {    width: 100%;    margin: 0 auto;  }  .video-section > img {    width: 100%;  }  .video-section iframe,  .video-section video {    width: 100%;    height: 100%;      }  .video-section-img-m,  .video-section-img-pc > img {    width: 100%;    height: auto;  }  .video-section-img-pc.small > img {    width: 970px;  }  .video-desc {    line-height: 1.5;    font-size: 20px;    font-weight: 400;    margin: 20px 0;    text-align: center;    color: #0f1111;    word-break: break-word;  }  @media screen and (max-width: 960px) and (orientation: portrait) {    .video-section {      width: 100%;    }    .video-section-pc,    .video-section-img-pc {      display: none;    }    .video-section-m,    .video-section-img-m {      display: block;    }    .video-desc {      font-size: 15px;    }  }  @media screen and (min-width: 960px) {    .video-section {      width: 100%;      margin: 0 auto;    }    .video-section-pc,    .video-section-img-pc {      display: block;    }    .video-section-m,    .video-section-img-m {      display: none;    }    .video-desc {      font-size: 20px;    }  }<\/style><style>  .section + .section {    margin-top: 35px;  }  .section-title {    text-align: center;    font-weight: bold;    color: #0d1111;    font-family: \"Arial\";    font-size: 32px;    margin: 15px 0;  }  .section-title:empty {    display: none;  }  .section-desc {    text-align: center;    font-weight: normal;    color: #0d1111;    margin-top: 20px;  }  .section-desc:empty {    display: none;  }  .section-img {    width: 1200px;    height: 492px;    margin: 0 auto;    display: block;  }  .section-img.small {    width: 970px;    height: auto;  }  .section-img.small > img {    height: auto;  }  .section-img > img {    width: 100%;    height: 100%;  }  .section-mobile-img {    display: none;    max-width: 100vw;    max-height: 75vw;    height: 450px;    margin: 0 auto;  }  .section-mobile-img > img {    width: 100%;    height: 100%;  }  @media screen and (max-width: 960px) and (orientation: portrait) {    .container {      width: 100%;    }    .container.small {      width: 100%;    }    .section-mobile-img {      display: block;    }    .section-img {      display: none;    }    .section-title {      font-size: 22px;      margin: 10px 0;    }    .section-desc {      margin-top: 10px;    }    .section + .section {      margin-top: 20px;    }  }<\/style><\/head><body><div class=\"container\"><div class=\"logo\"><div class=\"pc-banner\"><div><img decoding=\"async\" src=\"\/vevor\/vevor\/boutique-banner\/pc\/en-pc@1x.jpg\" style=\"width: 100%;\" \/><\/div><\/div><div class=\"m-banner\"><div><img decoding=\"async\" src=\"\/vevor\/vevor\/boutique-banner\/mobile\/en-m@1x.jpg\" style=\"width: 100%;\" \/><\/div><\/div><\/div><div class=\"section-title\">2-in-1 magn\u0113tisko pal\u012bgroku lod\u0113\u0161anas stacija<\/div><div class=\"video-section\"><div class=\"video-section-img-pc\"><img decoding=\"async\" src=\"\/vevor\/product\/FZSHJZ5GFZS66QYKI001\/magnetic-helping-hands-a100-1.4.jpg\" \/><\/div><div class=\"video-section-img-m\"><img decoding=\"async\" src=\"\/vevor\/product\/FZSHJZ5GFZS66QYKI001\/magnetic-helping-hands-a100-1.4-m.jpg\" \/><\/div><div class=\"section-desc\">M\u016bsu lod\u0113\u0161anas pal\u012bgs ir apr\u012bkots ar 3x palielin\u0101mo stiklu, kas nodro\u0161ina augstas iz\u0161\u0137irtsp\u0113jas palielin\u0101jumu ar minim\u0101lu krop\u013cojumu un kr\u0101su mal\u0101m, padarot smalkas deta\u013cas prec\u012bz\u0101kas un skaidr\u0101kas. Ide\u0101li piem\u0113rots prec\u012bziem uzdevumiem, piem\u0113ram, lod\u0113\u0161anai, elektronikas remontam un rotaslietu izgatavo\u0161anai.<\/div><\/div><div class=\"section\"><div class=\"section-title\"><\/div><div class=\"section-img\"><img decoding=\"async\" src=\"\/vevor\/product\/FZSHJZ5GFZS66QYKI001\/magnetic-helping-hands-a100-2.2.jpg\" \/><\/div><div class=\"section-mobile-img\"><img decoding=\"async\" src=\"\/vevor\/product\/FZSHJZ5GFZS66QYKI001\/magnetic-helping-hands-a100-2.2-m.jpg\" \/><\/div><div class=\"section-desc\">\u0160\u012b magn\u0113tisk\u0101 pal\u012bgroku lod\u0113\u0161anas stacija nodro\u0161ina 5 kr\u0101su temperat\u016bras un 10 spilgtuma l\u012bme\u0146us, lai atbilstu da\u017e\u0101d\u0101m vid\u0113m un uzdevumu pras\u012bb\u0101m. Maiga, nemirgojo\u0161a gaisma samazina atsp\u012bdumu un acu nogurumu, padarot darbu \u0113rt\u0101ku un efekt\u012bv\u0101ku.<\/div><\/div><div class=\"section\"><div class=\"section-title\"><\/div><div class=\"section-img\"><img decoding=\"async\" src=\"\/vevor\/product\/FZSHJZ5GFZS66QYKI001\/magnetic-helping-hands-a100-2.3.jpg\" \/><\/div><div class=\"section-mobile-img\"><img decoding=\"async\" src=\"\/vevor\/product\/FZSHJZ5GFZS66QYKI001\/magnetic-helping-hands-a100-2.3-m.jpg\" \/><\/div><div class=\"section-desc\">M\u016bsu lod\u0113\u0161anas pal\u012bgrokas ir apr\u012bkotas ar 5 elast\u012bg\u0101m svir\u0101m, kuras var br\u012bvi saliekt par 360\u00b0, \u013caujot viegli piel\u0101got le\u0146\u0137i un augstumu prec\u012bzai komponentu pozicion\u0113\u0161anai. Ide\u0101li piem\u0113rotas jebkura izm\u0113ra projektiem, t\u0101s piln\u012bb\u0101 atbr\u012bvo j\u016bsu rokas, padarot darbu efekt\u012bv\u0101ku.<\/div><\/div><div class=\"section\"><div class=\"section-title\"><\/div><div class=\"section-img\"><img decoding=\"async\" src=\"\/vevor\/product\/FZSHJZ5GFZS66QYKI001\/magnetic-helping-hands-a100-2.4.jpg\" \/><\/div><div class=\"section-mobile-img\"><img decoding=\"async\" src=\"\/vevor\/product\/FZSHJZ5GFZS66QYKI001\/magnetic-helping-hands-a100-2.4-m.jpg\" \/><\/div><div class=\"section-desc\">Iztur\u012bg\u0101 t\u0113rauda pamatne ar nesl\u012bdo\u0161iem gumijas palikt\u0146iem stingri notur j\u016bsu ier\u012bci viet\u0101, nov\u0113r\u0161ot sl\u012bd\u0113\u0161anu un apg\u0101\u0161anos. T\u0101d\u0113j\u0101di m\u016bsu pal\u012bgroku instruments ar\u012b pasarg\u0101 j\u016bsu darba virsmu no skr\u0101p\u0113jumiem, nodro\u0161inot stabilu un dro\u0161u pamatu prec\u012bzai lod\u0113\u0161anai.<\/div><\/div><div class=\"section\"><div class=\"section-title\"><\/div><div class=\"section-img\"><img decoding=\"async\" src=\"\/vevor\/product\/FZSHJZ5GFZS66QYKI001\/magnetic-helping-hands-a100-2.5.jpg\" \/><\/div><div class=\"section-mobile-img\"><img decoding=\"async\" src=\"\/vevor\/product\/FZSHJZ5GFZS66QYKI001\/magnetic-helping-hands-a100-2.5-m.jpg\" \/><\/div><div class=\"section-desc\">M\u016bsu magn\u0113tisk\u0101s pal\u012bgrokas ir ide\u0101li piem\u0113rotas elektronikai, lod\u0113\u0161anai, las\u012b\u0161anai, apgaismojumam, apkopei, k\u0101 ar\u012b &#034;dari pats&#034; projektiem, piem\u0113ram, nagu m\u0101kslai, \u0161\u016b\u0161anai, kr\u0101so\u0161anai un citiem prec\u012bziem uzdevumiem.<\/div><\/div><div class=\"section\"><div class=\"section-img\"><img decoding=\"async\" src=\"\/vevor\/product\/FZSHJZ5GFZS66QYKI001\/magnetic-helping-hands-a100-1.11.jpg\" \/><\/div><div class=\"section-mobile-img\"><img decoding=\"async\" src=\"\/vevor\/product\/FZSHJZ5GFZS66QYKI001\/magnetic-helping-hands-a100-1.11-m.jpg\" \/><\/div><\/div><\/div><\/body><\/html><\/div>\n<div class=\"DM_at-title\" id=\"js-DM_at-title\"> <div>Produkta specifik\u0101cija<\/div> <i class=\"icon-arrowup_line\"><\/i> <\/div><div class=\"DM_at-goodsDescAttr\" id=\"js-DM_at-goodsDescAttr\"> <div class=\"DM_at-goodsDescAttrInner\"> <dl class=\"goodsDesc_item goodsDesc_item_even\"> <dt>Preces Mode\u013ca Numurs<\/dt> <dd> LFS0207<\/dd> <\/dl> <dl class=\"goodsDesc_item\"> <dt>Str\u0101vas kontaktdak\u0161a<\/dt> <dd> USB<\/dd> <\/dl> <dl class=\"goodsDesc_item goodsDesc_item_even\"> <dt>Jauda<\/dt> <dd> 8W<\/dd> <\/dl> <dl class=\"goodsDesc_item\"> <dt>Garo pal\u012bgroku garums<\/dt> <dd> 12,2 collas \/ 310 mm<\/dd> <\/dl> <dl class=\"goodsDesc_item goodsDesc_item_even\"> <dt>\u012ass pal\u012bgroku garums<\/dt> <dd> 5,9 collas \/ 150 mm<\/dd> <\/dl> <dl class=\"goodsDesc_item\"> <dt>Iero\u010du diametrs<\/dt> <dd> 0,28 collas \/ 7 mm<\/dd> <\/dl> <dl class=\"goodsDesc_item goodsDesc_item_even\"> <dt>Palielin\u0101jums<\/dt> <dd> 3x<\/dd> <\/dl> <dl class=\"goodsDesc_item\"> <dt>Galvenie materi\u0101li<\/dt> <dd> T\u0113rauda p\u0101rkl\u0101jums<\/dd> <\/dl> <dl class=\"goodsDesc_item goodsDesc_item_even\"> <dt>Neto svars (ieskaitot visus piederumus)<\/dt> <dd> 5,73 m\u0101rci\u0146as \/ 2,6 kg<\/dd> <\/dl> <dl class=\"goodsDesc_item\"> <dt>Produkta Izm\u0113ri (L x W x H)<\/dt> <dd> 11,02 x 7,01 x 0,12 collas \/ 279 x 178 x 3 mm<\/dd> <\/dl> <\/div> <\/div>","protected":false},"excerpt":{"rendered":"<ul>\n<li> 2-in-1 uzlabota pal\u012bgrokas lod\u0113\u0161anas stacija: T\u0101 ietver 3x palielin\u0101mo lampu skaidram un prec\u012bzam darbam ar deta\u013c\u0101m, padarot to piem\u0113rotu tuvpl\u0101na uzdevumiem. <\/li>\n<li> Regul\u0113jams apgaismojums: Varat izv\u0113l\u0113ties no 5 kr\u0101su temperat\u016br\u0101m un 10 spilgtuma l\u012bme\u0146iem, lai tie atbilstu da\u017e\u0101d\u0101m darba vid\u0113m. M\u016bsu tre\u0161ais instruments nodro\u0161ina maigu, bez atsp\u012bduma un mirgo\u0161anas gaismu \u0113rtai darba vietai. <\/li>\n<li> Darb\u012bba bez rok\u0101m: \u0160im pal\u012bgroku instrumentam ir 5 elast\u012bgas \u201czoss kakla\u201d formas sviras un 6 magn\u0113tiski stat\u0146u tur\u0113t\u0101ji, kas dro\u0161i notur smalkas elektronisk\u0101s deta\u013cas, piln\u012bb\u0101 atbr\u012bvojot rokas jebkura izm\u0113ra projektiem. Sviras noliecas par 360\u00b0, lai \u0113rti regul\u0113tu le\u0146\u0137i un augstumu. <\/li>\n<li> Iztur\u012bga t\u0113rauda pamatne: M\u016bsu lod\u0113\u0161anas pal\u012bgam ir iztur\u012bga pamatne, kas izgatavota no r\u016bpnieciskas kvalit\u0101tes t\u0113rauda, \u200b\u200bkas nov\u0113r\u0161 apg\u0101\u0161anos, un nesl\u012bdo\u0161i gumijas palikt\u0146i, kas nov\u0113r\u0161 sl\u012bd\u0113\u0161anu un darba virsmas saskr\u0101p\u0113\u0161anu. <\/li>\n<li> Pla\u0161s pielietojums: M\u016bsu magn\u0113tisk\u0101 pal\u012bgroku lod\u0113\u0161anas stacija ir ide\u0101li piem\u0113rota elektronikai, PCB plat\u0113m, elektroinstal\u0101cijai, vitr\u0101\u017e\u0101m, m\u0101kslai un amatniec\u012bbai, k\u0101 ar\u012b da\u017e\u0101diem visp\u0101r\u0113jas noz\u012bmes lietojumiem. <\/li>\n<\/ul>","protected":false},"featured_media":401182,"comment_status":"open","ping_status":"open","template":"","meta":{"om_disable_all_campaigns":false,"_monsterinsights_skip_tracking":false,"_monsterinsights_sitenote_active":false,"_monsterinsights_sitenote_note":"","_monsterinsights_sitenote_category":0,"_uf_show_specific_survey":0,"_uf_disable_surveys":false},"location":[1935,1934],"product_brand":[21],"product_cat":[2770,5294,2374,2468],"product_tag":[],"class_list":{"0":"post-180063","1":"product","2":"type-product","3":"status-publish","4":"has-post-thumbnail","6":"location-supplier_stock_location","7":"location-local_stock_location","8":"product_brand-vevor","9":"product_cat-brazing-soldering-equipment","10":"product_cat-soldering-parts-accessories","11":"product_cat-tools","12":"product_cat-welding-soldering","14":"first","15":"instock","16":"taxable","17":"shipping-taxable","18":"purchasable","19":"product-type-simple"},"aioseo_notices":[],"jetpack_sharing_enabled":true,"locations":[{"id":1935,"name":"Pieg\u0101d\u0101ja noliktav\u0101 (5-7dd.d)","slug":"supplier_stock_location","quantity":"32"},{"id":1934,"name":"R\u012bgas veikal\u0101 (0-2d.d.)","slug":"local_stock_location","quantity":"0"}],"_links":{"self":[{"href":"https:\/\/vevorshop.lv\/lv\/wp-json\/wp\/v2\/product\/180063","targetHints":{"allow":["GET"]}}],"collection":[{"href":"https:\/\/vevorshop.lv\/lv\/wp-json\/wp\/v2\/product"}],"about":[{"href":"https:\/\/vevorshop.lv\/lv\/wp-json\/wp\/v2\/types\/product"}],"replies":[{"embeddable":true,"href":"https:\/\/vevorshop.lv\/lv\/wp-json\/wp\/v2\/comments?post=180063"}],"wp:featuredmedia":[{"embeddable":true,"href":"https:\/\/vevorshop.lv\/lv\/wp-json\/wp\/v2\/media\/401182"}],"wp:attachment":[{"href":"https:\/\/vevorshop.lv\/lv\/wp-json\/wp\/v2\/media?parent=180063"}],"wp:term":[{"taxonomy":"location","embeddable":true,"href":"https:\/\/vevorshop.lv\/lv\/wp-json\/wp\/v2\/location?post=180063"},{"taxonomy":"product_brand","embeddable":true,"href":"https:\/\/vevorshop.lv\/lv\/wp-json\/wp\/v2\/product_brand?post=180063"},{"taxonomy":"product_cat","embeddable":true,"href":"https:\/\/vevorshop.lv\/lv\/wp-json\/wp\/v2\/product_cat?post=180063"},{"taxonomy":"product_tag","embeddable":true,"href":"https:\/\/vevorshop.lv\/lv\/wp-json\/wp\/v2\/product_tag?post=180063"}],"curies":[{"name":"wp","href":"https:\/\/api.w.org\/{rel}","templated":true}]}}