{"id":18361,"date":"2024-11-18T04:21:04","date_gmt":"2024-11-18T04:21:04","guid":{"rendered":"http:\/\/vevorshop.edigo.lv\/Prece\/vevor-8ft-sliding-barn-door-hardware-kit-330lbs-loading-heavy-duty-barn-door-track-kit-for-single-door-fit-3-7-4-3ft-wide-and-1-3-1-8-thick-door-panel-with-smooth-silent-pulley-j-shape\/"},"modified":"2026-04-22T13:47:49","modified_gmt":"2026-04-22T10:47:49","slug":"vevor-8ft-sliding-barn-door-hardware-kit-330lbs-loading-heavy-duty-barn-door-track-kit-for-single-door-fit-3-7-4-3ft-wide-and-1-3-1-8-thick-door-panel-with-smooth-silent-pulley-j-shape","status":"publish","type":"product","link":"https:\/\/vevorshop.lv\/lv\/Prece\/vevor-8ft-bidamo-klets-durvju-aparaturas-komplekts-330lbs-iekrausanas-smags-klets-durvju-sliezu-cela-komplekts-vienam-durvim-kas-piemerots-3-7-4-3ft-platam-un-1-3-1-8-biezam-durvju-panelim-ar-gludu-k\/","title":{"rendered":"VEVOR 2.44m b\u012bd\u0101mo kl\u0113ts durvju furnit\u016bras komplekts, 149.7kg slodze, J-veida klusi rull\u012b\u0161i, der 112.8\u2013131.1cm plat\u0101m, 3.3\u20134.6cm biez\u0101m durv\u012bm"},"content":{"rendered":"<div style=\"color: #fff!important; font-size: 16px; height: 24px; line-height: 24px; margin-top: -24px; \" class=\"product_original_name\">VEVOR 8FT b\u012bd\u0101mo \u0161\u0137\u016b\u0146u durvju aparat\u016bras komplekts, 149,7 kg iekrau\u0161anas lieljaudas \u0161\u0137\u016b\u0146a durvju k\u0101pur\u0137\u0113\u017eu komplekts viendurv\u012bm, piem\u0113rots 112,8-131,1 cm platam un 3,3-4,6 cm biezam durvju panelim ar gludu un klusu skriemeli (J forma)<\/div>\n<div style=\"color: #fff!important; font-size: 16px; height: 24px; line-height: 24px; margin-top: -24px; \" class=\"product_sku\">M4I4KKGE<\/div>\n<div style=\"color: #fff!important; font-size: 16px; height: 24px; line-height: 24px; margin-top: -24px; \" class=\"product_mpn\">GCYMWJTJHS8FCZEIRV0<\/div><div id=\"js-DM_at-goodDescRich\"><html><head><style>  body {    font-family: Arial;    line-height: 1.5;    color: #1c1c1c;    overflow-x: hidden;    margin: 0;    padding: 0;  }  .MsoNormal b {    font-weight: bolder;  }<\/style><style>  .container.small {    width: 970px;    margin: 0 auto;  }  .logo {    margin: 0 auto 0;  }  .logo img {    display: block;    margin: 0 auto;    max-width: 100%;  }  .logo .pc-banner {    display: block;    width: 1200px;    height: 247.4px;    margin: 0 auto;  }  .logo .pc-banner.small {    width: 970px;  }  .logo .pc-banner.small img {    height: auto!important;  }  .logo .m-banner {    display: none;  }  .ytvideo {    position: relative;    height: 546px;    width: 100%;    margin: 0 auto;  }  .ytvideo img {    width: 100%;    margin: 0 auto;  }  .ytvideo .play-btn {    width: 60px;    height: 42px;    position: absolute;    top: 50%;    left: 50%;    transform: translate(-50%, -50%);    background: url(\"data:image\/png;base64,iVBORw0KGgoAAAANSUhEUgAAAGQAAABGCAMAAAANWMFbAAAC+lBMVEUAAADBGB3kLCfBGB3kLCfcJC7BFx3KKSbiKybkLCbWJCPSIiLSIiLPICHAFx3kLCfgKSXNHiDZJiTIGx\/p4eHcjo7LHSDbJyTkLCbjKyfOHyHPIiL28fHJHB\/GGh7EGR7eKCXDGB3RISHlLSbBGB3AFxzGHB7DGB7BGB3hKybkKybAFx3lLCfAFxzDGR3hKibDGB7cJyTmz8\/elJTlwcHjurrUIyLlLSflLSfAFx3DGR7lLSfCFx3hKibhKibhKybjKybkLCblLSfbJSX49vbx7e3NNzjNMTLMJyjVIyLZf3\/ZQ0LaeHjx0tLgoqLkLCfCGB3HGx\/BGB3BFx3PICHCGB7WJCLOHyC\/Fxy\/Fx3lLCfQISHkLSe\/FxzbJiTBFx3FGx\/AGB7BFx3EGR7AGB3HHSDfKiXAFh3TISHYNzbhKibbJyTTIiL57e325+f039\/v2NjUV1fOHiHiqanfmprch4feKSXVIyPOICHmLibFGh\/mLSe\/Fx7XJCPeKSXXJSPNHyHaJyTGGh7lLCbmLCflLSjSIiLkLCbdKSXLHiC\/GB3KHh++Fh3lKyfoLiXcKCPkx8fYb2\/XaGfVXl3aU1LLHiDksbHgKibPICHbJyTfKSXbJyTCGB3KHSDiKybFGh7TIiL\/\/\/\/VIyPRISHIHB\/GGx\/HHB\/DGR7gKibdKCXLHiDZJiTMHiDNHyHYJSTOICHPICHWJCPcKCXXJSPjLCblLCf+\/f3NGR\/uLijzLynPGR\/IGB7WISHaIyLLGh7UAADxLynNAADRLzDbICLQAADIAAD3MCrUHSHXMTDpKSbLAADp5OTij4\/ejo\/VLy\/1LyngJSTcJCPQHx\/OHB7+\/PzaMS\/OLS\/vLijrLSjSAADaNTPwLyjkKSbNJCbYISHPHB\/KGB7WAAD7+vrn3d3aKynTKCjoLCfsKifRGh\/YAADq5+fhjo7QNDXXKCfmJyXt5+fTLzDLLi\/QKivYHRvMGBrQJCXLISPMExXLDxLaEAvkkI\/bOTfaFQ\/SCgpvLcnHAAAAmnRSTlMA+vv7+gT9Bvf9+8z8\/NSv\/Pr5+P7++vnQIBMP\/v38\/Pn348XDiCYf9OjbzcqxXVcx\/fz8+\/rj1r2poo1+fXFqX0orGP7+\/v7+\/fz8+\/r68uzn4trIxsG\/vri3p6GcmZSNbWVYUUZEPQv+\/f39+\/v7+\/v7+vr64tvV1NTTz87FtbSurqeblJKFg4B3bUY+NjL7+\/v7+\/v67t1cDo8JLQAABkRJREFUWMO0kz9rwkAYh0OIeJkum6YugUAhISCdKoj\/P4C7SMdS+gEKIhSKil10LSg4mzXkILdlEpxCpwTiWOLX6BujvQaEQuGeHLnL+\/64J+SIcKGYTYWnntpdLjrVdqvZmNdn0+EE40GtpuuWVS6Xx6N7YDSGpWXpeq02wHgynM7q80az1a52HpddtVcpsi1zFARBrdaxbhp9iUReTGmwA4KAAr7vx3EYejnCMI6hQYEgy0LQi4jUN0wL19vqFcUC9\/1dAKmEEFkWRYkh5oBejnxQJiSJPJ\/uKBp0Thszx9Mw8hMRIQjKsptCfuES9zr5WJY6vSFCIvE9fCMUmEM1A1kSXcYGxgVYsvI1IPKTZciSTI0us\/SMGG04gDzELDoFBwdcFJrF88dqgYMTiL6DILWYyfOWE8\/kIz38olCNlC03FK95+imxp6y4oUSvAnBjHHhKNtotSDqJzVFiK8c2SBqhZtsrTtgrLXwAyduxZHNE26eHUt5rtuM4WSmds3G+sUdWYo1L+XyxButoh5eKUHk5lByO3G1LqqCWVnfrv\/lyPtf\/4ps1cndNGIri8J1TJ0lx6dR\/oPjq1nbRwdp2dCk4CtIOLW3pVKRL6WZfS5vF2KkIQhpwSsjiYIgNCs1gEMGqiIq24NQX9NwoXFy8Ufrl3twTcg4fv8T9\/JBEySduj6Mjm4bMzYV7EEOxKjjoNDud7yY3Dy71Hq2oLmqfbNR723edH9PgMrNL2utoQ3VmaIDkiw\/4w51P06hlZsTZvkRrbVuSIs\/zwSOsycgzStQouoAkWQqioRT5XI7n2Z1wfVhoZmcAJLsoqjqpjbWCgpOAJXBwHK8PzWbNvoUZJND5wCnSkLAkZ1legx6vqQzjoiTahKlGUGLAiIIoABOHaNVw4sexZBym6\/HWlH5h3IC7yRbxtipcWxdTOkORKiNQAEkFf66x5S2oeRbroOlLgg0sSYkR0hRGEqJZ0jTPiQKatESdBckpWigxaapEH0lImHdWu9pUFF2XqMNM2Z4kped7IwEJw2qabwtrQqnpw6HyKkgcadKWsmpywwesDyIhYRpdzXddqegtGIJlXbAIUMOLkGxJUjRIkokwjUaX9d\/kK62ps\/tYUqZLIMkLTyBhsMZ3C5Z\/kDxOSCb\/DOs\/\/J0qcWSX\/2ipe56EgTCA4\/cB7NAYOsni4mZM1MUPAISoEwkDi4lhVBQ1cWQyIcwalw4EpqZN68JUSK7XC0kTlkLYii5uXSC8jT5ncCAS7mjCv0uHp\/3lueHEEAeQ\/\/VgmdN71\/2uCSA1Xr6DO6uI6sW56zqT2tp2PhgiRUAajV8CY2fkcz6WGNKMgLAt7tJAhD4YHMTeRxlALE6+43WqjSWi8ITxyJl8WrwWSNESQZZOqhDDntO3hJLsd5RtSpbJqdv3YrDJH3F7jL1R2O2aQkn2MyCyKYz0GPGIvSAMgBCrCEiJyKbBaYGwLW4uPRr0A0M4Ux5kUI7IBh+hMdiCEWNqhMZGyYMsOgNE58UQuEQeUnSWCMYwL54hkxK6IoqucQZbQ3pc3XtL0lky1dL0zZJJDpWJovFqpWj6JEHnyam2eQp5QRVAVHjWparTOaVwUOx99YS2MvgxIGV0bb+qIg2HX2qkFFJB+XZcbLiuRkuxD9GRroKyveLxdh4d7Orx+hb7qc3uVRuEogCOnyIxm4ubUoPgF4jianDrC+SDQDKEfJb0GUKmjCGPYHGJvVC6X4hw1\/sAfQAdfYyephIaspXe36RwOP+Ljvfx9B6B3i+Nk0DGq+oCbLn6JpBa9nWAveAIHwFAwtVcIJXPMPL8kRu5OAYPMaL1WScTxjiZDqB9LTJSWphow\/pTYKRTLjCBhvi9iBidvKcDasGSm0QQkycYuLBqj6QCELPctqChDWpTRMWkngNNpQ1Pfp1KkiT\/Y0DGffXAweUNfLAfaJFKDwhb6I+bkYRbkERoEeu3Fyjg2opMz2daZCS9jt6Q7txNfB+OZEVF6Zl5web2xunnLQrtrjXseXKaFYziYINeMFZVxS9VxRhOoesYwxPKXm+gWLG9cuFeq93UNNeJNsf1KlwuDok9n02n3TgIJpOxNfL9naIoQwXtfH9kjceTIIi709ncTg6LZbg+biLH1V6u\/7rxBem06VXKn9raAAAAAElFTkSuQmCC\")      no-repeat center center \/ contain;  }  @media screen and (max-width: 960px) and (orientation: portrait) {    .logo {      width: 100%;    }    .logo .pc-banner {      display: none;    }    .logo .m-banner {      display: block;      width: 100%;    }    .logo .m-banner img {      height: auto!important;    }    .ytvideo {      height: 200px;      width: 100%;    }  }<\/style><style>  .video-section {    width: 100%;    margin: 0 auto;  }  .video-section > img {    width: 100%;  }  .video-section iframe,  .video-section video {    width: 100%;    height: 100%;      }  .video-section-img-m,  .video-section-img-pc > img {    width: 100%;    height: auto;  }  .video-section-img-pc.small > img {    width: 970px;  }  .video-desc {    line-height: 1.5;    font-size: 20px;    font-weight: 400;    margin: 20px 0;    text-align: center;    color: #0f1111;    word-break: break-word;  }  @media screen and (max-width: 960px) and (orientation: portrait) {    .video-section {      width: 100%;    }    .video-section-pc,    .video-section-img-pc {      display: none;    }    .video-section-m,    .video-section-img-m {      display: block;    }    .video-desc {      font-size: 15px;    }  }  @media screen and (min-width: 960px) {    .video-section {      width: 100%;      margin: 0 auto;    }    .video-section-pc,    .video-section-img-pc {      display: block;    }    .video-section-m,    .video-section-img-m {      display: none;    }    .video-desc {      font-size: 20px;    }  }<\/style><style>  .section + .section {    margin-top: 35px;  }  .section-title {    text-align: center;    font-weight: bold;    color: #0d1111;    font-family: \"Arial\";    font-size: 32px;    margin: 15px 0;  }  .section-title:empty {    display: none;  }  .section-desc {    text-align: center;    font-weight: normal;    color: #0d1111;    margin-top: 20px;  }  .section-desc:empty {    display: none;  }  .section-img {    width: 1200px;    height: 492px;    margin: 0 auto;    display: block;  }  .section-img.small {    width: 970px;    height: auto;  }  .section-img.small > img {    height: auto;  }  .section-img > img {    width: 100%;    height: 100%;  }  .section-mobile-img {    display: none;    max-width: 100vw;    max-height: 75vw;    height: 450px;    margin: 0 auto;  }  .section-mobile-img > img {    width: 100%;    height: 100%;  }  @media screen and (max-width: 960px) and (orientation: portrait) {    .container {      width: 100%;    }    .container.small {      width: 100%;    }    .section-mobile-img {      display: block;    }    .section-img {      display: none;    }    .section-title {      font-size: 22px;      margin: 10px 0;    }    .section-desc {      margin-top: 10px;    }    .section + .section {      margin-top: 20px;    }  }<\/style><\/head><body><div class=\"container\"><div class=\"logo\"><div class=\"pc-banner\"><div><img decoding=\"async\" src=\"\/vevor\/vevor\/boutique-banner\/pc\/en-pc@1x.jpg\" style=\"width: 100%;\" \/><\/div><\/div><div class=\"m-banner\"><div><img decoding=\"async\" src=\"\/vevor\/vevor\/boutique-banner\/mobile\/en-m@1x.jpg\" style=\"width: 100%;\" \/><\/div><\/div><\/div><div class=\"section-title\">VEVOR 8FT \u0161\u0137\u016b\u0146a durvju furnit\u016bras komplekts vien\u0101m durv\u012bm -- J formas pakaramais<\/div><div class=\"video-section\"><div class=\"video-section-img-pc\"><img decoding=\"async\" src=\"\/vevor\/product\/GCYMWJTJHS8FCZEIR\/barn-door-hardware-kit-a100-1.4.jpg\" alt=\"VEVOR b\u012bd\u0101mo \u0161\u0137\u016b\u0146a durvju furnit\u016bras komplekts, 8 p\u0113das, viegli uzst\u0101d\u0101ms, iztur\u012bgs, vienm\u0113r\u012bgi b\u012bd\u0101ms, \u012bpa\u0161i iztur\u012bgs.\" \/><\/div><div class=\"video-section-img-m\"><img decoding=\"async\" src=\"\/vevor\/product\/GCYMWJTJHS8FCZEIR\/barn-door-hardware-kit-a100-1.4-m.jpg\" alt=\"VEVOR b\u012bd\u0101mo \u0161\u0137\u016b\u0146a durvju furnit\u016bras komplekts, 8 p\u0113das, viegli uzst\u0101d\u0101ms, iztur\u012bgs, vienm\u0113r\u012bgi b\u012bd\u0101ms, \u012bpa\u0161i iztur\u012bgs.\" \/><\/div><div class=\"section-desc\">Uzlabojiet savas m\u0101jas stilu un funkcionalit\u0101ti ar \u0161o lieljaudas \u0161\u0137\u016b\u0146a durvju aparat\u016bras komplektu Izgatavots no kvalitat\u012bva oglek\u013ca t\u0113rauda, \u0161is \u0161\u0137\u016b\u0146a durvju slie\u017eu komplekts ir pietiekami iztur\u012bgs, lai atbalst\u012btu durvis l\u012bdz 330 m\u0101rci\u0146\u0101m \u0160is aparat\u016bras komplekts ir piem\u0113rots viendurv\u012bm, padarot to par daudzpus\u012bgu papildin\u0101jumu j\u016bsu m\u0101j\u0101m un birojam.<\/div><\/div><div class=\"section\"><div class=\"section-title\"><\/div><div class=\"section-img\"><img decoding=\"async\" src=\"\/vevor\/product\/GCYMWJTJHS8FCZEIR\/barn-door-hardware-kit-a100-2.2.jpg\" alt=\"VEVOR b\u012bd\u0101mo \u0161\u0137\u016b\u0146a durvju furnit\u016bras komplekts ar augstas kvalit\u0101tes oglek\u013ca t\u0113rauda r\u0101mi, nestsp\u0113ja 330 m\u0101rci\u0146as (150 kg).\" \/><\/div><div class=\"section-mobile-img\"><img decoding=\"async\" src=\"\/vevor\/product\/GCYMWJTJHS8FCZEIR\/barn-door-hardware-kit-a100-2.2-m.jpg\" alt=\"VEVOR b\u012bd\u0101mo \u0161\u0137\u016b\u0146a durvju furnit\u016bras komplekts ar augstas kvalit\u0101tes oglek\u013ca t\u0113rauda r\u0101mi, nestsp\u0113ja 330 m\u0101rci\u0146as (150 kg).\" \/><\/div><div class=\"section-desc\">Izgatavots no iztur\u012bga oglek\u013ca t\u0113rauda un pabeigts ar melnu pulvera p\u0101rkl\u0101jumu, m\u016bsu b\u012bd\u0101mo \u0161\u0137\u016b\u0146a durvju aparat\u016bras komplekts pied\u0101v\u0101 izcilu iztur\u012bbu pret koroziju, nodro\u0161inot ilgsto\u0161u pievilc\u012bbas un iztur\u012bbas sajaukumu.Ar svara ietilp\u012bbu l\u012bdz 330 m\u0101rci\u0146\u0101m tas nodro\u0161ina uzticamu veiktsp\u0113ju gadiem ilgi.<\/div><\/div><div class=\"section\"><div class=\"section-title\"><\/div><div class=\"section-img\"><img decoding=\"async\" src=\"\/vevor\/product\/GCYMWJTJHS8FCZEIR\/barn-door-hardware-kit-a100-2.3.jpg\" alt=\"VEVOR b\u012bd\u0101mo \u0161\u0137\u016b\u0146a durvju aparat\u016bras komplekta uzst\u0101d\u012b\u0161ana bez probl\u0113m\u0101m 5 pak\u0101p\u0113s; slie\u017eu ce\u013c\u0161, pakaramie, gr\u012bdas vadotne.\" \/><\/div><div class=\"section-mobile-img\"><img decoding=\"async\" src=\"\/vevor\/product\/GCYMWJTJHS8FCZEIR\/barn-door-hardware-kit-a100-2.3-m.jpg\" alt=\"VEVOR b\u012bd\u0101mo \u0161\u0137\u016b\u0146a durvju aparat\u016bras komplekta uzst\u0101d\u012b\u0161ana bez probl\u0113m\u0101m 5 pak\u0101p\u0113s; slie\u017eu ce\u013c\u0161, pakaramie, gr\u012bdas vadotne.\" \/><\/div><div class=\"section-desc\">M\u016bsu vienviet\u012bgo \u0161\u0137\u016b\u0146a durvju slie\u017eu komplekt\u0101 ietilpst nepiecie\u0161am\u0101 furnit\u016bra un detaliz\u0113tas instrukcijas \u0113rtai uzst\u0101d\u012b\u0161anai. K\u016bt\u012b eso\u0161o durvju furnit\u016bras komplekts ir piem\u0113rots vienviet\u012bgaj\u0101m durv\u012bm ar platumu no 10 l\u012bdz 12 metriem un durvju biezumu no 3,3 l\u012bdz 4,6 cm. Izbaudiet \u0113rtu uzst\u0101d\u012b\u0161anu un uzlabojiet savas telpas est\u0113tiku.<\/div><\/div><div class=\"section\"><div class=\"section-title\"><\/div><div class=\"section-img\"><img decoding=\"async\" src=\"\/vevor\/product\/GCYMWJTJHS8FCZEIR\/barn-door-hardware-kit-a100-2.4.jpg\" alt=\"Augst\u0101k\u0101s kvalit\u0101tes skrieme\u013ci nodro\u0161ina vienm\u0113r\u012bgu un klusu VEVOR b\u012bd\u0101mo \u0161\u0137\u016b\u0146a durvju furnit\u016bras komplekta darb\u012bbu.\" \/><\/div><div class=\"section-mobile-img\"><img decoding=\"async\" src=\"\/vevor\/product\/GCYMWJTJHS8FCZEIR\/barn-door-hardware-kit-a100-2.4-m.jpg\" alt=\"Augst\u0101k\u0101s kvalit\u0101tes skrieme\u013ci nodro\u0161ina vienm\u0113r\u012bgu un klusu VEVOR b\u012bd\u0101mo \u0161\u0137\u016b\u0146a durvju furnit\u016bras komplekta darb\u012bbu.\" \/><\/div><div class=\"section-desc\">Augsta bl\u012bvuma klusie skrieme\u013ci, kas konstru\u0113ti ar divu gult\u0146u konstrukciju, nodro\u0161ina gandr\u012bz bezska\u0146as un \u0101rk\u0101rt\u012bgi vienm\u0113r\u012bgu sl\u012bd\u0113\u0161anas kust\u012bbu. Turkl\u0101t \u0161ie skrieme\u013ci ir veidoti t\u0101, lai tie b\u016btu maigi pret \u0161\u0137\u016b\u0146a durvju slied\u0113m, samazinot neizskat\u012bgos skr\u0101p\u0113jumus un saglab\u0101jot slie\u017eu ce\u013ca senatn\u012bgo izskatu.<\/div><\/div><div class=\"section\"><div class=\"section-title\"><\/div><div class=\"section-img\"><img decoding=\"async\" src=\"\/vevor\/product\/GCYMWJTJHS8FCZEIR\/barn-door-hardware-kit-a100-2.5.jpg\" alt=\"Elegants VEVOR b\u012bd\u0101mo \u0161\u0137\u016b\u0146a durvju furnit\u016bras komplekts, kas uzst\u0101d\u012bts virtuv\u0113, gu\u013camistab\u0101, du\u0161as telp\u0101 un garderob\u0113.\" \/><\/div><div class=\"section-mobile-img\"><img decoding=\"async\" src=\"\/vevor\/product\/GCYMWJTJHS8FCZEIR\/barn-door-hardware-kit-a100-2.5-m.jpg\" alt=\"Elegants VEVOR b\u012bd\u0101mo \u0161\u0137\u016b\u0146a durvju furnit\u016bras komplekts, kas uzst\u0101d\u012bts virtuv\u0113, gu\u013camistab\u0101, du\u0161as telp\u0101 un garderob\u0113.\" \/><\/div><div class=\"section-desc\">M\u016bsu klasisko \u0161\u0137\u016b\u0146a durvju furnit\u016bras komplekts ne tikai uzlabo m\u0101jas est\u0113tiku, bet ar\u012b ietaupa daudz vietas. Tas ir ide\u0101li piem\u0113rots gu\u013camistab\u0101m, skapjiem, viesistab\u0101m, vannas istab\u0101m un citur. Ja v\u0113laties sav\u0101m m\u0101j\u0101m pievienot jaunu stilu un funkcionalit\u0101ti, tad m\u016bsu 8 p\u0113du b\u012bd\u0101mo \u0161\u0137\u016b\u0146a durvju furnit\u016bras komplekts ir ide\u0101ls risin\u0101jums.<\/div><\/div><div class=\"section\"><div class=\"section-img\"><img decoding=\"async\" src=\"\/vevor\/product\/GCYMWJTJHS8FCZEIR\/barn-door-hardware-kit-a100-1.11.jpg\" alt=\"VEVOR b\u012bd\u0101mo \u0161\u0137\u016b\u0146a durvju furnit\u016bras komplekts, slodze 330 m\u0101rci\u0146as, 285 mm rull\u012btis, oglek\u013ca t\u0113rauds, durvju biezums 1,3\u20131,8 collas.\" \/><\/div><div class=\"section-mobile-img\"><img decoding=\"async\" src=\"\/vevor\/product\/GCYMWJTJHS8FCZEIR\/barn-door-hardware-kit-a100-1.11-m.jpg\" alt=\"VEVOR b\u012bd\u0101mo \u0161\u0137\u016b\u0146a durvju furnit\u016bras komplekts, slodze 330 m\u0101rci\u0146as, 285 mm rull\u012btis, oglek\u013ca t\u0113rauds, durvju biezums 1,3\u20131,8 collas.\" \/><\/div><\/div><\/div><\/body><\/html><\/div>\n<div class=\"DM_at-title\" id=\"js-DM_at-title\"> <div>Produkta specifik\u0101cija<\/div> <i class=\"icon-arrowup_line\"><\/i> <\/div><div class=\"DM_at-goodsDescAttr\" id=\"js-DM_at-goodsDescAttr\"> <div class=\"DM_at-goodsDescAttrInner\"> <dl class=\"goodsDesc_item goodsDesc_item_even\"> <dt>Preces Mode\u013ca Numurs<\/dt> <dd> 004-2,44M<\/dd> <\/dl> <dl class=\"goodsDesc_item\"> <dt>Maksim\u0101l\u0101 slodzes gult\u0146a<\/dt> <dd> 330 m\u0101rci\u0146as<\/dd> <\/dl> <dl class=\"goodsDesc_item goodsDesc_item_even\"> <dt>Neto Svars<\/dt> <dd> 14,8 m\u0101rci\u0146as \/ 6,71 kg<\/dd> <\/dl> <dl class=\"goodsDesc_item\"> <dt>Produkta Izm\u0113ri<\/dt> <dd> 96,1 collas x 1,5 collas x 0,2 collas \/ 2440 x 39,24 x 5,6 mm<\/dd> <\/dl> <dl class=\"goodsDesc_item goodsDesc_item_even\"> <dt>Piem\u0113rots durvju biezumam<\/dt> <dd> 1,3\u20131,8 collas \/ 32\u201345 mm<\/dd> <\/dl> <dl class=\"goodsDesc_item\"> <dt>Piem\u0113rots durvju platumam<\/dt> <dd> 3,7\u20134,3 p\u0113das \/ 1,12\u20131,32 m<\/dd> <\/dl> <dl class=\"goodsDesc_item goodsDesc_item_even\"> <dt>Galvenais materi\u0101ls<\/dt> <dd> Oglek\u013ca T\u0113rauda<\/dd> <\/dl> <\/div> <\/div>","protected":false},"excerpt":{"rendered":"<ul>\n<li> 2 sekciju b\u012bd\u0101m\u0101 sist\u0113ma: VEVOR 8 p\u0113du J formas b\u012bd\u0101mo \u0161\u0137\u016b\u0146a durvju furnit\u016bras komplekt\u0101 ir 2 sekciju sliedes, kas padara mont\u0101\u017eu \u0101rk\u0101rt\u012bgi vienk\u0101r\u0161u un dro\u0161\u0101ku. \u0160is iztur\u012bgais \u0161\u0137\u016b\u0146a durvju furnit\u016bras komplekts var viegli notur\u0113t \u0161\u0137\u016b\u0146a durvju sliedes bez vibr\u0101cijas, savuk\u0101rt zem\u0101 kl\u012brensa \u0161\u0137\u016b\u0146a durvju furnit\u016bras sist\u0113mai nepiecie\u0161ams maz\u0101k vietas virs durvju ailes, t\u0101p\u0113c t\u0101 ir gan stabila, gan vietu taupo\u0161a! <\/li>\n<li> Iztur\u012bga un iztur\u012bga: M\u016bsu b\u012bd\u0101mo \u0161\u0137\u016b\u0146a durvju furnit\u016bra ir izgatavota no cieta oglek\u013ca t\u0113rauda ar smalki melnu pulverkr\u0101sojumu. T\u0101 nodro\u0161ina izcilu pretkorozijas veiktsp\u0113ju daudzu gadu garum\u0101. \u0160is 2,4 m garais \u0161\u0137\u016b\u0146a durvju slie\u017eu un furnit\u016bras komplekts ir piem\u0113rots vien\u0101m durv\u012bm l\u012bdz 1,4 m platumam un svaram l\u012bdz 150 kg, ide\u0101li piem\u0113rots liel\u0101kajai da\u013cai durvju. Piem\u0113rots durvju platums: 1,4\u20131,4 m; Piem\u0113rots durvju biezums: 3,3\u20135,8 cm. <\/li>\n<li> Vienm\u0113r\u012bga un klusa sl\u012bd\u0113\u0161ana: \u0161\u012b vienm\u0113r\u012bgi b\u012bd\u0101mo \u0161\u0137\u016b\u0146a durvju furnit\u016bras sist\u0113ma ir izstr\u0101d\u0101ta, lai nodro\u0161in\u0101tu inovat\u012bvu risin\u0101jumu sl\u0113gt\u0101m telp\u0101m vai \u0161aur\u0101m telp\u0101m. Augsta bl\u012bvuma klusie skrieme\u013ci, kas konstru\u0113ti ar divu gult\u0146u konstrukciju, nodro\u0161ina \u012bpa\u0161i klusu un izcili vienm\u0113r\u012bgu sl\u012bd\u0113\u0161anas pieredzi, k\u0101 ar\u012b samazina iesp\u0113jamos skr\u0101p\u0113jumus uz \u0161\u0137\u016b\u0146a durvju sliedes. <\/li>\n<li> Vienk\u0101r\u0161a uzst\u0101d\u012b\u0161ana: Vienviru durvju \u0161\u0137\u016b\u0146a durvju slie\u017eu komplekt\u0101 ir iek\u013cauta visa nepiecie\u0161am\u0101 furnit\u016bra un detaliz\u0113tas instrukcijas, lai uzst\u0101d\u012b\u0161ana b\u016btu vienk\u0101r\u0161a. K\u016bts durvju furnit\u016bras komplekt\u0101 ietilpst: 2 x 4 p\u0113du b\u012bd\u0101m\u0101s \u0161\u0137\u016b\u0146a durvju sliedes, 2 x J formas piekari, 7 x plastmasas papl\u0101ksnes, 2 x pretl\u0113k\u0161anas blo\u0137\u0113\u0161anas elementi, 2 x durvju atdures, uzst\u0101d\u012b\u0161anas rokasgr\u0101mata un citi mont\u0101\u017eas furnit\u016bras elementi. (Uzman\u012bbu: Tikai furnit\u016bra, \u0161\u0137\u016b\u0146a durvis nav iek\u013cautas.) <\/li>\n<li> Lieliski piem\u0113rots jebkur: m\u016bsu elegantais \u0161\u0137\u016b\u0146a durvju furnit\u016bras komplekts kalpo gan k\u0101 moderns m\u0101jas dekors, gan vietu taupo\u0161s risin\u0101jums. Tas ir ide\u0101li piem\u0113rots gu\u013camistab\u0101m, skapjiem, viesistab\u0101m, vannas istab\u0101m un citur. Ienesiet sav\u0101s m\u0101j\u0101s stila un funkcionalit\u0101tes apvienojumu ar m\u016bsu 8 p\u0113du b\u012bd\u0101mo \u0161\u0137\u016b\u0146a durvju furnit\u016bras komplektu \u2014 lieliska izv\u0113le! <\/li>\n<\/ul>","protected":false},"featured_media":271136,"comment_status":"closed","ping_status":"open","template":"","meta":{"om_disable_all_campaigns":false,"_uf_show_specific_survey":0,"_uf_disable_surveys":false},"location":[1935,1934],"product_brand":[21],"product_cat":[3118,2654,65,3120,3119],"product_tag":[],"class_list":{"0":"post-18361","1":"product","2":"type-product","3":"status-publish","4":"has-post-thumbnail","6":"location-supplier_stock_location","7":"location-local_stock_location","8":"product_brand-vevor","9":"product_cat-barn-door-hardware","10":"product_cat-door-hardware","11":"product_cat-hardware","12":"product_cat-simple-sliding-barn-door-hardware-kit","13":"product_cat-sliding-barn-door-hardware-kit-barn-door-hardware","15":"first","16":"instock","17":"taxable","18":"shipping-taxable","19":"purchasable","20":"product-type-simple"},"aioseo_notices":[],"locations":[{"id":1935,"name":"Pieg\u0101d\u0101ja noliktav\u0101 (5-7dd.d)","slug":"supplier_stock_location","quantity":"200"},{"id":1934,"name":"R\u012bgas veikal\u0101 (0-2d.d.)","slug":"local_stock_location","quantity":"0"}],"_links":{"self":[{"href":"https:\/\/vevorshop.lv\/lv\/wp-json\/wp\/v2\/product\/18361","targetHints":{"allow":["GET"]}}],"collection":[{"href":"https:\/\/vevorshop.lv\/lv\/wp-json\/wp\/v2\/product"}],"about":[{"href":"https:\/\/vevorshop.lv\/lv\/wp-json\/wp\/v2\/types\/product"}],"replies":[{"embeddable":true,"href":"https:\/\/vevorshop.lv\/lv\/wp-json\/wp\/v2\/comments?post=18361"}],"wp:featuredmedia":[{"embeddable":true,"href":"https:\/\/vevorshop.lv\/lv\/wp-json\/wp\/v2\/media\/271136"}],"wp:attachment":[{"href":"https:\/\/vevorshop.lv\/lv\/wp-json\/wp\/v2\/media?parent=18361"}],"wp:term":[{"taxonomy":"location","embeddable":true,"href":"https:\/\/vevorshop.lv\/lv\/wp-json\/wp\/v2\/location?post=18361"},{"taxonomy":"product_brand","embeddable":true,"href":"https:\/\/vevorshop.lv\/lv\/wp-json\/wp\/v2\/product_brand?post=18361"},{"taxonomy":"product_cat","embeddable":true,"href":"https:\/\/vevorshop.lv\/lv\/wp-json\/wp\/v2\/product_cat?post=18361"},{"taxonomy":"product_tag","embeddable":true,"href":"https:\/\/vevorshop.lv\/lv\/wp-json\/wp\/v2\/product_tag?post=18361"}],"curies":[{"name":"wp","href":"https:\/\/api.w.org\/{rel}","templated":true}]}}