{"id":18369,"date":"2024-11-18T04:21:04","date_gmt":"2024-11-18T04:21:04","guid":{"rendered":"http:\/\/vevorshop.edigo.lv\/Prece\/vevor-waterproof-metal-detector-12-coil-professional-rechargeable-gold-detector-39-50-in-adjustable-with-lcd-7-modes-advanced-dsp-chip-bluetooth-headset-ip68-for-detecting-gold-treasure-hunting\/"},"modified":"2026-02-27T12:09:24","modified_gmt":"2026-02-27T10:09:24","slug":"vevor-waterproof-metal-detector-12-coil-professional-rechargeable-gold-detector-39-50-in-adjustable-with-lcd-7-modes-advanced-dsp-chip-bluetooth-headset-ip68-for-detecting-gold-treasure-hunting","status":"publish","type":"product","link":"https:\/\/vevorshop.lv\/lv\/Prece\/vevor-udensnecaurlaidigs-metala-detektors-12-spoles-profesionals-uzladejams-zelta-detektors-39-50-regulejams-ar-lcd-7-rezimi-uzlabotas-dsp-mikroshemas-bluetooth-austinas-ip68-zelta-dargumu-atklasanai\/","title":{"rendered":"VEVOR \u016bdensiztur\u012bgs met\u0101la detektors ar 30,5 cm spoli, regul\u0113jams 99\u2013127 cm, 7 re\u017e\u012bmi, LCD, Bluetooth, IP68, zelta un d\u0101rgumu mekl\u0113\u0161anai"},"content":{"rendered":"<div style=\"color: #fff!important; font-size: 16px; height: 24px; line-height: 24px; margin-top: -24px; \" class=\"product_original_name\">VEVOR Waterproof Metal Detector, 30.5 cm Coil, Professional Rechargeable Gold Detector, 99-127 cm Adjustable with LCD 7 Modes Advanced DSP Chip Bluetooth Headset, IP68 for Detecting Gold Treasure Hunting<\/div>\n<div style=\"color: #fff!important; font-size: 16px; height: 24px; line-height: 24px; margin-top: -24px; \" class=\"product_sku\">M4I4KKGO<\/div>\n<div style=\"color: #fff!important; font-size: 16px; height: 24px; line-height: 24px; margin-top: -24px; \" class=\"product_mpn\">YJSJSTCQ126981HYDV0<\/div><div id=\"js-DM_at-goodDescRich\"><html><head><style>  body {    font-family: Arial;    line-height: 1.5;    color: #1c1c1c;    overflow-x: hidden;    margin: 0;    padding: 0;  }  .MsoNormal b {    font-weight: bolder;  }<\/style><style>  .container.small {    width: 970px;    margin: 0 auto;  }  .logo {    margin: 0 auto 0;  }  .logo img {    display: block;    margin: 0 auto;    max-width: 100%;  }  .logo .pc-banner {    display: block;    width: 1200px;    height: 247.4px;    margin: 0 auto;  }  .logo .pc-banner.small {    width: 970px;  }  .logo .pc-banner.small img {    height: auto!important;  }  .logo .m-banner {    display: none;  }  .ytvideo {    position: relative;    height: 546px;    width: 100%;    margin: 0 auto;  }  .ytvideo img {    width: 100%;    margin: 0 auto;  }  .ytvideo .play-btn {    width: 60px;    height: 42px;    position: absolute;    top: 50%;    left: 50%;    transform: translate(-50%, -50%);    background: url(\"data:image\/png;base64,iVBORw0KGgoAAAANSUhEUgAAAGQAAABGCAMAAAANWMFbAAAC+lBMVEUAAADBGB3kLCfBGB3kLCfcJC7BFx3KKSbiKybkLCbWJCPSIiLSIiLPICHAFx3kLCfgKSXNHiDZJiTIGx\/p4eHcjo7LHSDbJyTkLCbjKyfOHyHPIiL28fHJHB\/GGh7EGR7eKCXDGB3RISHlLSbBGB3AFxzGHB7DGB7BGB3hKybkKybAFx3lLCfAFxzDGR3hKibDGB7cJyTmz8\/elJTlwcHjurrUIyLlLSflLSfAFx3DGR7lLSfCFx3hKibhKibhKybjKybkLCblLSfbJSX49vbx7e3NNzjNMTLMJyjVIyLZf3\/ZQ0LaeHjx0tLgoqLkLCfCGB3HGx\/BGB3BFx3PICHCGB7WJCLOHyC\/Fxy\/Fx3lLCfQISHkLSe\/FxzbJiTBFx3FGx\/AGB7BFx3EGR7AGB3HHSDfKiXAFh3TISHYNzbhKibbJyTTIiL57e325+f039\/v2NjUV1fOHiHiqanfmprch4feKSXVIyPOICHmLibFGh\/mLSe\/Fx7XJCPeKSXXJSPNHyHaJyTGGh7lLCbmLCflLSjSIiLkLCbdKSXLHiC\/GB3KHh++Fh3lKyfoLiXcKCPkx8fYb2\/XaGfVXl3aU1LLHiDksbHgKibPICHbJyTfKSXbJyTCGB3KHSDiKybFGh7TIiL\/\/\/\/VIyPRISHIHB\/GGx\/HHB\/DGR7gKibdKCXLHiDZJiTMHiDNHyHYJSTOICHPICHWJCPcKCXXJSPjLCblLCf+\/f3NGR\/uLijzLynPGR\/IGB7WISHaIyLLGh7UAADxLynNAADRLzDbICLQAADIAAD3MCrUHSHXMTDpKSbLAADp5OTij4\/ejo\/VLy\/1LyngJSTcJCPQHx\/OHB7+\/PzaMS\/OLS\/vLijrLSjSAADaNTPwLyjkKSbNJCbYISHPHB\/KGB7WAAD7+vrn3d3aKynTKCjoLCfsKifRGh\/YAADq5+fhjo7QNDXXKCfmJyXt5+fTLzDLLi\/QKivYHRvMGBrQJCXLISPMExXLDxLaEAvkkI\/bOTfaFQ\/SCgpvLcnHAAAAmnRSTlMA+vv7+gT9Bvf9+8z8\/NSv\/Pr5+P7++vnQIBMP\/v38\/Pn348XDiCYf9OjbzcqxXVcx\/fz8+\/rj1r2poo1+fXFqX0orGP7+\/v7+\/fz8+\/r68uzn4trIxsG\/vri3p6GcmZSNbWVYUUZEPQv+\/f39+\/v7+\/v7+vr64tvV1NTTz87FtbSurqeblJKFg4B3bUY+NjL7+\/v7+\/v67t1cDo8JLQAABkRJREFUWMO0kz9rwkAYh0OIeJkum6YugUAhISCdKoj\/P4C7SMdS+gEKIhSKil10LSg4mzXkILdlEpxCpwTiWOLX6BujvQaEQuGeHLnL+\/64J+SIcKGYTYWnntpdLjrVdqvZmNdn0+EE40GtpuuWVS6Xx6N7YDSGpWXpeq02wHgynM7q80az1a52HpddtVcpsi1zFARBrdaxbhp9iUReTGmwA4KAAr7vx3EYejnCMI6hQYEgy0LQi4jUN0wL19vqFcUC9\/1dAKmEEFkWRYkh5oBejnxQJiSJPJ\/uKBp0Thszx9Mw8hMRIQjKsptCfuES9zr5WJY6vSFCIvE9fCMUmEM1A1kSXcYGxgVYsvI1IPKTZciSTI0us\/SMGG04gDzELDoFBwdcFJrF88dqgYMTiL6DILWYyfOWE8\/kIz38olCNlC03FK95+imxp6y4oUSvAnBjHHhKNtotSDqJzVFiK8c2SBqhZtsrTtgrLXwAyduxZHNE26eHUt5rtuM4WSmds3G+sUdWYo1L+XyxButoh5eKUHk5lByO3G1LqqCWVnfrv\/lyPtf\/4ps1cndNGIri8J1TJ0lx6dR\/oPjq1nbRwdp2dCk4CtIOLW3pVKRL6WZfS5vF2KkIQhpwSsjiYIgNCs1gEMGqiIq24NQX9NwoXFy8Ufrl3twTcg4fv8T9\/JBEySduj6Mjm4bMzYV7EEOxKjjoNDud7yY3Dy71Hq2oLmqfbNR723edH9PgMrNL2utoQ3VmaIDkiw\/4w51P06hlZsTZvkRrbVuSIs\/zwSOsycgzStQouoAkWQqioRT5XI7n2Z1wfVhoZmcAJLsoqjqpjbWCgpOAJXBwHK8PzWbNvoUZJND5wCnSkLAkZ1legx6vqQzjoiTahKlGUGLAiIIoABOHaNVw4sexZBym6\/HWlH5h3IC7yRbxtipcWxdTOkORKiNQAEkFf66x5S2oeRbroOlLgg0sSYkR0hRGEqJZ0jTPiQKatESdBckpWigxaapEH0lImHdWu9pUFF2XqMNM2Z4kped7IwEJw2qabwtrQqnpw6HyKkgcadKWsmpywwesDyIhYRpdzXddqegtGIJlXbAIUMOLkGxJUjRIkokwjUaX9d\/kK62ps\/tYUqZLIMkLTyBhsMZ3C5Z\/kDxOSCb\/DOs\/\/J0qcWSX\/2ipe56EgTCA4\/cB7NAYOsni4mZM1MUPAISoEwkDi4lhVBQ1cWQyIcwalw4EpqZN68JUSK7XC0kTlkLYii5uXSC8jT5ncCAS7mjCv0uHp\/3lueHEEAeQ\/\/VgmdN71\/2uCSA1Xr6DO6uI6sW56zqT2tp2PhgiRUAajV8CY2fkcz6WGNKMgLAt7tJAhD4YHMTeRxlALE6+43WqjSWi8ITxyJl8WrwWSNESQZZOqhDDntO3hJLsd5RtSpbJqdv3YrDJH3F7jL1R2O2aQkn2MyCyKYz0GPGIvSAMgBCrCEiJyKbBaYGwLW4uPRr0A0M4Ux5kUI7IBh+hMdiCEWNqhMZGyYMsOgNE58UQuEQeUnSWCMYwL54hkxK6IoqucQZbQ3pc3XtL0lky1dL0zZJJDpWJovFqpWj6JEHnyam2eQp5QRVAVHjWparTOaVwUOx99YS2MvgxIGV0bb+qIg2HX2qkFFJB+XZcbLiuRkuxD9GRroKyveLxdh4d7Orx+hb7qc3uVRuEogCOnyIxm4ubUoPgF4jianDrC+SDQDKEfJb0GUKmjCGPYHGJvVC6X4hw1\/sAfQAdfYyephIaspXe36RwOP+Ljvfx9B6B3i+Nk0DGq+oCbLn6JpBa9nWAveAIHwFAwtVcIJXPMPL8kRu5OAYPMaL1WScTxjiZDqB9LTJSWphow\/pTYKRTLjCBhvi9iBidvKcDasGSm0QQkycYuLBqj6QCELPctqChDWpTRMWkngNNpQ1Pfp1KkiT\/Y0DGffXAweUNfLAfaJFKDwhb6I+bkYRbkERoEeu3Fyjg2opMz2daZCS9jt6Q7txNfB+OZEVF6Zl5web2xunnLQrtrjXseXKaFYziYINeMFZVxS9VxRhOoesYwxPKXm+gWLG9cuFeq93UNNeJNsf1KlwuDok9n02n3TgIJpOxNfL9naIoQwXtfH9kjceTIIi709ncTg6LZbg+biLH1V6u\/7rxBem06VXKn9raAAAAAElFTkSuQmCC\")      no-repeat center center \/ contain;  }  @media screen and (max-width: 960px) and (orientation: portrait) {    .logo {      width: 100%;    }    .logo .pc-banner {      display: none;    }    .logo .m-banner {      display: block;      width: 100%;    }    .logo .m-banner img {      height: auto!important;    }    .ytvideo {      height: 200px;      width: 100%;    }  }<\/style><style>  .video-section {    width: 100%;    margin: 0 auto;  }  .video-section > img {    width: 100%;  }  .video-section iframe,  .video-section video {    width: 100%;    height: 100%;      }  .video-section-img-m,  .video-section-img-pc > img {    width: 100%;    height: auto;  }  .video-section-img-pc.small > img {    width: 970px;  }  .video-desc {    line-height: 1.5;    font-size: 20px;    font-weight: 400;    margin: 20px 0;    text-align: center;    color: #0f1111;    word-break: break-word;  }  @media screen and (max-width: 960px) and (orientation: portrait) {    .video-section {      width: 100%;    }    .video-section-pc,    .video-section-img-pc {      display: none;    }    .video-section-m,    .video-section-img-m {      display: block;    }    .video-desc {      font-size: 15px;    }  }  @media screen and (min-width: 960px) {    .video-section {      width: 100%;      margin: 0 auto;    }    .video-section-pc,    .video-section-img-pc {      display: block;    }    .video-section-m,    .video-section-img-m {      display: none;    }    .video-desc {      font-size: 20px;    }  }<\/style><style>  .section + .section {    margin-top: 35px;  }  .section-title {    text-align: center;    font-weight: bold;    color: #0d1111;    font-family: \"Arial\";    font-size: 32px;    margin: 15px 0;  }  .section-title:empty {    display: none;  }  .section-desc {    text-align: center;    font-weight: normal;    color: #0d1111;    margin-top: 20px;  }  .section-desc:empty {    display: none;  }  .section-img {    width: 1200px;    height: 492px;    margin: 0 auto;    display: block;  }  .section-img.small {    width: 970px;    height: auto;  }  .section-img.small > img {    height: auto;  }  .section-img > img {    width: 100%;    height: 100%;  }  .section-mobile-img {    display: none;    max-width: 100vw;    max-height: 75vw;    height: 450px;    margin: 0 auto;  }  .section-mobile-img > img {    width: 100%;    height: 100%;  }  @media screen and (max-width: 960px) and (orientation: portrait) {    .container {      width: 100%;    }    .container.small {      width: 100%;    }    .section-mobile-img {      display: block;    }    .section-img {      display: none;    }    .section-title {      font-size: 22px;      margin: 10px 0;    }    .section-desc {      margin-top: 10px;    }    .section + .section {      margin-top: 20px;    }  }<\/style><\/head><body><div class=\"container\"><div class=\"logo\"><div class=\"pc-banner\"><div><img decoding=\"async\" src=\"\/vevor\/vevor\/boutique-banner\/pc\/en-pc@1x.jpg\" style=\"width: 100%;\" \/><\/div><\/div><div class=\"m-banner\"><div><img decoding=\"async\" src=\"\/vevor\/vevor\/boutique-banner\/mobile\/en-m@1x.jpg\" style=\"width: 100%;\" \/><\/div><\/div><\/div><div class=\"section-title\">Instal\u0101cijas rokasgr\u0101mata<\/div><div class=\"video-section\"><video class=\"video-section-pc\" controls poster=\"\/vevor\/product\/YJSJSTCQ126981HYD\/metal-detector-a100-1.4.jpg\"><source src=\"\/vevor\/product\/YJSJSTCQ10510KDE7\/metal-detector-iom1.mp4\" type=\"video\/mp4\" \/><\/video><video class=\"video-section-m\" controls poster=\"\/vevor\/product\/YJSJSTCQ126981HYD\/metal-detector-a100-1.4-m.jpg\"><source src=\"\/vevor\/product\/YJSJSTCQ10510KDE7\/metal-detector-iom1.mp4\" type=\"video\/mp4\" \/><\/video><div class=\"section-desc\">The 12-inch professional metal detector has seven detection modes and a 39''-50'' adjustable handle, capturing tiny metal signals and ensuring you don't miss any precious treasures. IP68 waterproof rating allows it to reach depths of up to 10ft underwater.<\/div><\/div><div class=\"section\"><div class=\"section-title\"><\/div><div class=\"section-img\"><img decoding=\"async\" src=\"\/vevor\/product\/YJSJSTCQ126981HYD\/metal-detector-a100-2.2.jpg\" \/><\/div><div class=\"section-mobile-img\"><img decoding=\"async\" src=\"\/vevor\/product\/YJSJSTCQ126981HYD\/metal-detector-a100-2.2-m.jpg\" \/><\/div><div class=\"section-desc\">Ar IP68 \u016bdensnecaurlaid\u012bbas pak\u0101pi \u0161is met\u0101la detektors var sasniegt 10 p\u0113du dzi\u013cumu zem \u016bdens. Neatkar\u012bgi no t\u0101, vai mekl\u0113jat \u0101r\u0101 vai iek\u0161telp\u0101s, j\u016bs varat baud\u012bt mekl\u0113\u0161anu jebkur un jebkur\u0101 laik\u0101.<\/div><\/div><div class=\"section\"><div class=\"section-title\"><\/div><div class=\"section-img\"><img decoding=\"async\" src=\"\/vevor\/product\/YJSJSTCQ126981HYD\/metal-detector-a100-2.3.jpg\" \/><\/div><div class=\"section-mobile-img\"><img decoding=\"async\" src=\"\/vevor\/product\/YJSJSTCQ126981HYD\/metal-detector-a100-2.3-m.jpg\" \/><\/div><div class=\"section-desc\">The 39''-50'' adjustable handle accommodates users of different heights and provides a comfortable operating experience.<\/div><\/div><div class=\"section\"><div class=\"section-title\"><\/div><div class=\"section-img\"><img decoding=\"async\" src=\"\/vevor\/product\/YJSJSTCQ126981HYD\/metal-detector-a100-2.4.jpg\" \/><\/div><div class=\"section-mobile-img\"><img decoding=\"async\" src=\"\/vevor\/product\/YJSJSTCQ126981HYD\/metal-detector-a100-2.4-m.jpg\" \/><\/div><div class=\"section-desc\">Zelta detektors pied\u0101v\u0101 7 re\u017e\u012bmus: visu met\u0101lu re\u017e\u012bmu, prec\u012bzas noteik\u0161anas re\u017e\u012bmu, rotaslietu re\u017e\u012bmu, mon\u0113tu re\u017e\u012bmu, gru\u017eu re\u017e\u012bmu, rotaslietu re\u017e\u012bmu un piel\u0101goto re\u017e\u012bmu, lai apmierin\u0101tu j\u016bsu vajadz\u012bbas da\u017e\u0101dos scen\u0101rijos.<\/div><\/div><div class=\"section\"><div class=\"section-title\"><\/div><div class=\"section-img\"><img decoding=\"async\" src=\"\/vevor\/product\/YJSJSTCQ126981HYD\/metal-detector-a100-2.5.jpg\" \/><\/div><div class=\"section-mobile-img\"><img decoding=\"async\" src=\"\/vevor\/product\/YJSJSTCQ126981HYD\/metal-detector-a100-2.5-m.jpg\" \/><\/div><div class=\"section-desc\">Sign\u0101lu var dzird\u0113t trok\u0161\u0146ain\u0101 vid\u0113, izmantojot komplekt\u0101 iek\u013caut\u0101s Bluetooth austi\u0146as. Komplekt\u0101 ietilpst ar\u012b \u010detras uzl\u0101d\u0113jamas baterijas, rokassoma, rak\u0161anas l\u0101psta, prec\u012bzais lokators un akumulatora l\u0101d\u0113t\u0101js.<\/div><\/div><div class=\"section\"><div class=\"section-img\"><img decoding=\"async\" src=\"\/vevor\/product\/YJSJSTCQ126981HYD\/metal-detector-a100-1.11.jpg\" alt=\"VEVOR \u016bdensnecaurlaid\u012bgs met\u0101la detektors TS185A ar 12 collu mekl\u0113\u0161anas spoli, regul\u0113jamu rokturi un visaptvero\u0161u komplektu.\" \/><\/div><div class=\"section-mobile-img\"><img decoding=\"async\" src=\"\/vevor\/product\/YJSJSTCQ126981HYD\/metal-detector-a100-1.11-m.jpg\" alt=\"VEVOR \u016bdensnecaurlaid\u012bgs met\u0101la detektors TS185A ar 12 collu mekl\u0113\u0161anas spoli, regul\u0113jamu rokturi un visaptvero\u0161u komplektu.\" \/><\/div><\/div><\/div><\/body><\/html><\/div>\n<div class=\"DM_at-title\" id=\"js-DM_at-title\"> <div>Produkta specifik\u0101cija<\/div> <i class=\"icon-arrowup_line\"><\/i> <\/div><div class=\"DM_at-goodsDescAttr\" id=\"js-DM_at-goodsDescAttr\"> <div class=\"DM_at-goodsDescAttrInner\"> <dl class=\"goodsDesc_item goodsDesc_item_even\"> <dt>Preces Mode\u013ca Numurs<\/dt> <dd> TS185A<\/dd> <\/dl> <dl class=\"goodsDesc_item\"> <dt>Spriegums<\/dt> <dd> 6,8\u20139,6 V<\/dd> <\/dl> <dl class=\"goodsDesc_item goodsDesc_item_even\"> <dt>Bie\u017eums<\/dt> <dd> 7,2 kHz<\/dd> <\/dl> <dl class=\"goodsDesc_item\"> <dt>Produkta Tips<\/dt> <dd> Iegremd\u0113jams<\/dd> <\/dl> <dl class=\"goodsDesc_item goodsDesc_item_even\"> <dt>Roktura Garums<\/dt> <dd> 39\u201350 collas<\/dd> <\/dl> <dl class=\"goodsDesc_item\"> <dt>Mekl\u0113\u0161anas spole<\/dt> <dd> 12 collas<\/dd> <\/dl> <dl class=\"goodsDesc_item goodsDesc_item_even\"> <dt>Noteik\u0161anas dzi\u013cums<\/dt> <dd> 12 collas<\/dd> <\/dl> <dl class=\"goodsDesc_item\"> <dt>Mekl\u0113\u0161anas spoles IP v\u0113rt\u0113jums<\/dt> <dd> IP68<\/dd> <\/dl> <dl class=\"goodsDesc_item goodsDesc_item_even\"> <dt>Iegremd\u0113jamais dzi\u013cums<\/dt> <dd> 10 p\u0113das\/3 m<\/dd> <\/dl> <dl class=\"goodsDesc_item\"> <dt>Troksnis<\/dt> <dd> \u2265 75 dB<\/dd> <\/dl> <dl class=\"goodsDesc_item goodsDesc_item_even\"> <dt>Audio frekvence<\/dt> <dd> 400\u20131200 Hz<\/dd> <\/dl> <dl class=\"goodsDesc_item\"> <dt>J\u016bt\u012bba<\/dt> <dd> \u226430 cm<\/dd> <\/dl> <dl class=\"goodsDesc_item goodsDesc_item_even\"> <dt>Darba vide<\/dt> <dd> -10 \u2103 l\u012bdz 50 \u2103<\/dd> <\/dl> <dl class=\"goodsDesc_item\"> <dt>Materi\u0101ls<\/dt> <dd> ABS<\/dd> <\/dl> <dl class=\"goodsDesc_item goodsDesc_item_even\"> <dt>Neto Svars<\/dt> <dd> 3,2 kg\/7,05 m\u0101rci\u0146as<\/dd> <\/dl> <dl class=\"goodsDesc_item\"> <dt>Iepakojuma Lielums<\/dt> <dd> 27,56 x 11,81 x 4,72 collas\/700 x 300 x 120 mm<\/dd> <\/dl> <\/div> <\/div>","protected":false},"excerpt":{"rendered":"<ul>\n<li> Atrodi apsl\u0113ptus d\u0101rgumus: Vai mekl\u0113 d\u0101rgumus? Met\u0101la detektors ir prec\u012bzi noregul\u0113ts, lai uztvertu s\u012bkus met\u0101la sign\u0101lus, nodro\u0161inot, ka nepalaid\u012bsiet gar\u0101m nevienu v\u0113rt\u012bgu d\u0101rgumu. Skaidrs p\u012bkstiens un LCD displejs ar fona apgaismojumu \u013cauj viegli kontrol\u0113t jebkuru situ\u0101ciju. <\/li>\n<li> Iztur\u012bgs: M\u016bsu profesion\u0101lais met\u0101la detektors ir izgatavots no r\u016bp\u012bgi atlas\u012btiem augstas kvalit\u0101tes materi\u0101liem, kas var sasniegt dzi\u013cumu l\u012bdz pat 10 p\u0113d\u0101m zem \u016bdens un nodro\u0161ina ilgsto\u0161u, stabilu darb\u012bbu. Uzlabot\u0101 noteik\u0161anas precizit\u0101te padara retu met\u0101lu atra\u0161anu efekt\u012bvu. <\/li>\n<li> Viegli p\u0101rn\u0113s\u0101jams: Profesion\u0101lais zelta detektors ir apr\u012bkots ar 12 collu mekl\u0113\u0161anas spoli, kas ir viegla un p\u0101rn\u0113s\u0101jama. Neatkar\u012bgi no t\u0101, vai atrodaties \u0101r\u0101 vai veicat mekl\u0113\u0161anu telp\u0101s, j\u016bs varat izbaud\u012bt met\u0101la mekl\u0113\u0161anas azartu jebkur un jebkur\u0101 laik\u0101. Turkl\u0101t regul\u0113jamais rokturis no 39 l\u012bdz 50 coll\u0101m ir piem\u0113rots da\u017e\u0101da auguma lietot\u0101jiem, nodro\u0161inot \u0113rtu lieto\u0161anas pieredzi. <\/li>\n<li> Piel\u0101gojies jebkurai situ\u0101cijai: M\u016bsu meda\u013cu detekt\u012bvam ir septi\u0146i re\u017e\u012bmi: visu met\u0101lu re\u017e\u012bms, prec\u012bzas mekl\u0113\u0161anas re\u017e\u012bms, rotaslietu re\u017e\u012bms, mon\u0113tu re\u017e\u012bms, gru\u017eu re\u017e\u012bms, ornamentu re\u017e\u012bms un piel\u0101gots re\u017e\u012bms. Neatkar\u012bgi no t\u0101, vai mekl\u0113jat met\u0101la pamatus, veicat dro\u0161\u012bbas p\u0101rbaudes, atrodat pazaud\u0113tus priek\u0161metus vai dodaties d\u0101rgumu mekl\u0113jumos br\u012bv\u0101 dab\u0101, m\u016bsu produkti atvieglo j\u016bsu m\u0113r\u0137u sasnieg\u0161anu. <\/li>\n<li> Viss nepiecie\u0161amais: Met\u0101la detektors pludmalei ir apr\u012bkots ar Bluetooth austi\u0146\u0101m, kas \u013cauj dzird\u0113t sign\u0101lus pat trok\u0161\u0146ain\u0101 vid\u0113. Komplekt\u0101 ietilpst ar\u012b \u010detras uzl\u0101d\u0113jamas baterijas, rokassoma, rak\u0161anas l\u0101psta, prec\u012bzais lokators un akumulatora l\u0101d\u0113t\u0101js. Izv\u0113lieties VEVOR met\u0101la detektoru un dodieties d\u0101rgumu med\u012bb\u0101s jau \u0161odien! <\/li>\n<\/ul>","protected":false},"featured_media":271148,"comment_status":"closed","ping_status":"open","template":"","meta":{"om_disable_all_campaigns":false,"_monsterinsights_skip_tracking":false,"_monsterinsights_sitenote_active":false,"_monsterinsights_sitenote_note":"","_monsterinsights_sitenote_category":0,"_uf_show_specific_survey":0,"_uf_disable_surveys":false},"location":[1935,1934],"product_brand":[21],"product_cat":[2482,2481,2480,2378],"product_tag":[],"class_list":{"0":"post-18369","1":"product","2":"type-product","3":"status-publish","4":"has-post-thumbnail","6":"location-supplier_stock_location","7":"location-local_stock_location","8":"product_brand-vevor","9":"product_cat-handheld-metal-detector","10":"product_cat-metal-detectors-outdoor-hobbies","11":"product_cat-outdoor-hobbies","12":"product_cat-sports-outdoors","14":"first","15":"instock","16":"taxable","17":"shipping-taxable","18":"purchasable","19":"product-type-simple"},"aioseo_notices":[],"jetpack_sharing_enabled":true,"locations":[{"id":1935,"name":"Pieg\u0101d\u0101t\u0101ja noliktav\u0101 (5-7d.d.)","slug":"supplier_stock_location","quantity":"579"},{"id":1934,"name":"R\u012bgas veikal\u0101 (0-2d.d.)","slug":"local_stock_location","quantity":"0"}],"_links":{"self":[{"href":"https:\/\/vevorshop.lv\/lv\/wp-json\/wp\/v2\/product\/18369","targetHints":{"allow":["GET"]}}],"collection":[{"href":"https:\/\/vevorshop.lv\/lv\/wp-json\/wp\/v2\/product"}],"about":[{"href":"https:\/\/vevorshop.lv\/lv\/wp-json\/wp\/v2\/types\/product"}],"replies":[{"embeddable":true,"href":"https:\/\/vevorshop.lv\/lv\/wp-json\/wp\/v2\/comments?post=18369"}],"wp:featuredmedia":[{"embeddable":true,"href":"https:\/\/vevorshop.lv\/lv\/wp-json\/wp\/v2\/media\/271148"}],"wp:attachment":[{"href":"https:\/\/vevorshop.lv\/lv\/wp-json\/wp\/v2\/media?parent=18369"}],"wp:term":[{"taxonomy":"location","embeddable":true,"href":"https:\/\/vevorshop.lv\/lv\/wp-json\/wp\/v2\/location?post=18369"},{"taxonomy":"product_brand","embeddable":true,"href":"https:\/\/vevorshop.lv\/lv\/wp-json\/wp\/v2\/product_brand?post=18369"},{"taxonomy":"product_cat","embeddable":true,"href":"https:\/\/vevorshop.lv\/lv\/wp-json\/wp\/v2\/product_cat?post=18369"},{"taxonomy":"product_tag","embeddable":true,"href":"https:\/\/vevorshop.lv\/lv\/wp-json\/wp\/v2\/product_tag?post=18369"}],"curies":[{"name":"wp","href":"https:\/\/api.w.org\/{rel}","templated":true}]}}