{"id":18587,"date":"2024-11-18T04:34:52","date_gmt":"2024-11-18T04:34:52","guid":{"rendered":"http:\/\/vevorshop.edigo.lv\/Prece\/vevor-leveling-casters-set-of-4-1100-lbs-total-load-capacity-2-inches-heavy-duty-with-upgraded-handle-design-360-degree-swivel-caster-wheels-adjustable-casters-with-feet-for-workbench-machine\/"},"modified":"2026-04-07T04:49:40","modified_gmt":"2026-04-07T01:49:40","slug":"vevor-leveling-casters-set-of-4-1100-lbs-total-load-capacity-2-inches-heavy-duty-with-upgraded-handle-design-360-degree-swivel-caster-wheels-adjustable-casters-with-feet-for-workbench-machine","status":"publish","type":"product","link":"https:\/\/vevorshop.lv\/lv\/Prece\/vevor-izlidzinosie-riteni-komplekts-ar-4-riteniem-2200-lbs-kopeja-kravnesiba-25-collas-lieljaudas-ar-uzlabotu-rokturu-dizainu-360-gradu-grozamie-ritenu-riteni-regulejami-riteni-ar-kajam-darbgal\/","title":{"rendered":"VEVOR regul\u0113jami izl\u012bdzino\u0161ie ritenti\u0146i, 4 gab., 499 kg slodze, 5.1 cm groz\u0101mi rite\u0146i ar k\u0101ji\u0146\u0101m darbagaldiem un iek\u0101rt\u0101m"},"content":{"rendered":"<div style=\"color: #fff!important; font-size: 16px; height: 24px; line-height: 24px; margin-top: -24px; \" class=\"product_original_name\">VEVOR Leveling Casters, Set of 4, 499 kg Total Load Capacity, 5.1 cm, Heavy Duty with Upgraded Handle Design, 360 Degree Swivel Caster Wheels, Adjustable Casters with Feet for Workbench, Machine<\/div>\n<div style=\"color: #fff!important; font-size: 16px; height: 24px; line-height: 24px; margin-top: -24px; \" class=\"product_sku\">M4I4KKRU<\/div>\n<div style=\"color: #fff!important; font-size: 16px; height: 24px; line-height: 24px; margin-top: -24px; \" class=\"product_mpn\">DJJLBSDJPBS4QUJMHV0<\/div><div id=\"js-DM_at-goodDescRich\"><html><head><style>  body {    font-family: Arial;    line-height: 1.5;    color: #1c1c1c;    overflow-x: hidden;    margin: 0;    padding: 0;  }  .MsoNormal b {    font-weight: bolder;  }<\/style><style>  .container.small {    width: 970px;    margin: 0 auto;  }  .logo {    margin: 0 auto 0;  }  .logo img {    display: block;    margin: 0 auto;    max-width: 100%;  }  .logo .pc-banner {    display: block;    width: 1200px;    height: 247.4px;    margin: 0 auto;  }  .logo .pc-banner.small {    width: 970px;  }  .logo .pc-banner.small img {    height: auto!important;  }  .logo .m-banner {    display: none;  }  .ytvideo {    position: relative;    height: 546px;    width: 100%;    margin: 0 auto;  }  .ytvideo img {    width: 100%;    margin: 0 auto;  }  .ytvideo .play-btn {    width: 60px;    height: 42px;    position: absolute;    top: 50%;    left: 50%;    transform: translate(-50%, -50%);    background: url(\"data:image\/png;base64,iVBORw0KGgoAAAANSUhEUgAAAGQAAABGCAMAAAANWMFbAAAC+lBMVEUAAADBGB3kLCfBGB3kLCfcJC7BFx3KKSbiKybkLCbWJCPSIiLSIiLPICHAFx3kLCfgKSXNHiDZJiTIGx\/p4eHcjo7LHSDbJyTkLCbjKyfOHyHPIiL28fHJHB\/GGh7EGR7eKCXDGB3RISHlLSbBGB3AFxzGHB7DGB7BGB3hKybkKybAFx3lLCfAFxzDGR3hKibDGB7cJyTmz8\/elJTlwcHjurrUIyLlLSflLSfAFx3DGR7lLSfCFx3hKibhKibhKybjKybkLCblLSfbJSX49vbx7e3NNzjNMTLMJyjVIyLZf3\/ZQ0LaeHjx0tLgoqLkLCfCGB3HGx\/BGB3BFx3PICHCGB7WJCLOHyC\/Fxy\/Fx3lLCfQISHkLSe\/FxzbJiTBFx3FGx\/AGB7BFx3EGR7AGB3HHSDfKiXAFh3TISHYNzbhKibbJyTTIiL57e325+f039\/v2NjUV1fOHiHiqanfmprch4feKSXVIyPOICHmLibFGh\/mLSe\/Fx7XJCPeKSXXJSPNHyHaJyTGGh7lLCbmLCflLSjSIiLkLCbdKSXLHiC\/GB3KHh++Fh3lKyfoLiXcKCPkx8fYb2\/XaGfVXl3aU1LLHiDksbHgKibPICHbJyTfKSXbJyTCGB3KHSDiKybFGh7TIiL\/\/\/\/VIyPRISHIHB\/GGx\/HHB\/DGR7gKibdKCXLHiDZJiTMHiDNHyHYJSTOICHPICHWJCPcKCXXJSPjLCblLCf+\/f3NGR\/uLijzLynPGR\/IGB7WISHaIyLLGh7UAADxLynNAADRLzDbICLQAADIAAD3MCrUHSHXMTDpKSbLAADp5OTij4\/ejo\/VLy\/1LyngJSTcJCPQHx\/OHB7+\/PzaMS\/OLS\/vLijrLSjSAADaNTPwLyjkKSbNJCbYISHPHB\/KGB7WAAD7+vrn3d3aKynTKCjoLCfsKifRGh\/YAADq5+fhjo7QNDXXKCfmJyXt5+fTLzDLLi\/QKivYHRvMGBrQJCXLISPMExXLDxLaEAvkkI\/bOTfaFQ\/SCgpvLcnHAAAAmnRSTlMA+vv7+gT9Bvf9+8z8\/NSv\/Pr5+P7++vnQIBMP\/v38\/Pn348XDiCYf9OjbzcqxXVcx\/fz8+\/rj1r2poo1+fXFqX0orGP7+\/v7+\/fz8+\/r68uzn4trIxsG\/vri3p6GcmZSNbWVYUUZEPQv+\/f39+\/v7+\/v7+vr64tvV1NTTz87FtbSurqeblJKFg4B3bUY+NjL7+\/v7+\/v67t1cDo8JLQAABkRJREFUWMO0kz9rwkAYh0OIeJkum6YugUAhISCdKoj\/P4C7SMdS+gEKIhSKil10LSg4mzXkILdlEpxCpwTiWOLX6BujvQaEQuGeHLnL+\/64J+SIcKGYTYWnntpdLjrVdqvZmNdn0+EE40GtpuuWVS6Xx6N7YDSGpWXpeq02wHgynM7q80az1a52HpddtVcpsi1zFARBrdaxbhp9iUReTGmwA4KAAr7vx3EYejnCMI6hQYEgy0LQi4jUN0wL19vqFcUC9\/1dAKmEEFkWRYkh5oBejnxQJiSJPJ\/uKBp0Thszx9Mw8hMRIQjKsptCfuES9zr5WJY6vSFCIvE9fCMUmEM1A1kSXcYGxgVYsvI1IPKTZciSTI0us\/SMGG04gDzELDoFBwdcFJrF88dqgYMTiL6DILWYyfOWE8\/kIz38olCNlC03FK95+imxp6y4oUSvAnBjHHhKNtotSDqJzVFiK8c2SBqhZtsrTtgrLXwAyduxZHNE26eHUt5rtuM4WSmds3G+sUdWYo1L+XyxButoh5eKUHk5lByO3G1LqqCWVnfrv\/lyPtf\/4ps1cndNGIri8J1TJ0lx6dR\/oPjq1nbRwdp2dCk4CtIOLW3pVKRL6WZfS5vF2KkIQhpwSsjiYIgNCs1gEMGqiIq24NQX9NwoXFy8Ufrl3twTcg4fv8T9\/JBEySduj6Mjm4bMzYV7EEOxKjjoNDud7yY3Dy71Hq2oLmqfbNR723edH9PgMrNL2utoQ3VmaIDkiw\/4w51P06hlZsTZvkRrbVuSIs\/zwSOsycgzStQouoAkWQqioRT5XI7n2Z1wfVhoZmcAJLsoqjqpjbWCgpOAJXBwHK8PzWbNvoUZJND5wCnSkLAkZ1legx6vqQzjoiTahKlGUGLAiIIoABOHaNVw4sexZBym6\/HWlH5h3IC7yRbxtipcWxdTOkORKiNQAEkFf66x5S2oeRbroOlLgg0sSYkR0hRGEqJZ0jTPiQKatESdBckpWigxaapEH0lImHdWu9pUFF2XqMNM2Z4kped7IwEJw2qabwtrQqnpw6HyKkgcadKWsmpywwesDyIhYRpdzXddqegtGIJlXbAIUMOLkGxJUjRIkokwjUaX9d\/kK62ps\/tYUqZLIMkLTyBhsMZ3C5Z\/kDxOSCb\/DOs\/\/J0qcWSX\/2ipe56EgTCA4\/cB7NAYOsni4mZM1MUPAISoEwkDi4lhVBQ1cWQyIcwalw4EpqZN68JUSK7XC0kTlkLYii5uXSC8jT5ncCAS7mjCv0uHp\/3lueHEEAeQ\/\/VgmdN71\/2uCSA1Xr6DO6uI6sW56zqT2tp2PhgiRUAajV8CY2fkcz6WGNKMgLAt7tJAhD4YHMTeRxlALE6+43WqjSWi8ITxyJl8WrwWSNESQZZOqhDDntO3hJLsd5RtSpbJqdv3YrDJH3F7jL1R2O2aQkn2MyCyKYz0GPGIvSAMgBCrCEiJyKbBaYGwLW4uPRr0A0M4Ux5kUI7IBh+hMdiCEWNqhMZGyYMsOgNE58UQuEQeUnSWCMYwL54hkxK6IoqucQZbQ3pc3XtL0lky1dL0zZJJDpWJovFqpWj6JEHnyam2eQp5QRVAVHjWparTOaVwUOx99YS2MvgxIGV0bb+qIg2HX2qkFFJB+XZcbLiuRkuxD9GRroKyveLxdh4d7Orx+hb7qc3uVRuEogCOnyIxm4ubUoPgF4jianDrC+SDQDKEfJb0GUKmjCGPYHGJvVC6X4hw1\/sAfQAdfYyephIaspXe36RwOP+Ljvfx9B6B3i+Nk0DGq+oCbLn6JpBa9nWAveAIHwFAwtVcIJXPMPL8kRu5OAYPMaL1WScTxjiZDqB9LTJSWphow\/pTYKRTLjCBhvi9iBidvKcDasGSm0QQkycYuLBqj6QCELPctqChDWpTRMWkngNNpQ1Pfp1KkiT\/Y0DGffXAweUNfLAfaJFKDwhb6I+bkYRbkERoEeu3Fyjg2opMz2daZCS9jt6Q7txNfB+OZEVF6Zl5web2xunnLQrtrjXseXKaFYziYINeMFZVxS9VxRhOoesYwxPKXm+gWLG9cuFeq93UNNeJNsf1KlwuDok9n02n3TgIJpOxNfL9naIoQwXtfH9kjceTIIi709ncTg6LZbg+biLH1V6u\/7rxBem06VXKn9raAAAAAElFTkSuQmCC\")      no-repeat center center \/ contain;  }  @media screen and (max-width: 960px) and (orientation: portrait) {    .logo {      width: 100%;    }    .logo .pc-banner {      display: none;    }    .logo .m-banner {      display: block;      width: 100%;    }    .logo .m-banner img {      height: auto!important;    }    .ytvideo {      height: 200px;      width: 100%;    }  }<\/style><style>  .video-section {    width: 100%;    margin: 0 auto;  }  .video-section > img {    width: 100%;  }  .video-section iframe,  .video-section video {    width: 100%;    height: 100%;      }  .video-section-img-m,  .video-section-img-pc > img {    width: 100%;    height: auto;  }  .video-section-img-pc.small > img {    width: 970px;  }  .video-desc {    line-height: 1.5;    font-size: 20px;    font-weight: 400;    margin: 20px 0;    text-align: center;    color: #0f1111;    word-break: break-word;  }  @media screen and (max-width: 960px) and (orientation: portrait) {    .video-section {      width: 100%;    }    .video-section-pc,    .video-section-img-pc {      display: none;    }    .video-section-m,    .video-section-img-m {      display: block;    }    .video-desc {      font-size: 15px;    }  }  @media screen and (min-width: 960px) {    .video-section {      width: 100%;      margin: 0 auto;    }    .video-section-pc,    .video-section-img-pc {      display: block;    }    .video-section-m,    .video-section-img-m {      display: none;    }    .video-desc {      font-size: 20px;    }  }<\/style><style>  .section + .section {    margin-top: 35px;  }  .section-title {    text-align: center;    font-weight: bold;    color: #0d1111;    font-family: \"Arial\";    font-size: 32px;    margin: 15px 0;  }  .section-title:empty {    display: none;  }  .section-desc {    text-align: center;    font-weight: normal;    color: #0d1111;    margin-top: 20px;  }  .section-desc:empty {    display: none;  }  .section-img {    width: 1200px;    height: 492px;    margin: 0 auto;    display: block;  }  .section-img.small {    width: 970px;    height: auto;  }  .section-img.small > img {    height: auto;  }  .section-img > img {    width: 100%;    height: 100%;  }  .section-mobile-img {    display: none;    max-width: 100vw;    max-height: 75vw;    height: 450px;    margin: 0 auto;  }  .section-mobile-img > img {    width: 100%;    height: 100%;  }  @media screen and (max-width: 960px) and (orientation: portrait) {    .container {      width: 100%;    }    .container.small {      width: 100%;    }    .section-mobile-img {      display: block;    }    .section-img {      display: none;    }    .section-title {      font-size: 22px;      margin: 10px 0;    }    .section-desc {      margin-top: 10px;    }    .section + .section {      margin-top: 20px;    }  }<\/style><\/head><body><div class=\"container\"><div class=\"logo\"><div class=\"pc-banner\"><div><img decoding=\"async\" src=\"\/vevor\/vevor\/boutique-banner\/pc\/en-pc@1x.jpg\" style=\"width: 100%;\" \/><\/div><\/div><div class=\"m-banner\"><div><img decoding=\"async\" src=\"\/vevor\/vevor\/boutique-banner\/mobile\/en-m@1x.jpg\" style=\"width: 100%;\" \/><\/div><\/div><\/div><div class=\"section-title\">VEVOR izl\u012bdzin\u0101\u0161anas ritenti\u0146i \u2013 regul\u0113jami re\u0101lajai dz\u012bvei<\/div><div class=\"video-section\"><div class=\"video-section-img-pc\"><img decoding=\"async\" src=\"\/vevor\/product\/DJJLBSDJPBS4QUJMH\/caster-wheels-a100-1.4.jpg\" alt=\"VEVOR izl\u012bdzin\u0101\u0161anas ritenti\u0146i regul\u0113jamam augstumam nodro\u0161ina prec\u012bzu ritenti\u0146u novietojumu zem koka skapja.\" \/><\/div><div class=\"video-section-img-m\"><img decoding=\"async\" src=\"\/vevor\/product\/DJJLBSDJPBS4QUJMH\/caster-wheels-a100-1.4-m.jpg\" alt=\"VEVOR izl\u012bdzin\u0101\u0161anas ritenti\u0146i regul\u0113jamam augstumam nodro\u0161ina prec\u012bzu ritenti\u0146u novietojumu zem koka skapja.\" \/><\/div><div class=\"section-desc\">M\u016bsu snazzy jaunais rokturis \u013cauj prec\u012bzi noregul\u0113t katra ritenti\u0146a augstumu. Konsekventa pozicion\u0113\u0161ana? P\u0101rbaudiet!<\/div><\/div><div class=\"section\"><div class=\"section-title\"><\/div><div class=\"section-img\"><img decoding=\"async\" src=\"\/vevor\/product\/DJJLBSDJPBS4QUJMH\/caster-wheels-a100-2.2.jpg\" alt=\"VEVOR izl\u012bdzin\u0101\u0161anas ritenti\u0146i ar gumijas p\u0113du palikt\u0146iem un plastmasas pamatni uz koka m\u0113bel\u0113m, nodro\u0161inot stabilit\u0101ti.\" \/><\/div><div class=\"section-mobile-img\"><img decoding=\"async\" src=\"\/vevor\/product\/DJJLBSDJPBS4QUJMH\/caster-wheels-a100-2.2-m.jpg\" alt=\"VEVOR izl\u012bdzin\u0101\u0161anas ritenti\u0146i ar gumijas p\u0113du palikt\u0146iem un plastmasas pamatni uz koka m\u0113bel\u0113m, nodro\u0161inot stabilit\u0101ti.\" \/><\/div><div class=\"section-desc\">Katram kr\u0113sla ritenim ir gumijas polster\u0113jums, kas atvad\u0101s no iek\u0101rtu vibr\u0101cij\u0101m, padarot j\u016bsu darba vietu dro\u0161\u0101ku nek\u0101 jebkad agr\u0101k.<\/div><\/div><div class=\"section\"><div class=\"section-title\"><\/div><div class=\"section-img\"><img decoding=\"async\" src=\"\/vevor\/product\/DJJLBSDJPBS4QUJMH\/caster-wheels-a100-2.3.jpg\" alt=\"VEVOR izl\u012bdzin\u0101\u0161anas ritenti\u0146i, rot\u0113jami par 360\u00b0, ar q235b lod\u012b\u0161u gult\u0146iem \u0113rtai ier\u012bces p\u0101rvieto\u0161anai.\" \/><\/div><div class=\"section-mobile-img\"><img decoding=\"async\" src=\"\/vevor\/product\/DJJLBSDJPBS4QUJMH\/caster-wheels-a100-2.3-m.jpg\" alt=\"VEVOR izl\u012bdzin\u0101\u0161anas ritenti\u0146i, rot\u0113jami par 360\u00b0, ar q235b lod\u012b\u0161u gult\u0146iem \u0113rtai ier\u012bces p\u0101rvieto\u0161anai.\" \/><\/div><div class=\"section-desc\">Ar 360 gr\u0101du groz\u0101miem riten\u012b\u0161iem apr\u012bkojuma p\u0101rvieto\u0161ana v\u0113l nekad nav bijusi tik pat\u012bkama. J\u016bsu mugura jums pateiksies.<\/div><\/div><div class=\"section\"><div class=\"section-title\"><\/div><div class=\"section-img\"><img decoding=\"async\" src=\"\/vevor\/product\/DJJLBSDJPBS4QUJMH\/caster-wheels-a100-2.4.jpg\" alt=\"Uzglab\u0101\u0161anas plaukts ar VEVOR izl\u012bdzin\u0101\u0161anas riten\u012b\u0161iem, kas atbalsta svaru l\u012bdz 1100 m\u0101rci\u0146\u0101m un kam ir biezas oglek\u013ca t\u0113rauda pl\u0101ksnes.\" \/><\/div><div class=\"section-mobile-img\"><img decoding=\"async\" src=\"\/vevor\/product\/DJJLBSDJPBS4QUJMH\/caster-wheels-a100-2.4-m.jpg\" alt=\"Uzglab\u0101\u0161anas plaukts ar VEVOR izl\u012bdzin\u0101\u0161anas riten\u012b\u0161iem, kas atbalsta svaru l\u012bdz 1100 m\u0101rci\u0146\u0101m un kam ir biezas oglek\u013ca t\u0113rauda pl\u0101ksnes.\" \/><\/div><div class=\"section-desc\">Our office chair wheels are built with a high-strength carbon steel plate and aluminum bracket. We're talking 1100 pounds of pure lifting power.<\/div><\/div><div class=\"section\"><div class=\"section-title\"><\/div><div class=\"section-img\"><img decoding=\"async\" src=\"\/vevor\/product\/DJJLBSDJPBS4QUJMH\/caster-wheels-a100-2.5.jpg\" alt=\"Stil\u012bgi un daudzpus\u012bgi VEVOR izl\u012bdzin\u0101\u0161anas ritenti\u0146i, kas ir ide\u0101li piem\u0113roti da\u017e\u0101du m\u0101jas un biroja m\u0113be\u013cu p\u0101rvieto\u0161anai.\" \/><\/div><div class=\"section-mobile-img\"><img decoding=\"async\" src=\"\/vevor\/product\/DJJLBSDJPBS4QUJMH\/caster-wheels-a100-2.5-m.jpg\" alt=\"Stil\u012bgi un daudzpus\u012bgi VEVOR izl\u012bdzin\u0101\u0161anas ritenti\u0146i, kas ir ide\u0101li piem\u0113roti da\u017e\u0101du m\u0101jas un biroja m\u0113be\u013cu p\u0101rvieto\u0161anai.\" \/><\/div><div class=\"section-desc\">R\u016bpniecisk\u0101s? Dz\u012bvojam\u0101s? Visu ko v\u0113lies. \u0160ie iztur\u012bgie rite\u0146i ir ide\u0101li piem\u0113roti koka plauktiem, m\u0113bel\u0113m, rati\u0146iem, rati\u0146iem, darbagaldiem, instrumentu kast\u0113m ar riten\u012bti, skapjiem un pat \u017eoga rite\u0146iem.<\/div><\/div><div class=\"section\"><div class=\"section-img\"><img decoding=\"async\" src=\"\/vevor\/product\/DJJLBSDJPBS4QUJMH\/caster-wheels-a100-1.11.jpg\" alt=\"VEVOR izl\u012bdzin\u0101\u0161anas rite\u0146u komplekts, melns, slodze 127 kg, 5 cm diametrs, 11,4 x 7,2 x 8,1 cm.\" \/><\/div><div class=\"section-mobile-img\"><img decoding=\"async\" src=\"\/vevor\/product\/DJJLBSDJPBS4QUJMH\/caster-wheels-a100-1.11-m.jpg\" alt=\"VEVOR izl\u012bdzin\u0101\u0161anas rite\u0146u komplekts, melns, slodze 127 kg, 5 cm diametrs, 11,4 x 7,2 x 8,1 cm.\" \/><\/div><\/div><\/div><\/body><\/html><\/div>\n<div class=\"DM_at-title\" id=\"js-DM_at-title\"> <div>Produkta specifik\u0101cija<\/div> <i class=\"icon-arrowup_line\"><\/i> <\/div><div class=\"DM_at-goodsDescAttr\" id=\"js-DM_at-goodsDescAttr\"> <div class=\"DM_at-goodsDescAttrInner\"> <dl class=\"goodsDesc_item goodsDesc_item_even\"> <dt>Preces Mode\u013ca Numurs<\/dt> <dd> GD-60FD<\/dd> <\/dl> <dl class=\"goodsDesc_item\"> <dt>Produkta Izm\u0113ri<\/dt> <dd> 4,48 x 2,87 x 3,11 collas \/ 114 x 73 x 79 mm<\/dd> <\/dl> <dl class=\"goodsDesc_item goodsDesc_item_even\"> <dt>Produkta Svars<\/dt> <dd> 6,5 m\u0101rci\u0146as \/ 2,95 kg<\/dd> <\/dl> <dl class=\"goodsDesc_item\"> <dt>Maksim\u0101l\u0101 slodze uz ritenti\u0146u<\/dt> <dd> 275 m\u0101rci\u0146as \/ 125 kg<\/dd> <\/dl> <dl class=\"goodsDesc_item goodsDesc_item_even\"> <dt>Uzst\u0101d\u012b\u0161anas augstums<\/dt> <dd> 3,22 collas \/ 82 mm<\/dd> <\/dl> <dl class=\"goodsDesc_item\"> <dt>Ritenti\u0146u skaits<\/dt> <dd> 4<\/dd> <\/dl> <dl class=\"goodsDesc_item goodsDesc_item_even\"> <dt>Ritenti\u0146u diametrs<\/dt> <dd> 2 collas \/ 50,8 mm<\/dd> <\/dl> <dl class=\"goodsDesc_item\"> <dt>Rite\u0146a ass diametrs<\/dt> <dd> 0,38 collas \/ 9,8 mm<\/dd> <\/dl> <dl class=\"goodsDesc_item goodsDesc_item_even\"> <dt>Rite\u0146a platums<\/dt> <dd> 0,98 collas \/ 25 mm<\/dd> <\/dl> <dl class=\"goodsDesc_item\"> <dt>Materi\u0101ls<\/dt> <dd> Neilona<\/dd> <\/dl> <\/div> <\/div>","protected":false},"excerpt":{"rendered":"<ul>\n<li> Uzlabojiet savu augstuma sp\u0113li: Atvadieties no nestabiliem galdiem! M\u016bsu viegli pagrie\u017eamais rokturis \u013cauj regul\u0113t katra rite\u0146a augstumu, lai ieg\u016btu \u012bpa\u0161i vienm\u0113r\u012bgu uzst\u0101d\u012b\u0161anu. \u0160ie rite\u0146i ir ne tikai regul\u0113jami augstum\u0101; tie ir regul\u0113jami bez aiz\u0137er\u0161an\u0101s. <\/li>\n<li> Vienm\u0113r\u012bga brauk\u0161ana: Ar gumijas polster\u0113jumu un cietu oglek\u013ca t\u0113rauda aug\u0161\u0113jo pl\u0101ksni \u0161ie kr\u0113slu rite\u0146i absorb\u0113 vibr\u0101cijas brokast\u012bm. Paliktnis absorb\u0113 vibr\u0101cijas iek\u0101rtas darb\u012bbas laik\u0101, veicinot dro\u0161\u0101ku darba vidi. <\/li>\n<li> Sl\u012bdiet k\u0101 profesion\u0101lis: Grieziet, virpiniet, ripiniet. M\u016bsu 360 gr\u0101du groz\u0101mie biroja kr\u0113sla rite\u0146i padara apr\u012bkojuma p\u0101rvieto\u0161anu par pastaigu park\u0101. Tie nodro\u0161ina vienm\u0113r\u012bgu un neman\u0101mu kust\u012bbu, \u013caujot jums bez piep\u016bles p\u0101rvietot apr\u012bkojumu. <\/li>\n<li> Br\u012bdin\u0101jums par smago celtni: Aizmirstiet par v\u0101rgajiem rite\u0146iem. M\u016bsu iztur\u012bgajiem rite\u0146iem ir iztur\u012bga oglek\u013ca t\u0113rauda pl\u0101ksne un stil\u012bgs alum\u012bnija kron\u0161teins. Ievelkam\u0101 nesl\u012bdo\u0161\u0101 atbalsta pamatne v\u0113l vair\u0101k uzlabo to iztur\u012bbu un ilgm\u016b\u017e\u012bbu. Iztur l\u012bdz 1100 m\u0101rci\u0146\u0101m? Protams! <\/li>\n<li> Viens ritenis, bezgal\u012bgas izmanto\u0161anas iesp\u0113jas: \u0161ie groz\u0101mie rite\u0146i nodro\u0161in\u0101s jums kust\u012bbas no virtuves salas l\u012bdz r\u016bpn\u012bcas gr\u012bdai. Tie ir ide\u0101li piem\u0113roti noliktavu plauktiem, m\u0113bel\u0113m, rati\u0146iem, darbagaldiem, instrumentu kast\u0113m ar riten\u012bti, skapjiem un pat j\u016bsu pagalma v\u0101rtiem! <\/li>\n<\/ul>","protected":false},"featured_media":271483,"comment_status":"closed","ping_status":"open","template":"","meta":{"om_disable_all_campaigns":false,"_monsterinsights_skip_tracking":false,"_monsterinsights_sitenote_active":false,"_monsterinsights_sitenote_note":"","_monsterinsights_sitenote_category":0,"_uf_show_specific_survey":0,"_uf_disable_surveys":false},"location":[1935,1934],"product_brand":[21],"product_cat":[3430,2530,2876,3457],"product_tag":[],"class_list":{"0":"post-18587","1":"product","2":"type-product","3":"status-publish","4":"has-post-thumbnail","6":"location-supplier_stock_location","7":"location-local_stock_location","8":"product_brand-vevor","9":"product_cat-casters","10":"product_cat-furniture-2","11":"product_cat-furniture-accessories-replacement-parts","12":"product_cat-lever-casters","14":"first","15":"instock","16":"taxable","17":"shipping-taxable","18":"purchasable","19":"product-type-simple"},"aioseo_notices":[],"jetpack_sharing_enabled":true,"locations":[{"id":1935,"name":"Pieg\u0101d\u0101t\u0101ja noliktav\u0101 (5-7d.d.)","slug":"supplier_stock_location","quantity":"855"},{"id":1934,"name":"R\u012bgas veikal\u0101 (0-2d.d.)","slug":"local_stock_location","quantity":"0"}],"_links":{"self":[{"href":"https:\/\/vevorshop.lv\/lv\/wp-json\/wp\/v2\/product\/18587","targetHints":{"allow":["GET"]}}],"collection":[{"href":"https:\/\/vevorshop.lv\/lv\/wp-json\/wp\/v2\/product"}],"about":[{"href":"https:\/\/vevorshop.lv\/lv\/wp-json\/wp\/v2\/types\/product"}],"replies":[{"embeddable":true,"href":"https:\/\/vevorshop.lv\/lv\/wp-json\/wp\/v2\/comments?post=18587"}],"wp:featuredmedia":[{"embeddable":true,"href":"https:\/\/vevorshop.lv\/lv\/wp-json\/wp\/v2\/media\/271483"}],"wp:attachment":[{"href":"https:\/\/vevorshop.lv\/lv\/wp-json\/wp\/v2\/media?parent=18587"}],"wp:term":[{"taxonomy":"location","embeddable":true,"href":"https:\/\/vevorshop.lv\/lv\/wp-json\/wp\/v2\/location?post=18587"},{"taxonomy":"product_brand","embeddable":true,"href":"https:\/\/vevorshop.lv\/lv\/wp-json\/wp\/v2\/product_brand?post=18587"},{"taxonomy":"product_cat","embeddable":true,"href":"https:\/\/vevorshop.lv\/lv\/wp-json\/wp\/v2\/product_cat?post=18587"},{"taxonomy":"product_tag","embeddable":true,"href":"https:\/\/vevorshop.lv\/lv\/wp-json\/wp\/v2\/product_tag?post=18587"}],"curies":[{"name":"wp","href":"https:\/\/api.w.org\/{rel}","templated":true}]}}