{"id":19055,"date":"2024-11-18T04:56:20","date_gmt":"2024-11-18T04:56:20","guid":{"rendered":"http:\/\/vevorshop.edigo.lv\/Prece\/vevor-254mm-extractor-fan-blower-portable-3m-power-cord-ventilator-industrial\/"},"modified":"2026-02-26T19:11:36","modified_gmt":"2026-02-26T17:11:36","slug":"vevor-254mm-extractor-fan-blower-portable-3m-power-cord-ventilator-industrial","status":"publish","type":"product","link":"https:\/\/vevorshop.lv\/lv\/Prece\/vevor-254mm-nosucejs-ventilators-parnesajams-3m-stravas-vads-ventilators-rupniecisks\/","title":{"rendered":"VEVOR P\u0101rn\u0113s\u0101jams Industri\u0101lais Ventilators 254mm, 350W, 3300m\u00b3\/h Gaisa Pl\u016bsma, 3m Vads, Putek\u013cu un D\u016bmu Nos\u016bc\u0113js"},"content":{"rendered":"<div style=\"color: #fff!important; font-size: 16px; height: 24px; line-height: 24px; margin-top: -24px; \" class=\"product_original_name\">VEVOR p\u0101rn\u0113s\u0101jams ventilators, 254 mm lieljaudas cilindra ventilators, 300 W stiprs veikala izpl\u016bdes ventilators 1942CFM, 3 m str\u0101vas vads (bez uzl\u0101des galvi\u0146as), r\u016bpnieciskais komun\u0101lo pakalpojumu p\u016bt\u0113js putek\u013cu s\u016bk\u0161anai, d\u016bmi m\u0101j\u0101s\/darba viet\u0101<\/div>\n<div style=\"color: #fff!important; font-size: 16px; height: 24px; line-height: 24px; margin-top: -24px; \" class=\"product_sku\">M4I4KLDZ<\/div>\n<div style=\"color: #fff!important; font-size: 16px; height: 24px; line-height: 24px; margin-top: -24px; \" class=\"product_mpn\">FBGSZ350W10INVLB9V2<\/div><div id=\"js-DM_at-goodDescRich\"><html><head><style>  body {    font-family: Arial;    line-height: 1.5;    color: #1c1c1c;    overflow-x: hidden;    margin: 0;    padding: 0;  }  .MsoNormal b {    font-weight: bolder;  }<\/style><style>  .container.small {    width: 970px;    margin: 0 auto;  }  .logo {    margin: 0 auto 0;  }  .logo img {    display: block;    margin: 0 auto;    max-width: 100%;  }  .logo .pc-banner {    display: block;    width: 1200px;    height: 247.4px;    margin: 0 auto;  }  .logo .pc-banner.small {    width: 970px;  }  .logo .pc-banner.small img {    height: auto!important;  }  .logo .m-banner {    display: none;  }  .ytvideo {    position: relative;    height: 546px;    width: 100%;    margin: 0 auto;  }  .ytvideo img {    width: 100%;    margin: 0 auto;  }  .ytvideo .play-btn {    width: 60px;    height: 42px;    position: absolute;    top: 50%;    left: 50%;    transform: translate(-50%, -50%);    background: url(\"data:image\/png;base64,iVBORw0KGgoAAAANSUhEUgAAAGQAAABGCAMAAAANWMFbAAAC+lBMVEUAAADBGB3kLCfBGB3kLCfcJC7BFx3KKSbiKybkLCbWJCPSIiLSIiLPICHAFx3kLCfgKSXNHiDZJiTIGx\/p4eHcjo7LHSDbJyTkLCbjKyfOHyHPIiL28fHJHB\/GGh7EGR7eKCXDGB3RISHlLSbBGB3AFxzGHB7DGB7BGB3hKybkKybAFx3lLCfAFxzDGR3hKibDGB7cJyTmz8\/elJTlwcHjurrUIyLlLSflLSfAFx3DGR7lLSfCFx3hKibhKibhKybjKybkLCblLSfbJSX49vbx7e3NNzjNMTLMJyjVIyLZf3\/ZQ0LaeHjx0tLgoqLkLCfCGB3HGx\/BGB3BFx3PICHCGB7WJCLOHyC\/Fxy\/Fx3lLCfQISHkLSe\/FxzbJiTBFx3FGx\/AGB7BFx3EGR7AGB3HHSDfKiXAFh3TISHYNzbhKibbJyTTIiL57e325+f039\/v2NjUV1fOHiHiqanfmprch4feKSXVIyPOICHmLibFGh\/mLSe\/Fx7XJCPeKSXXJSPNHyHaJyTGGh7lLCbmLCflLSjSIiLkLCbdKSXLHiC\/GB3KHh++Fh3lKyfoLiXcKCPkx8fYb2\/XaGfVXl3aU1LLHiDksbHgKibPICHbJyTfKSXbJyTCGB3KHSDiKybFGh7TIiL\/\/\/\/VIyPRISHIHB\/GGx\/HHB\/DGR7gKibdKCXLHiDZJiTMHiDNHyHYJSTOICHPICHWJCPcKCXXJSPjLCblLCf+\/f3NGR\/uLijzLynPGR\/IGB7WISHaIyLLGh7UAADxLynNAADRLzDbICLQAADIAAD3MCrUHSHXMTDpKSbLAADp5OTij4\/ejo\/VLy\/1LyngJSTcJCPQHx\/OHB7+\/PzaMS\/OLS\/vLijrLSjSAADaNTPwLyjkKSbNJCbYISHPHB\/KGB7WAAD7+vrn3d3aKynTKCjoLCfsKifRGh\/YAADq5+fhjo7QNDXXKCfmJyXt5+fTLzDLLi\/QKivYHRvMGBrQJCXLISPMExXLDxLaEAvkkI\/bOTfaFQ\/SCgpvLcnHAAAAmnRSTlMA+vv7+gT9Bvf9+8z8\/NSv\/Pr5+P7++vnQIBMP\/v38\/Pn348XDiCYf9OjbzcqxXVcx\/fz8+\/rj1r2poo1+fXFqX0orGP7+\/v7+\/fz8+\/r68uzn4trIxsG\/vri3p6GcmZSNbWVYUUZEPQv+\/f39+\/v7+\/v7+vr64tvV1NTTz87FtbSurqeblJKFg4B3bUY+NjL7+\/v7+\/v67t1cDo8JLQAABkRJREFUWMO0kz9rwkAYh0OIeJkum6YugUAhISCdKoj\/P4C7SMdS+gEKIhSKil10LSg4mzXkILdlEpxCpwTiWOLX6BujvQaEQuGeHLnL+\/64J+SIcKGYTYWnntpdLjrVdqvZmNdn0+EE40GtpuuWVS6Xx6N7YDSGpWXpeq02wHgynM7q80az1a52HpddtVcpsi1zFARBrdaxbhp9iUReTGmwA4KAAr7vx3EYejnCMI6hQYEgy0LQi4jUN0wL19vqFcUC9\/1dAKmEEFkWRYkh5oBejnxQJiSJPJ\/uKBp0Thszx9Mw8hMRIQjKsptCfuES9zr5WJY6vSFCIvE9fCMUmEM1A1kSXcYGxgVYsvI1IPKTZciSTI0us\/SMGG04gDzELDoFBwdcFJrF88dqgYMTiL6DILWYyfOWE8\/kIz38olCNlC03FK95+imxp6y4oUSvAnBjHHhKNtotSDqJzVFiK8c2SBqhZtsrTtgrLXwAyduxZHNE26eHUt5rtuM4WSmds3G+sUdWYo1L+XyxButoh5eKUHk5lByO3G1LqqCWVnfrv\/lyPtf\/4ps1cndNGIri8J1TJ0lx6dR\/oPjq1nbRwdp2dCk4CtIOLW3pVKRL6WZfS5vF2KkIQhpwSsjiYIgNCs1gEMGqiIq24NQX9NwoXFy8Ufrl3twTcg4fv8T9\/JBEySduj6Mjm4bMzYV7EEOxKjjoNDud7yY3Dy71Hq2oLmqfbNR723edH9PgMrNL2utoQ3VmaIDkiw\/4w51P06hlZsTZvkRrbVuSIs\/zwSOsycgzStQouoAkWQqioRT5XI7n2Z1wfVhoZmcAJLsoqjqpjbWCgpOAJXBwHK8PzWbNvoUZJND5wCnSkLAkZ1legx6vqQzjoiTahKlGUGLAiIIoABOHaNVw4sexZBym6\/HWlH5h3IC7yRbxtipcWxdTOkORKiNQAEkFf66x5S2oeRbroOlLgg0sSYkR0hRGEqJZ0jTPiQKatESdBckpWigxaapEH0lImHdWu9pUFF2XqMNM2Z4kped7IwEJw2qabwtrQqnpw6HyKkgcadKWsmpywwesDyIhYRpdzXddqegtGIJlXbAIUMOLkGxJUjRIkokwjUaX9d\/kK62ps\/tYUqZLIMkLTyBhsMZ3C5Z\/kDxOSCb\/DOs\/\/J0qcWSX\/2ipe56EgTCA4\/cB7NAYOsni4mZM1MUPAISoEwkDi4lhVBQ1cWQyIcwalw4EpqZN68JUSK7XC0kTlkLYii5uXSC8jT5ncCAS7mjCv0uHp\/3lueHEEAeQ\/\/VgmdN71\/2uCSA1Xr6DO6uI6sW56zqT2tp2PhgiRUAajV8CY2fkcz6WGNKMgLAt7tJAhD4YHMTeRxlALE6+43WqjSWi8ITxyJl8WrwWSNESQZZOqhDDntO3hJLsd5RtSpbJqdv3YrDJH3F7jL1R2O2aQkn2MyCyKYz0GPGIvSAMgBCrCEiJyKbBaYGwLW4uPRr0A0M4Ux5kUI7IBh+hMdiCEWNqhMZGyYMsOgNE58UQuEQeUnSWCMYwL54hkxK6IoqucQZbQ3pc3XtL0lky1dL0zZJJDpWJovFqpWj6JEHnyam2eQp5QRVAVHjWparTOaVwUOx99YS2MvgxIGV0bb+qIg2HX2qkFFJB+XZcbLiuRkuxD9GRroKyveLxdh4d7Orx+hb7qc3uVRuEogCOnyIxm4ubUoPgF4jianDrC+SDQDKEfJb0GUKmjCGPYHGJvVC6X4hw1\/sAfQAdfYyephIaspXe36RwOP+Ljvfx9B6B3i+Nk0DGq+oCbLn6JpBa9nWAveAIHwFAwtVcIJXPMPL8kRu5OAYPMaL1WScTxjiZDqB9LTJSWphow\/pTYKRTLjCBhvi9iBidvKcDasGSm0QQkycYuLBqj6QCELPctqChDWpTRMWkngNNpQ1Pfp1KkiT\/Y0DGffXAweUNfLAfaJFKDwhb6I+bkYRbkERoEeu3Fyjg2opMz2daZCS9jt6Q7txNfB+OZEVF6Zl5web2xunnLQrtrjXseXKaFYziYINeMFZVxS9VxRhOoesYwxPKXm+gWLG9cuFeq93UNNeJNsf1KlwuDok9n02n3TgIJpOxNfL9naIoQwXtfH9kjceTIIi709ncTg6LZbg+biLH1V6u\/7rxBem06VXKn9raAAAAAElFTkSuQmCC\")      no-repeat center center \/ contain;  }  @media screen and (max-width: 960px) and (orientation: portrait) {    .logo {      width: 100%;    }    .logo .pc-banner {      display: none;    }    .logo .m-banner {      display: block;      width: 100%;    }    .logo .m-banner img {      height: auto!important;    }    .ytvideo {      height: 200px;      width: 100%;    }  }<\/style><style>  .video-section {    width: 100%;    margin: 0 auto;  }  .video-section > img {    width: 100%;  }  .video-section iframe,  .video-section video {    width: 100%;    height: 100%;      }  .video-section-img-m,  .video-section-img-pc > img {    width: 100%;    height: auto;  }  .video-section-img-pc.small > img {    width: 970px;  }  .video-desc {    line-height: 1.5;    font-size: 20px;    font-weight: 400;    margin: 20px 0;    text-align: center;    color: #0f1111;    word-break: break-word;  }  @media screen and (max-width: 960px) and (orientation: portrait) {    .video-section {      width: 100%;    }    .video-section-pc,    .video-section-img-pc {      display: none;    }    .video-section-m,    .video-section-img-m {      display: block;    }    .video-desc {      font-size: 15px;    }  }  @media screen and (min-width: 960px) {    .video-section {      width: 100%;      margin: 0 auto;    }    .video-section-pc,    .video-section-img-pc {      display: block;    }    .video-section-m,    .video-section-img-m {      display: none;    }    .video-desc {      font-size: 20px;    }  }<\/style><style>  .section + .section {    margin-top: 35px;  }  .section-title {    text-align: center;    font-weight: bold;    color: #0d1111;    font-family: \"Arial\";    font-size: 32px;    margin: 15px 0;  }  .section-title:empty {    display: none;  }  .section-desc {    text-align: center;    font-weight: normal;    color: #0d1111;    margin-top: 20px;  }  .section-desc:empty {    display: none;  }  .section-img {    width: 1200px;    height: 492px;    margin: 0 auto;    display: block;  }  .section-img.small {    width: 970px;    height: auto;  }  .section-img.small > img {    height: auto;  }  .section-img > img {    width: 100%;    height: 100%;  }  .section-mobile-img {    display: none;    max-width: 100vw;    max-height: 75vw;    height: 450px;    margin: 0 auto;  }  .section-mobile-img > img {    width: 100%;    height: 100%;  }  @media screen and (max-width: 960px) and (orientation: portrait) {    .container {      width: 100%;    }    .container.small {      width: 100%;    }    .section-mobile-img {      display: block;    }    .section-img {      display: none;    }    .section-title {      font-size: 22px;      margin: 10px 0;    }    .section-desc {      margin-top: 10px;    }    .section + .section {      margin-top: 20px;    }  }<\/style><\/head><body><div class=\"container\"><div class=\"logo\"><div class=\"pc-banner\"><div><img decoding=\"async\" src=\"\/vevor\/vevor\/boutique-banner\/pc\/en-pc@1x.jpg\" style=\"width: 100%;\" \/><\/div><\/div><div class=\"m-banner\"><div><img decoding=\"async\" src=\"\/vevor\/vevor\/boutique-banner\/mobile\/en-m@1x.jpg\" style=\"width: 100%;\" \/><\/div><\/div><\/div><div class=\"section-title\">Exhaust Fan - Ensures a Comfortable Working Atmosphere<\/div><div class=\"video-section\"><div class=\"video-section-img-pc\"><img decoding=\"async\" src=\"\/vevor\/product\/FBGSZ350W10INVLB9\/tubular-axial-fan-a100-1.4.jpg\" alt=\"VEVOR p\u0101rn\u0113s\u0101jamais ventilators ar 350 W jaudu, kas nodro\u0161ina 1942 kubikp\u0113das min\u016bt\u0113 gaisa tilpumu efekt\u012bvai d\u016bmu un karst\u0101 gaisa aizvad\u012b\u0161anai.\" \/><\/div><div class=\"video-section-img-m\"><img decoding=\"async\" src=\"\/vevor\/product\/FBGSZ350W10INVLB9\/tubular-axial-fan-a100-1.4-m.jpg\" alt=\"VEVOR p\u0101rn\u0113s\u0101jamais ventilators ar 350 W jaudu, kas nodro\u0161ina 1942 kubikp\u0113das min\u016bt\u0113 gaisa tilpumu efekt\u012bvai d\u016bmu un karst\u0101 gaisa aizvad\u012b\u0161anai.\" \/><\/div><div class=\"section-desc\">Apr\u012bkots ar augstas veiktsp\u0113jas mai\u0146str\u0101vas motoru, tas efekt\u012bvi, \u0101tri un r\u016bp\u012bgi izvada d\u016bmus, smakas un karsto gaisu. Ide\u0101li piem\u0113rots pla\u0161am pielietojumu kl\u0101stam, piem\u0113ram, noliktav\u0101m, b\u016bvlaukumiem un r\u016bpn\u012bc\u0101m. M\u016bsu produkti tiek stingri p\u0101rbaud\u012bti pirms nos\u016bt\u012b\u0161anas, t\u0101p\u0113c varat tos lietot dro\u0161i.<\/div><\/div><div class=\"section\"><div class=\"section-title\"><\/div><div class=\"section-img\"><img decoding=\"async\" src=\"\/vevor\/product\/FBGSZ350W10INVLB9\/tubular-axial-fan-a100-2.2.jpg\" alt=\"VEVOR p\u0101rn\u0113s\u0101jamais ventilators ar alum\u012bnija sakaus\u0113juma l\u0101psti\u0146u, kas sertific\u0113ts ETL, lai nodro\u0161in\u0101tu iztur\u012bbu un iztur\u012bbu pret koroziju.\" \/><\/div><div class=\"section-mobile-img\"><img decoding=\"async\" src=\"\/vevor\/product\/FBGSZ350W10INVLB9\/tubular-axial-fan-a100-2.2-m.jpg\" alt=\"VEVOR p\u0101rn\u0113s\u0101jamais ventilators ar alum\u012bnija sakaus\u0113juma l\u0101psti\u0146u, kas sertific\u0113ts ETL, lai nodro\u0161in\u0101tu iztur\u012bbu un iztur\u012bbu pret koroziju.\" \/><\/div><div class=\"section-desc\">M\u016bsu izpl\u016bdes ventilatoram ir augstas veiktsp\u0113jas mai\u0146str\u0101vas motors ar sp\u0113c\u012bgu jaudu, kas nodro\u0161ina augst\u0101ku darb\u012bbas efektivit\u0101ti.<\/div><\/div><div class=\"section\"><div class=\"section-title\"><\/div><div class=\"section-img\"><img decoding=\"async\" src=\"\/vevor\/product\/FBGSZ350W10INVLB9\/tubular-axial-fan-a100-2.3.jpg\" alt=\"P\u0101rn\u0113s\u0101jams VEVOR ventilators ar rokturi, gumijas k\u0101ju palikt\u0146iem un 3 m garu str\u0101vas vadu \u0113rtai transport\u0113\u0161anai.\" \/><\/div><div class=\"section-mobile-img\"><img decoding=\"async\" src=\"\/vevor\/product\/FBGSZ350W10INVLB9\/tubular-axial-fan-a100-2.3-m.jpg\" alt=\"P\u0101rn\u0113s\u0101jams VEVOR ventilators ar rokturi, gumijas k\u0101ju palikt\u0146iem un 3 m garu str\u0101vas vadu \u0113rtai transport\u0113\u0161anai.\" \/><\/div><div class=\"section-desc\">Liela \u0101truma izpl\u016bde veicina \u0101tru gaisa pl\u016bsmu, efekt\u012bvi att\u012brot b\u016bvlaukumus un \u0101tri no\u0146emot b\u016bvniec\u012bbas putek\u013cus.<\/div><\/div><div class=\"section\"><div class=\"section-title\"><\/div><div class=\"section-img\"><img decoding=\"async\" src=\"\/vevor\/product\/FBGSZ350W10INVLB9\/tubular-axial-fan-a100-2.4.jpg\" alt=\"Dzeltens VEVOR p\u0101rn\u0113s\u0101jamais ventilators, kas darbojas telp\u0101 ar dro\u0161\u012bbas funkcij\u0101m, un persona, kas mazg\u0101 gr\u012bdu.\" \/><\/div><div class=\"section-mobile-img\"><img decoding=\"async\" src=\"\/vevor\/product\/FBGSZ350W10INVLB9\/tubular-axial-fan-a100-2.4-m.jpg\" alt=\"Dzeltens VEVOR p\u0101rn\u0113s\u0101jamais ventilators, kas darbojas telp\u0101 ar dro\u0161\u012bbas funkcij\u0101m, un persona, kas mazg\u0101 gr\u012bdu.\" \/><\/div><div class=\"section-desc\">Izgatavots no iztur\u012bgas t\u0113rauda konstrukcijas, ETL sertific\u0113ts iztur\u012bbai un p\u0101rkl\u0101ts ar p\u0101rkl\u0101jumu, kas nodro\u0161ina iztur\u012bbu pret koroziju un ilgm\u016b\u017e\u012bbu, nodro\u0161inot uzticamu ilgtermi\u0146a darb\u012bbu.<\/div><\/div><div class=\"section\"><div class=\"section-title\"><\/div><div class=\"section-img\"><img decoding=\"async\" src=\"\/vevor\/product\/FBGSZ350W10INVLB9\/tubular-axial-fan-a100-2.5.jpg\" alt=\"VEVOR p\u0101rn\u0113s\u0101jamais ventilators ventil\u0101cijas risin\u0101jumiem renov\u0101cijas, kr\u0101so\u0161anas kab\u012bn\u0113s, katlu telp\u0101s un putek\u013cu sav\u0101k\u0161anas telp\u0101s.\" \/><\/div><div class=\"section-mobile-img\"><img decoding=\"async\" src=\"\/vevor\/product\/FBGSZ350W10INVLB9\/tubular-axial-fan-a100-2.5-m.jpg\" alt=\"VEVOR p\u0101rn\u0113s\u0101jamais ventilators ventil\u0101cijas risin\u0101jumiem renov\u0101cijas, kr\u0101so\u0161anas kab\u012bn\u0113s, katlu telp\u0101s un putek\u013cu sav\u0101k\u0161anas telp\u0101s.\" \/><\/div><div class=\"section-desc\">Izstr\u0101d\u0101ts ar p\u0101rn\u0113s\u0101jamu rokturi un nesl\u012bdo\u0161\u0101m gumijas k\u0101ji\u0146\u0101m \u0113rtai transport\u0113\u0161anai un elast\u012bbai da\u017e\u0101d\u0101s viet\u0101s.<\/div><\/div><div class=\"section\"><div class=\"section-img\"><img decoding=\"async\" src=\"\/vevor\/product\/FBGSZ350W10INVLB9\/tubular-axial-fan-a100-1.11.jpg\" alt=\"VEVOR p\u0101rn\u0113s\u0101jamais ventilators, modelis BTF-25\/10, 350 W, 1942 kubikp\u0113das min\u016bt\u0113, 66 dB, 28,88 m\u0101rci\u0146as, ar 9,8 p\u0113du garu str\u0101vas vadu.\" \/><\/div><div class=\"section-mobile-img\"><img decoding=\"async\" src=\"\/vevor\/product\/FBGSZ350W10INVLB9\/tubular-axial-fan-a100-1.11-m.jpg\" alt=\"VEVOR p\u0101rn\u0113s\u0101jamais ventilators, modelis BTF-25\/10, 350 W, 1942 kubikp\u0113das min\u016bt\u0113, 66 dB, 28,88 m\u0101rci\u0146as, ar 9,8 p\u0113du garu str\u0101vas vadu.\" \/><\/div><\/div><\/div><\/body><\/html><\/div>\n<div class=\"DM_at-title\" id=\"js-DM_at-title\"> <div>Produkta specifik\u0101cija<\/div> <i class=\"icon-arrowup_line\"><\/i> <\/div><div class=\"DM_at-goodsDescAttr\" id=\"js-DM_at-goodsDescAttr\"> <div class=\"DM_at-goodsDescAttrInner\"> <dl class=\"goodsDesc_item goodsDesc_item_even\"> <dt>Preces Mode\u013ca Numurs<\/dt> <dd> BTF-25\/10&#034;<\/dd> <\/dl> <dl class=\"goodsDesc_item\"> <dt>Str\u0101vas Padeve<\/dt> <dd> Mai\u0146str\u0101va 120 V 60 Hz<\/dd> <\/dl> <dl class=\"goodsDesc_item goodsDesc_item_even\"> <dt>Jauda<\/dt> <dd> 350W<\/dd> <\/dl> <dl class=\"goodsDesc_item\"> <dt>Gaisa tilpums<\/dt> <dd> 1942 CFM<\/dd> <\/dl> <dl class=\"goodsDesc_item goodsDesc_item_even\"> <dt>\u0100trums<\/dt> <dd> 2850 apgr.\/min<\/dd> <\/dl> <dl class=\"goodsDesc_item\"> <dt>Str\u0101vas Vada Garums<\/dt> <dd> 9,8 p\u0113das \/ 3 m (bez uzl\u0101des galvi\u0146as)<\/dd> <\/dl> <dl class=\"goodsDesc_item goodsDesc_item_even\"> <dt>Troksnis<\/dt> <dd> 66dB<\/dd> <\/dl> <dl class=\"goodsDesc_item\"> <dt>Produkta Svars<\/dt> <dd> 28,88 m\u0101rci\u0146as (13,15 kg)<\/dd> <\/dl> <dl class=\"goodsDesc_item goodsDesc_item_even\"> <dt>Produkta Izm\u0113ri<\/dt> <dd> 13,78 x 18 x 14,96 collas (350 x 345 x 380 mm)<\/dd> <\/dl> <\/div> <\/div>","protected":false},"excerpt":{"rendered":"<ul>\n<li> Jaud\u012bgs &amp; Energoefekt\u012bvs: apr\u012bkots ar augstas veiktsp\u0113jas 350W mai\u0146str\u0101vas motoru, tas nodro\u0161ina izcilu ventil\u0101cijas veiktsp\u0113ju, pan\u0101kot gaisa pl\u016bsmas apjomu 1942CFM. \u0100tri un r\u016bp\u012bgi likvid\u0113t d\u016bmus, smakas, un karstu gaisu. <\/li>\n<li> Uzticams un ilgm\u016b\u017e\u012bgs dizains: Izgatavots no iztur\u012bga t\u0113rauda konstrukcijas un ETL sertific\u0113ts iztur\u012bbai. T\u0101 korozijiztur\u012bgais un ilgsto\u0161ais p\u0101rkl\u0101jums nodro\u0161ina uzticamu darb\u012bbu ilgtermi\u0146\u0101. <\/li>\n<li> P\u0101rn\u0113s\u0101jams un viegls: Izstr\u0101d\u0101ts ar p\u0101rn\u0113s\u0101jamu rokturi un nesl\u012bdo\u0161\u0101m gumijas k\u0101ji\u0146\u0101m \u0113rtai transport\u0113\u0161anai un lieto\u0161anai da\u017e\u0101d\u0101s viet\u0101s. \u0160is ventil\u0101cijas p\u016bt\u0113js var pa\u0101trin\u0101t smaku izvad\u012b\u0161anu pagrab\u0101 vai kanaliz\u0101cij\u0101. <\/li>\n<li> Dro\u0161\u012bbas aizsardz\u012bba: Ar IP44 \u016bdensnecaurlaid\u012bbas pak\u0101pi un aizsardz\u012bbu pret p\u0101rkar\u0161anu \u0161is ventilators nodro\u0161ina dro\u0161u darb\u012bbu da\u017e\u0101dos apst\u0101k\u013cos, pat mitr\u0101 vid\u0113, vienlaikus saglab\u0101jot stabilu veiktsp\u0113ju ilgsto\u0161i. <\/li>\n<li> Daudzpus\u012bgs pielietojums: piem\u0113rots da\u017e\u0101d\u0101m vid\u0113m, tostarp noliktav\u0101m, b\u016bvlaukumiem, r\u016bpn\u012bc\u0101m, pagrabiem, virtuv\u0113m un citur, risinot ventil\u0101cijas, putek\u013cu no\u0146em\u0161anas un dzes\u0113\u0161anas vajadz\u012bbas da\u017e\u0101d\u0101s situ\u0101cij\u0101s. <\/li>\n<\/ul>","protected":false},"featured_media":272186,"comment_status":"closed","ping_status":"open","template":"","meta":{"om_disable_all_campaigns":false,"_monsterinsights_skip_tracking":false,"_monsterinsights_sitenote_active":false,"_monsterinsights_sitenote_note":"","_monsterinsights_sitenote_category":0,"_uf_show_specific_survey":0,"_uf_disable_surveys":false},"location":[1935,1934],"product_brand":[21],"product_cat":[2662,2527,3458],"product_tag":[],"class_list":{"0":"post-19055","1":"product","2":"type-product","3":"status-publish","4":"has-post-thumbnail","6":"location-supplier_stock_location","7":"location-local_stock_location","8":"product_brand-vevor","9":"product_cat-fans","10":"product_cat-heating-venting-cooling","11":"product_cat-tube-axial-exhaust-fan","13":"first","14":"outofstock","15":"taxable","16":"shipping-taxable","17":"purchasable","18":"product-type-simple"},"aioseo_notices":[],"jetpack_sharing_enabled":true,"locations":[{"id":1935,"name":"Pieg\u0101d\u0101t\u0101ja noliktav\u0101 (5-7d.d.)","slug":"supplier_stock_location","quantity":"0"},{"id":1934,"name":"R\u012bgas veikal\u0101 (0-2d.d.)","slug":"local_stock_location","quantity":"0"}],"_links":{"self":[{"href":"https:\/\/vevorshop.lv\/lv\/wp-json\/wp\/v2\/product\/19055","targetHints":{"allow":["GET"]}}],"collection":[{"href":"https:\/\/vevorshop.lv\/lv\/wp-json\/wp\/v2\/product"}],"about":[{"href":"https:\/\/vevorshop.lv\/lv\/wp-json\/wp\/v2\/types\/product"}],"replies":[{"embeddable":true,"href":"https:\/\/vevorshop.lv\/lv\/wp-json\/wp\/v2\/comments?post=19055"}],"wp:featuredmedia":[{"embeddable":true,"href":"https:\/\/vevorshop.lv\/lv\/wp-json\/wp\/v2\/media\/272186"}],"wp:attachment":[{"href":"https:\/\/vevorshop.lv\/lv\/wp-json\/wp\/v2\/media?parent=19055"}],"wp:term":[{"taxonomy":"location","embeddable":true,"href":"https:\/\/vevorshop.lv\/lv\/wp-json\/wp\/v2\/location?post=19055"},{"taxonomy":"product_brand","embeddable":true,"href":"https:\/\/vevorshop.lv\/lv\/wp-json\/wp\/v2\/product_brand?post=19055"},{"taxonomy":"product_cat","embeddable":true,"href":"https:\/\/vevorshop.lv\/lv\/wp-json\/wp\/v2\/product_cat?post=19055"},{"taxonomy":"product_tag","embeddable":true,"href":"https:\/\/vevorshop.lv\/lv\/wp-json\/wp\/v2\/product_tag?post=19055"}],"curies":[{"name":"wp","href":"https:\/\/api.w.org\/{rel}","templated":true}]}}