{"id":19238,"date":"2024-11-18T05:03:23","date_gmt":"2024-11-18T05:03:23","guid":{"rendered":"http:\/\/vevorshop.edigo.lv\/Prece\/vevor-12-m-chimney-sweep-kit-w-12-reinforced-nylon-flexible-rods-ergonomic-chimney-cleaning-brush-360-degree-brush-chimney-cleaner-rich-accessories-for-fireplace-flue-home-use-fits-most-pipes\/"},"modified":"2026-02-26T16:02:44","modified_gmt":"2026-02-26T14:02:44","slug":"vevor-12-m-chimney-sweep-kit-w-12-reinforced-nylon-flexible-rods-ergonomic-chimney-cleaning-brush-360-degree-brush-chimney-cleaner-rich-accessories-for-fireplace-flue-home-use-fits-most-pipes","status":"publish","type":"product","link":"https:\/\/vevorshop.lv\/lv\/Prece\/vevor-12m-skurstena-tirisanas-komplekts-ar-12-elastigiem-neilona-stieniem-un-ergonomisku-birsti-efektivai-kamina-dumvada-tirisanai\/","title":{"rendered":"VEVOR 12m skurste\u0146a t\u012br\u012b\u0161anas komplekts ar 12 elast\u012bgiem neilona stie\u0146iem, 360\u00b0 birsti un piederumiem kam\u012bnam"},"content":{"rendered":"<div style=\"color: #fff!important; font-size: 16px; height: 24px; line-height: 24px; margin-top: -24px; \" class=\"product_original_name\">VEVOR Skurste\u0146u T\u012br\u012b\u0161anas Komplekts 12m (39ft) ar 12 Elast\u012bgiem Neilona Stie\u0146iem, Ergonomiska 360-Gr\u0101du Birste Efekt\u012bvai Kam\u012bna D\u016bmvada T\u012br\u012b\u0161anai, Piem\u0113rots Liel\u0101kajai Da\u013cai Cauru\u013cu<\/div>\n<div style=\"color: #fff!important; font-size: 16px; height: 24px; line-height: 24px; margin-top: -24px; \" class=\"product_sku\">M4I4KLMB<\/div>\n<div style=\"color: #fff!important; font-size: 16px; height: 24px; line-height: 24px; margin-top: -24px; \" class=\"product_mpn\">YCS39YC1PCS1SWX6XV0<\/div><div id=\"js-DM_at-goodDescRich\"><html><head><style>  body {    font-family: Arial;    line-height: 1.5;    color: #1c1c1c;    overflow-x: hidden;    margin: 0;    padding: 0;  }  .MsoNormal b {    font-weight: bolder;  }<\/style><style>  .container.small {    width: 970px;    margin: 0 auto;  }  .logo {    margin: 0 auto 0;  }  .logo img {    display: block;    margin: 0 auto;    max-width: 100%;  }  .logo .pc-banner {    display: block;    width: 1200px;    height: 247.4px;    margin: 0 auto;  }  .logo .pc-banner.small {    width: 970px;  }  .logo .pc-banner.small img {    height: auto!important;  }  .logo .m-banner {    display: none;  }  .ytvideo {    position: relative;    height: 546px;    width: 100%;    margin: 0 auto;  }  .ytvideo img {    width: 100%;    margin: 0 auto;  }  .ytvideo .play-btn {    width: 60px;    height: 42px;    position: absolute;    top: 50%;    left: 50%;    transform: translate(-50%, -50%);    background: url(\"data:image\/png;base64,iVBORw0KGgoAAAANSUhEUgAAAGQAAABGCAMAAAANWMFbAAAC+lBMVEUAAADBGB3kLCfBGB3kLCfcJC7BFx3KKSbiKybkLCbWJCPSIiLSIiLPICHAFx3kLCfgKSXNHiDZJiTIGx\/p4eHcjo7LHSDbJyTkLCbjKyfOHyHPIiL28fHJHB\/GGh7EGR7eKCXDGB3RISHlLSbBGB3AFxzGHB7DGB7BGB3hKybkKybAFx3lLCfAFxzDGR3hKibDGB7cJyTmz8\/elJTlwcHjurrUIyLlLSflLSfAFx3DGR7lLSfCFx3hKibhKibhKybjKybkLCblLSfbJSX49vbx7e3NNzjNMTLMJyjVIyLZf3\/ZQ0LaeHjx0tLgoqLkLCfCGB3HGx\/BGB3BFx3PICHCGB7WJCLOHyC\/Fxy\/Fx3lLCfQISHkLSe\/FxzbJiTBFx3FGx\/AGB7BFx3EGR7AGB3HHSDfKiXAFh3TISHYNzbhKibbJyTTIiL57e325+f039\/v2NjUV1fOHiHiqanfmprch4feKSXVIyPOICHmLibFGh\/mLSe\/Fx7XJCPeKSXXJSPNHyHaJyTGGh7lLCbmLCflLSjSIiLkLCbdKSXLHiC\/GB3KHh++Fh3lKyfoLiXcKCPkx8fYb2\/XaGfVXl3aU1LLHiDksbHgKibPICHbJyTfKSXbJyTCGB3KHSDiKybFGh7TIiL\/\/\/\/VIyPRISHIHB\/GGx\/HHB\/DGR7gKibdKCXLHiDZJiTMHiDNHyHYJSTOICHPICHWJCPcKCXXJSPjLCblLCf+\/f3NGR\/uLijzLynPGR\/IGB7WISHaIyLLGh7UAADxLynNAADRLzDbICLQAADIAAD3MCrUHSHXMTDpKSbLAADp5OTij4\/ejo\/VLy\/1LyngJSTcJCPQHx\/OHB7+\/PzaMS\/OLS\/vLijrLSjSAADaNTPwLyjkKSbNJCbYISHPHB\/KGB7WAAD7+vrn3d3aKynTKCjoLCfsKifRGh\/YAADq5+fhjo7QNDXXKCfmJyXt5+fTLzDLLi\/QKivYHRvMGBrQJCXLISPMExXLDxLaEAvkkI\/bOTfaFQ\/SCgpvLcnHAAAAmnRSTlMA+vv7+gT9Bvf9+8z8\/NSv\/Pr5+P7++vnQIBMP\/v38\/Pn348XDiCYf9OjbzcqxXVcx\/fz8+\/rj1r2poo1+fXFqX0orGP7+\/v7+\/fz8+\/r68uzn4trIxsG\/vri3p6GcmZSNbWVYUUZEPQv+\/f39+\/v7+\/v7+vr64tvV1NTTz87FtbSurqeblJKFg4B3bUY+NjL7+\/v7+\/v67t1cDo8JLQAABkRJREFUWMO0kz9rwkAYh0OIeJkum6YugUAhISCdKoj\/P4C7SMdS+gEKIhSKil10LSg4mzXkILdlEpxCpwTiWOLX6BujvQaEQuGeHLnL+\/64J+SIcKGYTYWnntpdLjrVdqvZmNdn0+EE40GtpuuWVS6Xx6N7YDSGpWXpeq02wHgynM7q80az1a52HpddtVcpsi1zFARBrdaxbhp9iUReTGmwA4KAAr7vx3EYejnCMI6hQYEgy0LQi4jUN0wL19vqFcUC9\/1dAKmEEFkWRYkh5oBejnxQJiSJPJ\/uKBp0Thszx9Mw8hMRIQjKsptCfuES9zr5WJY6vSFCIvE9fCMUmEM1A1kSXcYGxgVYsvI1IPKTZciSTI0us\/SMGG04gDzELDoFBwdcFJrF88dqgYMTiL6DILWYyfOWE8\/kIz38olCNlC03FK95+imxp6y4oUSvAnBjHHhKNtotSDqJzVFiK8c2SBqhZtsrTtgrLXwAyduxZHNE26eHUt5rtuM4WSmds3G+sUdWYo1L+XyxButoh5eKUHk5lByO3G1LqqCWVnfrv\/lyPtf\/4ps1cndNGIri8J1TJ0lx6dR\/oPjq1nbRwdp2dCk4CtIOLW3pVKRL6WZfS5vF2KkIQhpwSsjiYIgNCs1gEMGqiIq24NQX9NwoXFy8Ufrl3twTcg4fv8T9\/JBEySduj6Mjm4bMzYV7EEOxKjjoNDud7yY3Dy71Hq2oLmqfbNR723edH9PgMrNL2utoQ3VmaIDkiw\/4w51P06hlZsTZvkRrbVuSIs\/zwSOsycgzStQouoAkWQqioRT5XI7n2Z1wfVhoZmcAJLsoqjqpjbWCgpOAJXBwHK8PzWbNvoUZJND5wCnSkLAkZ1legx6vqQzjoiTahKlGUGLAiIIoABOHaNVw4sexZBym6\/HWlH5h3IC7yRbxtipcWxdTOkORKiNQAEkFf66x5S2oeRbroOlLgg0sSYkR0hRGEqJZ0jTPiQKatESdBckpWigxaapEH0lImHdWu9pUFF2XqMNM2Z4kped7IwEJw2qabwtrQqnpw6HyKkgcadKWsmpywwesDyIhYRpdzXddqegtGIJlXbAIUMOLkGxJUjRIkokwjUaX9d\/kK62ps\/tYUqZLIMkLTyBhsMZ3C5Z\/kDxOSCb\/DOs\/\/J0qcWSX\/2ipe56EgTCA4\/cB7NAYOsni4mZM1MUPAISoEwkDi4lhVBQ1cWQyIcwalw4EpqZN68JUSK7XC0kTlkLYii5uXSC8jT5ncCAS7mjCv0uHp\/3lueHEEAeQ\/\/VgmdN71\/2uCSA1Xr6DO6uI6sW56zqT2tp2PhgiRUAajV8CY2fkcz6WGNKMgLAt7tJAhD4YHMTeRxlALE6+43WqjSWi8ITxyJl8WrwWSNESQZZOqhDDntO3hJLsd5RtSpbJqdv3YrDJH3F7jL1R2O2aQkn2MyCyKYz0GPGIvSAMgBCrCEiJyKbBaYGwLW4uPRr0A0M4Ux5kUI7IBh+hMdiCEWNqhMZGyYMsOgNE58UQuEQeUnSWCMYwL54hkxK6IoqucQZbQ3pc3XtL0lky1dL0zZJJDpWJovFqpWj6JEHnyam2eQp5QRVAVHjWparTOaVwUOx99YS2MvgxIGV0bb+qIg2HX2qkFFJB+XZcbLiuRkuxD9GRroKyveLxdh4d7Orx+hb7qc3uVRuEogCOnyIxm4ubUoPgF4jianDrC+SDQDKEfJb0GUKmjCGPYHGJvVC6X4hw1\/sAfQAdfYyephIaspXe36RwOP+Ljvfx9B6B3i+Nk0DGq+oCbLn6JpBa9nWAveAIHwFAwtVcIJXPMPL8kRu5OAYPMaL1WScTxjiZDqB9LTJSWphow\/pTYKRTLjCBhvi9iBidvKcDasGSm0QQkycYuLBqj6QCELPctqChDWpTRMWkngNNpQ1Pfp1KkiT\/Y0DGffXAweUNfLAfaJFKDwhb6I+bkYRbkERoEeu3Fyjg2opMz2daZCS9jt6Q7txNfB+OZEVF6Zl5web2xunnLQrtrjXseXKaFYziYINeMFZVxS9VxRhOoesYwxPKXm+gWLG9cuFeq93UNNeJNsf1KlwuDok9n02n3TgIJpOxNfL9naIoQwXtfH9kjceTIIi709ncTg6LZbg+biLH1V6u\/7rxBem06VXKn9raAAAAAElFTkSuQmCC\")      no-repeat center center \/ contain;  }  @media screen and (max-width: 960px) and (orientation: portrait) {    .logo {      width: 100%;    }    .logo .pc-banner {      display: none;    }    .logo .m-banner {      display: block;      width: 100%;    }    .logo .m-banner img {      height: auto!important;    }    .ytvideo {      height: 200px;      width: 100%;    }  }<\/style><style>  .video-section {    width: 100%;    margin: 0 auto;  }  .video-section > img {    width: 100%;  }  .video-section iframe,  .video-section video {    width: 100%;    height: 100%;      }  .video-section-img-m,  .video-section-img-pc > img {    width: 100%;    height: auto;  }  .video-section-img-pc.small > img {    width: 970px;  }  .video-desc {    line-height: 1.5;    font-size: 20px;    font-weight: 400;    margin: 20px 0;    text-align: center;    color: #0f1111;    word-break: break-word;  }  @media screen and (max-width: 960px) and (orientation: portrait) {    .video-section {      width: 100%;    }    .video-section-pc,    .video-section-img-pc {      display: none;    }    .video-section-m,    .video-section-img-m {      display: block;    }    .video-desc {      font-size: 15px;    }  }  @media screen and (min-width: 960px) {    .video-section {      width: 100%;      margin: 0 auto;    }    .video-section-pc,    .video-section-img-pc {      display: block;    }    .video-section-m,    .video-section-img-m {      display: none;    }    .video-desc {      font-size: 20px;    }  }<\/style><style>  .section + .section {    margin-top: 35px;  }  .section-title {    text-align: center;    font-weight: bold;    color: #0d1111;    font-family: \"Arial\";    font-size: 32px;    margin: 15px 0;  }  .section-title:empty {    display: none;  }  .section-desc {    text-align: center;    font-weight: normal;    color: #0d1111;    margin-top: 20px;  }  .section-desc:empty {    display: none;  }  .section-img {    width: 1200px;    height: 492px;    margin: 0 auto;    display: block;  }  .section-img.small {    width: 970px;    height: auto;  }  .section-img.small > img {    height: auto;  }  .section-img > img {    width: 100%;    height: 100%;  }  .section-mobile-img {    display: none;    max-width: 100vw;    max-height: 75vw;    height: 450px;    margin: 0 auto;  }  .section-mobile-img > img {    width: 100%;    height: 100%;  }  @media screen and (max-width: 960px) and (orientation: portrait) {    .container {      width: 100%;    }    .container.small {      width: 100%;    }    .section-mobile-img {      display: block;    }    .section-img {      display: none;    }    .section-title {      font-size: 22px;      margin: 10px 0;    }    .section-desc {      margin-top: 10px;    }    .section + .section {      margin-top: 20px;    }  }<\/style><\/head><body><div class=\"container\"><div class=\"logo\"><div class=\"pc-banner\"><div><img decoding=\"async\" src=\"\/vevor\/vevor\/boutique-banner\/pc\/en-pc@1x.jpg\" style=\"width: 100%;\" \/><\/div><\/div><div class=\"m-banner\"><div><img decoding=\"async\" src=\"\/vevor\/vevor\/boutique-banner\/mobile\/en-m@1x.jpg\" style=\"width: 100%;\" \/><\/div><\/div><\/div><div class=\"section-title\">Skurste\u0146a t\u012br\u012b\u0161anas komplekts \u2014 pasarg\u0101 no ve\u013cas \u017e\u0101v\u0113t\u0101ja aizdeg\u0161an\u0101s!<\/div><div class=\"video-section\"><div class=\"video-section-img-pc\"><img decoding=\"async\" src=\"\/vevor\/product\/YCS39YC1PCS1SWX6X\/chimney-brush-a100-1.4.jpg\" alt=\"VEVOR skurste\u0146slau\u0137a komplekts ar 360 gr\u0101du neilona birsti vienk\u0101r\u0161ai, nesaboj\u0101jo\u0161ai skurste\u0146a t\u012br\u012b\u0161anai.\" \/><\/div><div class=\"video-section-img-m\"><img decoding=\"async\" src=\"\/vevor\/product\/YCS39YC1PCS1SWX6X\/chimney-brush-a100-1.4-m.jpg\" alt=\"VEVOR skurste\u0146slau\u0137a komplekts ar 360 gr\u0101du neilona birsti vienk\u0101r\u0161ai, nesaboj\u0101jo\u0161ai skurste\u0146a t\u012br\u012b\u0161anai.\" \/><\/div><div class=\"section-desc\">VEVOR skurste\u0146a t\u012br\u012b\u0161anas pal\u012bgs atvieglo j\u016bsu t\u012br\u012b\u0161anas darbus. Sal\u012bdzinot ar parastajiem komplektiem, m\u016bsu skurste\u0146a t\u012br\u012b\u0161anas komplekts ir iztur\u012bg\u0101ks un ilgm\u016b\u017e\u012bg\u0101ks, samazinot j\u016bsu apkopes izmaksas.<\/div><\/div><div class=\"section\"><div class=\"section-title\"><\/div><div class=\"section-img\"><img decoding=\"async\" src=\"\/vevor\/product\/YCS39YC1PCS1SWX6X\/chimney-brush-a100-2.2.jpg\" alt=\"VEVOR skurste\u0146slau\u0137a komplekts 90 gr\u0101du l\u012bkuma vad\u012b\u0161anai, ar \u0113rtu lieto\u0161anu un iztur\u012bbu pret koroziju.\" \/><\/div><div class=\"section-mobile-img\"><img decoding=\"async\" src=\"\/vevor\/product\/YCS39YC1PCS1SWX6X\/chimney-brush-a100-2.2-m.jpg\" alt=\"VEVOR skurste\u0146slau\u0137a komplekts 90 gr\u0101du l\u012bkuma vad\u012b\u0161anai, ar \u0113rtu lieto\u0161anu un iztur\u012bbu pret koroziju.\" \/><\/div><div class=\"section-desc\">M\u016bsu iztur\u012bgie kompoz\u012btmateri\u0101la neilona sari rada sp\u0113c\u012bgu 360 gr\u0101du rot\u0101cijas sp\u0113ku, bez piep\u016bles no\u0146emot no kam\u012bna uzkr\u0101ju\u0161os net\u012brumus, iev\u0113rojami uzlabojot kam\u012bna veiktsp\u0113ju.<\/div><\/div><div class=\"section\"><div class=\"section-title\"><\/div><div class=\"section-img\"><img decoding=\"async\" src=\"\/vevor\/product\/YCS39YC1PCS1SWX6X\/chimney-brush-a100-2.3.jpg\" alt=\"Vienk\u0101r\u0161i VEVOR skurste\u0146slau\u0137a komplekta mont\u0101\u017eas so\u013ci ar elektrisk\u0101 urbja savienojumu efektivit\u0101tes nodro\u0161in\u0101\u0161anai.\" \/><\/div><div class=\"section-mobile-img\"><img decoding=\"async\" src=\"\/vevor\/product\/YCS39YC1PCS1SWX6X\/chimney-brush-a100-2.3-m.jpg\" alt=\"Vienk\u0101r\u0161i VEVOR skurste\u0146slau\u0137a komplekta mont\u0101\u017eas so\u013ci ar elektrisk\u0101 urbja savienojumu efektivit\u0101tes nodro\u0161in\u0101\u0161anai.\" \/><\/div><div class=\"section-desc\">Skurste\u0146a stie\u0146i ir izgatavoti no augstas kvalit\u0101tes neilona, \u200b\u200bkas nodro\u0161ina lielu elast\u012bbu, lai p\u0101rvietotos pa sare\u017e\u0123\u012btiem skurste\u0146a l\u012bkumiem efekt\u012bvai t\u012br\u012b\u0161anai.<\/div><\/div><div class=\"section\"><div class=\"section-title\"><\/div><div class=\"section-img\"><img decoding=\"async\" src=\"\/vevor\/product\/YCS39YC1PCS1SWX6X\/chimney-brush-a100-2.4.jpg\" alt=\"pirms un p\u0113c VEVOR skurste\u0146slau\u0137a komplekta lieto\u0161anas, lai no\u0146emtu kv\u0113pu aizsprostojumu silt\u0101kai m\u0101jai.\" \/><\/div><div class=\"section-mobile-img\"><img decoding=\"async\" src=\"\/vevor\/product\/YCS39YC1PCS1SWX6X\/chimney-brush-a100-2.4-m.jpg\" alt=\"pirms un p\u0113c VEVOR skurste\u0146slau\u0137a komplekta lieto\u0161anas, lai no\u0146emtu kv\u0113pu aizsprostojumu silt\u0101kai m\u0101jai.\" \/><\/div><div class=\"section-desc\">Katra skurste\u0146a stie\u0146a da\u013ca ir apr\u012bkota ar iztur\u012bgiem sakaus\u0113juma atsperu fiksatoriem, lai nodro\u0161in\u0101tu, ka t\u0101 dro\u0161i turas piestiprin\u0101ta jebkur\u0101 grie\u0161an\u0101s virzien\u0101, \u013caujot \u0101tri izvad\u012bt pelnus un gru\u017eus.<\/div><\/div><div class=\"section\"><div class=\"section-title\"><\/div><div class=\"section-img\"><img decoding=\"async\" src=\"\/vevor\/product\/YCS39YC1PCS1SWX6X\/chimney-brush-a100-2.5.jpg\" alt=\"\u010cetri kam\u012bnu veidi ar uzrakstu &#034;pla\u0161a lieto\u0161ana \u2014 viegli tikt gal\u0101 ar skurste\u0146a kv\u0113pu aizsprostojumiem&#034;, tostarp VEVOR skurste\u0146slau\u0137a komplekts.\" \/><\/div><div class=\"section-mobile-img\"><img decoding=\"async\" src=\"\/vevor\/product\/YCS39YC1PCS1SWX6X\/chimney-brush-a100-2.5-m.jpg\" alt=\"\u010cetri kam\u012bnu veidi ar uzrakstu &#034;pla\u0161a lieto\u0161ana \u2014 viegli tikt gal\u0101 ar skurste\u0146a kv\u0113pu aizsprostojumiem&#034;, tostarp VEVOR skurste\u0146slau\u0137a komplekts.\" \/><\/div><div class=\"section-desc\">M\u016bsu skurste\u0146a t\u012br\u012bt\u0101js nodro\u0161ina r\u016bp\u012bg\u0101ku sadeg\u0161anu j\u016bsu kam\u012bn\u0101, padarot j\u016bsu istabu silt\u0101ku un vienlaikus pal\u012bdzot ietaup\u012bt uz profesion\u0101lu skurste\u0146a t\u012br\u012b\u0161anas pakalpojumu maksu.<\/div><\/div><div class=\"section\"><div class=\"section-img\"><img decoding=\"async\" src=\"\/vevor\/product\/YCS39YC1PCS1SWX6X\/chimney-brush-a100-1.11.jpg\" alt=\"VEVOR skurste\u0146slau\u0137a komplekts, modelis CB12, 12 m neilona stie\u0146i, 6,17 m\u0101rci\u0146as. Komplekt\u0101 ietilpst birstes galva un se\u0161st\u016bra atsl\u0113ga.\" \/><\/div><div class=\"section-mobile-img\"><img decoding=\"async\" src=\"\/vevor\/product\/YCS39YC1PCS1SWX6X\/chimney-brush-a100-1.11-m.jpg\" alt=\"VEVOR skurste\u0146slau\u0137a komplekts, modelis CB12, 12 m neilona stie\u0146i, 6,17 m\u0101rci\u0146as. Komplekt\u0101 ietilpst birstes galva un se\u0161st\u016bra atsl\u0113ga.\" \/><\/div><\/div><\/div><\/body><\/html><\/div>\n<div class=\"DM_at-title\" id=\"js-DM_at-title\"> <div>Produkta specifik\u0101cija<\/div> <i class=\"icon-arrowup_line\"><\/i> <\/div><div class=\"DM_at-goodsDescAttr\" id=\"js-DM_at-goodsDescAttr\"> <div class=\"DM_at-goodsDescAttrInner\"> <dl class=\"goodsDesc_item goodsDesc_item_even\"> <dt>Preces Mode\u013ca Numurs<\/dt> <dd> CB12<\/dd> <\/dl> <dl class=\"goodsDesc_item\"> <dt>Kop\u0113jais Garums<\/dt> <dd> 472,4 collas \/ 12 m<\/dd> <\/dl> <dl class=\"goodsDesc_item goodsDesc_item_even\"> <dt>Viena stie\u0146a garums<\/dt> <dd> 39,3 collas \/ 1 m<\/dd> <\/dl> <dl class=\"goodsDesc_item\"> <dt>Viena stie\u0146a diametrs<\/dt> <dd> 0,47 collas \/ 12 mm<\/dd> <\/dl> <dl class=\"goodsDesc_item goodsDesc_item_even\"> <dt>Galvenais materi\u0101ls<\/dt> <dd> Neilona<\/dd> <\/dl> <dl class=\"goodsDesc_item\"> <dt>Savienojums<\/dt> <dd> Le\u0123\u0113ta t\u0113rauda atsperes aizdare, hrom\u0113ta apdare<\/dd> <\/dl> <dl class=\"goodsDesc_item goodsDesc_item_even\"> <dt>Iepakojuma Lielums<\/dt> <dd> 393,7 x 47,2 x 19,6 collas \/ 1000 x 120 x 50 mm<\/dd> <\/dl> <dl class=\"goodsDesc_item\"> <dt>Neto Svars<\/dt> <dd> 6,17 m\u0101rci\u0146as \/ 2,8 kg<\/dd> <\/dl> <\/div> <\/div>","protected":false},"excerpt":{"rendered":"<ul>\n<li> Augstas kvalit\u0101tes birstes galva: Birstes galvas sari ir izgatavoti no iztur\u012bgas neilona virves, kas nodro\u0161ina iztur\u012bbu. T\u0101s \u012bpa\u0161\u0101, smail\u0101 taisnst\u016bra forma \u013cauj efekt\u012bvi t\u012br\u012bt, nesaskr\u0101p\u0113jot skurste\u0146a iek\u0161\u0113jo virsmu. <\/li>\n<li> Augst\u0101k\u0101s kvalit\u0101tes neilona stienis: Neilona stienis ir izgatavots no stabilas molekul\u0101r\u0101s strukt\u016bras, elast\u012bg\u0101m un pl\u012bsto\u0161\u0101m pastiprin\u0101t\u0101m \u0161\u0137iedr\u0101m. Tas var saliekties le\u0146\u0137\u012b, kas p\u0101rsniedz 90 gr\u0101dus, nodro\u0161inot nepiecie\u0161amo elast\u012bbu \u0113rtai lieto\u0161anai. <\/li>\n<li> Atsperes pogas blo\u0137\u0113\u0161anas sist\u0113ma: Stienim ir atsperes pogas konstrukcija, kas atvieglo mont\u0101\u017eu un demont\u0101\u017eu. Neatkar\u012bgi no t\u0101, vai tas grie\u017eas pulkste\u0146r\u0101d\u012bt\u0101ja virzien\u0101 vai pret\u0113ji pulkste\u0146r\u0101d\u012bt\u0101ja virzienam, tas nodro\u0161ina, ka rot\u0101cijas procesa laik\u0101 tas neatsl\u0101bin\u0101sies vai neatvienosies. <\/li>\n<li> Efekt\u012bva t\u012br\u012b\u0161ana: Skurste\u0146a komplekts nodro\u0161ina t\u012br\u012b\u0161anu no apak\u0161as uz aug\u0161u, efekt\u012bvi no\u0146emot kreozotu un citus gru\u017eus no skurste\u0146a, t\u0101d\u0113j\u0101di veicinot kam\u012bna sadeg\u0161anu un degvielas taup\u012b\u0161anu. <\/li>\n<li> Piem\u0113rots da\u017e\u0101diem scen\u0101rijiem: Cauru\u013cu t\u012br\u012b\u0161anas komplekts ir pieejams da\u017e\u0101d\u0101s kombin\u0101cij\u0101s, lai to var\u0113tu pagarin\u0101t l\u012bdz da\u017e\u0101diem izm\u0113riem, \u013caujot izt\u012br\u012bt gr\u016bti sasniedzamas vietas. Izmantojiet papildu elast\u012bgus stie\u0146us, lai sasniegtu nepiecie\u0161amo att\u0101lumu. <\/li>\n<\/ul>","protected":false},"featured_media":272462,"comment_status":"closed","ping_status":"closed","template":"","meta":{"om_disable_all_campaigns":false,"_monsterinsights_skip_tracking":false,"_monsterinsights_sitenote_active":false,"_monsterinsights_sitenote_note":"","_monsterinsights_sitenote_category":0,"_uf_show_specific_survey":0,"_uf_disable_surveys":false},"location":[1935,1934],"product_brand":[21],"product_cat":[2608,2606,2607,2605,2527],"product_tag":[],"class_list":{"0":"post-19238","1":"product","2":"type-product","3":"status-publish","4":"has-post-thumbnail","6":"location-supplier_stock_location","7":"location-local_stock_location","8":"product_brand-vevor","9":"product_cat-chimney-brush","10":"product_cat-fireplace-accessories","11":"product_cat-fireplace-tools-fireplace-accessories","12":"product_cat-fireplaces","13":"product_cat-heating-venting-cooling","15":"first","16":"outofstock","17":"taxable","18":"shipping-taxable","19":"purchasable","20":"product-type-simple"},"aioseo_notices":[],"jetpack_sharing_enabled":true,"locations":[{"id":1935,"name":"Pieg\u0101d\u0101t\u0101ja noliktav\u0101 (5-7d.d.)","slug":"supplier_stock_location","quantity":"0"},{"id":1934,"name":"R\u012bgas veikal\u0101 (0-2d.d.)","slug":"local_stock_location","quantity":"0"}],"_links":{"self":[{"href":"https:\/\/vevorshop.lv\/lv\/wp-json\/wp\/v2\/product\/19238","targetHints":{"allow":["GET"]}}],"collection":[{"href":"https:\/\/vevorshop.lv\/lv\/wp-json\/wp\/v2\/product"}],"about":[{"href":"https:\/\/vevorshop.lv\/lv\/wp-json\/wp\/v2\/types\/product"}],"replies":[{"embeddable":true,"href":"https:\/\/vevorshop.lv\/lv\/wp-json\/wp\/v2\/comments?post=19238"}],"wp:featuredmedia":[{"embeddable":true,"href":"https:\/\/vevorshop.lv\/lv\/wp-json\/wp\/v2\/media\/272462"}],"wp:attachment":[{"href":"https:\/\/vevorshop.lv\/lv\/wp-json\/wp\/v2\/media?parent=19238"}],"wp:term":[{"taxonomy":"location","embeddable":true,"href":"https:\/\/vevorshop.lv\/lv\/wp-json\/wp\/v2\/location?post=19238"},{"taxonomy":"product_brand","embeddable":true,"href":"https:\/\/vevorshop.lv\/lv\/wp-json\/wp\/v2\/product_brand?post=19238"},{"taxonomy":"product_cat","embeddable":true,"href":"https:\/\/vevorshop.lv\/lv\/wp-json\/wp\/v2\/product_cat?post=19238"},{"taxonomy":"product_tag","embeddable":true,"href":"https:\/\/vevorshop.lv\/lv\/wp-json\/wp\/v2\/product_tag?post=19238"}],"curies":[{"name":"wp","href":"https:\/\/api.w.org\/{rel}","templated":true}]}}