{"id":194004,"date":"2025-09-11T06:07:15","date_gmt":"2025-09-11T06:07:15","guid":{"rendered":"https:\/\/vevorshop.lv\/en_us\/Prece\/vevor-2-tier-laundry-sorter-with-wheels-hooks-tabletop-2-sections-30l-capacity-oxford-bags-metal-frame\/"},"modified":"2026-04-23T06:59:23","modified_gmt":"2026-04-23T03:59:23","slug":"vevor-2-tier-laundry-sorter-with-wheels-hooks-tabletop-2-sections-30l-capacity-oxford-bags-metal-frame","status":"publish","type":"product","link":"https:\/\/vevorshop.lv\/lv\/Prece\/vevor-2-limenu-velas-skirotajs-ar-riteniem-aki-galda-virsma-2-sekcijas-30l-ietilpiba-oxford-somas-metala-ramis\/","title":{"rendered":"VEVOR 2 l\u012bme\u0146u ve\u013cas \u0161\u0137irot\u0101js ar met\u0101la r\u0101mi, koka virsmu, 2 ritin\u0101miem Oxford maisiem un plauktiem, 114L ietilp\u012bba"},"content":{"rendered":"<div style=\"color: #fff!important; font-size: 16px; height: 24px; line-height: 24px; margin-top: -24px; \" class=\"product_original_name\">VEVOR 2 l\u012bme\u0146u ve\u013cas \u0161\u0137irot\u0101js, augsts ve\u013cas \u0101murs ar met\u0101la r\u0101mi un koka galda virsmu, 2 sekciju rito\u0161\u0101 groza organizatora kr\u0101tuve ar k\u0101p\u0146u plauktiem un 600D Oksfordas auduma somas net\u012br\u0101m dr\u0113b\u0113m<\/div>\n<div style=\"color: #fff!important; font-size: 16px; height: 24px; line-height: 24px; margin-top: -24px; \" class=\"product_sku\">MF2W61GZ<\/div>\n<div style=\"color: #fff!important; font-size: 16px; height: 24px; line-height: 24px; margin-top: -24px; \" class=\"product_mpn\">XYLEKJSMGBS2NT3MS001V0<\/div><div id=\"js-DM_at-goodDescRich\"><html><head><style>  body {    font-family: Arial;    line-height: 1.5;    color: #1c1c1c;    overflow-x: hidden;    margin: 0;    padding: 0;  }  .MsoNormal b {    font-weight: bolder;  }<\/style><style>  .container.small {    width: 970px;    margin: 0 auto;  }  .logo {    margin: 0 auto 0;  }  .logo img {    display: block;    margin: 0 auto;    max-width: 100%;  }  .logo .pc-banner {    display: block;    width: 1200px;    height: 247.4px;    margin: 0 auto;  }  .logo .pc-banner.small {    width: 970px;  }  .logo .pc-banner.small img {    height: auto!important;  }  .logo .m-banner {    display: none;  }  .ytvideo {    position: relative;    height: 546px;    width: 100%;    margin: 0 auto;  }  .ytvideo img {    width: 100%;    margin: 0 auto;  }  .ytvideo .play-btn {    width: 60px;    height: 42px;    position: absolute;    top: 50%;    left: 50%;    transform: translate(-50%, -50%);    background: url(\"data:image\/png;base64,iVBORw0KGgoAAAANSUhEUgAAAGQAAABGCAMAAAANWMFbAAAC+lBMVEUAAADBGB3kLCfBGB3kLCfcJC7BFx3KKSbiKybkLCbWJCPSIiLSIiLPICHAFx3kLCfgKSXNHiDZJiTIGx\/p4eHcjo7LHSDbJyTkLCbjKyfOHyHPIiL28fHJHB\/GGh7EGR7eKCXDGB3RISHlLSbBGB3AFxzGHB7DGB7BGB3hKybkKybAFx3lLCfAFxzDGR3hKibDGB7cJyTmz8\/elJTlwcHjurrUIyLlLSflLSfAFx3DGR7lLSfCFx3hKibhKibhKybjKybkLCblLSfbJSX49vbx7e3NNzjNMTLMJyjVIyLZf3\/ZQ0LaeHjx0tLgoqLkLCfCGB3HGx\/BGB3BFx3PICHCGB7WJCLOHyC\/Fxy\/Fx3lLCfQISHkLSe\/FxzbJiTBFx3FGx\/AGB7BFx3EGR7AGB3HHSDfKiXAFh3TISHYNzbhKibbJyTTIiL57e325+f039\/v2NjUV1fOHiHiqanfmprch4feKSXVIyPOICHmLibFGh\/mLSe\/Fx7XJCPeKSXXJSPNHyHaJyTGGh7lLCbmLCflLSjSIiLkLCbdKSXLHiC\/GB3KHh++Fh3lKyfoLiXcKCPkx8fYb2\/XaGfVXl3aU1LLHiDksbHgKibPICHbJyTfKSXbJyTCGB3KHSDiKybFGh7TIiL\/\/\/\/VIyPRISHIHB\/GGx\/HHB\/DGR7gKibdKCXLHiDZJiTMHiDNHyHYJSTOICHPICHWJCPcKCXXJSPjLCblLCf+\/f3NGR\/uLijzLynPGR\/IGB7WISHaIyLLGh7UAADxLynNAADRLzDbICLQAADIAAD3MCrUHSHXMTDpKSbLAADp5OTij4\/ejo\/VLy\/1LyngJSTcJCPQHx\/OHB7+\/PzaMS\/OLS\/vLijrLSjSAADaNTPwLyjkKSbNJCbYISHPHB\/KGB7WAAD7+vrn3d3aKynTKCjoLCfsKifRGh\/YAADq5+fhjo7QNDXXKCfmJyXt5+fTLzDLLi\/QKivYHRvMGBrQJCXLISPMExXLDxLaEAvkkI\/bOTfaFQ\/SCgpvLcnHAAAAmnRSTlMA+vv7+gT9Bvf9+8z8\/NSv\/Pr5+P7++vnQIBMP\/v38\/Pn348XDiCYf9OjbzcqxXVcx\/fz8+\/rj1r2poo1+fXFqX0orGP7+\/v7+\/fz8+\/r68uzn4trIxsG\/vri3p6GcmZSNbWVYUUZEPQv+\/f39+\/v7+\/v7+vr64tvV1NTTz87FtbSurqeblJKFg4B3bUY+NjL7+\/v7+\/v67t1cDo8JLQAABkRJREFUWMO0kz9rwkAYh0OIeJkum6YugUAhISCdKoj\/P4C7SMdS+gEKIhSKil10LSg4mzXkILdlEpxCpwTiWOLX6BujvQaEQuGeHLnL+\/64J+SIcKGYTYWnntpdLjrVdqvZmNdn0+EE40GtpuuWVS6Xx6N7YDSGpWXpeq02wHgynM7q80az1a52HpddtVcpsi1zFARBrdaxbhp9iUReTGmwA4KAAr7vx3EYejnCMI6hQYEgy0LQi4jUN0wL19vqFcUC9\/1dAKmEEFkWRYkh5oBejnxQJiSJPJ\/uKBp0Thszx9Mw8hMRIQjKsptCfuES9zr5WJY6vSFCIvE9fCMUmEM1A1kSXcYGxgVYsvI1IPKTZciSTI0us\/SMGG04gDzELDoFBwdcFJrF88dqgYMTiL6DILWYyfOWE8\/kIz38olCNlC03FK95+imxp6y4oUSvAnBjHHhKNtotSDqJzVFiK8c2SBqhZtsrTtgrLXwAyduxZHNE26eHUt5rtuM4WSmds3G+sUdWYo1L+XyxButoh5eKUHk5lByO3G1LqqCWVnfrv\/lyPtf\/4ps1cndNGIri8J1TJ0lx6dR\/oPjq1nbRwdp2dCk4CtIOLW3pVKRL6WZfS5vF2KkIQhpwSsjiYIgNCs1gEMGqiIq24NQX9NwoXFy8Ufrl3twTcg4fv8T9\/JBEySduj6Mjm4bMzYV7EEOxKjjoNDud7yY3Dy71Hq2oLmqfbNR723edH9PgMrNL2utoQ3VmaIDkiw\/4w51P06hlZsTZvkRrbVuSIs\/zwSOsycgzStQouoAkWQqioRT5XI7n2Z1wfVhoZmcAJLsoqjqpjbWCgpOAJXBwHK8PzWbNvoUZJND5wCnSkLAkZ1legx6vqQzjoiTahKlGUGLAiIIoABOHaNVw4sexZBym6\/HWlH5h3IC7yRbxtipcWxdTOkORKiNQAEkFf66x5S2oeRbroOlLgg0sSYkR0hRGEqJZ0jTPiQKatESdBckpWigxaapEH0lImHdWu9pUFF2XqMNM2Z4kped7IwEJw2qabwtrQqnpw6HyKkgcadKWsmpywwesDyIhYRpdzXddqegtGIJlXbAIUMOLkGxJUjRIkokwjUaX9d\/kK62ps\/tYUqZLIMkLTyBhsMZ3C5Z\/kDxOSCb\/DOs\/\/J0qcWSX\/2ipe56EgTCA4\/cB7NAYOsni4mZM1MUPAISoEwkDi4lhVBQ1cWQyIcwalw4EpqZN68JUSK7XC0kTlkLYii5uXSC8jT5ncCAS7mjCv0uHp\/3lueHEEAeQ\/\/VgmdN71\/2uCSA1Xr6DO6uI6sW56zqT2tp2PhgiRUAajV8CY2fkcz6WGNKMgLAt7tJAhD4YHMTeRxlALE6+43WqjSWi8ITxyJl8WrwWSNESQZZOqhDDntO3hJLsd5RtSpbJqdv3YrDJH3F7jL1R2O2aQkn2MyCyKYz0GPGIvSAMgBCrCEiJyKbBaYGwLW4uPRr0A0M4Ux5kUI7IBh+hMdiCEWNqhMZGyYMsOgNE58UQuEQeUnSWCMYwL54hkxK6IoqucQZbQ3pc3XtL0lky1dL0zZJJDpWJovFqpWj6JEHnyam2eQp5QRVAVHjWparTOaVwUOx99YS2MvgxIGV0bb+qIg2HX2qkFFJB+XZcbLiuRkuxD9GRroKyveLxdh4d7Orx+hb7qc3uVRuEogCOnyIxm4ubUoPgF4jianDrC+SDQDKEfJb0GUKmjCGPYHGJvVC6X4hw1\/sAfQAdfYyephIaspXe36RwOP+Ljvfx9B6B3i+Nk0DGq+oCbLn6JpBa9nWAveAIHwFAwtVcIJXPMPL8kRu5OAYPMaL1WScTxjiZDqB9LTJSWphow\/pTYKRTLjCBhvi9iBidvKcDasGSm0QQkycYuLBqj6QCELPctqChDWpTRMWkngNNpQ1Pfp1KkiT\/Y0DGffXAweUNfLAfaJFKDwhb6I+bkYRbkERoEeu3Fyjg2opMz2daZCS9jt6Q7txNfB+OZEVF6Zl5web2xunnLQrtrjXseXKaFYziYINeMFZVxS9VxRhOoesYwxPKXm+gWLG9cuFeq93UNNeJNsf1KlwuDok9n02n3TgIJpOxNfL9naIoQwXtfH9kjceTIIi709ncTg6LZbg+biLH1V6u\/7rxBem06VXKn9raAAAAAElFTkSuQmCC\")      no-repeat center center \/ contain;  }  @media screen and (max-width: 960px) and (orientation: portrait) {    .logo {      width: 100%;    }    .logo .pc-banner {      display: none;    }    .logo .m-banner {      display: block;      width: 100%;    }    .logo .m-banner img {      height: auto!important;    }    .ytvideo {      height: 200px;      width: 100%;    }  }<\/style><style>  .video-section {    width: 100%;    margin: 0 auto;  }  .video-section > img {    width: 100%;  }  .video-section iframe,  .video-section video {    width: 100%;    height: 100%;      }  .video-section-img-m,  .video-section-img-pc > img {    width: 100%;    height: auto;  }  .video-section-img-pc.small > img {    width: 970px;  }  .video-desc {    line-height: 1.5;    font-size: 20px;    font-weight: 400;    margin: 20px 0;    text-align: center;    color: #0f1111;    word-break: break-word;  }  @media screen and (max-width: 960px) and (orientation: portrait) {    .video-section {      width: 100%;    }    .video-section-pc,    .video-section-img-pc {      display: none;    }    .video-section-m,    .video-section-img-m {      display: block;    }    .video-desc {      font-size: 15px;    }  }  @media screen and (min-width: 960px) {    .video-section {      width: 100%;      margin: 0 auto;    }    .video-section-pc,    .video-section-img-pc {      display: block;    }    .video-section-m,    .video-section-img-m {      display: none;    }    .video-desc {      font-size: 20px;    }  }<\/style><style>  .section + .section {    margin-top: 35px;  }  .section-title {    text-align: center;    font-weight: bold;    color: #0d1111;    font-family: \"Arial\";    font-size: 32px;    margin: 15px 0;  }  .section-title:empty {    display: none;  }  .section-desc {    text-align: center;    font-weight: normal;    color: #0d1111;    margin-top: 20px;  }  .section-desc:empty {    display: none;  }  .section-img {    width: 1200px;    height: 492px;    margin: 0 auto;    display: block;  }  .section-img.small {    width: 970px;    height: auto;  }  .section-img.small > img {    height: auto;  }  .section-img > img {    width: 100%;    height: 100%;  }  .section-mobile-img {    display: none;    max-width: 100vw;    max-height: 75vw;    height: 450px;    margin: 0 auto;  }  .section-mobile-img > img {    width: 100%;    height: 100%;  }  @media screen and (max-width: 960px) and (orientation: portrait) {    .container {      width: 100%;    }    .container.small {      width: 100%;    }    .section-mobile-img {      display: block;    }    .section-img {      display: none;    }    .section-title {      font-size: 22px;      margin: 10px 0;    }    .section-desc {      margin-top: 10px;    }    .section + .section {      margin-top: 20px;    }  }<\/style><\/head><body><div class=\"container\"><div class=\"logo\"><div class=\"pc-banner\"><div><img decoding=\"async\" src=\"\/vevor\/vevor\/boutique-banner\/pc\/en-pc@1x.jpg\" style=\"width: 100%;\" \/><\/div><\/div><div class=\"m-banner\"><div><img decoding=\"async\" src=\"\/vevor\/vevor\/boutique-banner\/mobile\/en-m@1x.jpg\" style=\"width: 100%;\" \/><\/div><\/div><\/div><div class=\"section-title\">Daudzfunkcion\u0101ls ve\u013cas \u0161\u0137iro\u0161anas grozs<\/div><div class=\"video-section\"><div class=\"video-section-img-pc\"><img decoding=\"async\" src=\"\/vevor\/product\/XYLEKJSMGBS2NT3MS001\/laundry-sorter-a100-1.4.jpg\" \/><\/div><div class=\"video-section-img-m\"><img decoding=\"async\" src=\"\/vevor\/product\/XYLEKJSMGBS2NT3MS001\/laundry-sorter-a100-1.4-m.jpg\" \/><\/div><div class=\"section-desc\">Divi nodal\u012bjumi ar 30,14 galonu ietilp\u012bbu, izgatavoti no iztur\u012bga, \u016bdensnecaurlaid\u012bga un noliek\u0161an\u0101s iztur\u012bga auduma \u2014 ide\u0101li piem\u0113roti gai\u0161u\/tum\u0161u, slapju\/sausu vai pieaugu\u0161o\/b\u0113rnu ap\u0123\u0113rbu \u0161\u0137iro\u0161anai, lai uztur\u0113tu m\u0101ju t\u012bru un sak\u0101rtotu.<\/div><\/div><div class=\"section\"><div class=\"section-title\"><\/div><div class=\"section-img\"><img decoding=\"async\" src=\"\/vevor\/product\/XYLEKJSMGBS2NT3MS001\/laundry-sorter-a100-2.2.jpg\" \/><\/div><div class=\"section-mobile-img\"><img decoding=\"async\" src=\"\/vevor\/product\/XYLEKJSMGBS2NT3MS001\/laundry-sorter-a100-2.2-m.jpg\" \/><\/div><div class=\"section-desc\">No\u0146emamie maisi\u0146i ar gludu izvelkamu dizainu un rokturiem atvieglo ve\u013cas \u0161\u0137irot\u0101ja aizne\u0161anu uz ve\u013cas ma\u0161\u012bnu vien\u0101 pieg\u0101jien\u0101, ietaupot laiku un p\u016bles.<\/div><\/div><div class=\"section\"><div class=\"section-title\"><\/div><div class=\"section-img\"><img decoding=\"async\" src=\"\/vevor\/product\/XYLEKJSMGBS2NT3MS001\/laundry-sorter-a100-2.3.jpg\" \/><\/div><div class=\"section-mobile-img\"><img decoding=\"async\" src=\"\/vevor\/product\/XYLEKJSMGBS2NT3MS001\/laundry-sorter-a100-2.3-m.jpg\" \/><\/div><div class=\"section-desc\">Bieza skaidu pl\u0101tnes virsma neloc\u012bsies zem svara \u2014 ide\u0101li piem\u0113rota loc\u012b\u0161anai, gludin\u0101\u0161anai vai uzglab\u0101\u0161anai.<\/div><\/div><div class=\"section\"><div class=\"section-title\"><\/div><div class=\"section-img\"><img decoding=\"async\" src=\"\/vevor\/product\/XYLEKJSMGBS2NT3MS001\/laundry-sorter-a100-2.4.jpg\" \/><\/div><div class=\"section-mobile-img\"><img decoding=\"async\" src=\"\/vevor\/product\/XYLEKJSMGBS2NT3MS001\/laundry-sorter-a100-2.4-m.jpg\" \/><\/div><div class=\"section-desc\">Piem\u0113rots ve\u013cas mazg\u0101tav\u0101m, vannas istab\u0101m vai gu\u013camistab\u0101m. Elegantais melnais dizains iederas jebkur\u0101 interjer\u0101, pal\u012bdzot rad\u012bt t\u012br\u0101ku un \u0113rt\u0101ku dz\u012bvojamo telpu.<\/div><\/div><div class=\"section\"><div class=\"section-title\"><\/div><div class=\"section-img\"><img decoding=\"async\" src=\"\/vevor\/product\/XYLEKJSMGBS2NT3MS001\/laundry-sorter-a100-2.5.jpg\" \/><\/div><div class=\"section-mobile-img\"><img decoding=\"async\" src=\"\/vevor\/product\/XYLEKJSMGBS2NT3MS001\/laundry-sorter-a100-2.5-m.jpg\" \/><\/div><div class=\"section-desc\">M\u016bsu ve\u013cas \u0161\u0137irot\u0101jam ir pastiprin\u0101ts met\u0101la r\u0101mis, kas nodro\u0161ina stabilu atbalstu. Regul\u0113jamas k\u0101ji\u0146as ir piem\u0113rotas da\u017e\u0101diem gr\u012bdas segumiem, savuk\u0101rt divk\u0101r\u0161ie blo\u0137\u0113\u0161anas rite\u0146i dro\u0161i notur grozu viet\u0101. Apr\u012bkots ar no\u0146emamu \u0101\u0137i un s\u0101nu kabatu atsl\u0113gu, cepuru un ze\u0137u \u0113rtai glab\u0101\u0161anai.<\/div><\/div><div class=\"section\"><div class=\"section-img\"><img decoding=\"async\" src=\"\/vevor\/product\/XYLEKJSMGBS2NT3MS001\/laundry-sorter-a100-1.11.jpg\" \/><\/div><div class=\"section-mobile-img\"><img decoding=\"async\" src=\"\/vevor\/product\/XYLEKJSMGBS2NT3MS001\/laundry-sorter-a100-1.11-m.jpg\" \/><\/div><\/div><\/div><\/body><\/html><\/div>\n<div class=\"DM_at-title\" id=\"js-DM_at-title\"> <div>Produkta specifik\u0101cija<\/div> <i class=\"icon-arrowup_line\"><\/i> <\/div><div class=\"DM_at-goodsDescAttr\" id=\"js-DM_at-goodsDescAttr\"> <div class=\"DM_at-goodsDescAttrInner\"> <dl class=\"goodsDesc_item goodsDesc_item_even\"> <dt>Preces Mode\u013ca Numurs<\/dt> <dd> XYL07<\/dd> <\/dl> <dl class=\"goodsDesc_item\"> <dt>Galda virsmas svara iztur\u012bba<\/dt> <dd> 66,14 m\u0101rci\u0146as \/ 30 kg<\/dd> <\/dl> <dl class=\"goodsDesc_item goodsDesc_item_even\"> <dt>Plaukta svara iztur\u012bba<\/dt> <dd> 44,09 m\u0101rci\u0146as \/ 20 kg<\/dd> <\/dl> <dl class=\"goodsDesc_item\"> <dt>Svara ietilp\u012bba uz vienu maisu<\/dt> <dd> 11,02 m\u0101rci\u0146as \/ 5 kg<\/dd> <\/dl> <dl class=\"goodsDesc_item goodsDesc_item_even\"> <dt>Nodal\u012bjumu skaits<\/dt> <dd> 2<\/dd> <\/dl> <dl class=\"goodsDesc_item\"> <dt>Koka plauktu skaits<\/dt> <dd> 2<\/dd> <\/dl> <dl class=\"goodsDesc_item goodsDesc_item_even\"> <dt>Viena iek\u0161\u0113j\u0101 ietilp\u012bba<\/dt> <dd> 13,6 galoni<\/dd> <\/dl> <dl class=\"goodsDesc_item\"> <dt>Viena \u0101r\u0113j\u0101 ietilp\u012bba<\/dt> <dd> 15,067 galoni<\/dd> <\/dl> <dl class=\"goodsDesc_item goodsDesc_item_even\"> <dt>Materi\u0101ls<\/dt> <dd> 600D Oksfordas audums<\/dd> <\/dl> <dl class=\"goodsDesc_item\"> <dt>\u0100r\u0113jie izm\u0113ri<\/dt> <dd> 12,80 x 11,81 x 23,03 collas \/ 325 x 300 x 585 mm<\/dd> <\/dl> <dl class=\"goodsDesc_item goodsDesc_item_even\"> <dt>Iek\u0161\u0113jie izm\u0113ri<\/dt> <dd> 11,02 x 12,40 x 23,03 collas \/ 280 x 315 x 585 mm<\/dd> <\/dl> <dl class=\"goodsDesc_item\"> <dt>\u0100\u0137i<\/dt> <dd> 3 (No\u0146emams)<\/dd> <\/dl> <dl class=\"goodsDesc_item goodsDesc_item_even\"> <dt>Neto Svars<\/dt> <dd> 14,15 m\u0101rci\u0146as \/ 6,42 kg<\/dd> <\/dl> <dl class=\"goodsDesc_item\"> <dt>Produkta Izm\u0113ri<\/dt> <dd> 27,56 x 12,99 x 41,14 collas \/ 700 x 330 x 1045 mm<\/dd> <\/dl> <\/div> <\/div>","protected":false},"excerpt":{"rendered":"<ul>\n<li> Iztur\u012bga konstrukcija: Izgatavots no melna met\u0101la oglek\u013ca t\u0113rauda, \u200b\u200b\u0161is ve\u013cas grozu \u0161\u0137irot\u0101js nodro\u0161ina stingru atbalstu un ir iztur\u012bgs pret deform\u0101ciju. Tam ir blo\u0137\u0113jami, p\u0101rvietojami rite\u0146i, kurus var nofiks\u0113t, lai nov\u0113rstu kust\u012bbu un nodro\u0161in\u0101tu dro\u0161u lieto\u0161anu. <\/li>\n<li> \u0160\u0137iro\u0161ana un uzglab\u0101\u0161ana bez piep\u016bles: divas auduma somas un \u0101r\u0113j\u0101 kabata nodro\u0161ina kop\u0113jo ietilp\u012bbu 30,14 galonu Viegli atdaliet gaismu no tum\u0161\u0101m dr\u0113b\u0113m, pieaugu\u0161o no b\u0113rnu priek\u0161metiem vai ze\u0137es no dvie\u013ciem <\/li>\n<li> Vienk\u0101r\u0161a piek\u013cuve: Izgatavots gan ar izvelkamu meh\u0101nismu, gan rokturi, t\u0101p\u0113c ir viegli iz\u0146emt dr\u0113bes vai iz\u0146emt visu maisu transport\u0113\u0161anai. Vairs nav j\u0101\u0137eras pie atsevi\u0161\u0137iem ap\u0123\u0113rba gabaliem \u2014 vienk\u0101r\u0161i iemetiet visu maisu ve\u013cas ma\u0161\u012bn\u0101, lai \u0101tr\u0101k apstr\u0101d\u0101tu ve\u013cu. <\/li>\n<li> Nodilumiztur\u012bgi auduma maisi\u0146i: Izgatavoti no 600D Oksfordas auduma, \u0161ie maisi\u0146i ir iztur\u012bgi, \u016bdensnecaurlaid\u012bgi un viegli t\u012br\u0101mi. PP pamatnes pl\u0101ksne notur maisi\u0146us vertik\u0101li, nov\u0113r\u0161ot to iegrim\u0161anu, kad tie ir piepild\u012bti ar ve\u013cu. Katrs maisi\u0146\u0161 var iztur\u0113t l\u012bdz 11,02 m\u0101rci\u0146\u0101m (4,9 kg), lai viegli satur\u0113tu biezas dr\u0113bes. <\/li>\n<li> Daudzfunkcion\u0101ls dizains: Ve\u013cas \u0161\u0137irot\u0101ja aug\u0161pus\u0113 ir 12 mm skaidu pl\u0101tnes virsma, kas var iztur\u0113t svaru l\u012bdz 30 kg. To var izmantot dr\u0113bju gludin\u0101\u0161anai, priek\u0161metu aizsardz\u012bbai no putek\u013ciem vai ve\u013cas mazg\u0101\u0161anas piederumu, pirm\u0101s nepiecie\u0161am\u012bbas lietu vai atsl\u0113gu glab\u0101\u0161anai. <\/li>\n<\/ul>","protected":false},"featured_media":413384,"comment_status":"open","ping_status":"open","template":"","meta":{"om_disable_all_campaigns":false,"_uf_show_specific_survey":0,"_uf_disable_surveys":false},"location":[1935,1934],"product_brand":[],"product_cat":[158,744,28],"product_tag":[],"class_list":{"0":"post-194004","1":"product","2":"type-product","3":"status-publish","4":"has-post-thumbnail","6":"location-supplier_stock_location","7":"location-local_stock_location","8":"product_cat-carts-trucks","9":"product_cat-laundry-cart","10":"product_cat-material-handling","12":"first","13":"instock","14":"taxable","15":"shipping-taxable","16":"purchasable","17":"product-type-simple"},"aioseo_notices":[],"locations":[{"id":1935,"name":"Pieg\u0101d\u0101ja noliktav\u0101 (5-7dd.d)","slug":"supplier_stock_location","quantity":"76"},{"id":1934,"name":"R\u012bgas veikal\u0101 (0-2d.d.)","slug":"local_stock_location","quantity":"0"}],"_links":{"self":[{"href":"https:\/\/vevorshop.lv\/lv\/wp-json\/wp\/v2\/product\/194004","targetHints":{"allow":["GET"]}}],"collection":[{"href":"https:\/\/vevorshop.lv\/lv\/wp-json\/wp\/v2\/product"}],"about":[{"href":"https:\/\/vevorshop.lv\/lv\/wp-json\/wp\/v2\/types\/product"}],"replies":[{"embeddable":true,"href":"https:\/\/vevorshop.lv\/lv\/wp-json\/wp\/v2\/comments?post=194004"}],"wp:featuredmedia":[{"embeddable":true,"href":"https:\/\/vevorshop.lv\/lv\/wp-json\/wp\/v2\/media\/413384"}],"wp:attachment":[{"href":"https:\/\/vevorshop.lv\/lv\/wp-json\/wp\/v2\/media?parent=194004"}],"wp:term":[{"taxonomy":"location","embeddable":true,"href":"https:\/\/vevorshop.lv\/lv\/wp-json\/wp\/v2\/location?post=194004"},{"taxonomy":"product_brand","embeddable":true,"href":"https:\/\/vevorshop.lv\/lv\/wp-json\/wp\/v2\/product_brand?post=194004"},{"taxonomy":"product_cat","embeddable":true,"href":"https:\/\/vevorshop.lv\/lv\/wp-json\/wp\/v2\/product_cat?post=194004"},{"taxonomy":"product_tag","embeddable":true,"href":"https:\/\/vevorshop.lv\/lv\/wp-json\/wp\/v2\/product_tag?post=194004"}],"curies":[{"name":"wp","href":"https:\/\/api.w.org\/{rel}","templated":true}]}}