{"id":194952,"date":"2025-09-11T06:35:48","date_gmt":"2025-09-11T06:35:48","guid":{"rendered":"https:\/\/vevorshop.lv\/en_us\/Prece\/vevor-1l-french-press-coffee-tea-maker-borosilicate-glass-stainless-steel-filter-silver-dishwasher-safe\/"},"modified":"2026-04-27T07:27:51","modified_gmt":"2026-04-27T04:27:51","slug":"vevor-1l-french-press-coffee-tea-maker-borosilicate-glass-stainless-steel-filter-silver-dishwasher-safe","status":"publish","type":"product","link":"https:\/\/vevorshop.lv\/lv\/Prece\/vevor-1l-francu-preses-kafijas-tejas-automats-borsilikata-stikla-nerusejosa-terauda-filtrs-sudraba-trauku-mazgajama-masina-seifs\/","title":{"rendered":"VEVOR 1L fran\u010du kafijas prese \u2013 borosilik\u0101ta stikls, ner\u016bs\u0113jo\u0161\u0101 t\u0113rauda filtrs, kafijai, t\u0113jai, aukstajai kafijai, sudraba kr\u0101s\u0101"},"content":{"rendered":"<div style=\"color: #fff!important; font-size: 16px; height: 24px; line-height: 24px; margin-top: -24px; \" class=\"product_original_name\">VEVOR fran\u010du preses kafijas autom\u0101ts, 1 litra borsilik\u0101ta stikla kafijas preses t\u0113jas autom\u0101ts ar ner\u016bs\u0113jo\u0161\u0101 t\u0113rauda filtru, lielas stikla fran\u010du preses aukst\u0101 br\u016bv\u0113\u0161ana kempingam Ce\u013cojumu m\u0101jas virtuve, sudrabs<\/div>\n<div style=\"color: #fff!important; font-size: 16px; height: 24px; line-height: 24px; margin-top: -24px; \" class=\"product_sku\">MF5OWGDG<\/div>\n<div style=\"color: #fff!important; font-size: 16px; height: 24px; line-height: 24px; margin-top: -24px; \" class=\"product_mpn\">BLKFYHBLYS1L1ITCZ001V0<\/div><div id=\"js-DM_at-goodDescRich\"><html><head><style>  body {    font-family: Arial;    line-height: 1.5;    color: #1c1c1c;    overflow-x: hidden;    margin: 0;    padding: 0;  }  .MsoNormal b {    font-weight: bolder;  }<\/style><style>  .container.small {    width: 970px;    margin: 0 auto;  }  .logo {    margin: 0 auto 0;  }  .logo img {    display: block;    margin: 0 auto;    max-width: 100%;  }  .logo .pc-banner {    display: block;    width: 1200px;    height: 247.4px;    margin: 0 auto;  }  .logo .pc-banner.small {    width: 970px;  }  .logo .pc-banner.small img {    height: auto!important;  }  .logo .m-banner {    display: none;  }  .ytvideo {    position: relative;    height: 546px;    width: 100%;    margin: 0 auto;  }  .ytvideo img {    width: 100%;    margin: 0 auto;  }  .ytvideo .play-btn {    width: 60px;    height: 42px;    position: absolute;    top: 50%;    left: 50%;    transform: translate(-50%, -50%);    background: url(\"data:image\/png;base64,iVBORw0KGgoAAAANSUhEUgAAAGQAAABGCAMAAAANWMFbAAAC+lBMVEUAAADBGB3kLCfBGB3kLCfcJC7BFx3KKSbiKybkLCbWJCPSIiLSIiLPICHAFx3kLCfgKSXNHiDZJiTIGx\/p4eHcjo7LHSDbJyTkLCbjKyfOHyHPIiL28fHJHB\/GGh7EGR7eKCXDGB3RISHlLSbBGB3AFxzGHB7DGB7BGB3hKybkKybAFx3lLCfAFxzDGR3hKibDGB7cJyTmz8\/elJTlwcHjurrUIyLlLSflLSfAFx3DGR7lLSfCFx3hKibhKibhKybjKybkLCblLSfbJSX49vbx7e3NNzjNMTLMJyjVIyLZf3\/ZQ0LaeHjx0tLgoqLkLCfCGB3HGx\/BGB3BFx3PICHCGB7WJCLOHyC\/Fxy\/Fx3lLCfQISHkLSe\/FxzbJiTBFx3FGx\/AGB7BFx3EGR7AGB3HHSDfKiXAFh3TISHYNzbhKibbJyTTIiL57e325+f039\/v2NjUV1fOHiHiqanfmprch4feKSXVIyPOICHmLibFGh\/mLSe\/Fx7XJCPeKSXXJSPNHyHaJyTGGh7lLCbmLCflLSjSIiLkLCbdKSXLHiC\/GB3KHh++Fh3lKyfoLiXcKCPkx8fYb2\/XaGfVXl3aU1LLHiDksbHgKibPICHbJyTfKSXbJyTCGB3KHSDiKybFGh7TIiL\/\/\/\/VIyPRISHIHB\/GGx\/HHB\/DGR7gKibdKCXLHiDZJiTMHiDNHyHYJSTOICHPICHWJCPcKCXXJSPjLCblLCf+\/f3NGR\/uLijzLynPGR\/IGB7WISHaIyLLGh7UAADxLynNAADRLzDbICLQAADIAAD3MCrUHSHXMTDpKSbLAADp5OTij4\/ejo\/VLy\/1LyngJSTcJCPQHx\/OHB7+\/PzaMS\/OLS\/vLijrLSjSAADaNTPwLyjkKSbNJCbYISHPHB\/KGB7WAAD7+vrn3d3aKynTKCjoLCfsKifRGh\/YAADq5+fhjo7QNDXXKCfmJyXt5+fTLzDLLi\/QKivYHRvMGBrQJCXLISPMExXLDxLaEAvkkI\/bOTfaFQ\/SCgpvLcnHAAAAmnRSTlMA+vv7+gT9Bvf9+8z8\/NSv\/Pr5+P7++vnQIBMP\/v38\/Pn348XDiCYf9OjbzcqxXVcx\/fz8+\/rj1r2poo1+fXFqX0orGP7+\/v7+\/fz8+\/r68uzn4trIxsG\/vri3p6GcmZSNbWVYUUZEPQv+\/f39+\/v7+\/v7+vr64tvV1NTTz87FtbSurqeblJKFg4B3bUY+NjL7+\/v7+\/v67t1cDo8JLQAABkRJREFUWMO0kz9rwkAYh0OIeJkum6YugUAhISCdKoj\/P4C7SMdS+gEKIhSKil10LSg4mzXkILdlEpxCpwTiWOLX6BujvQaEQuGeHLnL+\/64J+SIcKGYTYWnntpdLjrVdqvZmNdn0+EE40GtpuuWVS6Xx6N7YDSGpWXpeq02wHgynM7q80az1a52HpddtVcpsi1zFARBrdaxbhp9iUReTGmwA4KAAr7vx3EYejnCMI6hQYEgy0LQi4jUN0wL19vqFcUC9\/1dAKmEEFkWRYkh5oBejnxQJiSJPJ\/uKBp0Thszx9Mw8hMRIQjKsptCfuES9zr5WJY6vSFCIvE9fCMUmEM1A1kSXcYGxgVYsvI1IPKTZciSTI0us\/SMGG04gDzELDoFBwdcFJrF88dqgYMTiL6DILWYyfOWE8\/kIz38olCNlC03FK95+imxp6y4oUSvAnBjHHhKNtotSDqJzVFiK8c2SBqhZtsrTtgrLXwAyduxZHNE26eHUt5rtuM4WSmds3G+sUdWYo1L+XyxButoh5eKUHk5lByO3G1LqqCWVnfrv\/lyPtf\/4ps1cndNGIri8J1TJ0lx6dR\/oPjq1nbRwdp2dCk4CtIOLW3pVKRL6WZfS5vF2KkIQhpwSsjiYIgNCs1gEMGqiIq24NQX9NwoXFy8Ufrl3twTcg4fv8T9\/JBEySduj6Mjm4bMzYV7EEOxKjjoNDud7yY3Dy71Hq2oLmqfbNR723edH9PgMrNL2utoQ3VmaIDkiw\/4w51P06hlZsTZvkRrbVuSIs\/zwSOsycgzStQouoAkWQqioRT5XI7n2Z1wfVhoZmcAJLsoqjqpjbWCgpOAJXBwHK8PzWbNvoUZJND5wCnSkLAkZ1legx6vqQzjoiTahKlGUGLAiIIoABOHaNVw4sexZBym6\/HWlH5h3IC7yRbxtipcWxdTOkORKiNQAEkFf66x5S2oeRbroOlLgg0sSYkR0hRGEqJZ0jTPiQKatESdBckpWigxaapEH0lImHdWu9pUFF2XqMNM2Z4kped7IwEJw2qabwtrQqnpw6HyKkgcadKWsmpywwesDyIhYRpdzXddqegtGIJlXbAIUMOLkGxJUjRIkokwjUaX9d\/kK62ps\/tYUqZLIMkLTyBhsMZ3C5Z\/kDxOSCb\/DOs\/\/J0qcWSX\/2ipe56EgTCA4\/cB7NAYOsni4mZM1MUPAISoEwkDi4lhVBQ1cWQyIcwalw4EpqZN68JUSK7XC0kTlkLYii5uXSC8jT5ncCAS7mjCv0uHp\/3lueHEEAeQ\/\/VgmdN71\/2uCSA1Xr6DO6uI6sW56zqT2tp2PhgiRUAajV8CY2fkcz6WGNKMgLAt7tJAhD4YHMTeRxlALE6+43WqjSWi8ITxyJl8WrwWSNESQZZOqhDDntO3hJLsd5RtSpbJqdv3YrDJH3F7jL1R2O2aQkn2MyCyKYz0GPGIvSAMgBCrCEiJyKbBaYGwLW4uPRr0A0M4Ux5kUI7IBh+hMdiCEWNqhMZGyYMsOgNE58UQuEQeUnSWCMYwL54hkxK6IoqucQZbQ3pc3XtL0lky1dL0zZJJDpWJovFqpWj6JEHnyam2eQp5QRVAVHjWparTOaVwUOx99YS2MvgxIGV0bb+qIg2HX2qkFFJB+XZcbLiuRkuxD9GRroKyveLxdh4d7Orx+hb7qc3uVRuEogCOnyIxm4ubUoPgF4jianDrC+SDQDKEfJb0GUKmjCGPYHGJvVC6X4hw1\/sAfQAdfYyephIaspXe36RwOP+Ljvfx9B6B3i+Nk0DGq+oCbLn6JpBa9nWAveAIHwFAwtVcIJXPMPL8kRu5OAYPMaL1WScTxjiZDqB9LTJSWphow\/pTYKRTLjCBhvi9iBidvKcDasGSm0QQkycYuLBqj6QCELPctqChDWpTRMWkngNNpQ1Pfp1KkiT\/Y0DGffXAweUNfLAfaJFKDwhb6I+bkYRbkERoEeu3Fyjg2opMz2daZCS9jt6Q7txNfB+OZEVF6Zl5web2xunnLQrtrjXseXKaFYziYINeMFZVxS9VxRhOoesYwxPKXm+gWLG9cuFeq93UNNeJNsf1KlwuDok9n02n3TgIJpOxNfL9naIoQwXtfH9kjceTIIi709ncTg6LZbg+biLH1V6u\/7rxBem06VXKn9raAAAAAElFTkSuQmCC\")      no-repeat center center \/ contain;  }  @media screen and (max-width: 960px) and (orientation: portrait) {    .logo {      width: 100%;    }    .logo .pc-banner {      display: none;    }    .logo .m-banner {      display: block;      width: 100%;    }    .logo .m-banner img {      height: auto!important;    }    .ytvideo {      height: 200px;      width: 100%;    }  }<\/style><style>  .video-section {    width: 100%;    margin: 0 auto;  }  .video-section > img {    width: 100%;  }  .video-section iframe,  .video-section video {    width: 100%;    height: 100%;      }  .video-section-img-m,  .video-section-img-pc > img {    width: 100%;    height: auto;  }  .video-section-img-pc.small > img {    width: 970px;  }  .video-desc {    line-height: 1.5;    font-size: 20px;    font-weight: 400;    margin: 20px 0;    text-align: center;    color: #0f1111;    word-break: break-word;  }  @media screen and (max-width: 960px) and (orientation: portrait) {    .video-section {      width: 100%;    }    .video-section-pc,    .video-section-img-pc {      display: none;    }    .video-section-m,    .video-section-img-m {      display: block;    }    .video-desc {      font-size: 15px;    }  }  @media screen and (min-width: 960px) {    .video-section {      width: 100%;      margin: 0 auto;    }    .video-section-pc,    .video-section-img-pc {      display: block;    }    .video-section-m,    .video-section-img-m {      display: none;    }    .video-desc {      font-size: 20px;    }  }<\/style><style>  .section + .section {    margin-top: 35px;  }  .section-title {    text-align: center;    font-weight: bold;    color: #0d1111;    font-family: \"Arial\";    font-size: 32px;    margin: 15px 0;  }  .section-title:empty {    display: none;  }  .section-desc {    text-align: center;    font-weight: normal;    color: #0d1111;    margin-top: 20px;  }  .section-desc:empty {    display: none;  }  .section-img {    width: 1200px;    height: 492px;    margin: 0 auto;    display: block;  }  .section-img.small {    width: 970px;    height: auto;  }  .section-img.small > img {    height: auto;  }  .section-img > img {    width: 100%;    height: 100%;  }  .section-mobile-img {    display: none;    max-width: 100vw;    max-height: 75vw;    height: 450px;    margin: 0 auto;  }  .section-mobile-img > img {    width: 100%;    height: 100%;  }  @media screen and (max-width: 960px) and (orientation: portrait) {    .container {      width: 100%;    }    .container.small {      width: 100%;    }    .section-mobile-img {      display: block;    }    .section-img {      display: none;    }    .section-title {      font-size: 22px;      margin: 10px 0;    }    .section-desc {      margin-top: 10px;    }    .section + .section {      margin-top: 20px;    }  }<\/style><\/head><body><div class=\"container\"><div class=\"logo\"><div class=\"pc-banner\"><div><img decoding=\"async\" src=\"\/vevor\/vevor\/boutique-banner\/pc\/en-pc@1x.jpg\" style=\"width: 100%;\" \/><\/div><\/div><div class=\"m-banner\"><div><img decoding=\"async\" src=\"\/vevor\/vevor\/boutique-banner\/mobile\/en-m@1x.jpg\" style=\"width: 100%;\" \/><\/div><\/div><\/div><div class=\"section-title\">Borsilik\u0101ta stikla fran\u010du preses kafijas autom\u0101ts<\/div><div class=\"video-section\"><div class=\"video-section-img-pc\"><img decoding=\"async\" src=\"\/vevor\/product\/BLKFYHBLYS1L1ITCZ001\/french-press-a100-1.4.jpg\" \/><\/div><div class=\"video-section-img-m\"><img decoding=\"async\" src=\"\/vevor\/product\/BLKFYHBLYS1L1ITCZ001\/french-press-a100-1.4-m.jpg\" \/><\/div><div class=\"section-desc\">Fran\u010du preses kafijas autom\u0101ts ir izgatavots no augst\u0101k\u0101s kvalit\u0101tes borsilik\u0101ta stikla, kas nodro\u0161ina lielisku redzam\u012bbu, lai re\u0101llaik\u0101 var\u0113tu uzraudz\u012bt br\u016bv\u0113juma procesu. Pretpil\u0113\u0161anas sn\u012bpis nodro\u0161ina vienm\u0113r\u012bgu un t\u012bru lie\u0161anu katru reizi.<\/div><\/div><div class=\"section\"><div class=\"section-title\"><\/div><div class=\"section-img\"><img decoding=\"async\" src=\"\/vevor\/product\/BLKFYHBLYS1L1ITCZ001\/french-press-a100-2.2.jpg\" \/><\/div><div class=\"section-mobile-img\"><img decoding=\"async\" src=\"\/vevor\/product\/BLKFYHBLYS1L1ITCZ001\/french-press-a100-2.2-m.jpg\" \/><\/div><div class=\"section-desc\">Augsta bl\u012bvuma ner\u016bs\u0113jo\u0161\u0101 t\u0113rauda sieta filtrs efekt\u012bvi blo\u0137\u0113 kafijas biezumus, nodro\u0161inot t\u012bru un maigu kafiju. Izgatavots no p\u0101rtikas kvalit\u0101tes 304 ner\u016bs\u0113jo\u0161\u0101 t\u0113rauda \u2014 ner\u016bs\u0113jo\u0161a, korozijiztur\u012bga un viegli t\u012br\u0101ma, lai katru reizi pagatavotu svaigi gar\u0161\u012bgu kafiju.<\/div><\/div><div class=\"section\"><div class=\"section-title\"><\/div><div class=\"section-img\"><img decoding=\"async\" src=\"\/vevor\/product\/BLKFYHBLYS1L1ITCZ001\/french-press-a100-2.3.jpg\" \/><\/div><div class=\"section-mobile-img\"><img decoding=\"async\" src=\"\/vevor\/product\/BLKFYHBLYS1L1ITCZ001\/french-press-a100-2.3-m.jpg\" \/><\/div><div class=\"section-desc\">Pagatavojiet kafiju komp\u0101nijai ar \u0161o ietilp\u012bgo fran\u010du presi. Skaidr\u0101s m\u0113r\u012b\u0161anas atz\u012bmes \u013cauj viegli piel\u0101got pagatavo\u0161anas tilpumu atbilsto\u0161i j\u016bsu vajadz\u012bb\u0101m \u2014 ide\u0101li piem\u0113rota gan pulc\u0113\u0161an\u0101s reiz\u0113m, gan ikdienas lieto\u0161anai.<\/div><\/div><div class=\"section\"><div class=\"section-title\"><\/div><div class=\"section-img\"><img decoding=\"async\" src=\"\/vevor\/product\/BLKFYHBLYS1L1ITCZ001\/french-press-a100-2.4.jpg\" \/><\/div><div class=\"section-mobile-img\"><img decoding=\"async\" src=\"\/vevor\/product\/BLKFYHBLYS1L1ITCZ001\/french-press-a100-2.4-m.jpg\" \/><\/div><div class=\"section-desc\">No\u0146emam\u0101 konstrukcija nodro\u0161ina r\u016bp\u012bgu t\u012br\u012b\u0161anu \u2014 vienk\u0101r\u0161i iemetiet to trauku mazg\u0101jamaj\u0101 ma\u0161\u012bn\u0101. Visas deta\u013cas, s\u0101kot no stikla kannas l\u012bdz filtram, ir viegli izjaucamas, un t\u0101s neatst\u0101j kafijas vai e\u013c\u013cas p\u0113das.<\/div><\/div><div class=\"section\"><div class=\"section-title\"><\/div><div class=\"section-img\"><img decoding=\"async\" src=\"\/vevor\/product\/BLKFYHBLYS1L1ITCZ001\/french-press-a100-2.5.jpg\" \/><\/div><div class=\"section-mobile-img\"><img decoding=\"async\" src=\"\/vevor\/product\/BLKFYHBLYS1L1ITCZ001\/french-press-a100-2.5-m.jpg\" \/><\/div><div class=\"section-desc\">Kompaktais un p\u0101rn\u0113s\u0101jamais kafijas autom\u0101ts French press p\u0101rv\u0113r\u0161 jebkuru vietu par j\u016bsu person\u012bgo dz\u0113rienu st\u016br\u012bti \u2014 s\u0101kot no m\u0101jas biroja vai kabineta l\u012bdz m\u0101j\u012bgai kempinga vietai. Izbaudiet kafejn\u012bcas kvalit\u0101tes kafiju, lai kur j\u016bs atrastos.<\/div><\/div><div class=\"section\"><div class=\"section-img\"><img decoding=\"async\" src=\"\/vevor\/product\/BLKFYHBLYS1L1ITCZ001\/french-press-a100-1.11.jpg\" \/><\/div><div class=\"section-mobile-img\"><img decoding=\"async\" src=\"\/vevor\/product\/BLKFYHBLYS1L1ITCZ001\/french-press-a100-1.11-m.jpg\" \/><\/div><\/div><\/div><\/body><\/html><\/div>\n<div class=\"DM_at-title\" id=\"js-DM_at-title\"> <div>Produkta specifik\u0101cija<\/div> <i class=\"icon-arrowup_line\"><\/i> <\/div><div class=\"DM_at-goodsDescAttr\" id=\"js-DM_at-goodsDescAttr\"> <div class=\"DM_at-goodsDescAttrInner\"> <dl class=\"goodsDesc_item goodsDesc_item_even\"> <dt>Preces Mode\u013ca Numurs<\/dt> <dd> MH-238<\/dd> <\/dl> <dl class=\"goodsDesc_item\"> <dt>Kr\u0101sa<\/dt> <dd> Sudraba<\/dd> <\/dl> <dl class=\"goodsDesc_item goodsDesc_item_even\"> <dt>Darb\u012bbas re\u017e\u012bms<\/dt> <dd> Rokasgr\u0101mata<\/dd> <\/dl> <dl class=\"goodsDesc_item\"> <dt>Jauda<\/dt> <dd> 34 unces \/ 1 l<\/dd> <\/dl> <dl class=\"goodsDesc_item goodsDesc_item_even\"> <dt>\u012apa\u0161a iez\u012bme<\/dt> <dd> P\u0101rn\u0113s\u0101jams<\/dd> <\/dl> <dl class=\"goodsDesc_item\"> <dt>Neto Svars<\/dt> <dd> 1,32 m\u0101rci\u0146as \/ 0,6 kg<\/dd> <\/dl> <dl class=\"goodsDesc_item goodsDesc_item_even\"> <dt>Produkta Izm\u0113ri<\/dt> <dd> 6,69 x 4,13 x 8,46 collas \/ 170 x 105 x 215 mm<\/dd> <\/dl> <\/div> <\/div>","protected":false},"excerpt":{"rendered":"<ul>\n<li> Caursp\u012bd\u012bgs stikls: Izgatavots no augst\u0101k\u0101s kvalit\u0101tes borsilik\u0101ta stikla, \u0161is fran\u010du preses kafijas autom\u0101ts ir karstumiztur\u012bgs, triecieniztur\u012bgs un krist\u0101ldzidrs, \u013caujot jums izbaud\u012bt pilnu br\u016bv\u0113\u0161anas procesu ar uzlabotu redzam\u012bbu un pieredzi. <\/li>\n<li> Prec\u012bza filtr\u0101cijas sist\u0113ma: M\u016bsu kafijas presei ir smalkas filtr\u0101cijas sist\u0113ma ar 304 ner\u016bs\u0113jo\u0161\u0101 t\u0113rauda spir\u0101lveida pl\u0101ksni, sieta filtru un \u0161\u0137\u0113rspl\u0101ksni. T\u0101 efekt\u012bvi no\u0146em kafijas biezumus, nodro\u0161inot maigu gar\u0161u. <\/li>\n<li> Vienk\u0101r\u0161a pagatavo\u0161anas pieredze: \u0160ai stikla fran\u010du presei ir vienk\u0101r\u0161s nospie\u0161anas dizains, kas \u013cauj pagatavot bag\u0101t\u012bgu kafiju tikai da\u017eu min\u016b\u0161u laik\u0101. Skaidras atz\u012bmes nodro\u0161ina prec\u012bzu doz\u0113\u0161anu, savuk\u0101rt ergonomiskais, nesl\u012bdo\u0161ais rokturis nodro\u0161ina vieglu un stabilu lie\u0161anu. <\/li>\n<li> Viegli t\u012br\u0101ms: \u0160ai fran\u010du kafijas presei ir gluda stikla virsma, no\u0146emams filtrs un virzulis \u0113rtai t\u012br\u012b\u0161anai. Visas deta\u013cas ir viegli izjaucamas dzi\u013cai t\u012br\u012b\u0161anai un piln\u012bb\u0101 piem\u0113rotas mazg\u0101\u0161anai trauku mazg\u0101jam\u0101 ma\u0161\u012bn\u0101. <\/li>\n<li> Daudzpus\u012bgs un p\u0101rn\u0113s\u0101jams dizains: vair\u0101k nek\u0101 kafija \u2014 br\u016bv\u0113ta t\u0113ja, auksts br\u016bv\u0113jums vai putots piens ar \u0161o 34 unces \/ 1L sudraba fran\u010du presi. Kompakts, ta\u010du d\u0101sns, ide\u0101li piem\u0113rots m\u0101j\u0101m, birojam, kempingam vai koplieto\u0161anai ar draugiem un \u0123imeni <\/li>\n<\/ul>","protected":false},"featured_media":414259,"comment_status":"open","ping_status":"open","template":"","meta":{"om_disable_all_campaigns":false,"_uf_show_specific_survey":0,"_uf_disable_surveys":false},"location":[1935,1934],"product_brand":[],"product_cat":[136,2091,22],"product_tag":[],"class_list":{"0":"post-194952","1":"product","2":"type-product","3":"status-publish","4":"has-post-thumbnail","6":"location-supplier_stock_location","7":"location-local_stock_location","8":"product_cat-beverage-equipment","9":"product_cat-percolators","10":"product_cat-restaurant-food-service","12":"first","13":"instock","14":"taxable","15":"shipping-taxable","16":"purchasable","17":"product-type-simple"},"aioseo_notices":[],"locations":[{"id":1935,"name":"Pieg\u0101d\u0101ja noliktav\u0101 (5-7dd.d)","slug":"supplier_stock_location","quantity":"13"},{"id":1934,"name":"R\u012bgas veikal\u0101 (0-2d.d.)","slug":"local_stock_location","quantity":"0"}],"_links":{"self":[{"href":"https:\/\/vevorshop.lv\/lv\/wp-json\/wp\/v2\/product\/194952","targetHints":{"allow":["GET"]}}],"collection":[{"href":"https:\/\/vevorshop.lv\/lv\/wp-json\/wp\/v2\/product"}],"about":[{"href":"https:\/\/vevorshop.lv\/lv\/wp-json\/wp\/v2\/types\/product"}],"replies":[{"embeddable":true,"href":"https:\/\/vevorshop.lv\/lv\/wp-json\/wp\/v2\/comments?post=194952"}],"wp:featuredmedia":[{"embeddable":true,"href":"https:\/\/vevorshop.lv\/lv\/wp-json\/wp\/v2\/media\/414259"}],"wp:attachment":[{"href":"https:\/\/vevorshop.lv\/lv\/wp-json\/wp\/v2\/media?parent=194952"}],"wp:term":[{"taxonomy":"location","embeddable":true,"href":"https:\/\/vevorshop.lv\/lv\/wp-json\/wp\/v2\/location?post=194952"},{"taxonomy":"product_brand","embeddable":true,"href":"https:\/\/vevorshop.lv\/lv\/wp-json\/wp\/v2\/product_brand?post=194952"},{"taxonomy":"product_cat","embeddable":true,"href":"https:\/\/vevorshop.lv\/lv\/wp-json\/wp\/v2\/product_cat?post=194952"},{"taxonomy":"product_tag","embeddable":true,"href":"https:\/\/vevorshop.lv\/lv\/wp-json\/wp\/v2\/product_tag?post=194952"}],"curies":[{"name":"wp","href":"https:\/\/api.w.org\/{rel}","templated":true}]}}