{"id":196576,"date":"2025-09-11T08:49:50","date_gmt":"2025-09-11T08:49:50","guid":{"rendered":"https:\/\/vevorshop.lv\/en_us\/Prece\/vevor-500pcs-hidden-deck-fasteners-kit-for-composite-decking-black-pp-clips-with-screws-fits-5-5-mm-gaps-covers-27%e3%8e%a1\/"},"modified":"2026-04-18T13:24:17","modified_gmt":"2026-04-18T10:24:17","slug":"vevor-500pcs-hidden-deck-fasteners-kit-for-composite-decking-black-pp-clips-with-screws-fits-5-5-mm-gaps-covers-27%e3%8e%a1","status":"publish","type":"product","link":"https:\/\/vevorshop.lv\/lv\/Prece\/vevor-500pcs-hidden-deck-fasteners-kit-for-composite-decking-black-pp-clips-with-screws-fits-5-5-mm-gaps-covers-27%e3%8e%a1\/","title":{"rendered":"VEVOR 500 sl\u0113ptie klip\u0161i kompoz\u012btmateri\u0101lu teras\u0113m ar skr\u016bv\u0113m, der 5.5\u202fmm spraug\u0101m, melni, aptver 27\u33a1"},"content":{"rendered":"<div style=\"color: #fff!important; font-size: 16px; height: 24px; line-height: 24px; margin-top: -24px; \" class=\"product_original_name\">VEVOR 500 gab. sl\u0113pti kl\u0101ja stiprin\u0101jumi kompoz\u012btmateri\u0101la kl\u0101ja d\u0113\u013ciem, univers\u0101li kompoz\u012btmateri\u0101la klip\u0161i un plastmasas sl\u0113pti stiprin\u0101jumi ar met\u0101la skr\u016bv\u0113m, polipropil\u0113na PP klip\u0161i darbojas ar 5,5 mm atstarp\u0113m, melni<\/div>\n<div style=\"color: #fff!important; font-size: 16px; height: 24px; line-height: 24px; margin-top: -24px; \" class=\"product_sku\">MFC8P3MH<\/div>\n<div style=\"color: #fff!important; font-size: 16px; height: 24px; line-height: 24px; margin-top: -24px; \" class=\"product_mpn\">YBSJGJ500PCS2B8HF001V0<\/div><div id=\"js-DM_at-goodDescRich\"><html><head><style>  body {    font-family: Arial;    line-height: 1.5;    color: #1c1c1c;    overflow-x: hidden;    margin: 0;    padding: 0;  }  .MsoNormal b {    font-weight: bolder;  }<\/style><style>  .container.small {    width: 970px;    margin: 0 auto;  }  .logo {    margin: 0 auto 0;  }  .logo img {    display: block;    margin: 0 auto;    max-width: 100%;  }  .logo .pc-banner {    display: block;    width: 1200px;    height: 247.4px;    margin: 0 auto;  }  .logo .pc-banner.small {    width: 970px;  }  .logo .pc-banner.small img {    height: auto!important;  }  .logo .m-banner {    display: none;  }  .ytvideo {    position: relative;    height: 546px;    width: 100%;    margin: 0 auto;  }  .ytvideo img {    width: 100%;    margin: 0 auto;  }  .ytvideo .play-btn {    width: 60px;    height: 42px;    position: absolute;    top: 50%;    left: 50%;    transform: translate(-50%, -50%);    background: url(\"data:image\/png;base64,iVBORw0KGgoAAAANSUhEUgAAAGQAAABGCAMAAAANWMFbAAAC+lBMVEUAAADBGB3kLCfBGB3kLCfcJC7BFx3KKSbiKybkLCbWJCPSIiLSIiLPICHAFx3kLCfgKSXNHiDZJiTIGx\/p4eHcjo7LHSDbJyTkLCbjKyfOHyHPIiL28fHJHB\/GGh7EGR7eKCXDGB3RISHlLSbBGB3AFxzGHB7DGB7BGB3hKybkKybAFx3lLCfAFxzDGR3hKibDGB7cJyTmz8\/elJTlwcHjurrUIyLlLSflLSfAFx3DGR7lLSfCFx3hKibhKibhKybjKybkLCblLSfbJSX49vbx7e3NNzjNMTLMJyjVIyLZf3\/ZQ0LaeHjx0tLgoqLkLCfCGB3HGx\/BGB3BFx3PICHCGB7WJCLOHyC\/Fxy\/Fx3lLCfQISHkLSe\/FxzbJiTBFx3FGx\/AGB7BFx3EGR7AGB3HHSDfKiXAFh3TISHYNzbhKibbJyTTIiL57e325+f039\/v2NjUV1fOHiHiqanfmprch4feKSXVIyPOICHmLibFGh\/mLSe\/Fx7XJCPeKSXXJSPNHyHaJyTGGh7lLCbmLCflLSjSIiLkLCbdKSXLHiC\/GB3KHh++Fh3lKyfoLiXcKCPkx8fYb2\/XaGfVXl3aU1LLHiDksbHgKibPICHbJyTfKSXbJyTCGB3KHSDiKybFGh7TIiL\/\/\/\/VIyPRISHIHB\/GGx\/HHB\/DGR7gKibdKCXLHiDZJiTMHiDNHyHYJSTOICHPICHWJCPcKCXXJSPjLCblLCf+\/f3NGR\/uLijzLynPGR\/IGB7WISHaIyLLGh7UAADxLynNAADRLzDbICLQAADIAAD3MCrUHSHXMTDpKSbLAADp5OTij4\/ejo\/VLy\/1LyngJSTcJCPQHx\/OHB7+\/PzaMS\/OLS\/vLijrLSjSAADaNTPwLyjkKSbNJCbYISHPHB\/KGB7WAAD7+vrn3d3aKynTKCjoLCfsKifRGh\/YAADq5+fhjo7QNDXXKCfmJyXt5+fTLzDLLi\/QKivYHRvMGBrQJCXLISPMExXLDxLaEAvkkI\/bOTfaFQ\/SCgpvLcnHAAAAmnRSTlMA+vv7+gT9Bvf9+8z8\/NSv\/Pr5+P7++vnQIBMP\/v38\/Pn348XDiCYf9OjbzcqxXVcx\/fz8+\/rj1r2poo1+fXFqX0orGP7+\/v7+\/fz8+\/r68uzn4trIxsG\/vri3p6GcmZSNbWVYUUZEPQv+\/f39+\/v7+\/v7+vr64tvV1NTTz87FtbSurqeblJKFg4B3bUY+NjL7+\/v7+\/v67t1cDo8JLQAABkRJREFUWMO0kz9rwkAYh0OIeJkum6YugUAhISCdKoj\/P4C7SMdS+gEKIhSKil10LSg4mzXkILdlEpxCpwTiWOLX6BujvQaEQuGeHLnL+\/64J+SIcKGYTYWnntpdLjrVdqvZmNdn0+EE40GtpuuWVS6Xx6N7YDSGpWXpeq02wHgynM7q80az1a52HpddtVcpsi1zFARBrdaxbhp9iUReTGmwA4KAAr7vx3EYejnCMI6hQYEgy0LQi4jUN0wL19vqFcUC9\/1dAKmEEFkWRYkh5oBejnxQJiSJPJ\/uKBp0Thszx9Mw8hMRIQjKsptCfuES9zr5WJY6vSFCIvE9fCMUmEM1A1kSXcYGxgVYsvI1IPKTZciSTI0us\/SMGG04gDzELDoFBwdcFJrF88dqgYMTiL6DILWYyfOWE8\/kIz38olCNlC03FK95+imxp6y4oUSvAnBjHHhKNtotSDqJzVFiK8c2SBqhZtsrTtgrLXwAyduxZHNE26eHUt5rtuM4WSmds3G+sUdWYo1L+XyxButoh5eKUHk5lByO3G1LqqCWVnfrv\/lyPtf\/4ps1cndNGIri8J1TJ0lx6dR\/oPjq1nbRwdp2dCk4CtIOLW3pVKRL6WZfS5vF2KkIQhpwSsjiYIgNCs1gEMGqiIq24NQX9NwoXFy8Ufrl3twTcg4fv8T9\/JBEySduj6Mjm4bMzYV7EEOxKjjoNDud7yY3Dy71Hq2oLmqfbNR723edH9PgMrNL2utoQ3VmaIDkiw\/4w51P06hlZsTZvkRrbVuSIs\/zwSOsycgzStQouoAkWQqioRT5XI7n2Z1wfVhoZmcAJLsoqjqpjbWCgpOAJXBwHK8PzWbNvoUZJND5wCnSkLAkZ1legx6vqQzjoiTahKlGUGLAiIIoABOHaNVw4sexZBym6\/HWlH5h3IC7yRbxtipcWxdTOkORKiNQAEkFf66x5S2oeRbroOlLgg0sSYkR0hRGEqJZ0jTPiQKatESdBckpWigxaapEH0lImHdWu9pUFF2XqMNM2Z4kped7IwEJw2qabwtrQqnpw6HyKkgcadKWsmpywwesDyIhYRpdzXddqegtGIJlXbAIUMOLkGxJUjRIkokwjUaX9d\/kK62ps\/tYUqZLIMkLTyBhsMZ3C5Z\/kDxOSCb\/DOs\/\/J0qcWSX\/2ipe56EgTCA4\/cB7NAYOsni4mZM1MUPAISoEwkDi4lhVBQ1cWQyIcwalw4EpqZN68JUSK7XC0kTlkLYii5uXSC8jT5ncCAS7mjCv0uHp\/3lueHEEAeQ\/\/VgmdN71\/2uCSA1Xr6DO6uI6sW56zqT2tp2PhgiRUAajV8CY2fkcz6WGNKMgLAt7tJAhD4YHMTeRxlALE6+43WqjSWi8ITxyJl8WrwWSNESQZZOqhDDntO3hJLsd5RtSpbJqdv3YrDJH3F7jL1R2O2aQkn2MyCyKYz0GPGIvSAMgBCrCEiJyKbBaYGwLW4uPRr0A0M4Ux5kUI7IBh+hMdiCEWNqhMZGyYMsOgNE58UQuEQeUnSWCMYwL54hkxK6IoqucQZbQ3pc3XtL0lky1dL0zZJJDpWJovFqpWj6JEHnyam2eQp5QRVAVHjWparTOaVwUOx99YS2MvgxIGV0bb+qIg2HX2qkFFJB+XZcbLiuRkuxD9GRroKyveLxdh4d7Orx+hb7qc3uVRuEogCOnyIxm4ubUoPgF4jianDrC+SDQDKEfJb0GUKmjCGPYHGJvVC6X4hw1\/sAfQAdfYyephIaspXe36RwOP+Ljvfx9B6B3i+Nk0DGq+oCbLn6JpBa9nWAveAIHwFAwtVcIJXPMPL8kRu5OAYPMaL1WScTxjiZDqB9LTJSWphow\/pTYKRTLjCBhvi9iBidvKcDasGSm0QQkycYuLBqj6QCELPctqChDWpTRMWkngNNpQ1Pfp1KkiT\/Y0DGffXAweUNfLAfaJFKDwhb6I+bkYRbkERoEeu3Fyjg2opMz2daZCS9jt6Q7txNfB+OZEVF6Zl5web2xunnLQrtrjXseXKaFYziYINeMFZVxS9VxRhOoesYwxPKXm+gWLG9cuFeq93UNNeJNsf1KlwuDok9n02n3TgIJpOxNfL9naIoQwXtfH9kjceTIIi709ncTg6LZbg+biLH1V6u\/7rxBem06VXKn9raAAAAAElFTkSuQmCC\")      no-repeat center center \/ contain;  }  @media screen and (max-width: 960px) and (orientation: portrait) {    .logo {      width: 100%;    }    .logo .pc-banner {      display: none;    }    .logo .m-banner {      display: block;      width: 100%;    }    .logo .m-banner img {      height: auto!important;    }    .ytvideo {      height: 200px;      width: 100%;    }  }<\/style><style>  .video-section {    width: 100%;    margin: 0 auto;  }  .video-section > img {    width: 100%;  }  .video-section iframe,  .video-section video {    width: 100%;    height: 100%;      }  .video-section-img-m,  .video-section-img-pc > img {    width: 100%;    height: auto;  }  .video-section-img-pc.small > img {    width: 970px;  }  .video-desc {    line-height: 1.5;    font-size: 20px;    font-weight: 400;    margin: 20px 0;    text-align: center;    color: #0f1111;    word-break: break-word;  }  @media screen and (max-width: 960px) and (orientation: portrait) {    .video-section {      width: 100%;    }    .video-section-pc,    .video-section-img-pc {      display: none;    }    .video-section-m,    .video-section-img-m {      display: block;    }    .video-desc {      font-size: 15px;    }  }  @media screen and (min-width: 960px) {    .video-section {      width: 100%;      margin: 0 auto;    }    .video-section-pc,    .video-section-img-pc {      display: block;    }    .video-section-m,    .video-section-img-m {      display: none;    }    .video-desc {      font-size: 20px;    }  }<\/style><style>  .section + .section {    margin-top: 35px;  }  .section-title {    text-align: center;    font-weight: bold;    color: #0d1111;    font-family: \"Arial\";    font-size: 32px;    margin: 15px 0;  }  .section-title:empty {    display: none;  }  .section-desc {    text-align: center;    font-weight: normal;    color: #0d1111;    margin-top: 20px;  }  .section-desc:empty {    display: none;  }  .section-img {    width: 1200px;    height: 492px;    margin: 0 auto;    display: block;  }  .section-img.small {    width: 970px;    height: auto;  }  .section-img.small > img {    height: auto;  }  .section-img > img {    width: 100%;    height: 100%;  }  .section-mobile-img {    display: none;    max-width: 100vw;    max-height: 75vw;    height: 450px;    margin: 0 auto;  }  .section-mobile-img > img {    width: 100%;    height: 100%;  }  @media screen and (max-width: 960px) and (orientation: portrait) {    .container {      width: 100%;    }    .container.small {      width: 100%;    }    .section-mobile-img {      display: block;    }    .section-img {      display: none;    }    .section-title {      font-size: 22px;      margin: 10px 0;    }    .section-desc {      margin-top: 10px;    }    .section + .section {      margin-top: 20px;    }  }<\/style><\/head><body><div class=\"container\"><div class=\"logo\"><div class=\"pc-banner\"><div><img decoding=\"async\" src=\"\/vevor\/vevor\/boutique-banner\/pc\/en-pc@1x.jpg\" style=\"width: 100%;\" \/><\/div><\/div><div class=\"m-banner\"><div><img decoding=\"async\" src=\"\/vevor\/vevor\/boutique-banner\/mobile\/en-m@1x.jpg\" style=\"width: 100%;\" \/><\/div><\/div><\/div><div class=\"section-title\">Sl\u0113pti kl\u0101ja stiprin\u0101jumi, sp\u0113c\u012bga fiks\u0101cija un neman\u0101ma apdare<\/div><div class=\"video-section\"><div class=\"video-section-img-pc\"><img decoding=\"async\" src=\"\/vevor\/product\/YBSJGJ500PCS2B8HF001\/hidden-deck-fasteners-a100-1.4.jpg\" \/><\/div><div class=\"video-section-img-m\"><img decoding=\"async\" src=\"\/vevor\/product\/YBSJGJ500PCS2B8HF001\/hidden-deck-fasteners-a100-1.4-m.jpg\" \/><\/div><div class=\"section-desc\">\u0160ie melnie stiprin\u0101jumi ir sader\u012bgi ar liel\u0101ko da\u013cu vado\u0161o z\u012bmolu un saglab\u0101 diskr\u0113tumu, nodro\u0161inot t\u012bru un profesion\u0101lu terases apdari. Izgatavoti no karstumiztur\u012bga polipropil\u0113na un 304 ner\u016bs\u0113jo\u0161\u0101 t\u0113rauda, \u200b\u200btie ir rad\u012bti, lai kalpotu jebkuros laika apst\u0101k\u013cos. Uzticama izv\u0113le iztur\u012bgai un ilgtermi\u0146a terases konstrukcijai.<\/div><\/div><div class=\"section\"><div class=\"section-title\"><\/div><div class=\"section-img\"><img decoding=\"async\" src=\"\/vevor\/product\/YBSJGJ500PCS2B8HF001\/hidden-deck-fasteners-a100-2.2.jpg\" \/><\/div><div class=\"section-mobile-img\"><img decoding=\"async\" src=\"\/vevor\/product\/YBSJGJ500PCS2B8HF001\/hidden-deck-fasteners-a100-2.2-m.jpg\" \/><\/div><div class=\"section-desc\">\u0160ie stiprin\u0101jumi ir izgatavoti no augstas karstumiztur\u012bbas polipropil\u0113na un 304 ner\u016bs\u0113jo\u0161\u0101 t\u0113rauda, \u200b\u200bun tie nodro\u0161ina izcilu struktur\u0101lo stabilit\u0101ti un ilgsto\u0161u veiktsp\u0113ju pat skarbos laika apst\u0101k\u013cos.<\/div><\/div><div class=\"section\"><div class=\"section-title\"><\/div><div class=\"section-img\"><img decoding=\"async\" src=\"\/vevor\/product\/YBSJGJ500PCS2B8HF001\/hidden-deck-fasteners-a100-2.3.jpg\" \/><\/div><div class=\"section-mobile-img\"><img decoding=\"async\" src=\"\/vevor\/product\/YBSJGJ500PCS2B8HF001\/hidden-deck-fasteners-a100-2.3-m.jpg\" \/><\/div><div class=\"section-desc\">\u0160ie sl\u0113ptie kl\u0101ja stiprin\u0101jumi, kas apr\u012bkoti ar zvaig\u017e\u0146veida skr\u016bv\u0113m, nodro\u0161ina lab\u0101ku griezes momentu, uzlabotu sa\u0137eri un aizsardz\u012bbu pret viltojumiem, samazinot skr\u016bvju galvi\u0146u vai instrumentu boj\u0101jumu risku.<\/div><\/div><div class=\"section\"><div class=\"section-title\"><\/div><div class=\"section-img\"><img decoding=\"async\" src=\"\/vevor\/product\/YBSJGJ500PCS2B8HF001\/hidden-deck-fasteners-a100-2.4.jpg\" \/><\/div><div class=\"section-mobile-img\"><img decoding=\"async\" src=\"\/vevor\/product\/YBSJGJ500PCS2B8HF001\/hidden-deck-fasteners-a100-2.4-m.jpg\" \/><\/div><div class=\"section-desc\">Iek\u013cautas detaliz\u0113tas instrukcijas \u0101trai un vienk\u0101r\u0161ai uzst\u0101d\u012b\u0161anai \u2014 pat ies\u0101c\u0113ji var viegli uzst\u0101d\u012bt \u0161os stiprin\u0101jumus, stingri turot terases d\u0113\u013cus sav\u0101s viet\u0101s un nov\u0113r\u0161ot kust\u012bbu vai deform\u0101ciju.<\/div><\/div><div class=\"section\"><div class=\"section-title\"><\/div><div class=\"section-img\"><img decoding=\"async\" src=\"\/vevor\/product\/YBSJGJ500PCS2B8HF001\/hidden-deck-fasteners-a100-2.5.jpg\" \/><\/div><div class=\"section-mobile-img\"><img decoding=\"async\" src=\"\/vevor\/product\/YBSJGJ500PCS2B8HF001\/hidden-deck-fasteners-a100-2.5-m.jpg\" \/><\/div><div class=\"section-desc\">Ide\u0101li piem\u0113roti pagalmu teras\u0113m, balkoniem, iek\u0161pagalmiem, baseinu zon\u0101m un citur \u2014 \u0161ie sl\u0113ptie terases stiprin\u0101jumi pal\u012bdz ar minim\u0101lu piep\u016bli rad\u012bt stil\u012bgu un \u0113rtu \u0101ra telpu.<\/div><\/div><div class=\"section\"><div class=\"section-img\"><img decoding=\"async\" src=\"\/vevor\/product\/YBSJGJ500PCS2B8HF001\/hidden-deck-fasteners-a100-1.11.jpg\" \/><\/div><div class=\"section-mobile-img\"><img decoding=\"async\" src=\"\/vevor\/product\/YBSJGJ500PCS2B8HF001\/hidden-deck-fasteners-a100-1.11-m.jpg\" \/><\/div><\/div><\/div><\/body><\/html><\/div>\n<div class=\"DM_at-title\" id=\"js-DM_at-title\"> <div>Produkta specifik\u0101cija<\/div> <i class=\"icon-arrowup_line\"><\/i> <\/div><div class=\"DM_at-goodsDescAttr\" id=\"js-DM_at-goodsDescAttr\"> <div class=\"DM_at-goodsDescAttrInner\"> <dl class=\"goodsDesc_item goodsDesc_item_even\"> <dt>Preces Mode\u013ca Numurs<\/dt> <dd> 7mmT01<\/dd> <\/dl> <dl class=\"goodsDesc_item\"> <dt>Materi\u0101ls<\/dt> <dd> PP plastmasa<\/dd> <\/dl> <dl class=\"goodsDesc_item goodsDesc_item_even\"> <dt>Kr\u0101sa<\/dt> <dd> Melns<\/dd> <\/dl> <dl class=\"goodsDesc_item\"> <dt>Daudzums<\/dt> <dd> 500 gab.<\/dd> <\/dl> <dl class=\"goodsDesc_item goodsDesc_item_even\"> <dt>Sader\u012bga terases sprauga<\/dt> <dd> 0,22 collas \/ 5,5 mm<\/dd> <\/dl> <dl class=\"goodsDesc_item\"> <dt>Sader\u012bgs terases d\u0113\u013cu biezums<\/dt> <dd> 0,28 collas \/ 7 mm<\/dd> <\/dl> <dl class=\"goodsDesc_item goodsDesc_item_even\"> <dt>Neto Svars<\/dt> <dd> 6,72 m\u0101rci\u0146as \/ 3,05 kg<\/dd> <\/dl> <dl class=\"goodsDesc_item\"> <dt>Objektu Izm\u0113ri<\/dt> <dd> 1,57 x 0,75 x 0,49 collas \/ 40 x 19 x 12,5 mm<\/dd> <\/dl> <\/div> <\/div>","protected":false},"excerpt":{"rendered":"<ul>\n<li> Iztur\u012bgi sl\u0113pti kl\u0101ja stiprin\u0101jumi: Izgatavoti no polipropil\u0113na un 304 ner\u016bs\u0113jo\u0161\u0101 t\u0113rauda, \u200b\u200b\u0161ie sl\u0113ptie kl\u0101ja stiprin\u0101jumi nodro\u0161ina ilgsto\u0161u iztur\u012bbu un iztur\u012bbu pret koroziju, ide\u0101li piem\u0113roti \u0101ra apst\u0101k\u013ciem. <\/li>\n<li> Komplekts \u201cViss vien\u0101\u201d: Ietver 500 sl\u0113ptus stiprin\u0101jumus, 2 skr\u016bv\u0113jamus uzga\u013cus un skr\u016bves \u2014 visu nepiecie\u0161amo, lai nosegtu aptuveni 250 kvadr\u0101tp\u0113das \/ 27 m\u00b2. Piem\u0113rots 0,22 collu \/ 5,5 mm pl\u0101t\u0146u spraug\u0101m un 0,28 collu \/ 7 mm pl\u0101tnes augstumam. Komplekt\u0101 ietilpst visi piederumi, gatavs uzst\u0101d\u012b\u0161anai. <\/li>\n<li> Vienm\u0113r\u012bgs, sl\u0113pts izskats: \u0161iem sl\u0113ptajiem kl\u0101ja klip\u0161iem ir melni p\u0101rkl\u0101tas skr\u016bvju galvi\u0146as, kas gludi sapl\u016bst ar d\u0113\u013ciem, nostiprinot tos viet\u0101, vienlaikus radot t\u012bras l\u012bnijas un ide\u0101lu atstarpi. <\/li>\n<li> \u0100tra un vienk\u0101r\u0161a uzst\u0101d\u012b\u0161ana: iepriek\u0161 uzst\u0101d\u012bta konstrukcija ietaupa laiku un p\u016bles, nav nepiecie\u0161ama atk\u0101rtota skr\u016bv\u0113\u0161ana. Zvaig\u017e\u0146veida skr\u016bves nodro\u0161ina lab\u0101ku sa\u0137eri un iztur\u012bbu, padarot j\u016bsu terases projektu \u0101tr\u0101ku un dro\u0161\u0101ku. <\/li>\n<li> Piem\u0113rots da\u017e\u0101d\u0101m telp\u0101m: Ide\u0101li piem\u0113rots d\u0101rza teras\u0113m, iek\u0161pagalmiem, balkoniem un cit\u0101m viet\u0101m. \u0160ie kompoz\u012btmateri\u0101lu terases stiprin\u0101jumi pal\u012bdz viegli izveidot t\u012bru, \u0113rtu un organiz\u0113tu \u0101ra dz\u012bvojamo zonu. <\/li>\n<\/ul>","protected":false},"featured_media":415757,"comment_status":"open","ping_status":"open","template":"","meta":{"om_disable_all_campaigns":false,"_monsterinsights_skip_tracking":false,"_monsterinsights_sitenote_active":false,"_monsterinsights_sitenote_note":"","_monsterinsights_sitenote_category":0,"_uf_show_specific_survey":0,"_uf_disable_surveys":false},"location":[1935,1934],"product_brand":[],"product_cat":[399,2103,65],"product_tag":[],"class_list":{"0":"post-196576","1":"product","2":"type-product","3":"status-publish","4":"has-post-thumbnail","6":"location-supplier_stock_location","7":"location-local_stock_location","8":"product_cat-decking-fencing","9":"product_cat-decking-nails","10":"product_cat-hardware","12":"first","13":"onbackorder","14":"taxable","15":"shipping-taxable","16":"purchasable","17":"product-type-simple"},"aioseo_notices":[],"jetpack_sharing_enabled":true,"locations":[{"id":1935,"name":"Pieg\u0101d\u0101t\u0101ja noliktav\u0101 (5-7d.d.)","slug":"supplier_stock_location","quantity":"0"},{"id":1934,"name":"R\u012bgas veikal\u0101 (0-2d.d.)","slug":"local_stock_location","quantity":"0"}],"_links":{"self":[{"href":"https:\/\/vevorshop.lv\/lv\/wp-json\/wp\/v2\/product\/196576","targetHints":{"allow":["GET"]}}],"collection":[{"href":"https:\/\/vevorshop.lv\/lv\/wp-json\/wp\/v2\/product"}],"about":[{"href":"https:\/\/vevorshop.lv\/lv\/wp-json\/wp\/v2\/types\/product"}],"replies":[{"embeddable":true,"href":"https:\/\/vevorshop.lv\/lv\/wp-json\/wp\/v2\/comments?post=196576"}],"wp:featuredmedia":[{"embeddable":true,"href":"https:\/\/vevorshop.lv\/lv\/wp-json\/wp\/v2\/media\/415757"}],"wp:attachment":[{"href":"https:\/\/vevorshop.lv\/lv\/wp-json\/wp\/v2\/media?parent=196576"}],"wp:term":[{"taxonomy":"location","embeddable":true,"href":"https:\/\/vevorshop.lv\/lv\/wp-json\/wp\/v2\/location?post=196576"},{"taxonomy":"product_brand","embeddable":true,"href":"https:\/\/vevorshop.lv\/lv\/wp-json\/wp\/v2\/product_brand?post=196576"},{"taxonomy":"product_cat","embeddable":true,"href":"https:\/\/vevorshop.lv\/lv\/wp-json\/wp\/v2\/product_cat?post=196576"},{"taxonomy":"product_tag","embeddable":true,"href":"https:\/\/vevorshop.lv\/lv\/wp-json\/wp\/v2\/product_tag?post=196576"}],"curies":[{"name":"wp","href":"https:\/\/api.w.org\/{rel}","templated":true}]}}