{"id":196784,"date":"2025-09-11T08:49:50","date_gmt":"2025-09-11T08:49:50","guid":{"rendered":"https:\/\/vevorshop.lv\/en_us\/Prece\/vevor-2200w-commercial-panini-grill-with-34x23-cm-flat-enamel-plate-temp-control-stainless-steel-sandwich-maker\/"},"modified":"2026-04-17T17:00:22","modified_gmt":"2026-04-17T14:00:22","slug":"vevor-2200w-commercial-panini-grill-with-34x23-cm-flat-enamel-plate-temp-control-stainless-steel-sandwich-maker","status":"publish","type":"product","link":"https:\/\/vevorshop.lv\/lv\/Prece\/vevor-2200w-komercialais-panini-grils-ar-34x23-cm-plakanu-emaljas-plaksni-temp-kontroles-nerusejosa-terauda-sviestmaizu-veidotajs\/","title":{"rendered":"VEVOR 2200W Komerci\u0101ls Panini Grils ar Plakanu 34\u00d723 cm Emaljas Pl\u0101ksni, Ner\u016bs\u0113jo\u0161\u0101 T\u0113rauda Sendvi\u010dmeikers ar Temp Control"},"content":{"rendered":"<div style=\"color: #fff!important; font-size: 16px; height: 24px; line-height: 24px; margin-top: -24px; \" class=\"product_original_name\">VEVOR komerci\u0101lais panini grils, 2200 W elektriskais sviestmai\u017eu panini veidot\u0101js, ner\u016bs\u0113jo\u0161\u0101 t\u0113rauda sviestmai\u017eu preses grils ar rokturi un temperat\u016bras kontroli, 34x23 cm piln\u012bb\u0101 plakana emalj\u0113ta pl\u0101ksne, hamburgeriem, steikam, bekonam<\/div>\n<div style=\"color: #fff!important; font-size: 16px; height: 24px; line-height: 24px; margin-top: -24px; \" class=\"product_sku\">MFCRVCDH<\/div>\n<div style=\"color: #fff!important; font-size: 16px; height: 24px; line-height: 24px; margin-top: -24px; \" class=\"product_mpn\">DYYBDBL3200W2444D002V2<\/div><div id=\"js-DM_at-goodDescRich\"><html><head><style>  body {    font-family: Arial;    line-height: 1.5;    color: #1c1c1c;    overflow-x: hidden;    margin: 0;    padding: 0;  }  .MsoNormal b {    font-weight: bolder;  }<\/style><style>  .container.small {    width: 970px;    margin: 0 auto;  }  .logo {    margin: 0 auto 0;  }  .logo img {    display: block;    margin: 0 auto;    max-width: 100%;  }  .logo .pc-banner {    display: block;    width: 1200px;    height: 247.4px;    margin: 0 auto;  }  .logo .pc-banner.small {    width: 970px;  }  .logo .pc-banner.small img {    height: auto!important;  }  .logo .m-banner {    display: none;  }  .ytvideo {    position: relative;    height: 546px;    width: 100%;    margin: 0 auto;  }  .ytvideo img {    width: 100%;    margin: 0 auto;  }  .ytvideo .play-btn {    width: 60px;    height: 42px;    position: absolute;    top: 50%;    left: 50%;    transform: translate(-50%, -50%);    background: url(\"data:image\/png;base64,iVBORw0KGgoAAAANSUhEUgAAAGQAAABGCAMAAAANWMFbAAAC+lBMVEUAAADBGB3kLCfBGB3kLCfcJC7BFx3KKSbiKybkLCbWJCPSIiLSIiLPICHAFx3kLCfgKSXNHiDZJiTIGx\/p4eHcjo7LHSDbJyTkLCbjKyfOHyHPIiL28fHJHB\/GGh7EGR7eKCXDGB3RISHlLSbBGB3AFxzGHB7DGB7BGB3hKybkKybAFx3lLCfAFxzDGR3hKibDGB7cJyTmz8\/elJTlwcHjurrUIyLlLSflLSfAFx3DGR7lLSfCFx3hKibhKibhKybjKybkLCblLSfbJSX49vbx7e3NNzjNMTLMJyjVIyLZf3\/ZQ0LaeHjx0tLgoqLkLCfCGB3HGx\/BGB3BFx3PICHCGB7WJCLOHyC\/Fxy\/Fx3lLCfQISHkLSe\/FxzbJiTBFx3FGx\/AGB7BFx3EGR7AGB3HHSDfKiXAFh3TISHYNzbhKibbJyTTIiL57e325+f039\/v2NjUV1fOHiHiqanfmprch4feKSXVIyPOICHmLibFGh\/mLSe\/Fx7XJCPeKSXXJSPNHyHaJyTGGh7lLCbmLCflLSjSIiLkLCbdKSXLHiC\/GB3KHh++Fh3lKyfoLiXcKCPkx8fYb2\/XaGfVXl3aU1LLHiDksbHgKibPICHbJyTfKSXbJyTCGB3KHSDiKybFGh7TIiL\/\/\/\/VIyPRISHIHB\/GGx\/HHB\/DGR7gKibdKCXLHiDZJiTMHiDNHyHYJSTOICHPICHWJCPcKCXXJSPjLCblLCf+\/f3NGR\/uLijzLynPGR\/IGB7WISHaIyLLGh7UAADxLynNAADRLzDbICLQAADIAAD3MCrUHSHXMTDpKSbLAADp5OTij4\/ejo\/VLy\/1LyngJSTcJCPQHx\/OHB7+\/PzaMS\/OLS\/vLijrLSjSAADaNTPwLyjkKSbNJCbYISHPHB\/KGB7WAAD7+vrn3d3aKynTKCjoLCfsKifRGh\/YAADq5+fhjo7QNDXXKCfmJyXt5+fTLzDLLi\/QKivYHRvMGBrQJCXLISPMExXLDxLaEAvkkI\/bOTfaFQ\/SCgpvLcnHAAAAmnRSTlMA+vv7+gT9Bvf9+8z8\/NSv\/Pr5+P7++vnQIBMP\/v38\/Pn348XDiCYf9OjbzcqxXVcx\/fz8+\/rj1r2poo1+fXFqX0orGP7+\/v7+\/fz8+\/r68uzn4trIxsG\/vri3p6GcmZSNbWVYUUZEPQv+\/f39+\/v7+\/v7+vr64tvV1NTTz87FtbSurqeblJKFg4B3bUY+NjL7+\/v7+\/v67t1cDo8JLQAABkRJREFUWMO0kz9rwkAYh0OIeJkum6YugUAhISCdKoj\/P4C7SMdS+gEKIhSKil10LSg4mzXkILdlEpxCpwTiWOLX6BujvQaEQuGeHLnL+\/64J+SIcKGYTYWnntpdLjrVdqvZmNdn0+EE40GtpuuWVS6Xx6N7YDSGpWXpeq02wHgynM7q80az1a52HpddtVcpsi1zFARBrdaxbhp9iUReTGmwA4KAAr7vx3EYejnCMI6hQYEgy0LQi4jUN0wL19vqFcUC9\/1dAKmEEFkWRYkh5oBejnxQJiSJPJ\/uKBp0Thszx9Mw8hMRIQjKsptCfuES9zr5WJY6vSFCIvE9fCMUmEM1A1kSXcYGxgVYsvI1IPKTZciSTI0us\/SMGG04gDzELDoFBwdcFJrF88dqgYMTiL6DILWYyfOWE8\/kIz38olCNlC03FK95+imxp6y4oUSvAnBjHHhKNtotSDqJzVFiK8c2SBqhZtsrTtgrLXwAyduxZHNE26eHUt5rtuM4WSmds3G+sUdWYo1L+XyxButoh5eKUHk5lByO3G1LqqCWVnfrv\/lyPtf\/4ps1cndNGIri8J1TJ0lx6dR\/oPjq1nbRwdp2dCk4CtIOLW3pVKRL6WZfS5vF2KkIQhpwSsjiYIgNCs1gEMGqiIq24NQX9NwoXFy8Ufrl3twTcg4fv8T9\/JBEySduj6Mjm4bMzYV7EEOxKjjoNDud7yY3Dy71Hq2oLmqfbNR723edH9PgMrNL2utoQ3VmaIDkiw\/4w51P06hlZsTZvkRrbVuSIs\/zwSOsycgzStQouoAkWQqioRT5XI7n2Z1wfVhoZmcAJLsoqjqpjbWCgpOAJXBwHK8PzWbNvoUZJND5wCnSkLAkZ1legx6vqQzjoiTahKlGUGLAiIIoABOHaNVw4sexZBym6\/HWlH5h3IC7yRbxtipcWxdTOkORKiNQAEkFf66x5S2oeRbroOlLgg0sSYkR0hRGEqJZ0jTPiQKatESdBckpWigxaapEH0lImHdWu9pUFF2XqMNM2Z4kped7IwEJw2qabwtrQqnpw6HyKkgcadKWsmpywwesDyIhYRpdzXddqegtGIJlXbAIUMOLkGxJUjRIkokwjUaX9d\/kK62ps\/tYUqZLIMkLTyBhsMZ3C5Z\/kDxOSCb\/DOs\/\/J0qcWSX\/2ipe56EgTCA4\/cB7NAYOsni4mZM1MUPAISoEwkDi4lhVBQ1cWQyIcwalw4EpqZN68JUSK7XC0kTlkLYii5uXSC8jT5ncCAS7mjCv0uHp\/3lueHEEAeQ\/\/VgmdN71\/2uCSA1Xr6DO6uI6sW56zqT2tp2PhgiRUAajV8CY2fkcz6WGNKMgLAt7tJAhD4YHMTeRxlALE6+43WqjSWi8ITxyJl8WrwWSNESQZZOqhDDntO3hJLsd5RtSpbJqdv3YrDJH3F7jL1R2O2aQkn2MyCyKYz0GPGIvSAMgBCrCEiJyKbBaYGwLW4uPRr0A0M4Ux5kUI7IBh+hMdiCEWNqhMZGyYMsOgNE58UQuEQeUnSWCMYwL54hkxK6IoqucQZbQ3pc3XtL0lky1dL0zZJJDpWJovFqpWj6JEHnyam2eQp5QRVAVHjWparTOaVwUOx99YS2MvgxIGV0bb+qIg2HX2qkFFJB+XZcbLiuRkuxD9GRroKyveLxdh4d7Orx+hb7qc3uVRuEogCOnyIxm4ubUoPgF4jianDrC+SDQDKEfJb0GUKmjCGPYHGJvVC6X4hw1\/sAfQAdfYyephIaspXe36RwOP+Ljvfx9B6B3i+Nk0DGq+oCbLn6JpBa9nWAveAIHwFAwtVcIJXPMPL8kRu5OAYPMaL1WScTxjiZDqB9LTJSWphow\/pTYKRTLjCBhvi9iBidvKcDasGSm0QQkycYuLBqj6QCELPctqChDWpTRMWkngNNpQ1Pfp1KkiT\/Y0DGffXAweUNfLAfaJFKDwhb6I+bkYRbkERoEeu3Fyjg2opMz2daZCS9jt6Q7txNfB+OZEVF6Zl5web2xunnLQrtrjXseXKaFYziYINeMFZVxS9VxRhOoesYwxPKXm+gWLG9cuFeq93UNNeJNsf1KlwuDok9n02n3TgIJpOxNfL9naIoQwXtfH9kjceTIIi709ncTg6LZbg+biLH1V6u\/7rxBem06VXKn9raAAAAAElFTkSuQmCC\")      no-repeat center center \/ contain;  }  @media screen and (max-width: 960px) and (orientation: portrait) {    .logo {      width: 100%;    }    .logo .pc-banner {      display: none;    }    .logo .m-banner {      display: block;      width: 100%;    }    .logo .m-banner img {      height: auto!important;    }    .ytvideo {      height: 200px;      width: 100%;    }  }<\/style><style>  .video-section {    width: 100%;    margin: 0 auto;  }  .video-section > img {    width: 100%;  }  .video-section iframe,  .video-section video {    width: 100%;    height: 100%;      }  .video-section-img-m,  .video-section-img-pc > img {    width: 100%;    height: auto;  }  .video-section-img-pc.small > img {    width: 970px;  }  .video-desc {    line-height: 1.5;    font-size: 20px;    font-weight: 400;    margin: 20px 0;    text-align: center;    color: #0f1111;    word-break: break-word;  }  @media screen and (max-width: 960px) and (orientation: portrait) {    .video-section {      width: 100%;    }    .video-section-pc,    .video-section-img-pc {      display: none;    }    .video-section-m,    .video-section-img-m {      display: block;    }    .video-desc {      font-size: 15px;    }  }  @media screen and (min-width: 960px) {    .video-section {      width: 100%;      margin: 0 auto;    }    .video-section-pc,    .video-section-img-pc {      display: block;    }    .video-section-m,    .video-section-img-m {      display: none;    }    .video-desc {      font-size: 20px;    }  }<\/style><style>  .section + .section {    margin-top: 35px;  }  .section-title {    text-align: center;    font-weight: bold;    color: #0d1111;    font-family: \"Arial\";    font-size: 32px;    margin: 15px 0;  }  .section-title:empty {    display: none;  }  .section-desc {    text-align: center;    font-weight: normal;    color: #0d1111;    margin-top: 20px;  }  .section-desc:empty {    display: none;  }  .section-img {    width: 1200px;    height: 492px;    margin: 0 auto;    display: block;  }  .section-img.small {    width: 970px;    height: auto;  }  .section-img.small > img {    height: auto;  }  .section-img > img {    width: 100%;    height: 100%;  }  .section-mobile-img {    display: none;    max-width: 100vw;    max-height: 75vw;    height: 450px;    margin: 0 auto;  }  .section-mobile-img > img {    width: 100%;    height: 100%;  }  @media screen and (max-width: 960px) and (orientation: portrait) {    .container {      width: 100%;    }    .container.small {      width: 100%;    }    .section-mobile-img {      display: block;    }    .section-img {      display: none;    }    .section-title {      font-size: 22px;      margin: 10px 0;    }    .section-desc {      margin-top: 10px;    }    .section + .section {      margin-top: 20px;    }  }<\/style><\/head><body><div class=\"container\"><div class=\"logo\"><div class=\"pc-banner\"><div><img decoding=\"async\" src=\"\/vevor\/vevor\/boutique-banner\/pc\/en-pc@1x.jpg\" style=\"width: 100%;\" \/><\/div><\/div><div class=\"m-banner\"><div><img decoding=\"async\" src=\"\/vevor\/vevor\/boutique-banner\/mobile\/en-m@1x.jpg\" style=\"width: 100%;\" \/><\/div><\/div><\/div><div class=\"section-title\">Izcila virtuves iek\u0101rta<\/div><div class=\"video-section\"><div class=\"video-section-img-pc\"><img decoding=\"async\" src=\"\/vevor\/product\/DYYBDBL3200W2444D002\/panini-presses-a100-1.4.jpg\" \/><\/div><div class=\"video-section-img-m\"><img decoding=\"async\" src=\"\/vevor\/product\/DYYBDBL3200W2444D002\/panini-presses-a100-1.4-m.jpg\" \/><\/div><div class=\"section-desc\">M\u016bsu komerci\u0101lais panini grils var pagatavot vair\u0101kus \u0113dienus, padarot to daudzfunkcion\u0101lu \u0123imenes salidojumu, p\u0101rtikas kiosku, restor\u0101nu un citu vietu vajadz\u012bb\u0101m. Tas pied\u0101v\u0101 daudzpus\u012bgu gatavo\u0161anas pieredzi, savuk\u0101rt t\u0101 kompaktais grila izm\u0113rs nodro\u0161ina pla\u0161u gatavo\u0161anas virsmu, neaiz\u0146emot daudz vietas uz letes.<\/div><\/div><div class=\"section\"><div class=\"section-title\"><\/div><div class=\"section-img\"><img decoding=\"async\" src=\"\/vevor\/product\/DYYBDBL3200W2444D002\/panini-presses-a100-2.2.jpg\" \/><\/div><div class=\"section-mobile-img\"><img decoding=\"async\" src=\"\/vevor\/product\/DYYBDBL3200W2444D002\/panini-presses-a100-2.2-m.jpg\" \/><\/div><div class=\"section-desc\">Komerci\u0101lajam sviestmai\u017eu grilam ir ner\u016bs\u0113jo\u0161\u0101 t\u0113rauda \u0101r\u0113jais apvalks ar karstumiztur\u012bgu rokturi. Tas ir apr\u012bkots ar nesl\u012bdo\u0161\u0101m k\u0101ji\u0146\u0101m papildu dro\u0161\u012bbai. Vair\u0101kas ventil\u0101cijas atveres ab\u0101s pus\u0113s efekt\u012bvi izklied\u0113 siltumu un pal\u012bdz uztur\u0113t sapr\u0101t\u012bgu ier\u012bces temperat\u016bru.<\/div><\/div><div class=\"section\"><div class=\"section-title\"><\/div><div class=\"section-img\"><img decoding=\"async\" src=\"\/vevor\/product\/DYYBDBL3200W2444D002\/panini-presses-a100-2.3.jpg\" \/><\/div><div class=\"section-mobile-img\"><img decoding=\"async\" src=\"\/vevor\/product\/DYYBDBL3200W2444D002\/panini-presses-a100-2.3-m.jpg\" \/><\/div><div class=\"section-desc\">Elektrisk\u0101 sviestmai\u017eu panini cep\u0161anas ier\u012bce ir apr\u012bkota ar prec\u012bzu temperat\u016bras kontroles sist\u0113mu ar temperat\u016bras kontroles diapazonu no 50\u00b0C l\u012bdz 300\u00b0C. Temperat\u016bru var iestat\u012bt atbilsto\u0161i sav\u0101m vajadz\u012bb\u0101m, padarot to \u0113rt\u0101ku liel\u0101kam lietot\u0101ju skaitam.<\/div><\/div><div class=\"section\"><div class=\"section-title\"><\/div><div class=\"section-img\"><img decoding=\"async\" src=\"\/vevor\/product\/DYYBDBL3200W2444D002\/panini-presses-a100-2.4.jpg\" \/><\/div><div class=\"section-mobile-img\"><img decoding=\"async\" src=\"\/vevor\/product\/DYYBDBL3200W2444D002\/panini-presses-a100-2.4-m.jpg\" \/><\/div><div class=\"section-desc\">Elektriskajai ner\u016bs\u0113jo\u0161\u0101 t\u0113rauda sviestmai\u017eu pannai ir no\u0146emama papl\u0101te, kas uztver visus taukus, e\u013c\u013cu vai atlikumus, kas nokr\u012bt no gatavo\u0161anas virsmas, padarot to viegli t\u012br\u0101mu.<\/div><\/div><div class=\"section\"><div class=\"section-title\"><\/div><div class=\"section-img\"><img decoding=\"async\" src=\"\/vevor\/product\/DYYBDBL3200W2444D002\/panini-presses-a100-2.5.jpg\" \/><\/div><div class=\"section-mobile-img\"><img decoding=\"async\" src=\"\/vevor\/product\/DYYBDBL3200W2444D002\/panini-presses-a100-2.5-m.jpg\" \/><\/div><div class=\"section-desc\">\u0160\u012b panini preses sviestmai\u017eu panna var vienlaikus pagatavot vair\u0101kus \u0113dienus, padarot to ide\u0101li piem\u0113rotu d\u0101rze\u0146u, ga\u013cas, gril\u0113ta siera, olu kulte\u0146u, panini sviestmai\u017eu, burgeru, vistas ga\u013cas, pilno brokastu, steiku un citu \u0113dienu gatavo\u0161anai.<\/div><\/div><div class=\"section\"><div class=\"section-img\"><img decoding=\"async\" src=\"\/vevor\/product\/DYYBDBL3200W2444D002\/panini-presses-a100-1.11.jpg\" \/><\/div><div class=\"section-mobile-img\"><img decoding=\"async\" src=\"\/vevor\/product\/DYYBDBL3200W2444D002\/panini-presses-a100-1.11-m.jpg\" \/><\/div><\/div><\/div><\/body><\/html><\/div>\n<div class=\"DM_at-title\" id=\"js-DM_at-title\"> <div>Produkta specifik\u0101cija<\/div> <i class=\"icon-arrowup_line\"><\/i> <\/div><div class=\"DM_at-goodsDescAttr\" id=\"js-DM_at-goodsDescAttr\"> <div class=\"DM_at-goodsDescAttrInner\"> <dl class=\"goodsDesc_item goodsDesc_item_even\"> <dt>Preces Mode\u013ca Numurs<\/dt> <dd> YS-812-EU<\/dd> <\/dl> <dl class=\"goodsDesc_item\"> <dt>Apkures temperat\u016bra<\/dt> <dd> 50\u00b0C\u2013300\u00b0C \u00b115\u00b0<\/dd> <\/dl> <dl class=\"goodsDesc_item goodsDesc_item_even\"> <dt>Produkta Svars<\/dt> <dd> 17,2 kg \/ 37,9 m\u0101rci\u0146as<\/dd> <\/dl> <dl class=\"goodsDesc_item\"> <dt>Produkta Izm\u0113ri<\/dt> <dd> 425x400x205 mm \/ 16.7x15.8x8.1 inch<\/dd> <\/dl> <\/div> <\/div>","protected":false},"excerpt":{"rendered":"<ul>\n<li> Iztur\u012bgs un ilgm\u016b\u017e\u012bgs: \u0160im komerci\u0101lajam panini grilam ir ner\u016bs\u0113jo\u0161\u0101 t\u0113rauda \u0101r\u0113jais p\u0101rkl\u0101jums un biez\u0101ka grila pl\u0101ksne ar emaljas p\u0101rkl\u0101jumu. Pagarin\u0101tais ABS rokturis nerad\u012bs apdegumus, un nesl\u012bdo\u0161\u0101s k\u0101ji\u0146as nodro\u0161ina papildu dro\u0161\u012bbu. <\/li>\n<li> Even and Fast Heating: Equipped with thickened heating tubes, the electric sandwich panini maker heats the 34\u00d723 cm cooking surface evenly and efficiently. The top and bottom grids heat simultaneously, ensuring high-efficiency cooking <\/li>\n<li> Prec\u012bza temperat\u016bras kontrole: Sendvi\u010du preses grils ir apr\u012bkots ar temperat\u016bras kontroles pog\u0101m, kuras var regul\u0113t no 50\u00b0C l\u012bdz 300\u00b0C (122\u00b0F l\u012bdz 572\u00b0F). \u0160is dizains atbilst da\u017e\u0101du \u0113dienu gatavo\u0161anas pras\u012bb\u0101m. LED gaisma nor\u0101da sild\u012b\u0161anas statusu. <\/li>\n<li> Viegli t\u012br\u0101ms: \u0160im panini preses sviestmai\u017eu tosterim ir no\u0146emama e\u013c\u013cas tvertne, lai viegli sav\u0101ktu izlietoto e\u013c\u013cu un atlikumus. Apkope ir vienk\u0101r\u0161a, izmantojot skr\u0101pi un sausu dr\u0101nu. Vair\u0101kas ventil\u0101cijas atveres ab\u0101s pus\u0113s efekt\u012bvi izklied\u0113 siltumu. <\/li>\n<li> Daudzfunkcion\u0101ls grils: \u0161\u012b panini grila ier\u012bce var vienlaikus pagatavot vair\u0101kus \u0113dienus, padarot to ide\u0101li piem\u0113rotu d\u0101rze\u0146u, ga\u013cas, gril\u0113ta siera, olu kulte\u0146u, panini sviestmai\u017eu, burgeru, vistas, pilnv\u0113rt\u012bgu brokastu, steiku un citu \u0113dienu gatavo\u0161anai. <\/li>\n<\/ul>","protected":false},"featured_media":415950,"comment_status":"open","ping_status":"open","template":"","meta":{"om_disable_all_campaigns":false,"_uf_show_specific_survey":0,"_uf_disable_surveys":false},"location":[1935,1934],"product_brand":[],"product_cat":[153,631,22],"product_tag":[],"class_list":{"0":"post-196784","1":"product","2":"type-product","3":"status-publish","4":"has-post-thumbnail","6":"location-supplier_stock_location","7":"location-local_stock_location","8":"product_cat-cooking-equipment","9":"product_cat-flat-top-griddle","10":"product_cat-restaurant-food-service","12":"first","13":"instock","14":"taxable","15":"shipping-taxable","16":"purchasable","17":"product-type-simple"},"aioseo_notices":[],"locations":[{"id":1935,"name":"Pieg\u0101d\u0101ja noliktav\u0101 (5-7dd.d)","slug":"supplier_stock_location","quantity":"9"},{"id":1934,"name":"R\u012bgas veikal\u0101 (0-2d.d.)","slug":"local_stock_location","quantity":"0"}],"_links":{"self":[{"href":"https:\/\/vevorshop.lv\/lv\/wp-json\/wp\/v2\/product\/196784","targetHints":{"allow":["GET"]}}],"collection":[{"href":"https:\/\/vevorshop.lv\/lv\/wp-json\/wp\/v2\/product"}],"about":[{"href":"https:\/\/vevorshop.lv\/lv\/wp-json\/wp\/v2\/types\/product"}],"replies":[{"embeddable":true,"href":"https:\/\/vevorshop.lv\/lv\/wp-json\/wp\/v2\/comments?post=196784"}],"wp:featuredmedia":[{"embeddable":true,"href":"https:\/\/vevorshop.lv\/lv\/wp-json\/wp\/v2\/media\/415950"}],"wp:attachment":[{"href":"https:\/\/vevorshop.lv\/lv\/wp-json\/wp\/v2\/media?parent=196784"}],"wp:term":[{"taxonomy":"location","embeddable":true,"href":"https:\/\/vevorshop.lv\/lv\/wp-json\/wp\/v2\/location?post=196784"},{"taxonomy":"product_brand","embeddable":true,"href":"https:\/\/vevorshop.lv\/lv\/wp-json\/wp\/v2\/product_brand?post=196784"},{"taxonomy":"product_cat","embeddable":true,"href":"https:\/\/vevorshop.lv\/lv\/wp-json\/wp\/v2\/product_cat?post=196784"},{"taxonomy":"product_tag","embeddable":true,"href":"https:\/\/vevorshop.lv\/lv\/wp-json\/wp\/v2\/product_tag?post=196784"}],"curies":[{"name":"wp","href":"https:\/\/api.w.org\/{rel}","templated":true}]}}