{"id":19848,"date":"2024-11-18T05:32:08","date_gmt":"2024-11-18T05:32:08","guid":{"rendered":"http:\/\/vevorshop.edigo.lv\/Prece\/vevor-2-5-c-depository-safe-deposit-safe-with-drop-slot-passwords-and-keys\/"},"modified":"2026-02-26T17:57:00","modified_gmt":"2026-02-26T15:57:00","slug":"vevor-2-5-c-depository-safe-deposit-safe-with-drop-slot-passwords-and-keys","status":"publish","type":"product","link":"https:\/\/vevorshop.lv\/lv\/Prece\/vevor-1-7-c-depozita-seifs-seifs-ar-iemetamo-slotu-paroli-un-atslegam-2\/","title":{"rendered":"VEVOR 2.5C t\u0113rauda depozit\u0101rija seifs ar nolai\u017eamo slotu, elektronisko sl\u0113dzeni, signaliz\u0101ciju un atsl\u0113g\u0101m, 51.5\u00d735.5\u00d735.5cm M\u0101jai, birojam, viesn\u012bcai"},"content":{"rendered":"<div style=\"color: #fff!important; font-size: 16px; height: 24px; line-height: 24px; margin-top: -24px; \" class=\"product_original_name\">VEVOR 2.5 Cub Depository Safe, Deposit Safe with Drop Slot, Electronic Code Lock and 2 Emergency Keys, 20.27'' x 13.97'' x 13.97'' Business Drop Slot Safe for Cash, Mail in Home, Hotel, Office<\/div>\n<div style=\"color: #fff!important; font-size: 16px; height: 24px; line-height: 24px; margin-top: -24px; \" class=\"product_sku\">M4I4KMFY<\/div>\n<div style=\"color: #fff!important; font-size: 16px; height: 24px; line-height: 24px; margin-top: -24px; \" class=\"product_mpn\">LCSBXX25L000IZ30IV0<\/div><div id=\"js-DM_at-goodDescRich\"><html><head><style>  body {    font-family: Arial;    line-height: 1.5;    color: #1c1c1c;    overflow-x: hidden;    margin: 0;    padding: 0;  }  .MsoNormal b {    font-weight: bolder;  }<\/style><style>  .container.small {    width: 970px;    margin: 0 auto;  }  .logo {    margin: 0 auto 0;  }  .logo img {    display: block;    margin: 0 auto;    max-width: 100%;  }  .logo .pc-banner {    display: block;    width: 1200px;    height: 247.4px;    margin: 0 auto;  }  .logo .pc-banner.small {    width: 970px;  }  .logo .pc-banner.small img {    height: auto!important;  }  .logo .m-banner {    display: none;  }  .ytvideo {    position: relative;    height: 546px;    width: 100%;    margin: 0 auto;  }  .ytvideo img {    width: 100%;    margin: 0 auto;  }  .ytvideo .play-btn {    width: 60px;    height: 42px;    position: absolute;    top: 50%;    left: 50%;    transform: translate(-50%, -50%);    background: url(\"data:image\/png;base64,iVBORw0KGgoAAAANSUhEUgAAAGQAAABGCAMAAAANWMFbAAAC+lBMVEUAAADBGB3kLCfBGB3kLCfcJC7BFx3KKSbiKybkLCbWJCPSIiLSIiLPICHAFx3kLCfgKSXNHiDZJiTIGx\/p4eHcjo7LHSDbJyTkLCbjKyfOHyHPIiL28fHJHB\/GGh7EGR7eKCXDGB3RISHlLSbBGB3AFxzGHB7DGB7BGB3hKybkKybAFx3lLCfAFxzDGR3hKibDGB7cJyTmz8\/elJTlwcHjurrUIyLlLSflLSfAFx3DGR7lLSfCFx3hKibhKibhKybjKybkLCblLSfbJSX49vbx7e3NNzjNMTLMJyjVIyLZf3\/ZQ0LaeHjx0tLgoqLkLCfCGB3HGx\/BGB3BFx3PICHCGB7WJCLOHyC\/Fxy\/Fx3lLCfQISHkLSe\/FxzbJiTBFx3FGx\/AGB7BFx3EGR7AGB3HHSDfKiXAFh3TISHYNzbhKibbJyTTIiL57e325+f039\/v2NjUV1fOHiHiqanfmprch4feKSXVIyPOICHmLibFGh\/mLSe\/Fx7XJCPeKSXXJSPNHyHaJyTGGh7lLCbmLCflLSjSIiLkLCbdKSXLHiC\/GB3KHh++Fh3lKyfoLiXcKCPkx8fYb2\/XaGfVXl3aU1LLHiDksbHgKibPICHbJyTfKSXbJyTCGB3KHSDiKybFGh7TIiL\/\/\/\/VIyPRISHIHB\/GGx\/HHB\/DGR7gKibdKCXLHiDZJiTMHiDNHyHYJSTOICHPICHWJCPcKCXXJSPjLCblLCf+\/f3NGR\/uLijzLynPGR\/IGB7WISHaIyLLGh7UAADxLynNAADRLzDbICLQAADIAAD3MCrUHSHXMTDpKSbLAADp5OTij4\/ejo\/VLy\/1LyngJSTcJCPQHx\/OHB7+\/PzaMS\/OLS\/vLijrLSjSAADaNTPwLyjkKSbNJCbYISHPHB\/KGB7WAAD7+vrn3d3aKynTKCjoLCfsKifRGh\/YAADq5+fhjo7QNDXXKCfmJyXt5+fTLzDLLi\/QKivYHRvMGBrQJCXLISPMExXLDxLaEAvkkI\/bOTfaFQ\/SCgpvLcnHAAAAmnRSTlMA+vv7+gT9Bvf9+8z8\/NSv\/Pr5+P7++vnQIBMP\/v38\/Pn348XDiCYf9OjbzcqxXVcx\/fz8+\/rj1r2poo1+fXFqX0orGP7+\/v7+\/fz8+\/r68uzn4trIxsG\/vri3p6GcmZSNbWVYUUZEPQv+\/f39+\/v7+\/v7+vr64tvV1NTTz87FtbSurqeblJKFg4B3bUY+NjL7+\/v7+\/v67t1cDo8JLQAABkRJREFUWMO0kz9rwkAYh0OIeJkum6YugUAhISCdKoj\/P4C7SMdS+gEKIhSKil10LSg4mzXkILdlEpxCpwTiWOLX6BujvQaEQuGeHLnL+\/64J+SIcKGYTYWnntpdLjrVdqvZmNdn0+EE40GtpuuWVS6Xx6N7YDSGpWXpeq02wHgynM7q80az1a52HpddtVcpsi1zFARBrdaxbhp9iUReTGmwA4KAAr7vx3EYejnCMI6hQYEgy0LQi4jUN0wL19vqFcUC9\/1dAKmEEFkWRYkh5oBejnxQJiSJPJ\/uKBp0Thszx9Mw8hMRIQjKsptCfuES9zr5WJY6vSFCIvE9fCMUmEM1A1kSXcYGxgVYsvI1IPKTZciSTI0us\/SMGG04gDzELDoFBwdcFJrF88dqgYMTiL6DILWYyfOWE8\/kIz38olCNlC03FK95+imxp6y4oUSvAnBjHHhKNtotSDqJzVFiK8c2SBqhZtsrTtgrLXwAyduxZHNE26eHUt5rtuM4WSmds3G+sUdWYo1L+XyxButoh5eKUHk5lByO3G1LqqCWVnfrv\/lyPtf\/4ps1cndNGIri8J1TJ0lx6dR\/oPjq1nbRwdp2dCk4CtIOLW3pVKRL6WZfS5vF2KkIQhpwSsjiYIgNCs1gEMGqiIq24NQX9NwoXFy8Ufrl3twTcg4fv8T9\/JBEySduj6Mjm4bMzYV7EEOxKjjoNDud7yY3Dy71Hq2oLmqfbNR723edH9PgMrNL2utoQ3VmaIDkiw\/4w51P06hlZsTZvkRrbVuSIs\/zwSOsycgzStQouoAkWQqioRT5XI7n2Z1wfVhoZmcAJLsoqjqpjbWCgpOAJXBwHK8PzWbNvoUZJND5wCnSkLAkZ1legx6vqQzjoiTahKlGUGLAiIIoABOHaNVw4sexZBym6\/HWlH5h3IC7yRbxtipcWxdTOkORKiNQAEkFf66x5S2oeRbroOlLgg0sSYkR0hRGEqJZ0jTPiQKatESdBckpWigxaapEH0lImHdWu9pUFF2XqMNM2Z4kped7IwEJw2qabwtrQqnpw6HyKkgcadKWsmpywwesDyIhYRpdzXddqegtGIJlXbAIUMOLkGxJUjRIkokwjUaX9d\/kK62ps\/tYUqZLIMkLTyBhsMZ3C5Z\/kDxOSCb\/DOs\/\/J0qcWSX\/2ipe56EgTCA4\/cB7NAYOsni4mZM1MUPAISoEwkDi4lhVBQ1cWQyIcwalw4EpqZN68JUSK7XC0kTlkLYii5uXSC8jT5ncCAS7mjCv0uHp\/3lueHEEAeQ\/\/VgmdN71\/2uCSA1Xr6DO6uI6sW56zqT2tp2PhgiRUAajV8CY2fkcz6WGNKMgLAt7tJAhD4YHMTeRxlALE6+43WqjSWi8ITxyJl8WrwWSNESQZZOqhDDntO3hJLsd5RtSpbJqdv3YrDJH3F7jL1R2O2aQkn2MyCyKYz0GPGIvSAMgBCrCEiJyKbBaYGwLW4uPRr0A0M4Ux5kUI7IBh+hMdiCEWNqhMZGyYMsOgNE58UQuEQeUnSWCMYwL54hkxK6IoqucQZbQ3pc3XtL0lky1dL0zZJJDpWJovFqpWj6JEHnyam2eQp5QRVAVHjWparTOaVwUOx99YS2MvgxIGV0bb+qIg2HX2qkFFJB+XZcbLiuRkuxD9GRroKyveLxdh4d7Orx+hb7qc3uVRuEogCOnyIxm4ubUoPgF4jianDrC+SDQDKEfJb0GUKmjCGPYHGJvVC6X4hw1\/sAfQAdfYyephIaspXe36RwOP+Ljvfx9B6B3i+Nk0DGq+oCbLn6JpBa9nWAveAIHwFAwtVcIJXPMPL8kRu5OAYPMaL1WScTxjiZDqB9LTJSWphow\/pTYKRTLjCBhvi9iBidvKcDasGSm0QQkycYuLBqj6QCELPctqChDWpTRMWkngNNpQ1Pfp1KkiT\/Y0DGffXAweUNfLAfaJFKDwhb6I+bkYRbkERoEeu3Fyjg2opMz2daZCS9jt6Q7txNfB+OZEVF6Zl5web2xunnLQrtrjXseXKaFYziYINeMFZVxS9VxRhOoesYwxPKXm+gWLG9cuFeq93UNNeJNsf1KlwuDok9n02n3TgIJpOxNfL9naIoQwXtfH9kjceTIIi709ncTg6LZbg+biLH1V6u\/7rxBem06VXKn9raAAAAAElFTkSuQmCC\")      no-repeat center center \/ contain;  }  @media screen and (max-width: 960px) and (orientation: portrait) {    .logo {      width: 100%;    }    .logo .pc-banner {      display: none;    }    .logo .m-banner {      display: block;      width: 100%;    }    .logo .m-banner img {      height: auto!important;    }    .ytvideo {      height: 200px;      width: 100%;    }  }<\/style><style>  .video-section {    width: 100%;    margin: 0 auto;  }  .video-section > img {    width: 100%;  }  .video-section iframe,  .video-section video {    width: 100%;    height: 100%;      }  .video-section-img-m,  .video-section-img-pc > img {    width: 100%;    height: auto;  }  .video-section-img-pc.small > img {    width: 970px;  }  .video-desc {    line-height: 1.5;    font-size: 20px;    font-weight: 400;    margin: 20px 0;    text-align: center;    color: #0f1111;    word-break: break-word;  }  @media screen and (max-width: 960px) and (orientation: portrait) {    .video-section {      width: 100%;    }    .video-section-pc,    .video-section-img-pc {      display: none;    }    .video-section-m,    .video-section-img-m {      display: block;    }    .video-desc {      font-size: 15px;    }  }  @media screen and (min-width: 960px) {    .video-section {      width: 100%;      margin: 0 auto;    }    .video-section-pc,    .video-section-img-pc {      display: block;    }    .video-section-m,    .video-section-img-m {      display: none;    }    .video-desc {      font-size: 20px;    }  }<\/style><style>  .section + .section {    margin-top: 35px;  }  .section-title {    text-align: center;    font-weight: bold;    color: #0d1111;    font-family: \"Arial\";    font-size: 32px;    margin: 15px 0;  }  .section-title:empty {    display: none;  }  .section-desc {    text-align: center;    font-weight: normal;    color: #0d1111;    margin-top: 20px;  }  .section-desc:empty {    display: none;  }  .section-img {    width: 1200px;    height: 492px;    margin: 0 auto;    display: block;  }  .section-img.small {    width: 970px;    height: auto;  }  .section-img.small > img {    height: auto;  }  .section-img > img {    width: 100%;    height: 100%;  }  .section-mobile-img {    display: none;    max-width: 100vw;    max-height: 75vw;    height: 450px;    margin: 0 auto;  }  .section-mobile-img > img {    width: 100%;    height: 100%;  }  @media screen and (max-width: 960px) and (orientation: portrait) {    .container {      width: 100%;    }    .container.small {      width: 100%;    }    .section-mobile-img {      display: block;    }    .section-img {      display: none;    }    .section-title {      font-size: 22px;      margin: 10px 0;    }    .section-desc {      margin-top: 10px;    }    .section + .section {      margin-top: 20px;    }  }<\/style><\/head><body><div class=\"container\"><div class=\"logo\"><div class=\"pc-banner\"><div><img decoding=\"async\" src=\"\/vevor\/vevor\/boutique-banner\/pc\/en-pc@1x.jpg\" style=\"width: 100%;\" \/><\/div><\/div><div class=\"m-banner\"><div><img decoding=\"async\" src=\"\/vevor\/vevor\/boutique-banner\/mobile\/en-m@1x.jpg\" style=\"width: 100%;\" \/><\/div><\/div><\/div><div class=\"section-title\">Drop Slot Safe - Secure Your Valuables with Ease<\/div><div class=\"video-section\"><div class=\"video-section-img-pc\"><img decoding=\"async\" src=\"\/vevor\/product\/LCSBXX25L000IZ30I\/drop-slot-safe-a100-1.4.jpg\" alt=\"VEVOR glab\u0101\u0161anas seifs ar atbr\u012bvo\u0161anas atveri skaidras naudas sai\u0161\u0137u un zelta glab\u0101\u0161anai, redzama robaina dro\u0161\u012bbas starpsiena.\" \/><\/div><div class=\"video-section-img-m\"><img decoding=\"async\" src=\"\/vevor\/product\/LCSBXX25L000IZ30I\/drop-slot-safe-a100-1.4-m.jpg\" alt=\"VEVOR glab\u0101\u0161anas seifs ar atbr\u012bvo\u0161anas atveri skaidras naudas sai\u0161\u0137u un zelta glab\u0101\u0161anai, redzama robaina dro\u0161\u012bbas starpsiena.\" \/><\/div><div class=\"section-desc\">Our depository safe offers a roomy 2.5C capacity, and its exterior dimensions measure 20\" (L) x 13\" (W) x 13\" (H). The front-facing drop slot simplifies secure deposits without needing to open the full door, adding an extra layer of privacy and safety to your storage.<\/div><\/div><div class=\"section\"><div class=\"section-title\"><\/div><div class=\"section-img\"><img decoding=\"async\" src=\"\/vevor\/product\/LCSBXX25L000IZ30I\/drop-slot-safe-a100-2.2.jpg\" alt=\"VEVOR glab\u0101\u0161anas seifs ar piln\u012bb\u0101 t\u0113rauda konstrukciju, iztur\u012bg\u0101m skr\u016bv\u0113m un 10 mm biezu t\u0113rauda pl\u0101ksni.\" \/><\/div><div class=\"section-mobile-img\"><img decoding=\"async\" src=\"\/vevor\/product\/LCSBXX25L000IZ30I\/drop-slot-safe-a100-2.2-m.jpg\" alt=\"VEVOR glab\u0101\u0161anas seifs ar piln\u012bb\u0101 t\u0113rauda konstrukciju, iztur\u012bg\u0101m skr\u016bv\u0113m un 10 mm biezu t\u0113rauda pl\u0101ksni.\" \/><\/div><div class=\"section-desc\">\u0160is noliktavas seifs ir izgatavots no viena iztur\u012bga 10 mm bieza t\u0113rauda gabala, lai nodro\u0161in\u0101tu uzticam\u012bbu un dro\u0161\u012bbu. Ar trim 28 mm ciet\u0101m skr\u016bv\u0113m tas efekt\u012bvi attur z\u0101dz\u012bbas, ielau\u0161anos m\u0101j\u0101s un nesankcion\u0113tu piek\u013cuvi, nodro\u0161inot izcilu aizsardz\u012bbu j\u016bsu m\u0101j\u0101m vai uz\u0146\u0113mumam.<\/div><\/div><div class=\"section\"><div class=\"section-title\"><\/div><div class=\"section-img\"><img decoding=\"async\" src=\"\/vevor\/product\/LCSBXX25L000IZ30I\/drop-slot-safe-a100-2.3.jpg\" alt=\"VEVOR depoz\u012bta seifs ar sk\u0101rienpogas elektronisko sl\u0113dzeni, skaidras naudas sai\u0161\u0137iem iek\u0161pus\u0113 un divk\u0101r\u0161\u0101m piek\u013cuves metod\u0113m.\" \/><\/div><div class=\"section-mobile-img\"><img decoding=\"async\" src=\"\/vevor\/product\/LCSBXX25L000IZ30I\/drop-slot-safe-a100-2.3-m.jpg\" alt=\"VEVOR depoz\u012bta seifs ar sk\u0101rienpogas elektronisko sl\u0113dzeni, skaidras naudas sai\u0161\u0137iem iek\u0161pus\u0113 un divk\u0101r\u0161\u0101m piek\u013cuves metod\u0113m.\" \/><\/div><div class=\"section-desc\">Varat iestat\u012bt paroli no 3 l\u012bdz 12 cipariem, t\u0101d\u0113j\u0101di uzlabojot paroles dro\u0161\u012bbu. Divi at\u0161\u0137ir\u012bgi kodu komplekti j\u016bsu v\u0113rt\u012bgo mantu aizsardz\u012bbai. Turkl\u0101t divas atblo\u0137\u0113\u0161anas metodes nodro\u0161ina dro\u0161u piek\u013cuvi jebkur\u0101 situ\u0101cij\u0101: av\u0101rijas atsl\u0113ga + poga aizmirst\u0101m parol\u0113m vai str\u0101vas padeves p\u0101rtraukumiem un parole + poga ikdienas lieto\u0161anai.<\/div><\/div><div class=\"section\"><div class=\"section-title\"><\/div><div class=\"section-img\"><img decoding=\"async\" src=\"\/vevor\/product\/LCSBXX25L000IZ30I\/drop-slot-safe-a100-2.4.jpg\" alt=\"VEVOR depozit\u0101rija seifs ar uzlabotu autom\u0101tisk\u0101s trauksmes funkciju, lai nov\u0113rstu paro\u013cu nopl\u016bdes un brut\u0101la sp\u0113ka uzbrukumus.\" \/><\/div><div class=\"section-mobile-img\"><img decoding=\"async\" src=\"\/vevor\/product\/LCSBXX25L000IZ30I\/drop-slot-safe-a100-2.4-m.jpg\" alt=\"VEVOR depozit\u0101rija seifs ar uzlabotu autom\u0101tisk\u0101s trauksmes funkciju, lai nov\u0113rstu paro\u013cu nopl\u016bdes un brut\u0101la sp\u0113ka uzbrukumus.\" \/><\/div><div class=\"section-desc\">M\u016bsu depoz\u012bta seifam ar ievieto\u0161anas slotu ir inteli\u0123enta 30 sekun\u017eu autom\u0101tisk\u0101s trauksmes funkcija. Ja neat\u013cauta persona m\u0113\u0123ina uzlauzt j\u016bsu paroli, tr\u012bs sec\u012bgas nepareizas paroles ievad\u012b\u0161ana aktiviz\u0113 autom\u0101tisku 30 sekun\u017eu trauksmi. \u0160\u012b \u0101tr\u0101 rea\u0123\u0113\u0161ana \u013cauj jums nekav\u0113joties r\u012bkoties.<\/div><\/div><div class=\"section\"><div class=\"section-title\"><\/div><div class=\"section-img\"><img decoding=\"async\" src=\"\/vevor\/product\/LCSBXX25L000IZ30I\/drop-slot-safe-a100-2.5.jpg\" alt=\"VEVOR glab\u0101\u0161anas seifu var viegli uzst\u0101d\u012bt pie sienas, gr\u012bdas vai skapja, izmantojot iepriek\u0161 izurbtus caurumus un skr\u016bves.\" \/><\/div><div class=\"section-mobile-img\"><img decoding=\"async\" src=\"\/vevor\/product\/LCSBXX25L000IZ30I\/drop-slot-safe-a100-2.5-m.jpg\" alt=\"VEVOR glab\u0101\u0161anas seifu var viegli uzst\u0101d\u012bt pie sienas, gr\u012bdas vai skapja, izmantojot iepriek\u0161 izurbtus caurumus un skr\u016bves.\" \/><\/div><div class=\"section-desc\">Izbaudiet \u0113rtu uzst\u0101d\u012b\u0161anu! Divas iepriek\u0161 urbt\u0101s uzst\u0101d\u012b\u0161anas atveres uz seifa ar nolai\u017eamo slotu lieliski sakr\u012bt ar durv\u012bm, vienk\u0101r\u0161ojot uzst\u0101d\u012b\u0161anas procesu, ko var paveikt tikai da\u017e\u0101s min\u016bt\u0113s.<\/div><\/div><div class=\"section\"><div class=\"section-img\"><img decoding=\"async\" src=\"\/vevor\/product\/LCSBXX25L000IZ30I\/drop-slot-safe-a100-1.11.jpg\" alt=\"VEVOR noliktavas seifs ss-515 ar samta iek\u0161pusi, 2,5\u00a0c ietilp\u012bbu un ar baterij\u0101m darbin\u0101mu sl\u0113dzeni.\" \/><\/div><div class=\"section-mobile-img\"><img decoding=\"async\" src=\"\/vevor\/product\/LCSBXX25L000IZ30I\/drop-slot-safe-a100-1.11-m.jpg\" alt=\"VEVOR noliktavas seifs ss-515 ar samta iek\u0161pusi, 2,5\u00a0c ietilp\u012bbu un ar baterij\u0101m darbin\u0101mu sl\u0113dzeni.\" \/><\/div><\/div><\/div><\/body><\/html><\/div>\n<div class=\"DM_at-title\" id=\"js-DM_at-title\"> <div>Produkta specifik\u0101cija<\/div> <i class=\"icon-arrowup_line\"><\/i> <\/div><div class=\"DM_at-goodsDescAttr\" id=\"js-DM_at-goodsDescAttr\"> <div class=\"DM_at-goodsDescAttrInner\"> <dl class=\"goodsDesc_item goodsDesc_item_even\"> <dt>Preces Mode\u013ca Numurs<\/dt> <dd> SS-515<\/dd> <\/dl> <dl class=\"goodsDesc_item\"> <dt>Jauda<\/dt> <dd> 2,5\u00a0\u00b0C<\/dd> <\/dl> <dl class=\"goodsDesc_item goodsDesc_item_even\"> <dt>Baro\u0161anas avots<\/dt> <dd> 4 AA baterijas (nav iek\u013cautas)<\/dd> <\/dl> <dl class=\"goodsDesc_item\"> <dt>Parole<\/dt> <dd> 3\u201312 ciparu parole, l\u012bdz 2 parol\u0113m<\/dd> <\/dl> <dl class=\"goodsDesc_item goodsDesc_item_even\"> <dt>Produkta Izm\u0113ri<\/dt> <dd> 20.27x13.97x13.97 inch\/515x355x355 mm<\/dd> <\/dl> <dl class=\"goodsDesc_item\"> <dt>Iek\u0161\u0113jie izm\u0113ri<\/dt> <dd> 15.94x13.77x12.99 inch\/405x350x330 mm<\/dd> <\/dl> <dl class=\"goodsDesc_item goodsDesc_item_even\"> <dt>Produkta Svars<\/dt> <dd> 41,88 m\u0101rci\u0146as\/19 kg<\/dd> <\/dl> <dl class=\"goodsDesc_item\"> <dt>Materi\u0101ls<\/dt> <dd> Q235 auksti velm\u0113ts t\u0113rauds<\/dd> <\/dl> <dl class=\"goodsDesc_item goodsDesc_item_even\"> <dt>Vibr\u0101cijas trauksme<\/dt> <dd> J\u0101<\/dd> <\/dl> <\/div> <\/div>","protected":false},"excerpt":{"rendered":"<ul>\n<li> 2,5C seifs ar nodal\u012bjumu seifam: Ar ietilp\u012bgu 2,5C ietilp\u012bbu un \u0101r\u0113jiem izm\u0113riem 20 collu (garums) x 13 collu (platums) x 13 collu (augstums) \u0161is noliktavas seifs ir ide\u0101li piem\u0113rots svar\u012bgu dokumentu, rotaslietu, mon\u0113tu, fotoatt\u0113lu un citu v\u0113rt\u012bgu priek\u0161metu glab\u0101\u0161anai. Priek\u0161pus\u0113 eso\u0161\u0101 nodal\u012bjuma nodal\u012bjums vienk\u0101r\u0161o skaidras naudas un dokumentu ievieto\u0161anu, neatverot durvis. <\/li>\n<li> Iztur\u012bga t\u0113rauda konstrukcija: Izgatavots no cietas 10 mm integr\u0113tas t\u0113rauda pl\u0101ksnes, m\u016bsu depoz\u012bta seifs ar nolai\u017eamo slotu pied\u0101v\u0101 uzlabotu dro\u0161\u012bbu un uzticam\u012bbu. Tam ir tr\u012bs 28 mm cietas skr\u016bves, kas efekt\u012bvi nov\u0113r\u0161 z\u0101dz\u012bbas, ielau\u0161anos un citas noziedz\u012bgas darb\u012bbas. Nodro\u0161iniet izcilu aizsardz\u012bbu j\u016bsu m\u0101j\u0101m un uz\u0146\u0113mumam! <\/li>\n<li> Divk\u0101r\u0161as atblo\u0137\u0113\u0161anas metodes: Elektronisk\u0101 sl\u0113dzene ar sk\u0101rienpogas funkciju pied\u0101v\u0101 vair\u0101kas dro\u0161\u012bbas funkcijas. 3\u201312 ciparu paroles garums apgr\u016btina t\u0101s uzlau\u0161anu. Turkl\u0101t var iestat\u012bt personisko un p\u0101rvald\u012bbas paroli, lai aizsarg\u0101tu j\u016bsu mantas un priv\u0101tumu. Ir divi piek\u013cuves veidi: av\u0101rijas atsl\u0113ga + pogas atblo\u0137\u0113\u0161ana, ja parole tiek aizmirsta pirmo reizi, vai akumulatora izl\u0101des gad\u012bjum\u0101 \u2014 parole + pogas atblo\u0137\u0113\u0161ana ikdienas lieto\u0161anai. <\/li>\n<li> Viedais 30 sekun\u017eu autom\u0101tiskais trauksmes sign\u0101ls: M\u016bsu seifs ar nome\u0161anas slotu ir apr\u012bkots ar viedu 30 sekun\u017eu autom\u0101tisk\u0101s trauksmes funkciju. Ja k\u0101ds m\u0113\u0123ina nelikum\u012bgi uzlauzt j\u016bsu paroli un tr\u012bs reizes p\u0113c k\u0101rtas ievada nepareizus m\u0113\u0123in\u0101jumus, sist\u0113ma aktiviz\u0113s 30 sekun\u017eu trauksmes sign\u0101lu. \u0160is savlaic\u012bgais br\u012bdin\u0101jums \u013cauj jums efekt\u012bvi r\u012bkoties, nov\u0113r\u0161ot paroles nopl\u016bdi un brut\u0101la sp\u0113ka uzbrukumus. <\/li>\n<li> Convenient &#038; Easy Installation: Installing our drop safe is not only highly secure but also straightforward. Pre-drilled holes and bolts make it easy to mount the safe on walls, floors, or shelves. The two pre-drilled installation holes on the safe align with the door, simplifying the installation process. Completed in just a few minutes! <\/li>\n<\/ul>","protected":false},"featured_media":273398,"comment_status":"closed","ping_status":"open","template":"","meta":{"om_disable_all_campaigns":false,"_monsterinsights_skip_tracking":false,"_monsterinsights_sitenote_active":false,"_monsterinsights_sitenote_note":"","_monsterinsights_sitenote_category":0,"_uf_show_specific_survey":0,"_uf_disable_surveys":false},"location":[1935,1934],"product_brand":[21],"product_cat":[3501,2552,2453,2374],"product_tag":[],"class_list":{"0":"post-19848","1":"product","2":"type-product","3":"status-publish","4":"has-post-thumbnail","6":"location-supplier_stock_location","7":"location-local_stock_location","8":"product_brand-vevor","9":"product_cat-drop-safes","10":"product_cat-safes-safety-security","11":"product_cat-safety-security","12":"product_cat-tools","14":"first","15":"instock","16":"taxable","17":"shipping-taxable","18":"purchasable","19":"product-type-simple"},"aioseo_notices":[],"jetpack_sharing_enabled":true,"locations":[{"id":1935,"name":"Pieg\u0101d\u0101t\u0101ja noliktav\u0101 (5-7d.d.)","slug":"supplier_stock_location","quantity":"259"},{"id":1934,"name":"R\u012bgas veikal\u0101 (0-2d.d.)","slug":"local_stock_location","quantity":"0"}],"_links":{"self":[{"href":"https:\/\/vevorshop.lv\/lv\/wp-json\/wp\/v2\/product\/19848","targetHints":{"allow":["GET"]}}],"collection":[{"href":"https:\/\/vevorshop.lv\/lv\/wp-json\/wp\/v2\/product"}],"about":[{"href":"https:\/\/vevorshop.lv\/lv\/wp-json\/wp\/v2\/types\/product"}],"replies":[{"embeddable":true,"href":"https:\/\/vevorshop.lv\/lv\/wp-json\/wp\/v2\/comments?post=19848"}],"wp:featuredmedia":[{"embeddable":true,"href":"https:\/\/vevorshop.lv\/lv\/wp-json\/wp\/v2\/media\/273398"}],"wp:attachment":[{"href":"https:\/\/vevorshop.lv\/lv\/wp-json\/wp\/v2\/media?parent=19848"}],"wp:term":[{"taxonomy":"location","embeddable":true,"href":"https:\/\/vevorshop.lv\/lv\/wp-json\/wp\/v2\/location?post=19848"},{"taxonomy":"product_brand","embeddable":true,"href":"https:\/\/vevorshop.lv\/lv\/wp-json\/wp\/v2\/product_brand?post=19848"},{"taxonomy":"product_cat","embeddable":true,"href":"https:\/\/vevorshop.lv\/lv\/wp-json\/wp\/v2\/product_cat?post=19848"},{"taxonomy":"product_tag","embeddable":true,"href":"https:\/\/vevorshop.lv\/lv\/wp-json\/wp\/v2\/product_tag?post=19848"}],"curies":[{"name":"wp","href":"https:\/\/api.w.org\/{rel}","templated":true}]}}