{"id":200159,"date":"2025-09-23T22:01:26","date_gmt":"2025-09-23T19:01:26","guid":{"rendered":"https:\/\/vevorshop.lv\/en_us\/Prece\/vevor-30w-12v-solar-panel-charger-with-mppt-controller-adjustable-mount-ip67-waterproof-for-car-boat-rv-trailer-motorcycle\/"},"modified":"2026-04-22T17:17:21","modified_gmt":"2026-04-22T14:17:21","slug":"vevor-30w-12v-solar-panel-charger-with-mppt-controller-adjustable-mount-ip67-waterproof-for-car-boat-rv-trailer-motorcycle","status":"publish","type":"product","link":"https:\/\/vevorshop.lv\/lv\/Prece\/vevor-30w-12v-saules-panela-ladetajs-ar-mppt-kontrolieri-regulejams-stiprinajums-ip67-udensizturigs-auto-laivai-rv-piekabes-motociklam\/","title":{"rendered":"VEVOR 30W 12V saules pane\u013ca l\u0101d\u0113t\u0101js ar MPPT kontrolieri, IP67 \u016bdensdro\u0161s, regul\u0113jams stiprin\u0101jums auto, RV, laivai, motociklam"},"content":{"rendered":"<div style=\"color: #fff!important; font-size: 16px; height: 24px; line-height: 24px; margin-top: -24px; \" class=\"product_original_name\">VEVOR 30W 12V saules pane\u013ca akumulatora l\u0101d\u0113t\u0101js, saules akumulatora l\u0101d\u0113t\u0101ja uztur\u0113t\u0101js ar inteli\u0123entu MPPT kontrolieri un regul\u0113jamu stiprin\u0101juma kron\u0161teinu, IP67 \u016bdensiztur\u012bgs automa\u0161\u012bnai, laivai, RV motocikla piekabei<\/div>\n<div style=\"color: #fff!important; font-size: 16px; height: 24px; line-height: 24px; margin-top: -24px; \" class=\"product_sku\">MFWWPS5F<\/div>\n<div style=\"color: #fff!important; font-size: 16px; height: 24px; line-height: 24px; margin-top: -24px; \" class=\"product_mpn\">ZJKXLDJG30WWQGYWF001Y3<\/div><div id=\"js-DM_at-goodDescRich\"><html><head><style>  body {    font-family: Arial;    line-height: 1.5;    color: #1c1c1c;    overflow-x: hidden;    margin: 0;    padding: 0;  }  .MsoNormal b {    font-weight: bolder;  }<\/style><style>  .container.small {    width: 970px;    margin: 0 auto;  }  .logo {    margin: 0 auto 0;  }  .logo img {    display: block;    margin: 0 auto;    max-width: 100%;  }  .logo .pc-banner {    display: block;    width: 1200px;    height: 247.4px;    margin: 0 auto;  }  .logo .pc-banner.small {    width: 970px;  }  .logo .pc-banner.small img {    height: auto!important;  }  .logo .m-banner {    display: none;  }  .ytvideo {    position: relative;    height: 546px;    width: 100%;    margin: 0 auto;  }  .ytvideo img {    width: 100%;    margin: 0 auto;  }  .ytvideo .play-btn {    width: 60px;    height: 42px;    position: absolute;    top: 50%;    left: 50%;    transform: translate(-50%, -50%);    background: url(\"data:image\/png;base64,iVBORw0KGgoAAAANSUhEUgAAAGQAAABGCAMAAAANWMFbAAAC+lBMVEUAAADBGB3kLCfBGB3kLCfcJC7BFx3KKSbiKybkLCbWJCPSIiLSIiLPICHAFx3kLCfgKSXNHiDZJiTIGx\/p4eHcjo7LHSDbJyTkLCbjKyfOHyHPIiL28fHJHB\/GGh7EGR7eKCXDGB3RISHlLSbBGB3AFxzGHB7DGB7BGB3hKybkKybAFx3lLCfAFxzDGR3hKibDGB7cJyTmz8\/elJTlwcHjurrUIyLlLSflLSfAFx3DGR7lLSfCFx3hKibhKibhKybjKybkLCblLSfbJSX49vbx7e3NNzjNMTLMJyjVIyLZf3\/ZQ0LaeHjx0tLgoqLkLCfCGB3HGx\/BGB3BFx3PICHCGB7WJCLOHyC\/Fxy\/Fx3lLCfQISHkLSe\/FxzbJiTBFx3FGx\/AGB7BFx3EGR7AGB3HHSDfKiXAFh3TISHYNzbhKibbJyTTIiL57e325+f039\/v2NjUV1fOHiHiqanfmprch4feKSXVIyPOICHmLibFGh\/mLSe\/Fx7XJCPeKSXXJSPNHyHaJyTGGh7lLCbmLCflLSjSIiLkLCbdKSXLHiC\/GB3KHh++Fh3lKyfoLiXcKCPkx8fYb2\/XaGfVXl3aU1LLHiDksbHgKibPICHbJyTfKSXbJyTCGB3KHSDiKybFGh7TIiL\/\/\/\/VIyPRISHIHB\/GGx\/HHB\/DGR7gKibdKCXLHiDZJiTMHiDNHyHYJSTOICHPICHWJCPcKCXXJSPjLCblLCf+\/f3NGR\/uLijzLynPGR\/IGB7WISHaIyLLGh7UAADxLynNAADRLzDbICLQAADIAAD3MCrUHSHXMTDpKSbLAADp5OTij4\/ejo\/VLy\/1LyngJSTcJCPQHx\/OHB7+\/PzaMS\/OLS\/vLijrLSjSAADaNTPwLyjkKSbNJCbYISHPHB\/KGB7WAAD7+vrn3d3aKynTKCjoLCfsKifRGh\/YAADq5+fhjo7QNDXXKCfmJyXt5+fTLzDLLi\/QKivYHRvMGBrQJCXLISPMExXLDxLaEAvkkI\/bOTfaFQ\/SCgpvLcnHAAAAmnRSTlMA+vv7+gT9Bvf9+8z8\/NSv\/Pr5+P7++vnQIBMP\/v38\/Pn348XDiCYf9OjbzcqxXVcx\/fz8+\/rj1r2poo1+fXFqX0orGP7+\/v7+\/fz8+\/r68uzn4trIxsG\/vri3p6GcmZSNbWVYUUZEPQv+\/f39+\/v7+\/v7+vr64tvV1NTTz87FtbSurqeblJKFg4B3bUY+NjL7+\/v7+\/v67t1cDo8JLQAABkRJREFUWMO0kz9rwkAYh0OIeJkum6YugUAhISCdKoj\/P4C7SMdS+gEKIhSKil10LSg4mzXkILdlEpxCpwTiWOLX6BujvQaEQuGeHLnL+\/64J+SIcKGYTYWnntpdLjrVdqvZmNdn0+EE40GtpuuWVS6Xx6N7YDSGpWXpeq02wHgynM7q80az1a52HpddtVcpsi1zFARBrdaxbhp9iUReTGmwA4KAAr7vx3EYejnCMI6hQYEgy0LQi4jUN0wL19vqFcUC9\/1dAKmEEFkWRYkh5oBejnxQJiSJPJ\/uKBp0Thszx9Mw8hMRIQjKsptCfuES9zr5WJY6vSFCIvE9fCMUmEM1A1kSXcYGxgVYsvI1IPKTZciSTI0us\/SMGG04gDzELDoFBwdcFJrF88dqgYMTiL6DILWYyfOWE8\/kIz38olCNlC03FK95+imxp6y4oUSvAnBjHHhKNtotSDqJzVFiK8c2SBqhZtsrTtgrLXwAyduxZHNE26eHUt5rtuM4WSmds3G+sUdWYo1L+XyxButoh5eKUHk5lByO3G1LqqCWVnfrv\/lyPtf\/4ps1cndNGIri8J1TJ0lx6dR\/oPjq1nbRwdp2dCk4CtIOLW3pVKRL6WZfS5vF2KkIQhpwSsjiYIgNCs1gEMGqiIq24NQX9NwoXFy8Ufrl3twTcg4fv8T9\/JBEySduj6Mjm4bMzYV7EEOxKjjoNDud7yY3Dy71Hq2oLmqfbNR723edH9PgMrNL2utoQ3VmaIDkiw\/4w51P06hlZsTZvkRrbVuSIs\/zwSOsycgzStQouoAkWQqioRT5XI7n2Z1wfVhoZmcAJLsoqjqpjbWCgpOAJXBwHK8PzWbNvoUZJND5wCnSkLAkZ1legx6vqQzjoiTahKlGUGLAiIIoABOHaNVw4sexZBym6\/HWlH5h3IC7yRbxtipcWxdTOkORKiNQAEkFf66x5S2oeRbroOlLgg0sSYkR0hRGEqJZ0jTPiQKatESdBckpWigxaapEH0lImHdWu9pUFF2XqMNM2Z4kped7IwEJw2qabwtrQqnpw6HyKkgcadKWsmpywwesDyIhYRpdzXddqegtGIJlXbAIUMOLkGxJUjRIkokwjUaX9d\/kK62ps\/tYUqZLIMkLTyBhsMZ3C5Z\/kDxOSCb\/DOs\/\/J0qcWSX\/2ipe56EgTCA4\/cB7NAYOsni4mZM1MUPAISoEwkDi4lhVBQ1cWQyIcwalw4EpqZN68JUSK7XC0kTlkLYii5uXSC8jT5ncCAS7mjCv0uHp\/3lueHEEAeQ\/\/VgmdN71\/2uCSA1Xr6DO6uI6sW56zqT2tp2PhgiRUAajV8CY2fkcz6WGNKMgLAt7tJAhD4YHMTeRxlALE6+43WqjSWi8ITxyJl8WrwWSNESQZZOqhDDntO3hJLsd5RtSpbJqdv3YrDJH3F7jL1R2O2aQkn2MyCyKYz0GPGIvSAMgBCrCEiJyKbBaYGwLW4uPRr0A0M4Ux5kUI7IBh+hMdiCEWNqhMZGyYMsOgNE58UQuEQeUnSWCMYwL54hkxK6IoqucQZbQ3pc3XtL0lky1dL0zZJJDpWJovFqpWj6JEHnyam2eQp5QRVAVHjWparTOaVwUOx99YS2MvgxIGV0bb+qIg2HX2qkFFJB+XZcbLiuRkuxD9GRroKyveLxdh4d7Orx+hb7qc3uVRuEogCOnyIxm4ubUoPgF4jianDrC+SDQDKEfJb0GUKmjCGPYHGJvVC6X4hw1\/sAfQAdfYyephIaspXe36RwOP+Ljvfx9B6B3i+Nk0DGq+oCbLn6JpBa9nWAveAIHwFAwtVcIJXPMPL8kRu5OAYPMaL1WScTxjiZDqB9LTJSWphow\/pTYKRTLjCBhvi9iBidvKcDasGSm0QQkycYuLBqj6QCELPctqChDWpTRMWkngNNpQ1Pfp1KkiT\/Y0DGffXAweUNfLAfaJFKDwhb6I+bkYRbkERoEeu3Fyjg2opMz2daZCS9jt6Q7txNfB+OZEVF6Zl5web2xunnLQrtrjXseXKaFYziYINeMFZVxS9VxRhOoesYwxPKXm+gWLG9cuFeq93UNNeJNsf1KlwuDok9n02n3TgIJpOxNfL9naIoQwXtfH9kjceTIIi709ncTg6LZbg+biLH1V6u\/7rxBem06VXKn9raAAAAAElFTkSuQmCC\")      no-repeat center center \/ contain;  }  @media screen and (max-width: 960px) and (orientation: portrait) {    .logo {      width: 100%;    }    .logo .pc-banner {      display: none;    }    .logo .m-banner {      display: block;      width: 100%;    }    .logo .m-banner img {      height: auto!important;    }    .ytvideo {      height: 200px;      width: 100%;    }  }<\/style><style>  .video-section {    width: 100%;    margin: 0 auto;  }  .video-section > img {    width: 100%;  }  .video-section iframe,  .video-section video {    width: 100%;    height: 100%;      }  .video-section-img-m,  .video-section-img-pc > img {    width: 100%;    height: auto;  }  .video-section-img-pc.small > img {    width: 970px;  }  .video-desc {    line-height: 1.5;    font-size: 20px;    font-weight: 400;    margin: 20px 0;    text-align: center;    color: #0f1111;    word-break: break-word;  }  @media screen and (max-width: 960px) and (orientation: portrait) {    .video-section {      width: 100%;    }    .video-section-pc,    .video-section-img-pc {      display: none;    }    .video-section-m,    .video-section-img-m {      display: block;    }    .video-desc {      font-size: 15px;    }  }  @media screen and (min-width: 960px) {    .video-section {      width: 100%;      margin: 0 auto;    }    .video-section-pc,    .video-section-img-pc {      display: block;    }    .video-section-m,    .video-section-img-m {      display: none;    }    .video-desc {      font-size: 20px;    }  }<\/style><style>  .section + .section {    margin-top: 35px;  }  .section-title {    text-align: center;    font-weight: bold;    color: #0d1111;    font-family: \"Arial\";    font-size: 32px;    margin: 15px 0;  }  .section-title:empty {    display: none;  }  .section-desc {    text-align: center;    font-weight: normal;    color: #0d1111;    margin-top: 20px;  }  .section-desc:empty {    display: none;  }  .section-img {    width: 1200px;    height: 492px;    margin: 0 auto;    display: block;  }  .section-img.small {    width: 970px;    height: auto;  }  .section-img.small > img {    height: auto;  }  .section-img > img {    width: 100%;    height: 100%;  }  .section-mobile-img {    display: none;    max-width: 100vw;    max-height: 75vw;    height: 450px;    margin: 0 auto;  }  .section-mobile-img > img {    width: 100%;    height: 100%;  }  @media screen and (max-width: 960px) and (orientation: portrait) {    .container {      width: 100%;    }    .container.small {      width: 100%;    }    .section-mobile-img {      display: block;    }    .section-img {      display: none;    }    .section-title {      font-size: 22px;      margin: 10px 0;    }    .section-desc {      margin-top: 10px;    }    .section + .section {      margin-top: 20px;    }  }<\/style><\/head><body><div class=\"container\"><div class=\"logo\"><div class=\"pc-banner\"><div><img decoding=\"async\" src=\"\/vevor\/vevor\/boutique-banner\/pc\/en-pc@1x.jpg\" style=\"width: 100%;\" \/><\/div><\/div><div class=\"m-banner\"><div><img decoding=\"async\" src=\"\/vevor\/vevor\/boutique-banner\/mobile\/en-m@1x.jpg\" style=\"width: 100%;\" \/><\/div><\/div><\/div><div class=\"section-title\">Dro\u0161a un uzticama saules ener\u0123ijas uzl\u0101de 12 V akumulatoriem<\/div><div class=\"video-section\"><div class=\"video-section-img-pc\"><img decoding=\"async\" src=\"\/vevor\/product\/ZJKXLDJG30WWQGYWF001\/solar-battery-trickle-charger-a100-1.4.jpg\" \/><\/div><div class=\"video-section-img-m\"><img decoding=\"async\" src=\"\/vevor\/product\/ZJKXLDJG30WWQGYWF001\/solar-battery-trickle-charger-a100-1.4-m.jpg\" \/><\/div><div class=\"section-desc\">Atvadieties no izl\u0101d\u0113ju\u0161\u0101m baterij\u0101m! M\u016bsu 30 W 12 V saules bateriju nep\u0101rtrauktas uzl\u0101des uztur\u0113t\u0101js izmanto saules ener\u0123iju, lai nodro\u0161in\u0101tu uzticamu jaudu j\u016bsu 12 V akumulatoriem. Izgatavots ar augstas efektivit\u0101tes monokrist\u0101lisk\u0101m saules baterij\u0101m, tas nodro\u0161ina stabilu uzl\u0101di un uztur\u0113\u0161anu automa\u0161\u012bn\u0101m, kemperiem, laiv\u0101m un cit\u0101m ier\u012bc\u0113m.<\/div><\/div><div class=\"section\"><div class=\"section-title\"><\/div><div class=\"section-img\"><img decoding=\"async\" src=\"\/vevor\/product\/ZJKXLDJG30WWQGYWF001\/solar-battery-trickle-charger-a100-2.2.jpg\" \/><\/div><div class=\"section-mobile-img\"><img decoding=\"async\" src=\"\/vevor\/product\/ZJKXLDJG30WWQGYWF001\/solar-battery-trickle-charger-a100-2.2-m.jpg\" \/><\/div><div class=\"section-desc\">Saules pane\u013ca akumulatora l\u0101d\u0113t\u0101js ir apr\u012bkots ar inteli\u0123entu MPPT kontrolieri, kas nodro\u0161ina vair\u0101kus aizsardz\u012bbas sl\u0101\u0146us. Tas autom\u0101tiski p\u0101rtrauc uzl\u0101di, kad akumulatora spriegums sasniedz 12 V, un ats\u0101k uzl\u0101di un uztur\u0113\u0161anu, kad spriegums pazemin\u0101s.<\/div><\/div><div class=\"section\"><div class=\"section-title\"><\/div><div class=\"section-img\"><img decoding=\"async\" src=\"\/vevor\/product\/ZJKXLDJG30WWQGYWF001\/solar-battery-trickle-charger-a100-2.3.jpg\" \/><\/div><div class=\"section-mobile-img\"><img decoding=\"async\" src=\"\/vevor\/product\/ZJKXLDJG30WWQGYWF001\/solar-battery-trickle-charger-a100-2.3-m.jpg\" \/><\/div><div class=\"section-desc\">\u0160is IP65 saules bateriju l\u0101d\u0113t\u0101js, kas ir izstr\u0101d\u0101ts, lai iztur\u0113tu v\u0113ju, lietu, sniegu un saules gaismu, dro\u0161i darbojas \u0101ra apst\u0101k\u013cos. Tas nodro\u0161ina stabilu un vienm\u0113r\u012bgu uzl\u0101di visu gadu, uzturot j\u016bsu baterijas darbin\u0101mas neatkar\u012bgi no laikapst\u0101k\u013ciem.<\/div><\/div><div class=\"section\"><div class=\"section-title\"><\/div><div class=\"section-img\"><img decoding=\"async\" src=\"\/vevor\/product\/ZJKXLDJG30WWQGYWF001\/solar-battery-trickle-charger-a100-2.4.jpg\" \/><\/div><div class=\"section-mobile-img\"><img decoding=\"async\" src=\"\/vevor\/product\/ZJKXLDJG30WWQGYWF001\/solar-battery-trickle-charger-a100-2.4-m.jpg\" \/><\/div><div class=\"section-desc\">\u0160im saules pane\u013ca akumulatora l\u0101d\u0113t\u0101jam ir komplekt\u0101 3,1 m (122 collu) pagarin\u0101t\u0101js un 1,1 m (43,3 collu) aligatora klip\u0161i. Vienk\u0101r\u0161i pievienojiet to savam 12 V akumulatoram, lai \u0101tri uzl\u0101d\u0113tu.<\/div><\/div><div class=\"section\"><div class=\"section-title\"><\/div><div class=\"section-img\"><img decoding=\"async\" src=\"\/vevor\/product\/ZJKXLDJG30WWQGYWF001\/solar-battery-trickle-charger-a100-2.5.jpg\" \/><\/div><div class=\"section-mobile-img\"><img decoding=\"async\" src=\"\/vevor\/product\/ZJKXLDJG30WWQGYWF001\/solar-battery-trickle-charger-a100-2.5-m.jpg\" \/><\/div><div class=\"section-desc\">\u0160is saules bateriju uzl\u0101des komplekts ir sader\u012bgs ar da\u017e\u0101diem 12 V akumulatoriem, nodro\u0161inot uzticamu risin\u0101jumu akumulatoru uzl\u0101d\u0113\u0161anai. (Izmantojot kust\u012bg\u0101 transportl\u012bdzekl\u012b, l\u016bdzu, stingri nostipriniet gan kron\u0161teinu, gan pamatni pie transportl\u012bdzek\u013ca, lai saglab\u0101tu le\u0146\u0137i un nov\u0113rstu sl\u012bd\u0113\u0161anu.)<\/div><\/div><div class=\"section\"><div class=\"section-img\"><img decoding=\"async\" src=\"\/vevor\/product\/ZJKXLDJG30WWQGYWF001\/solar-battery-trickle-charger-a100-1.11.jpg\" \/><\/div><div class=\"section-mobile-img\"><img decoding=\"async\" src=\"\/vevor\/product\/ZJKXLDJG30WWQGYWF001\/solar-battery-trickle-charger-a100-1.11-m.jpg\" \/><\/div><\/div><\/div><\/body><\/html><\/div>\n<div class=\"DM_at-title\" id=\"js-DM_at-title\"> <div>Produkta specifik\u0101cija<\/div> <i class=\"icon-arrowup_line\"><\/i> <\/div><div class=\"DM_at-goodsDescAttr\" id=\"js-DM_at-goodsDescAttr\"> <div class=\"DM_at-goodsDescAttrInner\"> <dl class=\"goodsDesc_item goodsDesc_item_even\"> <dt>Preces Mode\u013ca Numurs<\/dt> <dd> 30\u00a0W<\/dd> <\/dl> <dl class=\"goodsDesc_item\"> <dt>Maksim\u0101l\u0101 jauda<\/dt> <dd> 30\u00a0W<\/dd> <\/dl> <dl class=\"goodsDesc_item goodsDesc_item_even\"> <dt>Maksim\u0101lais jaudas spriegums<\/dt> <dd> 20 V<\/dd> <\/dl> <dl class=\"goodsDesc_item\"> <dt>Sader\u012bgs akumulatora spriegums<\/dt> <dd> 12 V<\/dd> <\/dl> <dl class=\"goodsDesc_item goodsDesc_item_even\"> <dt>Saules baterija<\/dt> <dd> Monokrist\u0101liskais sil\u012bcijs<\/dd> <\/dl> <dl class=\"goodsDesc_item\"> <dt>Virsmas materi\u0101ls<\/dt> <dd> Augstas caursp\u012bd\u012bbas r\u016bd\u012bts stikls<\/dd> <\/dl> <dl class=\"goodsDesc_item goodsDesc_item_even\"> <dt>Kontroliera tips<\/dt> <dd> \u0100r\u0113jais MPPT kontrolieris<\/dd> <\/dl> <dl class=\"goodsDesc_item\"> <dt>\u016adensiztur\u012bbas v\u0113rt\u0113jums<\/dt> <dd> IP65<\/dd> <\/dl> <dl class=\"goodsDesc_item goodsDesc_item_even\"> <dt>Neto Svars<\/dt> <dd> 4,61 m\u0101rci\u0146as \/ 2,09 kg<\/dd> <\/dl> <dl class=\"goodsDesc_item\"> <dt>Saules pane\u013cu izm\u0113ri<\/dt> <dd> 18,82 x 16,46 x 0,79 collas \/ 478 x 418 x 20 mm<\/dd> <\/dl> <\/div> <\/div>","protected":false},"excerpt":{"rendered":"<ul>\n<li> Efekt\u012bva akumulatora uzl\u0101de: \u0160is 30 W 12 V saules pane\u013ca akumulatora l\u0101d\u0113t\u0101js ir veidots no efekt\u012bv\u0101m monokrist\u0101lisk\u0101m \u0161\u016bn\u0101m un augstas caursp\u012bd\u012bbas r\u016bd\u012bta stikla, nodro\u0161inot augst\u0101ku konversijas efektivit\u0101ti un \u0101tr\u0101ku uzl\u0101des \u0101trumu, garant\u0113jot, ka akumulators \u0101tri atjauno ener\u0123iju. <\/li>\n<li> Pla\u0161a sader\u012bba: Savietojams ar vair\u0101kiem 12 V akumulatoriem, tostarp LiFePO4, Li-ion, AGM, Gel, SLA, EFB. M\u016bsu saules bateriju nep\u0101rtrauktas uzl\u0101des uztur\u0113t\u0101js ir piem\u0113rots laiv\u0101m, automa\u0161\u012bn\u0101m, kemperiem, piekab\u0113m, j\u016bras transportl\u012bdzek\u013ciem, \u0123eneratoriem, \u016bdens s\u016bk\u0146iem, z\u0101les p\u013c\u0101v\u0113jiem, v\u0101rtu atv\u0113r\u0113jiem un citiem transportl\u012bdzek\u013ciem. <\/li>\n<li> Viedais MPPT kontrolieris: Apr\u012bkots ar viedu MPPT kontrolieri ar 6 pak\u0101pju aizsardz\u012bbu. Tas autom\u0101tiski p\u0101rtrauc uzl\u0101di, kad akumulators sasniedz 12 V, un ats\u0101k uzl\u0101di, kad spriegums samazin\u0101s, nov\u0113r\u0161ot p\u0101rl\u0101d\u0113\u0161anu vai p\u0101rm\u0113r\u012bgu izl\u0101di un pagarinot akumulatora kalpo\u0161anas laiku.\n <\/li>\n<li> Iztur\u012bba pret visiem laikapst\u0101k\u013ciem: \u0160is IP65 \u016bdensnecaurlaid\u012bgais saules bateriju l\u0101d\u0113t\u0101js-apkop\u0113js dro\u0161i darbojas \u0101rpus telp\u0101m un ir izstr\u0101d\u0101ts, lai iztur\u0113tu v\u0113ju, lietu, sniegu un saules gaismu. Komplekt\u0101 ietilpst 0\u00b0\u201360\u00b0 regul\u0113jams stiprin\u0101juma kron\u0161teins elast\u012bgai uzst\u0101d\u012b\u0161anai un maksim\u0101lai saules gaismas iedarb\u012bbai.\n <\/li>\n<li> Viegli piesl\u0113dzams: \u0160im saules pane\u013cu akumulatora uzl\u0101des komplektam ir 122 collu pagarin\u0101t\u0101js un 43,3 collu aligatora klip\u0161i. Vienk\u0101r\u0161i pievienojiet un lietojiet, lai nodro\u0161in\u0101tu dro\u0161u uzl\u0101di (lietojot kust\u012bg\u0101 transportl\u012bdzekl\u012b, l\u016bdzu, stingri nostipriniet gan kron\u0161teinu, gan pamatni, lai saglab\u0101tu le\u0146\u0137i un nov\u0113rstu sl\u012bd\u0113\u0161anu).\n <\/li>\n<\/ul>","protected":false},"featured_media":418928,"comment_status":"open","ping_status":"open","template":"","meta":{"om_disable_all_campaigns":false,"_monsterinsights_skip_tracking":false,"_monsterinsights_sitenote_active":false,"_monsterinsights_sitenote_note":"","_monsterinsights_sitenote_category":0,"_uf_show_specific_survey":0,"_uf_disable_surveys":false},"location":[1935,1934],"product_brand":[],"product_cat":[100,2121,562],"product_tag":[],"class_list":{"0":"post-200159","1":"product","2":"type-product","3":"status-publish","4":"has-post-thumbnail","6":"location-supplier_stock_location","7":"location-local_stock_location","8":"product_cat-alternative-renewable-energy","9":"product_cat-solar-panels-solar-power","10":"product_cat-solar-power","12":"first","13":"onbackorder","14":"taxable","15":"shipping-taxable","16":"purchasable","17":"product-type-simple"},"aioseo_notices":[],"jetpack_sharing_enabled":true,"locations":[{"id":1935,"name":"Pieg\u0101d\u0101ja noliktav\u0101 (5-7dd.d)","slug":"supplier_stock_location","quantity":"0"},{"id":1934,"name":"R\u012bgas veikal\u0101 (0-2d.d.)","slug":"local_stock_location","quantity":"0"}],"_links":{"self":[{"href":"https:\/\/vevorshop.lv\/lv\/wp-json\/wp\/v2\/product\/200159","targetHints":{"allow":["GET"]}}],"collection":[{"href":"https:\/\/vevorshop.lv\/lv\/wp-json\/wp\/v2\/product"}],"about":[{"href":"https:\/\/vevorshop.lv\/lv\/wp-json\/wp\/v2\/types\/product"}],"replies":[{"embeddable":true,"href":"https:\/\/vevorshop.lv\/lv\/wp-json\/wp\/v2\/comments?post=200159"}],"wp:featuredmedia":[{"embeddable":true,"href":"https:\/\/vevorshop.lv\/lv\/wp-json\/wp\/v2\/media\/418928"}],"wp:attachment":[{"href":"https:\/\/vevorshop.lv\/lv\/wp-json\/wp\/v2\/media?parent=200159"}],"wp:term":[{"taxonomy":"location","embeddable":true,"href":"https:\/\/vevorshop.lv\/lv\/wp-json\/wp\/v2\/location?post=200159"},{"taxonomy":"product_brand","embeddable":true,"href":"https:\/\/vevorshop.lv\/lv\/wp-json\/wp\/v2\/product_brand?post=200159"},{"taxonomy":"product_cat","embeddable":true,"href":"https:\/\/vevorshop.lv\/lv\/wp-json\/wp\/v2\/product_cat?post=200159"},{"taxonomy":"product_tag","embeddable":true,"href":"https:\/\/vevorshop.lv\/lv\/wp-json\/wp\/v2\/product_tag?post=200159"}],"curies":[{"name":"wp","href":"https:\/\/api.w.org\/{rel}","templated":true}]}}