{"id":20024,"date":"2024-11-18T05:39:33","date_gmt":"2024-11-18T05:39:33","guid":{"rendered":"http:\/\/vevorshop.edigo.lv\/Prece\/vevor-package-delivery-boxes-for-outside-13-9x11-6x42-galvanized-steel-delivery-box-for-packages-with-coded-lock-anti-theft-baffle-ipx3-waterproof-package-drop-box-for-outside-porch-curbsid\/"},"modified":"2026-04-22T13:30:21","modified_gmt":"2026-04-22T10:30:21","slug":"vevor-package-delivery-boxes-for-outside-13-9x11-6x42-galvanized-steel-delivery-box-for-packages-with-coded-lock-anti-theft-baffle-ipx3-waterproof-package-drop-box-for-outside-porch-curbsid","status":"publish","type":"product","link":"https:\/\/vevorshop.lv\/lv\/Prece\/vevor-paku-piegades-kastes-arpuse-13-9x11-6x42-cinkota-terauda-piegades-kaste-pakam-ar-kodetu-sledzeni-pret-zadzibu-nodalijumu-ipx3-udensizturiga-paku-kastite-arpus-lievena-bortu-malas\/","title":{"rendered":"VEVOR \u0101ra iepakojuma pieg\u0101des kaste 35,3\u00d729,5\u00d7106,7 cm, cinkots t\u0113rauds, kod\u0113ta sl\u0113dzene, pretaizdz\u012b\u0161anas, IPX3 \u016bdensnecaurlaid\u012bga pastkaste"},"content":{"rendered":"<div style=\"color: #fff!important; font-size: 16px; height: 24px; line-height: 24px; margin-top: -24px; \" class=\"product_original_name\">VEVOR iepakojuma pieg\u0101des kastes \u0101rpusei 35,3 x29,5x106,7 cm, cinkota t\u0113rauda pieg\u0101des kaste iepakojumiem ar kod\u0113tu sl\u0113dzeni, pretaizdz\u012b\u0161anas deflektors, IPX3 \u016bdensnecaurlaid\u012bga iepakojuma nolai\u017eam\u0101 kaste \u0101rpusei, veranda, apmale<\/div>\n<div style=\"color: #fff!important; font-size: 16px; height: 24px; line-height: 24px; margin-top: -24px; \" class=\"product_sku\">M4I4KMNR<\/div>\n<div style=\"color: #fff!important; font-size: 16px; height: 24px; line-height: 24px; margin-top: -24px; \" class=\"product_mpn\">BGXDXGLDS42INCXH0V0<\/div><div id=\"js-DM_at-goodDescRich\"><html><head><style>  body {    font-family: Arial;    line-height: 1.5;    color: #1c1c1c;    overflow-x: hidden;    margin: 0;    padding: 0;  }  .MsoNormal b {    font-weight: bolder;  }<\/style><style>  .container.small {    width: 970px;    margin: 0 auto;  }  .logo {    margin: 0 auto 0;  }  .logo img {    display: block;    margin: 0 auto;    max-width: 100%;  }  .logo .pc-banner {    display: block;    width: 1200px;    height: 247.4px;    margin: 0 auto;  }  .logo .pc-banner.small {    width: 970px;  }  .logo .pc-banner.small img {    height: auto!important;  }  .logo .m-banner {    display: none;  }  .ytvideo {    position: relative;    height: 546px;    width: 100%;    margin: 0 auto;  }  .ytvideo img {    width: 100%;    margin: 0 auto;  }  .ytvideo .play-btn {    width: 60px;    height: 42px;    position: absolute;    top: 50%;    left: 50%;    transform: translate(-50%, -50%);    background: url(\"data:image\/png;base64,iVBORw0KGgoAAAANSUhEUgAAAGQAAABGCAMAAAANWMFbAAAC+lBMVEUAAADBGB3kLCfBGB3kLCfcJC7BFx3KKSbiKybkLCbWJCPSIiLSIiLPICHAFx3kLCfgKSXNHiDZJiTIGx\/p4eHcjo7LHSDbJyTkLCbjKyfOHyHPIiL28fHJHB\/GGh7EGR7eKCXDGB3RISHlLSbBGB3AFxzGHB7DGB7BGB3hKybkKybAFx3lLCfAFxzDGR3hKibDGB7cJyTmz8\/elJTlwcHjurrUIyLlLSflLSfAFx3DGR7lLSfCFx3hKibhKibhKybjKybkLCblLSfbJSX49vbx7e3NNzjNMTLMJyjVIyLZf3\/ZQ0LaeHjx0tLgoqLkLCfCGB3HGx\/BGB3BFx3PICHCGB7WJCLOHyC\/Fxy\/Fx3lLCfQISHkLSe\/FxzbJiTBFx3FGx\/AGB7BFx3EGR7AGB3HHSDfKiXAFh3TISHYNzbhKibbJyTTIiL57e325+f039\/v2NjUV1fOHiHiqanfmprch4feKSXVIyPOICHmLibFGh\/mLSe\/Fx7XJCPeKSXXJSPNHyHaJyTGGh7lLCbmLCflLSjSIiLkLCbdKSXLHiC\/GB3KHh++Fh3lKyfoLiXcKCPkx8fYb2\/XaGfVXl3aU1LLHiDksbHgKibPICHbJyTfKSXbJyTCGB3KHSDiKybFGh7TIiL\/\/\/\/VIyPRISHIHB\/GGx\/HHB\/DGR7gKibdKCXLHiDZJiTMHiDNHyHYJSTOICHPICHWJCPcKCXXJSPjLCblLCf+\/f3NGR\/uLijzLynPGR\/IGB7WISHaIyLLGh7UAADxLynNAADRLzDbICLQAADIAAD3MCrUHSHXMTDpKSbLAADp5OTij4\/ejo\/VLy\/1LyngJSTcJCPQHx\/OHB7+\/PzaMS\/OLS\/vLijrLSjSAADaNTPwLyjkKSbNJCbYISHPHB\/KGB7WAAD7+vrn3d3aKynTKCjoLCfsKifRGh\/YAADq5+fhjo7QNDXXKCfmJyXt5+fTLzDLLi\/QKivYHRvMGBrQJCXLISPMExXLDxLaEAvkkI\/bOTfaFQ\/SCgpvLcnHAAAAmnRSTlMA+vv7+gT9Bvf9+8z8\/NSv\/Pr5+P7++vnQIBMP\/v38\/Pn348XDiCYf9OjbzcqxXVcx\/fz8+\/rj1r2poo1+fXFqX0orGP7+\/v7+\/fz8+\/r68uzn4trIxsG\/vri3p6GcmZSNbWVYUUZEPQv+\/f39+\/v7+\/v7+vr64tvV1NTTz87FtbSurqeblJKFg4B3bUY+NjL7+\/v7+\/v67t1cDo8JLQAABkRJREFUWMO0kz9rwkAYh0OIeJkum6YugUAhISCdKoj\/P4C7SMdS+gEKIhSKil10LSg4mzXkILdlEpxCpwTiWOLX6BujvQaEQuGeHLnL+\/64J+SIcKGYTYWnntpdLjrVdqvZmNdn0+EE40GtpuuWVS6Xx6N7YDSGpWXpeq02wHgynM7q80az1a52HpddtVcpsi1zFARBrdaxbhp9iUReTGmwA4KAAr7vx3EYejnCMI6hQYEgy0LQi4jUN0wL19vqFcUC9\/1dAKmEEFkWRYkh5oBejnxQJiSJPJ\/uKBp0Thszx9Mw8hMRIQjKsptCfuES9zr5WJY6vSFCIvE9fCMUmEM1A1kSXcYGxgVYsvI1IPKTZciSTI0us\/SMGG04gDzELDoFBwdcFJrF88dqgYMTiL6DILWYyfOWE8\/kIz38olCNlC03FK95+imxp6y4oUSvAnBjHHhKNtotSDqJzVFiK8c2SBqhZtsrTtgrLXwAyduxZHNE26eHUt5rtuM4WSmds3G+sUdWYo1L+XyxButoh5eKUHk5lByO3G1LqqCWVnfrv\/lyPtf\/4ps1cndNGIri8J1TJ0lx6dR\/oPjq1nbRwdp2dCk4CtIOLW3pVKRL6WZfS5vF2KkIQhpwSsjiYIgNCs1gEMGqiIq24NQX9NwoXFy8Ufrl3twTcg4fv8T9\/JBEySduj6Mjm4bMzYV7EEOxKjjoNDud7yY3Dy71Hq2oLmqfbNR723edH9PgMrNL2utoQ3VmaIDkiw\/4w51P06hlZsTZvkRrbVuSIs\/zwSOsycgzStQouoAkWQqioRT5XI7n2Z1wfVhoZmcAJLsoqjqpjbWCgpOAJXBwHK8PzWbNvoUZJND5wCnSkLAkZ1legx6vqQzjoiTahKlGUGLAiIIoABOHaNVw4sexZBym6\/HWlH5h3IC7yRbxtipcWxdTOkORKiNQAEkFf66x5S2oeRbroOlLgg0sSYkR0hRGEqJZ0jTPiQKatESdBckpWigxaapEH0lImHdWu9pUFF2XqMNM2Z4kped7IwEJw2qabwtrQqnpw6HyKkgcadKWsmpywwesDyIhYRpdzXddqegtGIJlXbAIUMOLkGxJUjRIkokwjUaX9d\/kK62ps\/tYUqZLIMkLTyBhsMZ3C5Z\/kDxOSCb\/DOs\/\/J0qcWSX\/2ipe56EgTCA4\/cB7NAYOsni4mZM1MUPAISoEwkDi4lhVBQ1cWQyIcwalw4EpqZN68JUSK7XC0kTlkLYii5uXSC8jT5ncCAS7mjCv0uHp\/3lueHEEAeQ\/\/VgmdN71\/2uCSA1Xr6DO6uI6sW56zqT2tp2PhgiRUAajV8CY2fkcz6WGNKMgLAt7tJAhD4YHMTeRxlALE6+43WqjSWi8ITxyJl8WrwWSNESQZZOqhDDntO3hJLsd5RtSpbJqdv3YrDJH3F7jL1R2O2aQkn2MyCyKYz0GPGIvSAMgBCrCEiJyKbBaYGwLW4uPRr0A0M4Ux5kUI7IBh+hMdiCEWNqhMZGyYMsOgNE58UQuEQeUnSWCMYwL54hkxK6IoqucQZbQ3pc3XtL0lky1dL0zZJJDpWJovFqpWj6JEHnyam2eQp5QRVAVHjWparTOaVwUOx99YS2MvgxIGV0bb+qIg2HX2qkFFJB+XZcbLiuRkuxD9GRroKyveLxdh4d7Orx+hb7qc3uVRuEogCOnyIxm4ubUoPgF4jianDrC+SDQDKEfJb0GUKmjCGPYHGJvVC6X4hw1\/sAfQAdfYyephIaspXe36RwOP+Ljvfx9B6B3i+Nk0DGq+oCbLn6JpBa9nWAveAIHwFAwtVcIJXPMPL8kRu5OAYPMaL1WScTxjiZDqB9LTJSWphow\/pTYKRTLjCBhvi9iBidvKcDasGSm0QQkycYuLBqj6QCELPctqChDWpTRMWkngNNpQ1Pfp1KkiT\/Y0DGffXAweUNfLAfaJFKDwhb6I+bkYRbkERoEeu3Fyjg2opMz2daZCS9jt6Q7txNfB+OZEVF6Zl5web2xunnLQrtrjXseXKaFYziYINeMFZVxS9VxRhOoesYwxPKXm+gWLG9cuFeq93UNNeJNsf1KlwuDok9n02n3TgIJpOxNfL9naIoQwXtfH9kjceTIIi709ncTg6LZbg+biLH1V6u\/7rxBem06VXKn9raAAAAAElFTkSuQmCC\")      no-repeat center center \/ contain;  }  @media screen and (max-width: 960px) and (orientation: portrait) {    .logo {      width: 100%;    }    .logo .pc-banner {      display: none;    }    .logo .m-banner {      display: block;      width: 100%;    }    .logo .m-banner img {      height: auto!important;    }    .ytvideo {      height: 200px;      width: 100%;    }  }<\/style><style>  .video-section {    width: 100%;    margin: 0 auto;  }  .video-section > img {    width: 100%;  }  .video-section iframe,  .video-section video {    width: 100%;    height: 100%;      }  .video-section-img-m,  .video-section-img-pc > img {    width: 100%;    height: auto;  }  .video-section-img-pc.small > img {    width: 970px;  }  .video-desc {    line-height: 1.5;    font-size: 20px;    font-weight: 400;    margin: 20px 0;    text-align: center;    color: #0f1111;    word-break: break-word;  }  @media screen and (max-width: 960px) and (orientation: portrait) {    .video-section {      width: 100%;    }    .video-section-pc,    .video-section-img-pc {      display: none;    }    .video-section-m,    .video-section-img-m {      display: block;    }    .video-desc {      font-size: 15px;    }  }  @media screen and (min-width: 960px) {    .video-section {      width: 100%;      margin: 0 auto;    }    .video-section-pc,    .video-section-img-pc {      display: block;    }    .video-section-m,    .video-section-img-m {      display: none;    }    .video-desc {      font-size: 20px;    }  }<\/style><style>  .section + .section {    margin-top: 35px;  }  .section-title {    text-align: center;    font-weight: bold;    color: #0d1111;    font-family: \"Arial\";    font-size: 32px;    margin: 15px 0;  }  .section-title:empty {    display: none;  }  .section-desc {    text-align: center;    font-weight: normal;    color: #0d1111;    margin-top: 20px;  }  .section-desc:empty {    display: none;  }  .section-img {    width: 1200px;    height: 492px;    margin: 0 auto;    display: block;  }  .section-img.small {    width: 970px;    height: auto;  }  .section-img.small > img {    height: auto;  }  .section-img > img {    width: 100%;    height: 100%;  }  .section-mobile-img {    display: none;    max-width: 100vw;    max-height: 75vw;    height: 450px;    margin: 0 auto;  }  .section-mobile-img > img {    width: 100%;    height: 100%;  }  @media screen and (max-width: 960px) and (orientation: portrait) {    .container {      width: 100%;    }    .container.small {      width: 100%;    }    .section-mobile-img {      display: block;    }    .section-img {      display: none;    }    .section-title {      font-size: 22px;      margin: 10px 0;    }    .section-desc {      margin-top: 10px;    }    .section + .section {      margin-top: 20px;    }  }<\/style><\/head><body><div class=\"container small\"><div class=\"logo\"><div class=\"pc-banner small\"><div><img decoding=\"async\" src=\"\/vevor\/vevor\/boutique-banner\/pc\/en-pc@1x.jpg\" style=\"width: 100%;\" \/><\/div><\/div><div class=\"m-banner\"><div><img decoding=\"async\" src=\"\/vevor\/vevor\/boutique-banner\/mobile\/en-m@1x.jpg\" style=\"width: 100%;\" \/><\/div><\/div><\/div><div class=\"section-title\">VEVOR pastkast\u012btes \u0101rtelp\u0101m \u2014 j\u016bsu ide\u0101lais paku sargs!<\/div><div class=\"video-section\"><video class=\"video-section-pc\" controls><source src=\"\/vevor\/product\/BGXDXGLDS42INCXH0\/uz gr\u012bdas mont\u0113jama s\u016bt\u012bjumu kaste-tvc2.mp4\" type=\"video\/mp4\" \/><\/video><video class=\"video-section-m\" controls><source src=\"\/vevor\/product\/BGXDXGLDS42INCXH0\/uz gr\u012bdas mont\u0113jama s\u016bt\u012bjumu kaste-tvc2.mp4\" type=\"video\/mp4\" \/><\/video><div class=\"section-desc\">M\u016bsu 13,9 x 11,6 x 42 collu paku pieg\u0101des kastes, kas paredz\u0113tas lieto\u0161anai \u0101rpus telp\u0101m, ir lab\u0101kais paku p\u0101rvald\u012bbas risin\u0101jums, kas nodro\u0161ina j\u016bsu svar\u012bgo pasta s\u016bt\u012bjumu un paku aizsardz\u012bbu visu gadu. Pateicoties uzlabotai dro\u0161\u012bbai un iztur\u012bgai konstrukcijai, t\u0101s b\u016bs ide\u0101ls paku sarg\u0101t\u0101js.<\/div><\/div><div class=\"section\"><div class=\"section-title\"><\/div><div class=\"section-img small\"><img decoding=\"async\" src=\"\" \/><\/div><div class=\"section-mobile-img\"><img decoding=\"async\" src=\"\" \/><\/div><div class=\"section-desc\">\u0100r\u0113jo pastkast\u012b\u0161u vied\u0101 paroles blo\u0137\u0113\u0161ana kop\u0101 ar iek\u0161\u0113j\u0101m e\u0146\u0123\u0113m dubultai aizsardz\u012bbai pret z\u0101dz\u012bb\u0101m Palielin\u0101ts pretaizdz\u012b\u0161anas deflektors ne\u013cauj pak\u0101m zvejot. Nodro\u0161iniet savu paku dro\u0161\u012bbu jebkur\u0101 laik\u0101 un viet\u0101.<\/div><\/div><div class=\"section\"><div class=\"section-title\"><\/div><div class=\"section-img small\"><img decoding=\"async\" src=\"\" \/><\/div><div class=\"section-mobile-img\"><img decoding=\"async\" src=\"\" \/><\/div><div class=\"section-desc\">Izbaudiet VEVOR pretaizdz\u012b\u0161anas pieg\u0101des kasti pak\u0101m \u2014 meistar\u012bgi izgatavota no 0,8 mm bieza cinkota t\u0113rauda un p\u0101rkl\u0101ta ar korozijiztur\u012bgu p\u0101rkl\u0101jumu. IPX3 \u016bdensnecaurlaid\u012bg\u0101 sloksne un sl\u012bp\u0101 aug\u0161da\u013ca uztur j\u016bsu pakas sausas un t\u012bras.<\/div><\/div><div class=\"section\"><div class=\"section-title\"><\/div><div class=\"section-img small\"><img decoding=\"async\" src=\"\" \/><\/div><div class=\"section-mobile-img\"><img decoding=\"async\" src=\"\" \/><\/div><div class=\"section-desc\">13,9 x 11,6 x 42 collu paku kast\u012btes \u0101rpus\u0113 nodro\u0161ina vienreiz\u0113ju risin\u0101jumu visu j\u016bsu paku, v\u0113stu\u013cu un \u017eurn\u0101lu glab\u0101\u0161anai. Pilienu kaste lepojas ar maksim\u0101lo svara ietilp\u012bbu 110 m\u0101rci\u0146as, un taj\u0101 var uzglab\u0101t iepakojumu ar maksim\u0101lo izm\u0113ru 7 x 10,4 x 15,7 collas.<\/div><\/div><div class=\"section\"><div class=\"section-title\"><\/div><div class=\"section-img small\"><img decoding=\"async\" src=\"\" \/><\/div><div class=\"section-mobile-img\"><img decoding=\"async\" src=\"\" \/><\/div><div class=\"section-desc\">Ar 4 mont\u0101\u017eas skr\u016bv\u0113m un iepriek\u0161 urbtiem caurumiem sl\u0113dzamo pastkasti ir neticami viegli uzst\u0101d\u012bt uz zemes tikai tr\u012bs vienk\u0101r\u0161os so\u013cos Kvalitat\u012bvas pastkast\u012btes lieto\u0161anai m\u0101j\u0101, verand\u0101, \u0101rpus\u0113, apmal\u0113.<\/div><\/div><div class=\"section\"><div class=\"section-img small\"><img decoding=\"async\" src=\"\" \/><\/div><div class=\"section-mobile-img\"><img decoding=\"async\" src=\"\" \/><\/div><\/div><\/div><\/body><\/html><\/div>\n<div class=\"DM_at-title\" id=\"js-DM_at-title\"> <div>Produkta specifik\u0101cija<\/div> <i class=\"icon-arrowup_line\"><\/i> <\/div><div class=\"DM_at-goodsDescAttr\" id=\"js-DM_at-goodsDescAttr\"> <div class=\"DM_at-goodsDescAttrInner\"> <dl class=\"goodsDesc_item goodsDesc_item_even\"> <dt>Produkta Izm\u0113ri<\/dt> <dd> 13,9 x 11,6 x 42 collas \/ 35,5 x 29,5 x 105,5 cm<\/dd> <\/dl> <dl class=\"goodsDesc_item\"> <dt>Pieg\u0101des vietas izm\u0113rs<\/dt> <dd> 12,1 x 7,8 x 39,3 collas \/ 30,8 x 20 x 100 cm<\/dd> <\/dl> <dl class=\"goodsDesc_item goodsDesc_item_even\"> <dt>Maksim\u0101lais iepakojuma kr\u0101tuves lielums<\/dt> <dd> 7 x 10,4 x 15,7 collas\/18 x 26,5 x 40 cm<\/dd> <\/dl> <dl class=\"goodsDesc_item\"> <dt>Blo\u0137\u0113\u0161anas Veids<\/dt> <dd> Kod\u0113ta sl\u0113dzene<\/dd> <\/dl> <dl class=\"goodsDesc_item goodsDesc_item_even\"> <dt>Materi\u0101ls<\/dt> <dd> 0,8 mm cinkots t\u0113rauds<\/dd> <\/dl> <dl class=\"goodsDesc_item\"> <dt>Svars, Tilpums<\/dt> <dd> 110 m\u0101rci\u0146as \/ 50 kg<\/dd> <\/dl> <dl class=\"goodsDesc_item goodsDesc_item_even\"> <dt>Kr\u0101sa<\/dt> <dd> Melns<\/dd> <\/dl> <\/div> <\/div>","protected":false},"excerpt":{"rendered":"<ul>\n<li> Vair\u0101kas pretaizdz\u012b\u0161anas aizsardz\u012bbas: Neuztraucieties par atsl\u0113gu pazaud\u0113\u0161anu un nesp\u0113ju sa\u0146emt savas pakas. VEVOR 13,9\u2033 x 11,6\u2033 x 42\u2033 pastkast\u012bte ir apr\u012bkota ar dro\u0161u paroles sl\u0113dzeni un iek\u0161\u0113j\u0101m e\u0146\u0123\u0113m, lai nodro\u0161in\u0101tu j\u016bsu paku labu aizsardz\u012bbu. Ievieto\u0161anas atver\u0113 ir pievienota ar\u012b liela pretaizdz\u012b\u0161anas pl\u0101ksne, kas nov\u0113r\u0161 paku izvilk\u0161anu. Komplekt\u0101 ietilpst ar\u012b triecienus sl\u0101p\u0113jo\u0161s deflektors triecienu mazin\u0101\u0161anai un amortiz\u0101cijas pakete. <\/li>\n<li> Augsta iztur\u012bba: Pastkast\u012btes \u0101r\u0113jai lieto\u0161anai ir izgatavotas no 0,8 mm bieza cinkota t\u0113rauda un t\u0101m ir speci\u0101ls p\u0101rkl\u0101jums, kas tiek uzkl\u0101ts ar izsmidzin\u0101\u0161anas metodi, lai nov\u0113rstu r\u016bsu un skr\u0101p\u0113jumus. Ilgs kalpo\u0161anas laiks l\u012bdz 10 gadiem. <\/li>\n<li> IPX3 \u016bdensnecaurlaid\u012bga aizsardz\u012bba: m\u016bsu IPX3 nov\u0113rt\u0113t\u0101 pie sienas piestiprin\u0101t\u0101 pastkast\u012bte nodro\u0161ina izcilu aizsardz\u012bbu pret smagiem laika apst\u0101k\u013ciem, tostarp taif\u016bniem un sniegu. \u012apa\u0161i izstr\u0101d\u0101tie \u016bdensnecaurlaid\u012bgie bl\u012bv\u0113jumi nodro\u0161ina, ka j\u016bsu v\u0113rt\u012bgie iepakojumi paliek t\u012bri un neskarti neatkar\u012bgi no elementiem. <\/li>\n<li> D\u0101sna uzglab\u0101\u0161anas ietilp\u012bba: ar iztur\u012bgu svara ietilp\u012bbu 110 m\u0101rci\u0146as un maksim\u0101lajiem iepakojuma izm\u0113riem 7\u2033 x 10,4\u2033 x 15,7\u2033 \u0161\u012b \u0101ra pastkast\u012bte viegli ievieto j\u016bsu pastu, \u017eurn\u0101lus un pakas, pal\u012bdzot jums viegli p\u0101rvald\u012bt pieg\u0101des. <\/li>\n<li> Vienk\u0101r\u0161a 3 pak\u0101pju uzst\u0101d\u012b\u0161ana: ar skr\u016bvju komplektu un 4 iepriek\u0161 izurbtiem caurumiem uz pane\u013ca, j\u016bs varat viegli uzst\u0101d\u012bt iepakojuma nolai\u017eamo kasti \u0101rpus\u0113 tikai 3 so\u013cos uz gr\u012bd\u0101m, verand\u0101m vai apmales. \u0112rti uzglab\u0101jiet un piek\u013c\u016bstiet saviem iepakojumiem jebkur\u0101 laik\u0101 un viet\u0101! <\/li>\n<\/ul>","protected":false},"featured_media":273662,"comment_status":"closed","ping_status":"open","template":"","meta":{"om_disable_all_campaigns":false,"_uf_show_specific_survey":0,"_uf_disable_surveys":false},"location":[1935,1934],"product_brand":[21],"product_cat":[65,3510,3512,3511],"product_tag":[],"class_list":{"0":"post-20024","1":"product","2":"type-product","3":"status-publish","4":"has-post-thumbnail","6":"location-supplier_stock_location","7":"location-local_stock_location","8":"product_brand-vevor","9":"product_cat-hardware","10":"product_cat-mailboxes-hardware","11":"product_cat-parcel-drop-boxes","12":"product_cat-residential-mailboxes","14":"first","15":"instock","16":"taxable","17":"shipping-taxable","18":"purchasable","19":"product-type-simple"},"aioseo_notices":[],"locations":[{"id":1935,"name":"Pieg\u0101d\u0101ja noliktav\u0101 (5-7dd.d)","slug":"supplier_stock_location","quantity":"206"},{"id":1934,"name":"R\u012bgas veikal\u0101 (0-2d.d.)","slug":"local_stock_location","quantity":"0"}],"_links":{"self":[{"href":"https:\/\/vevorshop.lv\/lv\/wp-json\/wp\/v2\/product\/20024","targetHints":{"allow":["GET"]}}],"collection":[{"href":"https:\/\/vevorshop.lv\/lv\/wp-json\/wp\/v2\/product"}],"about":[{"href":"https:\/\/vevorshop.lv\/lv\/wp-json\/wp\/v2\/types\/product"}],"replies":[{"embeddable":true,"href":"https:\/\/vevorshop.lv\/lv\/wp-json\/wp\/v2\/comments?post=20024"}],"wp:featuredmedia":[{"embeddable":true,"href":"https:\/\/vevorshop.lv\/lv\/wp-json\/wp\/v2\/media\/273662"}],"wp:attachment":[{"href":"https:\/\/vevorshop.lv\/lv\/wp-json\/wp\/v2\/media?parent=20024"}],"wp:term":[{"taxonomy":"location","embeddable":true,"href":"https:\/\/vevorshop.lv\/lv\/wp-json\/wp\/v2\/location?post=20024"},{"taxonomy":"product_brand","embeddable":true,"href":"https:\/\/vevorshop.lv\/lv\/wp-json\/wp\/v2\/product_brand?post=20024"},{"taxonomy":"product_cat","embeddable":true,"href":"https:\/\/vevorshop.lv\/lv\/wp-json\/wp\/v2\/product_cat?post=20024"},{"taxonomy":"product_tag","embeddable":true,"href":"https:\/\/vevorshop.lv\/lv\/wp-json\/wp\/v2\/product_tag?post=20024"}],"curies":[{"name":"wp","href":"https:\/\/api.w.org\/{rel}","templated":true}]}}