{"id":200964,"date":"2025-09-24T22:46:01","date_gmt":"2025-09-24T19:46:01","guid":{"rendered":"https:\/\/vevorshop.lv\/en_us\/Prece\/vevor-18-3m-heavy-duty-pressure-washer-hose-reel-4000-psi-auto-rewind-wall-floor-mount-steel-for-car-garden-home-cleaning\/"},"modified":"2026-04-17T16:11:46","modified_gmt":"2026-04-17T13:11:46","slug":"vevor-18-3m-heavy-duty-pressure-washer-hose-reel-4000-psi-auto-rewind-wall-floor-mount-steel-for-car-garden-home-cleaning","status":"publish","type":"product","link":"https:\/\/vevorshop.lv\/lv\/Prece\/vevor-18-3m-lieljaudas-spiediena-mazgatajs-slutenes-spole-4000-psi-auto-attit-sienas-gridas-mount-terauda-automasinu-darza-majas-tirisanai-2\/","title":{"rendered":"VEVOR Atvilkams Spiediena Mazg\u0101t\u0101ja \u0160\u013c\u016btenes Spole 18.3m x 6.4mm, 275.8 Bar, M\u016br\u0113jama\/Gr\u012bdas, Autom\u0101tiska Atvilk\u0161ana, T\u0113rauda"},"content":{"rendered":"<div style=\"color: #fff!important; font-size: 16px; height: 24px; line-height: 24px; margin-top: -24px; \" class=\"product_original_name\">VEVOR spiediena mazg\u0101t\u0101ja \u0161\u013c\u016btenes spole, 18,3 m x 6,4 mm, ievelkama, jaud\u012bga, iztur\u012bga t\u0113rauda mazg\u0101t\u0101ja \u0161\u013c\u016btenes spole, maks. 4000 PSI, autom\u0101tiska p\u0101rt\u012b\u0161ana, elast\u012bga, pie sienas\/gr\u012bdas stiprin\u0101ma automa\u0161\u012bnu mazg\u0101\u0161anai, d\u0101rzam, gr\u012bdas t\u012br\u012b\u0161anai.<\/div>\n<div style=\"color: #fff!important; font-size: 16px; height: 24px; line-height: 24px; margin-top: -24px; \" class=\"product_sku\">MFYE6MVL<\/div>\n<div style=\"color: #fff!important; font-size: 16px; height: 24px; line-height: 24px; margin-top: -24px; \" class=\"product_mpn\">SSSYLRGJP14IULQUJ001V0<\/div><div id=\"js-DM_at-goodDescRich\"><html><head><style>  body {    font-family: Arial;    line-height: 1.5;    color: #1c1c1c;    overflow-x: hidden;    margin: 0;    padding: 0;  }  .MsoNormal b {    font-weight: bolder;  }<\/style><style>  .container.small {    width: 970px;    margin: 0 auto;  }  .logo {    margin: 0 auto 0;  }  .logo img {    display: block;    margin: 0 auto;    max-width: 100%;  }  .logo .pc-banner {    display: block;    width: 1200px;    height: 247.4px;    margin: 0 auto;  }  .logo .pc-banner.small {    width: 970px;  }  .logo .pc-banner.small img {    height: auto!important;  }  .logo .m-banner {    display: none;  }  .ytvideo {    position: relative;    height: 546px;    width: 100%;    margin: 0 auto;  }  .ytvideo img {    width: 100%;    margin: 0 auto;  }  .ytvideo .play-btn {    width: 60px;    height: 42px;    position: absolute;    top: 50%;    left: 50%;    transform: translate(-50%, -50%);    background: url(\"data:image\/png;base64,iVBORw0KGgoAAAANSUhEUgAAAGQAAABGCAMAAAANWMFbAAAC+lBMVEUAAADBGB3kLCfBGB3kLCfcJC7BFx3KKSbiKybkLCbWJCPSIiLSIiLPICHAFx3kLCfgKSXNHiDZJiTIGx\/p4eHcjo7LHSDbJyTkLCbjKyfOHyHPIiL28fHJHB\/GGh7EGR7eKCXDGB3RISHlLSbBGB3AFxzGHB7DGB7BGB3hKybkKybAFx3lLCfAFxzDGR3hKibDGB7cJyTmz8\/elJTlwcHjurrUIyLlLSflLSfAFx3DGR7lLSfCFx3hKibhKibhKybjKybkLCblLSfbJSX49vbx7e3NNzjNMTLMJyjVIyLZf3\/ZQ0LaeHjx0tLgoqLkLCfCGB3HGx\/BGB3BFx3PICHCGB7WJCLOHyC\/Fxy\/Fx3lLCfQISHkLSe\/FxzbJiTBFx3FGx\/AGB7BFx3EGR7AGB3HHSDfKiXAFh3TISHYNzbhKibbJyTTIiL57e325+f039\/v2NjUV1fOHiHiqanfmprch4feKSXVIyPOICHmLibFGh\/mLSe\/Fx7XJCPeKSXXJSPNHyHaJyTGGh7lLCbmLCflLSjSIiLkLCbdKSXLHiC\/GB3KHh++Fh3lKyfoLiXcKCPkx8fYb2\/XaGfVXl3aU1LLHiDksbHgKibPICHbJyTfKSXbJyTCGB3KHSDiKybFGh7TIiL\/\/\/\/VIyPRISHIHB\/GGx\/HHB\/DGR7gKibdKCXLHiDZJiTMHiDNHyHYJSTOICHPICHWJCPcKCXXJSPjLCblLCf+\/f3NGR\/uLijzLynPGR\/IGB7WISHaIyLLGh7UAADxLynNAADRLzDbICLQAADIAAD3MCrUHSHXMTDpKSbLAADp5OTij4\/ejo\/VLy\/1LyngJSTcJCPQHx\/OHB7+\/PzaMS\/OLS\/vLijrLSjSAADaNTPwLyjkKSbNJCbYISHPHB\/KGB7WAAD7+vrn3d3aKynTKCjoLCfsKifRGh\/YAADq5+fhjo7QNDXXKCfmJyXt5+fTLzDLLi\/QKivYHRvMGBrQJCXLISPMExXLDxLaEAvkkI\/bOTfaFQ\/SCgpvLcnHAAAAmnRSTlMA+vv7+gT9Bvf9+8z8\/NSv\/Pr5+P7++vnQIBMP\/v38\/Pn348XDiCYf9OjbzcqxXVcx\/fz8+\/rj1r2poo1+fXFqX0orGP7+\/v7+\/fz8+\/r68uzn4trIxsG\/vri3p6GcmZSNbWVYUUZEPQv+\/f39+\/v7+\/v7+vr64tvV1NTTz87FtbSurqeblJKFg4B3bUY+NjL7+\/v7+\/v67t1cDo8JLQAABkRJREFUWMO0kz9rwkAYh0OIeJkum6YugUAhISCdKoj\/P4C7SMdS+gEKIhSKil10LSg4mzXkILdlEpxCpwTiWOLX6BujvQaEQuGeHLnL+\/64J+SIcKGYTYWnntpdLjrVdqvZmNdn0+EE40GtpuuWVS6Xx6N7YDSGpWXpeq02wHgynM7q80az1a52HpddtVcpsi1zFARBrdaxbhp9iUReTGmwA4KAAr7vx3EYejnCMI6hQYEgy0LQi4jUN0wL19vqFcUC9\/1dAKmEEFkWRYkh5oBejnxQJiSJPJ\/uKBp0Thszx9Mw8hMRIQjKsptCfuES9zr5WJY6vSFCIvE9fCMUmEM1A1kSXcYGxgVYsvI1IPKTZciSTI0us\/SMGG04gDzELDoFBwdcFJrF88dqgYMTiL6DILWYyfOWE8\/kIz38olCNlC03FK95+imxp6y4oUSvAnBjHHhKNtotSDqJzVFiK8c2SBqhZtsrTtgrLXwAyduxZHNE26eHUt5rtuM4WSmds3G+sUdWYo1L+XyxButoh5eKUHk5lByO3G1LqqCWVnfrv\/lyPtf\/4ps1cndNGIri8J1TJ0lx6dR\/oPjq1nbRwdp2dCk4CtIOLW3pVKRL6WZfS5vF2KkIQhpwSsjiYIgNCs1gEMGqiIq24NQX9NwoXFy8Ufrl3twTcg4fv8T9\/JBEySduj6Mjm4bMzYV7EEOxKjjoNDud7yY3Dy71Hq2oLmqfbNR723edH9PgMrNL2utoQ3VmaIDkiw\/4w51P06hlZsTZvkRrbVuSIs\/zwSOsycgzStQouoAkWQqioRT5XI7n2Z1wfVhoZmcAJLsoqjqpjbWCgpOAJXBwHK8PzWbNvoUZJND5wCnSkLAkZ1legx6vqQzjoiTahKlGUGLAiIIoABOHaNVw4sexZBym6\/HWlH5h3IC7yRbxtipcWxdTOkORKiNQAEkFf66x5S2oeRbroOlLgg0sSYkR0hRGEqJZ0jTPiQKatESdBckpWigxaapEH0lImHdWu9pUFF2XqMNM2Z4kped7IwEJw2qabwtrQqnpw6HyKkgcadKWsmpywwesDyIhYRpdzXddqegtGIJlXbAIUMOLkGxJUjRIkokwjUaX9d\/kK62ps\/tYUqZLIMkLTyBhsMZ3C5Z\/kDxOSCb\/DOs\/\/J0qcWSX\/2ipe56EgTCA4\/cB7NAYOsni4mZM1MUPAISoEwkDi4lhVBQ1cWQyIcwalw4EpqZN68JUSK7XC0kTlkLYii5uXSC8jT5ncCAS7mjCv0uHp\/3lueHEEAeQ\/\/VgmdN71\/2uCSA1Xr6DO6uI6sW56zqT2tp2PhgiRUAajV8CY2fkcz6WGNKMgLAt7tJAhD4YHMTeRxlALE6+43WqjSWi8ITxyJl8WrwWSNESQZZOqhDDntO3hJLsd5RtSpbJqdv3YrDJH3F7jL1R2O2aQkn2MyCyKYz0GPGIvSAMgBCrCEiJyKbBaYGwLW4uPRr0A0M4Ux5kUI7IBh+hMdiCEWNqhMZGyYMsOgNE58UQuEQeUnSWCMYwL54hkxK6IoqucQZbQ3pc3XtL0lky1dL0zZJJDpWJovFqpWj6JEHnyam2eQp5QRVAVHjWparTOaVwUOx99YS2MvgxIGV0bb+qIg2HX2qkFFJB+XZcbLiuRkuxD9GRroKyveLxdh4d7Orx+hb7qc3uVRuEogCOnyIxm4ubUoPgF4jianDrC+SDQDKEfJb0GUKmjCGPYHGJvVC6X4hw1\/sAfQAdfYyephIaspXe36RwOP+Ljvfx9B6B3i+Nk0DGq+oCbLn6JpBa9nWAveAIHwFAwtVcIJXPMPL8kRu5OAYPMaL1WScTxjiZDqB9LTJSWphow\/pTYKRTLjCBhvi9iBidvKcDasGSm0QQkycYuLBqj6QCELPctqChDWpTRMWkngNNpQ1Pfp1KkiT\/Y0DGffXAweUNfLAfaJFKDwhb6I+bkYRbkERoEeu3Fyjg2opMz2daZCS9jt6Q7txNfB+OZEVF6Zl5web2xunnLQrtrjXseXKaFYziYINeMFZVxS9VxRhOoesYwxPKXm+gWLG9cuFeq93UNNeJNsf1KlwuDok9n02n3TgIJpOxNfL9naIoQwXtfH9kjceTIIi709ncTg6LZbg+biLH1V6u\/7rxBem06VXKn9raAAAAAElFTkSuQmCC\")      no-repeat center center \/ contain;  }  @media screen and (max-width: 960px) and (orientation: portrait) {    .logo {      width: 100%;    }    .logo .pc-banner {      display: none;    }    .logo .m-banner {      display: block;      width: 100%;    }    .logo .m-banner img {      height: auto!important;    }    .ytvideo {      height: 200px;      width: 100%;    }  }<\/style><style>  .video-section {    width: 100%;    margin: 0 auto;  }  .video-section > img {    width: 100%;  }  .video-section iframe,  .video-section video {    width: 100%;    height: 100%;      }  .video-section-img-m,  .video-section-img-pc > img {    width: 100%;    height: auto;  }  .video-section-img-pc.small > img {    width: 970px;  }  .video-desc {    line-height: 1.5;    font-size: 20px;    font-weight: 400;    margin: 20px 0;    text-align: center;    color: #0f1111;    word-break: break-word;  }  @media screen and (max-width: 960px) and (orientation: portrait) {    .video-section {      width: 100%;    }    .video-section-pc,    .video-section-img-pc {      display: none;    }    .video-section-m,    .video-section-img-m {      display: block;    }    .video-desc {      font-size: 15px;    }  }  @media screen and (min-width: 960px) {    .video-section {      width: 100%;      margin: 0 auto;    }    .video-section-pc,    .video-section-img-pc {      display: block;    }    .video-section-m,    .video-section-img-m {      display: none;    }    .video-desc {      font-size: 20px;    }  }<\/style><style>  .section + .section {    margin-top: 35px;  }  .section-title {    text-align: center;    font-weight: bold;    color: #0d1111;    font-family: \"Arial\";    font-size: 32px;    margin: 15px 0;  }  .section-title:empty {    display: none;  }  .section-desc {    text-align: center;    font-weight: normal;    color: #0d1111;    margin-top: 20px;  }  .section-desc:empty {    display: none;  }  .section-img {    width: 1200px;    height: 492px;    margin: 0 auto;    display: block;  }  .section-img.small {    width: 970px;    height: auto;  }  .section-img.small > img {    height: auto;  }  .section-img > img {    width: 100%;    height: 100%;  }  .section-mobile-img {    display: none;    max-width: 100vw;    max-height: 75vw;    height: 450px;    margin: 0 auto;  }  .section-mobile-img > img {    width: 100%;    height: 100%;  }  @media screen and (max-width: 960px) and (orientation: portrait) {    .container {      width: 100%;    }    .container.small {      width: 100%;    }    .section-mobile-img {      display: block;    }    .section-img {      display: none;    }    .section-title {      font-size: 22px;      margin: 10px 0;    }    .section-desc {      margin-top: 10px;    }    .section + .section {      margin-top: 20px;    }  }<\/style><\/head><body><div class=\"container\"><div class=\"logo\"><div class=\"pc-banner\"><div><img decoding=\"async\" src=\"\/vevor\/vevor\/boutique-banner\/pc\/en-pc@1x.jpg\" style=\"width: 100%;\" \/><\/div><\/div><div class=\"m-banner\"><div><img decoding=\"async\" src=\"\/vevor\/vevor\/boutique-banner\/mobile\/en-m@1x.jpg\" style=\"width: 100%;\" \/><\/div><\/div><\/div><div class=\"section-title\">Augstspiediena t\u0113rauda mazg\u0101t\u0101ja \u0161\u013c\u016btenes spole<\/div><div class=\"video-section\"><div class=\"video-section-img-pc\"><img decoding=\"async\" src=\"\/vevor\/product\/SSSYLRGJP14IULQUJ001\/pressure-hose-reel-a100-1.4.jpg\" \/><\/div><div class=\"video-section-img-m\"><img decoding=\"async\" src=\"\/vevor\/product\/SSSYLRGJP14IULQUJ001\/pressure-hose-reel-a100-1.4-m.jpg\" \/><\/div><div class=\"section-desc\">\u0160\u012b \u0161\u013c\u016bte\u0146u spole gl\u012bti uzglab\u0101 \u0161\u013c\u016btenes un nov\u0113r\u0161 to sap\u012b\u0161anos. Ide\u0101li piem\u0113rota spiediena mazg\u0101t\u0101jiem, automa\u0161\u012bnu t\u012br\u012b\u0161anai, lieto\u0161anai m\u0101j\u0101s un d\u0101rza laist\u012b\u0161anai. Daudzpus\u012bga un viegli lietojama, t\u0101 uzlabo t\u012br\u012b\u0161anas un laist\u012b\u0161anas efektivit\u0101ti da\u017e\u0101dos ikdienas darbos.<\/div><\/div><div class=\"section\"><div class=\"section-title\"><\/div><div class=\"section-img\"><img decoding=\"async\" src=\"\/vevor\/product\/SSSYLRGJP14IULQUJ001\/pressure-hose-reel-a100-2.2.jpg\" \/><\/div><div class=\"section-mobile-img\"><img decoding=\"async\" src=\"\/vevor\/product\/SSSYLRGJP14IULQUJ001\/pressure-hose-reel-a100-2.2-m.jpg\" \/><\/div><div class=\"section-desc\">Izgatavots no iztur\u012bga t\u0113rauda ar karstumiztur\u012bg\u0101m \u0161\u013c\u016bten\u0113m un misi\u0146a iepl\u016bdes\/izpl\u016bdes savienot\u0101jiem. Pastiprin\u0101t\u0101 t\u0113rauda pamatne ir iztur\u012bga pret skarbajiem \u0101ra apst\u0101k\u013ciem, risinot tradicion\u0101lo \u0161\u013c\u016bte\u0146u spo\u013cu iztur\u012bbas probl\u0113mas.<\/div><\/div><div class=\"section\"><div class=\"section-title\"><\/div><div class=\"section-img\"><img decoding=\"async\" src=\"\/vevor\/product\/SSSYLRGJP14IULQUJ001\/pressure-hose-reel-a100-2.3.jpg\" \/><\/div><div class=\"section-mobile-img\"><img decoding=\"async\" src=\"\/vevor\/product\/SSSYLRGJP14IULQUJ001\/pressure-hose-reel-a100-2.3-m.jpg\" \/><\/div><div class=\"section-desc\">Apr\u012bkots ar 180\u00b0 groz\u0101mu vadotni, tas \u013cauj viegli piel\u0101got \u0161\u013c\u016btenes virzienu. To var bez piep\u016bles izmantot jebkur\u0101 le\u0146\u0137\u012b, iev\u0113rojami uzlabojot elast\u012bbu lieto\u0161anas laik\u0101.<\/div><\/div><div class=\"section\"><div class=\"section-title\"><\/div><div class=\"section-img\"><img decoding=\"async\" src=\"\/vevor\/product\/SSSYLRGJP14IULQUJ001\/pressure-hose-reel-a100-2.4.jpg\" \/><\/div><div class=\"section-mobile-img\"><img decoding=\"async\" src=\"\/vevor\/product\/SSSYLRGJP14IULQUJ001\/pressure-hose-reel-a100-2.4-m.jpg\" \/><\/div><div class=\"section-desc\">Iek\u013cauti vair\u0101ki savienot\u0101ju izm\u0113ri, lai tie b\u016btu piem\u0113roti da\u017e\u0101diem spiediena mazg\u0101t\u0101jiem, viegli apmierinot da\u017e\u0101du iek\u0101rtu pievieno\u0161anas vajadz\u012bbas.<\/div><\/div><div class=\"section\"><div class=\"section-title\"><\/div><div class=\"section-img\"><img decoding=\"async\" src=\"\/vevor\/product\/SSSYLRGJP14IULQUJ001\/pressure-hose-reel-a100-2.5.jpg\" \/><\/div><div class=\"section-mobile-img\"><img decoding=\"async\" src=\"\/vevor\/product\/SSSYLRGJP14IULQUJ001\/pressure-hose-reel-a100-2.5-m.jpg\" \/><\/div><div class=\"section-desc\">Piem\u0113rots automa\u0161\u012bnu mazg\u0101\u0161anai, d\u0101rza ap\u016bde\u0146o\u0161anai, zemes t\u012br\u012b\u0161anai un \u0101rsienu mazg\u0101\u0161anai. Vienas pieturas \u0161\u013c\u016btenes uzglab\u0101\u0161anas risin\u0101jums vair\u0101kiem t\u012br\u012b\u0161anas darbiem, uzlabojot \u0113rt\u012bbas.<\/div><\/div><div class=\"section\"><div class=\"section-img\"><img decoding=\"async\" src=\"\/vevor\/product\/SSSYLRGJP14IULQUJ001\/pressure-hose-reel-a100-1.11.jpg\" \/><\/div><div class=\"section-mobile-img\"><img decoding=\"async\" src=\"\/vevor\/product\/SSSYLRGJP14IULQUJ001\/pressure-hose-reel-a100-1.11-m.jpg\" \/><\/div><\/div><\/div><\/body><\/html><\/div>\n<div class=\"DM_at-title\" id=\"js-DM_at-title\"> <div>Produkta specifik\u0101cija<\/div> <i class=\"icon-arrowup_line\"><\/i> <\/div><div class=\"DM_at-goodsDescAttr\" id=\"js-DM_at-goodsDescAttr\"> <div class=\"DM_at-goodsDescAttrInner\"> <dl class=\"goodsDesc_item goodsDesc_item_even\"> <dt>Preces Mode\u013ca Numurs<\/dt> <dd> NTG-A15B<\/dd> <\/dl> <dl class=\"goodsDesc_item\"> <dt>Sader\u012bgs \u0161\u013c\u016btenes izm\u0113rs<\/dt> <dd> 1\/4 collas<\/dd> <\/dl> <dl class=\"goodsDesc_item goodsDesc_item_even\"> <dt>Maksim\u0101l\u0101 \u0161\u013c\u016btenes ietilp\u012bba<\/dt> <dd> 60 p\u0113das \/ 18,3 m<\/dd> <\/dl> <dl class=\"goodsDesc_item\"> <dt>Darba Spiediens<\/dt> <dd> 4000 PSI<\/dd> <\/dl> <dl class=\"goodsDesc_item goodsDesc_item_even\"> <dt>Maksim\u0101l\u0101 \u016bdens temperat\u016bra<\/dt> <dd> 140\u2109 \/ 60\u2103<\/dd> <\/dl> <dl class=\"goodsDesc_item\"> <dt>Iepl\u016bdes \u0161\u013c\u016btene<\/dt> <dd> 1\/4 collas diametrs, 60 collas \/ 1,5 m garums<\/dd> <\/dl> <dl class=\"goodsDesc_item goodsDesc_item_even\"> <dt>Spoles \u0161\u013c\u016btene<\/dt> <dd> 1\/4 collas diametrs, 60 p\u0113das \/ 18,3 m garums<\/dd> <\/dl> <dl class=\"goodsDesc_item\"> <dt>\u0160\u013c\u016btenes spole<\/dt> <dd> Iek\u013cauts<\/dd> <\/dl> <dl class=\"goodsDesc_item goodsDesc_item_even\"> <dt>Galvenais materi\u0101ls<\/dt> <dd> Q235A t\u0113rauds<\/dd> <\/dl> <dl class=\"goodsDesc_item\"> <dt>Neto Svars<\/dt> <dd> 16,93 m\u0101rci\u0146as \/ 7,68 kg<\/dd> <\/dl> <dl class=\"goodsDesc_item goodsDesc_item_even\"> <dt>Objektu Izm\u0113ri<\/dt> <dd> 12,80 x 5,12 x 13,78 collas \/ 325 x 130 x 350 mm<\/dd> <\/dl> <\/div> <\/div>","protected":false},"excerpt":{"rendered":"<ul>\n<li> Autom\u0101tiska att\u012b\u0161ana: Augstas spriegojuma atspere nodro\u0161ina stabilu, autom\u0101tisku \u0161\u013c\u016btenes att\u012b\u0161anu. \u0160\u012b spiediena \u0161\u013c\u016btenes spole samazina manu\u0101lu uzt\u012b\u0161anu un nov\u0113r\u0161 samezglojumus, nodro\u0161inot vienm\u0113r\u012bgu un bezr\u016bp\u012bgu lietot\u0101ja pieredzi. <\/li>\n<li> Iztur\u012bga konstrukcija: Izgatavota no r\u016bpnieciskas kvalit\u0101tes oglek\u013ca t\u0113rauda ar augst\u0101k\u0101s kvalit\u0101tes pulverkr\u0101sojumu, \u0161\u012b spiediena mazg\u0101t\u0101ja \u0161\u013c\u016btenes spole ir rad\u012bta ilgam kalpo\u0161anas laikam. T\u0101s triecieniztur\u012bgais r\u0101mis pal\u012bdz nov\u0113rst \u0161\u013c\u016btenes nodilumu, samezglo\u0161anos un boj\u0101jumus, ide\u0101li piem\u0113rota lieto\u0161anai iek\u0161telp\u0101s\/\u0101r\u0101. <\/li>\n<li> 360 gr\u0101du groz\u0101ma iepl\u016bde: Izgatavots no cieta misi\u0146a, 360 gr\u0101du groz\u0101mais savienojums ir herm\u0113tisks un iztur\u012bgs pret koroziju. Tas viegli savienojas ar iepl\u016bdes \u0161\u013c\u016bteni un tiek gal\u0101 ar augstspiediena pl\u016bsmu, piel\u0101gojoties pla\u0161am spiediena mazg\u0101t\u0101ja ru\u013c\u013cu iestat\u012bjumu kl\u0101stam. <\/li>\n<li> Sader\u012bgs ar 60 p\u0113du \u0161\u013c\u016bteni: piem\u0113rots 6,35 cm \u0161\u013c\u016bten\u0113m l\u012bdz 20,4 cm garum\u0101 (M22 savienot\u0101js), atbalsta spiedienu l\u012bdz 4000 PSI un temperat\u016bru l\u012bdz 60\u00b0C. Komplekt\u0101 iek\u013cauta 1,48 m gara ievada \u0161\u013c\u016btene, kas ir sader\u012bga ar liel\u0101ko da\u013cu spiediena mazg\u0101t\u0101ja \u0161\u013c\u016bte\u0146u ru\u013c\u013cu sist\u0113mu, apmierinot da\u017e\u0101das augstspiediena t\u012br\u012b\u0161anas vajadz\u012bbas. <\/li>\n<li> Elast\u012bga uzst\u0101d\u012b\u0161ana: piestipriniet \u0161o spiediena mazg\u0101t\u0101ja spoli pie sienas, griestiem vai gr\u012bdas. Ide\u0101li piem\u0113rots gar\u0101\u017e\u0101m, automa\u0161\u012bnu remontam, d\u0101rzkop\u012bbai, m\u0101jas renov\u0101cijai un darbn\u012bcu t\u012br\u012b\u0161anai \u2014 paredz\u0113ts da\u017e\u0101diem lieto\u0161anas scen\u0101rijiem. <\/li>\n<\/ul>","protected":false},"featured_media":419660,"comment_status":"open","ping_status":"open","template":"","meta":{"om_disable_all_campaigns":false,"_monsterinsights_skip_tracking":false,"_monsterinsights_sitenote_active":false,"_monsterinsights_sitenote_note":"","_monsterinsights_sitenote_category":0,"_uf_show_specific_survey":0,"_uf_disable_surveys":false},"location":[1935,1934],"product_brand":[],"product_cat":[2117,62,406],"product_tag":[],"class_list":{"0":"post-200964","1":"product","2":"type-product","3":"status-publish","4":"has-post-thumbnail","6":"location-supplier_stock_location","7":"location-local_stock_location","8":"product_cat-hose-reel-outdoor-power-equipment","9":"product_cat-lawn-garden","10":"product_cat-outdoor-power-equipment","12":"first","13":"instock","14":"taxable","15":"shipping-taxable","16":"purchasable","17":"product-type-simple"},"aioseo_notices":[],"jetpack_sharing_enabled":true,"locations":[{"id":1935,"name":"Pieg\u0101d\u0101ja noliktav\u0101 (5-7dd.d)","slug":"supplier_stock_location","quantity":"5"},{"id":1934,"name":"R\u012bgas veikal\u0101 (0-2d.d.)","slug":"local_stock_location","quantity":"0"}],"_links":{"self":[{"href":"https:\/\/vevorshop.lv\/lv\/wp-json\/wp\/v2\/product\/200964","targetHints":{"allow":["GET"]}}],"collection":[{"href":"https:\/\/vevorshop.lv\/lv\/wp-json\/wp\/v2\/product"}],"about":[{"href":"https:\/\/vevorshop.lv\/lv\/wp-json\/wp\/v2\/types\/product"}],"replies":[{"embeddable":true,"href":"https:\/\/vevorshop.lv\/lv\/wp-json\/wp\/v2\/comments?post=200964"}],"wp:featuredmedia":[{"embeddable":true,"href":"https:\/\/vevorshop.lv\/lv\/wp-json\/wp\/v2\/media\/419660"}],"wp:attachment":[{"href":"https:\/\/vevorshop.lv\/lv\/wp-json\/wp\/v2\/media?parent=200964"}],"wp:term":[{"taxonomy":"location","embeddable":true,"href":"https:\/\/vevorshop.lv\/lv\/wp-json\/wp\/v2\/location?post=200964"},{"taxonomy":"product_brand","embeddable":true,"href":"https:\/\/vevorshop.lv\/lv\/wp-json\/wp\/v2\/product_brand?post=200964"},{"taxonomy":"product_cat","embeddable":true,"href":"https:\/\/vevorshop.lv\/lv\/wp-json\/wp\/v2\/product_cat?post=200964"},{"taxonomy":"product_tag","embeddable":true,"href":"https:\/\/vevorshop.lv\/lv\/wp-json\/wp\/v2\/product_tag?post=200964"}],"curies":[{"name":"wp","href":"https:\/\/api.w.org\/{rel}","templated":true}]}}