{"id":201609,"date":"2025-09-30T10:44:59","date_gmt":"2025-09-30T07:44:59","guid":{"rendered":"https:\/\/vevorshop.lv\/en_us\/Prece\/vevor-waterproof-car-cover-for-mid-size-european-sedans-all-weather-protection-with-zipper-cotton-lining-silver\/"},"modified":"2026-04-29T17:14:34","modified_gmt":"2026-04-29T14:14:34","slug":"vevor-waterproof-car-cover-for-mid-size-european-sedans-all-weather-protection-with-zipper-cotton-lining-silver","status":"publish","type":"product","link":"https:\/\/vevorshop.lv\/lv\/Prece\/vevor-udensnecaurlaidigs-automasinas-parsegs-videja-izmera-eiropas-sedaniem-visu-laikapstaklu-aizsardzibai-ar-ravejsledzeju-kokvilnas-odere-sudraba-krasa\/","title":{"rendered":"VEVOR \u016bdensnecaurlaid\u012bgs auto p\u0101rsegs vid\u0113ja izm\u0113ra Eiropas sedaniem, visa gada aizsardz\u012bba ar kokvilnas oderi un r\u0101v\u0113jsl\u0113dz\u0113ju, sudraba"},"content":{"rendered":"<div style=\"color: #fff!important; font-size: 16px; height: 24px; line-height: 24px; margin-top: -24px; \" class=\"product_original_name\">VEVOR automa\u0161\u012bnas p\u0101rsegs, \u016bdensnecaurlaid\u012bgs automa\u0161\u012bnas p\u0101rsegs vid\u0113ja izm\u0113ra Eiropas sedana automa\u0161\u012bnu mode\u013ciem, p\u0113c pas\u016bt\u012bjuma piel\u0101gots, visiem laikapst\u0101k\u013ciem, saulei, lietum, v\u0113jam, putek\u013ciem, sniegam, pilns \u0101r\u0113jais p\u0101rsegs ar durvju r\u0101v\u0113jsl\u0113dz\u0113ju un kokvilnas oderi, sudrabs<\/div>\n<div style=\"color: #fff!important; font-size: 16px; height: 24px; line-height: 24px; margin-top: -24px; \" class=\"product_sku\">MG694MSE<\/div>\n<div style=\"color: #fff!important; font-size: 16px; height: 24px; line-height: 24px; margin-top: -24px; \" class=\"product_mpn\">QFGQCCYDHSUVB7SWT001V0<\/div><div id=\"js-DM_at-goodDescRich\"><html><head><style>  body {    font-family: Arial;    line-height: 1.5;    color: #1c1c1c;    overflow-x: hidden;    margin: 0;    padding: 0;  }  .MsoNormal b {    font-weight: bolder;  }<\/style><style>  .container.small {    width: 970px;    margin: 0 auto;  }  .logo {    margin: 0 auto 0;  }  .logo img {    display: block;    margin: 0 auto;    max-width: 100%;  }  .logo .pc-banner {    display: block;    width: 1200px;    height: 247.4px;    margin: 0 auto;  }  .logo .pc-banner.small {    width: 970px;  }  .logo .pc-banner.small img {    height: auto!important;  }  .logo .m-banner {    display: none;  }  .ytvideo {    position: relative;    height: 546px;    width: 100%;    margin: 0 auto;  }  .ytvideo img {    width: 100%;    margin: 0 auto;  }  .ytvideo .play-btn {    width: 60px;    height: 42px;    position: absolute;    top: 50%;    left: 50%;    transform: translate(-50%, -50%);    background: url(\"data:image\/png;base64,iVBORw0KGgoAAAANSUhEUgAAAGQAAABGCAMAAAANWMFbAAAC+lBMVEUAAADBGB3kLCfBGB3kLCfcJC7BFx3KKSbiKybkLCbWJCPSIiLSIiLPICHAFx3kLCfgKSXNHiDZJiTIGx\/p4eHcjo7LHSDbJyTkLCbjKyfOHyHPIiL28fHJHB\/GGh7EGR7eKCXDGB3RISHlLSbBGB3AFxzGHB7DGB7BGB3hKybkKybAFx3lLCfAFxzDGR3hKibDGB7cJyTmz8\/elJTlwcHjurrUIyLlLSflLSfAFx3DGR7lLSfCFx3hKibhKibhKybjKybkLCblLSfbJSX49vbx7e3NNzjNMTLMJyjVIyLZf3\/ZQ0LaeHjx0tLgoqLkLCfCGB3HGx\/BGB3BFx3PICHCGB7WJCLOHyC\/Fxy\/Fx3lLCfQISHkLSe\/FxzbJiTBFx3FGx\/AGB7BFx3EGR7AGB3HHSDfKiXAFh3TISHYNzbhKibbJyTTIiL57e325+f039\/v2NjUV1fOHiHiqanfmprch4feKSXVIyPOICHmLibFGh\/mLSe\/Fx7XJCPeKSXXJSPNHyHaJyTGGh7lLCbmLCflLSjSIiLkLCbdKSXLHiC\/GB3KHh++Fh3lKyfoLiXcKCPkx8fYb2\/XaGfVXl3aU1LLHiDksbHgKibPICHbJyTfKSXbJyTCGB3KHSDiKybFGh7TIiL\/\/\/\/VIyPRISHIHB\/GGx\/HHB\/DGR7gKibdKCXLHiDZJiTMHiDNHyHYJSTOICHPICHWJCPcKCXXJSPjLCblLCf+\/f3NGR\/uLijzLynPGR\/IGB7WISHaIyLLGh7UAADxLynNAADRLzDbICLQAADIAAD3MCrUHSHXMTDpKSbLAADp5OTij4\/ejo\/VLy\/1LyngJSTcJCPQHx\/OHB7+\/PzaMS\/OLS\/vLijrLSjSAADaNTPwLyjkKSbNJCbYISHPHB\/KGB7WAAD7+vrn3d3aKynTKCjoLCfsKifRGh\/YAADq5+fhjo7QNDXXKCfmJyXt5+fTLzDLLi\/QKivYHRvMGBrQJCXLISPMExXLDxLaEAvkkI\/bOTfaFQ\/SCgpvLcnHAAAAmnRSTlMA+vv7+gT9Bvf9+8z8\/NSv\/Pr5+P7++vnQIBMP\/v38\/Pn348XDiCYf9OjbzcqxXVcx\/fz8+\/rj1r2poo1+fXFqX0orGP7+\/v7+\/fz8+\/r68uzn4trIxsG\/vri3p6GcmZSNbWVYUUZEPQv+\/f39+\/v7+\/v7+vr64tvV1NTTz87FtbSurqeblJKFg4B3bUY+NjL7+\/v7+\/v67t1cDo8JLQAABkRJREFUWMO0kz9rwkAYh0OIeJkum6YugUAhISCdKoj\/P4C7SMdS+gEKIhSKil10LSg4mzXkILdlEpxCpwTiWOLX6BujvQaEQuGeHLnL+\/64J+SIcKGYTYWnntpdLjrVdqvZmNdn0+EE40GtpuuWVS6Xx6N7YDSGpWXpeq02wHgynM7q80az1a52HpddtVcpsi1zFARBrdaxbhp9iUReTGmwA4KAAr7vx3EYejnCMI6hQYEgy0LQi4jUN0wL19vqFcUC9\/1dAKmEEFkWRYkh5oBejnxQJiSJPJ\/uKBp0Thszx9Mw8hMRIQjKsptCfuES9zr5WJY6vSFCIvE9fCMUmEM1A1kSXcYGxgVYsvI1IPKTZciSTI0us\/SMGG04gDzELDoFBwdcFJrF88dqgYMTiL6DILWYyfOWE8\/kIz38olCNlC03FK95+imxp6y4oUSvAnBjHHhKNtotSDqJzVFiK8c2SBqhZtsrTtgrLXwAyduxZHNE26eHUt5rtuM4WSmds3G+sUdWYo1L+XyxButoh5eKUHk5lByO3G1LqqCWVnfrv\/lyPtf\/4ps1cndNGIri8J1TJ0lx6dR\/oPjq1nbRwdp2dCk4CtIOLW3pVKRL6WZfS5vF2KkIQhpwSsjiYIgNCs1gEMGqiIq24NQX9NwoXFy8Ufrl3twTcg4fv8T9\/JBEySduj6Mjm4bMzYV7EEOxKjjoNDud7yY3Dy71Hq2oLmqfbNR723edH9PgMrNL2utoQ3VmaIDkiw\/4w51P06hlZsTZvkRrbVuSIs\/zwSOsycgzStQouoAkWQqioRT5XI7n2Z1wfVhoZmcAJLsoqjqpjbWCgpOAJXBwHK8PzWbNvoUZJND5wCnSkLAkZ1legx6vqQzjoiTahKlGUGLAiIIoABOHaNVw4sexZBym6\/HWlH5h3IC7yRbxtipcWxdTOkORKiNQAEkFf66x5S2oeRbroOlLgg0sSYkR0hRGEqJZ0jTPiQKatESdBckpWigxaapEH0lImHdWu9pUFF2XqMNM2Z4kped7IwEJw2qabwtrQqnpw6HyKkgcadKWsmpywwesDyIhYRpdzXddqegtGIJlXbAIUMOLkGxJUjRIkokwjUaX9d\/kK62ps\/tYUqZLIMkLTyBhsMZ3C5Z\/kDxOSCb\/DOs\/\/J0qcWSX\/2ipe56EgTCA4\/cB7NAYOsni4mZM1MUPAISoEwkDi4lhVBQ1cWQyIcwalw4EpqZN68JUSK7XC0kTlkLYii5uXSC8jT5ncCAS7mjCv0uHp\/3lueHEEAeQ\/\/VgmdN71\/2uCSA1Xr6DO6uI6sW56zqT2tp2PhgiRUAajV8CY2fkcz6WGNKMgLAt7tJAhD4YHMTeRxlALE6+43WqjSWi8ITxyJl8WrwWSNESQZZOqhDDntO3hJLsd5RtSpbJqdv3YrDJH3F7jL1R2O2aQkn2MyCyKYz0GPGIvSAMgBCrCEiJyKbBaYGwLW4uPRr0A0M4Ux5kUI7IBh+hMdiCEWNqhMZGyYMsOgNE58UQuEQeUnSWCMYwL54hkxK6IoqucQZbQ3pc3XtL0lky1dL0zZJJDpWJovFqpWj6JEHnyam2eQp5QRVAVHjWparTOaVwUOx99YS2MvgxIGV0bb+qIg2HX2qkFFJB+XZcbLiuRkuxD9GRroKyveLxdh4d7Orx+hb7qc3uVRuEogCOnyIxm4ubUoPgF4jianDrC+SDQDKEfJb0GUKmjCGPYHGJvVC6X4hw1\/sAfQAdfYyephIaspXe36RwOP+Ljvfx9B6B3i+Nk0DGq+oCbLn6JpBa9nWAveAIHwFAwtVcIJXPMPL8kRu5OAYPMaL1WScTxjiZDqB9LTJSWphow\/pTYKRTLjCBhvi9iBidvKcDasGSm0QQkycYuLBqj6QCELPctqChDWpTRMWkngNNpQ1Pfp1KkiT\/Y0DGffXAweUNfLAfaJFKDwhb6I+bkYRbkERoEeu3Fyjg2opMz2daZCS9jt6Q7txNfB+OZEVF6Zl5web2xunnLQrtrjXseXKaFYziYINeMFZVxS9VxRhOoesYwxPKXm+gWLG9cuFeq93UNNeJNsf1KlwuDok9n02n3TgIJpOxNfL9naIoQwXtfH9kjceTIIi709ncTg6LZbg+biLH1V6u\/7rxBem06VXKn9raAAAAAElFTkSuQmCC\")      no-repeat center center \/ contain;  }  @media screen and (max-width: 960px) and (orientation: portrait) {    .logo {      width: 100%;    }    .logo .pc-banner {      display: none;    }    .logo .m-banner {      display: block;      width: 100%;    }    .logo .m-banner img {      height: auto!important;    }    .ytvideo {      height: 200px;      width: 100%;    }  }<\/style><style>  .video-section {    width: 100%;    margin: 0 auto;  }  .video-section > img {    width: 100%;  }  .video-section iframe,  .video-section video {    width: 100%;    height: 100%;      }  .video-section-img-m,  .video-section-img-pc > img {    width: 100%;    height: auto;  }  .video-section-img-pc.small > img {    width: 970px;  }  .video-desc {    line-height: 1.5;    font-size: 20px;    font-weight: 400;    margin: 20px 0;    text-align: center;    color: #0f1111;    word-break: break-word;  }  @media screen and (max-width: 960px) and (orientation: portrait) {    .video-section {      width: 100%;    }    .video-section-pc,    .video-section-img-pc {      display: none;    }    .video-section-m,    .video-section-img-m {      display: block;    }    .video-desc {      font-size: 15px;    }  }  @media screen and (min-width: 960px) {    .video-section {      width: 100%;      margin: 0 auto;    }    .video-section-pc,    .video-section-img-pc {      display: block;    }    .video-section-m,    .video-section-img-m {      display: none;    }    .video-desc {      font-size: 20px;    }  }<\/style><style>  .section + .section {    margin-top: 35px;  }  .section-title {    text-align: center;    font-weight: bold;    color: #0d1111;    font-family: \"Arial\";    font-size: 32px;    margin: 15px 0;  }  .section-title:empty {    display: none;  }  .section-desc {    text-align: center;    font-weight: normal;    color: #0d1111;    margin-top: 20px;  }  .section-desc:empty {    display: none;  }  .section-img {    width: 1200px;    height: 492px;    margin: 0 auto;    display: block;  }  .section-img.small {    width: 970px;    height: auto;  }  .section-img.small > img {    height: auto;  }  .section-img > img {    width: 100%;    height: 100%;  }  .section-mobile-img {    display: none;    max-width: 100vw;    max-height: 75vw;    height: 450px;    margin: 0 auto;  }  .section-mobile-img > img {    width: 100%;    height: 100%;  }  @media screen and (max-width: 960px) and (orientation: portrait) {    .container {      width: 100%;    }    .container.small {      width: 100%;    }    .section-mobile-img {      display: block;    }    .section-img {      display: none;    }    .section-title {      font-size: 22px;      margin: 10px 0;    }    .section-desc {      margin-top: 10px;    }    .section + .section {      margin-top: 20px;    }  }<\/style><\/head><body><div class=\"container\"><div class=\"logo\"><div class=\"pc-banner\"><div><img decoding=\"async\" src=\"\/vevor\/vevor\/boutique-banner\/pc\/en-pc@1x.jpg\" style=\"width: 100%;\" \/><\/div><\/div><div class=\"m-banner\"><div><img decoding=\"async\" src=\"\/vevor\/vevor\/boutique-banner\/mobile\/en-m@1x.jpg\" style=\"width: 100%;\" \/><\/div><\/div><\/div><div class=\"section-title\">Aizsarg\u0101jiet savu vid\u0113ja izm\u0113ra Eiropas sedana automa\u0161\u012bnu ar iztur\u012bgu pilna p\u0101rkl\u0101juma automa\u0161\u012bnas p\u0101rsegu<\/div><div class=\"video-section\"><div class=\"video-section-img-pc\"><img decoding=\"async\" src=\"\/vevor\/product\/QFGQCCYDHSUVB7SWT001\/car-cover-a100-1.4.jpg\" \/><\/div><div class=\"video-section-img-m\"><img decoding=\"async\" src=\"\/vevor\/product\/QFGQCCYDHSUVB7SWT001\/car-cover-a100-1.4-m.jpg\" \/><\/div><div class=\"section-desc\">\u0160is pilna virsb\u016bves p\u0101rsegs, kas paredz\u0113ts vid\u0113ja izm\u0113ra Eiropas sedaniem, ir izgatavots no milit\u0101ra l\u012bme\u0146a materi\u0101la, kas nodro\u0161ina ilgsto\u0161u aizsardz\u012bbu. Ar prec\u012bzu kreis\u0101s puses r\u0101v\u0113jsl\u0113dz\u0113ju, elast\u012bgu apak\u0161da\u013cu un atstarojo\u0161\u0101m sloksn\u0113m tas nodro\u0161ina dro\u0161u piegul\u0161anu, vienlaikus pasarg\u0101jot j\u016bsu automa\u0161\u012bnu no saules boj\u0101jumiem, ekstrem\u0101liem laikapst\u0101k\u013ciem un ikdienas nodiluma.<\/div><\/div><div class=\"section\"><div class=\"section-title\"><\/div><div class=\"section-img\"><img decoding=\"async\" src=\"\/vevor\/product\/QFGQCCYDHSUVB7SWT001\/car-cover-a100-2.2.jpg\" \/><\/div><div class=\"section-mobile-img\"><img decoding=\"async\" src=\"\/vevor\/product\/QFGQCCYDHSUVB7SWT001\/car-cover-a100-2.2-m.jpg\" \/><\/div><div class=\"section-desc\">M\u016bsu \u0101ra automa\u0161\u012bnas p\u0101rsegs apvieno augst\u0101k\u0101s kvalit\u0101tes PEVA alum\u012bnija kokvilnu, kas nodro\u0161ina izcilu karstumiztur\u012bbu, \u016bdensnecaurlaid\u012bbu un \u0101tru \u017e\u016b\u0161anu. Iztur\u012bgais, pl\u012bsto\u0161s materi\u0101ls nodro\u0161ina ilgsto\u0161u aizsardz\u012bbu j\u016bsu automa\u0161\u012bnai, savuk\u0101rt kokvilnas odere pal\u012bdz saglab\u0101t j\u016bsu transportl\u012bdzek\u013ca kr\u0101sas integrit\u0101ti.<\/div><\/div><div class=\"section\"><div class=\"section-title\"><\/div><div class=\"section-img\"><img decoding=\"async\" src=\"\/vevor\/product\/QFGQCCYDHSUVB7SWT001\/car-cover-a100-2.3.jpg\" \/><\/div><div class=\"section-mobile-img\"><img decoding=\"async\" src=\"\/vevor\/product\/QFGQCCYDHSUVB7SWT001\/car-cover-a100-2.3-m.jpg\" \/><\/div><div class=\"section-desc\">\u0160is \u016bdensnecaurlaid\u012bgais automa\u0161\u012bnas p\u0101rsegs, kas apr\u012bkots ar \u0113rtu kreis\u0101s puses r\u0101v\u0113jsl\u0113dz\u0113ju, nodro\u0161ina \u0113rtu piek\u013cuvi j\u016bsu transportl\u012bdzeklim. Se\u0161as atstarojo\u0161as sloksnes uzlabo redzam\u012bbu nakt\u012b, padarot to dro\u0161\u0101ku jums un j\u016bsu automa\u0161\u012bnai. Lielisks p\u0101rdom\u0101ta dizaina un dro\u0161\u012bbas apvienojums ikdienas brauk\u0161anai.<\/div><\/div><div class=\"section\"><div class=\"section-title\"><\/div><div class=\"section-img\"><img decoding=\"async\" src=\"\/vevor\/product\/QFGQCCYDHSUVB7SWT001\/car-cover-a100-2.4.jpg\" \/><\/div><div class=\"section-mobile-img\"><img decoding=\"async\" src=\"\/vevor\/product\/QFGQCCYDHSUVB7SWT001\/car-cover-a100-2.4-m.jpg\" \/><\/div><div class=\"section-desc\">\u0160is p\u0113c pas\u016bt\u012bjuma piegu\u013co\u0161ais automa\u0161\u012bnas p\u0101rsegs ir paredz\u0113ts ekstrem\u0101liem laikapst\u0101k\u013ciem, un tam ir elast\u012bgas apmales gan priek\u0161pus\u0113, gan aizmugur\u0113, lai nodro\u0161in\u0101tu perfektu piegul\u0161anu. Tr\u012bs v\u0113ja necaurlaid\u012bgas siksnas ar spr\u0101dz\u0113m nodro\u0161ina papildu stabilit\u0101ti, nov\u0113r\u0161ot p\u0101rsega nop\u016b\u0161anu stipra v\u0113ja vai taif\u016bna apst\u0101k\u013cos.<\/div><\/div><div class=\"section\"><div class=\"section-title\"><\/div><div class=\"section-img\"><img decoding=\"async\" src=\"\/vevor\/product\/QFGQCCYDHSUVB7SWT001\/car-cover-a100-2.5.jpg\" \/><\/div><div class=\"section-mobile-img\"><img decoding=\"async\" src=\"\/vevor\/product\/QFGQCCYDHSUVB7SWT001\/car-cover-a100-2.5-m.jpg\" \/><\/div><div class=\"section-desc\">VEVOR automa\u0161\u012bnas p\u0101rsegs ir p\u0101rkl\u0101ts ar \u016bdensnecaurlaid\u012bgu sl\u0101ni, kas padara to ide\u0101li piem\u0113rotu lietainam vai sniegainam laikam. UV30+ sudraba p\u0101rkl\u0101jums blo\u0137\u0113 kait\u012bgos saules starus, nodro\u0161inot lielisku aizsardz\u012bbu pret sauli. Lielisks risin\u0101jums, lai aizsarg\u0101tu savu transportl\u012bdzekli jebkuros laikapst\u0101k\u013cos.<\/div><\/div><div class=\"section\"><div class=\"section-img\"><img decoding=\"async\" src=\"\/vevor\/product\/QFGQCCYDHSUVB7SWT001\/car-cover-a100-1.11.jpg\" \/><\/div><div class=\"section-mobile-img\"><img decoding=\"async\" src=\"\/vevor\/product\/QFGQCCYDHSUVB7SWT001\/car-cover-a100-1.11-m.jpg\" \/><\/div><\/div><\/div><\/body><\/html><\/div>\n<div class=\"DM_at-title\" id=\"js-DM_at-title\"> <div>Produkta specifik\u0101cija<\/div> <i class=\"icon-arrowup_line\"><\/i> <\/div><div class=\"DM_at-goodsDescAttr\" id=\"js-DM_at-goodsDescAttr\"> <div class=\"DM_at-goodsDescAttrInner\"> <dl class=\"goodsDesc_item goodsDesc_item_even\"> <dt>Preces Mode\u013ca Numurs<\/dt> <dd> SXYLMCYJCZHONG<\/dd> <\/dl> <dl class=\"goodsDesc_item\"> <dt>Sader\u012bgi transportl\u012bdzek\u013ci<\/dt> <dd> Vid\u0113ja izm\u0113ra Eiropas sedani (BMW 3. s\u0113rija, BMW 4. s\u0113rija, Mercedes Benz C klase, Audi A4L, Audi A5)<\/dd> <\/dl> <dl class=\"goodsDesc_item goodsDesc_item_even\"> <dt>Kr\u0101sa<\/dt> <dd> Sudraba<\/dd> <\/dl> <dl class=\"goodsDesc_item\"> <dt>Galvenie materi\u0101li<\/dt> <dd> PEVA alum\u012bnija pl\u0113ve ar kokvilnas oderi<\/dd> <\/dl> <dl class=\"goodsDesc_item goodsDesc_item_even\"> <dt>Neto Svars<\/dt> <dd> 5,6 m\u0101rci\u0146as \/ 2,5 kg<\/dd> <\/dl> <dl class=\"goodsDesc_item\"> <dt>Produkta Izm\u0113ri<\/dt> <dd> 194,88 x 94,49 x 45,28 collas \/ 4950 x 2400 x 1150 mm<\/dd> <\/dl> <\/div> <\/div>","protected":false},"excerpt":{"rendered":"<ul>\n<li> Sedanam paredz\u0113ts automa\u0161\u012bnas p\u0101rsegs: M\u016bsu pilnais virsb\u016bves p\u0101rsegs ir \u012bpa\u0161i izstr\u0101d\u0101ts vid\u0113ja izm\u0113ra Eiropas sedaniem, piem\u0113ram, BMW 3. s\u0113rijai, BMW 4. s\u0113rijai, Mercedes-Benz C klasei, Audi A4L un Audi A5, un tas nodro\u0161ina piel\u0101gotu piegulumu. Tas nav piem\u0113rots transportl\u012bdzek\u013ciem ar ievelkam\u0101m vai izvirz\u012bt\u0101m anten\u0101m vai augst\u0101m izvirz\u012bt\u0101m deta\u013c\u0101m. Komplekt\u0101 ietilpst uzglab\u0101\u0161anas soma, kas atvieglo saloc\u012b\u0161anu un glab\u0101\u0161anu bag\u0101\u017eniek\u0101. <\/li>\n<li> Iztur\u012bga konstrukcija: \u0160is automa\u0161\u012bnas p\u0101rsegs, kas izgatavots no augst\u0101k\u0101s kvalit\u0101tes PEVA alum\u012bnija kokvilnas, ir paredz\u0113ts 2000 mm \u016bdens spiediena iztur\u012bbai. Tas nodro\u0161ina izcilu \u016bdensnecaurlaid\u012bbu, karstumiztur\u012bbu un \u0101tru \u017e\u016b\u0161anu. Divk\u0101r\u0161\u0101s adatas v\u012bles pastiprina iztur\u012bbu, savuk\u0101rt m\u012bkst\u0101 kokvilnas odere aizsarg\u0101 j\u016bsu automa\u0161\u012bnas kr\u0101su. Ide\u0101li piem\u0113rots visiem laikapst\u0101k\u013ciem un ikdienas lieto\u0161anai. <\/li>\n<li> \u0112rta piek\u013cuve un redzam\u012bba: apr\u012bkots ar kreis\u0101s puses r\u0101v\u0113jsl\u0113dz\u0113ju, \u0161is automa\u0161\u012bnas p\u0101rsegs ir \u016bdensiztur\u012bgs, \u013caujot viegli piek\u013c\u016bt j\u016bsu automa\u0161\u012bnai, to piln\u012bb\u0101 neno\u0146emot. V\u0101ci\u0146am ir ar\u012b atstarojo\u0161as sloksnes ab\u0101s pus\u0113s un \u010detras papildu sloksnes priek\u0161\u0101 un aizmugur\u0113, uzlabojot redzam\u012bbu. un dro\u0161\u012bbu nakts laik\u0101 <\/li>\n<li> Piln\u012bga v\u0113ja iztur\u012bba: \u0160is piel\u0101gotais automa\u0161\u012bnas p\u0101rsegs ir veidots ar elast\u012bg\u0101m apmal\u0113m priek\u0161pus\u0113 un aizmugur\u0113, lai nodro\u0161in\u0101tu perfektu piegul\u0161anu un piln\u012bgu aizsardz\u012bbu pret v\u0113ju. Tr\u012bs v\u0113ja necaurlaid\u012bgas siksnas ar spr\u0101dz\u0113m stingri notur p\u0101rsegu viet\u0101, nodro\u0161inot, ka tas netiks aizp\u016bsts sp\u0113c\u012bga v\u0113ja vai taif\u016bnam l\u012bdz\u012bgu apst\u0101k\u013cu laik\u0101. Ide\u0101li piem\u0113rots visiem laikapst\u0101k\u013ciem, dro\u0161am p\u0101rkl\u0101jumam. <\/li>\n<li> Piln\u012bgs elementu aizsargs: \u0160is pilnais automa\u0161\u012bnas p\u0101rsegs, kas nodro\u0161ina aizsardz\u012bbu visu gadu, ir apr\u012bkots ar \u016bdensnecaurlaid\u012bgu \u0101r\u0113jo sl\u0101ni, kas iztur sp\u0113c\u012bgu \u016bdens spiedienu un ir ide\u0101li piem\u0113rots mitriem laikapst\u0101k\u013ciem. T\u0101 atstarojo\u0161ais sudraba p\u0101rkl\u0101jums blo\u0137\u0113 kait\u012bgos starus, lai pasarg\u0101tu j\u016bsu automa\u0161\u012bnu no saules boj\u0101jumiem. Aizsarg\u0101jiet savu transportl\u012bdzekli no lietus, sala, lap\u0101m, smilt\u012bm, net\u012brumiem un citiem faktoriem neatkar\u012bgi no gadalaika. <\/li>\n<\/ul>","protected":false},"featured_media":421065,"comment_status":"open","ping_status":"open","template":"","meta":{"om_disable_all_campaigns":false,"_uf_show_specific_survey":0,"_uf_disable_surveys":false},"location":[1935,1934],"product_brand":[],"product_cat":[133,466,1263],"product_tag":[],"class_list":{"0":"post-201609","1":"product","2":"type-product","3":"status-publish","4":"has-post-thumbnail","6":"location-supplier_stock_location","7":"location-local_stock_location","8":"product_cat-automotive","9":"product_cat-automotive-accessories","10":"product_cat-car-cover","12":"first","13":"instock","14":"taxable","15":"shipping-taxable","16":"purchasable","17":"product-type-simple"},"aioseo_notices":[],"locations":[{"id":1935,"name":"Pieg\u0101d\u0101ja noliktav\u0101 (5-7dd.d)","slug":"supplier_stock_location","quantity":"310"},{"id":1934,"name":"R\u012bgas veikal\u0101 (0-2d.d.)","slug":"local_stock_location","quantity":"0"}],"_links":{"self":[{"href":"https:\/\/vevorshop.lv\/lv\/wp-json\/wp\/v2\/product\/201609","targetHints":{"allow":["GET"]}}],"collection":[{"href":"https:\/\/vevorshop.lv\/lv\/wp-json\/wp\/v2\/product"}],"about":[{"href":"https:\/\/vevorshop.lv\/lv\/wp-json\/wp\/v2\/types\/product"}],"replies":[{"embeddable":true,"href":"https:\/\/vevorshop.lv\/lv\/wp-json\/wp\/v2\/comments?post=201609"}],"wp:featuredmedia":[{"embeddable":true,"href":"https:\/\/vevorshop.lv\/lv\/wp-json\/wp\/v2\/media\/421065"}],"wp:attachment":[{"href":"https:\/\/vevorshop.lv\/lv\/wp-json\/wp\/v2\/media?parent=201609"}],"wp:term":[{"taxonomy":"location","embeddable":true,"href":"https:\/\/vevorshop.lv\/lv\/wp-json\/wp\/v2\/location?post=201609"},{"taxonomy":"product_brand","embeddable":true,"href":"https:\/\/vevorshop.lv\/lv\/wp-json\/wp\/v2\/product_brand?post=201609"},{"taxonomy":"product_cat","embeddable":true,"href":"https:\/\/vevorshop.lv\/lv\/wp-json\/wp\/v2\/product_cat?post=201609"},{"taxonomy":"product_tag","embeddable":true,"href":"https:\/\/vevorshop.lv\/lv\/wp-json\/wp\/v2\/product_tag?post=201609"}],"curies":[{"name":"wp","href":"https:\/\/api.w.org\/{rel}","templated":true}]}}