{"id":204600,"date":"2025-10-04T19:51:18","date_gmt":"2025-10-04T16:51:18","guid":{"rendered":"https:\/\/vevorshop.lv\/en_us\/?post_type=product&#038;p=204600"},"modified":"2025-12-31T16:20:15","modified_gmt":"2025-12-31T14:20:15","slug":"fanttik_s2_pro","status":"publish","type":"product","link":"https:\/\/vevorshop.lv\/lv\/Prece\/fanttik_s2_pro\/","title":{"rendered":"Fanttik S2 Pro 3,7 V elektriskais skr\u016bvgriezis, akumulatora skr\u016bvgrie\u017eu komplekts, 7 griezes momenti (no 0,5 l\u012bdz 6 Nm), 20 magn\u0113tiskie uzga\u013ci, 1\/4 collu se\u0161st\u016bra uzgalis ar 90\u00b0 adapteri, piem\u0113rots m\u0113be\u013cu un m\u0101jsaimniec\u012bbas remontam"},"content":{"rendered":"<video src=\"https:\/\/m.media-amazon.com\/images\/S\/vse-vms-transcoding-artifact-eu-west-1-prod\/38171f78-cc2b-4297-abac-4f630ec5e389\/default.jobtemplate.hls.m3u8\" poster=\"https:\/\/m.media-amazon.com\/images\/I\/71+2DvTnp6L.SX522_.jpg\" controls=\"controls\" width=\"300\" height=\"150\"><\/video>\r\n<video src=\"https:\/\/m.media-amazon.com\/images\/S\/vse-vms-transcoding-artifact-eu-west-1-prod\/d2f3b3fc-648f-49fe-a583-d1294f5ec834\/default.jobtemplate.hls.m3u8\" poster=\"https:\/\/m.media-amazon.com\/images\/I\/91wN4iP3FtL.SX522_.png\" controls=\"controls\" width=\"300\" height=\"150\"><\/video>\r\n<video src=\"https:\/\/m.media-amazon.com\/images\/S\/vse-vms-transcoding-artifact-eu-west-1-prod\/7cfe6fb4-837d-4c2b-8ca3-9d18be6f0cf2\/default.jobtemplate.hls.m3u8\" poster=\"https:\/\/m.media-amazon.com\/images\/I\/91btxCciavL.SX522_.png\" controls=\"controls\" width=\"300\" height=\"150\"><\/video>\r\n<div id=\"aplus\" class=\"a-section a-spacing-large bucket\">\r\n\r\n<hr class=\"bucketDivider\" noshade=\"noshade\" size=\"1\" \/>\r\n\r\n<h2>Produkta apraksts<\/h2>\r\n<div lang=\"de_DE\">\r\n<div class=\"aplus-v2 desktop celwidget\" data-csa-c-id=\"b6c88i-wnuj5l-di8gre-v6qkd2\" data-cel-widget=\"aplus\">\r\n<div class=\"celwidget aplus-module premium-module-8-hero-video aplus-premium\" data-csa-c-id=\"e6d18-ucb5c8-45yzwb-pvkyv1\" data-cel-widget=\"aplus-premium-module-8-hero-video\">\r\n<div class=\"a-section a-spacing-none premium-aplus premium-aplus-module-8\">\r\n<div class=\"a-section a-spacing-none premium-aplus-module-8-video\">\r\n<div class=\"a-section a-spacing-none video-placeholder\"><\/div>\r\n<div class=\"a-section a-spacing-none video-container\">\r\n<div id=\"3eb2a1ef-e8f4-4833-acb4-b393e7539b8c\">\r\n<div class=\"a-section vse-player-container\" data-csa-c-component=\"aplus-vse-video-widget\" data-csa-c-content-id=\"amzn1.vse.video.1f25749ce951417099d4f19cc96dc43d\" data-csa-c-cs-type=\"vse\" data-csa-c-painter=\"vse-player\" data-csa-c-type=\"widget\" data-csa-op-log-render=\"\" data-csa-c-id=\"7gmtar-77wgey-raywg6-hk82nl\">\r\n<div class=\"vse-airy-container vse-player-container none\">\r\n<div id=\"ive-aplus-43069-player-label-container\" class=\"a-section a-spacing-none ive-player-label-container\" data-element-id=\"ive-player-label-container\">\r\n\r\n&nbsp;\r\n<div id=\"a-popover-ive-aplus-43069-label-type-tooltip\" class=\"a-popover-preload\"><span class=\"ive-demo-label-tooltip ive-player-label-tooltip aok-hidden\">Video demonstr\u0113 produkta darb\u012bbu.<\/span><span class=\"ive-assembly-label-tooltip ive-player-label-tooltip aok-hidden\">Video pal\u012bdz\u0113s jums iestat\u012bt produktu.<\/span><span class=\"ive-comparison-label-tooltip ive-player-label-tooltip aok-hidden\">Video sal\u012bdzin\u0101ti vair\u0101ki produkti.<\/span><span class=\"ive-unboxing-label-tooltip ive-player-label-tooltip aok-hidden\">Video redzams, k\u0101 produkts tiek izpakots.<\/span><\/div>\r\n<\/div>\r\n<div id=\"aplus-43069-player-17535432-d137-4874-8b3a-e14150b73abc\" class=\"vse-player\" data-element-id=\"vse-player-container\">\r\n<div id=\"aplus-43069-player-17535432-d137-4874-8b3a-e14150b73abc-container\">\r\n<div id=\"aplus-43069-player-17535432-d137-4874-8b3a-e14150b73abc-container-element\" class=\"video-js brila-video-js vjs-paused vjs-controls-enabled vjs-workinghover vjs-v7 vjs-user-active vjs-fluid aplus-43069-player-17535432-d137-4874-8b3a-e14150b73abc-container-element-dimensions\" lang=\"en\">\r\n<div id=\"altText-aplus-43069-player-17535432-d137-4874-8b3a-e14150b73abc-container\" class=\"ive-alttext-container\" role=\"description\" aria-label=\"Noklik\u0161\u0137iniet, lai atska\u0146otu video, Fanttik S2 Pro elektrisk\u0101 skr\u016bvgrie\u017ea prezent\u0101ciju. Video redzamas komplekta sast\u0101vda\u013cas, tostarp skr\u016bvgriezis, uzga\u013ci un adapteris. Taj\u0101 demonstr\u0113ti da\u017e\u0101di pielietojumi, piem\u0113ram, ieskr\u016bv\u0113\u0161ana kok\u0101 un 90 gr\u0101du adaptera izmanto\u0161ana. Tiek izcelts ier\u012bces kompaktais izm\u0113rs un daudzpus\u012bba. Visbeidzot, produkts tiek prezent\u0113ts k\u0101 viegli lietojams un piem\u0113rots &#034;dari pats&#034; projektiem.\"><\/div>\r\n<video id=\"aplus-43069-player-17535432-d137-4874-8b3a-e14150b73abc-container-element_html5_api\" class=\"vjs-tech\" src=\"https:\/\/www.amazon.de\/bc5e15bb-cec1-4020-8f5c-f4f6bae72c0b\" poster=\"https:\/\/m.media-amazon.com\/images\/I\/81heNxlhOrL.jpg\" preload=\"auto\" controls=\"controls\" width=\"300\" height=\"150\"><\/video>\r\n\r\n<\/div>\r\n<\/div>\r\n<\/div>\r\n<\/div>\r\n<h1 class=\"vse-video-player-title\">Fanttik S2 PRO<\/h1>\r\n<span class=\"vse-lightPlayer-vendor a-size-mini\" data-element-id=\"vse-lightPlayer-content-provider\"> Tirgot\u0101ja video<\/span>\r\n\r\n<\/div>\r\n<\/div>\r\n<\/div>\r\n<\/div>\r\n<div class=\"a-section a-text-center\"><\/div>\r\n<\/div>\r\n<\/div>\r\n<div class=\"celwidget aplus-module premium-module-2-fullbackground-image aplus-premium\" data-csa-c-id=\"uq2xs5-t95whg-qauh83-qgucz4\" data-cel-widget=\"aplus-premium-module-2-fullbackground-image\">\r\n<div class=\"a-section a-spacing-none premium-aplus premium-aplus-module-2\">\r\n<div class=\"a-section a-spacing-none premium-background-wrapper\">\r\n<div class=\"a-section a-spacing-none background-image\"><img decoding=\"async\" class=\"a-lazy-loaded\" src=\"https:\/\/vevorshop.lv\/wp-content\/uploads\/sites\/3\/2025\/10\/68e1508c9f0e7fc80b50f62ea7360a3a3c916954bd7b538ed5f76.jpg\" alt=\"Teksts v\u0113sta &#034;LED&#034;. Tehnisku produktu att\u0113lu s\u0113rija, kur\u0101 redzami da\u017e\u0101di apgaismojuma sist\u0113mas le\u0146\u0137i un funkcijas ar izgaismot\u0101m demonstr\u0101cij\u0101m.\" data-src=\"https:\/\/m.media-amazon.com\/images\/S\/aplus-media-library-service-media\/ad61247e-48ca-4d8e-a376-391f8d21a273.__CR0,0,1464,600_PT0_SX1464_V1___.jpg\" \/><\/div>\r\n<\/div>\r\n<div class=\"a-section a-text-center\"><\/div>\r\n<\/div>\r\n<\/div>\r\n<div class=\"celwidget aplus-module premium-module-4-two-column-images aplus-premium\" data-csa-c-id=\"74cfv2-cnlhso-wrg1od-5ki6w2\" data-cel-widget=\"aplus-premium-module-4-two-column-images\">\r\n<div class=\"a-section a-spacing-none premium-aplus premium-aplus-module-4 aplus-container-1\">\r\n<h1 class=\"a-text-center premium-module-4-heading aplus-h1 a-text-bold\">S\u012bk\u0101ka inform\u0101cija<\/h1>\r\n<div class=\"a-section a-spacing-none premium-aplus-two-column\">\r\n<div class=\"a-section a-spacing-none premium-aplus-column\">\r\n<div class=\"a-section a-spacing-none {'column-image'}\"><img decoding=\"async\" class=\"\" src=\"https:\/\/vevorshop.lv\/wp-content\/uploads\/sites\/3\/2025\/10\/68e1509127a000719c9f94c9ceb84d00beb11c9aa6d1dd40749e1.jpg\" alt=\"aplus satura att\u0113ls\" data-src=\"https:\/\/m.media-amazon.com\/images\/S\/aplus-media-library-service-media\/0dfce435-7e88-4ad2-9b54-510ddb43bcab.__CR0,0,650,350_PT0_SX650_V1___.jpg\" \/><\/div>\r\n<div class=\"a-section a-spacing-none column-heading\">\r\n<h1 class=\"aplus-h3 a-text-bold\">Mit 90\u00b0-Winkeladapter<\/h1>\r\n<\/div>\r\n<div class=\"a-section a-spacing-none column-description\"><\/div>\r\n<\/div>\r\n<div class=\"a-section a-spacing-none premium-aplus-column\">\r\n<div class=\"a-section a-spacing-none {'column-image'}\"><img decoding=\"async\" class=\"\" src=\"https:\/\/vevorshop.lv\/wp-content\/uploads\/sites\/3\/2025\/10\/68e1509161545d416fb63a608cf3c6e2cd2eda56338c659db9144.jpg\" alt=\"aplus satura att\u0113ls\" data-src=\"https:\/\/m.media-amazon.com\/images\/S\/aplus-media-library-service-media\/e8fb4e1c-7a04-447e-b8b1-e5c6fb1fb03d.__CR0,0,650,350_PT0_SX650_V1___.jpg\" \/><\/div>\r\n<div class=\"a-section a-spacing-none column-heading\">\r\n<h1 class=\"aplus-h3 a-text-bold\">Ar magnetiz\u0113tu ierakstu<\/h1>\r\n<\/div>\r\n<div class=\"a-section a-spacing-none column-description\"><\/div>\r\n<\/div>\r\n<\/div>\r\n<\/div>\r\n<\/div>\r\n<div class=\"celwidget aplus-module premium-module-11-faq aplus-premium\" data-csa-c-id=\"v78wmc-e0pmqa-mnvwo8-7k5rm9\" data-cel-widget=\"aplus-premium-module-11-faq\">\r\n<div class=\"a-section a-spacing-none premium-aplus premium-aplus-module-11\">\r\n<div class=\"a-section a-spacing-none aplus-container-2 faqs-container 5\" data-faq-block=\"5\">\r\n<ul class=\"faq-list\">\r\n \t<li id=\"faq-qa-pair-0\" class=\"faq-block\">\r\n<p class=\"aplus-question aplus-p1\">Welche Aufgaben kann der S2 Pro bew\u00e4ltigen?<\/p>\r\n&nbsp;\r\n<p class=\"aplus-answer aplus-p2\">Der S2 Pro verf\u00fcgt \u00fcber einen 1\/4\"-Sechskant-Aufsatz, eine Drehzahl von 250 U\/min und ein maximales Drehmoment von 6 Nm.<\/p>\r\n<p class=\"aplus-answer aplus-p2\">Perfekt geeignet f\u00fcr Projekte wie 3D-Drucker, Haushaltsger\u00e4te, M\u0113belmontage und DIY-Aufgaben.<\/p>\r\n<\/li>\r\n \t<li id=\"faq-qa-pair-1\" class=\"faq-block\">\r\n<p class=\"aplus-question aplus-p1\">Wie h\u00e4ngen Drehzahl und Drehmoment beim S2 Pro zusammen?<\/p>\r\n&nbsp;\r\n<p class=\"aplus-answer aplus-p2\">Die Drehzahl wird durch die Motorbewegung erzeugt, w\u00e4hrend das Drehmoment \u00fcber das Getriebe reguliert wird, f\u00fcr pr\u00e4zise Kraftregelung.<\/p>\r\n<p class=\"aplus-answer aplus-p2\">Der Motorklang zeigt die Drehzahl an, Erst das richtige Drehmoment erm\u00f6glicht sicheres Anziehen oder L\u00f6sen.<\/p>\r\n<\/li>\r\n \t<li id=\"faq-qa-pair-2\" class=\"faq-block\">\r\n<p class=\"aplus-question aplus-p1\">K\u0101 notiek S2 Pro uzl\u0101de un lieto\u0161ana?<\/p>\r\n&nbsp;\r\n<p class=\"aplus-answer aplus-p2\">Mit seinem 2000-mAh-Akku kann der S2 Pro vollst\u00e4ndiger Ladung 1.500 Schrauben des Typs M3,0x10 mm anziehen.<\/p>\r\n<p class=\"aplus-answer aplus-p2\">Verbessertes 5V\/2A Typ-C-Laden, verk\u00fcrzt die Ladezeit um die H\u00e4lfte.<\/p>\r\n<p class=\"aplus-answer aplus-p2\">Hinveiss: Das Ger\u00e4t kann w\u00e4hrend des Ladevorgangs nicht verwendet werden.<\/p>\r\n<\/li>\r\n<\/ul>\r\n<\/div>\r\n<\/div>\r\n<\/div>\r\n<\/div>\r\n<\/div>\r\n<\/div>","protected":false},"excerpt":{"rendered":"<div id=\"productOverview_feature_div\" class=\"celwidget\" data-feature-name=\"productOverview\" data-csa-c-type=\"widget\" data-csa-c-content-id=\"productOverview\" data-csa-c-slot-id=\"productOverview_feature_div\" data-csa-c-asin=\"B0F3X74WT9\" data-csa-c-is-in-initial-active-row=\"false\" data-csa-c-id=\"k6aat3-9j0uxz-zhv9rf-kr6jm8\" data-cel-widget=\"productOverview_feature_div\">\n<div class=\"a-section a-spacing-small a-spacing-top-small\">\n<table class=\"a-normal a-spacing-micro\" role=\"list\">\n<tbody>\n<tr class=\"a-spacing-small po-brand\" role=\"listitem\">\n<td class=\"a-span3\" role=\"presentation\"><span class=\"a-size-base a-text-bold\">Z\u012bmols<\/span><\/td>\n<td class=\"a-span9\" role=\"presentation\"><span class=\"a-size-base po-break-word\">Fantiks<\/span><\/td>\n<\/tr>\n<tr class=\"a-spacing-small po-power_source_type\" role=\"listitem\">\n<td class=\"a-span3\" role=\"presentation\"><span class=\"a-size-base a-text-bold\">Baro\u0161anas avots<\/span><\/td>\n<td class=\"a-span9\" role=\"presentation\"><span class=\"a-size-base po-break-word\">Darbojas ar akumulatoru<\/span><\/td>\n<\/tr>\n<tr class=\"a-spacing-small po-maximum_rotational_speed\" role=\"listitem\">\n<td class=\"a-span3\" role=\"presentation\"><span class=\"a-size-base a-text-bold\">Maksim\u0101lais rot\u0101cijas \u0101trums<\/span><\/td>\n<td class=\"a-span9\" role=\"presentation\"><span class=\"a-size-base po-break-word\">250 apgr.\/min<\/span><\/td>\n<\/tr>\n<tr class=\"a-spacing-small po-voltage\" role=\"listitem\">\n<td class=\"a-span3\" role=\"presentation\"><span class=\"a-size-base a-text-bold\">Spriegums<\/span><\/td>\n<td class=\"a-span9\" role=\"presentation\"><span class=\"a-size-base po-break-word\">3,7 volti (l\u012bdzstr\u0101va)<\/span><\/td>\n<\/tr>\n<tr class=\"a-spacing-small po-amperage\" role=\"listitem\">\n<td class=\"a-span3\" role=\"presentation\"><span class=\"a-size-base a-text-bold\">Str\u0101vas stiprums amp\u0113ros<\/span><\/td>\n<td class=\"a-span9\" role=\"presentation\"><span class=\"a-size-base po-break-word\">2000 miliamperi<\/span><\/td>\n<\/tr>\n<\/tbody>\n<\/table>\n<\/div>\n<\/div>\n<div>\n<ul>\n<li class=\"a-spacing-mini\"><span class=\"a-list-item\"> JAUD\u012aGS GRIEZES MOMENTS Ar augstas kvalit\u0101tes 250 apgr.\/min motoru Fanttik NEX S2 Pro elektriskais skr\u016bvgriezis nodro\u0161ina griezes momentu l\u012bdz 6 Nm \u2013 ide\u0101li piem\u0113rots datoru mont\u0101\u017eai, m\u0113be\u013cu mont\u0101\u017eai un sadz\u012bves tehnikas remontam. <\/span><\/li>\n<li class=\"a-spacing-mini\"><span class=\"a-list-item\"> Prec\u012bza griezes momenta kontrole: ar meh\u0101niski elektronisko hibr\u012bdsist\u0113mu skr\u016bvgriezis pied\u0101v\u0101 7 regul\u0113jamus griezes momenta l\u012bme\u0146us (0,5 \/ 1 \/ 2 \/ 3 \/ 4 \/ 5 \/ 6 Nm) perfektai jaudas doz\u0113\u0161anai. Smalk\u0101kais l\u012bmenis (0,5 Nm) ir ide\u0101li piem\u0113rots jut\u012bgu elektronikas ier\u012b\u010du, piem\u0113ram, viedt\u0101lru\u0146u vai kl\u0113pjdatoru, remontam. <\/span><\/li>\n<li class=\"a-spacing-mini\"><span class=\"a-list-item\"> \u0112RTA UZGLAB\u0100\u0160ANA UN PLA\u0160I PIEDERUMI Gluds, tehniski iedvesmots uzglab\u0101\u0161anas komplekts ar magn\u0113tisku dizainu \u0113rtai piek\u013cuvei uzga\u013ciem Ietver 20 bie\u017ei lietotus bitus (5 garus, 15 \u012bsus), pagarin\u0101juma stieni un 90\u00b0 le\u0146\u0137a adapteri \u2013 lieliski piem\u0113rots da\u017e\u0101diem m\u0101jsaimniec\u012bbas darbiem pat \u0161aur\u0101s viet\u0101s. <\/span><\/li>\n<li class=\"a-spacing-mini\"><span class=\"a-list-item\"> ILGSTO\u0160A AKUMULATORA DARB\u012aBA UN \u0100TRA UZL\u0100DE 2000 mAh akumulators nodro\u0161ina ilg\u0101ku darb\u012bbas laiku un ret\u0101ku uzl\u0101di. Pateicoties 5 V\/2 A C tipa uzl\u0101dei, uzl\u0101de ir \u0101tra un univers\u0101li sader\u012bga \u2013 ide\u0101li piem\u0113rota lieto\u0161anai ce\u013c\u0101. <\/span><\/li>\n<li class=\"a-spacing-mini\"><span class=\"a-list-item\"> Inteli\u0123enta gaismas mijiedarb\u012bba: apr\u012bkots ar LED darba gaismu tum\u0161u darba zonu apgaismo\u0161anai. Uzl\u0101des indikatora gredzens signaliz\u0113 par zemu akumulatora uzl\u0101des l\u012bmeni un uzl\u0101des l\u012bmeni, savuk\u0101rt ener\u0123ijas joslas displejs r\u0101da griezes momenta stiprumu un motora grie\u0161an\u0101s virzienu (uz priek\u0161u\/atpaka\u013c) \u2013 lietot\u0101jam draudz\u012bgai pieredzei, izmantojot vizu\u0101lu mijiedarb\u012bbu. <\/span><\/li>\n<\/ul>\n<\/div>","protected":false},"featured_media":204601,"comment_status":"open","ping_status":"closed","template":"","meta":{"om_disable_all_campaigns":false,"_uf_show_specific_survey":0,"_uf_disable_surveys":false},"location":[1935,1934],"product_brand":[],"product_cat":[2140,2158,2157,31,2141],"product_tag":[],"class_list":{"0":"post-204600","1":"product","2":"type-product","3":"status-publish","4":"has-post-thumbnail","6":"location-supplier_stock_location","7":"location-local_stock_location","8":"product_cat-diy-tools","9":"product_cat-drill-drivers","10":"product_cat-drills","11":"product_cat-power-tools","12":"product_cat-power-garden-hand-tools","14":"first","15":"outofstock","16":"taxable","17":"shipping-taxable","18":"purchasable","19":"product-type-simple"},"aioseo_notices":[],"locations":[{"id":1935,"name":"Pieg\u0101d\u0101ja noliktav\u0101 (5-7dd.d)","slug":"supplier_stock_location","quantity":"0"},{"id":1934,"name":"R\u012bgas veikal\u0101 (0-2d.d.)","slug":"local_stock_location","quantity":"0"}],"_links":{"self":[{"href":"https:\/\/vevorshop.lv\/lv\/wp-json\/wp\/v2\/product\/204600","targetHints":{"allow":["GET"]}}],"collection":[{"href":"https:\/\/vevorshop.lv\/lv\/wp-json\/wp\/v2\/product"}],"about":[{"href":"https:\/\/vevorshop.lv\/lv\/wp-json\/wp\/v2\/types\/product"}],"replies":[{"embeddable":true,"href":"https:\/\/vevorshop.lv\/lv\/wp-json\/wp\/v2\/comments?post=204600"}],"wp:featuredmedia":[{"embeddable":true,"href":"https:\/\/vevorshop.lv\/lv\/wp-json\/wp\/v2\/media\/204601"}],"wp:attachment":[{"href":"https:\/\/vevorshop.lv\/lv\/wp-json\/wp\/v2\/media?parent=204600"}],"wp:term":[{"taxonomy":"location","embeddable":true,"href":"https:\/\/vevorshop.lv\/lv\/wp-json\/wp\/v2\/location?post=204600"},{"taxonomy":"product_brand","embeddable":true,"href":"https:\/\/vevorshop.lv\/lv\/wp-json\/wp\/v2\/product_brand?post=204600"},{"taxonomy":"product_cat","embeddable":true,"href":"https:\/\/vevorshop.lv\/lv\/wp-json\/wp\/v2\/product_cat?post=204600"},{"taxonomy":"product_tag","embeddable":true,"href":"https:\/\/vevorshop.lv\/lv\/wp-json\/wp\/v2\/product_tag?post=204600"}],"curies":[{"name":"wp","href":"https:\/\/api.w.org\/{rel}","templated":true}]}}