{"id":204629,"date":"2025-10-04T19:52:51","date_gmt":"2025-10-04T16:52:51","guid":{"rendered":"https:\/\/vevorshop.lv\/en_us\/?post_type=product&#038;p=204629"},"modified":"2026-01-20T23:41:35","modified_gmt":"2026-01-20T21:41:35","slug":"fanttik_t1_max","status":"publish","type":"product","link":"https:\/\/vevorshop.lv\/lv\/Prece\/fanttik_t1_max\/","title":{"rendered":"Fanttik T1 Max prec\u012bzijas lod\u0101mura komplekts, 7 sekun\u017eu \u0101tra uzsil\u0161ana, 6 regul\u0113jamas temperat\u016bras 200~450\u00b0C, 4 lod\u0101mura uzga\u013ci (C210), 360\u00b0 rot\u0113jo\u0161s stat\u012bvs, lod\u0101murs remontam"},"content":{"rendered":"<video src=\"https:\/\/m.media-amazon.com\/images\/S\/vse-vms-transcoding-artifact-eu-west-1-prod\/9db6db9e-5c80-49de-9ca5-aa7467c98493\/default.jobtemplate.hls.m3u8\" poster=\"https:\/\/m.media-amazon.com\/images\/I\/A1jjQNwBGlL.SX522_.png\" controls=\"controls\" width=\"300\" height=\"150\"><\/video>\r\n<video src=\"https:\/\/m.media-amazon.com\/images\/S\/vse-vms-transcoding-artifact-eu-west-1-prod\/eb5f816f-8157-49b6-ba0c-4ecf633ef486\/default.jobtemplate.hls.m3u8\" poster=\"https:\/\/m.media-amazon.com\/images\/I\/A16OYTBjcAL.SX522_.png\" controls=\"controls\" width=\"300\" height=\"150\"><\/video>\r\n<video src=\"https:\/\/m.media-amazon.com\/images\/S\/vse-vms-transcoding-artifact-eu-west-1-prod\/9fc26d70-0bc6-430d-91b8-9c7fe4898827\/default.jobtemplate.hls.m3u8\" poster=\"https:\/\/m.media-amazon.com\/images\/I\/A1-I1wq6VcL.SX522_.png\" controls=\"controls\" width=\"300\" height=\"150\"><\/video>\r\n<video src=\"https:\/\/m.media-amazon.com\/images\/S\/vse-vms-transcoding-artifact-eu-west-1-prod\/a36d58ca-3c2c-4906-bc2d-5109e067d8e9\/default.jobtemplate.hls.m3u8\" poster=\"https:\/\/m.media-amazon.com\/images\/I\/91E7bNg+2LL.SX522_.png\" controls=\"controls\" width=\"300\" height=\"150\"><\/video>\r\n<video src=\"https:\/\/m.media-amazon.com\/images\/S\/vse-vms-transcoding-artifact-eu-west-1-prod\/2bad943e-6ec2-4275-9f80-d06574314470\/default.jobtemplate.hls.m3u8\" poster=\"https:\/\/m.media-amazon.com\/images\/I\/814dRNJrbpL.SX522_.jpg\" controls=\"controls\" width=\"300\" height=\"150\"><\/video>\r\n<div id=\"aplus\" class=\"a-section a-spacing-large bucket\">\r\n\r\n<hr class=\"bucketDivider\" noshade=\"noshade\" size=\"1\" \/>\r\n\r\n<h2>No z\u012bmola<\/h2>\r\n<div>\r\n<div class=\"aplus-v2 desktop celwidget\" data-csa-c-id=\"eguexd-jo306o-m9sg56-5uag3t\" data-cel-widget=\"aplus\">\r\n<div>\r\n<div class=\"aplus-brandstory-pagination\"><\/div>\r\n<\/div>\r\n<\/div>\r\n<\/div>\r\n<\/div>\r\n<div id=\"aplus\" class=\"a-section a-spacing-large bucket\">\r\n\r\n<hr class=\"bucketDivider\" noshade=\"noshade\" size=\"1\" \/>\r\n\r\n<h2>Produkta apraksts<\/h2>\r\n<div lang=\"en_GB\">\r\n<div class=\"aplus-v2 desktop celwidget\" data-csa-c-id=\"lej3ls-alj0as-c26gea-7gahn6\" data-cel-widget=\"aplus\">\r\n<div class=\"celwidget aplus-module premium-module-8-hero-video aplus-premium\" data-csa-c-id=\"q7vra7-vvukd0-1swmgc-n4ezpt\" data-cel-widget=\"aplus-premium-module-8-hero-video\">\r\n<div class=\"a-section a-spacing-none premium-aplus premium-aplus-module-8\">\r\n<div class=\"a-section a-spacing-none premium-aplus-module-8-video\">\r\n<div class=\"a-section a-spacing-none video-placeholder\"><\/div>\r\n<div class=\"a-section a-spacing-none video-container\">\r\n<div id=\"d20fadcd-26bc-48d4-8b41-ddaac1be0425\">\r\n<div class=\"a-section vse-player-container\" data-csa-c-component=\"aplus-vse-video-widget\" data-csa-c-content-id=\"amzn1.vse.video.15b95eca86ed46d1aadf1a33f036920a\" data-csa-c-cs-type=\"vse\" data-csa-c-painter=\"vse-player\" data-csa-c-type=\"widget\" data-csa-op-log-render=\"\" data-csa-c-id=\"s8c579-b4eurs-qqpm59-1evc0s\">\r\n<div class=\"vse-airy-container vse-player-container none\">\r\n<div id=\"ive-aplus-42344-player-label-container\" class=\"a-section a-spacing-none ive-player-label-container\" data-element-id=\"ive-player-label-container\">\r\n\r\n&nbsp;\r\n<div id=\"a-popover-ive-aplus-42344-label-type-tooltip\" class=\"a-popover-preload\"><span class=\"ive-demo-label-tooltip ive-player-label-tooltip aok-hidden\">Video demonstr\u0113 produkta darb\u012bbu.<\/span><span class=\"ive-assembly-label-tooltip ive-player-label-tooltip aok-hidden\">Video pal\u012bdz\u0113s jums iestat\u012bt produktu.<\/span><span class=\"ive-comparison-label-tooltip ive-player-label-tooltip aok-hidden\">Video sal\u012bdzin\u0101ti vair\u0101ki produkti.<\/span><span class=\"ive-unboxing-label-tooltip ive-player-label-tooltip aok-hidden\">Video redzams, k\u0101 produkts tiek izpakots.<\/span><\/div>\r\n<\/div>\r\n<div id=\"aplus-42344-player-511536fb-1def-417a-9031-6e9b519f4e08\" class=\"vse-player\" data-element-id=\"vse-player-container\">\r\n<div id=\"aplus-42344-player-511536fb-1def-417a-9031-6e9b519f4e08-container\">\r\n<div id=\"aplus-42344-player-511536fb-1def-417a-9031-6e9b519f4e08-container-element\" class=\"video-js brila-video-js vjs-paused vjs-controls-enabled vjs-workinghover vjs-v7 vjs-user-active vjs-fluid aplus-42344-player-511536fb-1def-417a-9031-6e9b519f4e08-container-element-dimensions\" lang=\"en\">\r\n<div id=\"altText-aplus-42344-player-511536fb-1def-417a-9031-6e9b519f4e08-container\" class=\"ive-alttext-container\" role=\"description\" aria-label=\"Noklik\u0161\u0137iniet, lai atska\u0146otu video, Fanttik T1 Max prec\u012bz\u0101s lod\u0101mura izpako\u0161anas un demonstr\u0101cijas video. Komplekt\u0101 ietilpst bezvadu lod\u0101murs, 360\u00b0 rot\u0113jo\u0161s stat\u012bvs un \u010detri C210 prec\u012bzijas lod\u0113\u0161anas uzga\u013ci. Taj\u0101 tiek demonstr\u0113tas t\u0101 funkcijas, tostarp se\u0161i temperat\u016bras iestat\u012bjumi no 200 l\u012bdz 450\u00b0C, \u0101tra uzsil\u0161ana 7 sekund\u0113s un divi darb\u012bbas re\u017e\u012bmi (ar vadu un bezvada). Lod\u0101murs tiek izmantots da\u017e\u0101diem elektronikas remonta darbiem, lai demonstr\u0113tu t\u0101 precizit\u0101ti un daudzpus\u012bbu.\"><\/div>\r\n<video id=\"aplus-42344-player-511536fb-1def-417a-9031-6e9b519f4e08-container-element_html5_api\" class=\"vjs-tech\" src=\"https:\/\/www.amazon.de\/4ac9dfd8-626a-4eb6-a733-488d93712211\" poster=\"https:\/\/m.media-amazon.com\/images\/I\/81PPmvsg9AL.jpg\" preload=\"auto\" controls=\"controls\" width=\"300\" height=\"150\"><\/video>\r\n\r\n<\/div>\r\n<\/div>\r\n<\/div>\r\n<\/div>\r\n<h1 class=\"vse-video-player-title\">varo\u0146a video<\/h1>\r\n<span class=\"vse-lightPlayer-vendor a-size-mini\" data-element-id=\"vse-lightPlayer-content-provider\"> Tirgot\u0101ja video<\/span>\r\n\r\n<\/div>\r\n<\/div>\r\n<\/div>\r\n<\/div>\r\n<div class=\"a-section a-text-center\"><\/div>\r\n<\/div>\r\n<\/div>\r\n<div class=\"celwidget aplus-module premium-module-2-fullbackground-image aplus-premium\" data-csa-c-id=\"e5u3qb-l8pp8k-fqutfy-b7uuuy\" data-cel-widget=\"aplus-premium-module-2-fullbackground-image\">\r\n<div class=\"a-section a-spacing-none premium-aplus premium-aplus-module-2\">\r\n<div class=\"a-section a-spacing-none premium-background-wrapper\">\r\n<div class=\"a-section a-spacing-none background-image\"><img decoding=\"async\" class=\"\" src=\"https:\/\/vevorshop.lv\/wp-content\/uploads\/sites\/3\/2025\/10\/68e150ed75201f0d4062d0f5317eb4f430386d7df9f854af4896b.jpg\" alt=\"Lod\u0101mura komplekts\" data-src=\"https:\/\/m.media-amazon.com\/images\/S\/aplus-media-library-service-media\/84f3b9fb-ba10-4b36-843d-e06c1c0718f0.__CR0,0,1464,600_PT0_SX1464_V1___.jpg\" \/><\/div>\r\n<\/div>\r\n<div class=\"a-section a-text-center\"><\/div>\r\n<\/div>\r\n<\/div>\r\n<div class=\"celwidget aplus-module premium-module-11-faq aplus-premium\" data-csa-c-id=\"1vgmab-f7xxam-5o5hl4-ex92jy\" data-cel-widget=\"aplus-premium-module-11-faq\">\r\n<div class=\"a-section a-spacing-none premium-aplus premium-aplus-module-11\">\r\n<div class=\"a-section a-spacing-none aplus-container-2 faqs-container 5\" data-faq-block=\"5\">\r\n<ul class=\"faq-list\">\r\n \t<li id=\"faq-qa-pair-0\" class=\"faq-block\">\r\n<p class=\"aplus-question aplus-p1\">Ko es varu dar\u012bt, lai ieg\u016btu lab\u0101ku metin\u0101\u0161anas rezult\u0101tu?<\/p>\r\n&nbsp;\r\n<p class=\"aplus-answer aplus-p2\">1. Lod\u0113\u0161anas temperat\u016brai j\u0101b\u016bt no 350 l\u012bdz 400 \u00b0C atkar\u012bb\u0101 no lod\u0113\u0161anas savienojuma izm\u0113ra.<\/p>\r\n<p class=\"aplus-answer aplus-p2\">2. Pirms lod\u0113\u0161anas not\u012briet lod\u0101mura galu ar mitru s\u016bkli, lai p\u0101rliecin\u0101tos, ka tas ir t\u012brs un bez piemais\u012bjumiem.<\/p>\r\n<\/li>\r\n \t<li id=\"faq-qa-pair-1\" class=\"faq-block\">\r\n<p class=\"aplus-question aplus-p1\">K\u0101du temperat\u016bru izv\u0113l\u0113ties SMD komponentu metin\u0101\u0161anai?<\/p>\r\n&nbsp;\r\n<p class=\"aplus-answer aplus-p2\">SMD komponentu lod\u0113\u0161anai varat izv\u0113l\u0113ties 300 \u00b0C, lai nodro\u0161in\u0101tu lod\u0113\u0161anas kvalit\u0101ti, spilventi\u0146am nenokr\u012btot.<\/p>\r\n<\/li>\r\n \t<li id=\"faq-qa-pair-2\" class=\"faq-block\">\r\n<p class=\"aplus-question aplus-p1\">K\u0101da temperat\u016bra j\u0101izv\u0113las spraudkontaktu komponentiem un kabe\u013cu savienojumiem?<\/p>\r\n&nbsp;\r\n<p class=\"aplus-answer aplus-p2\">Spraud\u0146u komponentiem, kabe\u013cu savienojumiem un citiem darba apst\u0101k\u013ciem, j\u016bs varat izv\u0113l\u0113ties 350 \u00b0C, lai nodro\u0161in\u0101tu lod\u0113\u0161anas \u0101trumu un efektivit\u0101ti.<\/p>\r\n<\/li>\r\n \t<li id=\"faq-qa-pair-3\" class=\"faq-block\">\r\n<p class=\"aplus-question aplus-p1\">K\u0101du temperat\u016bru izv\u0113l\u0113ties deta\u013cu demont\u0101\u017eai?<\/p>\r\n&nbsp;\r\n<p class=\"aplus-answer aplus-p2\">Komponentu no\u0146em\u0161anai un spilventi\u0146u t\u012br\u012b\u0161anai varat izv\u0113l\u0113ties 750\u00b0F, kas padara sk\u0101rda galu saudz\u012bg\u0101ku.<\/p>\r\n<\/li>\r\n \t<li id=\"faq-qa-pair-4\" class=\"faq-block\">\r\n<p class=\"aplus-question aplus-p1\">K\u0101da ir autom\u0101tisk\u0101 miega re\u017e\u012bma funkcija?<\/p>\r\n&nbsp;\r\n<p class=\"aplus-answer aplus-p2\">1. Ja lod\u0101muru novietojat tur\u0113t\u0101j\u0101 uz 15 sekund\u0113m, nemainot gravit\u0101ciju, tas p\u0101rsl\u0113gsies miega re\u017e\u012bm\u0101.<\/p>\r\n<p class=\"aplus-answer aplus-p2\">2. Ja to nelietojat 15 min\u016btes, tas autom\u0101tiski izsl\u0113gsies.<\/p>\r\n<\/li>\r\n<\/ul>\r\n<\/div>\r\n<\/div>\r\n<\/div>\r\n<\/div>\r\n<\/div>\r\n<\/div>","protected":false},"excerpt":{"rendered":"<div id=\"productOverview_feature_div\" class=\"celwidget\" data-feature-name=\"productOverview\" data-csa-c-type=\"widget\" data-csa-c-content-id=\"productOverview\" data-csa-c-slot-id=\"productOverview_feature_div\" data-csa-c-asin=\"B0DK13L5PH\" data-csa-c-is-in-initial-active-row=\"false\" data-csa-c-id=\"psubv7-imbf8r-iopi9n-4uleql\" data-cel-widget=\"productOverview_feature_div\">\n<div class=\"a-section a-spacing-small a-spacing-top-small\">\n<table class=\"a-normal a-spacing-micro\" role=\"list\">\n<tbody>\n<tr class=\"a-spacing-small po-brand\" role=\"listitem\">\n<td class=\"a-span3\" role=\"presentation\"><span class=\"a-size-base a-text-bold\">Z\u012bmols<\/span><\/td>\n<td class=\"a-span9\" role=\"presentation\"><span class=\"a-size-base po-break-word\">Fantiks<\/span><\/td>\n<\/tr>\n<tr class=\"a-spacing-small po-specific_uses_for_product\" role=\"listitem\">\n<td class=\"a-span3\" role=\"presentation\"><span class=\"a-size-base a-text-bold\">Produkta specifiski lieto\u0161anas veidi<\/span><\/td>\n<td class=\"a-span9\" role=\"presentation\"><span class=\"a-size-base po-break-word\">Dz\u012bvojam\u0101 lieto\u0161ana<\/span><\/td>\n<\/tr>\n<tr class=\"a-spacing-small po-power_source_type\" role=\"listitem\">\n<td class=\"a-span3\" role=\"presentation\"><span class=\"a-size-base a-text-bold\">Baro\u0161anas avots<\/span><\/td>\n<td class=\"a-span9\" role=\"presentation\"><span class=\"a-size-base po-break-word\">Darbojas ar baterij\u0101m, ar vadu<\/span><\/td>\n<\/tr>\n<tr class=\"a-spacing-small po-wattage\" role=\"listitem\">\n<td class=\"a-span3\" role=\"presentation\"><span class=\"a-size-base a-text-bold\">Jauda<\/span><\/td>\n<td class=\"a-span9\" role=\"presentation\"><span class=\"a-size-base po-break-word\">16 vati<\/span><\/td>\n<\/tr>\n<tr class=\"a-spacing-small po-special_feature\" role=\"listitem\">\n<td class=\"a-span3\" role=\"presentation\"><span class=\"a-size-base a-text-bold\">\u012apa\u0161a iez\u012bme<\/span><\/td>\n<td class=\"a-span9\" role=\"presentation\"><span class=\"a-size-base po-break-word\">Bezvadu<\/span><\/td>\n<\/tr>\n<\/tbody>\n<\/table>\n<\/div>\n<\/div>\n<div>\n<ul>\n<li class=\"a-spacing-mini\"><span class=\"a-list-item\"> \u012apa\u0161i sp\u0113c\u012bgs alvas p\u0101rkl\u0101jums: Fanttik T1 MAX ir apr\u012bkots ar 4 C210 (C210-I, C210-IS, 2 C210-K) \u0101tri uzsild\u0101miem lod\u0113\u0161anas uzga\u013ciem, ilgu kalpo\u0161anas laiku un antioksid\u0101cijas aizsardz\u012bbu. J\u016bs varat sasniegt \u0101tru uzsil\u0161anas\/atk\u0101rtotas uzsild\u012b\u0161anas laiku, \u0101tr\u0101kais laiks ir 7 sekundes. L\u012bdz ar to tas sa\u012bsina gaid\u012b\u0161anas laiku un uzlabo remonta uzdevumu efektivit\u0101ti. Turkl\u0101t, izmantojot lod\u0113\u0161anas pies\u016bcekni un prec\u012bz\u0101s pincetes, j\u016bs varat veikt lod\u0113\u0161anas darbus vienm\u0113r\u012bgi un dro\u0161i. <\/span><\/li>\n<li class=\"a-spacing-mini\"><span class=\"a-list-item\"> Sader\u012bgi l\u012bdzstr\u0101vas\/mai\u0146str\u0101vas re\u017e\u012bmi Ar jaud\u012bgo ieb\u016bv\u0113to 2600mAh akumulatoru bezvadu re\u017e\u012bm\u0101 maksim\u0101l\u0101 l\u012bdzstr\u0101vas jauda ir 11W l\u012bdz 60 min\u016bt\u0113m 450 \u00b0C (840 \u00b0F) temperat\u016br\u0101.T\u0101 mazais izm\u0113rs nav piesaist\u012bts vietai un apkopi var veikt jebkur Vadu re\u017e\u012bm\u0101 maksim\u0101l\u0101 mai\u0146str\u0101vas jauda ir 16W. To var darbin\u0101t ar l\u0101d\u0113t\u0101ju vai mobilo baro\u0161anas avotu ar C tipa portu. <\/span><\/li>\n<li class=\"a-spacing-mini\"><span class=\"a-list-item\"> Inteli\u0123enta gravit\u0101cijas noteik\u0161ana P\u0113c iesl\u0113g\u0161anas lod\u0101murs 15 sekundes st\u0101v\u0113s nekust\u012bgi un p\u0113c tam p\u0101ries miega re\u017e\u012bm\u0101. Kad pa\u0146emsiet to atpaka\u013c rok\u0101s, Fanttik T1 MAX autom\u0101tiski restart\u0113sies, lai uzsild\u012btu l\u012bdz iestat\u012btajai temperat\u016brai. Piez\u012bme: uzsil\u0161anas laik\u0101 mirgo sarkan\u0101 gaisma, savuk\u0101rt za\u013c\u0101 gaisma vienm\u0113r iedegas, kad uzsil\u0161ana ir pabeigta. <\/span><\/li>\n<li class=\"a-spacing-mini\"><span class=\"a-list-item\"> 6 Temperat\u016bras l\u012bme\u0146i Lod\u0101mura aizmugur\u0113jai pogai ir 6 l\u012bme\u0146i temperat\u016bras regul\u0113\u0161anai Temperat\u016bru var prec\u012bzi un efekt\u012bvi regul\u0113t da\u017e\u0101d\u0101m darba situ\u0101cij\u0101m diapazon\u0101 no 200 \u00b0C l\u012bdz 450 \u00b0C (390 \u00b0F -840 \u00b0F), lai nesaboj\u0101tu karstumiztur\u012bgas sast\u0101vda\u013cas. <\/span><\/li>\n<li class=\"a-spacing-mini\"><span class=\"a-list-item\"> STABILIT\u0100TE IR INTEGR\u0112TA IZSMALCIN\u0100TAJ\u0100 KONSTRUKCIJ\u0100. Sl\u0113gtais nodal\u012bjums ir apr\u012bkots ar alum\u012bnija uzglab\u0101\u0161anas nodal\u012bjumu, un to var atv\u0113rt, lai uzglab\u0101tu metin\u0101\u0161anas galvi\u0146u, vienlaikus saglab\u0101jot \u0101rk\u0101rt\u012bgi iztur\u012bgumu. Savuk\u0101rt izsmalcin\u0101tais industri\u0101lais dizains \u013cauj lod\u0101muram novietot uz galda k\u0101 est\u0113tiskam priek\u0161metam, saglab\u0101jot darbagaldu t\u012bru, skaistu, \u0113rtu un pat\u012bkamu. <\/span><\/li>\n<\/ul>\n<\/div>","protected":false},"featured_media":204630,"comment_status":"open","ping_status":"closed","template":"","meta":{"om_disable_all_campaigns":false,"_uf_show_specific_survey":0,"_uf_disable_surveys":false},"location":[1935,1934],"product_brand":[],"product_cat":[2140,2179,31,2141,2177,2178],"product_tag":[],"class_list":{"0":"post-204629","1":"product","2":"type-product","3":"status-publish","4":"has-post-thumbnail","6":"location-supplier_stock_location","7":"location-local_stock_location","8":"product_cat-diy-tools","9":"product_cat-irons","10":"product_cat-power-tools","11":"product_cat-power-garden-hand-tools","12":"product_cat-soldering-desoldering-equipment","13":"product_cat-soldering-guns-irons","15":"first","16":"outofstock","17":"sale","18":"taxable","19":"shipping-taxable","20":"purchasable","21":"product-type-simple"},"aioseo_notices":[],"locations":[{"id":1935,"name":"Pieg\u0101d\u0101ja noliktav\u0101 (5-7dd.d)","slug":"supplier_stock_location","quantity":"0"},{"id":1934,"name":"R\u012bgas veikal\u0101 (0-2d.d.)","slug":"local_stock_location","quantity":"0"}],"_links":{"self":[{"href":"https:\/\/vevorshop.lv\/lv\/wp-json\/wp\/v2\/product\/204629","targetHints":{"allow":["GET"]}}],"collection":[{"href":"https:\/\/vevorshop.lv\/lv\/wp-json\/wp\/v2\/product"}],"about":[{"href":"https:\/\/vevorshop.lv\/lv\/wp-json\/wp\/v2\/types\/product"}],"replies":[{"embeddable":true,"href":"https:\/\/vevorshop.lv\/lv\/wp-json\/wp\/v2\/comments?post=204629"}],"wp:featuredmedia":[{"embeddable":true,"href":"https:\/\/vevorshop.lv\/lv\/wp-json\/wp\/v2\/media\/204630"}],"wp:attachment":[{"href":"https:\/\/vevorshop.lv\/lv\/wp-json\/wp\/v2\/media?parent=204629"}],"wp:term":[{"taxonomy":"location","embeddable":true,"href":"https:\/\/vevorshop.lv\/lv\/wp-json\/wp\/v2\/location?post=204629"},{"taxonomy":"product_brand","embeddable":true,"href":"https:\/\/vevorshop.lv\/lv\/wp-json\/wp\/v2\/product_brand?post=204629"},{"taxonomy":"product_cat","embeddable":true,"href":"https:\/\/vevorshop.lv\/lv\/wp-json\/wp\/v2\/product_cat?post=204629"},{"taxonomy":"product_tag","embeddable":true,"href":"https:\/\/vevorshop.lv\/lv\/wp-json\/wp\/v2\/product_tag?post=204629"}],"curies":[{"name":"wp","href":"https:\/\/api.w.org\/{rel}","templated":true}]}}