{"id":207131,"date":"2025-10-10T14:25:08","date_gmt":"2025-10-10T11:25:08","guid":{"rendered":"https:\/\/vevorshop.lv\/en_us\/Prece\/vevor-wooden-cat-litter-box-enclosure-80-cm-hidden-cabinet-with-ventilation-double-door-washroom-pet-house-table\/"},"modified":"2026-04-06T21:43:57","modified_gmt":"2026-04-06T18:43:57","slug":"vevor-wooden-cat-litter-box-enclosure-80-cm-hidden-cabinet-with-ventilation-double-door-washroom-pet-house-table","status":"publish","type":"product","link":"https:\/\/vevorshop.lv\/lv\/Prece\/vevor-koka-kaku-pakaisu-kastes-korpuss-80-cm-slepts-skapis-ar-ventilaciju-divdurvju-tualetes-majas-galds\/","title":{"rendered":"VEVOR 80 cm Koka Ka\u0137u Tualetes Kaste ar Ventil\u0101cijas Atver\u0113m un Dubultdurv\u012bm, Sl\u0113pta Ka\u0137u M\u0113bele un S\u0101nu Galds"},"content":{"rendered":"<div style=\"color: #fff!important; font-size: 16px; height: 24px; line-height: 24px; margin-top: -24px; \" class=\"product_original_name\">VEVOR ka\u0137u pakai\u0161u kastes korpuss, 80 cm sl\u0113pts pakai\u0161u kastes skapis, koka iek\u0161telpu ka\u0137u mazg\u0101\u0161anas telpa ar ventil\u0113jamiem caurumiem, divdurvju ka\u0137\u0113nu m\u0101jdz\u012bvnieku m\u0101jas m\u0113beles, gala s\u0101nu galds, kas der liel\u0101kajai da\u013cai pakai\u0161u kast\u012b\u0161u<\/div>\n<div style=\"color: #fff!important; font-size: 16px; height: 24px; line-height: 24px; margin-top: -24px; \" class=\"product_sku\">MGKRBKX1<\/div>\n<div style=\"color: #fff!important; font-size: 16px; height: 24px; line-height: 24px; margin-top: -24px; \" class=\"product_mpn\">JSLMMSPWQ315F4YRL001V0<\/div><div id=\"js-DM_at-goodDescRich\"><html><head><style>  body {    font-family: Arial;    line-height: 1.5;    color: #1c1c1c;    overflow-x: hidden;    margin: 0;    padding: 0;  }  .MsoNormal b {    font-weight: bolder;  }<\/style><style>  .container.small {    width: 970px;    margin: 0 auto;  }  .logo {    margin: 0 auto 0;  }  .logo img {    display: block;    margin: 0 auto;    max-width: 100%;  }  .logo .pc-banner {    display: block;    width: 1200px;    height: 247.4px;    margin: 0 auto;  }  .logo .pc-banner.small {    width: 970px;  }  .logo .pc-banner.small img {    height: auto!important;  }  .logo .m-banner {    display: none;  }  .ytvideo {    position: relative;    height: 546px;    width: 100%;    margin: 0 auto;  }  .ytvideo img {    width: 100%;    margin: 0 auto;  }  .ytvideo .play-btn {    width: 60px;    height: 42px;    position: absolute;    top: 50%;    left: 50%;    transform: translate(-50%, -50%);    background: url(\"data:image\/png;base64,iVBORw0KGgoAAAANSUhEUgAAAGQAAABGCAMAAAANWMFbAAAC+lBMVEUAAADBGB3kLCfBGB3kLCfcJC7BFx3KKSbiKybkLCbWJCPSIiLSIiLPICHAFx3kLCfgKSXNHiDZJiTIGx\/p4eHcjo7LHSDbJyTkLCbjKyfOHyHPIiL28fHJHB\/GGh7EGR7eKCXDGB3RISHlLSbBGB3AFxzGHB7DGB7BGB3hKybkKybAFx3lLCfAFxzDGR3hKibDGB7cJyTmz8\/elJTlwcHjurrUIyLlLSflLSfAFx3DGR7lLSfCFx3hKibhKibhKybjKybkLCblLSfbJSX49vbx7e3NNzjNMTLMJyjVIyLZf3\/ZQ0LaeHjx0tLgoqLkLCfCGB3HGx\/BGB3BFx3PICHCGB7WJCLOHyC\/Fxy\/Fx3lLCfQISHkLSe\/FxzbJiTBFx3FGx\/AGB7BFx3EGR7AGB3HHSDfKiXAFh3TISHYNzbhKibbJyTTIiL57e325+f039\/v2NjUV1fOHiHiqanfmprch4feKSXVIyPOICHmLibFGh\/mLSe\/Fx7XJCPeKSXXJSPNHyHaJyTGGh7lLCbmLCflLSjSIiLkLCbdKSXLHiC\/GB3KHh++Fh3lKyfoLiXcKCPkx8fYb2\/XaGfVXl3aU1LLHiDksbHgKibPICHbJyTfKSXbJyTCGB3KHSDiKybFGh7TIiL\/\/\/\/VIyPRISHIHB\/GGx\/HHB\/DGR7gKibdKCXLHiDZJiTMHiDNHyHYJSTOICHPICHWJCPcKCXXJSPjLCblLCf+\/f3NGR\/uLijzLynPGR\/IGB7WISHaIyLLGh7UAADxLynNAADRLzDbICLQAADIAAD3MCrUHSHXMTDpKSbLAADp5OTij4\/ejo\/VLy\/1LyngJSTcJCPQHx\/OHB7+\/PzaMS\/OLS\/vLijrLSjSAADaNTPwLyjkKSbNJCbYISHPHB\/KGB7WAAD7+vrn3d3aKynTKCjoLCfsKifRGh\/YAADq5+fhjo7QNDXXKCfmJyXt5+fTLzDLLi\/QKivYHRvMGBrQJCXLISPMExXLDxLaEAvkkI\/bOTfaFQ\/SCgpvLcnHAAAAmnRSTlMA+vv7+gT9Bvf9+8z8\/NSv\/Pr5+P7++vnQIBMP\/v38\/Pn348XDiCYf9OjbzcqxXVcx\/fz8+\/rj1r2poo1+fXFqX0orGP7+\/v7+\/fz8+\/r68uzn4trIxsG\/vri3p6GcmZSNbWVYUUZEPQv+\/f39+\/v7+\/v7+vr64tvV1NTTz87FtbSurqeblJKFg4B3bUY+NjL7+\/v7+\/v67t1cDo8JLQAABkRJREFUWMO0kz9rwkAYh0OIeJkum6YugUAhISCdKoj\/P4C7SMdS+gEKIhSKil10LSg4mzXkILdlEpxCpwTiWOLX6BujvQaEQuGeHLnL+\/64J+SIcKGYTYWnntpdLjrVdqvZmNdn0+EE40GtpuuWVS6Xx6N7YDSGpWXpeq02wHgynM7q80az1a52HpddtVcpsi1zFARBrdaxbhp9iUReTGmwA4KAAr7vx3EYejnCMI6hQYEgy0LQi4jUN0wL19vqFcUC9\/1dAKmEEFkWRYkh5oBejnxQJiSJPJ\/uKBp0Thszx9Mw8hMRIQjKsptCfuES9zr5WJY6vSFCIvE9fCMUmEM1A1kSXcYGxgVYsvI1IPKTZciSTI0us\/SMGG04gDzELDoFBwdcFJrF88dqgYMTiL6DILWYyfOWE8\/kIz38olCNlC03FK95+imxp6y4oUSvAnBjHHhKNtotSDqJzVFiK8c2SBqhZtsrTtgrLXwAyduxZHNE26eHUt5rtuM4WSmds3G+sUdWYo1L+XyxButoh5eKUHk5lByO3G1LqqCWVnfrv\/lyPtf\/4ps1cndNGIri8J1TJ0lx6dR\/oPjq1nbRwdp2dCk4CtIOLW3pVKRL6WZfS5vF2KkIQhpwSsjiYIgNCs1gEMGqiIq24NQX9NwoXFy8Ufrl3twTcg4fv8T9\/JBEySduj6Mjm4bMzYV7EEOxKjjoNDud7yY3Dy71Hq2oLmqfbNR723edH9PgMrNL2utoQ3VmaIDkiw\/4w51P06hlZsTZvkRrbVuSIs\/zwSOsycgzStQouoAkWQqioRT5XI7n2Z1wfVhoZmcAJLsoqjqpjbWCgpOAJXBwHK8PzWbNvoUZJND5wCnSkLAkZ1legx6vqQzjoiTahKlGUGLAiIIoABOHaNVw4sexZBym6\/HWlH5h3IC7yRbxtipcWxdTOkORKiNQAEkFf66x5S2oeRbroOlLgg0sSYkR0hRGEqJZ0jTPiQKatESdBckpWigxaapEH0lImHdWu9pUFF2XqMNM2Z4kped7IwEJw2qabwtrQqnpw6HyKkgcadKWsmpywwesDyIhYRpdzXddqegtGIJlXbAIUMOLkGxJUjRIkokwjUaX9d\/kK62ps\/tYUqZLIMkLTyBhsMZ3C5Z\/kDxOSCb\/DOs\/\/J0qcWSX\/2ipe56EgTCA4\/cB7NAYOsni4mZM1MUPAISoEwkDi4lhVBQ1cWQyIcwalw4EpqZN68JUSK7XC0kTlkLYii5uXSC8jT5ncCAS7mjCv0uHp\/3lueHEEAeQ\/\/VgmdN71\/2uCSA1Xr6DO6uI6sW56zqT2tp2PhgiRUAajV8CY2fkcz6WGNKMgLAt7tJAhD4YHMTeRxlALE6+43WqjSWi8ITxyJl8WrwWSNESQZZOqhDDntO3hJLsd5RtSpbJqdv3YrDJH3F7jL1R2O2aQkn2MyCyKYz0GPGIvSAMgBCrCEiJyKbBaYGwLW4uPRr0A0M4Ux5kUI7IBh+hMdiCEWNqhMZGyYMsOgNE58UQuEQeUnSWCMYwL54hkxK6IoqucQZbQ3pc3XtL0lky1dL0zZJJDpWJovFqpWj6JEHnyam2eQp5QRVAVHjWparTOaVwUOx99YS2MvgxIGV0bb+qIg2HX2qkFFJB+XZcbLiuRkuxD9GRroKyveLxdh4d7Orx+hb7qc3uVRuEogCOnyIxm4ubUoPgF4jianDrC+SDQDKEfJb0GUKmjCGPYHGJvVC6X4hw1\/sAfQAdfYyephIaspXe36RwOP+Ljvfx9B6B3i+Nk0DGq+oCbLn6JpBa9nWAveAIHwFAwtVcIJXPMPL8kRu5OAYPMaL1WScTxjiZDqB9LTJSWphow\/pTYKRTLjCBhvi9iBidvKcDasGSm0QQkycYuLBqj6QCELPctqChDWpTRMWkngNNpQ1Pfp1KkiT\/Y0DGffXAweUNfLAfaJFKDwhb6I+bkYRbkERoEeu3Fyjg2opMz2daZCS9jt6Q7txNfB+OZEVF6Zl5web2xunnLQrtrjXseXKaFYziYINeMFZVxS9VxRhOoesYwxPKXm+gWLG9cuFeq93UNNeJNsf1KlwuDok9n02n3TgIJpOxNfL9naIoQwXtfH9kjceTIIi709ncTg6LZbg+biLH1V6u\/7rxBem06VXKn9raAAAAAElFTkSuQmCC\")      no-repeat center center \/ contain;  }  @media screen and (max-width: 960px) and (orientation: portrait) {    .logo {      width: 100%;    }    .logo .pc-banner {      display: none;    }    .logo .m-banner {      display: block;      width: 100%;    }    .logo .m-banner img {      height: auto!important;    }    .ytvideo {      height: 200px;      width: 100%;    }  }<\/style><style>  .video-section {    width: 100%;    margin: 0 auto;  }  .video-section > img {    width: 100%;  }  .video-section iframe,  .video-section video {    width: 100%;    height: 100%;      }  .video-section-img-m,  .video-section-img-pc > img {    width: 100%;    height: auto;  }  .video-section-img-pc.small > img {    width: 970px;  }  .video-desc {    line-height: 1.5;    font-size: 20px;    font-weight: 400;    margin: 20px 0;    text-align: center;    color: #0f1111;    word-break: break-word;  }  @media screen and (max-width: 960px) and (orientation: portrait) {    .video-section {      width: 100%;    }    .video-section-pc,    .video-section-img-pc {      display: none;    }    .video-section-m,    .video-section-img-m {      display: block;    }    .video-desc {      font-size: 15px;    }  }  @media screen and (min-width: 960px) {    .video-section {      width: 100%;      margin: 0 auto;    }    .video-section-pc,    .video-section-img-pc {      display: block;    }    .video-section-m,    .video-section-img-m {      display: none;    }    .video-desc {      font-size: 20px;    }  }<\/style><style>  .section + .section {    margin-top: 35px;  }  .section-title {    text-align: center;    font-weight: bold;    color: #0d1111;    font-family: \"Arial\";    font-size: 32px;    margin: 15px 0;  }  .section-title:empty {    display: none;  }  .section-desc {    text-align: center;    font-weight: normal;    color: #0d1111;    margin-top: 20px;  }  .section-desc:empty {    display: none;  }  .section-img {    width: 1200px;    height: 492px;    margin: 0 auto;    display: block;  }  .section-img.small {    width: 970px;    height: auto;  }  .section-img.small > img {    height: auto;  }  .section-img > img {    width: 100%;    height: 100%;  }  .section-mobile-img {    display: none;    max-width: 100vw;    max-height: 75vw;    height: 450px;    margin: 0 auto;  }  .section-mobile-img > img {    width: 100%;    height: 100%;  }  @media screen and (max-width: 960px) and (orientation: portrait) {    .container {      width: 100%;    }    .container.small {      width: 100%;    }    .section-mobile-img {      display: block;    }    .section-img {      display: none;    }    .section-title {      font-size: 22px;      margin: 10px 0;    }    .section-desc {      margin-top: 10px;    }    .section + .section {      margin-top: 20px;    }  }<\/style><\/head><body><div class=\"container\"><div class=\"logo\"><div class=\"pc-banner\"><div><img decoding=\"async\" src=\"\/vevor\/vevor\/boutique-banner\/pc\/en-pc@1x.jpg\" style=\"width: 100%;\" \/><\/div><\/div><div class=\"m-banner\"><div><img decoding=\"async\" src=\"\/vevor\/vevor\/boutique-banner\/mobile\/en-m@1x.jpg\" style=\"width: 100%;\" \/><\/div><\/div><\/div><div class=\"section-title\">Divdurvju ka\u0137u pakai\u0161u kastes korpusa skapis<\/div><div class=\"video-section\"><div class=\"video-section-img-pc\"><img decoding=\"async\" src=\"\/vevor\/product\/JSLMMSPWQ315F4YRL001\/cat-litter-box-enclosure-a100-1.4.jpg\" \/><\/div><div class=\"video-section-img-m\"><img decoding=\"async\" src=\"\/vevor\/product\/JSLMMSPWQ315F4YRL001\/cat-litter-box-enclosure-a100-1.4-m.jpg\" \/><\/div><div class=\"section-desc\">Iztur\u012bgs skaidu pl\u0101t\u0146u r\u0101mis atbalsta l\u012bdz 150 m\u0101rci\u0146\u0101m (68 kg), ar pla\u0161u interjeru un zemu ieeju \u0113rtai piek\u013cuvei.Iek\u013cauts dizains kontrol\u0113 smar\u017eas gaisa svaigumam Ietver visus piederumus un ilustr\u0113tu rokasgr\u0101matu \u0101trai mont\u0101\u017eai Vintage za\u013c\u0161 ar zelta rokturiem pie\u0161\u0137ir eleganci jebkurai telpai.<\/div><\/div><div class=\"section\"><div class=\"section-title\"><\/div><div class=\"section-img\"><img decoding=\"async\" src=\"\/vevor\/product\/JSLMMSPWQ315F4YRL001\/cat-litter-box-enclosure-a100-2.2.jpg\" \/><\/div><div class=\"section-mobile-img\"><img decoding=\"async\" src=\"\/vevor\/product\/JSLMMSPWQ315F4YRL001\/cat-litter-box-enclosure-a100-2.2-m.jpg\" \/><\/div><div class=\"section-desc\">Izstr\u0101d\u0101ts no P2 klases dro\u0161iem, iztur\u012bgiem pane\u013ciem ar alum\u012bnija sakaus\u0113juma rokturiem Daudzpunktu atbalsta dizains un pretsl\u012bdes filca sloksnes saglab\u0101 to vienm\u0113r\u012bgu, bez sv\u0101rst\u012bb\u0101m un ilgsto\u0161u.<\/div><\/div><div class=\"section\"><div class=\"section-title\"><\/div><div class=\"section-img\"><img decoding=\"async\" src=\"\/vevor\/product\/JSLMMSPWQ315F4YRL001\/cat-litter-box-enclosure-a100-2.3.jpg\" \/><\/div><div class=\"section-mobile-img\"><img decoding=\"async\" src=\"\/vevor\/product\/JSLMMSPWQ315F4YRL001\/cat-litter-box-enclosure-a100-2.3-m.jpg\" \/><\/div><div class=\"section-desc\">Koka pakai\u0161u kastes korpuss ar ietilp\u012bgiem iek\u0161\u0113jiem un ventil\u0101cijas caurumiem \u013cauj ka\u0137iem izstiepties un atp\u016bsties Ietver skr\u0101p\u0113\u0161anas d\u0113li, lai j\u016bsu ka\u0137is b\u016btu izklaid\u0113ts, vienlaikus veicinot vesel\u012bgus skr\u0101p\u0113\u0161anas paradumus.<\/div><\/div><div class=\"section\"><div class=\"section-title\"><\/div><div class=\"section-img\"><img decoding=\"async\" src=\"\/vevor\/product\/JSLMMSPWQ315F4YRL001\/cat-litter-box-enclosure-a100-2.4.jpg\" \/><\/div><div class=\"section-mobile-img\"><img decoding=\"async\" src=\"\/vevor\/product\/JSLMMSPWQ315F4YRL001\/cat-litter-box-enclosure-a100-2.4-m.jpg\" \/><\/div><div class=\"section-desc\">Skr\u0101p\u0113jumiem iztur\u012bga melam\u012bna apdare ar gludu, \u016bdensnecaurlaid\u012bgu virsmu nov\u0113r\u0161 ur\u012bna iek\u013c\u016b\u0161anu \u2014 vienk\u0101r\u0161i noslaukiet t\u012bru ar mitru dr\u0101nu. Sl\u0113gt\u0101, bet ventil\u0113jam\u0101 strukt\u016bra samazina smakas veido\u0161anos un saglab\u0101 j\u016bsu m\u0101ju svaigu.<\/div><\/div><div class=\"section\"><div class=\"section-title\"><\/div><div class=\"section-img\"><img decoding=\"async\" src=\"\/vevor\/product\/JSLMMSPWQ315F4YRL001\/cat-litter-box-enclosure-a100-2.5.jpg\" \/><\/div><div class=\"section-mobile-img\"><img decoding=\"async\" src=\"\/vevor\/product\/JSLMMSPWQ315F4YRL001\/cat-litter-box-enclosure-a100-2.5-m.jpg\" \/><\/div><div class=\"section-desc\">Vair\u0101k nek\u0101 tikai pakai\u0161u kastes korpuss - izmantojiet to k\u0101 viesistabas s\u0101nu galdu, noliktavas skapi vai ka\u0137u gultu. Daudzpus\u012bgais izskats sapl\u016bst ar modernu, retro vai luksusa interjeru.<\/div><\/div><div class=\"section\"><div class=\"section-img\"><img decoding=\"async\" src=\"\/vevor\/product\/JSLMMSPWQ315F4YRL001\/cat-litter-box-enclosure-a100-1.11.jpg\" \/><\/div><div class=\"section-mobile-img\"><img decoding=\"async\" src=\"\/vevor\/product\/JSLMMSPWQ315F4YRL001\/cat-litter-box-enclosure-a100-1.11-m.jpg\" \/><\/div><\/div><\/div><\/body><\/html><\/div>\n<div class=\"DM_at-title\" id=\"js-DM_at-title\"> <div>Produkta specifik\u0101cija<\/div> <i class=\"icon-arrowup_line\"><\/i> <\/div><div class=\"DM_at-goodsDescAttr\" id=\"js-DM_at-goodsDescAttr\"> <div class=\"DM_at-goodsDescAttrInner\"> <dl class=\"goodsDesc_item goodsDesc_item_even\"> <dt>Preces Mode\u013ca Numurs<\/dt> <dd> KLCB-07<\/dd> <\/dl> <dl class=\"goodsDesc_item\"> <dt>Kr\u0101sa<\/dt> <dd> Tum\u0161i za\u013c\u0161 un zelta rokturis<\/dd> <\/dl> <dl class=\"goodsDesc_item goodsDesc_item_even\"> <dt>Ieejas augstums<\/dt> <dd> 9,80 collas \/ 248,92 mm<\/dd> <\/dl> <dl class=\"goodsDesc_item\"> <dt>Durvju skaits<\/dt> <dd> 2<\/dd> <\/dl> <dl class=\"goodsDesc_item goodsDesc_item_even\"> <dt>Logu skaits<\/dt> <dd> 1 (savienots logs)<\/dd> <\/dl> <dl class=\"goodsDesc_item\"> <dt>Preces materi\u0101ls<\/dt> <dd> P2 pak\u0101pes da\u013ci\u0146u pl\u0101ksne, 0,47 collas \/ 12 mm biezums<\/dd> <\/dl> <dl class=\"goodsDesc_item goodsDesc_item_even\"> <dt>Svars, Tilpums<\/dt> <dd> Top<\/dd> <\/dl> <dl class=\"goodsDesc_item\"> <dt>Neto Svars<\/dt> <dd> 52,7 m\u0101rci\u0146as \/ 23,9 kg<\/dd> <\/dl> <dl class=\"goodsDesc_item goodsDesc_item_even\"> <dt>Objektu Izm\u0113ri<\/dt> <dd> 31,50 \u00d7 19,69 \u00d7 31,10 collu \/ 800 \u00d7 500 \u00d7 790 mm<\/dd> <\/dl> <dl class=\"goodsDesc_item\"> <dt><\/dt> <dd>Pamatkomponenti<\/dd> <\/dl> <dl class=\"goodsDesc_item goodsDesc_item_even\"> <dt>Lab\u0101s puses logs<\/dt> <dd> 8,86 \u00d7 9,84 collas \/ 225 \u00d7 250 mm, Augstums no Gr\u012bdas<\/dd> <\/dl> <dl class=\"goodsDesc_item\"> <dt>Atbalsta K\u0101jas<\/dt> <dd> 4 gab, Augstums<\/dd> <\/dl> <\/div> <\/div>","protected":false},"excerpt":{"rendered":"<ul>\n<li> Stabila un sp\u0113c\u012bga kravnes\u012bba: \u0161is ka\u0137u pakai\u0161u kastes korpuss ir izgatavots no P2 klases skaidu pl\u0101tnes ar alum\u012bnija sakaus\u0113juma rokturiem, lai nodro\u0161in\u0101tu iztur\u012bgu, ne-vi\u013c\u0146ojo\u0161u strukt\u016bru.aug\u0161\u0113jais atbalsta l\u012bdz 150 m\u0101rci\u0146\u0101m \/ 68 kg, bet pamatne satur 99,20 m\u0101rci\u0146as \/ 45 kg Pretsadursmes spilventi\u0146i un pastiprin\u0101tas k\u0101jas no vis\u0101m pus\u0113m saglab\u0101 to stabilu, kad j\u016bsu ka\u0137is lec, nodro\u0161inot dro\u0161u ikdienas lieto\u0161anu. <\/li>\n<li> Pla\u0161s &amp; \u0112rts: Sl\u0113pto pakai\u0161u kastes m\u0113bel\u0113m ir salona izm\u0113rs 31,5 \u00d7 19,7 \u00d7 31,1 collas, kas atbilst liel\u0101kajai da\u013cai pakai\u0161u kastu tirg\u016b.Iek\u0161\u012bgs interjers un 9,80 collas \/ 248,92 mm augsta atvere, tikai 4,92 collas \/ 125 mm no zemes, izveidojiet zemas ieejas dizainu liel\u0101kiem ka\u0137iem vai \u012bs\u0101m k\u0101ju \u0161\u0137irn\u0113m, \u013caujot viegli piek\u013c\u016bt bez l\u0113k\u0161anas. <\/li>\n<li> Sl\u0113gts dizains smaku kontrolei: m\u016bsu ka\u0137u pakai\u0161u kastes skapis ar div\u0101m sl\u0113pt\u0101m durv\u012bm veido priv\u0101tu, sl\u0113gtu telpu, kas saglab\u0101 smakas, vienlaikus pied\u0101v\u0101jot ka\u0137iem priv\u0101tumu. Aizmugur\u0113j\u0101s ventil\u0101cijas atveres uzlabo gaisa pl\u016bsmu, lai samazin\u0101tu smakas, saglab\u0101jot j\u016bsu m\u0101ju svaigu \u2014 ide\u0101lu viesistabai vai gu\u013camistabai. <\/li>\n<li> Vienk\u0101r\u0161a mont\u0101\u017ea: m\u016bsu sl\u0113gt\u0101s pakai\u0161u kastes m\u0113beles ietver pilnu mar\u0137\u0113tas aparat\u016bras komplektu un ilustr\u0113tu rokasgr\u0101matu.Visas skr\u016bves un d\u012bbe\u013ci ir iepriek\u0161 \u0161\u0137iroti atsevi\u0161\u0137os maisos, lai izvair\u012btos no sajauk\u0161anas. Pat pirmreiz\u0113jie lietot\u0101ji to var \u0101tri salikt un bez probl\u0113m\u0101m. <\/li>\n<li> Stil\u012bgs un daudzfunkcion\u0101ls: \u0161is koka pakai\u0161u kastes korpuss vintage tum\u0161i za\u013c\u0101 kr\u0101s\u0101 ar zelta met\u0101la rokturiem, kas nodro\u0161ina grezn\u012bbu, kas sapl\u016bst ar da\u017e\u0101diem interjeriem. Iztur\u012bgais tops darbojas k\u0101 s\u0101nu galds, uzglab\u0101\u0161anas skapis vai ka\u0137u gulta. Daudzpus\u012bgs lietojums, gan skaists, gan praktisks. <\/li>\n<\/ul>","protected":false},"featured_media":424941,"comment_status":"open","ping_status":"open","template":"","meta":{"om_disable_all_campaigns":false,"_monsterinsights_skip_tracking":false,"_monsterinsights_sitenote_active":false,"_monsterinsights_sitenote_note":"","_monsterinsights_sitenote_category":0,"_uf_show_specific_survey":0,"_uf_disable_surveys":false},"location":[1935,1934],"product_brand":[],"product_cat":[171,1315,559],"product_tag":[],"class_list":{"0":"post-207131","1":"product","2":"type-product","3":"status-publish","4":"has-post-thumbnail","6":"location-supplier_stock_location","7":"location-local_stock_location","8":"product_cat-agriculture-forestry-equipment","9":"product_cat-pet-furniture","10":"product_cat-pet-supplies","12":"first","13":"instock","14":"taxable","15":"shipping-taxable","16":"purchasable","17":"product-type-simple"},"aioseo_notices":[],"jetpack_sharing_enabled":true,"locations":[{"id":1935,"name":"Pieg\u0101d\u0101t\u0101ja noliktav\u0101 (5-7d.d.)","slug":"supplier_stock_location","quantity":"73"},{"id":1934,"name":"R\u012bgas veikal\u0101 (0-2d.d.)","slug":"local_stock_location","quantity":"0"}],"_links":{"self":[{"href":"https:\/\/vevorshop.lv\/lv\/wp-json\/wp\/v2\/product\/207131","targetHints":{"allow":["GET"]}}],"collection":[{"href":"https:\/\/vevorshop.lv\/lv\/wp-json\/wp\/v2\/product"}],"about":[{"href":"https:\/\/vevorshop.lv\/lv\/wp-json\/wp\/v2\/types\/product"}],"replies":[{"embeddable":true,"href":"https:\/\/vevorshop.lv\/lv\/wp-json\/wp\/v2\/comments?post=207131"}],"wp:featuredmedia":[{"embeddable":true,"href":"https:\/\/vevorshop.lv\/lv\/wp-json\/wp\/v2\/media\/424941"}],"wp:attachment":[{"href":"https:\/\/vevorshop.lv\/lv\/wp-json\/wp\/v2\/media?parent=207131"}],"wp:term":[{"taxonomy":"location","embeddable":true,"href":"https:\/\/vevorshop.lv\/lv\/wp-json\/wp\/v2\/location?post=207131"},{"taxonomy":"product_brand","embeddable":true,"href":"https:\/\/vevorshop.lv\/lv\/wp-json\/wp\/v2\/product_brand?post=207131"},{"taxonomy":"product_cat","embeddable":true,"href":"https:\/\/vevorshop.lv\/lv\/wp-json\/wp\/v2\/product_cat?post=207131"},{"taxonomy":"product_tag","embeddable":true,"href":"https:\/\/vevorshop.lv\/lv\/wp-json\/wp\/v2\/product_tag?post=207131"}],"curies":[{"name":"wp","href":"https:\/\/api.w.org\/{rel}","templated":true}]}}