{"id":207326,"date":"2025-10-10T14:31:16","date_gmt":"2025-10-10T11:31:16","guid":{"rendered":"https:\/\/vevorshop.lv\/en_us\/Prece\/vevor-freestanding-wooden-closet-system-with-3-drawers-adjustable-shelves-rods-12-compartments-white-wardrobe-organizer\/"},"modified":"2026-04-17T15:24:49","modified_gmt":"2026-04-17T12:24:49","slug":"vevor-freestanding-wooden-closet-system-with-3-drawers-adjustable-shelves-rods-12-compartments-white-wardrobe-organizer","status":"publish","type":"product","link":"https:\/\/vevorshop.lv\/lv\/Prece\/vevor-freestanding-wooden-closet-system-with-3-drawers-adjustable-shelves-rods-12-compartments-white-wardrobe-organizer\/","title":{"rendered":"VEVOR Br\u012bvi St\u0101vo\u0161a Koka Skapju Sist\u0113ma ar 3 Atvilktn\u0113m, Regul\u0113jami Plaukti un Stie\u0146i, 12 Nodales, 362.7 kg Ietilp\u012bba, Balta"},"content":{"rendered":"<div style=\"color: #fff!important; font-size: 16px; height: 24px; line-height: 24px; margin-top: -24px; \" class=\"product_original_name\">VEVOR Closet System with 3 Drawers, Adjustable Height Wooden Closet Organizers, Modern Walk-in Wardrobe Organization with 3 Retractable Clothes Hanger Rods, Freestanding Garment Rack Storage, White<\/div>\n<div style=\"color: #fff!important; font-size: 16px; height: 24px; line-height: 24px; margin-top: -24px; \" class=\"product_sku\">MGKRDTPC<\/div>\n<div style=\"color: #fff!important; font-size: 16px; height: 24px; line-height: 24px; margin-top: -24px; \" class=\"product_mpn\">MCBXTGBXTSDGZR8EG001V0<\/div><div id=\"js-DM_at-goodDescRich\"><html><head><style>  body {    font-family: Arial;    line-height: 1.5;    color: #1c1c1c;    overflow-x: hidden;    margin: 0;    padding: 0;  }  .MsoNormal b {    font-weight: bolder;  }<\/style><style>  .container.small {    width: 970px;    margin: 0 auto;  }  .logo {    margin: 0 auto 0;  }  .logo img {    display: block;    margin: 0 auto;    max-width: 100%;  }  .logo .pc-banner {    display: block;    width: 1200px;    height: 247.4px;    margin: 0 auto;  }  .logo .pc-banner.small {    width: 970px;  }  .logo .pc-banner.small img {    height: auto!important;  }  .logo .m-banner {    display: none;  }  .ytvideo {    position: relative;    height: 546px;    width: 100%;    margin: 0 auto;  }  .ytvideo img {    width: 100%;    margin: 0 auto;  }  .ytvideo .play-btn {    width: 60px;    height: 42px;    position: absolute;    top: 50%;    left: 50%;    transform: translate(-50%, -50%);    background: url(\"data:image\/png;base64,iVBORw0KGgoAAAANSUhEUgAAAGQAAABGCAMAAAANWMFbAAAC+lBMVEUAAADBGB3kLCfBGB3kLCfcJC7BFx3KKSbiKybkLCbWJCPSIiLSIiLPICHAFx3kLCfgKSXNHiDZJiTIGx\/p4eHcjo7LHSDbJyTkLCbjKyfOHyHPIiL28fHJHB\/GGh7EGR7eKCXDGB3RISHlLSbBGB3AFxzGHB7DGB7BGB3hKybkKybAFx3lLCfAFxzDGR3hKibDGB7cJyTmz8\/elJTlwcHjurrUIyLlLSflLSfAFx3DGR7lLSfCFx3hKibhKibhKybjKybkLCblLSfbJSX49vbx7e3NNzjNMTLMJyjVIyLZf3\/ZQ0LaeHjx0tLgoqLkLCfCGB3HGx\/BGB3BFx3PICHCGB7WJCLOHyC\/Fxy\/Fx3lLCfQISHkLSe\/FxzbJiTBFx3FGx\/AGB7BFx3EGR7AGB3HHSDfKiXAFh3TISHYNzbhKibbJyTTIiL57e325+f039\/v2NjUV1fOHiHiqanfmprch4feKSXVIyPOICHmLibFGh\/mLSe\/Fx7XJCPeKSXXJSPNHyHaJyTGGh7lLCbmLCflLSjSIiLkLCbdKSXLHiC\/GB3KHh++Fh3lKyfoLiXcKCPkx8fYb2\/XaGfVXl3aU1LLHiDksbHgKibPICHbJyTfKSXbJyTCGB3KHSDiKybFGh7TIiL\/\/\/\/VIyPRISHIHB\/GGx\/HHB\/DGR7gKibdKCXLHiDZJiTMHiDNHyHYJSTOICHPICHWJCPcKCXXJSPjLCblLCf+\/f3NGR\/uLijzLynPGR\/IGB7WISHaIyLLGh7UAADxLynNAADRLzDbICLQAADIAAD3MCrUHSHXMTDpKSbLAADp5OTij4\/ejo\/VLy\/1LyngJSTcJCPQHx\/OHB7+\/PzaMS\/OLS\/vLijrLSjSAADaNTPwLyjkKSbNJCbYISHPHB\/KGB7WAAD7+vrn3d3aKynTKCjoLCfsKifRGh\/YAADq5+fhjo7QNDXXKCfmJyXt5+fTLzDLLi\/QKivYHRvMGBrQJCXLISPMExXLDxLaEAvkkI\/bOTfaFQ\/SCgpvLcnHAAAAmnRSTlMA+vv7+gT9Bvf9+8z8\/NSv\/Pr5+P7++vnQIBMP\/v38\/Pn348XDiCYf9OjbzcqxXVcx\/fz8+\/rj1r2poo1+fXFqX0orGP7+\/v7+\/fz8+\/r68uzn4trIxsG\/vri3p6GcmZSNbWVYUUZEPQv+\/f39+\/v7+\/v7+vr64tvV1NTTz87FtbSurqeblJKFg4B3bUY+NjL7+\/v7+\/v67t1cDo8JLQAABkRJREFUWMO0kz9rwkAYh0OIeJkum6YugUAhISCdKoj\/P4C7SMdS+gEKIhSKil10LSg4mzXkILdlEpxCpwTiWOLX6BujvQaEQuGeHLnL+\/64J+SIcKGYTYWnntpdLjrVdqvZmNdn0+EE40GtpuuWVS6Xx6N7YDSGpWXpeq02wHgynM7q80az1a52HpddtVcpsi1zFARBrdaxbhp9iUReTGmwA4KAAr7vx3EYejnCMI6hQYEgy0LQi4jUN0wL19vqFcUC9\/1dAKmEEFkWRYkh5oBejnxQJiSJPJ\/uKBp0Thszx9Mw8hMRIQjKsptCfuES9zr5WJY6vSFCIvE9fCMUmEM1A1kSXcYGxgVYsvI1IPKTZciSTI0us\/SMGG04gDzELDoFBwdcFJrF88dqgYMTiL6DILWYyfOWE8\/kIz38olCNlC03FK95+imxp6y4oUSvAnBjHHhKNtotSDqJzVFiK8c2SBqhZtsrTtgrLXwAyduxZHNE26eHUt5rtuM4WSmds3G+sUdWYo1L+XyxButoh5eKUHk5lByO3G1LqqCWVnfrv\/lyPtf\/4ps1cndNGIri8J1TJ0lx6dR\/oPjq1nbRwdp2dCk4CtIOLW3pVKRL6WZfS5vF2KkIQhpwSsjiYIgNCs1gEMGqiIq24NQX9NwoXFy8Ufrl3twTcg4fv8T9\/JBEySduj6Mjm4bMzYV7EEOxKjjoNDud7yY3Dy71Hq2oLmqfbNR723edH9PgMrNL2utoQ3VmaIDkiw\/4w51P06hlZsTZvkRrbVuSIs\/zwSOsycgzStQouoAkWQqioRT5XI7n2Z1wfVhoZmcAJLsoqjqpjbWCgpOAJXBwHK8PzWbNvoUZJND5wCnSkLAkZ1legx6vqQzjoiTahKlGUGLAiIIoABOHaNVw4sexZBym6\/HWlH5h3IC7yRbxtipcWxdTOkORKiNQAEkFf66x5S2oeRbroOlLgg0sSYkR0hRGEqJZ0jTPiQKatESdBckpWigxaapEH0lImHdWu9pUFF2XqMNM2Z4kped7IwEJw2qabwtrQqnpw6HyKkgcadKWsmpywwesDyIhYRpdzXddqegtGIJlXbAIUMOLkGxJUjRIkokwjUaX9d\/kK62ps\/tYUqZLIMkLTyBhsMZ3C5Z\/kDxOSCb\/DOs\/\/J0qcWSX\/2ipe56EgTCA4\/cB7NAYOsni4mZM1MUPAISoEwkDi4lhVBQ1cWQyIcwalw4EpqZN68JUSK7XC0kTlkLYii5uXSC8jT5ncCAS7mjCv0uHp\/3lueHEEAeQ\/\/VgmdN71\/2uCSA1Xr6DO6uI6sW56zqT2tp2PhgiRUAajV8CY2fkcz6WGNKMgLAt7tJAhD4YHMTeRxlALE6+43WqjSWi8ITxyJl8WrwWSNESQZZOqhDDntO3hJLsd5RtSpbJqdv3YrDJH3F7jL1R2O2aQkn2MyCyKYz0GPGIvSAMgBCrCEiJyKbBaYGwLW4uPRr0A0M4Ux5kUI7IBh+hMdiCEWNqhMZGyYMsOgNE58UQuEQeUnSWCMYwL54hkxK6IoqucQZbQ3pc3XtL0lky1dL0zZJJDpWJovFqpWj6JEHnyam2eQp5QRVAVHjWparTOaVwUOx99YS2MvgxIGV0bb+qIg2HX2qkFFJB+XZcbLiuRkuxD9GRroKyveLxdh4d7Orx+hb7qc3uVRuEogCOnyIxm4ubUoPgF4jianDrC+SDQDKEfJb0GUKmjCGPYHGJvVC6X4hw1\/sAfQAdfYyephIaspXe36RwOP+Ljvfx9B6B3i+Nk0DGq+oCbLn6JpBa9nWAveAIHwFAwtVcIJXPMPL8kRu5OAYPMaL1WScTxjiZDqB9LTJSWphow\/pTYKRTLjCBhvi9iBidvKcDasGSm0QQkycYuLBqj6QCELPctqChDWpTRMWkngNNpQ1Pfp1KkiT\/Y0DGffXAweUNfLAfaJFKDwhb6I+bkYRbkERoEeu3Fyjg2opMz2daZCS9jt6Q7txNfB+OZEVF6Zl5web2xunnLQrtrjXseXKaFYziYINeMFZVxS9VxRhOoesYwxPKXm+gWLG9cuFeq93UNNeJNsf1KlwuDok9n02n3TgIJpOxNfL9naIoQwXtfH9kjceTIIi709ncTg6LZbg+biLH1V6u\/7rxBem06VXKn9raAAAAAElFTkSuQmCC\")      no-repeat center center \/ contain;  }  @media screen and (max-width: 960px) and (orientation: portrait) {    .logo {      width: 100%;    }    .logo .pc-banner {      display: none;    }    .logo .m-banner {      display: block;      width: 100%;    }    .logo .m-banner img {      height: auto!important;    }    .ytvideo {      height: 200px;      width: 100%;    }  }<\/style><style>  .video-section {    width: 100%;    margin: 0 auto;  }  .video-section > img {    width: 100%;  }  .video-section iframe,  .video-section video {    width: 100%;    height: 100%;      }  .video-section-img-m,  .video-section-img-pc > img {    width: 100%;    height: auto;  }  .video-section-img-pc.small > img {    width: 970px;  }  .video-desc {    line-height: 1.5;    font-size: 20px;    font-weight: 400;    margin: 20px 0;    text-align: center;    color: #0f1111;    word-break: break-word;  }  @media screen and (max-width: 960px) and (orientation: portrait) {    .video-section {      width: 100%;    }    .video-section-pc,    .video-section-img-pc {      display: none;    }    .video-section-m,    .video-section-img-m {      display: block;    }    .video-desc {      font-size: 15px;    }  }  @media screen and (min-width: 960px) {    .video-section {      width: 100%;      margin: 0 auto;    }    .video-section-pc,    .video-section-img-pc {      display: block;    }    .video-section-m,    .video-section-img-m {      display: none;    }    .video-desc {      font-size: 20px;    }  }<\/style><style>  .section + .section {    margin-top: 35px;  }  .section-title {    text-align: center;    font-weight: bold;    color: #0d1111;    font-family: \"Arial\";    font-size: 32px;    margin: 15px 0;  }  .section-title:empty {    display: none;  }  .section-desc {    text-align: center;    font-weight: normal;    color: #0d1111;    margin-top: 20px;  }  .section-desc:empty {    display: none;  }  .section-img {    width: 1200px;    height: 492px;    margin: 0 auto;    display: block;  }  .section-img.small {    width: 970px;    height: auto;  }  .section-img.small > img {    height: auto;  }  .section-img > img {    width: 100%;    height: 100%;  }  .section-mobile-img {    display: none;    max-width: 100vw;    max-height: 75vw;    height: 450px;    margin: 0 auto;  }  .section-mobile-img > img {    width: 100%;    height: 100%;  }  @media screen and (max-width: 960px) and (orientation: portrait) {    .container {      width: 100%;    }    .container.small {      width: 100%;    }    .section-mobile-img {      display: block;    }    .section-img {      display: none;    }    .section-title {      font-size: 22px;      margin: 10px 0;    }    .section-desc {      margin-top: 10px;    }    .section + .section {      margin-top: 20px;    }  }<\/style><\/head><body><div class=\"container\"><div class=\"logo\"><div class=\"pc-banner\"><div><img decoding=\"async\" src=\"\/vevor\/vevor\/boutique-banner\/pc\/en-pc@1x.jpg\" style=\"width: 100%;\" \/><\/div><\/div><div class=\"m-banner\"><div><img decoding=\"async\" src=\"\/vevor\/vevor\/boutique-banner\/mobile\/en-m@1x.jpg\" style=\"width: 100%;\" \/><\/div><\/div><\/div><div class=\"section-title\">Skapju sist\u0113ma ar atvilktn\u0113m<\/div><div class=\"video-section\"><div class=\"video-section-img-pc\"><img decoding=\"async\" src=\"\/vevor\/product\/MCBXTGBXTSDGZR8EG001\/wood-closet-system-a100-1.4.jpg\" \/><\/div><div class=\"video-section-img-m\"><img decoding=\"async\" src=\"\/vevor\/product\/MCBXTGBXTSDGZR8EG001\/wood-closet-system-a100-1.4-m.jpg\" \/><\/div><div class=\"section-desc\">\u0160\u012b papla\u0161in\u0101m\u0101 skapju sist\u0113ma ar atvilktn\u0113m ir paredz\u0113ta uzglab\u0101\u0161anai neliel\u0101 telp\u0101 T\u0101s platums br\u012bvi piel\u0101gojas, lai ietilptu da\u017e\u0101du izm\u0113ru skapji, \u013caujot dro\u0161i uzst\u0101d\u012bt bez grie\u0161anas Izgatavots no iztur\u012bga MDF un skaidu pl\u0101tnes ar gludu, viegli t\u012br\u0101mu virsmu, tam ir minim\u0101listisks dizains, kas ir gan praktisks, gan stil\u012bgs Ide\u0101li piem\u0113rots k\u0101 sl\u0101\u0146veida plaukts gu\u013camistab\u0101s vai noliktavas telp\u0101s, tas uzlabo skapju organiz\u0101ciju un uztur priek\u0161metus k\u0101rt\u012bgi sak\u0101rtotus.<\/div><\/div><div class=\"section\"><div class=\"section-title\"><\/div><div class=\"section-img\"><img decoding=\"async\" src=\"\/vevor\/product\/MCBXTGBXTSDGZR8EG001\/wood-closet-system-a100-2.2.jpg\" \/><\/div><div class=\"section-mobile-img\"><img decoding=\"async\" src=\"\/vevor\/product\/MCBXTGBXTSDGZR8EG001\/wood-closet-system-a100-2.2-m.jpg\" \/><\/div><div class=\"section-desc\">Ap\u0123\u0113rbu p\u0113c veida var organiz\u0113t pie m\u016bsu koka skapja organizatora M\u0113te\u013ci un krekli kar\u0101jas uz stie\u0146a, lai izvair\u012btos no grumb\u0101m, savuk\u0101rt maz\u0101kus priek\u0161metus var glab\u0101t atvilktn\u0113s vai plauktos.<\/div><\/div><div class=\"section\"><div class=\"section-title\"><\/div><div class=\"section-img\"><img decoding=\"async\" src=\"\/vevor\/product\/MCBXTGBXTSDGZR8EG001\/wood-closet-system-a100-2.3.jpg\" \/><\/div><div class=\"section-mobile-img\"><img decoding=\"async\" src=\"\/vevor\/product\/MCBXTGBXTSDGZR8EG001\/wood-closet-system-a100-2.3-m.jpg\" \/><\/div><div class=\"section-desc\">Plauktiem ir 5 augstuma l\u012bme\u0146i, lai ietilptu da\u017e\u0101da izm\u0113ra priek\u0161meti Ieb\u016bv\u0113t\u0101s pretuzga\u013cu e\u0146\u0123es nostiprina ier\u012bci pie sienas, izvairoties no negad\u012bjumiem.<\/div><\/div><div class=\"section\"><div class=\"section-title\"><\/div><div class=\"section-img\"><img decoding=\"async\" src=\"\/vevor\/product\/MCBXTGBXTSDGZR8EG001\/wood-closet-system-a100-2.4.jpg\" \/><\/div><div class=\"section-mobile-img\"><img decoding=\"async\" src=\"\/vevor\/product\/MCBXTGBXTSDGZR8EG001\/wood-closet-system-a100-2.4-m.jpg\" \/><\/div><div class=\"section-desc\">Skapja organizators ar atvilktn\u0113m uztur j\u016bsu garderobi k\u0101rt\u012bgu un bez jucekli Zon\u0113ta uzglab\u0101\u0161ana padara ap\u0123\u0113rbu iz\u0146em\u0161anu un uzglab\u0101\u0161anu vienk\u0101r\u0161u un efekt\u012bvu.<\/div><\/div><div class=\"section\"><div class=\"section-title\"><\/div><div class=\"section-img\"><img decoding=\"async\" src=\"\/vevor\/product\/MCBXTGBXTSDGZR8EG001\/wood-closet-system-a100-2.5.jpg\" \/><\/div><div class=\"section-mobile-img\"><img decoding=\"async\" src=\"\/vevor\/product\/MCBXTGBXTSDGZR8EG001\/wood-closet-system-a100-2.5-m.jpg\" \/><\/div><div class=\"section-desc\">Vienk\u0101r\u0161a mont\u0101\u017ea \u013cauj novietot ve\u013cas mazg\u0101tav\u0101s, gu\u013camistab\u0101s vai skapjos elast\u012bgiem uzglab\u0101\u0161anas risin\u0101jumiem.<\/div><\/div><div class=\"section\"><div class=\"section-img\"><img decoding=\"async\" src=\"\/vevor\/product\/MCBXTGBXTSDGZR8EG001\/wood-closet-system-a100-1.11.jpg\" \/><\/div><div class=\"section-mobile-img\"><img decoding=\"async\" src=\"\/vevor\/product\/MCBXTGBXTSDGZR8EG001\/wood-closet-system-a100-1.11-m.jpg\" \/><\/div><\/div><\/div><\/body><\/html><\/div>\n<div class=\"DM_at-title\" id=\"js-DM_at-title\"> <div>Produkta specifik\u0101cija<\/div> <i class=\"icon-arrowup_line\"><\/i> <\/div><div class=\"DM_at-goodsDescAttr\" id=\"js-DM_at-goodsDescAttr\"> <div class=\"DM_at-goodsDescAttrInner\"> <dl class=\"goodsDesc_item goodsDesc_item_even\"> <dt>Preces Mode\u013ca Numurs<\/dt> <dd> KLBC-01<\/dd> <\/dl> <dl class=\"goodsDesc_item\"> <dt>Produkta Izm\u0113ri<\/dt> <dd> 95.7 x 16 x 75 in \/ 2430 x 405 x 1904 mm<\/dd> <\/dl> <dl class=\"goodsDesc_item goodsDesc_item_even\"> <dt>Neto Svars<\/dt> <dd> 111.4 lbs \/ 50.6 kg<\/dd> <\/dl> <dl class=\"goodsDesc_item\"> <dt>Materi\u0101ls<\/dt> <dd> Skaidu pl\u0101tne, MDF<\/dd> <\/dl> <dl class=\"goodsDesc_item goodsDesc_item_even\"> <dt>Kr\u0101sa<\/dt> <dd> Balts<\/dd> <\/dl> <dl class=\"goodsDesc_item\"> <dt>Atbilst platumam<\/dt> <dd> 65.6 \u2013 100.6 in \/ 1666 \u2013 2556 mm<\/dd> <\/dl> <\/div> <\/div>","protected":false},"excerpt":{"rendered":"<ul>\n<li> Zoned Storage: The wooden closet shelf features 12 compartments for hanging, displaying, or stacking clothes, making it easy to organize seasonal clothing and bedding for a family of three or an individual <\/li>\n<li> Liela ietilp\u012bba: Atbalstot l\u012bdz 800 m\u0101rci\u0146\u0101m \/ 362,7 kg, \u0161aj\u0101 skapju sist\u0113m\u0101 ar atvilktn\u0113m var ievietot aptuveni 100 ap\u0123\u0113rbu. Izmantojiet t\u0101s nodal\u012bjumus, lai k\u0101rt\u012bgi atdal\u012btu priek\u0161metus, saglab\u0101jot visu redzamu un viegli pieejamu <\/li>\n<li> Adjustable Design: The hanging rod adjusts from 22.6\u201340.2 in \/ 575\u20131020 mm, and shelves offer 5 height levels with 1.3 in \/ 32 mm increments. Includes 3 pull-out drawers for versatile storage <\/li>\n<li> Iztur\u012bga konstrukcija: koka skapju organizators apvieno augstas stipr\u012bbas skaidu pl\u0101tnes un mitrumiztur\u012bgus MDF pane\u013cus ar melam\u012bna apdari, pied\u0101v\u0101jot vieglu t\u012br\u012b\u0161anu un ilgsto\u0161u veiktsp\u0113ju <\/li>\n<li> Elast\u012bga konfigur\u0101cija: stie\u0146us var pagriezt vai no\u0146emt, lai tie atbilstu j\u016bsu skapja telpai. Vair\u0101ki izk\u0101rtojumi padara to piem\u0113rotu gu\u013camistab\u0101m, ve\u013cas mazg\u0101tav\u0101m vai skapjiem <\/li>\n<\/ul>","protected":false},"featured_media":425121,"comment_status":"open","ping_status":"open","template":"","meta":{"om_disable_all_campaigns":false,"_monsterinsights_skip_tracking":false,"_monsterinsights_sitenote_active":false,"_monsterinsights_sitenote_note":"","_monsterinsights_sitenote_category":0,"_uf_show_specific_survey":0,"_uf_disable_surveys":false},"location":[1935,1934],"product_brand":[],"product_cat":[1884,807,45],"product_tag":[],"class_list":{"0":"post-207326","1":"product","2":"type-product","3":"status-publish","4":"has-post-thumbnail","6":"location-supplier_stock_location","7":"location-local_stock_location","8":"product_cat-closet-accessories-furniture","9":"product_cat-furniture","10":"product_cat-office-supplies","12":"first","13":"instock","14":"taxable","15":"shipping-taxable","16":"purchasable","17":"product-type-simple"},"aioseo_notices":[],"jetpack_sharing_enabled":true,"locations":[{"id":1935,"name":"Pieg\u0101d\u0101ja noliktav\u0101 (5-7dd.d)","slug":"supplier_stock_location","quantity":"43"},{"id":1934,"name":"R\u012bgas veikal\u0101 (0-2d.d.)","slug":"local_stock_location","quantity":"0"}],"_links":{"self":[{"href":"https:\/\/vevorshop.lv\/lv\/wp-json\/wp\/v2\/product\/207326","targetHints":{"allow":["GET"]}}],"collection":[{"href":"https:\/\/vevorshop.lv\/lv\/wp-json\/wp\/v2\/product"}],"about":[{"href":"https:\/\/vevorshop.lv\/lv\/wp-json\/wp\/v2\/types\/product"}],"replies":[{"embeddable":true,"href":"https:\/\/vevorshop.lv\/lv\/wp-json\/wp\/v2\/comments?post=207326"}],"wp:featuredmedia":[{"embeddable":true,"href":"https:\/\/vevorshop.lv\/lv\/wp-json\/wp\/v2\/media\/425121"}],"wp:attachment":[{"href":"https:\/\/vevorshop.lv\/lv\/wp-json\/wp\/v2\/media?parent=207326"}],"wp:term":[{"taxonomy":"location","embeddable":true,"href":"https:\/\/vevorshop.lv\/lv\/wp-json\/wp\/v2\/location?post=207326"},{"taxonomy":"product_brand","embeddable":true,"href":"https:\/\/vevorshop.lv\/lv\/wp-json\/wp\/v2\/product_brand?post=207326"},{"taxonomy":"product_cat","embeddable":true,"href":"https:\/\/vevorshop.lv\/lv\/wp-json\/wp\/v2\/product_cat?post=207326"},{"taxonomy":"product_tag","embeddable":true,"href":"https:\/\/vevorshop.lv\/lv\/wp-json\/wp\/v2\/product_tag?post=207326"}],"curies":[{"name":"wp","href":"https:\/\/api.w.org\/{rel}","templated":true}]}}