{"id":208077,"date":"2025-10-13T13:54:02","date_gmt":"2025-10-13T10:54:02","guid":{"rendered":"https:\/\/vevorshop.lv\/en_us\/Prece\/vevor-oscillating-belt-spindle-sander-2000rpm-with-16mm-stroke-5-sleeves-12-7-50-8mm-610x98mm-belt-for-woodworking\/"},"modified":"2026-05-12T06:20:30","modified_gmt":"2026-05-12T03:20:30","slug":"vevor-oscillating-belt-spindle-sander-2000rpm-with-16mm-stroke-5-sleeves-12-7-50-8mm-610x98mm-belt-for-woodworking","status":"publish","type":"product","link":"https:\/\/vevorshop.lv\/lv\/Prece\/vevor-svarstveida-jostas-varpstas-slipmasina-2000rpm-ar-16mm-gajienu-5-uzmavas-12-7-50-8mm-610x98mm-josta-kokapstradei\/","title":{"rendered":"VEVOR sv\u0101rst\u012bgais lentas un v\u0101rpstas sl\u012bp\u0113t\u0101js 2000RPM, 16mm g\u0101jiens, 610x98mm lenta, 5 uzmavas kokapstr\u0101dei un DIY"},"content":{"rendered":"<div style=\"color: #fff!important; font-size: 16px; height: 24px; line-height: 24px; margin-top: -24px; \" class=\"product_original_name\">VEVOR oscil\u0113jo\u0161\u0101 josta un v\u0101rpstas sl\u012bpma\u0161\u012bna, 2000RPM Benchtop v\u0101rpstas sl\u012bpma\u0161\u012bna ar 16 mm g\u0101jienu, 5 piedurkn\u0113m (12,7-50,8 mm) un 610 x 98 mm sl\u012bp\u0113\u0161anas josta kokapstr\u0101dei, m\u0113be\u013cu sl\u012bp\u0113\u0161anai, DIY projektiem<\/div>\n<div style=\"color: #fff!important; font-size: 16px; height: 24px; line-height: 24px; margin-top: -24px; \" class=\"product_sku\">MGP0JKBR<\/div>\n<div style=\"color: #fff!important; font-size: 16px; height: 24px; line-height: 24px; margin-top: -24px; \" class=\"product_mpn\">ZZSGJTSZZSD2OC7KR001V2<\/div><div id=\"js-DM_at-goodDescRich\"><html><head><style>  body {    font-family: Arial;    line-height: 1.5;    color: #1c1c1c;    overflow-x: hidden;    margin: 0;    padding: 0;  }  .MsoNormal b {    font-weight: bolder;  }<\/style><style>  .container.small {    width: 970px;    margin: 0 auto;  }  .logo {    margin: 0 auto 0;  }  .logo img {    display: block;    margin: 0 auto;    max-width: 100%;  }  .logo .pc-banner {    display: block;    width: 1200px;    height: 247.4px;    margin: 0 auto;  }  .logo .pc-banner.small {    width: 970px;  }  .logo .pc-banner.small img {    height: auto!important;  }  .logo .m-banner {    display: none;  }  .ytvideo {    position: relative;    height: 546px;    width: 100%;    margin: 0 auto;  }  .ytvideo img {    width: 100%;    margin: 0 auto;  }  .ytvideo .play-btn {    width: 60px;    height: 42px;    position: absolute;    top: 50%;    left: 50%;    transform: translate(-50%, -50%);    background: url(\"data:image\/png;base64,iVBORw0KGgoAAAANSUhEUgAAAGQAAABGCAMAAAANWMFbAAAC+lBMVEUAAADBGB3kLCfBGB3kLCfcJC7BFx3KKSbiKybkLCbWJCPSIiLSIiLPICHAFx3kLCfgKSXNHiDZJiTIGx\/p4eHcjo7LHSDbJyTkLCbjKyfOHyHPIiL28fHJHB\/GGh7EGR7eKCXDGB3RISHlLSbBGB3AFxzGHB7DGB7BGB3hKybkKybAFx3lLCfAFxzDGR3hKibDGB7cJyTmz8\/elJTlwcHjurrUIyLlLSflLSfAFx3DGR7lLSfCFx3hKibhKibhKybjKybkLCblLSfbJSX49vbx7e3NNzjNMTLMJyjVIyLZf3\/ZQ0LaeHjx0tLgoqLkLCfCGB3HGx\/BGB3BFx3PICHCGB7WJCLOHyC\/Fxy\/Fx3lLCfQISHkLSe\/FxzbJiTBFx3FGx\/AGB7BFx3EGR7AGB3HHSDfKiXAFh3TISHYNzbhKibbJyTTIiL57e325+f039\/v2NjUV1fOHiHiqanfmprch4feKSXVIyPOICHmLibFGh\/mLSe\/Fx7XJCPeKSXXJSPNHyHaJyTGGh7lLCbmLCflLSjSIiLkLCbdKSXLHiC\/GB3KHh++Fh3lKyfoLiXcKCPkx8fYb2\/XaGfVXl3aU1LLHiDksbHgKibPICHbJyTfKSXbJyTCGB3KHSDiKybFGh7TIiL\/\/\/\/VIyPRISHIHB\/GGx\/HHB\/DGR7gKibdKCXLHiDZJiTMHiDNHyHYJSTOICHPICHWJCPcKCXXJSPjLCblLCf+\/f3NGR\/uLijzLynPGR\/IGB7WISHaIyLLGh7UAADxLynNAADRLzDbICLQAADIAAD3MCrUHSHXMTDpKSbLAADp5OTij4\/ejo\/VLy\/1LyngJSTcJCPQHx\/OHB7+\/PzaMS\/OLS\/vLijrLSjSAADaNTPwLyjkKSbNJCbYISHPHB\/KGB7WAAD7+vrn3d3aKynTKCjoLCfsKifRGh\/YAADq5+fhjo7QNDXXKCfmJyXt5+fTLzDLLi\/QKivYHRvMGBrQJCXLISPMExXLDxLaEAvkkI\/bOTfaFQ\/SCgpvLcnHAAAAmnRSTlMA+vv7+gT9Bvf9+8z8\/NSv\/Pr5+P7++vnQIBMP\/v38\/Pn348XDiCYf9OjbzcqxXVcx\/fz8+\/rj1r2poo1+fXFqX0orGP7+\/v7+\/fz8+\/r68uzn4trIxsG\/vri3p6GcmZSNbWVYUUZEPQv+\/f39+\/v7+\/v7+vr64tvV1NTTz87FtbSurqeblJKFg4B3bUY+NjL7+\/v7+\/v67t1cDo8JLQAABkRJREFUWMO0kz9rwkAYh0OIeJkum6YugUAhISCdKoj\/P4C7SMdS+gEKIhSKil10LSg4mzXkILdlEpxCpwTiWOLX6BujvQaEQuGeHLnL+\/64J+SIcKGYTYWnntpdLjrVdqvZmNdn0+EE40GtpuuWVS6Xx6N7YDSGpWXpeq02wHgynM7q80az1a52HpddtVcpsi1zFARBrdaxbhp9iUReTGmwA4KAAr7vx3EYejnCMI6hQYEgy0LQi4jUN0wL19vqFcUC9\/1dAKmEEFkWRYkh5oBejnxQJiSJPJ\/uKBp0Thszx9Mw8hMRIQjKsptCfuES9zr5WJY6vSFCIvE9fCMUmEM1A1kSXcYGxgVYsvI1IPKTZciSTI0us\/SMGG04gDzELDoFBwdcFJrF88dqgYMTiL6DILWYyfOWE8\/kIz38olCNlC03FK95+imxp6y4oUSvAnBjHHhKNtotSDqJzVFiK8c2SBqhZtsrTtgrLXwAyduxZHNE26eHUt5rtuM4WSmds3G+sUdWYo1L+XyxButoh5eKUHk5lByO3G1LqqCWVnfrv\/lyPtf\/4ps1cndNGIri8J1TJ0lx6dR\/oPjq1nbRwdp2dCk4CtIOLW3pVKRL6WZfS5vF2KkIQhpwSsjiYIgNCs1gEMGqiIq24NQX9NwoXFy8Ufrl3twTcg4fv8T9\/JBEySduj6Mjm4bMzYV7EEOxKjjoNDud7yY3Dy71Hq2oLmqfbNR723edH9PgMrNL2utoQ3VmaIDkiw\/4w51P06hlZsTZvkRrbVuSIs\/zwSOsycgzStQouoAkWQqioRT5XI7n2Z1wfVhoZmcAJLsoqjqpjbWCgpOAJXBwHK8PzWbNvoUZJND5wCnSkLAkZ1legx6vqQzjoiTahKlGUGLAiIIoABOHaNVw4sexZBym6\/HWlH5h3IC7yRbxtipcWxdTOkORKiNQAEkFf66x5S2oeRbroOlLgg0sSYkR0hRGEqJZ0jTPiQKatESdBckpWigxaapEH0lImHdWu9pUFF2XqMNM2Z4kped7IwEJw2qabwtrQqnpw6HyKkgcadKWsmpywwesDyIhYRpdzXddqegtGIJlXbAIUMOLkGxJUjRIkokwjUaX9d\/kK62ps\/tYUqZLIMkLTyBhsMZ3C5Z\/kDxOSCb\/DOs\/\/J0qcWSX\/2ipe56EgTCA4\/cB7NAYOsni4mZM1MUPAISoEwkDi4lhVBQ1cWQyIcwalw4EpqZN68JUSK7XC0kTlkLYii5uXSC8jT5ncCAS7mjCv0uHp\/3lueHEEAeQ\/\/VgmdN71\/2uCSA1Xr6DO6uI6sW56zqT2tp2PhgiRUAajV8CY2fkcz6WGNKMgLAt7tJAhD4YHMTeRxlALE6+43WqjSWi8ITxyJl8WrwWSNESQZZOqhDDntO3hJLsd5RtSpbJqdv3YrDJH3F7jL1R2O2aQkn2MyCyKYz0GPGIvSAMgBCrCEiJyKbBaYGwLW4uPRr0A0M4Ux5kUI7IBh+hMdiCEWNqhMZGyYMsOgNE58UQuEQeUnSWCMYwL54hkxK6IoqucQZbQ3pc3XtL0lky1dL0zZJJDpWJovFqpWj6JEHnyam2eQp5QRVAVHjWparTOaVwUOx99YS2MvgxIGV0bb+qIg2HX2qkFFJB+XZcbLiuRkuxD9GRroKyveLxdh4d7Orx+hb7qc3uVRuEogCOnyIxm4ubUoPgF4jianDrC+SDQDKEfJb0GUKmjCGPYHGJvVC6X4hw1\/sAfQAdfYyephIaspXe36RwOP+Ljvfx9B6B3i+Nk0DGq+oCbLn6JpBa9nWAveAIHwFAwtVcIJXPMPL8kRu5OAYPMaL1WScTxjiZDqB9LTJSWphow\/pTYKRTLjCBhvi9iBidvKcDasGSm0QQkycYuLBqj6QCELPctqChDWpTRMWkngNNpQ1Pfp1KkiT\/Y0DGffXAweUNfLAfaJFKDwhb6I+bkYRbkERoEeu3Fyjg2opMz2daZCS9jt6Q7txNfB+OZEVF6Zl5web2xunnLQrtrjXseXKaFYziYINeMFZVxS9VxRhOoesYwxPKXm+gWLG9cuFeq93UNNeJNsf1KlwuDok9n02n3TgIJpOxNfL9naIoQwXtfH9kjceTIIi709ncTg6LZbg+biLH1V6u\/7rxBem06VXKn9raAAAAAElFTkSuQmCC\")      no-repeat center center \/ contain;  }  @media screen and (max-width: 960px) and (orientation: portrait) {    .logo {      width: 100%;    }    .logo .pc-banner {      display: none;    }    .logo .m-banner {      display: block;      width: 100%;    }    .logo .m-banner img {      height: auto!important;    }    .ytvideo {      height: 200px;      width: 100%;    }  }<\/style><style>  .video-section {    width: 100%;    margin: 0 auto;  }  .video-section > img {    width: 100%;  }  .video-section iframe,  .video-section video {    width: 100%;    height: 100%;      }  .video-section-img-m,  .video-section-img-pc > img {    width: 100%;    height: auto;  }  .video-section-img-pc.small > img {    width: 970px;  }  .video-desc {    line-height: 1.5;    font-size: 20px;    font-weight: 400;    margin: 20px 0;    text-align: center;    color: #0f1111;    word-break: break-word;  }  @media screen and (max-width: 960px) and (orientation: portrait) {    .video-section {      width: 100%;    }    .video-section-pc,    .video-section-img-pc {      display: none;    }    .video-section-m,    .video-section-img-m {      display: block;    }    .video-desc {      font-size: 15px;    }  }  @media screen and (min-width: 960px) {    .video-section {      width: 100%;      margin: 0 auto;    }    .video-section-pc,    .video-section-img-pc {      display: block;    }    .video-section-m,    .video-section-img-m {      display: none;    }    .video-desc {      font-size: 20px;    }  }<\/style><style>  .section + .section {    margin-top: 35px;  }  .section-title {    text-align: center;    font-weight: bold;    color: #0d1111;    font-family: \"Arial\";    font-size: 32px;    margin: 15px 0;  }  .section-title:empty {    display: none;  }  .section-desc {    text-align: center;    font-weight: normal;    color: #0d1111;    margin-top: 20px;  }  .section-desc:empty {    display: none;  }  .section-img {    width: 1200px;    height: 492px;    margin: 0 auto;    display: block;  }  .section-img.small {    width: 970px;    height: auto;  }  .section-img.small > img {    height: auto;  }  .section-img > img {    width: 100%;    height: 100%;  }  .section-mobile-img {    display: none;    max-width: 100vw;    max-height: 75vw;    height: 450px;    margin: 0 auto;  }  .section-mobile-img > img {    width: 100%;    height: 100%;  }  @media screen and (max-width: 960px) and (orientation: portrait) {    .container {      width: 100%;    }    .container.small {      width: 100%;    }    .section-mobile-img {      display: block;    }    .section-img {      display: none;    }    .section-title {      font-size: 22px;      margin: 10px 0;    }    .section-desc {      margin-top: 10px;    }    .section + .section {      margin-top: 20px;    }  }<\/style><\/head><body><div class=\"container\"><div class=\"logo\"><div class=\"pc-banner\"><div><img decoding=\"async\" src=\"\/vevor\/vevor\/boutique-banner\/pc\/en-pc@1x.jpg\" style=\"width: 100%;\" \/><\/div><\/div><div class=\"m-banner\"><div><img decoding=\"async\" src=\"\/vevor\/vevor\/boutique-banner\/mobile\/en-m@1x.jpg\" style=\"width: 100%;\" \/><\/div><\/div><\/div><div class=\"section-title\">Efekt\u012bva sl\u012bp\u0113\u0161ana gludai apdarei<\/div><div class=\"video-section\"><video class=\"video-section-pc\" controls poster=\"\/vevor\/product\/ZZSGJTSZZSD2OC7KR001\/spindle-sander-a100-1.4.jpg\"><source src=\"\/vevor\/product\/ZZSGJTSZZSD2OC7KR001\/spindle-sander-tvc2.mp4\" type=\"video\/mp4\" \/><\/video><video class=\"video-section-m\" controls poster=\"\/vevor\/product\/ZZSGJTSZZSD2OC7KR001\/spindle-sander-a100-1.4-m.jpg\"><source src=\"\/vevor\/product\/ZZSGJTSZZSD2OC7KR001\/spindle-sander-tvc2.mp4\" type=\"video\/mp4\" \/><\/video><div class=\"section-desc\">VEVOR 2000 RPM sv\u0101rst\u012bbu siksna un v\u0101rpstas sl\u012bpma\u0161\u012bna nodro\u0161ina vienm\u0113r\u012bgu sl\u012bp\u0113\u0161anu m\u0113be\u013cu apdarei vai DIY projektiem Ar 610 x 98 mm sl\u012bp\u0113\u0161anas jostu, 5 sl\u012bp\u0113\u0161anas uzmav\u0101m, 16 mm g\u0101jienu un noliecamu darba galdu nodro\u0161ina prec\u012bz\u0101ku un efekt\u012bv\u0101ku sl\u012bp\u0113\u0161anu gludai apdarei.<\/div><\/div><div class=\"section\"><div class=\"section-title\"><\/div><div class=\"section-img\"><img decoding=\"async\" src=\"\/vevor\/product\/ZZSGJTSZZSD2OC7KR001\/spindle-sander-a100-2.2.jpg\" \/><\/div><div class=\"section-mobile-img\"><img decoding=\"async\" src=\"\/vevor\/product\/ZZSGJTSZZSD2OC7KR001\/spindle-sander-a100-2.2-m.jpg\" \/><\/div><div class=\"section-desc\">\u0160\u012b galda v\u0101rpstas sl\u012bpma\u0161\u012bna ir apr\u012bkota ar 2000 RPM \u0101trgaitas motoru, noliecamu darba galdu, 16 mm g\u0101jienu un 5 sl\u012bp\u0113\u0161anas uzmav\u0101m (12,7 mm, 19 mm, 25,4 mm, 38,1 mm, 50,8 mm) efekt\u012bvai sl\u012bp\u0113\u0161anai.<\/div><\/div><div class=\"section\"><div class=\"section-title\"><\/div><div class=\"section-img\"><img decoding=\"async\" src=\"\/vevor\/product\/ZZSGJTSZZSD2OC7KR001\/spindle-sander-a100-2.3.jpg\" \/><\/div><div class=\"section-mobile-img\"><img decoding=\"async\" src=\"\/vevor\/product\/ZZSGJTSZZSD2OC7KR001\/spindle-sander-a100-2.3-m.jpg\" \/><\/div><div class=\"section-desc\">Apr\u012bkots ar 35 mm ID un 38,6 mm OD putek\u013cu piesl\u0113gvietu, v\u0101rpstas sl\u012bpma\u0161\u012bna viegli savienojas ar vakuuma \u0161\u013c\u016bten\u0113m, lai nodro\u0161in\u0101tu darb\u012bbu bez putek\u013ciem, samazinot t\u012br\u012b\u0161anu, pagarinot apr\u012bkojuma kalpo\u0161anas laiku un saglab\u0101jot t\u012bru darba vietu.<\/div><\/div><div class=\"section\"><div class=\"section-title\"><\/div><div class=\"section-img\"><img decoding=\"async\" src=\"\/vevor\/product\/ZZSGJTSZZSD2OC7KR001\/spindle-sander-a100-2.4.jpg\" \/><\/div><div class=\"section-mobile-img\"><img decoding=\"async\" src=\"\/vevor\/product\/ZZSGJTSZZSD2OC7KR001\/spindle-sander-a100-2.4-m.jpg\" \/><\/div><div class=\"section-desc\">Integr\u0113t\u0101s spraugas notur sl\u012bp\u0113\u0161anas uzmavas un galda ielikt\u0146us k\u0101rt\u012bgi sak\u0101rtotus, nov\u0113r\u0161ot deta\u013cu zudumu un nodro\u0161inot \u0101tru piek\u013cuvi darba laik\u0101.<\/div><\/div><div class=\"section\"><div class=\"section-title\"><\/div><div class=\"section-img\"><img decoding=\"async\" src=\"\/vevor\/product\/ZZSGJTSZZSD2OC7KR001\/spindle-sander-a100-2.5.jpg\" \/><\/div><div class=\"section-mobile-img\"><img decoding=\"async\" src=\"\/vevor\/product\/ZZSGJTSZZSD2OC7KR001\/spindle-sander-a100-2.5-m.jpg\" \/><\/div><div class=\"section-desc\">Neatkar\u012bgi no t\u0101, vai tas ir paredz\u0113ts kokapstr\u0101dei, m\u0113be\u013cu apdarei vai sl\u012bp\u0113\u0161anas projektiem, \u0161\u012b sv\u0101rst\u012bg\u0101 v\u0101rpstas sl\u012bpma\u0161\u012bna to viegli apstr\u0101d\u0101. Tas nodro\u0161ina vienm\u0113r\u012bg\u0101ku, profesion\u0101l\u0101ku sl\u012bp\u0113\u0161anu, kas ir ide\u0101li piem\u0113rota entuziastiem un profesion\u0101l\u0101m darbn\u012bc\u0101m.<\/div><\/div><div class=\"section\"><div class=\"section-img\"><img decoding=\"async\" src=\"\/vevor\/product\/ZZSGJTSZZSD2OC7KR001\/spindle-sander-a100-1.11.jpg\" \/><\/div><div class=\"section-mobile-img\"><img decoding=\"async\" src=\"\/vevor\/product\/ZZSGJTSZZSD2OC7KR001\/spindle-sander-a100-1.11-m.jpg\" \/><\/div><\/div><\/div><\/body><\/html><\/div>\n<div class=\"DM_at-title\" id=\"js-DM_at-title\"> <div>Produkta specifik\u0101cija<\/div> <i class=\"icon-arrowup_line\"><\/i> <\/div><div class=\"DM_at-goodsDescAttr\" id=\"js-DM_at-goodsDescAttr\"> <div class=\"DM_at-goodsDescAttrInner\"> <dl class=\"goodsDesc_item goodsDesc_item_even\"> <dt>Preces Mode\u013ca Numurs<\/dt> <dd> BOSS200A<\/dd> <\/dl> <dl class=\"goodsDesc_item\"> <dt>Bezslodzes \u0101trums<\/dt> <dd> 2000 apgr.\/min <\/dd> <\/dl> <dl class=\"goodsDesc_item goodsDesc_item_even\"> <dt>V\u0101rpstas g\u0101jiena garums<\/dt> <dd> 5\/8 collas \/ 16 mm<\/dd> <\/dl> <dl class=\"goodsDesc_item\"> <dt>Sl\u012bp\u0113\u0161anas piedurk\u0146u izm\u0113ri<\/dt> <dd> 1\/2\", 3\/4\", 1\", 1-1\/2\", 2\"<\/dd> <\/dl> <dl class=\"goodsDesc_item goodsDesc_item_even\"> <dt>Sl\u012bp\u0113\u0161anas lentes izm\u0113rs<\/dt> <dd> 24 x 4 collas \/ 610 x 98 mm<\/dd> <\/dl> <dl class=\"goodsDesc_item\"> <dt>Str\u0101d\u0101jams izm\u0113rs<\/dt> <dd> 16,14 x 16,9 collas \/ 410 x 430 mm<\/dd> <\/dl> <dl class=\"goodsDesc_item goodsDesc_item_even\"> <dt>Putek\u013cu atveres izm\u0113rs<\/dt> <dd> 1,38 collas (35 mm) ID \/ 1,52 collas (38,6 mm) OD<\/dd> <\/dl> <dl class=\"goodsDesc_item\"> <dt>Galvenie materi\u0101li<\/dt> <dd> \u010cuguns, plastmasa, t\u0113rauda pl\u0101ksne<\/dd> <\/dl> <dl class=\"goodsDesc_item goodsDesc_item_even\"> <dt>Neto Svars<\/dt> <dd> 37,48 m\u0101rci\u0146as \/ 17 kg<\/dd> <\/dl> <dl class=\"goodsDesc_item\"> <dt>Produkta Izm\u0113ri<\/dt> <dd> 16,54 x 18,1 x 17,32 collas \/ 420 x 460 x 440 mm<\/dd> <\/dl> <\/div> <\/div>","protected":false},"excerpt":{"rendered":"<ul>\n<li> Efekt\u012bva sl\u012bp\u0113\u0161ana: \u0161\u012b sv\u0101rst\u012bg\u0101 jostas un v\u0101rpstas sl\u012bpma\u0161\u012bna darbojas ar 2000 RPM lielu \u0101trumu, nodro\u0161inot vienm\u0113r\u012bgu, efekt\u012bvu sl\u012bp\u0113\u0161anu uz plakan\u0101m, izliekt\u0101m un kont\u016br\u0113t\u0101m virsm\u0101m. Ide\u0101li piem\u0113rots m\u0113be\u013cu apdarei, amatniec\u012bbas sl\u012bp\u0113\u0161anai un DIY kokapstr\u0101des projektiem <\/li>\n<li> Piln\u012bgs sl\u012bp\u0113\u0161anas komplekts: apr\u012bkots ar 610 x 98 mm sl\u012bp\u0113\u0161anas jostu, 5 sl\u012bp\u0113\u0161anas uzmav\u0101m (12,7 mm, 19 mm, 25,4 mm, 38,1 mm, 50,8 mm) un 5 galda ielikt\u0146iem, kas piem\u0113roti da\u017e\u0101diem sagataves izm\u0113riem un l\u012bkumiem \u0100tra nomai\u0146a padara sl\u012bp\u0113\u0161anu elast\u012bg\u0101ku un efekt\u012bv\u0101ku <\/li>\n<li> Noliecams darba galds: \u0161ai galda v\u0101rpstas sl\u012bpma\u0161\u012bnai ir 16 mm g\u0101jiena garums, lai piel\u0101gotos pl\u0101n\u0101m un biez\u0101m sagatav\u0113m. Un 0\u201345\u00b0 noliecamais darba galds \u013cauj piel\u0101goties ide\u0101lajam le\u0146\u0137im un poz\u012bcijai prec\u012bzai sl\u012bp\u0113\u0161anai <\/li>\n<li> Darb\u012bba bez putek\u013ciem: apr\u012bkota ar 35 mm ID un 38,6 mm OD putek\u013cu piesl\u0113gvietu, m\u016bsu jostas v\u0101rpstas sl\u012bpma\u0161\u012bna viegli savienojas ar vakuuma \u0161\u013c\u016bten\u0113m efekt\u012bvai putek\u013cu sav\u0101k\u0161anai, samazinot t\u012br\u012b\u0161anu un saglab\u0101jot j\u016bsu darba vietas t\u012br\u012bt\u0101ju <\/li>\n<li> Organiz\u0113ta uzglab\u0101\u0161ana: \u0161ai v\u0101rpstveida sl\u012bpma\u0161\u012bnai kokapstr\u0101dei ir integr\u0113tas spraugas, lai sl\u012bp\u0113\u0161anas uzmavas un galda ielikt\u0146i b\u016btu k\u0101rt\u012bgi sak\u0101rtoti, t\u0101d\u0113j\u0101di samazinot jucekli un saglab\u0101jot tos viegli sasniedzam\u0101 att\u0101lum\u0101 efekt\u012bvai darb\u012bbai <\/li>\n<\/ul>","protected":false},"featured_media":425769,"comment_status":"open","ping_status":"open","template":"","meta":{"om_disable_all_campaigns":false,"_uf_show_specific_survey":0,"_uf_disable_surveys":false},"location":[1935,1934],"product_brand":[],"product_cat":[32,31,2218],"product_tag":[],"class_list":{"0":"post-208077","1":"product","2":"type-product","3":"status-publish","4":"has-post-thumbnail","6":"location-supplier_stock_location","7":"location-local_stock_location","8":"product_cat-grinding-sanding-finishing-tools","9":"product_cat-power-tools","10":"product_cat-spindle-sanders","12":"first","13":"instock","14":"taxable","15":"shipping-taxable","16":"purchasable","17":"product-type-simple"},"aioseo_notices":[],"locations":[{"id":1935,"name":"Pieg\u0101d\u0101ja noliktav\u0101 (5-7dd.d)","slug":"supplier_stock_location","quantity":"19"},{"id":1934,"name":"R\u012bgas veikal\u0101 (0-2d.d.)","slug":"local_stock_location","quantity":"0"}],"_links":{"self":[{"href":"https:\/\/vevorshop.lv\/lv\/wp-json\/wp\/v2\/product\/208077","targetHints":{"allow":["GET"]}}],"collection":[{"href":"https:\/\/vevorshop.lv\/lv\/wp-json\/wp\/v2\/product"}],"about":[{"href":"https:\/\/vevorshop.lv\/lv\/wp-json\/wp\/v2\/types\/product"}],"replies":[{"embeddable":true,"href":"https:\/\/vevorshop.lv\/lv\/wp-json\/wp\/v2\/comments?post=208077"}],"wp:featuredmedia":[{"embeddable":true,"href":"https:\/\/vevorshop.lv\/lv\/wp-json\/wp\/v2\/media\/425769"}],"wp:attachment":[{"href":"https:\/\/vevorshop.lv\/lv\/wp-json\/wp\/v2\/media?parent=208077"}],"wp:term":[{"taxonomy":"location","embeddable":true,"href":"https:\/\/vevorshop.lv\/lv\/wp-json\/wp\/v2\/location?post=208077"},{"taxonomy":"product_brand","embeddable":true,"href":"https:\/\/vevorshop.lv\/lv\/wp-json\/wp\/v2\/product_brand?post=208077"},{"taxonomy":"product_cat","embeddable":true,"href":"https:\/\/vevorshop.lv\/lv\/wp-json\/wp\/v2\/product_cat?post=208077"},{"taxonomy":"product_tag","embeddable":true,"href":"https:\/\/vevorshop.lv\/lv\/wp-json\/wp\/v2\/product_tag?post=208077"}],"curies":[{"name":"wp","href":"https:\/\/api.w.org\/{rel}","templated":true}]}}