{"id":208563,"date":"2025-10-14T10:53:02","date_gmt":"2025-10-14T07:53:02","guid":{"rendered":"https:\/\/vevorshop.lv\/en_us\/Prece\/vevor-7-in-1-wooden-indoor-jungle-gym-for-toddlers-109x120x119-5-cm-with-slide-swing-ladders-monkey-bars-climbing-wall\/"},"modified":"2026-04-18T10:29:46","modified_gmt":"2026-04-18T07:29:46","slug":"vevor-7-in-1-wooden-indoor-jungle-gym-for-toddlers-109x120x119-5-cm-with-slide-swing-ladders-monkey-bars-climbing-wall","status":"publish","type":"product","link":"https:\/\/vevorshop.lv\/lv\/Prece\/vevor-7-in-1-koka-iekstelpu-dzunglu-trenazieru-zale-maziem-berniem-109x120x119-5-cm-ar-slidosam-supolem-pertiku-stieni-kapsanas-siena\/","title":{"rendered":"VEVOR 7-in-1 koka iek\u0161telpu d\u017eung\u013cu sporta komplekss b\u0113rniem, 109x120x119.5 cm, k\u0101p\u0161anas siena, \u0161\u016bpoles, slidkalni\u0146\u0161"},"content":{"rendered":"<div style=\"color: #fff!important; font-size: 16px; height: 24px; line-height: 24px; margin-top: -24px; \" class=\"product_original_name\">VEVOR iek\u0161telpu d\u017eung\u013cu trena\u017eieru z\u0101le, 7-in-1 Toddler iek\u0161telpu rota\u013cu laukums, 109 x 120 x 119,5 cm, ar koka un virvju k\u0101pn\u0113m, t\u012bkla k\u0101pn\u0113m, \u0161\u016bpol\u0113m, p\u0113rti\u0137u b\u0101ru, slidkalni\u0146u, k\u0101p\u0161anas sienu, koka iek\u0161telpu k\u0101p\u0161anas rota\u013cliet\u0101m b\u0113rniem<\/div>\n<div style=\"color: #fff!important; font-size: 16px; height: 24px; line-height: 24px; margin-top: -24px; \" class=\"product_sku\">MGQ9KK15<\/div>\n<div style=\"color: #fff!important; font-size: 16px; height: 24px; line-height: 24px; margin-top: -24px; \" class=\"product_mpn\">ETSNYLCYMSQH15S1A001V0<\/div><div id=\"js-DM_at-goodDescRich\"><html><head><style>  body {    font-family: Arial;    line-height: 1.5;    color: #1c1c1c;    overflow-x: hidden;    margin: 0;    padding: 0;  }  .MsoNormal b {    font-weight: bolder;  }<\/style><style>  .container.small {    width: 970px;    margin: 0 auto;  }  .logo {    margin: 0 auto 0;  }  .logo img {    display: block;    margin: 0 auto;    max-width: 100%;  }  .logo .pc-banner {    display: block;    width: 1200px;    height: 247.4px;    margin: 0 auto;  }  .logo .pc-banner.small {    width: 970px;  }  .logo .pc-banner.small img {    height: auto!important;  }  .logo .m-banner {    display: none;  }  .ytvideo {    position: relative;    height: 546px;    width: 100%;    margin: 0 auto;  }  .ytvideo img {    width: 100%;    margin: 0 auto;  }  .ytvideo .play-btn {    width: 60px;    height: 42px;    position: absolute;    top: 50%;    left: 50%;    transform: translate(-50%, -50%);    background: url(\"data:image\/png;base64,iVBORw0KGgoAAAANSUhEUgAAAGQAAABGCAMAAAANWMFbAAAC+lBMVEUAAADBGB3kLCfBGB3kLCfcJC7BFx3KKSbiKybkLCbWJCPSIiLSIiLPICHAFx3kLCfgKSXNHiDZJiTIGx\/p4eHcjo7LHSDbJyTkLCbjKyfOHyHPIiL28fHJHB\/GGh7EGR7eKCXDGB3RISHlLSbBGB3AFxzGHB7DGB7BGB3hKybkKybAFx3lLCfAFxzDGR3hKibDGB7cJyTmz8\/elJTlwcHjurrUIyLlLSflLSfAFx3DGR7lLSfCFx3hKibhKibhKybjKybkLCblLSfbJSX49vbx7e3NNzjNMTLMJyjVIyLZf3\/ZQ0LaeHjx0tLgoqLkLCfCGB3HGx\/BGB3BFx3PICHCGB7WJCLOHyC\/Fxy\/Fx3lLCfQISHkLSe\/FxzbJiTBFx3FGx\/AGB7BFx3EGR7AGB3HHSDfKiXAFh3TISHYNzbhKibbJyTTIiL57e325+f039\/v2NjUV1fOHiHiqanfmprch4feKSXVIyPOICHmLibFGh\/mLSe\/Fx7XJCPeKSXXJSPNHyHaJyTGGh7lLCbmLCflLSjSIiLkLCbdKSXLHiC\/GB3KHh++Fh3lKyfoLiXcKCPkx8fYb2\/XaGfVXl3aU1LLHiDksbHgKibPICHbJyTfKSXbJyTCGB3KHSDiKybFGh7TIiL\/\/\/\/VIyPRISHIHB\/GGx\/HHB\/DGR7gKibdKCXLHiDZJiTMHiDNHyHYJSTOICHPICHWJCPcKCXXJSPjLCblLCf+\/f3NGR\/uLijzLynPGR\/IGB7WISHaIyLLGh7UAADxLynNAADRLzDbICLQAADIAAD3MCrUHSHXMTDpKSbLAADp5OTij4\/ejo\/VLy\/1LyngJSTcJCPQHx\/OHB7+\/PzaMS\/OLS\/vLijrLSjSAADaNTPwLyjkKSbNJCbYISHPHB\/KGB7WAAD7+vrn3d3aKynTKCjoLCfsKifRGh\/YAADq5+fhjo7QNDXXKCfmJyXt5+fTLzDLLi\/QKivYHRvMGBrQJCXLISPMExXLDxLaEAvkkI\/bOTfaFQ\/SCgpvLcnHAAAAmnRSTlMA+vv7+gT9Bvf9+8z8\/NSv\/Pr5+P7++vnQIBMP\/v38\/Pn348XDiCYf9OjbzcqxXVcx\/fz8+\/rj1r2poo1+fXFqX0orGP7+\/v7+\/fz8+\/r68uzn4trIxsG\/vri3p6GcmZSNbWVYUUZEPQv+\/f39+\/v7+\/v7+vr64tvV1NTTz87FtbSurqeblJKFg4B3bUY+NjL7+\/v7+\/v67t1cDo8JLQAABkRJREFUWMO0kz9rwkAYh0OIeJkum6YugUAhISCdKoj\/P4C7SMdS+gEKIhSKil10LSg4mzXkILdlEpxCpwTiWOLX6BujvQaEQuGeHLnL+\/64J+SIcKGYTYWnntpdLjrVdqvZmNdn0+EE40GtpuuWVS6Xx6N7YDSGpWXpeq02wHgynM7q80az1a52HpddtVcpsi1zFARBrdaxbhp9iUReTGmwA4KAAr7vx3EYejnCMI6hQYEgy0LQi4jUN0wL19vqFcUC9\/1dAKmEEFkWRYkh5oBejnxQJiSJPJ\/uKBp0Thszx9Mw8hMRIQjKsptCfuES9zr5WJY6vSFCIvE9fCMUmEM1A1kSXcYGxgVYsvI1IPKTZciSTI0us\/SMGG04gDzELDoFBwdcFJrF88dqgYMTiL6DILWYyfOWE8\/kIz38olCNlC03FK95+imxp6y4oUSvAnBjHHhKNtotSDqJzVFiK8c2SBqhZtsrTtgrLXwAyduxZHNE26eHUt5rtuM4WSmds3G+sUdWYo1L+XyxButoh5eKUHk5lByO3G1LqqCWVnfrv\/lyPtf\/4ps1cndNGIri8J1TJ0lx6dR\/oPjq1nbRwdp2dCk4CtIOLW3pVKRL6WZfS5vF2KkIQhpwSsjiYIgNCs1gEMGqiIq24NQX9NwoXFy8Ufrl3twTcg4fv8T9\/JBEySduj6Mjm4bMzYV7EEOxKjjoNDud7yY3Dy71Hq2oLmqfbNR723edH9PgMrNL2utoQ3VmaIDkiw\/4w51P06hlZsTZvkRrbVuSIs\/zwSOsycgzStQouoAkWQqioRT5XI7n2Z1wfVhoZmcAJLsoqjqpjbWCgpOAJXBwHK8PzWbNvoUZJND5wCnSkLAkZ1legx6vqQzjoiTahKlGUGLAiIIoABOHaNVw4sexZBym6\/HWlH5h3IC7yRbxtipcWxdTOkORKiNQAEkFf66x5S2oeRbroOlLgg0sSYkR0hRGEqJZ0jTPiQKatESdBckpWigxaapEH0lImHdWu9pUFF2XqMNM2Z4kped7IwEJw2qabwtrQqnpw6HyKkgcadKWsmpywwesDyIhYRpdzXddqegtGIJlXbAIUMOLkGxJUjRIkokwjUaX9d\/kK62ps\/tYUqZLIMkLTyBhsMZ3C5Z\/kDxOSCb\/DOs\/\/J0qcWSX\/2ipe56EgTCA4\/cB7NAYOsni4mZM1MUPAISoEwkDi4lhVBQ1cWQyIcwalw4EpqZN68JUSK7XC0kTlkLYii5uXSC8jT5ncCAS7mjCv0uHp\/3lueHEEAeQ\/\/VgmdN71\/2uCSA1Xr6DO6uI6sW56zqT2tp2PhgiRUAajV8CY2fkcz6WGNKMgLAt7tJAhD4YHMTeRxlALE6+43WqjSWi8ITxyJl8WrwWSNESQZZOqhDDntO3hJLsd5RtSpbJqdv3YrDJH3F7jL1R2O2aQkn2MyCyKYz0GPGIvSAMgBCrCEiJyKbBaYGwLW4uPRr0A0M4Ux5kUI7IBh+hMdiCEWNqhMZGyYMsOgNE58UQuEQeUnSWCMYwL54hkxK6IoqucQZbQ3pc3XtL0lky1dL0zZJJDpWJovFqpWj6JEHnyam2eQp5QRVAVHjWparTOaVwUOx99YS2MvgxIGV0bb+qIg2HX2qkFFJB+XZcbLiuRkuxD9GRroKyveLxdh4d7Orx+hb7qc3uVRuEogCOnyIxm4ubUoPgF4jianDrC+SDQDKEfJb0GUKmjCGPYHGJvVC6X4hw1\/sAfQAdfYyephIaspXe36RwOP+Ljvfx9B6B3i+Nk0DGq+oCbLn6JpBa9nWAveAIHwFAwtVcIJXPMPL8kRu5OAYPMaL1WScTxjiZDqB9LTJSWphow\/pTYKRTLjCBhvi9iBidvKcDasGSm0QQkycYuLBqj6QCELPctqChDWpTRMWkngNNpQ1Pfp1KkiT\/Y0DGffXAweUNfLAfaJFKDwhb6I+bkYRbkERoEeu3Fyjg2opMz2daZCS9jt6Q7txNfB+OZEVF6Zl5web2xunnLQrtrjXseXKaFYziYINeMFZVxS9VxRhOoesYwxPKXm+gWLG9cuFeq93UNNeJNsf1KlwuDok9n02n3TgIJpOxNfL9naIoQwXtfH9kjceTIIi709ncTg6LZbg+biLH1V6u\/7rxBem06VXKn9raAAAAAElFTkSuQmCC\")      no-repeat center center \/ contain;  }  @media screen and (max-width: 960px) and (orientation: portrait) {    .logo {      width: 100%;    }    .logo .pc-banner {      display: none;    }    .logo .m-banner {      display: block;      width: 100%;    }    .logo .m-banner img {      height: auto!important;    }    .ytvideo {      height: 200px;      width: 100%;    }  }<\/style><style>  .video-section {    width: 100%;    margin: 0 auto;  }  .video-section > img {    width: 100%;  }  .video-section iframe,  .video-section video {    width: 100%;    height: 100%;      }  .video-section-img-m,  .video-section-img-pc > img {    width: 100%;    height: auto;  }  .video-section-img-pc.small > img {    width: 970px;  }  .video-desc {    line-height: 1.5;    font-size: 20px;    font-weight: 400;    margin: 20px 0;    text-align: center;    color: #0f1111;    word-break: break-word;  }  @media screen and (max-width: 960px) and (orientation: portrait) {    .video-section {      width: 100%;    }    .video-section-pc,    .video-section-img-pc {      display: none;    }    .video-section-m,    .video-section-img-m {      display: block;    }    .video-desc {      font-size: 15px;    }  }  @media screen and (min-width: 960px) {    .video-section {      width: 100%;      margin: 0 auto;    }    .video-section-pc,    .video-section-img-pc {      display: block;    }    .video-section-m,    .video-section-img-m {      display: none;    }    .video-desc {      font-size: 20px;    }  }<\/style><style>  .section + .section {    margin-top: 35px;  }  .section-title {    text-align: center;    font-weight: bold;    color: #0d1111;    font-family: \"Arial\";    font-size: 32px;    margin: 15px 0;  }  .section-title:empty {    display: none;  }  .section-desc {    text-align: center;    font-weight: normal;    color: #0d1111;    margin-top: 20px;  }  .section-desc:empty {    display: none;  }  .section-img {    width: 1200px;    height: 492px;    margin: 0 auto;    display: block;  }  .section-img.small {    width: 970px;    height: auto;  }  .section-img.small > img {    height: auto;  }  .section-img > img {    width: 100%;    height: 100%;  }  .section-mobile-img {    display: none;    max-width: 100vw;    max-height: 75vw;    height: 450px;    margin: 0 auto;  }  .section-mobile-img > img {    width: 100%;    height: 100%;  }  @media screen and (max-width: 960px) and (orientation: portrait) {    .container {      width: 100%;    }    .container.small {      width: 100%;    }    .section-mobile-img {      display: block;    }    .section-img {      display: none;    }    .section-title {      font-size: 22px;      margin: 10px 0;    }    .section-desc {      margin-top: 10px;    }    .section + .section {      margin-top: 20px;    }  }<\/style><\/head><body><div class=\"container\"><div class=\"logo\"><div class=\"pc-banner\"><div><img decoding=\"async\" src=\"\/vevor\/vevor\/boutique-banner\/pc\/en-pc@1x.jpg\" style=\"width: 100%;\" \/><\/div><\/div><div class=\"m-banner\"><div><img decoding=\"async\" src=\"\/vevor\/vevor\/boutique-banner\/mobile\/en-m@1x.jpg\" style=\"width: 100%;\" \/><\/div><\/div><\/div><div class=\"section-title\">Izp\u0113tiet bezgal\u012bgos iek\u0161telpu piedz\u012bvojumus, izmantojot m\u016bsu iek\u0161telpu d\u017eung\u013cu sporta z\u0101li<\/div><div class=\"video-section\"><div class=\"video-section-img-pc\"><img decoding=\"async\" src=\"\/vevor\/product\/ETSNYLCYMSQH15S1A001\/indoor-playground-a100-1.4.jpg\" \/><\/div><div class=\"video-section-img-m\"><img decoding=\"async\" src=\"\/vevor\/product\/ETSNYLCYMSQH15S1A001\/indoor-playground-a100-1.4-m.jpg\" \/><\/div><div class=\"section-desc\">M\u016bsu daudzpus\u012bg\u0101 iek\u0161telpu d\u017eung\u013cu sporta z\u0101le, kas veidota t\u0101, lai taj\u0101 var\u0113tu ietilpt l\u012bdz 300 m\u0101rci\u0146\u0101m\/136 kg, atbalsta vair\u0101ku b\u0113rnu k\u0101p\u0161anu kop\u0101, veicinot komandas darbu, sazi\u0146u un akt\u012bvu izklaidi. T\u0101s iztur\u012bgais dizains \u013cauj izvair\u012bties no sv\u0101rst\u012bb\u0101m, nodro\u0161inot dro\u0161u un stabilu sp\u0113les laika pieredzi.<\/div><\/div><div class=\"section\"><div class=\"section-title\"><\/div><div class=\"section-img\"><img decoding=\"async\" src=\"\/vevor\/product\/ETSNYLCYMSQH15S1A001\/indoor-playground-a100-2.2.jpg\" \/><\/div><div class=\"section-mobile-img\"><img decoding=\"async\" src=\"\/vevor\/product\/ETSNYLCYMSQH15S1A001\/indoor-playground-a100-2.2-m.jpg\" \/><\/div><div class=\"section-desc\">M\u016bsu daudzfunkcion\u0101laj\u0101 iek\u0161telpu rota\u013cu laukumu komplekt\u0101 ir koka k\u0101pnes, virvju k\u0101pnes, t\u012bkla k\u0101pnes, \u0161\u016bpoles, p\u0113rti\u0137u stie\u0146i, slidkalni\u0146\u0161 un k\u0101p\u0161anas siena. Katrs gabals sniedz unik\u0101lus izaicin\u0101jumus, iedvesmojot b\u0113rnus palikt akt\u012bviem, izp\u0113t\u012bt un rosin\u0101t savu rado\u0161umu rota\u013c\u0101s.<\/div><\/div><div class=\"section\"><div class=\"section-title\"><\/div><div class=\"section-img\"><img decoding=\"async\" src=\"\/vevor\/product\/ETSNYLCYMSQH15S1A001\/indoor-playground-a100-2.3.jpg\" \/><\/div><div class=\"section-mobile-img\"><img decoding=\"async\" src=\"\/vevor\/product\/ETSNYLCYMSQH15S1A001\/indoor-playground-a100-2.3-m.jpg\" \/><\/div><div class=\"section-desc\">Izgatavota no augstas kvalit\u0101tes mas\u012bvkoka, m\u016bsu toddler trena\u017eieru z\u0101le nodro\u0161ina dro\u0161u rota\u013cu telpu, kas ir viegli t\u012br\u0101ma.Katram gabalam ir gludas, noapa\u013cotas malas un r\u016bp\u012bgi kr\u0101sota apdare, lai izvair\u012btos no skr\u0101p\u0113jumiem un traum\u0101m sp\u0113les laik\u0101.<\/div><\/div><div class=\"section\"><div class=\"section-title\"><\/div><div class=\"section-img\"><img decoding=\"async\" src=\"\/vevor\/product\/ETSNYLCYMSQH15S1A001\/indoor-playground-a100-2.4.jpg\" \/><\/div><div class=\"section-mobile-img\"><img decoding=\"async\" src=\"\/vevor\/product\/ETSNYLCYMSQH15S1A001\/indoor-playground-a100-2.4-m.jpg\" \/><\/div><div class=\"section-desc\">Katra deta\u013ca ir veidota, \u0146emot v\u0113r\u0101 j\u016bsu b\u0113rna dro\u0161\u012bbu. T\u012bkls virs p\u0113rti\u0137u stie\u0146iem pal\u012bdz izvair\u012bties no nejau\u0161iem kritieniem, savuk\u0101rt \u0161\u016bpo\u013cu atzveltne palielina stabilit\u0101ti un samazina apg\u0101\u0161an\u0101s risku, lai b\u0113rni var\u0113tu br\u012bvi un dro\u0161i sp\u0113l\u0113ties.<\/div><\/div><div class=\"section\"><div class=\"section-title\"><\/div><div class=\"section-img\"><img decoding=\"async\" src=\"\/vevor\/product\/ETSNYLCYMSQH15S1A001\/indoor-playground-a100-2.5.jpg\" \/><\/div><div class=\"section-mobile-img\"><img decoding=\"async\" src=\"\/vevor\/product\/ETSNYLCYMSQH15S1A001\/indoor-playground-a100-2.5-m.jpg\" \/><\/div><div class=\"section-desc\">Ar savu daudzfunkcion\u0101lo dizainu m\u016bsu b\u0113rnu iek\u0161telpu rota\u013cu laukums ir piem\u0113rots da\u017e\u0101diem iestat\u012bjumiem \u2014 rota\u013cu istab\u0101m, pirmsskolas izgl\u012bt\u012bbas iest\u0101d\u0113m, rota\u013cu laukumiem vai j\u016bsu m\u0101j\u0101m. Neatkar\u012bgi no t\u0101, vai m\u016bsu d\u017eung\u013cu sporta z\u0101le ir skol\u0101 vai iek\u0161telp\u0101s, t\u0101 sniedz nep\u0101rtrauktus jautrus un akt\u012bvus izaicin\u0101jumus augo\u0161iem b\u0113rniem.<\/div><\/div><div class=\"section\"><div class=\"section-img\"><img decoding=\"async\" src=\"\/vevor\/product\/ETSNYLCYMSQH15S1A001\/indoor-playground-a100-1.11.jpg\" \/><\/div><div class=\"section-mobile-img\"><img decoding=\"async\" src=\"\/vevor\/product\/ETSNYLCYMSQH15S1A001\/indoor-playground-a100-1.11-m.jpg\" \/><\/div><\/div><\/div><\/body><\/html><\/div>\n<div class=\"DM_at-title\" id=\"js-DM_at-title\"> <div>Produkta specifik\u0101cija<\/div> <i class=\"icon-arrowup_line\"><\/i> <\/div><div class=\"DM_at-goodsDescAttr\" id=\"js-DM_at-goodsDescAttr\"> <div class=\"DM_at-goodsDescAttrInner\"> <dl class=\"goodsDesc_item goodsDesc_item_even\"> <dt>Preces Mode\u013ca Numurs<\/dt> <dd> SX20211006M<\/dd> <\/dl> <dl class=\"goodsDesc_item\"> <dt>Materi\u0101ls<\/dt> <dd> Mas\u012bvkoks<\/dd> <\/dl> <dl class=\"goodsDesc_item goodsDesc_item_even\"> <dt>Galven\u0101 r\u0101mja maksim\u0101l\u0101 slodze<\/dt> <dd> 300 m\u0101rci\u0146as \/ 136 kg<\/dd> <\/dl> <dl class=\"goodsDesc_item\"> <dt>Galvenais materi\u0101ls<\/dt> <dd> Priedes koksne + plastmasa<\/dd> <\/dl> <\/div> <\/div>","protected":false},"excerpt":{"rendered":"<ul>\n<li> Liela svara ietilp\u012bba grupu sp\u0113l\u0113m: m\u016bsu iek\u0161telpu d\u017eung\u013cu trena\u017eieru z\u0101le, kas tiek p\u0101rbaud\u012bta, lai atbalst\u012btu l\u012bdz 300 m\u0101rci\u0146\u0101m, \u013cauj vair\u0101kiem b\u0113rniem vienlaikus dro\u0161i sp\u0113l\u0113t. T\u0101 veicina komandas darbu, uzlabo roku un acu koordin\u0101ciju, palielina sp\u0113ku un uzlabo soci\u0101l\u0101s prasmes, vienlaikus izklaid\u0113joties <\/li>\n<li> 7-in-1 rota\u013cu laukums bezgal\u012bgai izklaidei: m\u016bsu iek\u0161telpu rota\u013cu laukum\u0101 ir koka k\u0101pnes, virvju k\u0101pnes, t\u012bkla k\u0101pnes, \u0161\u016bpoles, p\u0113rti\u0137u stie\u0146i, slidkalni\u0146\u0161 un k\u0101p\u0161anas siena - viss vien\u0101 komplekt\u0101! \u0160is aizraujo\u0161ais izk\u0101rtojums iedvesmo b\u0113rnus kust\u0113ties, iedom\u0101ties un izp\u0113t\u012bt jaunos veidos <\/li>\n<li> Mas\u012bvkoka konstrukcija: izgatavots no 100% mas\u012bvkoka ar noapa\u013cot\u0101m mal\u0101m bez urbumiem un nekait\u012bgu kr\u0101su, \u0161is mazu\u013cu iek\u0161telpu rota\u013cu laukums ir gluds piesk\u0101rienam un dro\u0161s b\u0113rniem.b\u016bv\u0113ts t\u0101, lai tas b\u016btu iztur\u012bgs un paredz\u0113ts ekoapzi\u0146as un komforta kop\u0161anai <\/li>\n<li> Uzlabota dro\u0161\u012bba mieram: mazu\u013cu trena\u017eieru z\u0101le ir veidota ar papildu dro\u0161\u012bbu, piem\u0113ram, t\u012bklu virs p\u0113rti\u0137u stie\u0146iem un atzveltni uz \u0161\u016bpoles s\u0113dek\u013ca, lai izvair\u012btos no apg\u0101\u0161an\u0101s. Katra deta\u013ca ir izgatavota, lai samazin\u0101tu risku, nodro\u0161inot b\u0113rnam dro\u0161u vietu izp\u0113tei <\/li>\n<li> Ide\u0101li piem\u0113rots jebkurai rota\u013cu telpai: no m\u0101j\u0101m l\u012bdz skol\u0101m, rota\u013cu istab\u0101m l\u012bdz pagalmiem, \u0161\u012b iek\u0161telpu k\u0101p\u0161anas trena\u017eieru z\u0101le iederas bez piep\u016bles. Viegli uzst\u0101d\u012bt un piel\u0101got, t\u0101 p\u0101rv\u0113r\u0161 jebkuru telpu par akt\u012bvu, rado\u0161u rota\u013cu laukumu j\u016bsu b\u0113rna att\u012bst\u012bbai <\/li>\n<\/ul>","protected":false},"featured_media":426201,"comment_status":"open","ping_status":"open","template":"","meta":{"om_disable_all_campaigns":false,"_uf_show_specific_survey":0,"_uf_disable_surveys":false},"location":[1935,1934],"product_brand":[],"product_cat":[2223,460,1378],"product_tag":[],"class_list":{"0":"post-208563","1":"product","2":"type-product","3":"status-publish","4":"has-post-thumbnail","6":"location-supplier_stock_location","7":"location-local_stock_location","8":"product_cat-indoor-playground-toys-games-sports-recreation","9":"product_cat-sports-recreation","10":"product_cat-toys-games-sports-recreation","12":"first","13":"instock","14":"taxable","15":"shipping-taxable","16":"purchasable","17":"product-type-simple"},"aioseo_notices":[],"locations":[{"id":1935,"name":"Pieg\u0101d\u0101ja noliktav\u0101 (5-7dd.d)","slug":"supplier_stock_location","quantity":"1"},{"id":1934,"name":"R\u012bgas veikal\u0101 (0-2d.d.)","slug":"local_stock_location","quantity":"0"}],"_links":{"self":[{"href":"https:\/\/vevorshop.lv\/lv\/wp-json\/wp\/v2\/product\/208563","targetHints":{"allow":["GET"]}}],"collection":[{"href":"https:\/\/vevorshop.lv\/lv\/wp-json\/wp\/v2\/product"}],"about":[{"href":"https:\/\/vevorshop.lv\/lv\/wp-json\/wp\/v2\/types\/product"}],"replies":[{"embeddable":true,"href":"https:\/\/vevorshop.lv\/lv\/wp-json\/wp\/v2\/comments?post=208563"}],"wp:featuredmedia":[{"embeddable":true,"href":"https:\/\/vevorshop.lv\/lv\/wp-json\/wp\/v2\/media\/426201"}],"wp:attachment":[{"href":"https:\/\/vevorshop.lv\/lv\/wp-json\/wp\/v2\/media?parent=208563"}],"wp:term":[{"taxonomy":"location","embeddable":true,"href":"https:\/\/vevorshop.lv\/lv\/wp-json\/wp\/v2\/location?post=208563"},{"taxonomy":"product_brand","embeddable":true,"href":"https:\/\/vevorshop.lv\/lv\/wp-json\/wp\/v2\/product_brand?post=208563"},{"taxonomy":"product_cat","embeddable":true,"href":"https:\/\/vevorshop.lv\/lv\/wp-json\/wp\/v2\/product_cat?post=208563"},{"taxonomy":"product_tag","embeddable":true,"href":"https:\/\/vevorshop.lv\/lv\/wp-json\/wp\/v2\/product_tag?post=208563"}],"curies":[{"name":"wp","href":"https:\/\/api.w.org\/{rel}","templated":true}]}}