{"id":21102,"date":"2024-11-18T06:31:41","date_gmt":"2024-11-18T06:31:41","guid":{"rendered":"http:\/\/vevorshop.edigo.lv\/Prece\/vevor-metal-detector-pinpointer-ip68-waterproof-handheld-detector-wand-with-lcd\/"},"modified":"2026-05-09T22:58:23","modified_gmt":"2026-05-09T19:58:23","slug":"vevor-metal-detector-pinpointer-ip68-waterproof-handheld-detector-wand-with-lcd","status":"publish","type":"product","link":"https:\/\/vevorshop.lv\/lv\/Prece\/vevor-metala-detektors-pinpointer-ip68-udensizturigs-rokas-detektors-ar-lcd-ekranu\/","title":{"rendered":"VEVOR \u016adensiztur\u012bgs Met\u0101la Detektora Pinpointeris ar LCD, 11.4cm Dzi\u013cums, 3 Re\u017e\u012bmi, Maksts un Baterija, Pieaugu\u0161ajiem un B\u0113rniem"},"content":{"rendered":"<div style=\"color: #fff!important; font-size: 16px; height: 24px; line-height: 24px; margin-top: -24px; \" class=\"product_original_name\">VEVOR Metal Detector Pinpointer, IP68 Fully Waterproof Handheld Pin Pointer Wand, 114mm\/4.5\" Detection Depth, 3 Modes, LCD Screen, Treasure Hunting Probe with Holster and 9V Battery, for Adults and Kids<\/div>\n<div style=\"color: #fff!important; font-size: 16px; height: 24px; line-height: 24px; margin-top: -24px; \" class=\"product_sku\">M4I4KO41<\/div>\n<div style=\"color: #fff!important; font-size: 16px; height: 24px; line-height: 24px; margin-top: -24px; \" class=\"product_mpn\">JCKJSTCBSIP62MUFKV9<\/div><div id=\"js-DM_at-goodDescRich\"><html><head><style>  body {    font-family: Arial;    line-height: 1.5;    color: #1c1c1c;    overflow-x: hidden;    margin: 0;    padding: 0;  }  .MsoNormal b {    font-weight: bolder;  }<\/style><style>  .container.small {    width: 970px;    margin: 0 auto;  }  .logo {    margin: 0 auto 0;  }  .logo img {    display: block;    margin: 0 auto;    max-width: 100%;  }  .logo .pc-banner {    display: block;    width: 1200px;    height: 247.4px;    margin: 0 auto;  }  .logo .pc-banner.small {    width: 970px;  }  .logo .pc-banner.small img {    height: auto!important;  }  .logo .m-banner {    display: none;  }  .ytvideo {    position: relative;    height: 546px;    width: 100%;    margin: 0 auto;  }  .ytvideo img {    width: 100%;    margin: 0 auto;  }  .ytvideo .play-btn {    width: 60px;    height: 42px;    position: absolute;    top: 50%;    left: 50%;    transform: translate(-50%, -50%);    background: url(\"data:image\/png;base64,iVBORw0KGgoAAAANSUhEUgAAAGQAAABGCAMAAAANWMFbAAAC+lBMVEUAAADBGB3kLCfBGB3kLCfcJC7BFx3KKSbiKybkLCbWJCPSIiLSIiLPICHAFx3kLCfgKSXNHiDZJiTIGx\/p4eHcjo7LHSDbJyTkLCbjKyfOHyHPIiL28fHJHB\/GGh7EGR7eKCXDGB3RISHlLSbBGB3AFxzGHB7DGB7BGB3hKybkKybAFx3lLCfAFxzDGR3hKibDGB7cJyTmz8\/elJTlwcHjurrUIyLlLSflLSfAFx3DGR7lLSfCFx3hKibhKibhKybjKybkLCblLSfbJSX49vbx7e3NNzjNMTLMJyjVIyLZf3\/ZQ0LaeHjx0tLgoqLkLCfCGB3HGx\/BGB3BFx3PICHCGB7WJCLOHyC\/Fxy\/Fx3lLCfQISHkLSe\/FxzbJiTBFx3FGx\/AGB7BFx3EGR7AGB3HHSDfKiXAFh3TISHYNzbhKibbJyTTIiL57e325+f039\/v2NjUV1fOHiHiqanfmprch4feKSXVIyPOICHmLibFGh\/mLSe\/Fx7XJCPeKSXXJSPNHyHaJyTGGh7lLCbmLCflLSjSIiLkLCbdKSXLHiC\/GB3KHh++Fh3lKyfoLiXcKCPkx8fYb2\/XaGfVXl3aU1LLHiDksbHgKibPICHbJyTfKSXbJyTCGB3KHSDiKybFGh7TIiL\/\/\/\/VIyPRISHIHB\/GGx\/HHB\/DGR7gKibdKCXLHiDZJiTMHiDNHyHYJSTOICHPICHWJCPcKCXXJSPjLCblLCf+\/f3NGR\/uLijzLynPGR\/IGB7WISHaIyLLGh7UAADxLynNAADRLzDbICLQAADIAAD3MCrUHSHXMTDpKSbLAADp5OTij4\/ejo\/VLy\/1LyngJSTcJCPQHx\/OHB7+\/PzaMS\/OLS\/vLijrLSjSAADaNTPwLyjkKSbNJCbYISHPHB\/KGB7WAAD7+vrn3d3aKynTKCjoLCfsKifRGh\/YAADq5+fhjo7QNDXXKCfmJyXt5+fTLzDLLi\/QKivYHRvMGBrQJCXLISPMExXLDxLaEAvkkI\/bOTfaFQ\/SCgpvLcnHAAAAmnRSTlMA+vv7+gT9Bvf9+8z8\/NSv\/Pr5+P7++vnQIBMP\/v38\/Pn348XDiCYf9OjbzcqxXVcx\/fz8+\/rj1r2poo1+fXFqX0orGP7+\/v7+\/fz8+\/r68uzn4trIxsG\/vri3p6GcmZSNbWVYUUZEPQv+\/f39+\/v7+\/v7+vr64tvV1NTTz87FtbSurqeblJKFg4B3bUY+NjL7+\/v7+\/v67t1cDo8JLQAABkRJREFUWMO0kz9rwkAYh0OIeJkum6YugUAhISCdKoj\/P4C7SMdS+gEKIhSKil10LSg4mzXkILdlEpxCpwTiWOLX6BujvQaEQuGeHLnL+\/64J+SIcKGYTYWnntpdLjrVdqvZmNdn0+EE40GtpuuWVS6Xx6N7YDSGpWXpeq02wHgynM7q80az1a52HpddtVcpsi1zFARBrdaxbhp9iUReTGmwA4KAAr7vx3EYejnCMI6hQYEgy0LQi4jUN0wL19vqFcUC9\/1dAKmEEFkWRYkh5oBejnxQJiSJPJ\/uKBp0Thszx9Mw8hMRIQjKsptCfuES9zr5WJY6vSFCIvE9fCMUmEM1A1kSXcYGxgVYsvI1IPKTZciSTI0us\/SMGG04gDzELDoFBwdcFJrF88dqgYMTiL6DILWYyfOWE8\/kIz38olCNlC03FK95+imxp6y4oUSvAnBjHHhKNtotSDqJzVFiK8c2SBqhZtsrTtgrLXwAyduxZHNE26eHUt5rtuM4WSmds3G+sUdWYo1L+XyxButoh5eKUHk5lByO3G1LqqCWVnfrv\/lyPtf\/4ps1cndNGIri8J1TJ0lx6dR\/oPjq1nbRwdp2dCk4CtIOLW3pVKRL6WZfS5vF2KkIQhpwSsjiYIgNCs1gEMGqiIq24NQX9NwoXFy8Ufrl3twTcg4fv8T9\/JBEySduj6Mjm4bMzYV7EEOxKjjoNDud7yY3Dy71Hq2oLmqfbNR723edH9PgMrNL2utoQ3VmaIDkiw\/4w51P06hlZsTZvkRrbVuSIs\/zwSOsycgzStQouoAkWQqioRT5XI7n2Z1wfVhoZmcAJLsoqjqpjbWCgpOAJXBwHK8PzWbNvoUZJND5wCnSkLAkZ1legx6vqQzjoiTahKlGUGLAiIIoABOHaNVw4sexZBym6\/HWlH5h3IC7yRbxtipcWxdTOkORKiNQAEkFf66x5S2oeRbroOlLgg0sSYkR0hRGEqJZ0jTPiQKatESdBckpWigxaapEH0lImHdWu9pUFF2XqMNM2Z4kped7IwEJw2qabwtrQqnpw6HyKkgcadKWsmpywwesDyIhYRpdzXddqegtGIJlXbAIUMOLkGxJUjRIkokwjUaX9d\/kK62ps\/tYUqZLIMkLTyBhsMZ3C5Z\/kDxOSCb\/DOs\/\/J0qcWSX\/2ipe56EgTCA4\/cB7NAYOsni4mZM1MUPAISoEwkDi4lhVBQ1cWQyIcwalw4EpqZN68JUSK7XC0kTlkLYii5uXSC8jT5ncCAS7mjCv0uHp\/3lueHEEAeQ\/\/VgmdN71\/2uCSA1Xr6DO6uI6sW56zqT2tp2PhgiRUAajV8CY2fkcz6WGNKMgLAt7tJAhD4YHMTeRxlALE6+43WqjSWi8ITxyJl8WrwWSNESQZZOqhDDntO3hJLsd5RtSpbJqdv3YrDJH3F7jL1R2O2aQkn2MyCyKYz0GPGIvSAMgBCrCEiJyKbBaYGwLW4uPRr0A0M4Ux5kUI7IBh+hMdiCEWNqhMZGyYMsOgNE58UQuEQeUnSWCMYwL54hkxK6IoqucQZbQ3pc3XtL0lky1dL0zZJJDpWJovFqpWj6JEHnyam2eQp5QRVAVHjWparTOaVwUOx99YS2MvgxIGV0bb+qIg2HX2qkFFJB+XZcbLiuRkuxD9GRroKyveLxdh4d7Orx+hb7qc3uVRuEogCOnyIxm4ubUoPgF4jianDrC+SDQDKEfJb0GUKmjCGPYHGJvVC6X4hw1\/sAfQAdfYyephIaspXe36RwOP+Ljvfx9B6B3i+Nk0DGq+oCbLn6JpBa9nWAveAIHwFAwtVcIJXPMPL8kRu5OAYPMaL1WScTxjiZDqB9LTJSWphow\/pTYKRTLjCBhvi9iBidvKcDasGSm0QQkycYuLBqj6QCELPctqChDWpTRMWkngNNpQ1Pfp1KkiT\/Y0DGffXAweUNfLAfaJFKDwhb6I+bkYRbkERoEeu3Fyjg2opMz2daZCS9jt6Q7txNfB+OZEVF6Zl5web2xunnLQrtrjXseXKaFYziYINeMFZVxS9VxRhOoesYwxPKXm+gWLG9cuFeq93UNNeJNsf1KlwuDok9n02n3TgIJpOxNfL9naIoQwXtfH9kjceTIIi709ncTg6LZbg+biLH1V6u\/7rxBem06VXKn9raAAAAAElFTkSuQmCC\")      no-repeat center center \/ contain;  }  @media screen and (max-width: 960px) and (orientation: portrait) {    .logo {      width: 100%;    }    .logo .pc-banner {      display: none;    }    .logo .m-banner {      display: block;      width: 100%;    }    .logo .m-banner img {      height: auto!important;    }    .ytvideo {      height: 200px;      width: 100%;    }  }<\/style><style>  .video-section {    width: 100%;    margin: 0 auto;  }  .video-section > img {    width: 100%;  }  .video-section iframe,  .video-section video {    width: 100%;    height: 100%;      }  .video-section-img-m,  .video-section-img-pc > img {    width: 100%;    height: auto;  }  .video-section-img-pc.small > img {    width: 970px;  }  .video-desc {    line-height: 1.5;    font-size: 20px;    font-weight: 400;    margin: 20px 0;    text-align: center;    color: #0f1111;    word-break: break-word;  }  @media screen and (max-width: 960px) and (orientation: portrait) {    .video-section {      width: 100%;    }    .video-section-pc,    .video-section-img-pc {      display: none;    }    .video-section-m,    .video-section-img-m {      display: block;    }    .video-desc {      font-size: 15px;    }  }  @media screen and (min-width: 960px) {    .video-section {      width: 100%;      margin: 0 auto;    }    .video-section-pc,    .video-section-img-pc {      display: block;    }    .video-section-m,    .video-section-img-m {      display: none;    }    .video-desc {      font-size: 20px;    }  }<\/style><style>  .section + .section {    margin-top: 35px;  }  .section-title {    text-align: center;    font-weight: bold;    color: #0d1111;    font-family: \"Arial\";    font-size: 32px;    margin: 15px 0;  }  .section-title:empty {    display: none;  }  .section-desc {    text-align: center;    font-weight: normal;    color: #0d1111;    margin-top: 20px;  }  .section-desc:empty {    display: none;  }  .section-img {    width: 1200px;    height: 492px;    margin: 0 auto;    display: block;  }  .section-img.small {    width: 970px;    height: auto;  }  .section-img.small > img {    height: auto;  }  .section-img > img {    width: 100%;    height: 100%;  }  .section-mobile-img {    display: none;    max-width: 100vw;    max-height: 75vw;    height: 450px;    margin: 0 auto;  }  .section-mobile-img > img {    width: 100%;    height: 100%;  }  @media screen and (max-width: 960px) and (orientation: portrait) {    .container {      width: 100%;    }    .container.small {      width: 100%;    }    .section-mobile-img {      display: block;    }    .section-img {      display: none;    }    .section-title {      font-size: 22px;      margin: 10px 0;    }    .section-desc {      margin-top: 10px;    }    .section + .section {      margin-top: 20px;    }  }<\/style><\/head><body><div class=\"container\"><div class=\"logo\"><div class=\"pc-banner\"><div><img decoding=\"async\" src=\"\/vevor\/vevor\/boutique-banner\/pc\/en-pc@1x.jpg\" style=\"width: 100%;\" \/><\/div><\/div><div class=\"m-banner\"><div><img decoding=\"async\" src=\"\/vevor\/vevor\/boutique-banner\/mobile\/en-m@1x.jpg\" style=\"width: 100%;\" \/><\/div><\/div><\/div><div class=\"section-title\">Discover More with Our Pinpointer<\/div><div class=\"video-section\"><div class=\"video-section-img-pc\"><img decoding=\"async\" src=\"\/vevor\/product\/JCKJSTCBSIP62MUFK\/metal-detector-a100-1.4.jpg\" alt=\"Zem\u016bdens d\u0101rgumu mekl\u0113\u0161ana, izmantojot VEVOR met\u0101la detektoru \u2014 pinpointeri. Daudzpus\u012bga mekl\u0113\u0161ana no sauszemes l\u012bdz \u016bdenim.\" \/><\/div><div class=\"video-section-img-m\"><img decoding=\"async\" src=\"\/vevor\/product\/JCKJSTCBSIP62MUFK\/metal-detector-a100-1.4-m.jpg\" alt=\"Zem\u016bdens d\u0101rgumu mekl\u0113\u0161ana, izmantojot VEVOR met\u0101la detektoru \u2014 pinpointeri. Daudzpus\u012bga mekl\u0113\u0161ana no sauszemes l\u012bdz \u016bdenim.\" \/><\/div><div class=\"section-desc\">Our metal detector is expertly designed to facilitate underwater exploration in any weather conditions, even during heavy rain. It's versatile enough to be used in various locations, including lakes, rivers, ponds, and oceans.<\/div><\/div><div class=\"section\"><div class=\"section-title\">Precise Detection<\/div><div class=\"section-img\"><img decoding=\"async\" src=\"\/vevor\/product\/JCKJSTCBSIP62MUFK\/metal-detector-a100-2.2.jpg\" alt=\"Oran\u017es VEVOR met\u0101la detektora pinpointeris ar ekr\u0101nu, kur\u0101 uz izpl\u016bdu\u0161a fona redzamas virtu\u0101las noteik\u0161anas l\u012bnijas.\" \/><\/div><div class=\"section-mobile-img\"><img decoding=\"async\" src=\"\/vevor\/product\/JCKJSTCBSIP62MUFK\/metal-detector-a100-2.2-m.jpg\" alt=\"Oran\u017es VEVOR met\u0101la detektora pinpointeris ar ekr\u0101nu, kur\u0101 uz izpl\u016bdu\u0161a fona redzamas virtu\u0101las noteik\u0161anas l\u012bnijas.\" \/><\/div><div class=\"section-desc\">Ar sp\u0113ju \u0101tri noteikt sir\u0113nu un prec\u012bzi not\u0113m\u0113t objektus, j\u016bs varat b\u016bt dro\u0161i, ka neviens d\u0101rgums nepaliks nepaman\u012bts!<\/div><\/div><div class=\"section\"><div class=\"section-title\">Deep Detection Capability<\/div><div class=\"section-img\"><img decoding=\"async\" src=\"\/vevor\/product\/JCKJSTCBSIP62MUFK\/metal-detector-a100-2.3.jpg\" alt=\"VEVOR met\u0101la detektors ar pinpointeri, kas par\u0101da noteik\u0161anas dzi\u013cumu l\u012bdz 4,5 coll\u0101m apraktu d\u0101rgumu atra\u0161anai.\" \/><\/div><div class=\"section-mobile-img\"><img decoding=\"async\" src=\"\/vevor\/product\/JCKJSTCBSIP62MUFK\/metal-detector-a100-2.3-m.jpg\" alt=\"VEVOR met\u0101la detektors ar pinpointeri, kas par\u0101da noteik\u0161anas dzi\u013cumu l\u012bdz 4,5 coll\u0101m apraktu d\u0101rgumu atra\u0161anai.\" \/><\/div><div class=\"section-desc\">With a 4.5-inch detection depth, our gold detector doesn't just find surface metals; it also uncovers long-buried treasures hidden beneath the earth's surface.<\/div><\/div><div class=\"section\"><div class=\"section-title\">3 izp\u0113tes re\u017e\u012bmi<\/div><div class=\"section-img\"><img decoding=\"async\" src=\"\/vevor\/product\/JCKJSTCBSIP62MUFK\/metal-detector-a100-2.4.jpg\" alt=\"roka izmanto VEVOR met\u0101la detektoru-pinpointeri uz akme\u0146ainas zemes me\u017eain\u0101 apvid\u016b ar akme\u0146iem un za\u013cumiem.\" \/><\/div><div class=\"section-mobile-img\"><img decoding=\"async\" src=\"\/vevor\/product\/JCKJSTCBSIP62MUFK\/metal-detector-a100-2.4-m.jpg\" alt=\"roka izmanto VEVOR met\u0101la detektoru-pinpointeri uz akme\u0146ainas zemes me\u017eain\u0101 apvid\u016b ar akme\u0146iem un za\u013cumiem.\" \/><\/div><div class=\"section-desc\">Our metal detector features 3 modes to cater to your exploration needs. The sound mode works best on land, the vibration mode is suitable for underwater exploration with a limited field of view. The sound + vibration mode works well in noisy environments.<\/div><\/div><div class=\"section\"><div class=\"section-title\">Effortless Treasure Detection<\/div><div class=\"section-img\"><img decoding=\"async\" src=\"\/vevor\/product\/JCKJSTCBSIP62MUFK\/metal-detector-a100-2.5.jpg\" alt=\"VEVOR met\u0101la detektors-pinpointers ar ieb\u016bv\u0113tu magn\u0113tisk\u0101s indukcijas sensoru prec\u012bzai d\u0101rgumu noteik\u0161anai.\" \/><\/div><div class=\"section-mobile-img\"><img decoding=\"async\" src=\"\/vevor\/product\/JCKJSTCBSIP62MUFK\/metal-detector-a100-2.5-m.jpg\" alt=\"VEVOR met\u0101la detektors-pinpointers ar ieb\u016bv\u0113tu magn\u0113tisk\u0101s indukcijas sensoru prec\u012bzai d\u0101rgumu noteik\u0161anai.\" \/><\/div><div class=\"section-desc\">Our pin pointer metal detector is equipped with a built-in magnetic induction sensor that makes finding treasure a breeze.<\/div><\/div><div class=\"section\"><div class=\"section-img\"><img decoding=\"async\" src=\"\/vevor\/product\/JCKJSTCBSIP62MUFK\/metal-detector-a100-1.11.jpg\" alt=\"VEVOR met\u0101la detektors-pinpointeris, \u016bdensiztur\u012bgs IP68, maksim\u0101lais noteik\u0161anas dzi\u013cums 4,5 collas, 9 V baro\u0161ana, ABS galvenais materi\u0101ls.\" \/><\/div><div class=\"section-mobile-img\"><img decoding=\"async\" src=\"\/vevor\/product\/JCKJSTCBSIP62MUFK\/metal-detector-a100-1.11-m.jpg\" alt=\"VEVOR met\u0101la detektors-pinpointeris, \u016bdensiztur\u012bgs IP68, maksim\u0101lais noteik\u0161anas dzi\u013cums 4,5 collas, 9 V baro\u0161ana, ABS galvenais materi\u0101ls.\" \/><\/div><\/div><\/div><\/body><\/html><\/div>\n<div class=\"DM_at-title\" id=\"js-DM_at-title\"> <div>Produkta specifik\u0101cija<\/div> <i class=\"icon-arrowup_line\"><\/i> <\/div><div class=\"DM_at-goodsDescAttr\" id=\"js-DM_at-goodsDescAttr\"> <div class=\"DM_at-goodsDescAttrInner\"> <dl class=\"goodsDesc_item goodsDesc_item_even\"> <dt>Preces Mode\u013ca Numurs<\/dt> <dd> TS103<\/dd> <\/dl> <dl class=\"goodsDesc_item\"> <dt>Power Input Voltage<\/dt> <dd> 9 V<\/dd> <\/dl> <dl class=\"goodsDesc_item goodsDesc_item_even\"> <dt>Aizsardz\u012bbas l\u012bmenis<\/dt> <dd> Piln\u012bb\u0101 \u016bdensiztur\u012bgs (IP68)<\/dd> <\/dl> <dl class=\"goodsDesc_item\"> <dt>Maksim\u0101lais noteik\u0161anas dzi\u013cums<\/dt> <dd> 4,5 collas<\/dd> <\/dl> <dl class=\"goodsDesc_item goodsDesc_item_even\"> <dt>Alert Modes<\/dt> <dd> LCD\/Sound\/Vibration\/Sound + Vibration<\/dd> <\/dl> <dl class=\"goodsDesc_item\"> <dt>Galvenais materi\u0101ls<\/dt> <dd> ABS<\/dd> <\/dl> <dl class=\"goodsDesc_item goodsDesc_item_even\"> <dt>Neto Svars<\/dt> <dd> 0.68 lbs\/0.31 kg<\/dd> <\/dl> <dl class=\"goodsDesc_item\"> <dt>Produkta Izm\u0113ri<\/dt> <dd> 9,8 x 1,8 x 1,7 collas\/250 x 45 x 42 mm<\/dd> <\/dl> <\/div> <\/div>","protected":false},"excerpt":{"rendered":"<ul>\n<li> IP68 piln\u012bb\u0101 \u016bdensiztur\u012bgs: Izp\u0113tiet pazemes pasauli ar p\u0101rliec\u012bbu, izmantojot m\u016bsu met\u0101la detektora pinpointeri! Ar savu IP68 v\u0113rt\u0113jumu \u0161is met\u0101la detektora zizlis ir piln\u012bb\u0101 \u016bdensiztur\u012bgs un var iztur\u0113t da\u017e\u0101das zem\u016bdens vides l\u012bdz pat 10 m dzi\u013cumam. Neatkar\u012bgi no t\u0101, vai mekl\u0113jat d\u0101rgumus dzi\u013cos \u016bde\u0146os vai izp\u0113t\u0101t apk\u0101rtni liet\u016b, m\u016bsu pinpointeris ir uzticams, un jums nav j\u0101uztraucas par \u016bdens boj\u0101jumiem. <\/li>\n<li> LCD ekr\u0101na displejs: Atkl\u0101jiet apsl\u0113ptus d\u0101rgumus ar m\u016bsu zelta detektoru. At\u0161\u0137ir\u012bb\u0101 no parastajiem met\u0101la detektoriem, m\u016bsu rokas met\u0101la detektoram ir viegli nolas\u0101ms LCD ekr\u0101ns, kas vizu\u0101li par\u0101da noteik\u0161anas sign\u0101la stiprumu un inform\u0101ciju. Pan\u0101ciet prec\u012bzu mekl\u0113\u0161anu vien\u0101 mirkl\u012b un palieliniet savu efektivit\u0101ti v\u0113rt\u012bgu priek\u0161metu un d\u0101rgmet\u0101lu atra\u0161an\u0101. <\/li>\n<li> 3 br\u012bdin\u0101juma re\u017e\u012bmi: \u0160is met\u0101la detektora zizlis nodro\u0161ina ska\u0146as, vibr\u0101cijas un ska\u0146as + vibr\u0101cijas re\u017e\u012bmus, nodro\u0161inot pareizo re\u017e\u012bmu katrai situ\u0101cijai. Ar \u0161o rokas met\u0101la detektoru varat izv\u0113l\u0113ties v\u0113lamo re\u017e\u012bmu personaliz\u0113tai noteik\u0161anas pieredzei, k\u0101da nav pieejama nevien\u0101 cit\u0101. <\/li>\n<li> Dzi\u013cuma mar\u0137\u0113juma dizains: M\u016bsu met\u0101la detektora zizlim ir dzi\u013cuma diapazons l\u012bdz 4,5 coll\u0101m, kas atvieglo v\u0113rt\u012bgu priek\u0161metu atra\u0161anu. Turkl\u0101t tam ir \u0113rta dzi\u013cuma mar\u0137\u0113juma sist\u0113ma un skr\u0101pis, kas padara m\u0113r\u0137a objektu redzam\u0101ku. \u0160is dizains ir ide\u0101li piem\u0113rots, lai uzlabotu noteik\u0161anas efektivit\u0101ti un palielin\u0101tu d\u0101rgumu mekl\u0113\u0161anas aizraut\u012bbu. <\/li>\n<li> Pilns piederumu kl\u0101sts: Nodro\u0161iniet sev visu nepiecie\u0161amo, tostarp 2 baterijas, 1 maci\u0146u, 1 elast\u012bgo auklu un 1 maisi\u0146u. To var izmantot ekstrem\u0101l\u0101s temperat\u016br\u0101s no -4\u2109 (-10\u2103) l\u012bdz 122\u2109 (50\u2103), nodro\u0161inot, ka varat atkl\u0101t apsl\u0113ptus d\u0101rgumus jebkuros apst\u0101k\u013cos. Sagatavojieties vislab\u0101kajai mekl\u0113\u0161anas pieredzei neatkar\u012bgi no temperat\u016bras! <\/li>\n<\/ul>","protected":false},"featured_media":275283,"comment_status":"closed","ping_status":"open","template":"","meta":{"om_disable_all_campaigns":false,"_uf_show_specific_survey":0,"_uf_disable_surveys":false},"location":[1935,1934],"product_brand":[21],"product_cat":[2481,2480,3559,2378],"product_tag":[],"class_list":{"0":"post-21102","1":"product","2":"type-product","3":"status-publish","4":"has-post-thumbnail","6":"location-supplier_stock_location","7":"location-local_stock_location","8":"product_brand-vevor","9":"product_cat-metal-detectors-outdoor-hobbies","10":"product_cat-outdoor-hobbies","11":"product_cat-pinpointing-metal-detector","12":"product_cat-sports-outdoors","14":"first","15":"instock","16":"featured","17":"taxable","18":"shipping-taxable","19":"purchasable","20":"product-type-simple"},"aioseo_notices":[],"locations":[{"id":1935,"name":"Pieg\u0101d\u0101ja noliktav\u0101 (5-7dd.d)","slug":"supplier_stock_location","quantity":"16"},{"id":1934,"name":"R\u012bgas veikal\u0101 (0-2d.d.)","slug":"local_stock_location","quantity":"0"}],"_links":{"self":[{"href":"https:\/\/vevorshop.lv\/lv\/wp-json\/wp\/v2\/product\/21102","targetHints":{"allow":["GET"]}}],"collection":[{"href":"https:\/\/vevorshop.lv\/lv\/wp-json\/wp\/v2\/product"}],"about":[{"href":"https:\/\/vevorshop.lv\/lv\/wp-json\/wp\/v2\/types\/product"}],"replies":[{"embeddable":true,"href":"https:\/\/vevorshop.lv\/lv\/wp-json\/wp\/v2\/comments?post=21102"}],"wp:featuredmedia":[{"embeddable":true,"href":"https:\/\/vevorshop.lv\/lv\/wp-json\/wp\/v2\/media\/275283"}],"wp:attachment":[{"href":"https:\/\/vevorshop.lv\/lv\/wp-json\/wp\/v2\/media?parent=21102"}],"wp:term":[{"taxonomy":"location","embeddable":true,"href":"https:\/\/vevorshop.lv\/lv\/wp-json\/wp\/v2\/location?post=21102"},{"taxonomy":"product_brand","embeddable":true,"href":"https:\/\/vevorshop.lv\/lv\/wp-json\/wp\/v2\/product_brand?post=21102"},{"taxonomy":"product_cat","embeddable":true,"href":"https:\/\/vevorshop.lv\/lv\/wp-json\/wp\/v2\/product_cat?post=21102"},{"taxonomy":"product_tag","embeddable":true,"href":"https:\/\/vevorshop.lv\/lv\/wp-json\/wp\/v2\/product_tag?post=21102"}],"curies":[{"name":"wp","href":"https:\/\/api.w.org\/{rel}","templated":true}]}}