{"id":213444,"date":"2025-11-10T04:20:25","date_gmt":"2025-11-10T02:20:25","guid":{"rendered":"https:\/\/vevorshop.lv\/en_us\/Prece\/vevor-cast-iron-hand-water-pump-manual-pitcher-pump-for-wells-gardens-7-6-m-lift-npt-1-1-4-in-vintage-style-black\/"},"modified":"2026-05-04T23:02:18","modified_gmt":"2026-05-04T20:02:18","slug":"vevor-cast-iron-hand-water-pump-manual-pitcher-pump-for-wells-gardens-7-6-m-lift-npt-1-1-4-in-vintage-style-black","status":"publish","type":"product","link":"https:\/\/vevorshop.lv\/lv\/Prece\/vevor-cuguna-rokas-udens-suknis-manualais-kruka-suknis-akam-darzi-7-6-m-lifts-npt-1-1-4-vintage-stila-melns\/","title":{"rendered":"VEVOR ant\u012bka \u010duguna rokas \u016bdens s\u016bknis, 7.6 m pac\u0113lums, manu\u0101ls d\u0101rza akas s\u016bknis ar 3.2 cm NPT savienojumu, melns"},"content":{"rendered":"<div style=\"color: #fff!important; font-size: 16px; height: 24px; line-height: 24px; margin-top: -24px; \" class=\"product_original_name\">VEVOR labi rokas kr\u016bka s\u016bknis, 25 p\u0113du maksim\u0101lais pac\u0113lums, ant\u012bkais \u010duguna manu\u0101lais rokas \u016bdens s\u016bknis, NPT 1-1\/4 savienojum\u0101, vienk\u0101r\u0161a uzst\u0101d\u012b\u0161ana, vecmod\u012bgs \u0101ra d\u0101rzam, d\u012b\u0137im, pagalmam, fermai, melns<\/div>\n<div style=\"color: #fff!important; font-size: 16px; height: 24px; line-height: 24px; margin-top: -24px; \" class=\"product_sku\">MHFF9JQH<\/div>\n<div style=\"color: #fff!important; font-size: 16px; height: 24px; line-height: 24px; margin-top: -24px; \" class=\"product_mpn\">SDYSBBTZTHS09NDNV001V0<\/div><div id=\"js-DM_at-goodDescRich\"><html><head><style>  body {    font-family: Arial;    line-height: 1.5;    color: #1c1c1c;    overflow-x: hidden;    margin: 0;    padding: 0;  }  .MsoNormal b {    font-weight: bolder;  }<\/style><style>  .container.small {    width: 970px;    margin: 0 auto;  }  .logo {    margin: 0 auto 0;  }  .logo img {    display: block;    margin: 0 auto;    max-width: 100%;  }  .logo .pc-banner {    display: block;    width: 1200px;    height: 247.4px;    margin: 0 auto;  }  .logo .pc-banner.small {    width: 970px;  }  .logo .pc-banner.small img {    height: auto!important;  }  .logo .m-banner {    display: none;  }  .ytvideo {    position: relative;    height: 546px;    width: 100%;    margin: 0 auto;  }  .ytvideo img {    width: 100%;    margin: 0 auto;  }  .ytvideo .play-btn {    width: 60px;    height: 42px;    position: absolute;    top: 50%;    left: 50%;    transform: translate(-50%, -50%);    background: url(\"data:image\/png;base64,iVBORw0KGgoAAAANSUhEUgAAAGQAAABGCAMAAAANWMFbAAAC+lBMVEUAAADBGB3kLCfBGB3kLCfcJC7BFx3KKSbiKybkLCbWJCPSIiLSIiLPICHAFx3kLCfgKSXNHiDZJiTIGx\/p4eHcjo7LHSDbJyTkLCbjKyfOHyHPIiL28fHJHB\/GGh7EGR7eKCXDGB3RISHlLSbBGB3AFxzGHB7DGB7BGB3hKybkKybAFx3lLCfAFxzDGR3hKibDGB7cJyTmz8\/elJTlwcHjurrUIyLlLSflLSfAFx3DGR7lLSfCFx3hKibhKibhKybjKybkLCblLSfbJSX49vbx7e3NNzjNMTLMJyjVIyLZf3\/ZQ0LaeHjx0tLgoqLkLCfCGB3HGx\/BGB3BFx3PICHCGB7WJCLOHyC\/Fxy\/Fx3lLCfQISHkLSe\/FxzbJiTBFx3FGx\/AGB7BFx3EGR7AGB3HHSDfKiXAFh3TISHYNzbhKibbJyTTIiL57e325+f039\/v2NjUV1fOHiHiqanfmprch4feKSXVIyPOICHmLibFGh\/mLSe\/Fx7XJCPeKSXXJSPNHyHaJyTGGh7lLCbmLCflLSjSIiLkLCbdKSXLHiC\/GB3KHh++Fh3lKyfoLiXcKCPkx8fYb2\/XaGfVXl3aU1LLHiDksbHgKibPICHbJyTfKSXbJyTCGB3KHSDiKybFGh7TIiL\/\/\/\/VIyPRISHIHB\/GGx\/HHB\/DGR7gKibdKCXLHiDZJiTMHiDNHyHYJSTOICHPICHWJCPcKCXXJSPjLCblLCf+\/f3NGR\/uLijzLynPGR\/IGB7WISHaIyLLGh7UAADxLynNAADRLzDbICLQAADIAAD3MCrUHSHXMTDpKSbLAADp5OTij4\/ejo\/VLy\/1LyngJSTcJCPQHx\/OHB7+\/PzaMS\/OLS\/vLijrLSjSAADaNTPwLyjkKSbNJCbYISHPHB\/KGB7WAAD7+vrn3d3aKynTKCjoLCfsKifRGh\/YAADq5+fhjo7QNDXXKCfmJyXt5+fTLzDLLi\/QKivYHRvMGBrQJCXLISPMExXLDxLaEAvkkI\/bOTfaFQ\/SCgpvLcnHAAAAmnRSTlMA+vv7+gT9Bvf9+8z8\/NSv\/Pr5+P7++vnQIBMP\/v38\/Pn348XDiCYf9OjbzcqxXVcx\/fz8+\/rj1r2poo1+fXFqX0orGP7+\/v7+\/fz8+\/r68uzn4trIxsG\/vri3p6GcmZSNbWVYUUZEPQv+\/f39+\/v7+\/v7+vr64tvV1NTTz87FtbSurqeblJKFg4B3bUY+NjL7+\/v7+\/v67t1cDo8JLQAABkRJREFUWMO0kz9rwkAYh0OIeJkum6YugUAhISCdKoj\/P4C7SMdS+gEKIhSKil10LSg4mzXkILdlEpxCpwTiWOLX6BujvQaEQuGeHLnL+\/64J+SIcKGYTYWnntpdLjrVdqvZmNdn0+EE40GtpuuWVS6Xx6N7YDSGpWXpeq02wHgynM7q80az1a52HpddtVcpsi1zFARBrdaxbhp9iUReTGmwA4KAAr7vx3EYejnCMI6hQYEgy0LQi4jUN0wL19vqFcUC9\/1dAKmEEFkWRYkh5oBejnxQJiSJPJ\/uKBp0Thszx9Mw8hMRIQjKsptCfuES9zr5WJY6vSFCIvE9fCMUmEM1A1kSXcYGxgVYsvI1IPKTZciSTI0us\/SMGG04gDzELDoFBwdcFJrF88dqgYMTiL6DILWYyfOWE8\/kIz38olCNlC03FK95+imxp6y4oUSvAnBjHHhKNtotSDqJzVFiK8c2SBqhZtsrTtgrLXwAyduxZHNE26eHUt5rtuM4WSmds3G+sUdWYo1L+XyxButoh5eKUHk5lByO3G1LqqCWVnfrv\/lyPtf\/4ps1cndNGIri8J1TJ0lx6dR\/oPjq1nbRwdp2dCk4CtIOLW3pVKRL6WZfS5vF2KkIQhpwSsjiYIgNCs1gEMGqiIq24NQX9NwoXFy8Ufrl3twTcg4fv8T9\/JBEySduj6Mjm4bMzYV7EEOxKjjoNDud7yY3Dy71Hq2oLmqfbNR723edH9PgMrNL2utoQ3VmaIDkiw\/4w51P06hlZsTZvkRrbVuSIs\/zwSOsycgzStQouoAkWQqioRT5XI7n2Z1wfVhoZmcAJLsoqjqpjbWCgpOAJXBwHK8PzWbNvoUZJND5wCnSkLAkZ1legx6vqQzjoiTahKlGUGLAiIIoABOHaNVw4sexZBym6\/HWlH5h3IC7yRbxtipcWxdTOkORKiNQAEkFf66x5S2oeRbroOlLgg0sSYkR0hRGEqJZ0jTPiQKatESdBckpWigxaapEH0lImHdWu9pUFF2XqMNM2Z4kped7IwEJw2qabwtrQqnpw6HyKkgcadKWsmpywwesDyIhYRpdzXddqegtGIJlXbAIUMOLkGxJUjRIkokwjUaX9d\/kK62ps\/tYUqZLIMkLTyBhsMZ3C5Z\/kDxOSCb\/DOs\/\/J0qcWSX\/2ipe56EgTCA4\/cB7NAYOsni4mZM1MUPAISoEwkDi4lhVBQ1cWQyIcwalw4EpqZN68JUSK7XC0kTlkLYii5uXSC8jT5ncCAS7mjCv0uHp\/3lueHEEAeQ\/\/VgmdN71\/2uCSA1Xr6DO6uI6sW56zqT2tp2PhgiRUAajV8CY2fkcz6WGNKMgLAt7tJAhD4YHMTeRxlALE6+43WqjSWi8ITxyJl8WrwWSNESQZZOqhDDntO3hJLsd5RtSpbJqdv3YrDJH3F7jL1R2O2aQkn2MyCyKYz0GPGIvSAMgBCrCEiJyKbBaYGwLW4uPRr0A0M4Ux5kUI7IBh+hMdiCEWNqhMZGyYMsOgNE58UQuEQeUnSWCMYwL54hkxK6IoqucQZbQ3pc3XtL0lky1dL0zZJJDpWJovFqpWj6JEHnyam2eQp5QRVAVHjWparTOaVwUOx99YS2MvgxIGV0bb+qIg2HX2qkFFJB+XZcbLiuRkuxD9GRroKyveLxdh4d7Orx+hb7qc3uVRuEogCOnyIxm4ubUoPgF4jianDrC+SDQDKEfJb0GUKmjCGPYHGJvVC6X4hw1\/sAfQAdfYyephIaspXe36RwOP+Ljvfx9B6B3i+Nk0DGq+oCbLn6JpBa9nWAveAIHwFAwtVcIJXPMPL8kRu5OAYPMaL1WScTxjiZDqB9LTJSWphow\/pTYKRTLjCBhvi9iBidvKcDasGSm0QQkycYuLBqj6QCELPctqChDWpTRMWkngNNpQ1Pfp1KkiT\/Y0DGffXAweUNfLAfaJFKDwhb6I+bkYRbkERoEeu3Fyjg2opMz2daZCS9jt6Q7txNfB+OZEVF6Zl5web2xunnLQrtrjXseXKaFYziYINeMFZVxS9VxRhOoesYwxPKXm+gWLG9cuFeq93UNNeJNsf1KlwuDok9n02n3TgIJpOxNfL9naIoQwXtfH9kjceTIIi709ncTg6LZbg+biLH1V6u\/7rxBem06VXKn9raAAAAAElFTkSuQmCC\")      no-repeat center center \/ contain;  }  @media screen and (max-width: 960px) and (orientation: portrait) {    .logo {      width: 100%;    }    .logo .pc-banner {      display: none;    }    .logo .m-banner {      display: block;      width: 100%;    }    .logo .m-banner img {      height: auto!important;    }    .ytvideo {      height: 200px;      width: 100%;    }  }<\/style><style>  .video-section {    width: 100%;    margin: 0 auto;  }  .video-section > img {    width: 100%;  }  .video-section iframe,  .video-section video {    width: 100%;    height: 100%;      }  .video-section-img-m,  .video-section-img-pc > img {    width: 100%;    height: auto;  }  .video-section-img-pc.small > img {    width: 970px;  }  .video-desc {    line-height: 1.5;    font-size: 20px;    font-weight: 400;    margin: 20px 0;    text-align: center;    color: #0f1111;    word-break: break-word;  }  @media screen and (max-width: 960px) and (orientation: portrait) {    .video-section {      width: 100%;    }    .video-section-pc,    .video-section-img-pc {      display: none;    }    .video-section-m,    .video-section-img-m {      display: block;    }    .video-desc {      font-size: 15px;    }  }  @media screen and (min-width: 960px) {    .video-section {      width: 100%;      margin: 0 auto;    }    .video-section-pc,    .video-section-img-pc {      display: block;    }    .video-section-m,    .video-section-img-m {      display: none;    }    .video-desc {      font-size: 20px;    }  }<\/style><style>  .section + .section {    margin-top: 35px;  }  .section-title {    text-align: center;    font-weight: bold;    color: #0d1111;    font-family: \"Arial\";    font-size: 32px;    margin: 15px 0;  }  .section-title:empty {    display: none;  }  .section-desc {    text-align: center;    font-weight: normal;    color: #0d1111;    margin-top: 20px;  }  .section-desc:empty {    display: none;  }  .section-img {    width: 1200px;    height: 492px;    margin: 0 auto;    display: block;  }  .section-img.small {    width: 970px;    height: auto;  }  .section-img.small > img {    height: auto;  }  .section-img > img {    width: 100%;    height: 100%;  }  .section-mobile-img {    display: none;    max-width: 100vw;    max-height: 75vw;    height: 450px;    margin: 0 auto;  }  .section-mobile-img > img {    width: 100%;    height: 100%;  }  @media screen and (max-width: 960px) and (orientation: portrait) {    .container {      width: 100%;    }    .container.small {      width: 100%;    }    .section-mobile-img {      display: block;    }    .section-img {      display: none;    }    .section-title {      font-size: 22px;      margin: 10px 0;    }    .section-desc {      margin-top: 10px;    }    .section + .section {      margin-top: 20px;    }  }<\/style><\/head><body><div class=\"container\"><div class=\"logo\"><div class=\"pc-banner\"><div><img decoding=\"async\" src=\"\/vevor\/vevor\/boutique-banner\/pc\/en-pc@1x.jpg\" style=\"width: 100%;\" \/><\/div><\/div><div class=\"m-banner\"><div><img decoding=\"async\" src=\"\/vevor\/vevor\/boutique-banner\/mobile\/en-m@1x.jpg\" style=\"width: 100%;\" \/><\/div><\/div><\/div><div class=\"section-title\">Uzticama rokas \u016bdens s\u016bk\u0146a, baro\u0161anas nav nepiecie\u0161ams<\/div><div class=\"video-section\"><div class=\"video-section-img-pc\"><img decoding=\"async\" src=\"\/vevor\/product\/SDYSBBTZTHS09NDNV001\/hand-pitcher-pump-a100-1.4.jpg\" \/><\/div><div class=\"video-section-img-m\"><img decoding=\"async\" src=\"\/vevor\/product\/SDYSBBTZTHS09NDNV001\/hand-pitcher-pump-a100-1.4-m.jpg\" \/><\/div><div class=\"section-desc\">Esiet sagatavoti, kad paz\u016bd elektr\u012bba vai nav pieejams kr\u0101na \u016bdens. M\u016bsu rokas aku s\u016bk\u0146a kr\u016bka ir j\u016bsu uzticamais rezerves \u016bdens avots \u2013 ide\u0101li piem\u0113rota \u0101rk\u0101rtas situ\u0101cijas vai teritorij\u0101m bez pieejama \u016bdens. Elektr\u012bba nav nepiecie\u0161ama. J\u016bs viegli un efekt\u012bvi varat ieg\u016bt svaigu \u016bdeni tie\u0161i no zemes.<\/div><\/div><div class=\"section\"><div class=\"section-title\"><\/div><div class=\"section-img\"><img decoding=\"async\" src=\"\/vevor\/product\/SDYSBBTZTHS09NDNV001\/hand-pitcher-pump-a100-2.2.jpg\" \/><\/div><div class=\"section-mobile-img\"><img decoding=\"async\" src=\"\/vevor\/product\/SDYSBBTZTHS09NDNV001\/hand-pitcher-pump-a100-2.2-m.jpg\" \/><\/div><div class=\"section-desc\">Izgatavota no augst\u0101k\u0101s kvalit\u0101tes materi\u0101liem, \u0161\u012b rokas \u016bdens s\u016bk\u0146a \u010duguna konstrukcija nodro\u0161ina stabilu un iztur\u012bgu darb\u012bbu. T\u0101 ir iztur\u012bga pret loc\u012b\u0161anos un l\u016b\u0161anu bie\u017eas lieto\u0161anas laik\u0101. Uzticam\u0101 bl\u012bv\u0113\u0161ana samazina gaisa iek\u013c\u016b\u0161anu, uzlabojot \u016bdens s\u016bk\u0146a efektivit\u0101ti un \u0101trumu.<\/div><\/div><div class=\"section\"><div class=\"section-title\"><\/div><div class=\"section-img\"><img decoding=\"async\" src=\"\/vevor\/product\/SDYSBBTZTHS09NDNV001\/hand-pitcher-pump-a100-2.3.jpg\" \/><\/div><div class=\"section-mobile-img\"><img decoding=\"async\" src=\"\/vevor\/product\/SDYSBBTZTHS09NDNV001\/hand-pitcher-pump-a100-2.3-m.jpg\" \/><\/div><div class=\"section-desc\">M\u016bsu kr\u0101na s\u016bknis izmanto izliektu rokturi, lai tas atbilstu plaukstas dabiskajai formai, samazinot roku nogurumu pat p\u0113c atk\u0101rtotas s\u016bkn\u0113\u0161anas. \u0100\u0137veida sn\u012bpa dizains \u013cauj dro\u0161i pak\u0101rt spai\u0146us pild\u012b\u0161anas laik\u0101 bez nepiecie\u0161am\u012bbas tos tur\u0113t ar roku.<\/div><\/div><div class=\"section\"><div class=\"section-title\"><\/div><div class=\"section-img\"><img decoding=\"async\" src=\"\/vevor\/product\/SDYSBBTZTHS09NDNV001\/hand-pitcher-pump-a100-2.4.jpg\" \/><\/div><div class=\"section-mobile-img\"><img decoding=\"async\" src=\"\/vevor\/product\/SDYSBBTZTHS09NDNV001\/hand-pitcher-pump-a100-2.4-m.jpg\" \/><\/div><div class=\"section-desc\">S\u016bk\u0146a pamatnei ir tr\u012bsst\u016bra formas atveres dizains, to var dro\u0161i piestiprin\u0101t pie da\u017e\u0101d\u0101m l\u012bdzen\u0101m virsm\u0101m, izmantojot skr\u016bves. Viegli uzst\u0101d\u012bt un stingri fiks\u0113t. Nav krat\u012b\u0161an\u0101s, tikai vienm\u0113r\u012bga \u016bdens s\u016bkn\u0113\u0161ana katru reizi.<\/div><\/div><div class=\"section\"><div class=\"section-title\"><\/div><div class=\"section-img\"><img decoding=\"async\" src=\"\/vevor\/product\/SDYSBBTZTHS09NDNV001\/hand-pitcher-pump-a100-2.5.jpg\" \/><\/div><div class=\"section-mobile-img\"><img decoding=\"async\" src=\"\/vevor\/product\/SDYSBBTZTHS09NDNV001\/hand-pitcher-pump-a100-2.5-m.jpg\" \/><\/div><div class=\"section-desc\">No mier\u012bgiem m\u0101jas d\u0101rziem l\u012bdz pla\u0161\u0101m lauksaimniec\u012bbas zem\u0113m, \u0161is rokas \u016bdens s\u016bknis nodro\u0161ina uzticamu piek\u013cuvi \u016bdenim j\u016bsu vajadz\u012bb\u0101m. Izstr\u0101d\u0101ts elast\u012bbai, tas nodro\u0161ina, ka j\u016bs varat s\u016bkn\u0113t \u016bdeni jebkur\u0101 laik\u0101 un viet\u0101 ar daudzpus\u012bg\u0101m pielietojuma iesp\u0113j\u0101m.<\/div><\/div><div class=\"section\"><div class=\"section-img\"><img decoding=\"async\" src=\"\/vevor\/product\/SDYSBBTZTHS09NDNV001\/hand-pitcher-pump-a100-1.11.jpg\" \/><\/div><div class=\"section-mobile-img\"><img decoding=\"async\" src=\"\/vevor\/product\/SDYSBBTZTHS09NDNV001\/hand-pitcher-pump-a100-1.11-m.jpg\" \/><\/div><\/div><\/div><\/body><\/html><\/div>\n<div class=\"DM_at-title\" id=\"js-DM_at-title\"> <div>Produkta specifik\u0101cija<\/div> <i class=\"icon-arrowup_line\"><\/i> <\/div><div class=\"DM_at-goodsDescAttr\" id=\"js-DM_at-goodsDescAttr\"> <div class=\"DM_at-goodsDescAttrInner\"> <dl class=\"goodsDesc_item goodsDesc_item_even\"> <dt>Preces Mode\u013ca Numurs<\/dt> <dd> HC-1006<\/dd> <\/dl> <dl class=\"goodsDesc_item\"> <dt>Maksim\u0101lais pacel\u0161anas augstums<\/dt> <dd> 25 p\u0113das \/ 7,6 m<\/dd> <\/dl> <dl class=\"goodsDesc_item goodsDesc_item_even\"> <dt>Cilindra Diametrs<\/dt> <dd> 3,0 collas \/ 7,62 cm<\/dd> <\/dl> <dl class=\"goodsDesc_item\"> <dt>Apak\u0161\u0113j\u0101s mont\u0101\u017eas caurumi<\/dt> <dd> 0,12 x \u00d80,31 collas\/3 x \u00d88 mm<\/dd> <\/dl> <dl class=\"goodsDesc_item goodsDesc_item_even\"> <dt>Mont\u0101\u017eas caurumu att\u0101lums<\/dt> <dd> 5.82 collas \/ 148 mm<\/dd> <\/dl> <dl class=\"goodsDesc_item\"> <dt>Cauru\u013cvadu savienojums<\/dt> <dd> NPT 1-1\/4 colla<\/dd> <\/dl> <dl class=\"goodsDesc_item goodsDesc_item_even\"> <dt>Kr\u0101sa<\/dt> <dd> Melns<\/dd> <\/dl> <dl class=\"goodsDesc_item\"> <dt>Galvenais materi\u0101ls<\/dt> <dd> \u010cuguns, oglek\u013ca t\u0113rauds<\/dd> <\/dl> <dl class=\"goodsDesc_item goodsDesc_item_even\"> <dt>Neto Svars<\/dt> <dd> 13.2 lbs\/6 kg<\/dd> <\/dl> <dl class=\"goodsDesc_item\"> <dt>Produkta Izm\u0113ri<\/dt> <dd> 9,06 x 7,09 x 15,75 collas\/230 x 180 x 400 mm<\/dd> <\/dl> <\/div> <\/div>","protected":false},"excerpt":{"rendered":"<ul>\n<li> M\u016b\u017e\u012bgs vintage stils: \u0160\u012b labi izstr\u0101d\u0101t\u0101 spai\u0146a s\u016bknis ir klasisk\u0101 retro dizain\u0101, ide\u0101li piem\u0113rots s\u016bkn\u0113\u0161anai d\u012b\u0137os, ak\u0101s, d\u0101rzos, kemping\u0101, pagalmos, ferm\u0101s un parkos. Gan dekorat\u012bvs, gan praktisks, tas kalpo k\u0101 skaista d\u0101rza apdare, kad tas netiek lietots. <\/li>\n<li> Efekt\u012bva \u016bdens s\u016bkn\u0113\u0161ana: Paredz\u0113ts sekl\u0101m ak\u0101m vai ak\u0101m, \u0161is \u010duguna rokas \u016bdens s\u016bknis s\u016bkn\u0113 \u016bdeni no 25 p\u0113du dzi\u013cuma. Piem\u0113rots vairumam grunts\u016bdens l\u012bme\u0146u. Elektr\u012bba nav nepiecie\u0161ama, vienk\u0101r\u0161i uzst\u0101diet un s\u0101ciet s\u016bkn\u0113t <\/li>\n<li> Iztur\u012bga \u010duguna konstrukcija: Izgatavots no \u010duguna ar r\u016bsas iztur\u012bgu p\u0101rkl\u0101jumu, m\u016bsu spai\u0146a s\u016bknis ir veidots t\u0101, lai tas kalpotu ilgi. Sabiezin\u0101t\u0101 caurule iztur l\u012bdz pat 20 m\u0101rci\u0146u smagu \u0101mura triecienu, izturot skarbos \u0101ra apst\u0101k\u013cus, piem\u0113ram, lietu, sniegu, karstumu un spelgoni. <\/li>\n<li> Ener\u0123iju taupo\u0161s rokturis: Izstr\u0101d\u0101ts, lai atbilstu plaukstas izliekumam, \u0161is akas s\u016bk\u0146a rokturis ir apr\u012bkots ar darbu taupo\u0161u rokturi, kas padara s\u016bkn\u0113\u0161anu vieglu un bez piep\u016bles pat p\u0113c atk\u0101rtotas lieto\u0161anas. Turkl\u0101t izliekt\u0101 sn\u012bpja dizains \u013cauj dro\u0161i pak\u0101rt spaini bez \u0161\u013cakat\u0101m. <\/li>\n<li> Uzst\u0101d\u012b\u0161ana vienk\u0101r\u0161a: apr\u012bkots ar standarta 1-1\/4 collu NPT savienojumu, \u0161o rokas \u016bdens s\u016bkni var uzst\u0101d\u012bt tikai 2\u20133 min\u016bt\u0113s, izmantojot tikai skr\u016bvgriezi. P\u0113c uzst\u0101d\u012b\u0161anas vienk\u0101r\u0161i turiet rokturi aug\u0161\u0101 un lej\u0101, un \u016bdens ir pieejams p\u0113c piepras\u012bjuma. <\/li>\n<\/ul>","protected":false},"featured_media":430292,"comment_status":"open","ping_status":"open","template":"","meta":{"om_disable_all_campaigns":false,"_uf_show_specific_survey":0,"_uf_disable_surveys":false},"location":[1935,1934],"product_brand":[],"product_cat":[442,37,429],"product_tag":[],"class_list":{"0":"post-213444","1":"product","2":"type-product","3":"status-publish","4":"has-post-thumbnail","6":"location-supplier_stock_location","7":"location-local_stock_location","8":"product_cat-pitcher-pump","9":"product_cat-pumps","10":"product_cat-water-pumps","12":"first","13":"instock","14":"taxable","15":"shipping-taxable","16":"purchasable","17":"product-type-simple"},"aioseo_notices":[],"locations":[{"id":1935,"name":"Pieg\u0101d\u0101ja noliktav\u0101 (5-7dd.d)","slug":"supplier_stock_location","quantity":"9"},{"id":1934,"name":"R\u012bgas veikal\u0101 (0-2d.d.)","slug":"local_stock_location","quantity":"0"}],"_links":{"self":[{"href":"https:\/\/vevorshop.lv\/lv\/wp-json\/wp\/v2\/product\/213444","targetHints":{"allow":["GET"]}}],"collection":[{"href":"https:\/\/vevorshop.lv\/lv\/wp-json\/wp\/v2\/product"}],"about":[{"href":"https:\/\/vevorshop.lv\/lv\/wp-json\/wp\/v2\/types\/product"}],"replies":[{"embeddable":true,"href":"https:\/\/vevorshop.lv\/lv\/wp-json\/wp\/v2\/comments?post=213444"}],"wp:featuredmedia":[{"embeddable":true,"href":"https:\/\/vevorshop.lv\/lv\/wp-json\/wp\/v2\/media\/430292"}],"wp:attachment":[{"href":"https:\/\/vevorshop.lv\/lv\/wp-json\/wp\/v2\/media?parent=213444"}],"wp:term":[{"taxonomy":"location","embeddable":true,"href":"https:\/\/vevorshop.lv\/lv\/wp-json\/wp\/v2\/location?post=213444"},{"taxonomy":"product_brand","embeddable":true,"href":"https:\/\/vevorshop.lv\/lv\/wp-json\/wp\/v2\/product_brand?post=213444"},{"taxonomy":"product_cat","embeddable":true,"href":"https:\/\/vevorshop.lv\/lv\/wp-json\/wp\/v2\/product_cat?post=213444"},{"taxonomy":"product_tag","embeddable":true,"href":"https:\/\/vevorshop.lv\/lv\/wp-json\/wp\/v2\/product_tag?post=213444"}],"curies":[{"name":"wp","href":"https:\/\/api.w.org\/{rel}","templated":true}]}}