{"id":214830,"date":"2025-12-04T14:50:12","date_gmt":"2025-12-04T12:50:12","guid":{"rendered":"https:\/\/vevorshop.lv\/en_us\/Prece\/vevor-6-pin-dpdt-momentary-toggle-switch-on-off-on-12v-30a-dc-250v-15a-ac-waterproof-cap-panel-mount-for-auto-marine\/"},"modified":"2026-04-23T07:15:54","modified_gmt":"2026-04-23T04:15:54","slug":"vevor-6-pin-dpdt-momentary-toggle-switch-on-off-on-12v-30a-dc-250v-15a-ac-waterproof-cap-panel-mount-for-auto-marine","status":"publish","type":"product","link":"https:\/\/vevorshop.lv\/lv\/Prece\/vevor-6-pin-dpdt-momentani-parslegt-sledzi-ieslegt-off-uz-12v-30a-dc-250v-15a-ac-udensnecaurlaidigs-vacins-panela-stiprinajums-auto-juras-2\/","title":{"rendered":"VEVOR 6-Pinu Moment\u0101n\u0101 DPDT Sl\u0113dzis (ON)-OFF-(ON) 12V\/30A 250V\/15A ar Paneli un \u016adensdro\u0161u V\u0101ci\u0146u Auto\/Laiv\u0101m\/Iek\u0101rt\u0101m"},"content":{"rendered":"<div style=\"color: #fff!important; font-size: 16px; height: 24px; line-height: 24px; margin-top: -24px; \" class=\"product_original_name\">VEVOR p\u0101rsl\u0113g\u0161anas sl\u0113dzis, 6 kontaktu moment\u0101nas polarit\u0101tes atpaka\u013cgaitas p\u0101rsl\u0113g\u0161anas sl\u0113dzis (IESL\u0112GTS)-izsl\u0113gts-(IESL\u0112GTS) DC 12V\/30A AC 250V\/15A - ar aug\u0161upv\u0113rstu mont\u0101\u017eas paneli un \u016bdensnecaurlaid\u012bgu s\u0101kn\u0113\u0161anas v\u0101ci\u0146u auto automa\u0161\u012bnas j\u016bras laivai<\/div>\n<div style=\"color: #fff!important; font-size: 16px; height: 24px; line-height: 24px; margin-top: -24px; \" class=\"product_sku\">MHMKHCJQ<\/div>\n<div style=\"color: #fff!important; font-size: 16px; height: 24px; line-height: 24px; margin-top: -24px; \" class=\"product_mpn\">XXZXQKZKGYXBNWRM6001V9<\/div><div id=\"js-DM_at-goodDescRich\"><html><head><style>  body {    font-family: Arial;    line-height: 1.5;    color: #1c1c1c;    overflow-x: hidden;    margin: 0;    padding: 0;  }  .MsoNormal b {    font-weight: bolder;  }<\/style><style>  .container.small {    width: 970px;    margin: 0 auto;  }  .logo {    margin: 0 auto 0;  }  .logo img {    display: block;    margin: 0 auto;    max-width: 100%;  }  .logo .pc-banner {    display: block;    width: 1200px;    height: 247.4px;    margin: 0 auto;  }  .logo .pc-banner.small {    width: 970px;  }  .logo .pc-banner.small img {    height: auto!important;  }  .logo .m-banner {    display: none;  }  .ytvideo {    position: relative;    height: 546px;    width: 100%;    margin: 0 auto;  }  .ytvideo img {    width: 100%;    margin: 0 auto;  }  .ytvideo .play-btn {    width: 60px;    height: 42px;    position: absolute;    top: 50%;    left: 50%;    transform: translate(-50%, -50%);    background: url(\"data:image\/png;base64,iVBORw0KGgoAAAANSUhEUgAAAGQAAABGCAMAAAANWMFbAAAC+lBMVEUAAADBGB3kLCfBGB3kLCfcJC7BFx3KKSbiKybkLCbWJCPSIiLSIiLPICHAFx3kLCfgKSXNHiDZJiTIGx\/p4eHcjo7LHSDbJyTkLCbjKyfOHyHPIiL28fHJHB\/GGh7EGR7eKCXDGB3RISHlLSbBGB3AFxzGHB7DGB7BGB3hKybkKybAFx3lLCfAFxzDGR3hKibDGB7cJyTmz8\/elJTlwcHjurrUIyLlLSflLSfAFx3DGR7lLSfCFx3hKibhKibhKybjKybkLCblLSfbJSX49vbx7e3NNzjNMTLMJyjVIyLZf3\/ZQ0LaeHjx0tLgoqLkLCfCGB3HGx\/BGB3BFx3PICHCGB7WJCLOHyC\/Fxy\/Fx3lLCfQISHkLSe\/FxzbJiTBFx3FGx\/AGB7BFx3EGR7AGB3HHSDfKiXAFh3TISHYNzbhKibbJyTTIiL57e325+f039\/v2NjUV1fOHiHiqanfmprch4feKSXVIyPOICHmLibFGh\/mLSe\/Fx7XJCPeKSXXJSPNHyHaJyTGGh7lLCbmLCflLSjSIiLkLCbdKSXLHiC\/GB3KHh++Fh3lKyfoLiXcKCPkx8fYb2\/XaGfVXl3aU1LLHiDksbHgKibPICHbJyTfKSXbJyTCGB3KHSDiKybFGh7TIiL\/\/\/\/VIyPRISHIHB\/GGx\/HHB\/DGR7gKibdKCXLHiDZJiTMHiDNHyHYJSTOICHPICHWJCPcKCXXJSPjLCblLCf+\/f3NGR\/uLijzLynPGR\/IGB7WISHaIyLLGh7UAADxLynNAADRLzDbICLQAADIAAD3MCrUHSHXMTDpKSbLAADp5OTij4\/ejo\/VLy\/1LyngJSTcJCPQHx\/OHB7+\/PzaMS\/OLS\/vLijrLSjSAADaNTPwLyjkKSbNJCbYISHPHB\/KGB7WAAD7+vrn3d3aKynTKCjoLCfsKifRGh\/YAADq5+fhjo7QNDXXKCfmJyXt5+fTLzDLLi\/QKivYHRvMGBrQJCXLISPMExXLDxLaEAvkkI\/bOTfaFQ\/SCgpvLcnHAAAAmnRSTlMA+vv7+gT9Bvf9+8z8\/NSv\/Pr5+P7++vnQIBMP\/v38\/Pn348XDiCYf9OjbzcqxXVcx\/fz8+\/rj1r2poo1+fXFqX0orGP7+\/v7+\/fz8+\/r68uzn4trIxsG\/vri3p6GcmZSNbWVYUUZEPQv+\/f39+\/v7+\/v7+vr64tvV1NTTz87FtbSurqeblJKFg4B3bUY+NjL7+\/v7+\/v67t1cDo8JLQAABkRJREFUWMO0kz9rwkAYh0OIeJkum6YugUAhISCdKoj\/P4C7SMdS+gEKIhSKil10LSg4mzXkILdlEpxCpwTiWOLX6BujvQaEQuGeHLnL+\/64J+SIcKGYTYWnntpdLjrVdqvZmNdn0+EE40GtpuuWVS6Xx6N7YDSGpWXpeq02wHgynM7q80az1a52HpddtVcpsi1zFARBrdaxbhp9iUReTGmwA4KAAr7vx3EYejnCMI6hQYEgy0LQi4jUN0wL19vqFcUC9\/1dAKmEEFkWRYkh5oBejnxQJiSJPJ\/uKBp0Thszx9Mw8hMRIQjKsptCfuES9zr5WJY6vSFCIvE9fCMUmEM1A1kSXcYGxgVYsvI1IPKTZciSTI0us\/SMGG04gDzELDoFBwdcFJrF88dqgYMTiL6DILWYyfOWE8\/kIz38olCNlC03FK95+imxp6y4oUSvAnBjHHhKNtotSDqJzVFiK8c2SBqhZtsrTtgrLXwAyduxZHNE26eHUt5rtuM4WSmds3G+sUdWYo1L+XyxButoh5eKUHk5lByO3G1LqqCWVnfrv\/lyPtf\/4ps1cndNGIri8J1TJ0lx6dR\/oPjq1nbRwdp2dCk4CtIOLW3pVKRL6WZfS5vF2KkIQhpwSsjiYIgNCs1gEMGqiIq24NQX9NwoXFy8Ufrl3twTcg4fv8T9\/JBEySduj6Mjm4bMzYV7EEOxKjjoNDud7yY3Dy71Hq2oLmqfbNR723edH9PgMrNL2utoQ3VmaIDkiw\/4w51P06hlZsTZvkRrbVuSIs\/zwSOsycgzStQouoAkWQqioRT5XI7n2Z1wfVhoZmcAJLsoqjqpjbWCgpOAJXBwHK8PzWbNvoUZJND5wCnSkLAkZ1legx6vqQzjoiTahKlGUGLAiIIoABOHaNVw4sexZBym6\/HWlH5h3IC7yRbxtipcWxdTOkORKiNQAEkFf66x5S2oeRbroOlLgg0sSYkR0hRGEqJZ0jTPiQKatESdBckpWigxaapEH0lImHdWu9pUFF2XqMNM2Z4kped7IwEJw2qabwtrQqnpw6HyKkgcadKWsmpywwesDyIhYRpdzXddqegtGIJlXbAIUMOLkGxJUjRIkokwjUaX9d\/kK62ps\/tYUqZLIMkLTyBhsMZ3C5Z\/kDxOSCb\/DOs\/\/J0qcWSX\/2ipe56EgTCA4\/cB7NAYOsni4mZM1MUPAISoEwkDi4lhVBQ1cWQyIcwalw4EpqZN68JUSK7XC0kTlkLYii5uXSC8jT5ncCAS7mjCv0uHp\/3lueHEEAeQ\/\/VgmdN71\/2uCSA1Xr6DO6uI6sW56zqT2tp2PhgiRUAajV8CY2fkcz6WGNKMgLAt7tJAhD4YHMTeRxlALE6+43WqjSWi8ITxyJl8WrwWSNESQZZOqhDDntO3hJLsd5RtSpbJqdv3YrDJH3F7jL1R2O2aQkn2MyCyKYz0GPGIvSAMgBCrCEiJyKbBaYGwLW4uPRr0A0M4Ux5kUI7IBh+hMdiCEWNqhMZGyYMsOgNE58UQuEQeUnSWCMYwL54hkxK6IoqucQZbQ3pc3XtL0lky1dL0zZJJDpWJovFqpWj6JEHnyam2eQp5QRVAVHjWparTOaVwUOx99YS2MvgxIGV0bb+qIg2HX2qkFFJB+XZcbLiuRkuxD9GRroKyveLxdh4d7Orx+hb7qc3uVRuEogCOnyIxm4ubUoPgF4jianDrC+SDQDKEfJb0GUKmjCGPYHGJvVC6X4hw1\/sAfQAdfYyephIaspXe36RwOP+Ljvfx9B6B3i+Nk0DGq+oCbLn6JpBa9nWAveAIHwFAwtVcIJXPMPL8kRu5OAYPMaL1WScTxjiZDqB9LTJSWphow\/pTYKRTLjCBhvi9iBidvKcDasGSm0QQkycYuLBqj6QCELPctqChDWpTRMWkngNNpQ1Pfp1KkiT\/Y0DGffXAweUNfLAfaJFKDwhb6I+bkYRbkERoEeu3Fyjg2opMz2daZCS9jt6Q7txNfB+OZEVF6Zl5web2xunnLQrtrjXseXKaFYziYINeMFZVxS9VxRhOoesYwxPKXm+gWLG9cuFeq93UNNeJNsf1KlwuDok9n02n3TgIJpOxNfL9naIoQwXtfH9kjceTIIi709ncTg6LZbg+biLH1V6u\/7rxBem06VXKn9raAAAAAElFTkSuQmCC\")      no-repeat center center \/ contain;  }  @media screen and (max-width: 960px) and (orientation: portrait) {    .logo {      width: 100%;    }    .logo .pc-banner {      display: none;    }    .logo .m-banner {      display: block;      width: 100%;    }    .logo .m-banner img {      height: auto!important;    }    .ytvideo {      height: 200px;      width: 100%;    }  }<\/style><style>  .video-section {    width: 100%;    margin: 0 auto;  }  .video-section > img {    width: 100%;  }  .video-section iframe,  .video-section video {    width: 100%;    height: 100%;      }  .video-section-img-m,  .video-section-img-pc > img {    width: 100%;    height: auto;  }  .video-section-img-pc.small > img {    width: 970px;  }  .video-desc {    line-height: 1.5;    font-size: 20px;    font-weight: 400;    margin: 20px 0;    text-align: center;    color: #0f1111;    word-break: break-word;  }  @media screen and (max-width: 960px) and (orientation: portrait) {    .video-section {      width: 100%;    }    .video-section-pc,    .video-section-img-pc {      display: none;    }    .video-section-m,    .video-section-img-m {      display: block;    }    .video-desc {      font-size: 15px;    }  }  @media screen and (min-width: 960px) {    .video-section {      width: 100%;      margin: 0 auto;    }    .video-section-pc,    .video-section-img-pc {      display: block;    }    .video-section-m,    .video-section-img-m {      display: none;    }    .video-desc {      font-size: 20px;    }  }<\/style><style>  .section + .section {    margin-top: 35px;  }  .section-title {    text-align: center;    font-weight: bold;    color: #0d1111;    font-family: \"Arial\";    font-size: 32px;    margin: 15px 0;  }  .section-title:empty {    display: none;  }  .section-desc {    text-align: center;    font-weight: normal;    color: #0d1111;    margin-top: 20px;  }  .section-desc:empty {    display: none;  }  .section-img {    width: 1200px;    height: 492px;    margin: 0 auto;    display: block;  }  .section-img.small {    width: 970px;    height: auto;  }  .section-img.small > img {    height: auto;  }  .section-img > img {    width: 100%;    height: 100%;  }  .section-mobile-img {    display: none;    max-width: 100vw;    max-height: 75vw;    height: 450px;    margin: 0 auto;  }  .section-mobile-img > img {    width: 100%;    height: 100%;  }  @media screen and (max-width: 960px) and (orientation: portrait) {    .container {      width: 100%;    }    .container.small {      width: 100%;    }    .section-mobile-img {      display: block;    }    .section-img {      display: none;    }    .section-title {      font-size: 22px;      margin: 10px 0;    }    .section-desc {      margin-top: 10px;    }    .section + .section {      margin-top: 20px;    }  }<\/style><\/head><body><div class=\"container\"><div class=\"logo\"><div class=\"pc-banner\"><div><img decoding=\"async\" src=\"\/vevor\/vevor\/boutique-banner\/pc\/en-pc@1x.jpg\" style=\"width: 100%;\" \/><\/div><\/div><div class=\"m-banner\"><div><img decoding=\"async\" src=\"\/vevor\/vevor\/boutique-banner\/mobile\/en-m@1x.jpg\" style=\"width: 100%;\" \/><\/div><\/div><\/div><div class=\"section-title\">Polarit\u0101te Atpaka\u013cgaitas p\u0101rsl\u0113g\u0161anas sl\u0113dzis<\/div><div class=\"video-section\"><div class=\"video-section-img-pc\"><img decoding=\"async\" src=\"\/vevor\/product\/XXZXQKZKGYXBNWRM6001\/toggle-switch-a100-1.4.jpg\" \/><\/div><div class=\"video-section-img-m\"><img decoding=\"async\" src=\"\/vevor\/product\/XXZXQKZKGYXBNWRM6001\/toggle-switch-a100-1.4-m.jpg\" \/><\/div><div class=\"section-desc\">VEVOR 6 kontaktu p\u0101rsl\u0113g\u0161anas sl\u0113dzim ir \u012bslaic\u012bga funkcija un 3 poz\u012bciju (ON)-OFF-(ON) dizains, kas nodro\u0161ina vienm\u0113r\u012bgu vad\u012bbu uz priek\u0161u\/atpaka\u013c. Nov\u0113rt\u0113ts DC 12V 30A un AC 250V 15A, tas nodro\u0161ina uzticamu veiktsp\u0113ju pla\u0161\u0101 automatiz\u0101cijas sist\u0113mu kl\u0101st\u0101.<\/div><\/div><div class=\"section\"><div class=\"section-title\"><\/div><div class=\"section-img\"><img decoding=\"async\" src=\"\/vevor\/product\/XXZXQKZKGYXBNWRM6001\/toggle-switch-a100-2.2.jpg\" \/><\/div><div class=\"section-mobile-img\"><img decoding=\"async\" src=\"\/vevor\/product\/XXZXQKZKGYXBNWRM6001\/toggle-switch-a100-2.2-m.jpg\" \/><\/div><div class=\"section-desc\">Iesp\u0113jo vienm\u0113r\u012bgu pacel\u0161anu un nolai\u0161anu ar \u0101tru polarit\u0101tes p\u0101rsl\u0113g\u0161anu, ide\u0101li piem\u0113rots da\u017e\u0101diem automatiz\u0113tiem pacel\u0161anas uzdevumiem.<\/div><\/div><div class=\"section\"><div class=\"section-title\"><\/div><div class=\"section-img\"><img decoding=\"async\" src=\"\/vevor\/product\/XXZXQKZKGYXBNWRM6001\/toggle-switch-a100-2.3.jpg\" \/><\/div><div class=\"section-mobile-img\"><img decoding=\"async\" src=\"\/vevor\/product\/XXZXQKZKGYXBNWRM6001\/toggle-switch-a100-2.3-m.jpg\" \/><\/div><div class=\"section-desc\">6 kontaktu dizains \u013cauj elast\u012bgi savienot vadus sare\u017e\u0123\u012bt\u0101m vad\u012bbas sist\u0113m\u0101m, pied\u0101v\u0101jot netrauc\u0113tu integr\u0101ciju ar pla\u0161u izpildmeh\u0101nismu un ier\u012b\u010du kl\u0101stu.<\/div><\/div><div class=\"section\"><div class=\"section-title\"><\/div><div class=\"section-img\"><img decoding=\"async\" src=\"\/vevor\/product\/XXZXQKZKGYXBNWRM6001\/toggle-switch-a100-2.4.jpg\" \/><\/div><div class=\"section-mobile-img\"><img decoding=\"async\" src=\"\/vevor\/product\/XXZXQKZKGYXBNWRM6001\/toggle-switch-a100-2.4-m.jpg\" \/><\/div><div class=\"section-desc\">Izstr\u0101d\u0101ts ar IP40 putek\u013cu aizsardz\u012bbu, lai blo\u0137\u0113tu da\u013ci\u0146u ietekmi uz iek\u0161\u0113jo meh\u0101nismu, ide\u0101li piem\u0113rots lieto\u0161anai m\u0101j\u0101s, biroj\u0101 un vieglai r\u016bpnieciskai lieto\u0161anai.<\/div><\/div><div class=\"section\"><div class=\"section-title\"><\/div><div class=\"section-img\"><img decoding=\"async\" src=\"\/vevor\/product\/XXZXQKZKGYXBNWRM6001\/toggle-switch-a100-2.5.jpg\" \/><\/div><div class=\"section-mobile-img\"><img decoding=\"async\" src=\"\/vevor\/product\/XXZXQKZKGYXBNWRM6001\/toggle-switch-a100-2.5-m.jpg\" \/><\/div><div class=\"section-desc\">Ide\u0101li piem\u0113rots automa\u0161\u012bnu modifik\u0101cij\u0101m, elektriskajiem logiem, elektriskajiem pac\u0113l\u0101ju plauktiem un j\u016bras ier\u012bc\u0113m, pied\u0101v\u0101jot elast\u012bbu automobi\u013cu, r\u016bpniec\u012bbas un j\u016bras automatiz\u0101cij\u0101.<\/div><\/div><div class=\"section\"><div class=\"section-img\"><img decoding=\"async\" src=\"\/vevor\/product\/XXZXQKZKGYXBNWRM6001\/toggle-switch-a100-1.11.jpg\" \/><\/div><div class=\"section-mobile-img\"><img decoding=\"async\" src=\"\/vevor\/product\/XXZXQKZKGYXBNWRM6001\/toggle-switch-a100-1.11-m.jpg\" \/><\/div><\/div><\/div><\/body><\/html><\/div>\n<div class=\"DM_at-title\" id=\"js-DM_at-title\"> <div>Produkta specifik\u0101cija<\/div> <i class=\"icon-arrowup_line\"><\/i> <\/div><div class=\"DM_at-goodsDescAttr\" id=\"js-DM_at-goodsDescAttr\"> <div class=\"DM_at-goodsDescAttrInner\"> <dl class=\"goodsDesc_item goodsDesc_item_even\"> <dt>Preces Mode\u013ca Numurs<\/dt> <dd> KN3A-223<\/dd> <\/dl> <dl class=\"goodsDesc_item\"> <dt>Ieejas Spriegums<\/dt> <dd> 15A 250V AC \/ 30A 12V DC<\/dd> <\/dl> <dl class=\"goodsDesc_item goodsDesc_item_even\"> <dt>Pin Daudzums<\/dt> <dd> 6 Pin<\/dd> <\/dl> <dl class=\"goodsDesc_item\"> <dt>Darb\u012bba<\/dt> <dd> Mirklis<\/dd> <\/dl> <dl class=\"goodsDesc_item goodsDesc_item_even\"> <dt>Kontaktpersonas veids<\/dt> <dd> DPDT<\/dd> <\/dl> <dl class=\"goodsDesc_item\"> <dt>Stieples garums<\/dt> <dd> 2,56 collas \/ 65 mm<\/dd> <\/dl> <dl class=\"goodsDesc_item goodsDesc_item_even\"> <dt>Mont\u0101\u017eas Cauruma Diametrs<\/dt> <dd> 0,47 collas \/ 12 mm<\/dd> <\/dl> <dl class=\"goodsDesc_item\"> <dt>Aizsardz\u012bbas v\u0113rt\u0113jums<\/dt> <dd> IP40<\/dd> <\/dl> <dl class=\"goodsDesc_item goodsDesc_item_even\"> <dt>Neto Svars<\/dt> <dd> 0,15 m\u0101rci\u0146as \/ 0,068 kg<\/dd> <\/dl> <dl class=\"goodsDesc_item\"> <dt>Produkta Izm\u0113ri<\/dt> <dd> 2,5 x 1,8 x 2,4 collas \/ 63,5 x 44,8 x 60,2 mm<\/dd> <\/dl> <\/div> <\/div>","protected":false},"excerpt":{"rendered":"<ul>\n<li> Galven\u0101s specifik\u0101cijas: Tapas daudzums: 6 Tapas; Darb\u012bba: Momentary; Kontakta veids: DPDT; 3 Poz\u012bcija: (IESL\u0112GTS)-IZSL\u0112GTS-(IESL\u0112GTS); Spriegums: 15A 250V AC, 30A 12V DC ; Stieples garums: 2.56\u2033 (65 mm). <\/li>\n<li> Augsta slodzes sp\u0113ja: \u0161is p\u0101rsl\u0113g\u0161anas sl\u0113dzis ir nov\u0113rt\u0113ts l\u012bdz 30A pie 12VDC vai 15A pie 250VAC, padarot to uzticamu lieljaudas starpliku izpildmeh\u0101nismiem un l\u012bdzstr\u0101vas motoru sist\u0113m\u0101m, nodro\u0161inot uzticamu veiktsp\u0113ju <\/li>\n<li> Polarit\u0101tes mai\u0146a bez piep\u016bles: ar ieb\u016bv\u0113tiem polarit\u0101ti apgrie\u017eo\u0161iem d\u017eemperiem \u0161is 3 poz\u012bciju moment\u0101nais p\u0101rsl\u0113g\u0161anas sl\u0113dzis nodro\u0161ina motora vad\u012bbu uz priek\u0161u\/atpaka\u013c bez nepiecie\u0161am\u012bbas p\u0101rsl\u0113gt vadu <\/li>\n<li> \u0100tr\u0101 uzst\u0101d\u012b\u0161ana: ar mont\u0101\u017eas paneli ar standarta 0,48 collu mont\u0101\u017eas caurumu, \u0161o p\u0101rsl\u0113g\u0161anas sl\u0113dzi ir viegli uzst\u0101d\u012bt uz pane\u013ca, vad\u012bbas k\u0101rb\u0101m vai iek\u0101rt\u0101m.Ir ar\u012b \u016bdensnecaurlaid\u012bgs bag\u0101\u017eas nodal\u012bjuma v\u0101ci\u0146a v\u0101ci\u0146\u0161 aizsardz\u012bbai pret putek\u013ciem <\/li>\n<li> Daudzpus\u012bga savietojam\u012bba: piem\u0113rots 12 V sist\u0113m\u0101m RV, laiv\u0101s, piekab\u0113s, iekr\u0101v\u0113jos, saules izsekot\u0101jos un automatiz\u0101cijas projektos, \u0161is polarit\u0101tes atpaka\u013cgaitas p\u0101rsl\u0113g\u0161anas sl\u0113dzis nodro\u0161ina efekt\u012bvu motora vad\u012bbu automobi\u013cu, j\u016bras un m\u0101jas iestat\u012bjumos <\/li>\n<\/ul>","protected":false},"featured_media":431096,"comment_status":"open","ping_status":"open","template":"","meta":{"om_disable_all_campaigns":false,"_monsterinsights_skip_tracking":false,"_monsterinsights_sitenote_active":false,"_monsterinsights_sitenote_note":"","_monsterinsights_sitenote_category":0,"_uf_show_specific_survey":0,"_uf_disable_surveys":false},"location":[1935,1934],"product_brand":[],"product_cat":[65,1133,66],"product_tag":[],"class_list":{"0":"post-214830","1":"product","2":"type-product","3":"status-publish","4":"has-post-thumbnail","6":"location-supplier_stock_location","7":"location-local_stock_location","8":"product_cat-hardware","9":"product_cat-linear-actuators","10":"product_cat-motion-control","12":"first","13":"outofstock","14":"taxable","15":"shipping-taxable","16":"purchasable","17":"product-type-simple"},"aioseo_notices":[],"jetpack_sharing_enabled":true,"locations":[{"id":1935,"name":"Pieg\u0101d\u0101ja noliktav\u0101 (5-7dd.d)","slug":"supplier_stock_location","quantity":"0"},{"id":1934,"name":"R\u012bgas veikal\u0101 (0-2d.d.)","slug":"local_stock_location","quantity":"0"}],"_links":{"self":[{"href":"https:\/\/vevorshop.lv\/lv\/wp-json\/wp\/v2\/product\/214830","targetHints":{"allow":["GET"]}}],"collection":[{"href":"https:\/\/vevorshop.lv\/lv\/wp-json\/wp\/v2\/product"}],"about":[{"href":"https:\/\/vevorshop.lv\/lv\/wp-json\/wp\/v2\/types\/product"}],"replies":[{"embeddable":true,"href":"https:\/\/vevorshop.lv\/lv\/wp-json\/wp\/v2\/comments?post=214830"}],"wp:featuredmedia":[{"embeddable":true,"href":"https:\/\/vevorshop.lv\/lv\/wp-json\/wp\/v2\/media\/431096"}],"wp:attachment":[{"href":"https:\/\/vevorshop.lv\/lv\/wp-json\/wp\/v2\/media?parent=214830"}],"wp:term":[{"taxonomy":"location","embeddable":true,"href":"https:\/\/vevorshop.lv\/lv\/wp-json\/wp\/v2\/location?post=214830"},{"taxonomy":"product_brand","embeddable":true,"href":"https:\/\/vevorshop.lv\/lv\/wp-json\/wp\/v2\/product_brand?post=214830"},{"taxonomy":"product_cat","embeddable":true,"href":"https:\/\/vevorshop.lv\/lv\/wp-json\/wp\/v2\/product_cat?post=214830"},{"taxonomy":"product_tag","embeddable":true,"href":"https:\/\/vevorshop.lv\/lv\/wp-json\/wp\/v2\/product_tag?post=214830"}],"curies":[{"name":"wp","href":"https:\/\/api.w.org\/{rel}","templated":true}]}}