{"id":216845,"date":"2025-12-04T15:37:50","date_gmt":"2025-12-04T13:37:50","guid":{"rendered":"https:\/\/vevorshop.lv\/en_us\/Prece\/vevor-heated-socks-with-10000mah-battery-4-heat-levels-app-control-thermal-socks-for-men-women-ideal-for-winter-sports-outdoors\/"},"modified":"2026-04-27T13:08:55","modified_gmt":"2026-04-27T10:08:55","slug":"vevor-heated-socks-with-10000mah-battery-4-heat-levels-app-control-thermal-socks-for-men-women-ideal-for-winter-sports-outdoors","status":"publish","type":"product","link":"https:\/\/vevorshop.lv\/lv\/Prece\/vevor-apsildamas-zekes-ar-10000mah-akumulatoru-4-siltuma-limeni-app-kontrole-termo-zekes-viriesiem-sievietem-ideali-piemerots-ziemas-sporta-briva-daba\/","title":{"rendered":"VEVOR Elektrisk\u0101s Sild\u0101m\u0101s Ze\u0137es ar 10000mAh Akumulatoru, 4 Siltuma L\u012bme\u0146i, APP Vad\u012bba, Silti Ze\u0137es Ziemai un K\u0101j\u0101m"},"content":{"rendered":"<div style=\"color: #fff!important; font-size: 16px; height: 24px; line-height: 24px; margin-top: -24px; \" class=\"product_original_name\">VEVOR apsild\u0101mas ze\u0137es, ar 5000 mAh akumulatoru darbin\u0101mas, uzl\u0101d\u0113jamas sild\u012b\u0161anas ze\u0137es ar 4 apkures l\u012bme\u0146iem, elektriski apsild\u0101mas ze\u0137es ar APP vad\u012bbu v\u012brie\u0161iem sieviet\u0113m, k\u0101ju sild\u012bt\u0101js med\u012bb\u0101m, izj\u0101des kempingiem, p\u0101rg\u0101jieniem<\/div>\n<div style=\"color: #fff!important; font-size: 16px; height: 24px; line-height: 24px; margin-top: -24px; \" class=\"product_sku\">MI4C9VCN<\/div>\n<div style=\"color: #fff!important; font-size: 16px; height: 24px; line-height: 24px; margin-top: -24px; \" class=\"product_mpn\">JRWJZXWLMAPP0RIN2001V9<\/div><div id=\"js-DM_at-goodDescRich\"><html><head><style>  body {    font-family: Arial;    line-height: 1.5;    color: #1c1c1c;    overflow-x: hidden;    margin: 0;    padding: 0;  }  .MsoNormal b {    font-weight: bolder;  }<\/style><style>  .container.small {    width: 970px;    margin: 0 auto;  }  .logo {    margin: 0 auto 0;  }  .logo img {    display: block;    margin: 0 auto;    max-width: 100%;  }  .logo .pc-banner {    display: block;    width: 1200px;    height: 247.4px;    margin: 0 auto;  }  .logo .pc-banner.small {    width: 970px;  }  .logo .pc-banner.small img {    height: auto!important;  }  .logo .m-banner {    display: none;  }  .ytvideo {    position: relative;    height: 546px;    width: 100%;    margin: 0 auto;  }  .ytvideo img {    width: 100%;    margin: 0 auto;  }  .ytvideo .play-btn {    width: 60px;    height: 42px;    position: absolute;    top: 50%;    left: 50%;    transform: translate(-50%, -50%);    background: url(\"data:image\/png;base64,iVBORw0KGgoAAAANSUhEUgAAAGQAAABGCAMAAAANWMFbAAAC+lBMVEUAAADBGB3kLCfBGB3kLCfcJC7BFx3KKSbiKybkLCbWJCPSIiLSIiLPICHAFx3kLCfgKSXNHiDZJiTIGx\/p4eHcjo7LHSDbJyTkLCbjKyfOHyHPIiL28fHJHB\/GGh7EGR7eKCXDGB3RISHlLSbBGB3AFxzGHB7DGB7BGB3hKybkKybAFx3lLCfAFxzDGR3hKibDGB7cJyTmz8\/elJTlwcHjurrUIyLlLSflLSfAFx3DGR7lLSfCFx3hKibhKibhKybjKybkLCblLSfbJSX49vbx7e3NNzjNMTLMJyjVIyLZf3\/ZQ0LaeHjx0tLgoqLkLCfCGB3HGx\/BGB3BFx3PICHCGB7WJCLOHyC\/Fxy\/Fx3lLCfQISHkLSe\/FxzbJiTBFx3FGx\/AGB7BFx3EGR7AGB3HHSDfKiXAFh3TISHYNzbhKibbJyTTIiL57e325+f039\/v2NjUV1fOHiHiqanfmprch4feKSXVIyPOICHmLibFGh\/mLSe\/Fx7XJCPeKSXXJSPNHyHaJyTGGh7lLCbmLCflLSjSIiLkLCbdKSXLHiC\/GB3KHh++Fh3lKyfoLiXcKCPkx8fYb2\/XaGfVXl3aU1LLHiDksbHgKibPICHbJyTfKSXbJyTCGB3KHSDiKybFGh7TIiL\/\/\/\/VIyPRISHIHB\/GGx\/HHB\/DGR7gKibdKCXLHiDZJiTMHiDNHyHYJSTOICHPICHWJCPcKCXXJSPjLCblLCf+\/f3NGR\/uLijzLynPGR\/IGB7WISHaIyLLGh7UAADxLynNAADRLzDbICLQAADIAAD3MCrUHSHXMTDpKSbLAADp5OTij4\/ejo\/VLy\/1LyngJSTcJCPQHx\/OHB7+\/PzaMS\/OLS\/vLijrLSjSAADaNTPwLyjkKSbNJCbYISHPHB\/KGB7WAAD7+vrn3d3aKynTKCjoLCfsKifRGh\/YAADq5+fhjo7QNDXXKCfmJyXt5+fTLzDLLi\/QKivYHRvMGBrQJCXLISPMExXLDxLaEAvkkI\/bOTfaFQ\/SCgpvLcnHAAAAmnRSTlMA+vv7+gT9Bvf9+8z8\/NSv\/Pr5+P7++vnQIBMP\/v38\/Pn348XDiCYf9OjbzcqxXVcx\/fz8+\/rj1r2poo1+fXFqX0orGP7+\/v7+\/fz8+\/r68uzn4trIxsG\/vri3p6GcmZSNbWVYUUZEPQv+\/f39+\/v7+\/v7+vr64tvV1NTTz87FtbSurqeblJKFg4B3bUY+NjL7+\/v7+\/v67t1cDo8JLQAABkRJREFUWMO0kz9rwkAYh0OIeJkum6YugUAhISCdKoj\/P4C7SMdS+gEKIhSKil10LSg4mzXkILdlEpxCpwTiWOLX6BujvQaEQuGeHLnL+\/64J+SIcKGYTYWnntpdLjrVdqvZmNdn0+EE40GtpuuWVS6Xx6N7YDSGpWXpeq02wHgynM7q80az1a52HpddtVcpsi1zFARBrdaxbhp9iUReTGmwA4KAAr7vx3EYejnCMI6hQYEgy0LQi4jUN0wL19vqFcUC9\/1dAKmEEFkWRYkh5oBejnxQJiSJPJ\/uKBp0Thszx9Mw8hMRIQjKsptCfuES9zr5WJY6vSFCIvE9fCMUmEM1A1kSXcYGxgVYsvI1IPKTZciSTI0us\/SMGG04gDzELDoFBwdcFJrF88dqgYMTiL6DILWYyfOWE8\/kIz38olCNlC03FK95+imxp6y4oUSvAnBjHHhKNtotSDqJzVFiK8c2SBqhZtsrTtgrLXwAyduxZHNE26eHUt5rtuM4WSmds3G+sUdWYo1L+XyxButoh5eKUHk5lByO3G1LqqCWVnfrv\/lyPtf\/4ps1cndNGIri8J1TJ0lx6dR\/oPjq1nbRwdp2dCk4CtIOLW3pVKRL6WZfS5vF2KkIQhpwSsjiYIgNCs1gEMGqiIq24NQX9NwoXFy8Ufrl3twTcg4fv8T9\/JBEySduj6Mjm4bMzYV7EEOxKjjoNDud7yY3Dy71Hq2oLmqfbNR723edH9PgMrNL2utoQ3VmaIDkiw\/4w51P06hlZsTZvkRrbVuSIs\/zwSOsycgzStQouoAkWQqioRT5XI7n2Z1wfVhoZmcAJLsoqjqpjbWCgpOAJXBwHK8PzWbNvoUZJND5wCnSkLAkZ1legx6vqQzjoiTahKlGUGLAiIIoABOHaNVw4sexZBym6\/HWlH5h3IC7yRbxtipcWxdTOkORKiNQAEkFf66x5S2oeRbroOlLgg0sSYkR0hRGEqJZ0jTPiQKatESdBckpWigxaapEH0lImHdWu9pUFF2XqMNM2Z4kped7IwEJw2qabwtrQqnpw6HyKkgcadKWsmpywwesDyIhYRpdzXddqegtGIJlXbAIUMOLkGxJUjRIkokwjUaX9d\/kK62ps\/tYUqZLIMkLTyBhsMZ3C5Z\/kDxOSCb\/DOs\/\/J0qcWSX\/2ipe56EgTCA4\/cB7NAYOsni4mZM1MUPAISoEwkDi4lhVBQ1cWQyIcwalw4EpqZN68JUSK7XC0kTlkLYii5uXSC8jT5ncCAS7mjCv0uHp\/3lueHEEAeQ\/\/VgmdN71\/2uCSA1Xr6DO6uI6sW56zqT2tp2PhgiRUAajV8CY2fkcz6WGNKMgLAt7tJAhD4YHMTeRxlALE6+43WqjSWi8ITxyJl8WrwWSNESQZZOqhDDntO3hJLsd5RtSpbJqdv3YrDJH3F7jL1R2O2aQkn2MyCyKYz0GPGIvSAMgBCrCEiJyKbBaYGwLW4uPRr0A0M4Ux5kUI7IBh+hMdiCEWNqhMZGyYMsOgNE58UQuEQeUnSWCMYwL54hkxK6IoqucQZbQ3pc3XtL0lky1dL0zZJJDpWJovFqpWj6JEHnyam2eQp5QRVAVHjWparTOaVwUOx99YS2MvgxIGV0bb+qIg2HX2qkFFJB+XZcbLiuRkuxD9GRroKyveLxdh4d7Orx+hb7qc3uVRuEogCOnyIxm4ubUoPgF4jianDrC+SDQDKEfJb0GUKmjCGPYHGJvVC6X4hw1\/sAfQAdfYyephIaspXe36RwOP+Ljvfx9B6B3i+Nk0DGq+oCbLn6JpBa9nWAveAIHwFAwtVcIJXPMPL8kRu5OAYPMaL1WScTxjiZDqB9LTJSWphow\/pTYKRTLjCBhvi9iBidvKcDasGSm0QQkycYuLBqj6QCELPctqChDWpTRMWkngNNpQ1Pfp1KkiT\/Y0DGffXAweUNfLAfaJFKDwhb6I+bkYRbkERoEeu3Fyjg2opMz2daZCS9jt6Q7txNfB+OZEVF6Zl5web2xunnLQrtrjXseXKaFYziYINeMFZVxS9VxRhOoesYwxPKXm+gWLG9cuFeq93UNNeJNsf1KlwuDok9n02n3TgIJpOxNfL9naIoQwXtfH9kjceTIIi709ncTg6LZbg+biLH1V6u\/7rxBem06VXKn9raAAAAAElFTkSuQmCC\")      no-repeat center center \/ contain;  }  @media screen and (max-width: 960px) and (orientation: portrait) {    .logo {      width: 100%;    }    .logo .pc-banner {      display: none;    }    .logo .m-banner {      display: block;      width: 100%;    }    .logo .m-banner img {      height: auto!important;    }    .ytvideo {      height: 200px;      width: 100%;    }  }<\/style><style>  .video-section {    width: 100%;    margin: 0 auto;  }  .video-section > img {    width: 100%;  }  .video-section iframe,  .video-section video {    width: 100%;    height: 100%;      }  .video-section-img-m,  .video-section-img-pc > img {    width: 100%;    height: auto;  }  .video-section-img-pc.small > img {    width: 970px;  }  .video-desc {    line-height: 1.5;    font-size: 20px;    font-weight: 400;    margin: 20px 0;    text-align: center;    color: #0f1111;    word-break: break-word;  }  @media screen and (max-width: 960px) and (orientation: portrait) {    .video-section {      width: 100%;    }    .video-section-pc,    .video-section-img-pc {      display: none;    }    .video-section-m,    .video-section-img-m {      display: block;    }    .video-desc {      font-size: 15px;    }  }  @media screen and (min-width: 960px) {    .video-section {      width: 100%;      margin: 0 auto;    }    .video-section-pc,    .video-section-img-pc {      display: block;    }    .video-section-m,    .video-section-img-m {      display: none;    }    .video-desc {      font-size: 20px;    }  }<\/style><style>  .section + .section {    margin-top: 35px;  }  .section-title {    text-align: center;    font-weight: bold;    color: #0d1111;    font-family: \"Arial\";    font-size: 32px;    margin: 15px 0;  }  .section-title:empty {    display: none;  }  .section-desc {    text-align: center;    font-weight: normal;    color: #0d1111;    margin-top: 20px;  }  .section-desc:empty {    display: none;  }  .section-img {    width: 1200px;    height: 492px;    margin: 0 auto;    display: block;  }  .section-img.small {    width: 970px;    height: auto;  }  .section-img.small > img {    height: auto;  }  .section-img > img {    width: 100%;    height: 100%;  }  .section-mobile-img {    display: none;    max-width: 100vw;    max-height: 75vw;    height: 450px;    margin: 0 auto;  }  .section-mobile-img > img {    width: 100%;    height: 100%;  }  @media screen and (max-width: 960px) and (orientation: portrait) {    .container {      width: 100%;    }    .container.small {      width: 100%;    }    .section-mobile-img {      display: block;    }    .section-img {      display: none;    }    .section-title {      font-size: 22px;      margin: 10px 0;    }    .section-desc {      margin-top: 10px;    }    .section + .section {      margin-top: 20px;    }  }<\/style><\/head><body><div class=\"container\"><div class=\"logo\"><div class=\"pc-banner\"><div><img decoding=\"async\" src=\"\/vevor\/vevor\/boutique-banner\/pc\/en-pc@1x.jpg\" style=\"width: 100%;\" \/><\/div><\/div><div class=\"m-banner\"><div><img decoding=\"async\" src=\"\/vevor\/vevor\/boutique-banner\/mobile\/en-m@1x.jpg\" style=\"width: 100%;\" \/><\/div><\/div><\/div><div class=\"section-title\">Apsild\u0101mas ze\u0137es aukstuma iekaro\u0161anai<\/div><div class=\"video-section\"><div class=\"video-section-img-pc\"><img decoding=\"async\" src=\"\/vevor\/product\/JRWJZXWLMAPP0RIN2001\/heated-socks-a100-1.4.jpg\" \/><\/div><div class=\"video-section-img-m\"><img decoding=\"async\" src=\"\/vevor\/product\/JRWJZXWLMAPP0RIN2001\/heated-socks-a100-1.4-m.jpg\" \/><\/div><div class=\"section-desc\">M\u016bsu apsild\u0101m\u0101s ze\u0137es ar \u010detriem siltuma iestat\u012bjumiem, ide\u0101li piem\u0113rotas ikvienam - no jauniem piedz\u012bvojumu mekl\u0113t\u0101jiem l\u012bdz senioriem - nodro\u0161inot, ka ikviens paliek silts un m\u0101j\u012bgs jebkuros apst\u0101k\u013cos.<\/div><\/div><div class=\"section\"><div class=\"section-title\"><\/div><div class=\"section-img\"><img decoding=\"async\" src=\"\/vevor\/product\/JRWJZXWLMAPP0RIN2001\/heated-socks-a100-2.2.jpg\" \/><\/div><div class=\"section-mobile-img\"><img decoding=\"async\" src=\"\/vevor\/product\/JRWJZXWLMAPP0RIN2001\/heated-socks-a100-2.2-m.jpg\" \/><\/div><div class=\"section-desc\">Akumulatora apsild\u0101mo ze\u0137u sild\u012b\u0161anas vadi ap\u0146em j\u016bsu priek\u0161p\u0113du, efekt\u012bvi izklied\u0113jot siltumu Augstas kvalit\u0101tes materi\u0101li nofiks\u0113jas siltum\u0101, nodro\u0161inot maksim\u0101lu komfortu ilgsto\u0161am siltumam visu dienu.<\/div><\/div><div class=\"section\"><div class=\"section-title\"><\/div><div class=\"section-img\"><img decoding=\"async\" src=\"\/vevor\/product\/JRWJZXWLMAPP0RIN2001\/heated-socks-a100-2.3.jpg\" \/><\/div><div class=\"section-mobile-img\"><img decoding=\"async\" src=\"\/vevor\/product\/JRWJZXWLMAPP0RIN2001\/heated-socks-a100-2.3-m.jpg\" \/><\/div><div class=\"section-desc\">Ide\u0101li piem\u0113rots jebkurai videi - darbam, m\u0101c\u012bb\u0101m, sl\u0113po\u0161anai, p\u0101rg\u0101jieniem, brauk\u0161anai un daudz ko citu! \u0160\u012bs elektrisk\u0101s apsild\u0101m\u0101s ze\u0137es uztur siltumu aktivit\u0101\u0161u laik\u0101 telp\u0101s vai \u0101r\u0101, lai izklaid\u0113tos vai veiktu darbus.<\/div><\/div><div class=\"section\"><div class=\"section-title\"><\/div><div class=\"section-img\"><img decoding=\"async\" src=\"\/vevor\/product\/JRWJZXWLMAPP0RIN2001\/heated-socks-a100-2.4.jpg\" \/><\/div><div class=\"section-mobile-img\"><img decoding=\"async\" src=\"\/vevor\/product\/JRWJZXWLMAPP0RIN2001\/heated-socks-a100-2.4-m.jpg\" \/><\/div><div class=\"section-desc\">Ar \u012bpa\u0161u ve\u013cas maisi\u0146u \u0161\u012bs uzl\u0101d\u0113jam\u0101s sild\u012b\u0161anas ze\u0137es var mazg\u0101t, nezaud\u0113jot formu vai siltumu Mod\u0101lais audums ir m\u012bksts, iztur\u012bgs pret sarau\u0161anos un viegli kopjams.<\/div><\/div><div class=\"section\"><div class=\"section-title\"><\/div><div class=\"section-img\"><img decoding=\"async\" src=\"\/vevor\/product\/JRWJZXWLMAPP0RIN2001\/heated-socks-a100-2.5.jpg\" \/><\/div><div class=\"section-mobile-img\"><img decoding=\"async\" src=\"\/vevor\/product\/JRWJZXWLMAPP0RIN2001\/heated-socks-a100-2.5-m.jpg\" \/><\/div><div class=\"section-desc\">Ar akumulatoru darbin\u0101mo ze\u0137u elast\u012bgais materi\u0101ls piepel\u0113 pie k\u0101jas, t\u0101p\u0113c izm\u0113ru noteik\u0161ana ir vienk\u0101r\u0161a. Piem\u0113rots v\u012brie\u0161iem un sieviet\u0113m, un p\u0101rdom\u0101ta d\u0101vana j\u016bsu \u0123imenei - vairs neuztraucieties par izm\u0113ru!<\/div><\/div><div class=\"section\"><div class=\"section-img\"><img decoding=\"async\" src=\"\/vevor\/product\/JRWJZXWLMAPP0RIN2001\/heated-socks-a100-1.11.jpg\" \/><\/div><div class=\"section-mobile-img\"><img decoding=\"async\" src=\"\/vevor\/product\/JRWJZXWLMAPP0RIN2001\/heated-socks-a100-1.11-m.jpg\" \/><\/div><\/div><\/div><\/body><\/html><\/div>\n<div class=\"DM_at-title\" id=\"js-DM_at-title\"> <div>Produkta specifik\u0101cija<\/div> <i class=\"icon-arrowup_line\"><\/i> <\/div><div class=\"DM_at-goodsDescAttr\" id=\"js-DM_at-goodsDescAttr\"> <div class=\"DM_at-goodsDescAttrInner\"> <dl class=\"goodsDesc_item goodsDesc_item_even\"> <dt>Preces Mode\u013ca Numurs<\/dt> <dd> KEC-5000<\/dd> <\/dl> <dl class=\"goodsDesc_item\"> <dt>Ze\u0137u materi\u0101ls<\/dt> <dd> Mod\u0101l\u0101 kodola dzija + m\u0101ksl\u012bg\u0101s \u016bdeles vilna<\/dd> <\/dl> <dl class=\"goodsDesc_item goodsDesc_item_even\"> <dt>Izm\u0113rs<\/dt> <dd> L<\/dd> <\/dl> <dl class=\"goodsDesc_item\"> <dt>Piem\u0113rojamais diapazons<\/dt> <dd> ASV<\/dd> <\/dl> <dl class=\"goodsDesc_item goodsDesc_item_even\"> <dt>Kr\u0101sa<\/dt> <dd> Melns un pel\u0113ks un oran\u017es<\/dd> <\/dl> <dl class=\"goodsDesc_item\"> <dt>Neto Svars<\/dt> <dd> 1,06 m\u0101rci\u0146as \/ 0,48 kg<\/dd> <\/dl> <\/div> <\/div>","protected":false},"excerpt":{"rendered":"<ul>\n<li> \u010cetru temperat\u016bru kontrole: p\u0101rsl\u0113dzieties starp \u010detriem m\u016bsu ar akumulatoru darbin\u0101mo ze\u0137u siltuma l\u012bme\u0146iem no 40 \u00b0C l\u012bdz 70 \u00b0C. Piel\u0101gojiet ar fizisko pogu vai lietotni, padarot to vienk\u0101r\u0161u pat ar cimdiem, lai j\u016bs paliktu \u0113rti, neuztraucoties par p\u0101r\u0101k daudz vai p\u0101r\u0101k maz siltuma <\/li>\n<li> 360\u00b0 Apkure: M\u016bsu elektrisko apsild\u0101mo ze\u0137u siltuma vads aptver j\u016bsu pirkstus, zoles un k\u0101ju aug\u0161da\u013cas, nodro\u0161inot vienm\u0113r\u012bgu siltumu, lai j\u016bs b\u016btu grauzd\u0113ti aukstos apst\u0101k\u013cos Ide\u0101li piem\u0113rots \u0101ra darbiniekiem un ziemas sporta cien\u012bt\u0101jiem, nodro\u0161inot siltumu tur, kur tas visvair\u0101k nepiecie\u0161ams <\/li>\n<li> Ilgs akumulatora darb\u012bbas laiks: Dual litija baterijas, ar kop\u0113jo ietilp\u012bbu 10 000mAh, pied\u0101v\u0101 l\u012bdz 7 stund\u0101m nep\u0101rtrauktu siltumu zem\u0101kaj\u0101 iestat\u012bjum\u0101. Uzl\u0101d\u0113jam\u0101s apsild\u0101m\u0101s ze\u0137es ir ide\u0101li piem\u0113rotas p\u0101rg\u0101jieniem, kempingiem vai ziemas braucieniem, un nav nepiecie\u0161ama bie\u017ea uzl\u0101de <\/li>\n<li> Daudzpus\u012bgs visiem scen\u0101rijiem: \u0160\u012bs apsildes ze\u0137es ir ide\u0101li piem\u0113rotas jebkuram \u0101ra piedz\u012bvojumam \u2014 sl\u0113po\u0161anai, p\u0101rg\u0101jieniem, zemledus mak\u0161\u0137er\u0113\u0161anai vai pat pastaig\u0101m ar suni. Piem\u0113rots visu vecumu cilv\u0113kiem, uzturot siltumu un m\u0101j\u012bgumu jebkuros apst\u0101k\u013cos <\/li>\n<li> \u0112rts un Iztur\u012bgs: Ma\u0161\u012bn\u0101 vai ar rok\u0101m mazg\u0101jams, ar speci\u0101lu ve\u013cas maisi\u0146u M\u016bsu akumulatora apsild\u0101m\u0101s ze\u0137es ir izgatavotas no \u0101dai draudz\u012bgas mod\u0101l\u0101s \u0161\u0137iedras un m\u0101ksl\u012bg\u0101s \u016bdeles oderes, nodro\u0161inot siltumu un komfortu visu dienu bez diskomforta Iztur\u012bgs, ilgsto\u0161s nodilums <\/li>\n<\/ul>","protected":false},"featured_media":432954,"comment_status":"open","ping_status":"closed","template":"","meta":{"om_disable_all_campaigns":false,"_uf_show_specific_survey":0,"_uf_disable_surveys":false},"location":[1935,1934],"product_brand":[],"product_cat":[2293,1174,460],"product_tag":[],"class_list":{"0":"post-216845","1":"product","2":"type-product","3":"status-publish","4":"has-post-thumbnail","6":"location-supplier_stock_location","7":"location-local_stock_location","8":"product_cat-foot-warmers","9":"product_cat-sports-outdoor-recreation-accessories","10":"product_cat-sports-recreation","12":"first","13":"outofstock","14":"taxable","15":"shipping-taxable","16":"purchasable","17":"product-type-simple"},"aioseo_notices":[],"locations":[{"id":1935,"name":"Pieg\u0101d\u0101ja noliktav\u0101 (5-7dd.d)","slug":"supplier_stock_location","quantity":"0"},{"id":1934,"name":"R\u012bgas veikal\u0101 (0-2d.d.)","slug":"local_stock_location","quantity":"0"}],"_links":{"self":[{"href":"https:\/\/vevorshop.lv\/lv\/wp-json\/wp\/v2\/product\/216845","targetHints":{"allow":["GET"]}}],"collection":[{"href":"https:\/\/vevorshop.lv\/lv\/wp-json\/wp\/v2\/product"}],"about":[{"href":"https:\/\/vevorshop.lv\/lv\/wp-json\/wp\/v2\/types\/product"}],"replies":[{"embeddable":true,"href":"https:\/\/vevorshop.lv\/lv\/wp-json\/wp\/v2\/comments?post=216845"}],"wp:featuredmedia":[{"embeddable":true,"href":"https:\/\/vevorshop.lv\/lv\/wp-json\/wp\/v2\/media\/432954"}],"wp:attachment":[{"href":"https:\/\/vevorshop.lv\/lv\/wp-json\/wp\/v2\/media?parent=216845"}],"wp:term":[{"taxonomy":"location","embeddable":true,"href":"https:\/\/vevorshop.lv\/lv\/wp-json\/wp\/v2\/location?post=216845"},{"taxonomy":"product_brand","embeddable":true,"href":"https:\/\/vevorshop.lv\/lv\/wp-json\/wp\/v2\/product_brand?post=216845"},{"taxonomy":"product_cat","embeddable":true,"href":"https:\/\/vevorshop.lv\/lv\/wp-json\/wp\/v2\/product_cat?post=216845"},{"taxonomy":"product_tag","embeddable":true,"href":"https:\/\/vevorshop.lv\/lv\/wp-json\/wp\/v2\/product_tag?post=216845"}],"curies":[{"name":"wp","href":"https:\/\/api.w.org\/{rel}","templated":true}]}}