{"id":219955,"date":"2025-12-04T16:55:10","date_gmt":"2025-12-04T14:55:10","guid":{"rendered":"https:\/\/vevorshop.lv\/en_us\/Prece\/vevor-82mm-cordless-handheld-wood-planer-15000-rpm-brushless-motor-adjustable-2mm-depth-bare-tool-only-18v-compatible\/"},"modified":"2026-04-27T00:39:53","modified_gmt":"2026-04-26T21:39:53","slug":"vevor-82mm-cordless-handheld-wood-planer-15000-rpm-brushless-motor-adjustable-2mm-depth-bare-tool-only-18v-compatible","status":"publish","type":"product","link":"https:\/\/vevorshop.lv\/lv\/Prece\/vevor-82mm-bezvadu-rokas-koka-evele-15000-rpm-bezsuku-motors-regulejams-2mm-dzilums-tukss-instruments-tikai-18v-saderigs-2\/","title":{"rendered":"VEVOR bezvadu rokas \u0113velis 82 mm, 15000 RPM, bezsuku motors, regul\u0113jams dzi\u013cums, kokapstr\u0101dei, tikai r\u012bks"},"content":{"rendered":"<div style=\"color: #fff!important; font-size: 16px; height: 24px; line-height: 24px; margin-top: -24px; \" class=\"product_original_name\">VEVOR akumulatora rokas \u0113vele, 82 mm griezuma platums, 15 000 RPM elektrisk\u0101 rokas koka \u0113vele ar bezsuku motoru, regul\u0113jams grie\u0161anas dzi\u013cums kokapstr\u0101dei, sader\u012bga ar VEVOR 18V akumulatoru (tikai kailinstruments)<\/div>\n<div style=\"color: #fff!important; font-size: 16px; height: 24px; line-height: 24px; margin-top: -24px; \" class=\"product_sku\">MIJ699BX<\/div>\n<div style=\"color: #fff!important; font-size: 16px; height: 24px; line-height: 24px; margin-top: -24px; \" class=\"product_mpn\">WXDDSCBBCBDDC4TGZ8001V9<\/div><div id=\"js-DM_at-goodDescRich\"><html><head><style>  body {    font-family: Arial;    line-height: 1.5;    color: #1c1c1c;    overflow-x: hidden;    margin: 0;    padding: 0;  }  .MsoNormal b {    font-weight: bolder;  }<\/style><style>  .container.small {    width: 970px;    margin: 0 auto;  }  .logo {    margin: 0 auto 0;  }  .logo img {    display: block;    margin: 0 auto;    max-width: 100%;  }  .logo .pc-banner {    display: block;    width: 1200px;    height: 247.4px;    margin: 0 auto;  }  .logo .pc-banner.small {    width: 970px;  }  .logo .pc-banner.small img {    height: auto!important;  }  .logo .m-banner {    display: none;  }  .ytvideo {    position: relative;    height: 546px;    width: 100%;    margin: 0 auto;  }  .ytvideo img {    width: 100%;    margin: 0 auto;  }  .ytvideo .play-btn {    width: 60px;    height: 42px;    position: absolute;    top: 50%;    left: 50%;    transform: translate(-50%, -50%);    background: url(\"data:image\/png;base64,iVBORw0KGgoAAAANSUhEUgAAAGQAAABGCAMAAAANWMFbAAAC+lBMVEUAAADBGB3kLCfBGB3kLCfcJC7BFx3KKSbiKybkLCbWJCPSIiLSIiLPICHAFx3kLCfgKSXNHiDZJiTIGx\/p4eHcjo7LHSDbJyTkLCbjKyfOHyHPIiL28fHJHB\/GGh7EGR7eKCXDGB3RISHlLSbBGB3AFxzGHB7DGB7BGB3hKybkKybAFx3lLCfAFxzDGR3hKibDGB7cJyTmz8\/elJTlwcHjurrUIyLlLSflLSfAFx3DGR7lLSfCFx3hKibhKibhKybjKybkLCblLSfbJSX49vbx7e3NNzjNMTLMJyjVIyLZf3\/ZQ0LaeHjx0tLgoqLkLCfCGB3HGx\/BGB3BFx3PICHCGB7WJCLOHyC\/Fxy\/Fx3lLCfQISHkLSe\/FxzbJiTBFx3FGx\/AGB7BFx3EGR7AGB3HHSDfKiXAFh3TISHYNzbhKibbJyTTIiL57e325+f039\/v2NjUV1fOHiHiqanfmprch4feKSXVIyPOICHmLibFGh\/mLSe\/Fx7XJCPeKSXXJSPNHyHaJyTGGh7lLCbmLCflLSjSIiLkLCbdKSXLHiC\/GB3KHh++Fh3lKyfoLiXcKCPkx8fYb2\/XaGfVXl3aU1LLHiDksbHgKibPICHbJyTfKSXbJyTCGB3KHSDiKybFGh7TIiL\/\/\/\/VIyPRISHIHB\/GGx\/HHB\/DGR7gKibdKCXLHiDZJiTMHiDNHyHYJSTOICHPICHWJCPcKCXXJSPjLCblLCf+\/f3NGR\/uLijzLynPGR\/IGB7WISHaIyLLGh7UAADxLynNAADRLzDbICLQAADIAAD3MCrUHSHXMTDpKSbLAADp5OTij4\/ejo\/VLy\/1LyngJSTcJCPQHx\/OHB7+\/PzaMS\/OLS\/vLijrLSjSAADaNTPwLyjkKSbNJCbYISHPHB\/KGB7WAAD7+vrn3d3aKynTKCjoLCfsKifRGh\/YAADq5+fhjo7QNDXXKCfmJyXt5+fTLzDLLi\/QKivYHRvMGBrQJCXLISPMExXLDxLaEAvkkI\/bOTfaFQ\/SCgpvLcnHAAAAmnRSTlMA+vv7+gT9Bvf9+8z8\/NSv\/Pr5+P7++vnQIBMP\/v38\/Pn348XDiCYf9OjbzcqxXVcx\/fz8+\/rj1r2poo1+fXFqX0orGP7+\/v7+\/fz8+\/r68uzn4trIxsG\/vri3p6GcmZSNbWVYUUZEPQv+\/f39+\/v7+\/v7+vr64tvV1NTTz87FtbSurqeblJKFg4B3bUY+NjL7+\/v7+\/v67t1cDo8JLQAABkRJREFUWMO0kz9rwkAYh0OIeJkum6YugUAhISCdKoj\/P4C7SMdS+gEKIhSKil10LSg4mzXkILdlEpxCpwTiWOLX6BujvQaEQuGeHLnL+\/64J+SIcKGYTYWnntpdLjrVdqvZmNdn0+EE40GtpuuWVS6Xx6N7YDSGpWXpeq02wHgynM7q80az1a52HpddtVcpsi1zFARBrdaxbhp9iUReTGmwA4KAAr7vx3EYejnCMI6hQYEgy0LQi4jUN0wL19vqFcUC9\/1dAKmEEFkWRYkh5oBejnxQJiSJPJ\/uKBp0Thszx9Mw8hMRIQjKsptCfuES9zr5WJY6vSFCIvE9fCMUmEM1A1kSXcYGxgVYsvI1IPKTZciSTI0us\/SMGG04gDzELDoFBwdcFJrF88dqgYMTiL6DILWYyfOWE8\/kIz38olCNlC03FK95+imxp6y4oUSvAnBjHHhKNtotSDqJzVFiK8c2SBqhZtsrTtgrLXwAyduxZHNE26eHUt5rtuM4WSmds3G+sUdWYo1L+XyxButoh5eKUHk5lByO3G1LqqCWVnfrv\/lyPtf\/4ps1cndNGIri8J1TJ0lx6dR\/oPjq1nbRwdp2dCk4CtIOLW3pVKRL6WZfS5vF2KkIQhpwSsjiYIgNCs1gEMGqiIq24NQX9NwoXFy8Ufrl3twTcg4fv8T9\/JBEySduj6Mjm4bMzYV7EEOxKjjoNDud7yY3Dy71Hq2oLmqfbNR723edH9PgMrNL2utoQ3VmaIDkiw\/4w51P06hlZsTZvkRrbVuSIs\/zwSOsycgzStQouoAkWQqioRT5XI7n2Z1wfVhoZmcAJLsoqjqpjbWCgpOAJXBwHK8PzWbNvoUZJND5wCnSkLAkZ1legx6vqQzjoiTahKlGUGLAiIIoABOHaNVw4sexZBym6\/HWlH5h3IC7yRbxtipcWxdTOkORKiNQAEkFf66x5S2oeRbroOlLgg0sSYkR0hRGEqJZ0jTPiQKatESdBckpWigxaapEH0lImHdWu9pUFF2XqMNM2Z4kped7IwEJw2qabwtrQqnpw6HyKkgcadKWsmpywwesDyIhYRpdzXddqegtGIJlXbAIUMOLkGxJUjRIkokwjUaX9d\/kK62ps\/tYUqZLIMkLTyBhsMZ3C5Z\/kDxOSCb\/DOs\/\/J0qcWSX\/2ipe56EgTCA4\/cB7NAYOsni4mZM1MUPAISoEwkDi4lhVBQ1cWQyIcwalw4EpqZN68JUSK7XC0kTlkLYii5uXSC8jT5ncCAS7mjCv0uHp\/3lueHEEAeQ\/\/VgmdN71\/2uCSA1Xr6DO6uI6sW56zqT2tp2PhgiRUAajV8CY2fkcz6WGNKMgLAt7tJAhD4YHMTeRxlALE6+43WqjSWi8ITxyJl8WrwWSNESQZZOqhDDntO3hJLsd5RtSpbJqdv3YrDJH3F7jL1R2O2aQkn2MyCyKYz0GPGIvSAMgBCrCEiJyKbBaYGwLW4uPRr0A0M4Ux5kUI7IBh+hMdiCEWNqhMZGyYMsOgNE58UQuEQeUnSWCMYwL54hkxK6IoqucQZbQ3pc3XtL0lky1dL0zZJJDpWJovFqpWj6JEHnyam2eQp5QRVAVHjWparTOaVwUOx99YS2MvgxIGV0bb+qIg2HX2qkFFJB+XZcbLiuRkuxD9GRroKyveLxdh4d7Orx+hb7qc3uVRuEogCOnyIxm4ubUoPgF4jianDrC+SDQDKEfJb0GUKmjCGPYHGJvVC6X4hw1\/sAfQAdfYyephIaspXe36RwOP+Ljvfx9B6B3i+Nk0DGq+oCbLn6JpBa9nWAveAIHwFAwtVcIJXPMPL8kRu5OAYPMaL1WScTxjiZDqB9LTJSWphow\/pTYKRTLjCBhvi9iBidvKcDasGSm0QQkycYuLBqj6QCELPctqChDWpTRMWkngNNpQ1Pfp1KkiT\/Y0DGffXAweUNfLAfaJFKDwhb6I+bkYRbkERoEeu3Fyjg2opMz2daZCS9jt6Q7txNfB+OZEVF6Zl5web2xunnLQrtrjXseXKaFYziYINeMFZVxS9VxRhOoesYwxPKXm+gWLG9cuFeq93UNNeJNsf1KlwuDok9n02n3TgIJpOxNfL9naIoQwXtfH9kjceTIIi709ncTg6LZbg+biLH1V6u\/7rxBem06VXKn9raAAAAAElFTkSuQmCC\")      no-repeat center center \/ contain;  }  @media screen and (max-width: 960px) and (orientation: portrait) {    .logo {      width: 100%;    }    .logo .pc-banner {      display: none;    }    .logo .m-banner {      display: block;      width: 100%;    }    .logo .m-banner img {      height: auto!important;    }    .ytvideo {      height: 200px;      width: 100%;    }  }<\/style><style>  .video-section {    width: 100%;    margin: 0 auto;  }  .video-section > img {    width: 100%;  }  .video-section iframe,  .video-section video {    width: 100%;    height: 100%;      }  .video-section-img-m,  .video-section-img-pc > img {    width: 100%;    height: auto;  }  .video-section-img-pc.small > img {    width: 970px;  }  .video-desc {    line-height: 1.5;    font-size: 20px;    font-weight: 400;    margin: 20px 0;    text-align: center;    color: #0f1111;    word-break: break-word;  }  @media screen and (max-width: 960px) and (orientation: portrait) {    .video-section {      width: 100%;    }    .video-section-pc,    .video-section-img-pc {      display: none;    }    .video-section-m,    .video-section-img-m {      display: block;    }    .video-desc {      font-size: 15px;    }  }  @media screen and (min-width: 960px) {    .video-section {      width: 100%;      margin: 0 auto;    }    .video-section-pc,    .video-section-img-pc {      display: block;    }    .video-section-m,    .video-section-img-m {      display: none;    }    .video-desc {      font-size: 20px;    }  }<\/style><style>  .section + .section {    margin-top: 35px;  }  .section-title {    text-align: center;    font-weight: bold;    color: #0d1111;    font-family: \"Arial\";    font-size: 32px;    margin: 15px 0;  }  .section-title:empty {    display: none;  }  .section-desc {    text-align: center;    font-weight: normal;    color: #0d1111;    margin-top: 20px;  }  .section-desc:empty {    display: none;  }  .section-img {    width: 1200px;    height: 492px;    margin: 0 auto;    display: block;  }  .section-img.small {    width: 970px;    height: auto;  }  .section-img.small > img {    height: auto;  }  .section-img > img {    width: 100%;    height: 100%;  }  .section-mobile-img {    display: none;    max-width: 100vw;    max-height: 75vw;    height: 450px;    margin: 0 auto;  }  .section-mobile-img > img {    width: 100%;    height: 100%;  }  @media screen and (max-width: 960px) and (orientation: portrait) {    .container {      width: 100%;    }    .container.small {      width: 100%;    }    .section-mobile-img {      display: block;    }    .section-img {      display: none;    }    .section-title {      font-size: 22px;      margin: 10px 0;    }    .section-desc {      margin-top: 10px;    }    .section + .section {      margin-top: 20px;    }  }<\/style><\/head><body><div class=\"container\"><div class=\"logo\"><div class=\"pc-banner\"><div><img decoding=\"async\" src=\"\/vevor\/vevor\/boutique-banner\/pc\/en-pc@1x.jpg\" style=\"width: 100%;\" \/><\/div><\/div><div class=\"m-banner\"><div><img decoding=\"async\" src=\"\/vevor\/vevor\/boutique-banner\/mobile\/en-m@1x.jpg\" style=\"width: 100%;\" \/><\/div><\/div><\/div><div class=\"section-title\">Elektrisk\u0101 rokas \u0113vele<\/div><div class=\"video-section\"><div class=\"video-section-img-pc\"><img decoding=\"async\" src=\"\/vevor\/product\/WXDDSCBCBDDC4TGZ8001\/electric-hand-planer-a100-1.4.jpg\" \/><\/div><div class=\"video-section-img-m\"><img decoding=\"async\" src=\"\/vevor\/product\/WXDDSCBCBDDC4TGZ8001\/electric-hand-planer-a100-1.4-m.jpg\" \/><\/div><div class=\"section-desc\">Darbojas ar \u0101trgaitas motoru ar ieb\u016bv\u0113tu aizsardz\u012bbu, \u0161is bezvadu rokas \u0113vele viegli tiek gal\u0101 ar da\u017e\u0101diem koksnes apstr\u0101des uzdevumiem, ietaupot gan laiku, gan p\u016bles.<\/div><\/div><div class=\"section\"><div class=\"section-title\"><\/div><div class=\"section-img\"><img decoding=\"async\" src=\"\/vevor\/product\/WXDDSCBCBDDC4TGZ8001\/electric-hand-planer-a100-2.2.jpg\" \/><\/div><div class=\"section-mobile-img\"><img decoding=\"async\" src=\"\/vevor\/product\/WXDDSCBCBDDC4TGZ8001\/electric-hand-planer-a100-2.2-m.jpg\" \/><\/div><div class=\"section-desc\">Ar jaud\u012bgu motoru m\u016bsu elektrisk\u0101 rokas \u0113vele nodro\u0161ina sp\u0113c\u012bgu veiktsp\u0113ju Iztur\u012bgais plastmasas korpuss ir triecieniztur\u012bgs, savuk\u0101rt pastiprin\u0101t\u0101 met\u0101la pamatpl\u0101ksne iztur nodilumu un r\u016bsu.Asi asme\u0146i nodro\u0161ina \u0101tru grie\u0161anu un vienm\u0113r\u012bgu \u0113vel\u0113\u0161anu, pagarinot kalpo\u0161anas laiku.<\/div><\/div><div class=\"section\"><div class=\"section-title\"><\/div><div class=\"section-img\"><img decoding=\"async\" src=\"\/vevor\/product\/WXDDSCBCBDDC4TGZ8001\/electric-hand-planer-a100-2.3.jpg\" \/><\/div><div class=\"section-mobile-img\"><img decoding=\"async\" src=\"\/vevor\/product\/WXDDSCBCBDDC4TGZ8001\/electric-hand-planer-a100-2.3-m.jpg\" \/><\/div><div class=\"section-desc\">\u0160\u012b baro\u0161anas rokas \u0113vele ir apr\u012bkota ar regul\u0113jamu dzi\u013cuma pogu, lai viegli piel\u0101gotu \u0113vel\u0113\u0161anas dzi\u013cumu Ieb\u016bv\u0113t\u0101 sl\u012bpuma rieva atvieglo malu pul\u0113\u0161anu un vienm\u0113r\u012bgu \u0113vel\u0113\u0161anu bez trauc\u0113\u0161anas, uzlabojot darba efektivit\u0101ti un kvalit\u0101ti.<\/div><\/div><div class=\"section\"><div class=\"section-title\"><\/div><div class=\"section-img\"><img decoding=\"async\" src=\"\/vevor\/product\/WXDDSCBCBDDC4TGZ8001\/electric-hand-planer-a100-2.4.jpg\" \/><\/div><div class=\"section-mobile-img\"><img decoding=\"async\" src=\"\/vevor\/product\/WXDDSCBCBDDC4TGZ8001\/electric-hand-planer-a100-2.4-m.jpg\" \/><\/div><div class=\"section-desc\">\u0160\u012b elektrisk\u0101 koka \u0113vele ir apr\u012bkota ar diviem pa\u0161blo\u0137\u0113jo\u0161iem sl\u0113d\u017eiem dro\u0161ai iedarbin\u0101\u0161anai un aptur\u0113\u0161anai. Taj\u0101 ir iek\u013cauti ar\u012b divi asme\u0146i vienk\u0101r\u0161ai nomai\u0146ai, padarot \u0161o darb\u012bbu \u0101tr\u0101ku un \u0113rt\u0101ku.<\/div><\/div><div class=\"section\"><div class=\"section-title\"><\/div><div class=\"section-img\"><img decoding=\"async\" src=\"\/vevor\/product\/WXDDSCBCBDDC4TGZ8001\/electric-hand-planer-a100-2.5.jpg\" \/><\/div><div class=\"section-mobile-img\"><img decoding=\"async\" src=\"\/vevor\/product\/WXDDSCBCBDDC4TGZ8001\/electric-hand-planer-a100-2.5-m.jpg\" \/><\/div><div class=\"section-desc\">M\u016bsu kokapstr\u0101des rokas \u0113vele ir ide\u0101li piem\u0113rota renov\u0101cijas darbiem, DIY projektiem, skapju pul\u0113\u0161anai un kokapstr\u0101dei, apmierinot j\u016bsu vajadz\u012bbas jebkur\u0101 laik\u0101 un viet\u0101.<\/div><\/div><div class=\"section\"><div class=\"section-img\"><img decoding=\"async\" src=\"\/vevor\/product\/WXDDSCBCBDDC4TGZ8001\/electric-hand-planer-a100-1.11.jpg\" \/><\/div><div class=\"section-mobile-img\"><img decoding=\"async\" src=\"\/vevor\/product\/WXDDSCBCBDDC4TGZ8001\/electric-hand-planer-a100-1.11-m.jpg\" \/><\/div><\/div><\/div><\/body><\/html><\/div>\n<div class=\"DM_at-title\" id=\"js-DM_at-title\"> <div>Produkta specifik\u0101cija<\/div> <i class=\"icon-arrowup_line\"><\/i> <\/div><div class=\"DM_at-goodsDescAttr\" id=\"js-DM_at-goodsDescAttr\"> <div class=\"DM_at-goodsDescAttrInner\"> <dl class=\"goodsDesc_item goodsDesc_item_even\"> <dt>Preces Mode\u013ca Numurs<\/dt> <dd> DB18V-20821A<\/dd> <\/dl> <dl class=\"goodsDesc_item\"> <dt>Akumulatora spriegums<\/dt> <dd> L\u012bdzstr\u0101va 18 V <\/dd> <\/dl> <dl class=\"goodsDesc_item goodsDesc_item_even\"> <dt>Pa\u0161reiz\u0113jo<\/dt> <dd> 4A<\/dd> <\/dl> <dl class=\"goodsDesc_item\"> <dt>P\u013cau\u0161anas Platums<\/dt> <dd> 3-1\/4 collas\/82 mm<\/dd> <\/dl> <dl class=\"goodsDesc_item goodsDesc_item_even\"> <dt>Maksim\u0101lais grie\u0161anas dzi\u013cums<\/dt> <dd> 5\/64 collas\/2 mm<\/dd> <\/dl> <dl class=\"goodsDesc_item\"> <dt>\u0100trums<\/dt> <dd> 15000 RPM<\/dd> <\/dl> <dl class=\"goodsDesc_item goodsDesc_item_even\"> <dt>Neto Svars<\/dt> <dd> 5,51 m\u0101rci\u0146as\/2,5 kg <\/dd> <\/dl> <dl class=\"goodsDesc_item\"> <dt>Produkta Izm\u0113ri<\/dt> <dd> 11,42 x 6,69 x 6,89 collas\/290 x 170 x 175 mm<\/dd> <\/dl> <\/div> <\/div>","protected":false},"excerpt":{"rendered":"<ul>\n<li> Efekt\u012bva &amp; Prec\u012bza Grie\u0161ana: Bezvada rokas \u0113vele nodro\u0161ina ieb\u016bv\u0113tu 18V bezsuku motoru ar maksim\u0101lo \u0113vel\u0113\u0161anas platumu 3-1\/4 collas (82 mm) un dzi\u013cumu 5\/64 collas (2 mm).Tas var viegli sasniegt efekt\u012bvu un prec\u012bzu grie\u0161anu, ietaupot laiku un p\u016bles <\/li>\n<li> Prec\u012bza Chamfering: Ar ieb\u016bv\u0113t\u0101m sl\u012bp\u0101m riev\u0101m elektrisk\u0101 rokas \u0113vele var viegli pl\u0101not d\u0113\u013cu malas, \u0101tri pan\u0101kot vienm\u0113r\u012bgu un plakanu sl\u012bpuma efektu Atvadieties no raupj\u0101m, nel\u012bdzen\u0101m mal\u0101m <\/li>\n<li> Regul\u0113jams grie\u0161anas dzi\u013cums: ar pogas regul\u0113\u0161anu, \u0161is baro\u0161anas rokas \u0113vele \u013cauj prec\u012bzi noregul\u0113t grie\u0161anas dzi\u013cumu da\u017e\u0101diem kokapstr\u0101des uzdevumiem. Neatkar\u012bgi no t\u0101, vai tas ir pl\u0101ns vai dzi\u013c\u0161, tas viegli tiek gal\u0101 ar tiem, vienlaikus nodro\u0161inot prec\u012bzus rezult\u0101tus katru reizi <\/li>\n<li> Vair\u0101kk\u0101rt\u0113ja dro\u0161a aizsardz\u012bba: elektriskajai koka \u0113velei ir divu sl\u0113d\u017eu konstrukcija, lai izvair\u012btos no nejau\u0161as iedarbin\u0101\u0161anas, nodro\u0161inot sirdsmieru darba laik\u0101. T\u0101s apak\u0161\u0113jais kron\u0161teins pasarg\u0101 asme\u0146us no boj\u0101jumiem, savuk\u0101rt paral\u0113l\u0101 virzo\u0161\u0101 barjera nodro\u0161ina prec\u012bzus griezumus <\/li>\n<li> Easy Blade Nomai\u0146a: M\u016bsu kokapstr\u0101des rokas \u0113vele n\u0101k ar papildu komplektu asu, iztur\u012bgu nomai\u0146as asme\u0146i Izstr\u0101d\u0101ts, lai samazin\u0101tu ilgtermi\u0146a izmaksas, asme\u0146i nodro\u0161ina optim\u0101lu grie\u0161anas efektu bez bie\u017eas nomai\u0146as <\/li>\n<\/ul>","protected":false},"featured_media":435822,"comment_status":"open","ping_status":"open","template":"","meta":{"om_disable_all_campaigns":false,"_uf_show_specific_survey":0,"_uf_disable_surveys":false},"location":[1935,1934],"product_brand":[],"product_cat":[435,25,434],"product_tag":[],"class_list":{"0":"post-219955","1":"product","2":"type-product","3":"status-publish","4":"has-post-thumbnail","6":"location-supplier_stock_location","7":"location-local_stock_location","8":"product_cat-benchtop-planer","9":"product_cat-machining","10":"product_cat-planers-jointers","12":"first","13":"instock","14":"taxable","15":"shipping-taxable","16":"purchasable","17":"product-type-simple"},"aioseo_notices":[],"locations":[{"id":1935,"name":"Pieg\u0101d\u0101ja noliktav\u0101 (5-7dd.d)","slug":"supplier_stock_location","quantity":"349"},{"id":1934,"name":"R\u012bgas veikal\u0101 (0-2d.d.)","slug":"local_stock_location","quantity":"0"}],"_links":{"self":[{"href":"https:\/\/vevorshop.lv\/lv\/wp-json\/wp\/v2\/product\/219955","targetHints":{"allow":["GET"]}}],"collection":[{"href":"https:\/\/vevorshop.lv\/lv\/wp-json\/wp\/v2\/product"}],"about":[{"href":"https:\/\/vevorshop.lv\/lv\/wp-json\/wp\/v2\/types\/product"}],"replies":[{"embeddable":true,"href":"https:\/\/vevorshop.lv\/lv\/wp-json\/wp\/v2\/comments?post=219955"}],"wp:featuredmedia":[{"embeddable":true,"href":"https:\/\/vevorshop.lv\/lv\/wp-json\/wp\/v2\/media\/435822"}],"wp:attachment":[{"href":"https:\/\/vevorshop.lv\/lv\/wp-json\/wp\/v2\/media?parent=219955"}],"wp:term":[{"taxonomy":"location","embeddable":true,"href":"https:\/\/vevorshop.lv\/lv\/wp-json\/wp\/v2\/location?post=219955"},{"taxonomy":"product_brand","embeddable":true,"href":"https:\/\/vevorshop.lv\/lv\/wp-json\/wp\/v2\/product_brand?post=219955"},{"taxonomy":"product_cat","embeddable":true,"href":"https:\/\/vevorshop.lv\/lv\/wp-json\/wp\/v2\/product_cat?post=219955"},{"taxonomy":"product_tag","embeddable":true,"href":"https:\/\/vevorshop.lv\/lv\/wp-json\/wp\/v2\/product_tag?post=219955"}],"curies":[{"name":"wp","href":"https:\/\/api.w.org\/{rel}","templated":true}]}}