{"id":220237,"date":"2025-12-06T00:31:08","date_gmt":"2025-12-05T22:31:08","guid":{"rendered":"https:\/\/vevorshop.lv\/en_us\/Prece\/vevor-114-mm-portable-bench-vise-with-270-swivel-base-quick-release-cast-iron-for-woodworking-metalworking\/"},"modified":"2026-04-24T05:32:01","modified_gmt":"2026-04-24T02:32:01","slug":"vevor-114-mm-portable-bench-vise-with-270-swivel-base-quick-release-cast-iron-for-woodworking-metalworking","status":"publish","type":"product","link":"https:\/\/vevorshop.lv\/lv\/Prece\/vevor-114-mm-parnesajamas-stenda-skruvspiles-ar-270-grozamu-pamatni-atri-atbrivojams-cuguns-kokapstradei-metalapstradei\/","title":{"rendered":"VEVOR 114 mm p\u0101rn\u0113s\u0101jams skr\u016bvsp\u012bles ar 270\u00b0 pagrieziena b\u0101zi, \u0101tr\u0101s atbr\u012bvo\u0161anas, \u010duguna skava kokapstr\u0101dei un met\u0101lapstr\u0101dei"},"content":{"rendered":"<div style=\"color: #fff!important; font-size: 16px; height: 24px; line-height: 24px; margin-top: -24px; \" class=\"product_original_name\">VEVOR Bench Vise, 4,5 collas, p\u0101rn\u0113s\u0101jams darbagalda skr\u016bvsp\u012bles ar 270\u00b0 groz\u0101mu pamatni, \u0101tri no\u0146emama rot\u0113jo\u0161a sola skava, \u010duguna konstrukcija, kokapstr\u0101dei, met\u0101lapstr\u0101dei, urb\u0161anai, z\u0101\u0123\u0113\u0161anai, grie\u0161anas vadam<\/div>\n<div style=\"color: #fff!important; font-size: 16px; height: 24px; line-height: 24px; margin-top: -24px; \" class=\"product_sku\">MISFI3P7<\/div>\n<div style=\"color: #fff!important; font-size: 16px; height: 24px; line-height: 24px; margin-top: -24px; \" class=\"product_mpn\">BXSTHQ45YCZYALM7W001V0<\/div><div id=\"js-DM_at-goodDescRich\"><html><head><style>  body {    font-family: Arial;    line-height: 1.5;    color: #1c1c1c;    overflow-x: hidden;    margin: 0;    padding: 0;  }  .MsoNormal b {    font-weight: bolder;  }<\/style><style>  .container.small {    width: 970px;    margin: 0 auto;  }  .logo {    margin: 0 auto 0;  }  .logo img {    display: block;    margin: 0 auto;    max-width: 100%;  }  .logo .pc-banner {    display: block;    width: 1200px;    height: 247.4px;    margin: 0 auto;  }  .logo .pc-banner.small {    width: 970px;  }  .logo .pc-banner.small img {    height: auto!important;  }  .logo .m-banner {    display: none;  }  .ytvideo {    position: relative;    height: 546px;    width: 100%;    margin: 0 auto;  }  .ytvideo img {    width: 100%;    margin: 0 auto;  }  .ytvideo .play-btn {    width: 60px;    height: 42px;    position: absolute;    top: 50%;    left: 50%;    transform: translate(-50%, -50%);    background: url(\"data:image\/png;base64,iVBORw0KGgoAAAANSUhEUgAAAGQAAABGCAMAAAANWMFbAAAC+lBMVEUAAADBGB3kLCfBGB3kLCfcJC7BFx3KKSbiKybkLCbWJCPSIiLSIiLPICHAFx3kLCfgKSXNHiDZJiTIGx\/p4eHcjo7LHSDbJyTkLCbjKyfOHyHPIiL28fHJHB\/GGh7EGR7eKCXDGB3RISHlLSbBGB3AFxzGHB7DGB7BGB3hKybkKybAFx3lLCfAFxzDGR3hKibDGB7cJyTmz8\/elJTlwcHjurrUIyLlLSflLSfAFx3DGR7lLSfCFx3hKibhKibhKybjKybkLCblLSfbJSX49vbx7e3NNzjNMTLMJyjVIyLZf3\/ZQ0LaeHjx0tLgoqLkLCfCGB3HGx\/BGB3BFx3PICHCGB7WJCLOHyC\/Fxy\/Fx3lLCfQISHkLSe\/FxzbJiTBFx3FGx\/AGB7BFx3EGR7AGB3HHSDfKiXAFh3TISHYNzbhKibbJyTTIiL57e325+f039\/v2NjUV1fOHiHiqanfmprch4feKSXVIyPOICHmLibFGh\/mLSe\/Fx7XJCPeKSXXJSPNHyHaJyTGGh7lLCbmLCflLSjSIiLkLCbdKSXLHiC\/GB3KHh++Fh3lKyfoLiXcKCPkx8fYb2\/XaGfVXl3aU1LLHiDksbHgKibPICHbJyTfKSXbJyTCGB3KHSDiKybFGh7TIiL\/\/\/\/VIyPRISHIHB\/GGx\/HHB\/DGR7gKibdKCXLHiDZJiTMHiDNHyHYJSTOICHPICHWJCPcKCXXJSPjLCblLCf+\/f3NGR\/uLijzLynPGR\/IGB7WISHaIyLLGh7UAADxLynNAADRLzDbICLQAADIAAD3MCrUHSHXMTDpKSbLAADp5OTij4\/ejo\/VLy\/1LyngJSTcJCPQHx\/OHB7+\/PzaMS\/OLS\/vLijrLSjSAADaNTPwLyjkKSbNJCbYISHPHB\/KGB7WAAD7+vrn3d3aKynTKCjoLCfsKifRGh\/YAADq5+fhjo7QNDXXKCfmJyXt5+fTLzDLLi\/QKivYHRvMGBrQJCXLISPMExXLDxLaEAvkkI\/bOTfaFQ\/SCgpvLcnHAAAAmnRSTlMA+vv7+gT9Bvf9+8z8\/NSv\/Pr5+P7++vnQIBMP\/v38\/Pn348XDiCYf9OjbzcqxXVcx\/fz8+\/rj1r2poo1+fXFqX0orGP7+\/v7+\/fz8+\/r68uzn4trIxsG\/vri3p6GcmZSNbWVYUUZEPQv+\/f39+\/v7+\/v7+vr64tvV1NTTz87FtbSurqeblJKFg4B3bUY+NjL7+\/v7+\/v67t1cDo8JLQAABkRJREFUWMO0kz9rwkAYh0OIeJkum6YugUAhISCdKoj\/P4C7SMdS+gEKIhSKil10LSg4mzXkILdlEpxCpwTiWOLX6BujvQaEQuGeHLnL+\/64J+SIcKGYTYWnntpdLjrVdqvZmNdn0+EE40GtpuuWVS6Xx6N7YDSGpWXpeq02wHgynM7q80az1a52HpddtVcpsi1zFARBrdaxbhp9iUReTGmwA4KAAr7vx3EYejnCMI6hQYEgy0LQi4jUN0wL19vqFcUC9\/1dAKmEEFkWRYkh5oBejnxQJiSJPJ\/uKBp0Thszx9Mw8hMRIQjKsptCfuES9zr5WJY6vSFCIvE9fCMUmEM1A1kSXcYGxgVYsvI1IPKTZciSTI0us\/SMGG04gDzELDoFBwdcFJrF88dqgYMTiL6DILWYyfOWE8\/kIz38olCNlC03FK95+imxp6y4oUSvAnBjHHhKNtotSDqJzVFiK8c2SBqhZtsrTtgrLXwAyduxZHNE26eHUt5rtuM4WSmds3G+sUdWYo1L+XyxButoh5eKUHk5lByO3G1LqqCWVnfrv\/lyPtf\/4ps1cndNGIri8J1TJ0lx6dR\/oPjq1nbRwdp2dCk4CtIOLW3pVKRL6WZfS5vF2KkIQhpwSsjiYIgNCs1gEMGqiIq24NQX9NwoXFy8Ufrl3twTcg4fv8T9\/JBEySduj6Mjm4bMzYV7EEOxKjjoNDud7yY3Dy71Hq2oLmqfbNR723edH9PgMrNL2utoQ3VmaIDkiw\/4w51P06hlZsTZvkRrbVuSIs\/zwSOsycgzStQouoAkWQqioRT5XI7n2Z1wfVhoZmcAJLsoqjqpjbWCgpOAJXBwHK8PzWbNvoUZJND5wCnSkLAkZ1legx6vqQzjoiTahKlGUGLAiIIoABOHaNVw4sexZBym6\/HWlH5h3IC7yRbxtipcWxdTOkORKiNQAEkFf66x5S2oeRbroOlLgg0sSYkR0hRGEqJZ0jTPiQKatESdBckpWigxaapEH0lImHdWu9pUFF2XqMNM2Z4kped7IwEJw2qabwtrQqnpw6HyKkgcadKWsmpywwesDyIhYRpdzXddqegtGIJlXbAIUMOLkGxJUjRIkokwjUaX9d\/kK62ps\/tYUqZLIMkLTyBhsMZ3C5Z\/kDxOSCb\/DOs\/\/J0qcWSX\/2ipe56EgTCA4\/cB7NAYOsni4mZM1MUPAISoEwkDi4lhVBQ1cWQyIcwalw4EpqZN68JUSK7XC0kTlkLYii5uXSC8jT5ncCAS7mjCv0uHp\/3lueHEEAeQ\/\/VgmdN71\/2uCSA1Xr6DO6uI6sW56zqT2tp2PhgiRUAajV8CY2fkcz6WGNKMgLAt7tJAhD4YHMTeRxlALE6+43WqjSWi8ITxyJl8WrwWSNESQZZOqhDDntO3hJLsd5RtSpbJqdv3YrDJH3F7jL1R2O2aQkn2MyCyKYz0GPGIvSAMgBCrCEiJyKbBaYGwLW4uPRr0A0M4Ux5kUI7IBh+hMdiCEWNqhMZGyYMsOgNE58UQuEQeUnSWCMYwL54hkxK6IoqucQZbQ3pc3XtL0lky1dL0zZJJDpWJovFqpWj6JEHnyam2eQp5QRVAVHjWparTOaVwUOx99YS2MvgxIGV0bb+qIg2HX2qkFFJB+XZcbLiuRkuxD9GRroKyveLxdh4d7Orx+hb7qc3uVRuEogCOnyIxm4ubUoPgF4jianDrC+SDQDKEfJb0GUKmjCGPYHGJvVC6X4hw1\/sAfQAdfYyephIaspXe36RwOP+Ljvfx9B6B3i+Nk0DGq+oCbLn6JpBa9nWAveAIHwFAwtVcIJXPMPL8kRu5OAYPMaL1WScTxjiZDqB9LTJSWphow\/pTYKRTLjCBhvi9iBidvKcDasGSm0QQkycYuLBqj6QCELPctqChDWpTRMWkngNNpQ1Pfp1KkiT\/Y0DGffXAweUNfLAfaJFKDwhb6I+bkYRbkERoEeu3Fyjg2opMz2daZCS9jt6Q7txNfB+OZEVF6Zl5web2xunnLQrtrjXseXKaFYziYINeMFZVxS9VxRhOoesYwxPKXm+gWLG9cuFeq93UNNeJNsf1KlwuDok9n02n3TgIJpOxNfL9naIoQwXtfH9kjceTIIi709ncTg6LZbg+biLH1V6u\/7rxBem06VXKn9raAAAAAElFTkSuQmCC\")      no-repeat center center \/ contain;  }  @media screen and (max-width: 960px) and (orientation: portrait) {    .logo {      width: 100%;    }    .logo .pc-banner {      display: none;    }    .logo .m-banner {      display: block;      width: 100%;    }    .logo .m-banner img {      height: auto!important;    }    .ytvideo {      height: 200px;      width: 100%;    }  }<\/style><style>  .video-section {    width: 100%;    margin: 0 auto;  }  .video-section > img {    width: 100%;  }  .video-section iframe,  .video-section video {    width: 100%;    height: 100%;      }  .video-section-img-m,  .video-section-img-pc > img {    width: 100%;    height: auto;  }  .video-section-img-pc.small > img {    width: 970px;  }  .video-desc {    line-height: 1.5;    font-size: 20px;    font-weight: 400;    margin: 20px 0;    text-align: center;    color: #0f1111;    word-break: break-word;  }  @media screen and (max-width: 960px) and (orientation: portrait) {    .video-section {      width: 100%;    }    .video-section-pc,    .video-section-img-pc {      display: none;    }    .video-section-m,    .video-section-img-m {      display: block;    }    .video-desc {      font-size: 15px;    }  }  @media screen and (min-width: 960px) {    .video-section {      width: 100%;      margin: 0 auto;    }    .video-section-pc,    .video-section-img-pc {      display: block;    }    .video-section-m,    .video-section-img-m {      display: none;    }    .video-desc {      font-size: 20px;    }  }<\/style><style>  .section + .section {    margin-top: 35px;  }  .section-title {    text-align: center;    font-weight: bold;    color: #0d1111;    font-family: \"Arial\";    font-size: 32px;    margin: 15px 0;  }  .section-title:empty {    display: none;  }  .section-desc {    text-align: center;    font-weight: normal;    color: #0d1111;    margin-top: 20px;  }  .section-desc:empty {    display: none;  }  .section-img {    width: 1200px;    height: 492px;    margin: 0 auto;    display: block;  }  .section-img.small {    width: 970px;    height: auto;  }  .section-img.small > img {    height: auto;  }  .section-img > img {    width: 100%;    height: 100%;  }  .section-mobile-img {    display: none;    max-width: 100vw;    max-height: 75vw;    height: 450px;    margin: 0 auto;  }  .section-mobile-img > img {    width: 100%;    height: 100%;  }  @media screen and (max-width: 960px) and (orientation: portrait) {    .container {      width: 100%;    }    .container.small {      width: 100%;    }    .section-mobile-img {      display: block;    }    .section-img {      display: none;    }    .section-title {      font-size: 22px;      margin: 10px 0;    }    .section-desc {      margin-top: 10px;    }    .section + .section {      margin-top: 20px;    }  }<\/style><\/head><body><div class=\"container\"><div class=\"logo\"><div class=\"pc-banner\"><div><img decoding=\"async\" src=\"\/vevor\/vevor\/boutique-banner\/pc\/en-pc@1x.jpg\" style=\"width: 100%;\" \/><\/div><\/div><div class=\"m-banner\"><div><img decoding=\"async\" src=\"\/vevor\/vevor\/boutique-banner\/mobile\/en-m@1x.jpg\" style=\"width: 100%;\" \/><\/div><\/div><\/div><div class=\"section-title\">P\u0101rn\u0113s\u0101jamas sola skr\u016bvsp\u012bles<\/div><div class=\"video-section\"><div class=\"video-section-img-pc\"><img decoding=\"async\" src=\"\/vevor\/product\/BXSTHQ45YCZYALM7W001\/bench-vise-a100-1.4.jpg\" \/><\/div><div class=\"video-section-img-m\"><img decoding=\"async\" src=\"\/vevor\/product\/BXSTHQ45YCZYALM7W001\/bench-vise-a100-1.4-m.jpg\" \/><\/div><div class=\"section-desc\">\u0160aj\u0101 sola skr\u016bvsp\u012bl\u0113s ir augstas stipr\u012bbas \u010duguns ar rot\u0113jo\u0161iem skr\u016bvsp\u012bl\u0113m.Tas ir piem\u0113rots kokapstr\u0101des un met\u0101lapstr\u0101des darbiem.<\/div><\/div><div class=\"section\"><div class=\"section-title\"><\/div><div class=\"section-img\"><img decoding=\"async\" src=\"\/vevor\/product\/BXSTHQ45YCZYALM7W001\/bench-vise-a100-2.2.jpg\" \/><\/div><div class=\"section-mobile-img\"><img decoding=\"async\" src=\"\/vevor\/product\/BXSTHQ45YCZYALM7W001\/bench-vise-a100-2.2-m.jpg\" \/><\/div><div class=\"section-desc\">M\u016bsu p\u0101rn\u0113s\u0101jamie skr\u016bvsp\u012bles var viegli piel\u0101got \u017eok\u013ca platumu un maksim\u0101lo atveri, lai notur\u0113tu koku, met\u0101lu, PVC caurules un daudz ko citu.<\/div><\/div><div class=\"section\"><div class=\"section-title\"><\/div><div class=\"section-img\"><img decoding=\"async\" src=\"\/vevor\/product\/BXSTHQ45YCZYALM7W001\/bench-vise-a100-2.3.jpg\" \/><\/div><div class=\"section-mobile-img\"><img decoding=\"async\" src=\"\/vevor\/product\/BXSTHQ45YCZYALM7W001\/bench-vise-a100-2.3-m.jpg\" \/><\/div><div class=\"section-desc\">M\u016bsu vice darbagaldam ietver sabiezin\u0101tu laktu, kas \u013cauj sp\u0113c\u012bgi kalt un streikot.b\u016bv\u0113ts ar stingru \u010dugunu, tas nodro\u0161ina stabilu atbalstu da\u017e\u0101diem uzdevumiem, nodro\u0161inot precizit\u0101ti un dro\u0161\u012bbu.<\/div><\/div><div class=\"section\"><div class=\"section-title\"><\/div><div class=\"section-img\"><img decoding=\"async\" src=\"\/vevor\/product\/BXSTHQ45YCZYALM7W001\/bench-vise-a100-2.4.jpg\" \/><\/div><div class=\"section-mobile-img\"><img decoding=\"async\" src=\"\/vevor\/product\/BXSTHQ45YCZYALM7W001\/bench-vise-a100-2.4-m.jpg\" \/><\/div><div class=\"section-desc\">P\u0101rn\u0113s\u0101jamajiem m\u0101jas skr\u016bvsp\u012bl\u0113m ir paaugstin\u0101ta pamatne, lai t\u0101 atbilstu standarta darbagaldiem.T\u0101 rot\u0113jo\u0161ais dizains \u013cauj prec\u012bzi novietot daudzle\u0146\u0137u, pat krei\u013ci lietot\u0101ji var viegli piel\u0101got le\u0146\u0137i.<\/div><\/div><div class=\"section\"><div class=\"section-title\"><\/div><div class=\"section-img\"><img decoding=\"async\" src=\"\/vevor\/product\/BXSTHQ45YCZYALM7W001\/bench-vise-a100-2.5.jpg\" \/><\/div><div class=\"section-mobile-img\"><img decoding=\"async\" src=\"\/vevor\/product\/BXSTHQ45YCZYALM7W001\/bench-vise-a100-2.5-m.jpg\" \/><\/div><div class=\"section-desc\">M\u016bsu p\u0101rn\u0113s\u0101jam\u0101s sola skr\u016bvsp\u012bles ir ide\u0101li piem\u0113rotas kokapstr\u0101des, met\u0101la urb\u0161anas, grav\u0113\u0161anas, sl\u012bp\u0113\u0161anas, metin\u0101\u0161anas un grie\u0161anas uzdevumiem, viegli apmierinot da\u017e\u0101das apstr\u0101des vajadz\u012bbas.<\/div><\/div><div class=\"section\"><div class=\"section-img\"><img decoding=\"async\" src=\"\/vevor\/product\/BXSTHQ45YCZYALM7W001\/bench-vise-a100-1.11.jpg\" \/><\/div><div class=\"section-mobile-img\"><img decoding=\"async\" src=\"\/vevor\/product\/BXSTHQ45YCZYALM7W001\/bench-vise-a100-1.11-m.jpg\" \/><\/div><\/div><\/div><\/body><\/html><\/div>\n<div class=\"DM_at-title\" id=\"js-DM_at-title\"> <div>Produkta specifik\u0101cija<\/div> <i class=\"icon-arrowup_line\"><\/i> <\/div><div class=\"DM_at-goodsDescAttr\" id=\"js-DM_at-goodsDescAttr\"> <div class=\"DM_at-goodsDescAttrInner\"> <dl class=\"goodsDesc_item goodsDesc_item_even\"> <dt>Preces Mode\u013ca Numurs<\/dt> <dd> 9306<\/dd> <\/dl> <dl class=\"goodsDesc_item\"> <dt>Materi\u0101ls<\/dt> <dd> Ka\u013camais \u010duguns<\/dd> <\/dl> <dl class=\"goodsDesc_item goodsDesc_item_even\"> <dt>\u017dok\u013ca Platums<\/dt> <dd> 4,5 collas<\/dd> <\/dl> <dl class=\"goodsDesc_item\"> <dt>Maksim\u0101l\u0101 \u017eok\u013ca atv\u0113r\u0161ana<\/dt> <dd> 3,35 collas<\/dd> <\/dl> <dl class=\"goodsDesc_item goodsDesc_item_even\"> <dt>Saspie\u0161anas biezums<\/dt> <dd> 2 collas<\/dd> <\/dl> <dl class=\"goodsDesc_item\"> <dt>B\u0101zes rot\u0101cijas le\u0146\u0137is<\/dt> <dd> 270\u00b0 groz\u0101m\u0101 pamatne<\/dd> <\/dl> <dl class=\"goodsDesc_item goodsDesc_item_even\"> <dt>\u017dok\u013ca dzi\u013cums<\/dt> <dd> 2.4 collas<\/dd> <\/dl> <dl class=\"goodsDesc_item\"> <dt>Maksim\u0101lais iesp\u012bl\u0113\u0161anas sp\u0113ks<\/dt> <dd> 7KN<\/dd> <\/dl> <dl class=\"goodsDesc_item goodsDesc_item_even\"> <dt>Neto Svars<\/dt> <dd> 13,45 m\u0101rci\u0146as\/6,1 kg <\/dd> <\/dl> <dl class=\"goodsDesc_item\"> <dt>Produkta Izm\u0113ri<\/dt> <dd> 9,25 x 4,72 x 5,91 collas\/235 x 120 x 150 mm<\/dd> <\/dl> <\/div> <\/div>","protected":false},"excerpt":{"rendered":"<ul>\n<li> Nesl\u012bdo\u0161i \u017eok\u013ci: m\u016bsu sols skr\u016bvsp\u012bl\u0113m ir pretsl\u012bdes tekstur\u0113tas \u017eok\u013ci, kas cie\u0161i satver materi\u0101lus.Tas iztur sagatavju sl\u012bd\u0113\u0161anu un nodro\u0161ina liel\u0101ku precizit\u0101ti un stabilit\u0101ti darba laik\u0101 <\/li>\n<li> Iztur\u012bga konstrukcija: Izstr\u0101d\u0101ts no kvalitat\u012bva \u010duguna ar augstu ciet\u012bbu, \u0161is p\u0101rn\u0113s\u0101jamais skr\u016bvsp\u012bles ir triecieniztur\u012bgs un b\u016bv\u0113ts t\u0101, lai tas kalpotu. T\u0101 ciet\u0101 strukt\u016bra pal\u012bdz iztur\u0113t augstas stipr\u012bbas lieto\u0161anu laika gait\u0101 <\/li>\n<li> Rot\u0113jo\u0161\u0101 pamatne: 270\u00b0 rot\u0113jo\u0161\u0101 skr\u016bvsp\u012bles pamatne darbagaldam \u013cauj viegli piel\u0101got iesp\u012bl\u0113\u0161anas le\u0146\u0137i.Tas nodro\u0161ina elast\u012bgu pozicion\u0113\u0161anu, lai apmierin\u0101tu da\u017e\u0101das darba vajadz\u012bbas un nodro\u0161ina \u0113rtu darb\u012bbu pat krei\u013ciem <\/li>\n<li> P\u016bles taup\u012b\u0161anas rokturis: \u0161im p\u0101rn\u0113s\u0101jamajam m\u0101jas skr\u016bvsp\u012bl\u0113m ir darba taup\u012b\u0161anas rokturis, lai piel\u0101gotu \u017eok\u013cus, nodro\u0161inot stabilu satv\u0113rienu ar da\u017e\u0101diem sagataves izm\u0113riem un form\u0101m. Ar 4,5 collu (114,3 mm) \u017eok\u013ca platumu tas nodro\u0161ina pla\u0161u iesp\u012bl\u0113\u0161anas diapazonu da\u017e\u0101diem uzdevumiem <\/li>\n<li> \u0100tra uzst\u0101d\u012b\u0161ana: Paredz\u0113ts \u0101trai uzst\u0101d\u012b\u0161anai, \u0161is p\u0101rn\u0113s\u0101jamais stenda skr\u016bvsp\u012bles ir apr\u012bkots ar visiem nepiecie\u0161amajiem piederumiem Praktiskums un efektivit\u0101te, to ir viegli dro\u0161i uzst\u0101d\u012bt uz j\u016bsu darbagalda <\/li>\n<\/ul>","protected":false},"featured_media":436434,"comment_status":"open","ping_status":"open","template":"","meta":{"om_disable_all_campaigns":false,"_uf_show_specific_survey":0,"_uf_disable_surveys":false},"location":[1935,1934],"product_brand":[],"product_cat":[112,91,113],"product_tag":[],"class_list":{"0":"post-220237","1":"product","2":"type-product","3":"status-publish","4":"has-post-thumbnail","6":"location-supplier_stock_location","7":"location-local_stock_location","8":"product_cat-clamps-vises","9":"product_cat-hand-tools","10":"product_cat-mill-vise","12":"first","13":"instock","14":"taxable","15":"shipping-taxable","16":"purchasable","17":"product-type-simple"},"aioseo_notices":[],"locations":[{"id":1935,"name":"Pieg\u0101d\u0101ja noliktav\u0101 (5-7dd.d)","slug":"supplier_stock_location","quantity":"3"},{"id":1934,"name":"R\u012bgas veikal\u0101 (0-2d.d.)","slug":"local_stock_location","quantity":"0"}],"_links":{"self":[{"href":"https:\/\/vevorshop.lv\/lv\/wp-json\/wp\/v2\/product\/220237","targetHints":{"allow":["GET"]}}],"collection":[{"href":"https:\/\/vevorshop.lv\/lv\/wp-json\/wp\/v2\/product"}],"about":[{"href":"https:\/\/vevorshop.lv\/lv\/wp-json\/wp\/v2\/types\/product"}],"replies":[{"embeddable":true,"href":"https:\/\/vevorshop.lv\/lv\/wp-json\/wp\/v2\/comments?post=220237"}],"wp:featuredmedia":[{"embeddable":true,"href":"https:\/\/vevorshop.lv\/lv\/wp-json\/wp\/v2\/media\/436434"}],"wp:attachment":[{"href":"https:\/\/vevorshop.lv\/lv\/wp-json\/wp\/v2\/media?parent=220237"}],"wp:term":[{"taxonomy":"location","embeddable":true,"href":"https:\/\/vevorshop.lv\/lv\/wp-json\/wp\/v2\/location?post=220237"},{"taxonomy":"product_brand","embeddable":true,"href":"https:\/\/vevorshop.lv\/lv\/wp-json\/wp\/v2\/product_brand?post=220237"},{"taxonomy":"product_cat","embeddable":true,"href":"https:\/\/vevorshop.lv\/lv\/wp-json\/wp\/v2\/product_cat?post=220237"},{"taxonomy":"product_tag","embeddable":true,"href":"https:\/\/vevorshop.lv\/lv\/wp-json\/wp\/v2\/product_tag?post=220237"}],"curies":[{"name":"wp","href":"https:\/\/api.w.org\/{rel}","templated":true}]}}