{"id":220265,"date":"2025-12-07T00:29:00","date_gmt":"2025-12-06T22:29:00","guid":{"rendered":"https:\/\/vevorshop.lv\/en_us\/Prece\/vevor-19l-red-type-i-safety-gas-can-carbon-steel-fuel-container-with-flame-arrester-funnel-self-closing-lid\/"},"modified":"2026-04-24T07:27:03","modified_gmt":"2026-04-24T04:27:03","slug":"vevor-19l-red-type-i-safety-gas-can-carbon-steel-fuel-container-with-flame-arrester-funnel-self-closing-lid","status":"publish","type":"product","link":"https:\/\/vevorshop.lv\/lv\/Prece\/vevor-19l-sarkans-i-tipa-drosibas-gazes-kanna-oglekla-terauda-degvielas-tvertne-ar-liesmas-slapetaja-piltuves-pasaizveramo-vaku\/","title":{"rendered":"VEVOR 19L sarkana I tipa dro\u0161\u012bbas degvielas kanna ar liesmu sl\u0101p\u0113t\u0101ju, pa\u0161aizvero\u0161u v\u0101ku un piltuvi \u2013 oglek\u013ca t\u0113rauds"},"content":{"rendered":"<div style=\"color: #fff!important; font-size: 16px; height: 24px; line-height: 24px; margin-top: -24px; \" class=\"product_original_name\">VEVOR dro\u0161\u012bbas g\u0101zes kanna, 19 l I tipa sarkana dro\u0161\u012bbas kanna benz\u012bnam ar ner\u016bs\u0113jo\u0161\u0101 t\u0113rauda liesmas sl\u0101p\u0113t\u0101ju, pa\u0161aizveres v\u0101ks un PE piltuve, oglek\u013ca t\u0113rauda uzliesmojo\u0161as degvielas uzglab\u0101\u0161anas konteiners ar ergonomisku rokturi<\/div>\n<div style=\"color: #fff!important; font-size: 16px; height: 24px; line-height: 24px; margin-top: -24px; \" class=\"product_sku\">MIULNRLE<\/div>\n<div style=\"color: #fff!important; font-size: 16px; height: 24px; line-height: 24px; margin-top: -24px; \" class=\"product_mpn\">IXAQGHSJS5JL94ZJ9001V0<\/div><div id=\"js-DM_at-goodDescRich\"><html><head><style>  body {    font-family: Arial;    line-height: 1.5;    color: #1c1c1c;    overflow-x: hidden;    margin: 0;    padding: 0;  }  .MsoNormal b {    font-weight: bolder;  }<\/style><style>  .container.small {    width: 970px;    margin: 0 auto;  }  .logo {    margin: 0 auto 0;  }  .logo img {    display: block;    margin: 0 auto;    max-width: 100%;  }  .logo .pc-banner {    display: block;    width: 1200px;    height: 247.4px;    margin: 0 auto;  }  .logo .pc-banner.small {    width: 970px;  }  .logo .pc-banner.small img {    height: auto!important;  }  .logo .m-banner {    display: none;  }  .ytvideo {    position: relative;    height: 546px;    width: 100%;    margin: 0 auto;  }  .ytvideo img {    width: 100%;    margin: 0 auto;  }  .ytvideo .play-btn {    width: 60px;    height: 42px;    position: absolute;    top: 50%;    left: 50%;    transform: translate(-50%, -50%);    background: url(\"data:image\/png;base64,iVBORw0KGgoAAAANSUhEUgAAAGQAAABGCAMAAAANWMFbAAAC+lBMVEUAAADBGB3kLCfBGB3kLCfcJC7BFx3KKSbiKybkLCbWJCPSIiLSIiLPICHAFx3kLCfgKSXNHiDZJiTIGx\/p4eHcjo7LHSDbJyTkLCbjKyfOHyHPIiL28fHJHB\/GGh7EGR7eKCXDGB3RISHlLSbBGB3AFxzGHB7DGB7BGB3hKybkKybAFx3lLCfAFxzDGR3hKibDGB7cJyTmz8\/elJTlwcHjurrUIyLlLSflLSfAFx3DGR7lLSfCFx3hKibhKibhKybjKybkLCblLSfbJSX49vbx7e3NNzjNMTLMJyjVIyLZf3\/ZQ0LaeHjx0tLgoqLkLCfCGB3HGx\/BGB3BFx3PICHCGB7WJCLOHyC\/Fxy\/Fx3lLCfQISHkLSe\/FxzbJiTBFx3FGx\/AGB7BFx3EGR7AGB3HHSDfKiXAFh3TISHYNzbhKibbJyTTIiL57e325+f039\/v2NjUV1fOHiHiqanfmprch4feKSXVIyPOICHmLibFGh\/mLSe\/Fx7XJCPeKSXXJSPNHyHaJyTGGh7lLCbmLCflLSjSIiLkLCbdKSXLHiC\/GB3KHh++Fh3lKyfoLiXcKCPkx8fYb2\/XaGfVXl3aU1LLHiDksbHgKibPICHbJyTfKSXbJyTCGB3KHSDiKybFGh7TIiL\/\/\/\/VIyPRISHIHB\/GGx\/HHB\/DGR7gKibdKCXLHiDZJiTMHiDNHyHYJSTOICHPICHWJCPcKCXXJSPjLCblLCf+\/f3NGR\/uLijzLynPGR\/IGB7WISHaIyLLGh7UAADxLynNAADRLzDbICLQAADIAAD3MCrUHSHXMTDpKSbLAADp5OTij4\/ejo\/VLy\/1LyngJSTcJCPQHx\/OHB7+\/PzaMS\/OLS\/vLijrLSjSAADaNTPwLyjkKSbNJCbYISHPHB\/KGB7WAAD7+vrn3d3aKynTKCjoLCfsKifRGh\/YAADq5+fhjo7QNDXXKCfmJyXt5+fTLzDLLi\/QKivYHRvMGBrQJCXLISPMExXLDxLaEAvkkI\/bOTfaFQ\/SCgpvLcnHAAAAmnRSTlMA+vv7+gT9Bvf9+8z8\/NSv\/Pr5+P7++vnQIBMP\/v38\/Pn348XDiCYf9OjbzcqxXVcx\/fz8+\/rj1r2poo1+fXFqX0orGP7+\/v7+\/fz8+\/r68uzn4trIxsG\/vri3p6GcmZSNbWVYUUZEPQv+\/f39+\/v7+\/v7+vr64tvV1NTTz87FtbSurqeblJKFg4B3bUY+NjL7+\/v7+\/v67t1cDo8JLQAABkRJREFUWMO0kz9rwkAYh0OIeJkum6YugUAhISCdKoj\/P4C7SMdS+gEKIhSKil10LSg4mzXkILdlEpxCpwTiWOLX6BujvQaEQuGeHLnL+\/64J+SIcKGYTYWnntpdLjrVdqvZmNdn0+EE40GtpuuWVS6Xx6N7YDSGpWXpeq02wHgynM7q80az1a52HpddtVcpsi1zFARBrdaxbhp9iUReTGmwA4KAAr7vx3EYejnCMI6hQYEgy0LQi4jUN0wL19vqFcUC9\/1dAKmEEFkWRYkh5oBejnxQJiSJPJ\/uKBp0Thszx9Mw8hMRIQjKsptCfuES9zr5WJY6vSFCIvE9fCMUmEM1A1kSXcYGxgVYsvI1IPKTZciSTI0us\/SMGG04gDzELDoFBwdcFJrF88dqgYMTiL6DILWYyfOWE8\/kIz38olCNlC03FK95+imxp6y4oUSvAnBjHHhKNtotSDqJzVFiK8c2SBqhZtsrTtgrLXwAyduxZHNE26eHUt5rtuM4WSmds3G+sUdWYo1L+XyxButoh5eKUHk5lByO3G1LqqCWVnfrv\/lyPtf\/4ps1cndNGIri8J1TJ0lx6dR\/oPjq1nbRwdp2dCk4CtIOLW3pVKRL6WZfS5vF2KkIQhpwSsjiYIgNCs1gEMGqiIq24NQX9NwoXFy8Ufrl3twTcg4fv8T9\/JBEySduj6Mjm4bMzYV7EEOxKjjoNDud7yY3Dy71Hq2oLmqfbNR723edH9PgMrNL2utoQ3VmaIDkiw\/4w51P06hlZsTZvkRrbVuSIs\/zwSOsycgzStQouoAkWQqioRT5XI7n2Z1wfVhoZmcAJLsoqjqpjbWCgpOAJXBwHK8PzWbNvoUZJND5wCnSkLAkZ1legx6vqQzjoiTahKlGUGLAiIIoABOHaNVw4sexZBym6\/HWlH5h3IC7yRbxtipcWxdTOkORKiNQAEkFf66x5S2oeRbroOlLgg0sSYkR0hRGEqJZ0jTPiQKatESdBckpWigxaapEH0lImHdWu9pUFF2XqMNM2Z4kped7IwEJw2qabwtrQqnpw6HyKkgcadKWsmpywwesDyIhYRpdzXddqegtGIJlXbAIUMOLkGxJUjRIkokwjUaX9d\/kK62ps\/tYUqZLIMkLTyBhsMZ3C5Z\/kDxOSCb\/DOs\/\/J0qcWSX\/2ipe56EgTCA4\/cB7NAYOsni4mZM1MUPAISoEwkDi4lhVBQ1cWQyIcwalw4EpqZN68JUSK7XC0kTlkLYii5uXSC8jT5ncCAS7mjCv0uHp\/3lueHEEAeQ\/\/VgmdN71\/2uCSA1Xr6DO6uI6sW56zqT2tp2PhgiRUAajV8CY2fkcz6WGNKMgLAt7tJAhD4YHMTeRxlALE6+43WqjSWi8ITxyJl8WrwWSNESQZZOqhDDntO3hJLsd5RtSpbJqdv3YrDJH3F7jL1R2O2aQkn2MyCyKYz0GPGIvSAMgBCrCEiJyKbBaYGwLW4uPRr0A0M4Ux5kUI7IBh+hMdiCEWNqhMZGyYMsOgNE58UQuEQeUnSWCMYwL54hkxK6IoqucQZbQ3pc3XtL0lky1dL0zZJJDpWJovFqpWj6JEHnyam2eQp5QRVAVHjWparTOaVwUOx99YS2MvgxIGV0bb+qIg2HX2qkFFJB+XZcbLiuRkuxD9GRroKyveLxdh4d7Orx+hb7qc3uVRuEogCOnyIxm4ubUoPgF4jianDrC+SDQDKEfJb0GUKmjCGPYHGJvVC6X4hw1\/sAfQAdfYyephIaspXe36RwOP+Ljvfx9B6B3i+Nk0DGq+oCbLn6JpBa9nWAveAIHwFAwtVcIJXPMPL8kRu5OAYPMaL1WScTxjiZDqB9LTJSWphow\/pTYKRTLjCBhvi9iBidvKcDasGSm0QQkycYuLBqj6QCELPctqChDWpTRMWkngNNpQ1Pfp1KkiT\/Y0DGffXAweUNfLAfaJFKDwhb6I+bkYRbkERoEeu3Fyjg2opMz2daZCS9jt6Q7txNfB+OZEVF6Zl5web2xunnLQrtrjXseXKaFYziYINeMFZVxS9VxRhOoesYwxPKXm+gWLG9cuFeq93UNNeJNsf1KlwuDok9n02n3TgIJpOxNfL9naIoQwXtfH9kjceTIIi709ncTg6LZbg+biLH1V6u\/7rxBem06VXKn9raAAAAAElFTkSuQmCC\")      no-repeat center center \/ contain;  }  @media screen and (max-width: 960px) and (orientation: portrait) {    .logo {      width: 100%;    }    .logo .pc-banner {      display: none;    }    .logo .m-banner {      display: block;      width: 100%;    }    .logo .m-banner img {      height: auto!important;    }    .ytvideo {      height: 200px;      width: 100%;    }  }<\/style><style>  .video-section {    width: 100%;    margin: 0 auto;  }  .video-section > img {    width: 100%;  }  .video-section iframe,  .video-section video {    width: 100%;    height: 100%;      }  .video-section-img-m,  .video-section-img-pc > img {    width: 100%;    height: auto;  }  .video-section-img-pc.small > img {    width: 970px;  }  .video-desc {    line-height: 1.5;    font-size: 20px;    font-weight: 400;    margin: 20px 0;    text-align: center;    color: #0f1111;    word-break: break-word;  }  @media screen and (max-width: 960px) and (orientation: portrait) {    .video-section {      width: 100%;    }    .video-section-pc,    .video-section-img-pc {      display: none;    }    .video-section-m,    .video-section-img-m {      display: block;    }    .video-desc {      font-size: 15px;    }  }  @media screen and (min-width: 960px) {    .video-section {      width: 100%;      margin: 0 auto;    }    .video-section-pc,    .video-section-img-pc {      display: block;    }    .video-section-m,    .video-section-img-m {      display: none;    }    .video-desc {      font-size: 20px;    }  }<\/style><style>  .section + .section {    margin-top: 35px;  }  .section-title {    text-align: center;    font-weight: bold;    color: #0d1111;    font-family: \"Arial\";    font-size: 32px;    margin: 15px 0;  }  .section-title:empty {    display: none;  }  .section-desc {    text-align: center;    font-weight: normal;    color: #0d1111;    margin-top: 20px;  }  .section-desc:empty {    display: none;  }  .section-img {    width: 1200px;    height: 492px;    margin: 0 auto;    display: block;  }  .section-img.small {    width: 970px;    height: auto;  }  .section-img.small > img {    height: auto;  }  .section-img > img {    width: 100%;    height: 100%;  }  .section-mobile-img {    display: none;    max-width: 100vw;    max-height: 75vw;    height: 450px;    margin: 0 auto;  }  .section-mobile-img > img {    width: 100%;    height: 100%;  }  @media screen and (max-width: 960px) and (orientation: portrait) {    .container {      width: 100%;    }    .container.small {      width: 100%;    }    .section-mobile-img {      display: block;    }    .section-img {      display: none;    }    .section-title {      font-size: 22px;      margin: 10px 0;    }    .section-desc {      margin-top: 10px;    }    .section + .section {      margin-top: 20px;    }  }<\/style><\/head><body><div class=\"container\"><div class=\"logo\"><div class=\"pc-banner\"><div><img decoding=\"async\" src=\"\/vevor\/vevor\/boutique-banner\/pc\/en-pc@1x.jpg\" style=\"width: 100%;\" \/><\/div><\/div><div class=\"m-banner\"><div><img decoding=\"async\" src=\"\/vevor\/vevor\/boutique-banner\/mobile\/en-m@1x.jpg\" style=\"width: 100%;\" \/><\/div><\/div><\/div><div class=\"section-title\">Sarkan\u0101 dro\u0161\u012bbas g\u0101zes kanna<\/div><div class=\"video-section\"><div class=\"video-section-img-pc\"><img decoding=\"async\" src=\"\/vevor\/product\/IXAQGHSJS5JL94ZJ9001\/safety-gas-can-a100-1.4.jpg\" \/><\/div><div class=\"video-section-img-m\"><img decoding=\"async\" src=\"\/vevor\/product\/IXAQGHSJS5JL94ZJ9001\/safety-gas-can-a100-1.4-m.jpg\" \/><\/div><div class=\"section-desc\">M\u016bsu 5 gal I tipa sarkanajai dro\u0161\u012bbas g\u0101zei var b\u016bt necaurlaid\u012bgs atsperes v\u0101ks, kas autom\u0101tiski aizveras, kad tiek apg\u0101zts. T\u0101 iztur\u012bgais met\u0101la materi\u0101ls ir iztur\u012bgs un iztur\u012bgs pret koroziju, tostarp bezdzirkste\u013cu liesmas sl\u0101p\u0113t\u0101js, lai blo\u0137\u0113tu \u0101r\u0113j\u0101s liesmas, un prec\u012bza, gluda uzpildes piltuve.<\/div><\/div><div class=\"section\"><div class=\"section-title\"><\/div><div class=\"section-img\"><img decoding=\"async\" src=\"\/vevor\/product\/IXAQGHSJS5JL94ZJ9001\/safety-gas-can-a100-2.2.jpg\" \/><\/div><div class=\"section-mobile-img\"><img decoding=\"async\" src=\"\/vevor\/product\/IXAQGHSJS5JL94ZJ9001\/safety-gas-can-a100-2.2-m.jpg\" \/><\/div><div class=\"section-desc\">E\u013c\u013cas iepl\u016bdei un izpl\u016bdei 1,65 collas\/42 mm ir viena atvere Ar nosl\u0113gtu un necaurlaid\u012bgu atsperu v\u0101ku t\u0113rauda g\u0101ze var nodro\u0161in\u0101t prec\u012bzu \u0161\u0137idruma iepild\u012b\u0161anu un izlie\u0161anu V\u0101ks aizveras autom\u0101tiski p\u0113c apg\u0101\u0161an\u0101s, radot cie\u0161u bl\u012bv\u0113jumu, lai izvair\u012btos no \u0161\u0137idruma nopl\u016bdes un izlie\u0161anas.<\/div><\/div><div class=\"section\"><div class=\"section-title\"><\/div><div class=\"section-img\"><img decoding=\"async\" src=\"\/vevor\/product\/IXAQGHSJS5JL94ZJ9001\/safety-gas-can-a100-2.3.jpg\" \/><\/div><div class=\"section-mobile-img\"><img decoding=\"async\" src=\"\/vevor\/product\/IXAQGHSJS5JL94ZJ9001\/safety-gas-can-a100-2.3-m.jpg\" \/><\/div><div class=\"section-desc\">5 gal met\u0101la degvielai var b\u016bt ergonomisks fiks\u0113ts rokturis, kas nodro\u0161ina \u0113rtu sa\u0137eri. To var viegli pacelt un n\u0113s\u0101t pat tad, ja tas ir piln\u012bb\u0101 noslogots, nodro\u0161inot rokas komfortu ilgsto\u0161as lieto\u0161anas laik\u0101 un padarot p\u0101rn\u0113s\u0101\u0161anu vieglu un bez piep\u016bles.<\/div><\/div><div class=\"section\"><div class=\"section-title\"><\/div><div class=\"section-img\"><img decoding=\"async\" src=\"\/vevor\/product\/IXAQGHSJS5JL94ZJ9001\/safety-gas-can-a100-2.4.jpg\" \/><\/div><div class=\"section-mobile-img\"><img decoding=\"async\" src=\"\/vevor\/product\/IXAQGHSJS5JL94ZJ9001\/safety-gas-can-a100-2.4-m.jpg\" \/><\/div><div class=\"section-desc\">M\u016bsu met\u0101la g\u0101ze ar iztur\u012bgu, korozijiztur\u012bgu oglek\u013ca t\u0113rauda korpusu ar SUS304 liesmas sl\u0101p\u0113t\u0101ju var blo\u0137\u0113t \u0101r\u0113j\u0101s liesmas un izvair\u012bties no nejau\u0161as \u0161\u0137idrumu aizdeg\u0161an\u0101s.T\u0101 pret \u0161\u013cakat\u0101m iztur\u012bg\u0101 PE piltuve un platmutes konstrukcija nodro\u0161ina vienm\u0113r\u012bgu piepild\u012b\u0161anu un izlie\u0161anu, izvairoties no \u0161\u0137idruma iz\u0161\u013cakst\u012b\u0161an\u0101s.<\/div><\/div><div class=\"section\"><div class=\"section-title\"><\/div><div class=\"section-img\"><img decoding=\"async\" src=\"\/vevor\/product\/IXAQGHSJS5JL94ZJ9001\/safety-gas-can-a100-2.5.jpg\" \/><\/div><div class=\"section-mobile-img\"><img decoding=\"async\" src=\"\/vevor\/product\/IXAQGHSJS5JL94ZJ9001\/safety-gas-can-a100-2.5-m.jpg\" \/><\/div><div class=\"section-desc\">Neatkar\u012bgi no t\u0101, vai jums ir j\u0101uzpilda sniega p\u016bt\u0113ji, golfa rati\u0146i vai z\u0101les p\u013c\u0101v\u0113ji, \u0161\u012b dro\u0161\u012bba var apmierin\u0101t j\u016bsu vajadz\u012bbas. T\u0101s p\u0101rn\u0113s\u0101jamais dizains un jauda nodro\u0161ina, ka vienm\u0113r varat nodro\u0161in\u0101t nepiecie\u0161amo degvielu apr\u012bkojumam \u0101ra oper\u0101ciju vai ikdienas lieto\u0161anas laik\u0101, padarot j\u016bsu darbu un ce\u013co\u0161anu \u0113rt\u0101ku.<\/div><\/div><div class=\"section\"><div class=\"section-img\"><img decoding=\"async\" src=\"\/vevor\/product\/IXAQGHSJS5JL94ZJ9001\/safety-gas-can-a100-1.11.jpg\" \/><\/div><div class=\"section-mobile-img\"><img decoding=\"async\" src=\"\/vevor\/product\/IXAQGHSJS5JL94ZJ9001\/safety-gas-can-a100-1.11-m.jpg\" \/><\/div><\/div><\/div><\/body><\/html><\/div>\n<div class=\"DM_at-title\" id=\"js-DM_at-title\"> <div>Produkta specifik\u0101cija<\/div> <i class=\"icon-arrowup_line\"><\/i> <\/div><div class=\"DM_at-goodsDescAttr\" id=\"js-DM_at-goodsDescAttr\"> <div class=\"DM_at-goodsDescAttrInner\"> <dl class=\"goodsDesc_item goodsDesc_item_even\"> <dt>Preces Mode\u013ca Numurs<\/dt> <dd> YYQG19I-01<\/dd> <\/dl> <dl class=\"goodsDesc_item\"> <dt>Veids<\/dt> <dd> Es<\/dd> <\/dl> <dl class=\"goodsDesc_item goodsDesc_item_even\"> <dt>Jauda<\/dt> <dd> 5 Gal\/19 L<\/dd> <\/dl> <dl class=\"goodsDesc_item\"> <dt>\u0100r\u0113j\u0101 kr\u0101sa<\/dt> <dd> Sarkana<\/dd> <\/dl> <dl class=\"goodsDesc_item goodsDesc_item_even\"> <dt>\u0100r\u0113jais galvenais materi\u0101ls<\/dt> <dd> Auksti velm\u0113ts t\u0113rauds<\/dd> <\/dl> <dl class=\"goodsDesc_item\"> <dt>Neto Svars<\/dt> <dd> 6,39 m\u0101rci\u0146as\/2,9 kg<\/dd> <\/dl> <dl class=\"goodsDesc_item goodsDesc_item_even\"> <dt>Produkta Izm\u0113ri<\/dt> <dd> 11,5 x 16,65 collas\/292 x 423 mm<\/dd> <\/dl> <\/div> <\/div>","protected":false},"excerpt":{"rendered":"<ul>\n<li> Aizz\u012bmogots un necaurlaid\u012bgs: m\u016bsu dro\u0161\u012bbas g\u0101zei var b\u016bt atsperes v\u0101ks, kas autom\u0101tiski aizveras, kad tiek apg\u0101zts, veidojot cie\u0161u bl\u012bv\u0113jumu, lai izvair\u012btos no uzliesmojo\u0161a \u0161\u0137idruma nopl\u016bdes un izlie\u0161anas. Tas samazina nolaid\u012bbas rad\u012btos riskus, uzlabojot darb\u012bbas p\u0101rliec\u012bbu  <\/li>\n<li> Iztur\u012bgs materi\u0101ls: izgatavots no sabiezin\u0101ta lieljaudas oglek\u013ca t\u0113rauda, t\u0113rauda g\u0101zes kanna ir iztur\u012bga, iztur\u012bga, iztur\u012bga pret koroziju un r\u016bsu mitros apst\u0101k\u013cos. Divk\u0101r\u0161\u0101 blo\u0137\u0113\u0161anas bezmetin\u0101juma apak\u0161\u0113j\u0101s \u0161uves dizains uzlabo kannas bl\u012bv\u0113jumu un stabilit\u0101ti <\/li>\n<li> Kompakts tvertnes kanna: \u0161\u012bs 5 gal kompakt\u0101s met\u0101la degvielas izm\u0113ri var b\u016bt tikai 11,5 x 16,65 collas\/292 x 423 mm, ar nelielu izm\u0113ru, kas aiz\u0146em maz vietas. To ir viegli iz\u0146emt un izmantot gar\u0101\u017eas st\u016bros, plauktos vai transportl\u012bdzek\u013cu bag\u0101\u017eniekos, apmierinot da\u017e\u0101das vajadz\u012bbas <\/li>\n<li> Prec\u012bza pild\u012b\u0161ana: M\u016bsu met\u0101la g\u0101zes kann\u0101 ir plata mutes \u0161\u013cakatu necaurlaid\u012bga piltuve.T\u0101s e\u013c\u013cas izvadam ir 1,65 collu\/42 mm iek\u0161\u0113jais diametrs, lai nodro\u0161in\u0101tu vienm\u0113r\u012bgu \u0161\u0137idruma iepild\u012b\u0161anu un izlie\u0161anu.Tas nov\u0113r\u0161 \u0161\u013cakatas vai izlie\u0161anu, padarot to viegli uzpild\u0101mu vai ielej citus \u0161\u0137idrumus <\/li>\n<li> Ugunsdro\u0161\u012bba: ar ner\u016bs\u0113jo\u0161\u0101 t\u0113rauda liesmas sl\u0101p\u0113t\u0101ju m\u016bsu dro\u0161\u012bba var blo\u0137\u0113t \u0101r\u0113j\u0101s liesmas, lai izvair\u012btos no nejau\u0161as \u0161\u0137idrumu aizdeg\u0161an\u0101s, uzlabojot p\u0101rliec\u012bbu par lieto\u0161anu. Tas nodro\u0161ina papildu aizsardz\u012bbu \u0161\u0137idruma uzglab\u0101\u0161anai un transport\u0113\u0161anai <\/li>\n<\/ul>","protected":false},"featured_media":436602,"comment_status":"open","ping_status":"open","template":"","meta":{"om_disable_all_campaigns":false,"_uf_show_specific_survey":0,"_uf_disable_surveys":false},"location":[1935,1934],"product_brand":[],"product_cat":[133,203,1126],"product_tag":[],"class_list":{"0":"post-220265","1":"product","2":"type-product","3":"status-publish","4":"has-post-thumbnail","6":"location-supplier_stock_location","7":"location-local_stock_location","8":"product_cat-automotive","9":"product_cat-fuel-transfer-lubrication","10":"product_cat-jerry-cans","12":"first","13":"instock","14":"taxable","15":"shipping-taxable","16":"purchasable","17":"product-type-simple"},"aioseo_notices":[],"locations":[{"id":1935,"name":"Pieg\u0101d\u0101ja noliktav\u0101 (5-7dd.d)","slug":"supplier_stock_location","quantity":"40"},{"id":1934,"name":"R\u012bgas veikal\u0101 (0-2d.d.)","slug":"local_stock_location","quantity":"0"}],"_links":{"self":[{"href":"https:\/\/vevorshop.lv\/lv\/wp-json\/wp\/v2\/product\/220265","targetHints":{"allow":["GET"]}}],"collection":[{"href":"https:\/\/vevorshop.lv\/lv\/wp-json\/wp\/v2\/product"}],"about":[{"href":"https:\/\/vevorshop.lv\/lv\/wp-json\/wp\/v2\/types\/product"}],"replies":[{"embeddable":true,"href":"https:\/\/vevorshop.lv\/lv\/wp-json\/wp\/v2\/comments?post=220265"}],"wp:featuredmedia":[{"embeddable":true,"href":"https:\/\/vevorshop.lv\/lv\/wp-json\/wp\/v2\/media\/436602"}],"wp:attachment":[{"href":"https:\/\/vevorshop.lv\/lv\/wp-json\/wp\/v2\/media?parent=220265"}],"wp:term":[{"taxonomy":"location","embeddable":true,"href":"https:\/\/vevorshop.lv\/lv\/wp-json\/wp\/v2\/location?post=220265"},{"taxonomy":"product_brand","embeddable":true,"href":"https:\/\/vevorshop.lv\/lv\/wp-json\/wp\/v2\/product_brand?post=220265"},{"taxonomy":"product_cat","embeddable":true,"href":"https:\/\/vevorshop.lv\/lv\/wp-json\/wp\/v2\/product_cat?post=220265"},{"taxonomy":"product_tag","embeddable":true,"href":"https:\/\/vevorshop.lv\/lv\/wp-json\/wp\/v2\/product_tag?post=220265"}],"curies":[{"name":"wp","href":"https:\/\/api.w.org\/{rel}","templated":true}]}}