{"id":220585,"date":"2025-12-09T00:36:45","date_gmt":"2025-12-08T22:36:45","guid":{"rendered":"https:\/\/vevorshop.lv\/en_us\/Prece\/vevor-1-74x2-34m-welding-screen-with-frame-flame-resistant-vinyl-uv-protection-lockable-wheels-blue\/"},"modified":"2026-04-06T11:55:02","modified_gmt":"2026-04-06T08:55:02","slug":"vevor-1-74x2-34m-welding-screen-with-frame-flame-resistant-vinyl-uv-protection-lockable-wheels-blue","status":"publish","type":"product","link":"https:\/\/vevorshop.lv\/lv\/Prece\/vevor-1-74x2-34m-metinasanas-ekrans-ar-rami-liesmu-izturiga-vinila-uv-aizsardziba-sledzami-riteni-zils\/","title":{"rendered":"VEVOR 1.74\u00d72.34m zils metin\u0101\u0161anas ekr\u0101ns ar r\u0101mi, pret liesmu iztur\u012bgs vinils, UV aizsardz\u012bba, sl\u0113dzami rite\u0146i darbn\u012bcai"},"content":{"rendered":"<div style=\"color: #fff!important; font-size: 16px; height: 24px; line-height: 24px; margin-top: -24px; \" class=\"product_original_name\">VEVOR metin\u0101\u0161anas ekr\u0101ns ar r\u0101mi, 1,74 x 2,34 m metin\u0101\u0161anas aizkaru ekr\u0101ns, pret liesmu iztur\u012bgi vinila aizsardz\u012bbas ekr\u0101ni ar sl\u0113dzamiem groz\u0101miem rite\u0146iem un 6 l\u012bme\u0146u UV aizsardz\u012bba darbn\u012bcai\/r\u016bpnieciskai lieto\u0161anai, zils<\/div>\n<div style=\"color: #fff!important; font-size: 16px; height: 24px; line-height: 24px; margin-top: -24px; \" class=\"product_sku\">MIX619E5<\/div>\n<div style=\"color: #fff!important; font-size: 16px; height: 24px; line-height: 24px; margin-top: -24px; \" class=\"product_mpn\">DMPF1JZ68FTYFQJGS001V0<\/div><div id=\"js-DM_at-goodDescRich\"><html><head><style>  body {    font-family: Arial;    line-height: 1.5;    color: #1c1c1c;    overflow-x: hidden;    margin: 0;    padding: 0;  }  .MsoNormal b {    font-weight: bolder;  }<\/style><style>  .container.small {    width: 970px;    margin: 0 auto;  }  .logo {    margin: 0 auto 0;  }  .logo img {    display: block;    margin: 0 auto;    max-width: 100%;  }  .logo .pc-banner {    display: block;    width: 1200px;    height: 247.4px;    margin: 0 auto;  }  .logo .pc-banner.small {    width: 970px;  }  .logo .pc-banner.small img {    height: auto!important;  }  .logo .m-banner {    display: none;  }  .ytvideo {    position: relative;    height: 546px;    width: 100%;    margin: 0 auto;  }  .ytvideo img {    width: 100%;    margin: 0 auto;  }  .ytvideo .play-btn {    width: 60px;    height: 42px;    position: absolute;    top: 50%;    left: 50%;    transform: translate(-50%, -50%);    background: url(\"data:image\/png;base64,iVBORw0KGgoAAAANSUhEUgAAAGQAAABGCAMAAAANWMFbAAAC+lBMVEUAAADBGB3kLCfBGB3kLCfcJC7BFx3KKSbiKybkLCbWJCPSIiLSIiLPICHAFx3kLCfgKSXNHiDZJiTIGx\/p4eHcjo7LHSDbJyTkLCbjKyfOHyHPIiL28fHJHB\/GGh7EGR7eKCXDGB3RISHlLSbBGB3AFxzGHB7DGB7BGB3hKybkKybAFx3lLCfAFxzDGR3hKibDGB7cJyTmz8\/elJTlwcHjurrUIyLlLSflLSfAFx3DGR7lLSfCFx3hKibhKibhKybjKybkLCblLSfbJSX49vbx7e3NNzjNMTLMJyjVIyLZf3\/ZQ0LaeHjx0tLgoqLkLCfCGB3HGx\/BGB3BFx3PICHCGB7WJCLOHyC\/Fxy\/Fx3lLCfQISHkLSe\/FxzbJiTBFx3FGx\/AGB7BFx3EGR7AGB3HHSDfKiXAFh3TISHYNzbhKibbJyTTIiL57e325+f039\/v2NjUV1fOHiHiqanfmprch4feKSXVIyPOICHmLibFGh\/mLSe\/Fx7XJCPeKSXXJSPNHyHaJyTGGh7lLCbmLCflLSjSIiLkLCbdKSXLHiC\/GB3KHh++Fh3lKyfoLiXcKCPkx8fYb2\/XaGfVXl3aU1LLHiDksbHgKibPICHbJyTfKSXbJyTCGB3KHSDiKybFGh7TIiL\/\/\/\/VIyPRISHIHB\/GGx\/HHB\/DGR7gKibdKCXLHiDZJiTMHiDNHyHYJSTOICHPICHWJCPcKCXXJSPjLCblLCf+\/f3NGR\/uLijzLynPGR\/IGB7WISHaIyLLGh7UAADxLynNAADRLzDbICLQAADIAAD3MCrUHSHXMTDpKSbLAADp5OTij4\/ejo\/VLy\/1LyngJSTcJCPQHx\/OHB7+\/PzaMS\/OLS\/vLijrLSjSAADaNTPwLyjkKSbNJCbYISHPHB\/KGB7WAAD7+vrn3d3aKynTKCjoLCfsKifRGh\/YAADq5+fhjo7QNDXXKCfmJyXt5+fTLzDLLi\/QKivYHRvMGBrQJCXLISPMExXLDxLaEAvkkI\/bOTfaFQ\/SCgpvLcnHAAAAmnRSTlMA+vv7+gT9Bvf9+8z8\/NSv\/Pr5+P7++vnQIBMP\/v38\/Pn348XDiCYf9OjbzcqxXVcx\/fz8+\/rj1r2poo1+fXFqX0orGP7+\/v7+\/fz8+\/r68uzn4trIxsG\/vri3p6GcmZSNbWVYUUZEPQv+\/f39+\/v7+\/v7+vr64tvV1NTTz87FtbSurqeblJKFg4B3bUY+NjL7+\/v7+\/v67t1cDo8JLQAABkRJREFUWMO0kz9rwkAYh0OIeJkum6YugUAhISCdKoj\/P4C7SMdS+gEKIhSKil10LSg4mzXkILdlEpxCpwTiWOLX6BujvQaEQuGeHLnL+\/64J+SIcKGYTYWnntpdLjrVdqvZmNdn0+EE40GtpuuWVS6Xx6N7YDSGpWXpeq02wHgynM7q80az1a52HpddtVcpsi1zFARBrdaxbhp9iUReTGmwA4KAAr7vx3EYejnCMI6hQYEgy0LQi4jUN0wL19vqFcUC9\/1dAKmEEFkWRYkh5oBejnxQJiSJPJ\/uKBp0Thszx9Mw8hMRIQjKsptCfuES9zr5WJY6vSFCIvE9fCMUmEM1A1kSXcYGxgVYsvI1IPKTZciSTI0us\/SMGG04gDzELDoFBwdcFJrF88dqgYMTiL6DILWYyfOWE8\/kIz38olCNlC03FK95+imxp6y4oUSvAnBjHHhKNtotSDqJzVFiK8c2SBqhZtsrTtgrLXwAyduxZHNE26eHUt5rtuM4WSmds3G+sUdWYo1L+XyxButoh5eKUHk5lByO3G1LqqCWVnfrv\/lyPtf\/4ps1cndNGIri8J1TJ0lx6dR\/oPjq1nbRwdp2dCk4CtIOLW3pVKRL6WZfS5vF2KkIQhpwSsjiYIgNCs1gEMGqiIq24NQX9NwoXFy8Ufrl3twTcg4fv8T9\/JBEySduj6Mjm4bMzYV7EEOxKjjoNDud7yY3Dy71Hq2oLmqfbNR723edH9PgMrNL2utoQ3VmaIDkiw\/4w51P06hlZsTZvkRrbVuSIs\/zwSOsycgzStQouoAkWQqioRT5XI7n2Z1wfVhoZmcAJLsoqjqpjbWCgpOAJXBwHK8PzWbNvoUZJND5wCnSkLAkZ1legx6vqQzjoiTahKlGUGLAiIIoABOHaNVw4sexZBym6\/HWlH5h3IC7yRbxtipcWxdTOkORKiNQAEkFf66x5S2oeRbroOlLgg0sSYkR0hRGEqJZ0jTPiQKatESdBckpWigxaapEH0lImHdWu9pUFF2XqMNM2Z4kped7IwEJw2qabwtrQqnpw6HyKkgcadKWsmpywwesDyIhYRpdzXddqegtGIJlXbAIUMOLkGxJUjRIkokwjUaX9d\/kK62ps\/tYUqZLIMkLTyBhsMZ3C5Z\/kDxOSCb\/DOs\/\/J0qcWSX\/2ipe56EgTCA4\/cB7NAYOsni4mZM1MUPAISoEwkDi4lhVBQ1cWQyIcwalw4EpqZN68JUSK7XC0kTlkLYii5uXSC8jT5ncCAS7mjCv0uHp\/3lueHEEAeQ\/\/VgmdN71\/2uCSA1Xr6DO6uI6sW56zqT2tp2PhgiRUAajV8CY2fkcz6WGNKMgLAt7tJAhD4YHMTeRxlALE6+43WqjSWi8ITxyJl8WrwWSNESQZZOqhDDntO3hJLsd5RtSpbJqdv3YrDJH3F7jL1R2O2aQkn2MyCyKYz0GPGIvSAMgBCrCEiJyKbBaYGwLW4uPRr0A0M4Ux5kUI7IBh+hMdiCEWNqhMZGyYMsOgNE58UQuEQeUnSWCMYwL54hkxK6IoqucQZbQ3pc3XtL0lky1dL0zZJJDpWJovFqpWj6JEHnyam2eQp5QRVAVHjWparTOaVwUOx99YS2MvgxIGV0bb+qIg2HX2qkFFJB+XZcbLiuRkuxD9GRroKyveLxdh4d7Orx+hb7qc3uVRuEogCOnyIxm4ubUoPgF4jianDrC+SDQDKEfJb0GUKmjCGPYHGJvVC6X4hw1\/sAfQAdfYyephIaspXe36RwOP+Ljvfx9B6B3i+Nk0DGq+oCbLn6JpBa9nWAveAIHwFAwtVcIJXPMPL8kRu5OAYPMaL1WScTxjiZDqB9LTJSWphow\/pTYKRTLjCBhvi9iBidvKcDasGSm0QQkycYuLBqj6QCELPctqChDWpTRMWkngNNpQ1Pfp1KkiT\/Y0DGffXAweUNfLAfaJFKDwhb6I+bkYRbkERoEeu3Fyjg2opMz2daZCS9jt6Q7txNfB+OZEVF6Zl5web2xunnLQrtrjXseXKaFYziYINeMFZVxS9VxRhOoesYwxPKXm+gWLG9cuFeq93UNNeJNsf1KlwuDok9n02n3TgIJpOxNfL9naIoQwXtfH9kjceTIIi709ncTg6LZbg+biLH1V6u\/7rxBem06VXKn9raAAAAAElFTkSuQmCC\")      no-repeat center center \/ contain;  }  @media screen and (max-width: 960px) and (orientation: portrait) {    .logo {      width: 100%;    }    .logo .pc-banner {      display: none;    }    .logo .m-banner {      display: block;      width: 100%;    }    .logo .m-banner img {      height: auto!important;    }    .ytvideo {      height: 200px;      width: 100%;    }  }<\/style><style>  .video-section {    width: 100%;    margin: 0 auto;  }  .video-section > img {    width: 100%;  }  .video-section iframe,  .video-section video {    width: 100%;    height: 100%;      }  .video-section-img-m,  .video-section-img-pc > img {    width: 100%;    height: auto;  }  .video-section-img-pc.small > img {    width: 970px;  }  .video-desc {    line-height: 1.5;    font-size: 20px;    font-weight: 400;    margin: 20px 0;    text-align: center;    color: #0f1111;    word-break: break-word;  }  @media screen and (max-width: 960px) and (orientation: portrait) {    .video-section {      width: 100%;    }    .video-section-pc,    .video-section-img-pc {      display: none;    }    .video-section-m,    .video-section-img-m {      display: block;    }    .video-desc {      font-size: 15px;    }  }  @media screen and (min-width: 960px) {    .video-section {      width: 100%;      margin: 0 auto;    }    .video-section-pc,    .video-section-img-pc {      display: block;    }    .video-section-m,    .video-section-img-m {      display: none;    }    .video-desc {      font-size: 20px;    }  }<\/style><style>  .section + .section {    margin-top: 35px;  }  .section-title {    text-align: center;    font-weight: bold;    color: #0d1111;    font-family: \"Arial\";    font-size: 32px;    margin: 15px 0;  }  .section-title:empty {    display: none;  }  .section-desc {    text-align: center;    font-weight: normal;    color: #0d1111;    margin-top: 20px;  }  .section-desc:empty {    display: none;  }  .section-img {    width: 1200px;    height: 492px;    margin: 0 auto;    display: block;  }  .section-img.small {    width: 970px;    height: auto;  }  .section-img.small > img {    height: auto;  }  .section-img > img {    width: 100%;    height: 100%;  }  .section-mobile-img {    display: none;    max-width: 100vw;    max-height: 75vw;    height: 450px;    margin: 0 auto;  }  .section-mobile-img > img {    width: 100%;    height: 100%;  }  @media screen and (max-width: 960px) and (orientation: portrait) {    .container {      width: 100%;    }    .container.small {      width: 100%;    }    .section-mobile-img {      display: block;    }    .section-img {      display: none;    }    .section-title {      font-size: 22px;      margin: 10px 0;    }    .section-desc {      margin-top: 10px;    }    .section + .section {      margin-top: 20px;    }  }<\/style><\/head><body><div class=\"container\"><div class=\"logo\"><div class=\"pc-banner\"><div><img decoding=\"async\" src=\"\/vevor\/vevor\/boutique-banner\/pc\/en-pc@1x.jpg\" style=\"width: 100%;\" \/><\/div><\/div><div class=\"m-banner\"><div><img decoding=\"async\" src=\"\/vevor\/vevor\/boutique-banner\/mobile\/en-m@1x.jpg\" style=\"width: 100%;\" \/><\/div><\/div><\/div><div class=\"section-title\">Uzticama metin\u0101\u0161anas aizsardz\u012bba dro\u0161\u0101kai darba vietai<\/div><div class=\"video-section\"><div class=\"video-section-img-pc\"><img decoding=\"async\" src=\"\/vevor\/product\/DMPF1JZ68FTYFQJGS001\/welding-screen-a100-1.4.jpg\" \/><\/div><div class=\"video-section-img-m\"><img decoding=\"async\" src=\"\/vevor\/product\/DMPF1JZ68FTYFQJGS001\/welding-screen-a100-1.4-m.jpg\" \/><\/div><div class=\"section-desc\">Aizsarg\u0101jiet sevi un savu darbvietu ar m\u016bsu ier\u0101m\u0113to metin\u0101\u0161anas ekr\u0101nu. Ar 6 l\u012bme\u0146u UV aizsardz\u012bbu un izgatavots no liesmu sl\u0101p\u0113jo\u0161a vinila, VEVOR 6 x 8 p\u0113du dro\u0161\u012bbas metin\u0101\u0161anas ekr\u0101ns uz rite\u0146iem efekt\u012bvi blo\u0137\u0113 dzirksteles un \u0161\u013cakatas \u2014 radot dro\u0161\u0101ku un efekt\u012bv\u0101ku darbvietu.<\/div><\/div><div class=\"section\"><div class=\"section-title\"><\/div><div class=\"section-img\"><img decoding=\"async\" src=\"\/vevor\/product\/DMPF1JZ68FTYFQJGS001\/welding-screen-a100-2.2.jpg\" \/><\/div><div class=\"section-mobile-img\"><img decoding=\"async\" src=\"\/vevor\/product\/DMPF1JZ68FTYFQJGS001\/welding-screen-a100-2.2-m.jpg\" \/><\/div><div class=\"section-desc\">Metin\u0101\u0161anas dro\u0161\u012bba s\u0101kas ar stabilit\u0101ti, un m\u016bsu met\u0101la r\u0101mja strukt\u016bra nodro\u0161ina lielisku atbalstu un stabilit\u0101ti Iztur\u012bgs materi\u0101ls un stabila strukt\u016bra efekt\u012bvi nov\u0113r\u0161 apg\u0101\u0161anos vai sabruk\u0161anu, uzlabojot j\u016bsu metin\u0101\u0161anas uzdevumu dro\u0161\u012bbu un uzticam\u012bbu.<\/div><\/div><div class=\"section\"><div class=\"section-title\"><\/div><div class=\"section-img\"><img decoding=\"async\" src=\"\/vevor\/product\/DMPF1JZ68FTYFQJGS001\/welding-screen-a100-2.3.jpg\" \/><\/div><div class=\"section-mobile-img\"><img decoding=\"async\" src=\"\/vevor\/product\/DMPF1JZ68FTYFQJGS001\/welding-screen-a100-2.3-m.jpg\" \/><\/div><div class=\"section-desc\">Apr\u012bkots ar 4 augst\u0101k\u0101s kvalit\u0101tes groz\u0101miem ritenti\u0146iem (2 ar blo\u0137\u0113jam\u0101m bremz\u0113m), lai nodro\u0161in\u0101tu vienm\u0113r\u012bgu mobilit\u0101ti un dro\u0161u novietojumu uz vietas.<\/div><\/div><div class=\"section\"><div class=\"section-title\"><\/div><div class=\"section-img\"><img decoding=\"async\" src=\"\/vevor\/product\/DMPF1JZ68FTYFQJGS001\/welding-screen-a100-2.4.jpg\" \/><\/div><div class=\"section-mobile-img\"><img decoding=\"async\" src=\"\/vevor\/product\/DMPF1JZ68FTYFQJGS001\/welding-screen-a100-2.4-m.jpg\" \/><\/div><div class=\"section-desc\">Plastmasas starplikas un pastiprin\u0101ti st\u016bri nodro\u0161ina vieglu uzst\u0101d\u012b\u0161anu un stabilu piek\u0101r\u0161anu bez kritiena Bez\u0161uvju ma\u0161\u012bnas pres\u0113tas malas pie\u0161\u0137ir pastiprin\u0101tu iztur\u012bbu, kas nov\u0113r\u0161 pl\u012bsumus un boj\u0101jumus izcilai iztur\u012bbai.<\/div><\/div><div class=\"section\"><div class=\"section-title\"><\/div><div class=\"section-img\"><img decoding=\"async\" src=\"\/vevor\/product\/DMPF1JZ68FTYFQJGS001\/welding-screen-a100-2.5.jpg\" \/><\/div><div class=\"section-mobile-img\"><img decoding=\"async\" src=\"\/vevor\/product\/DMPF1JZ68FTYFQJGS001\/welding-screen-a100-2.5-m.jpg\" \/><\/div><div class=\"section-desc\">Ne\u013caujiet augst\u0101m temperat\u016br\u0101m, dzirkstel\u0113m, izkaus\u0113tam met\u0101lam vai \u0161\u013cakat\u0101m ietekm\u0113t j\u016bsu darbu VEVOR metin\u0101\u0161anas ekr\u0101ns ar r\u0101mi ir izstr\u0101d\u0101ts, lai nodro\u0161in\u0101tu pla\u0161u un uzticamu aizsardz\u012bbu metin\u0101\u0161anas darbn\u012bc\u0101s, ku\u0123u b\u016bv\u0113tav\u0101s, r\u016bpniec\u012bbas objektos un citur.<\/div><\/div><div class=\"section\"><div class=\"section-img\"><img decoding=\"async\" src=\"\/vevor\/product\/DMPF1JZ68FTYFQJGS001\/welding-screen-a100-1.11.jpg\" \/><\/div><div class=\"section-mobile-img\"><img decoding=\"async\" src=\"\/vevor\/product\/DMPF1JZ68FTYFQJGS001\/welding-screen-a100-1.11-m.jpg\" \/><\/div><\/div><\/div><\/body><\/html><\/div>\n<div class=\"DM_at-title\" id=\"js-DM_at-title\"> <div>Produkta specifik\u0101cija<\/div> <i class=\"icon-arrowup_line\"><\/i> <\/div><div class=\"DM_at-goodsDescAttr\" id=\"js-DM_at-goodsDescAttr\"> <div class=\"DM_at-goodsDescAttrInner\"> <dl class=\"goodsDesc_item goodsDesc_item_even\"> <dt>Preces Mode\u013ca Numurs<\/dt> <dd> XU-114<\/dd> <\/dl> <dl class=\"goodsDesc_item\"> <dt>Ar r\u0101mi<\/dt> <dd> J\u0101<\/dd> <\/dl> <dl class=\"goodsDesc_item goodsDesc_item_even\"> <dt>Kr\u0101sa<\/dt> <dd> Zils<\/dd> <\/dl> <dl class=\"goodsDesc_item\"> <dt>Rite\u0146i Numurs<\/dt> <dd> 4 (2 ar bremz\u0113m)<\/dd> <\/dl> <dl class=\"goodsDesc_item goodsDesc_item_even\"> <dt>Rite\u0146u diametrs<\/dt> <dd> 1,6 collas \/ 40 mm<\/dd> <\/dl> <dl class=\"goodsDesc_item\"> <dt>Galvenais materi\u0101ls<\/dt> <dd> Ugunsdro\u0161s vinils<\/dd> <\/dl> <dl class=\"goodsDesc_item goodsDesc_item_even\"> <dt>Aizsardz\u012bbas l\u012bmenis<\/dt> <dd> 6 l\u012bme\u0146u UV aizsardz\u012bba<\/dd> <\/dl> <dl class=\"goodsDesc_item\"> <dt>Grommets materi\u0101ls<\/dt> <dd> Plastmasas<\/dd> <\/dl> <dl class=\"goodsDesc_item goodsDesc_item_even\"> <dt>Piekaramie caurumi<\/dt> <dd> 18<\/dd> <\/dl> <dl class=\"goodsDesc_item\"> <dt>Neto Svars<\/dt> <dd> 16,9 m\u0101rci\u0146as \/ 7,65 kg<\/dd> <\/dl> <dl class=\"goodsDesc_item goodsDesc_item_even\"> <dt>Ekr\u0101na izm\u0113ri<\/dt> <dd> 6 x 8 FT \/ 1,74 x 2,34 m<\/dd> <\/dl> <\/div> <\/div>","protected":false},"excerpt":{"rendered":"<ul>\n<li> Pla\u0161a aizsardz\u012bbas zona: VEVOR 6 x 8 p\u0113du metin\u0101\u0161anas ekr\u0101ns ar r\u0101mi nodro\u0161ina visaptvero\u0161u aizsardz\u012bbu j\u016bsu darbvietai un metin\u0101\u0161anas projektiem. Saglab\u0101jiet savu zonu ekran\u0113tu un samaziniet dzirksteles un \u0161\u013cakatu ietekmi, radot dro\u0161\u0101ku un efekt\u012bv\u0101ku darba vidi <\/li>\n<li> Superior Protection &amp; Safety: Uzlabots ar 6 l\u012bme\u0146u UV aizsardz\u012bbu, m\u016bsu metin\u0101\u0161anas aizkaru ekr\u0101ns samazina UV starojumu un atsp\u012bdumu loka gaismu, pal\u012bdzot aizsarg\u0101t metin\u0101t\u0101ja redzi un \u0101du \u013baujiet jums str\u0101d\u0101t efekt\u012bv\u0101k un dro\u0161\u0101k <\/li>\n<li> Premium Liesmas iztur\u012bba: Izgatavots no augstas kvalit\u0101tes liesmas iztur\u012bga vinila, \u0161is ier\u0101m\u0113tais dro\u0161\u012bbas metin\u0101\u0161anas ekr\u0101ns nodro\u0161ina izcilu liesmas un augstas temperat\u016bras iztur\u012bbu, nodro\u0161inot uzticamu un ilgsto\u0161u aizsardz\u012bbu da\u017e\u0101dos pras\u012bgos metin\u0101\u0161anas lietojumos <\/li>\n<li> Pastiprin\u0101ti dizaini: ar plastmasas starplik\u0101m, pastiprin\u0101tiem st\u016briem un r\u0101v\u0113jsl\u0113dz\u0113jiem \u0101trai uzst\u0101d\u012b\u0161anai ar stabilu, l\u012bdzsvarotu piekari, kas nesl\u012bd un nekr\u012bt. Un bez\u0161uvju ma\u0161\u012bnas pres\u0113t\u0101s malas nodro\u0161ina papildu iztur\u012bbu, nov\u0113r\u0161ot pl\u012bsumus, nodilumu un boj\u0101jumus <\/li>\n<li> P\u0101rvietoties viegli: metin\u0101\u0161anas aizsardz\u012bbas ekr\u0101ns n\u0101k ar 4 gludas ritenti\u0146i (2 sl\u0113dzami ar bremz\u0113m), \u013caujot br\u012bvi ritin\u0101t to pa da\u017e\u0101d\u0101m darba zon\u0101m Nodro\u0161in\u0101t optim\u0101lu un pla\u0161u aizsardz\u012bbu darbn\u012bc\u0101s, auto remonts, ku\u0123u b\u016bv\u0113tavas, r\u016bpniec\u012bbas viet\u0101s un vair\u0101k <\/li>\n<\/ul>","protected":false},"featured_media":437454,"comment_status":"open","ping_status":"open","template":"","meta":{"om_disable_all_campaigns":false,"_monsterinsights_skip_tracking":false,"_monsterinsights_sitenote_active":false,"_monsterinsights_sitenote_note":"","_monsterinsights_sitenote_category":0,"_uf_show_specific_survey":0,"_uf_disable_surveys":false},"location":[1935,1934],"product_brand":[],"product_cat":[130,310,328],"product_tag":[],"class_list":{"0":"post-220585","1":"product","2":"type-product","3":"status-publish","4":"has-post-thumbnail","6":"location-supplier_stock_location","7":"location-local_stock_location","8":"product_cat-welding","9":"product_cat-welding-safety-equipment","10":"product_cat-welding-screens","12":"first","13":"outofstock","14":"taxable","15":"shipping-taxable","16":"purchasable","17":"product-type-simple"},"aioseo_notices":[],"jetpack_sharing_enabled":true,"locations":[{"id":1935,"name":"Pieg\u0101d\u0101t\u0101ja noliktav\u0101 (5-7d.d.)","slug":"supplier_stock_location","quantity":"0"},{"id":1934,"name":"R\u012bgas veikal\u0101 (0-2d.d.)","slug":"local_stock_location","quantity":"0"}],"_links":{"self":[{"href":"https:\/\/vevorshop.lv\/lv\/wp-json\/wp\/v2\/product\/220585","targetHints":{"allow":["GET"]}}],"collection":[{"href":"https:\/\/vevorshop.lv\/lv\/wp-json\/wp\/v2\/product"}],"about":[{"href":"https:\/\/vevorshop.lv\/lv\/wp-json\/wp\/v2\/types\/product"}],"replies":[{"embeddable":true,"href":"https:\/\/vevorshop.lv\/lv\/wp-json\/wp\/v2\/comments?post=220585"}],"wp:featuredmedia":[{"embeddable":true,"href":"https:\/\/vevorshop.lv\/lv\/wp-json\/wp\/v2\/media\/437454"}],"wp:attachment":[{"href":"https:\/\/vevorshop.lv\/lv\/wp-json\/wp\/v2\/media?parent=220585"}],"wp:term":[{"taxonomy":"location","embeddable":true,"href":"https:\/\/vevorshop.lv\/lv\/wp-json\/wp\/v2\/location?post=220585"},{"taxonomy":"product_brand","embeddable":true,"href":"https:\/\/vevorshop.lv\/lv\/wp-json\/wp\/v2\/product_brand?post=220585"},{"taxonomy":"product_cat","embeddable":true,"href":"https:\/\/vevorshop.lv\/lv\/wp-json\/wp\/v2\/product_cat?post=220585"},{"taxonomy":"product_tag","embeddable":true,"href":"https:\/\/vevorshop.lv\/lv\/wp-json\/wp\/v2\/product_tag?post=220585"}],"curies":[{"name":"wp","href":"https:\/\/api.w.org\/{rel}","templated":true}]}}