{"id":220593,"date":"2025-12-09T00:36:45","date_gmt":"2025-12-08T22:36:45","guid":{"rendered":"https:\/\/vevorshop.lv\/en_us\/Prece\/vevor-wheel-chock-tie-down-kit-for-atvs-utvs-2430mm-straps-1986kg-strength-662kg-load-e-hooks-buckle-secure-system\/"},"modified":"2026-05-13T01:40:22","modified_gmt":"2026-05-12T22:40:22","slug":"vevor-wheel-chock-tie-down-kit-for-atvs-utvs-2430mm-straps-1986kg-strength-662kg-load-e-hooks-buckle-secure-system","status":"publish","type":"product","link":"https:\/\/vevorshop.lv\/lv\/Prece\/vevor-wheel-chock-tie-down-kit-for-atvs-utvs-2430mm-straps-1986kg-strength-662kg-load-e-hooks-buckle-secure-system\/","title":{"rendered":"VEVOR rite\u0146u fiks\u0101cijas siksnu komplekts ATV\/UTV, 2430mm siksna, 1986kg iztur\u012bba, 662kg slodze, E-\u0101\u0137u treilera sist\u0113ma"},"content":{"rendered":"<div style=\"color: #fff!important; font-size: 16px; height: 24px; line-height: 24px; margin-top: -24px; \" class=\"product_original_name\">VEVOR Wheel Chock Tie-Down Kit, Chock-Style Trailer Tie Down Strap, Car Tie Down Kit with Buckle, Break Strength 1986.73 kg & Working Load 662 kg Motorcycle Tie-Down System E-Hooks for ATVs, UTVs<\/div>\n<div style=\"color: #fff!important; font-size: 16px; height: 24px; line-height: 24px; margin-top: -24px; \" class=\"product_sku\">MIXGP5QF<\/div>\n<div style=\"color: #fff!important; font-size: 16px; height: 24px; line-height: 24px; margin-top: -24px; \" class=\"product_mpn\">CLJGTJ2LDXKKJLXJW001V0<\/div><div id=\"js-DM_at-goodDescRich\"><html><head><style>  body {    font-family: Arial;    line-height: 1.5;    color: #1c1c1c;    overflow-x: hidden;    margin: 0;    padding: 0;  }  .MsoNormal b {    font-weight: bolder;  }<\/style><style>  .container.small {    width: 970px;    margin: 0 auto;  }  .logo {    margin: 0 auto 0;  }  .logo img {    display: block;    margin: 0 auto;    max-width: 100%;  }  .logo .pc-banner {    display: block;    width: 1200px;    height: 247.4px;    margin: 0 auto;  }  .logo .pc-banner.small {    width: 970px;  }  .logo .pc-banner.small img {    height: auto!important;  }  .logo .m-banner {    display: none;  }  .ytvideo {    position: relative;    height: 546px;    width: 100%;    margin: 0 auto;  }  .ytvideo img {    width: 100%;    margin: 0 auto;  }  .ytvideo .play-btn {    width: 60px;    height: 42px;    position: absolute;    top: 50%;    left: 50%;    transform: translate(-50%, -50%);    background: url(\"data:image\/png;base64,iVBORw0KGgoAAAANSUhEUgAAAGQAAABGCAMAAAANWMFbAAAC+lBMVEUAAADBGB3kLCfBGB3kLCfcJC7BFx3KKSbiKybkLCbWJCPSIiLSIiLPICHAFx3kLCfgKSXNHiDZJiTIGx\/p4eHcjo7LHSDbJyTkLCbjKyfOHyHPIiL28fHJHB\/GGh7EGR7eKCXDGB3RISHlLSbBGB3AFxzGHB7DGB7BGB3hKybkKybAFx3lLCfAFxzDGR3hKibDGB7cJyTmz8\/elJTlwcHjurrUIyLlLSflLSfAFx3DGR7lLSfCFx3hKibhKibhKybjKybkLCblLSfbJSX49vbx7e3NNzjNMTLMJyjVIyLZf3\/ZQ0LaeHjx0tLgoqLkLCfCGB3HGx\/BGB3BFx3PICHCGB7WJCLOHyC\/Fxy\/Fx3lLCfQISHkLSe\/FxzbJiTBFx3FGx\/AGB7BFx3EGR7AGB3HHSDfKiXAFh3TISHYNzbhKibbJyTTIiL57e325+f039\/v2NjUV1fOHiHiqanfmprch4feKSXVIyPOICHmLibFGh\/mLSe\/Fx7XJCPeKSXXJSPNHyHaJyTGGh7lLCbmLCflLSjSIiLkLCbdKSXLHiC\/GB3KHh++Fh3lKyfoLiXcKCPkx8fYb2\/XaGfVXl3aU1LLHiDksbHgKibPICHbJyTfKSXbJyTCGB3KHSDiKybFGh7TIiL\/\/\/\/VIyPRISHIHB\/GGx\/HHB\/DGR7gKibdKCXLHiDZJiTMHiDNHyHYJSTOICHPICHWJCPcKCXXJSPjLCblLCf+\/f3NGR\/uLijzLynPGR\/IGB7WISHaIyLLGh7UAADxLynNAADRLzDbICLQAADIAAD3MCrUHSHXMTDpKSbLAADp5OTij4\/ejo\/VLy\/1LyngJSTcJCPQHx\/OHB7+\/PzaMS\/OLS\/vLijrLSjSAADaNTPwLyjkKSbNJCbYISHPHB\/KGB7WAAD7+vrn3d3aKynTKCjoLCfsKifRGh\/YAADq5+fhjo7QNDXXKCfmJyXt5+fTLzDLLi\/QKivYHRvMGBrQJCXLISPMExXLDxLaEAvkkI\/bOTfaFQ\/SCgpvLcnHAAAAmnRSTlMA+vv7+gT9Bvf9+8z8\/NSv\/Pr5+P7++vnQIBMP\/v38\/Pn348XDiCYf9OjbzcqxXVcx\/fz8+\/rj1r2poo1+fXFqX0orGP7+\/v7+\/fz8+\/r68uzn4trIxsG\/vri3p6GcmZSNbWVYUUZEPQv+\/f39+\/v7+\/v7+vr64tvV1NTTz87FtbSurqeblJKFg4B3bUY+NjL7+\/v7+\/v67t1cDo8JLQAABkRJREFUWMO0kz9rwkAYh0OIeJkum6YugUAhISCdKoj\/P4C7SMdS+gEKIhSKil10LSg4mzXkILdlEpxCpwTiWOLX6BujvQaEQuGeHLnL+\/64J+SIcKGYTYWnntpdLjrVdqvZmNdn0+EE40GtpuuWVS6Xx6N7YDSGpWXpeq02wHgynM7q80az1a52HpddtVcpsi1zFARBrdaxbhp9iUReTGmwA4KAAr7vx3EYejnCMI6hQYEgy0LQi4jUN0wL19vqFcUC9\/1dAKmEEFkWRYkh5oBejnxQJiSJPJ\/uKBp0Thszx9Mw8hMRIQjKsptCfuES9zr5WJY6vSFCIvE9fCMUmEM1A1kSXcYGxgVYsvI1IPKTZciSTI0us\/SMGG04gDzELDoFBwdcFJrF88dqgYMTiL6DILWYyfOWE8\/kIz38olCNlC03FK95+imxp6y4oUSvAnBjHHhKNtotSDqJzVFiK8c2SBqhZtsrTtgrLXwAyduxZHNE26eHUt5rtuM4WSmds3G+sUdWYo1L+XyxButoh5eKUHk5lByO3G1LqqCWVnfrv\/lyPtf\/4ps1cndNGIri8J1TJ0lx6dR\/oPjq1nbRwdp2dCk4CtIOLW3pVKRL6WZfS5vF2KkIQhpwSsjiYIgNCs1gEMGqiIq24NQX9NwoXFy8Ufrl3twTcg4fv8T9\/JBEySduj6Mjm4bMzYV7EEOxKjjoNDud7yY3Dy71Hq2oLmqfbNR723edH9PgMrNL2utoQ3VmaIDkiw\/4w51P06hlZsTZvkRrbVuSIs\/zwSOsycgzStQouoAkWQqioRT5XI7n2Z1wfVhoZmcAJLsoqjqpjbWCgpOAJXBwHK8PzWbNvoUZJND5wCnSkLAkZ1legx6vqQzjoiTahKlGUGLAiIIoABOHaNVw4sexZBym6\/HWlH5h3IC7yRbxtipcWxdTOkORKiNQAEkFf66x5S2oeRbroOlLgg0sSYkR0hRGEqJZ0jTPiQKatESdBckpWigxaapEH0lImHdWu9pUFF2XqMNM2Z4kped7IwEJw2qabwtrQqnpw6HyKkgcadKWsmpywwesDyIhYRpdzXddqegtGIJlXbAIUMOLkGxJUjRIkokwjUaX9d\/kK62ps\/tYUqZLIMkLTyBhsMZ3C5Z\/kDxOSCb\/DOs\/\/J0qcWSX\/2ipe56EgTCA4\/cB7NAYOsni4mZM1MUPAISoEwkDi4lhVBQ1cWQyIcwalw4EpqZN68JUSK7XC0kTlkLYii5uXSC8jT5ncCAS7mjCv0uHp\/3lueHEEAeQ\/\/VgmdN71\/2uCSA1Xr6DO6uI6sW56zqT2tp2PhgiRUAajV8CY2fkcz6WGNKMgLAt7tJAhD4YHMTeRxlALE6+43WqjSWi8ITxyJl8WrwWSNESQZZOqhDDntO3hJLsd5RtSpbJqdv3YrDJH3F7jL1R2O2aQkn2MyCyKYz0GPGIvSAMgBCrCEiJyKbBaYGwLW4uPRr0A0M4Ux5kUI7IBh+hMdiCEWNqhMZGyYMsOgNE58UQuEQeUnSWCMYwL54hkxK6IoqucQZbQ3pc3XtL0lky1dL0zZJJDpWJovFqpWj6JEHnyam2eQp5QRVAVHjWparTOaVwUOx99YS2MvgxIGV0bb+qIg2HX2qkFFJB+XZcbLiuRkuxD9GRroKyveLxdh4d7Orx+hb7qc3uVRuEogCOnyIxm4ubUoPgF4jianDrC+SDQDKEfJb0GUKmjCGPYHGJvVC6X4hw1\/sAfQAdfYyephIaspXe36RwOP+Ljvfx9B6B3i+Nk0DGq+oCbLn6JpBa9nWAveAIHwFAwtVcIJXPMPL8kRu5OAYPMaL1WScTxjiZDqB9LTJSWphow\/pTYKRTLjCBhvi9iBidvKcDasGSm0QQkycYuLBqj6QCELPctqChDWpTRMWkngNNpQ1Pfp1KkiT\/Y0DGffXAweUNfLAfaJFKDwhb6I+bkYRbkERoEeu3Fyjg2opMz2daZCS9jt6Q7txNfB+OZEVF6Zl5web2xunnLQrtrjXseXKaFYziYINeMFZVxS9VxRhOoesYwxPKXm+gWLG9cuFeq93UNNeJNsf1KlwuDok9n02n3TgIJpOxNfL9naIoQwXtfH9kjceTIIi709ncTg6LZbg+biLH1V6u\/7rxBem06VXKn9raAAAAAElFTkSuQmCC\")      no-repeat center center \/ contain;  }  @media screen and (max-width: 960px) and (orientation: portrait) {    .logo {      width: 100%;    }    .logo .pc-banner {      display: none;    }    .logo .m-banner {      display: block;      width: 100%;    }    .logo .m-banner img {      height: auto!important;    }    .ytvideo {      height: 200px;      width: 100%;    }  }<\/style><style>  .video-section {    width: 100%;    margin: 0 auto;  }  .video-section > img {    width: 100%;  }  .video-section iframe,  .video-section video {    width: 100%;    height: 100%;      }  .video-section-img-m,  .video-section-img-pc > img {    width: 100%;    height: auto;  }  .video-section-img-pc.small > img {    width: 970px;  }  .video-desc {    line-height: 1.5;    font-size: 20px;    font-weight: 400;    margin: 20px 0;    text-align: center;    color: #0f1111;    word-break: break-word;  }  @media screen and (max-width: 960px) and (orientation: portrait) {    .video-section {      width: 100%;    }    .video-section-pc,    .video-section-img-pc {      display: none;    }    .video-section-m,    .video-section-img-m {      display: block;    }    .video-desc {      font-size: 15px;    }  }  @media screen and (min-width: 960px) {    .video-section {      width: 100%;      margin: 0 auto;    }    .video-section-pc,    .video-section-img-pc {      display: block;    }    .video-section-m,    .video-section-img-m {      display: none;    }    .video-desc {      font-size: 20px;    }  }<\/style><style>  .section + .section {    margin-top: 35px;  }  .section-title {    text-align: center;    font-weight: bold;    color: #0d1111;    font-family: \"Arial\";    font-size: 32px;    margin: 15px 0;  }  .section-title:empty {    display: none;  }  .section-desc {    text-align: center;    font-weight: normal;    color: #0d1111;    margin-top: 20px;  }  .section-desc:empty {    display: none;  }  .section-img {    width: 1200px;    height: 492px;    margin: 0 auto;    display: block;  }  .section-img.small {    width: 970px;    height: auto;  }  .section-img.small > img {    height: auto;  }  .section-img > img {    width: 100%;    height: 100%;  }  .section-mobile-img {    display: none;    max-width: 100vw;    max-height: 75vw;    height: 450px;    margin: 0 auto;  }  .section-mobile-img > img {    width: 100%;    height: 100%;  }  @media screen and (max-width: 960px) and (orientation: portrait) {    .container {      width: 100%;    }    .container.small {      width: 100%;    }    .section-mobile-img {      display: block;    }    .section-img {      display: none;    }    .section-title {      font-size: 22px;      margin: 10px 0;    }    .section-desc {      margin-top: 10px;    }    .section + .section {      margin-top: 20px;    }  }<\/style><\/head><body><div class=\"container\"><div class=\"logo\"><div class=\"pc-banner\"><div><img decoding=\"async\" src=\"\/vevor\/vevor\/boutique-banner\/pc\/en-pc@1x.jpg\" style=\"width: 100%;\" \/><\/div><\/div><div class=\"m-banner\"><div><img decoding=\"async\" src=\"\/vevor\/vevor\/boutique-banner\/mobile\/en-m@1x.jpg\" style=\"width: 100%;\" \/><\/div><\/div><\/div><div class=\"section-title\">Jaunin\u0101ts uz Maksim\u0101l\u0101 dro\u0161\u012bba<\/div><div class=\"video-section\"><div class=\"video-section-img-pc\"><img decoding=\"async\" src=\"\/vevor\/product\/CLJGTJ2LDXKKJLXJW001\/wheel-chock-tie-down-kit-a100-1.4.jpg\" \/><\/div><div class=\"video-section-img-m\"><img decoding=\"async\" src=\"\/vevor\/product\/CLJGTJ2LDXKKJLXJW001\/wheel-chock-tie-down-kit-a100-1.4-m.jpg\" \/><\/div><div class=\"section-desc\">P\u0101rsniedziet pamata riepu siksnas M\u016bsu rite\u0146u piesie\u0161anas komplekta asu siksnas pal\u012bdz samazin\u0101t riepu un balstiek\u0101rtas boj\u0101jumus transport\u0113\u0161anas laik\u0101, ide\u0101li piem\u0113rotas transportl\u012bdzek\u013ciem bez rokas bremz\u0113m vai nog\u0101z\u0113s. Katra siksna atbalsta l\u012bdz 1460 m\u0101rci\u0146\u0101m\/662 kg, nodro\u0161inot, ka j\u016bsu automa\u0161\u012bna paliek stabila vilk\u0161anas vai st\u0101v\u0113\u0161anas laik\u0101.<\/div><\/div><div class=\"section\"><div class=\"section-title\"><\/div><div class=\"section-img\"><img decoding=\"async\" src=\"\/vevor\/product\/CLJGTJ2LDXKKJLXJW001\/wheel-chock-tie-down-kit-a100-2.2.jpg\" \/><\/div><div class=\"section-mobile-img\"><img decoding=\"async\" src=\"\/vevor\/product\/CLJGTJ2LDXKKJLXJW001\/wheel-chock-tie-down-kit-a100-2.2-m.jpg\" \/><\/div><div class=\"section-desc\">Ar garu un \u012bsu siksnu kombin\u0101ciju 4-da\u013c\u012bg\u0101 utv piesie\u0161anas siksna nodro\u0161ina elast\u012bbu.T\u0101 var izveidot piel\u0101gotu krustveida rakstu l\u012bdzsvarotam svara sadal\u012bjumam un maksim\u0101lai stabilit\u0101tei.<\/div><\/div><div class=\"section\"><div class=\"section-title\"><\/div><div class=\"section-img\"><img decoding=\"async\" src=\"\/vevor\/product\/CLJGTJ2LDXKKJLXJW001\/wheel-chock-tie-down-kit-a100-2.3.jpg\" \/><\/div><div class=\"section-mobile-img\"><img decoding=\"async\" src=\"\/vevor\/product\/CLJGTJ2LDXKKJLXJW001\/wheel-chock-tie-down-kit-a100-2.3-m.jpg\" \/><\/div><div class=\"section-desc\">Izstr\u0101d\u0101ts ar cie\u0161i austu poliesteru, \u0161\u012b piekabes piesie\u0161anas siksna ir iztur\u012bga pret nodilumu un nodilumu. Izstr\u0101d\u0101ta, lai iztur\u0113tu visu, s\u0101kot no tuksne\u0161a karstuma l\u012bdz piekrastes mitrumam, augst\u0101k\u0101s kvalit\u0101tes siksna nodro\u0161ina konsekventu veiktsp\u0113ju un ilgtermi\u0146a uzticam\u012bbu p\u0113c brauciena.<\/div><\/div><div class=\"section\"><div class=\"section-title\"><\/div><div class=\"section-img\"><img decoding=\"async\" src=\"\/vevor\/product\/CLJGTJ2LDXKKJLXJW001\/wheel-chock-tie-down-kit-a100-2.4.jpg\" \/><\/div><div class=\"section-mobile-img\"><img decoding=\"async\" src=\"\/vevor\/product\/CLJGTJ2LDXKKJLXJW001\/wheel-chock-tie-down-kit-a100-2.4-m.jpg\" \/><\/div><div class=\"section-desc\">\u0160\u012b automa\u0161\u012bnas piesie\u0161anas siksna ar uzkr\u012bto\u0161u spilgtas kr\u0101sas dizainu ir viegli paman\u0101ma un darbin\u0101ma.R\u016bsas iztur\u012bg\u0101 virsma nodro\u0161ina iztur\u012bbu, savuk\u0101rt r\u0101v\u0113jsl\u0113dz\u0113ja uzglab\u0101\u0161anas soma ir p\u0101rn\u0113s\u0101jama un viegli uzglab\u0101jama uzticamai lieto\u0161anai.<\/div><\/div><div class=\"section\"><div class=\"section-title\"><\/div><div class=\"section-img\"><img decoding=\"async\" src=\"\/vevor\/product\/CLJGTJ2LDXKKJLXJW001\/wheel-chock-tie-down-kit-a100-2.5.jpg\" \/><\/div><div class=\"section-mobile-img\"><img decoding=\"async\" src=\"\/vevor\/product\/CLJGTJ2LDXKKJLXJW001\/wheel-chock-tie-down-kit-a100-2.5-m.jpg\" \/><\/div><div class=\"section-desc\">\u0160is automa\u0161\u012bnas sasie\u0161anas komplekts ar spr\u0101dzes \u0101\u0137iem nodro\u0161ina \u0101tru un bez piep\u016bles piestiprin\u0101\u0161anu. Uzvelciet uz cietas ass un pievelciet spr\u016bdratu, lai nodro\u0161in\u0101tu konsekventu, bez probl\u0113m\u0101m j\u016bsu transportl\u012bdzek\u013ca nostiprin\u0101\u0161anu.<\/div><\/div><div class=\"section\"><div class=\"section-img\"><img decoding=\"async\" src=\"\/vevor\/product\/CLJGTJ2LDXKKJLXJW001\/wheel-chock-tie-down-kit-a100-1.11.jpg\" \/><\/div><div class=\"section-mobile-img\"><img decoding=\"async\" src=\"\/vevor\/product\/CLJGTJ2LDXKKJLXJW001\/wheel-chock-tie-down-kit-a100-1.11-m.jpg\" \/><\/div><\/div><\/div><\/body><\/html><\/div>\n<div class=\"DM_at-title\" id=\"js-DM_at-title\"> <div>Produkta specifik\u0101cija<\/div> <i class=\"icon-arrowup_line\"><\/i> <\/div><div class=\"DM_at-goodsDescAttr\" id=\"js-DM_at-goodsDescAttr\"> <div class=\"DM_at-goodsDescAttrInner\"> <dl class=\"goodsDesc_item goodsDesc_item_even\"> <dt>Preces Mode\u013ca Numurs<\/dt> <dd> XM0512<\/dd> <\/dl> <dl class=\"goodsDesc_item\"> <dt>Veids<\/dt> <dd> \u010coks<\/dd> <\/dl> <dl class=\"goodsDesc_item goodsDesc_item_even\"> <dt>\u0100\u0137a tips<\/dt> <dd> Spr\u0101dze<\/dd> <\/dl> <dl class=\"goodsDesc_item\"> <dt>Siksnas izm\u0113rs<\/dt> <dd> 2 x 96 collas\/50,8 x 2438,4 mm<\/dd> <\/dl> <dl class=\"goodsDesc_item goodsDesc_item_even\"> <dt>Kravnes\u012bbas<\/dt> <dd> 1460 m\u0101rci\u0146as\/662 kg<\/dd> <\/dl> <dl class=\"goodsDesc_item\"> <dt>Stiepes iztur\u012bba<\/dt> <dd> 4380 m\u0101rci\u0146as\/1986,73 kg<\/dd> <\/dl> <dl class=\"goodsDesc_item goodsDesc_item_even\"> <dt>Neto Svars<\/dt> <dd> 18,63 m\u0101rci\u0146as\/8,45 kg<\/dd> <\/dl> <dl class=\"goodsDesc_item\"> <dt>Produkta Izm\u0113ri<\/dt> <dd> 11,81 x 3,78 x 1,89 collas\/300 x 96 x 48 mm<\/dd> <\/dl> <\/div> <\/div>","protected":false},"excerpt":{"rendered":"<ul>\n<li> Tire-Friendly Design: Featuring soft materials and rubber blocks that directly touch the tire, our ratchet strap minimizes friction and pressure, ensuring your tires and rims remain undamaged during transport. The kit includes 4 sets of solid ratchets, 4 sets of 96-inch\/2430mm webbing, and 4 sets of wheel chocks <\/li>\n<li> Strong Load Capacity: Built with high-strength webbing, this ratchet strap supports up to 1460 lbs\/662 kg of load capacity and 4380 lbs\/1986.73 kg of tensile strength. Designed for maximum durability, it ensures reliable and secure transport of heavy vehicles without risk of loosening or snapping <\/li>\n<li> Versatile Tie-Down Kit: As a wheel chock kit, our ratchet strap comes with a 2-inch\/50.8mm wide, 96-inch\/2430mm webbing, with multiple shoulder straps that provide fixation for multiple wheels. It easily fits various vehicles\u2014 ATVs, UTVs, and trailers <\/li>\n<li> \u0112rts spr\u0101dzes dizains: \u0161\u012b spr\u016bdrata siksna ir sader\u012bga ar da\u017e\u0101diem enkura punktiem, \u013caujot \u0101tri nostiprin\u0101t riteni un atbr\u012bvot, ietaupot laiku. T\u0101 var samazin\u0101t atdal\u012b\u0161anas riskus nel\u012bdzena autotransporta laik\u0101 <\/li>\n<li> Ilgsto\u0161a iztur\u012bba: konstru\u0113ta ar saules iztur\u012bgu poliestera siksnu un korozijiztur\u012bg\u0101m met\u0101la da\u013c\u0101m, \u0161\u012b spr\u016bdrata siksna ir paredz\u0113ta elementu iztur\u0113\u0161anai. T\u0101 iztur sauli, lietu un bie\u017eu lieto\u0161anu, nodro\u0161inot ilgsto\u0161u veiktsp\u0113ju katram braucienam <\/li>\n<\/ul>","protected":false},"featured_media":437550,"comment_status":"open","ping_status":"open","template":"","meta":{"om_disable_all_campaigns":false,"_uf_show_specific_survey":0,"_uf_disable_surveys":false},"location":[1935,1934],"product_brand":[],"product_cat":[133,1135,174],"product_tag":[],"class_list":{"0":"post-220593","1":"product","2":"type-product","3":"status-publish","4":"has-post-thumbnail","6":"location-supplier_stock_location","7":"location-local_stock_location","8":"product_cat-automotive","9":"product_cat-tow-strap","10":"product_cat-towing-system","12":"first","13":"instock","14":"taxable","15":"shipping-taxable","16":"purchasable","17":"product-type-simple"},"aioseo_notices":[],"locations":[{"id":1935,"name":"Pieg\u0101d\u0101ja noliktav\u0101 (5-7dd.d)","slug":"supplier_stock_location","quantity":"7"},{"id":1934,"name":"R\u012bgas veikal\u0101 (0-2d.d.)","slug":"local_stock_location","quantity":"0"}],"_links":{"self":[{"href":"https:\/\/vevorshop.lv\/lv\/wp-json\/wp\/v2\/product\/220593","targetHints":{"allow":["GET"]}}],"collection":[{"href":"https:\/\/vevorshop.lv\/lv\/wp-json\/wp\/v2\/product"}],"about":[{"href":"https:\/\/vevorshop.lv\/lv\/wp-json\/wp\/v2\/types\/product"}],"replies":[{"embeddable":true,"href":"https:\/\/vevorshop.lv\/lv\/wp-json\/wp\/v2\/comments?post=220593"}],"wp:featuredmedia":[{"embeddable":true,"href":"https:\/\/vevorshop.lv\/lv\/wp-json\/wp\/v2\/media\/437550"}],"wp:attachment":[{"href":"https:\/\/vevorshop.lv\/lv\/wp-json\/wp\/v2\/media?parent=220593"}],"wp:term":[{"taxonomy":"location","embeddable":true,"href":"https:\/\/vevorshop.lv\/lv\/wp-json\/wp\/v2\/location?post=220593"},{"taxonomy":"product_brand","embeddable":true,"href":"https:\/\/vevorshop.lv\/lv\/wp-json\/wp\/v2\/product_brand?post=220593"},{"taxonomy":"product_cat","embeddable":true,"href":"https:\/\/vevorshop.lv\/lv\/wp-json\/wp\/v2\/product_cat?post=220593"},{"taxonomy":"product_tag","embeddable":true,"href":"https:\/\/vevorshop.lv\/lv\/wp-json\/wp\/v2\/product_tag?post=220593"}],"curies":[{"name":"wp","href":"https:\/\/api.w.org\/{rel}","templated":true}]}}