{"id":220804,"date":"2025-12-11T00:34:24","date_gmt":"2025-12-10T22:34:24","guid":{"rendered":"https:\/\/vevorshop.lv\/en_us\/Prece\/vevor-9-53mm-x-76-2m-hybrid-air-hose-300-psi-flexible-kink-resistant-for-compressor-tools-auto-workshop-orange\/"},"modified":"2026-04-17T13:40:38","modified_gmt":"2026-04-17T10:40:38","slug":"vevor-9-53mm-x-76-2m-hybrid-air-hose-300-psi-flexible-kink-resistant-for-compressor-tools-auto-workshop-orange","status":"publish","type":"product","link":"https:\/\/vevorshop.lv\/lv\/Prece\/vevor-9-53mm-x-76-2m-hibrida-gaisa-slutene-300-psi-elastiga-saliekama-izturiga-kompresoru-instrumentiem-auto-darbnica-oranza\/","title":{"rendered":"VEVOR Hibr\u012bda gaisa kompresora \u0161\u013c\u016btene 9,53mm x 76,2m, 300 PSI, 3 sl\u0101\u0146u pretloc\u012b\u0161an\u0101s pneimatisk\u0101 \u0161\u013c\u016btene DIY un auto darbiem"},"content":{"rendered":"<div style=\"color: #fff!important; font-size: 16px; height: 24px; line-height: 24px; margin-top: -24px; \" class=\"product_original_name\">VEVOR gaisa \u0161\u013c\u016btene, 9,53 mm x 76,2 m hibr\u012bda gaisa kompresora \u0161\u013c\u016btene, 300 PSI saliekamas pneimatisk\u0101s \u0161\u013c\u016btenes ar tr\u012bssl\u0101\u0146u konstrukciju auto un m\u0101jas DIY projektiem, elast\u012bba jebkuros laikapst\u0101k\u013cos (bez veidgabaliem)<\/div>\n<div style=\"color: #fff!important; font-size: 16px; height: 24px; line-height: 24px; margin-top: -24px; \" class=\"product_sku\">MJ0BMJ6N<\/div>\n<div style=\"color: #fff!important; font-size: 16px; height: 24px; line-height: 24px; margin-top: -24px; \" class=\"product_mpn\">KQRG1PTKQRGRYH0US001V0<\/div><div id=\"js-DM_at-goodDescRich\"><html><head><style>  body {    font-family: Arial;    line-height: 1.5;    color: #1c1c1c;    overflow-x: hidden;    margin: 0;    padding: 0;  }  .MsoNormal b {    font-weight: bolder;  }<\/style><style>  .container.small {    width: 970px;    margin: 0 auto;  }  .logo {    margin: 0 auto 0;  }  .logo img {    display: block;    margin: 0 auto;    max-width: 100%;  }  .logo .pc-banner {    display: block;    width: 1200px;    height: 247.4px;    margin: 0 auto;  }  .logo .pc-banner.small {    width: 970px;  }  .logo .pc-banner.small img {    height: auto!important;  }  .logo .m-banner {    display: none;  }  .ytvideo {    position: relative;    height: 546px;    width: 100%;    margin: 0 auto;  }  .ytvideo img {    width: 100%;    margin: 0 auto;  }  .ytvideo .play-btn {    width: 60px;    height: 42px;    position: absolute;    top: 50%;    left: 50%;    transform: translate(-50%, -50%);    background: url(\"data:image\/png;base64,iVBORw0KGgoAAAANSUhEUgAAAGQAAABGCAMAAAANWMFbAAAC+lBMVEUAAADBGB3kLCfBGB3kLCfcJC7BFx3KKSbiKybkLCbWJCPSIiLSIiLPICHAFx3kLCfgKSXNHiDZJiTIGx\/p4eHcjo7LHSDbJyTkLCbjKyfOHyHPIiL28fHJHB\/GGh7EGR7eKCXDGB3RISHlLSbBGB3AFxzGHB7DGB7BGB3hKybkKybAFx3lLCfAFxzDGR3hKibDGB7cJyTmz8\/elJTlwcHjurrUIyLlLSflLSfAFx3DGR7lLSfCFx3hKibhKibhKybjKybkLCblLSfbJSX49vbx7e3NNzjNMTLMJyjVIyLZf3\/ZQ0LaeHjx0tLgoqLkLCfCGB3HGx\/BGB3BFx3PICHCGB7WJCLOHyC\/Fxy\/Fx3lLCfQISHkLSe\/FxzbJiTBFx3FGx\/AGB7BFx3EGR7AGB3HHSDfKiXAFh3TISHYNzbhKibbJyTTIiL57e325+f039\/v2NjUV1fOHiHiqanfmprch4feKSXVIyPOICHmLibFGh\/mLSe\/Fx7XJCPeKSXXJSPNHyHaJyTGGh7lLCbmLCflLSjSIiLkLCbdKSXLHiC\/GB3KHh++Fh3lKyfoLiXcKCPkx8fYb2\/XaGfVXl3aU1LLHiDksbHgKibPICHbJyTfKSXbJyTCGB3KHSDiKybFGh7TIiL\/\/\/\/VIyPRISHIHB\/GGx\/HHB\/DGR7gKibdKCXLHiDZJiTMHiDNHyHYJSTOICHPICHWJCPcKCXXJSPjLCblLCf+\/f3NGR\/uLijzLynPGR\/IGB7WISHaIyLLGh7UAADxLynNAADRLzDbICLQAADIAAD3MCrUHSHXMTDpKSbLAADp5OTij4\/ejo\/VLy\/1LyngJSTcJCPQHx\/OHB7+\/PzaMS\/OLS\/vLijrLSjSAADaNTPwLyjkKSbNJCbYISHPHB\/KGB7WAAD7+vrn3d3aKynTKCjoLCfsKifRGh\/YAADq5+fhjo7QNDXXKCfmJyXt5+fTLzDLLi\/QKivYHRvMGBrQJCXLISPMExXLDxLaEAvkkI\/bOTfaFQ\/SCgpvLcnHAAAAmnRSTlMA+vv7+gT9Bvf9+8z8\/NSv\/Pr5+P7++vnQIBMP\/v38\/Pn348XDiCYf9OjbzcqxXVcx\/fz8+\/rj1r2poo1+fXFqX0orGP7+\/v7+\/fz8+\/r68uzn4trIxsG\/vri3p6GcmZSNbWVYUUZEPQv+\/f39+\/v7+\/v7+vr64tvV1NTTz87FtbSurqeblJKFg4B3bUY+NjL7+\/v7+\/v67t1cDo8JLQAABkRJREFUWMO0kz9rwkAYh0OIeJkum6YugUAhISCdKoj\/P4C7SMdS+gEKIhSKil10LSg4mzXkILdlEpxCpwTiWOLX6BujvQaEQuGeHLnL+\/64J+SIcKGYTYWnntpdLjrVdqvZmNdn0+EE40GtpuuWVS6Xx6N7YDSGpWXpeq02wHgynM7q80az1a52HpddtVcpsi1zFARBrdaxbhp9iUReTGmwA4KAAr7vx3EYejnCMI6hQYEgy0LQi4jUN0wL19vqFcUC9\/1dAKmEEFkWRYkh5oBejnxQJiSJPJ\/uKBp0Thszx9Mw8hMRIQjKsptCfuES9zr5WJY6vSFCIvE9fCMUmEM1A1kSXcYGxgVYsvI1IPKTZciSTI0us\/SMGG04gDzELDoFBwdcFJrF88dqgYMTiL6DILWYyfOWE8\/kIz38olCNlC03FK95+imxp6y4oUSvAnBjHHhKNtotSDqJzVFiK8c2SBqhZtsrTtgrLXwAyduxZHNE26eHUt5rtuM4WSmds3G+sUdWYo1L+XyxButoh5eKUHk5lByO3G1LqqCWVnfrv\/lyPtf\/4ps1cndNGIri8J1TJ0lx6dR\/oPjq1nbRwdp2dCk4CtIOLW3pVKRL6WZfS5vF2KkIQhpwSsjiYIgNCs1gEMGqiIq24NQX9NwoXFy8Ufrl3twTcg4fv8T9\/JBEySduj6Mjm4bMzYV7EEOxKjjoNDud7yY3Dy71Hq2oLmqfbNR723edH9PgMrNL2utoQ3VmaIDkiw\/4w51P06hlZsTZvkRrbVuSIs\/zwSOsycgzStQouoAkWQqioRT5XI7n2Z1wfVhoZmcAJLsoqjqpjbWCgpOAJXBwHK8PzWbNvoUZJND5wCnSkLAkZ1legx6vqQzjoiTahKlGUGLAiIIoABOHaNVw4sexZBym6\/HWlH5h3IC7yRbxtipcWxdTOkORKiNQAEkFf66x5S2oeRbroOlLgg0sSYkR0hRGEqJZ0jTPiQKatESdBckpWigxaapEH0lImHdWu9pUFF2XqMNM2Z4kped7IwEJw2qabwtrQqnpw6HyKkgcadKWsmpywwesDyIhYRpdzXddqegtGIJlXbAIUMOLkGxJUjRIkokwjUaX9d\/kK62ps\/tYUqZLIMkLTyBhsMZ3C5Z\/kDxOSCb\/DOs\/\/J0qcWSX\/2ipe56EgTCA4\/cB7NAYOsni4mZM1MUPAISoEwkDi4lhVBQ1cWQyIcwalw4EpqZN68JUSK7XC0kTlkLYii5uXSC8jT5ncCAS7mjCv0uHp\/3lueHEEAeQ\/\/VgmdN71\/2uCSA1Xr6DO6uI6sW56zqT2tp2PhgiRUAajV8CY2fkcz6WGNKMgLAt7tJAhD4YHMTeRxlALE6+43WqjSWi8ITxyJl8WrwWSNESQZZOqhDDntO3hJLsd5RtSpbJqdv3YrDJH3F7jL1R2O2aQkn2MyCyKYz0GPGIvSAMgBCrCEiJyKbBaYGwLW4uPRr0A0M4Ux5kUI7IBh+hMdiCEWNqhMZGyYMsOgNE58UQuEQeUnSWCMYwL54hkxK6IoqucQZbQ3pc3XtL0lky1dL0zZJJDpWJovFqpWj6JEHnyam2eQp5QRVAVHjWparTOaVwUOx99YS2MvgxIGV0bb+qIg2HX2qkFFJB+XZcbLiuRkuxD9GRroKyveLxdh4d7Orx+hb7qc3uVRuEogCOnyIxm4ubUoPgF4jianDrC+SDQDKEfJb0GUKmjCGPYHGJvVC6X4hw1\/sAfQAdfYyephIaspXe36RwOP+Ljvfx9B6B3i+Nk0DGq+oCbLn6JpBa9nWAveAIHwFAwtVcIJXPMPL8kRu5OAYPMaL1WScTxjiZDqB9LTJSWphow\/pTYKRTLjCBhvi9iBidvKcDasGSm0QQkycYuLBqj6QCELPctqChDWpTRMWkngNNpQ1Pfp1KkiT\/Y0DGffXAweUNfLAfaJFKDwhb6I+bkYRbkERoEeu3Fyjg2opMz2daZCS9jt6Q7txNfB+OZEVF6Zl5web2xunnLQrtrjXseXKaFYziYINeMFZVxS9VxRhOoesYwxPKXm+gWLG9cuFeq93UNNeJNsf1KlwuDok9n02n3TgIJpOxNfL9naIoQwXtfH9kjceTIIi709ncTg6LZbg+biLH1V6u\/7rxBem06VXKn9raAAAAAElFTkSuQmCC\")      no-repeat center center \/ contain;  }  @media screen and (max-width: 960px) and (orientation: portrait) {    .logo {      width: 100%;    }    .logo .pc-banner {      display: none;    }    .logo .m-banner {      display: block;      width: 100%;    }    .logo .m-banner img {      height: auto!important;    }    .ytvideo {      height: 200px;      width: 100%;    }  }<\/style><style>  .video-section {    width: 100%;    margin: 0 auto;  }  .video-section > img {    width: 100%;  }  .video-section iframe,  .video-section video {    width: 100%;    height: 100%;      }  .video-section-img-m,  .video-section-img-pc > img {    width: 100%;    height: auto;  }  .video-section-img-pc.small > img {    width: 970px;  }  .video-desc {    line-height: 1.5;    font-size: 20px;    font-weight: 400;    margin: 20px 0;    text-align: center;    color: #0f1111;    word-break: break-word;  }  @media screen and (max-width: 960px) and (orientation: portrait) {    .video-section {      width: 100%;    }    .video-section-pc,    .video-section-img-pc {      display: none;    }    .video-section-m,    .video-section-img-m {      display: block;    }    .video-desc {      font-size: 15px;    }  }  @media screen and (min-width: 960px) {    .video-section {      width: 100%;      margin: 0 auto;    }    .video-section-pc,    .video-section-img-pc {      display: block;    }    .video-section-m,    .video-section-img-m {      display: none;    }    .video-desc {      font-size: 20px;    }  }<\/style><style>  .section + .section {    margin-top: 35px;  }  .section-title {    text-align: center;    font-weight: bold;    color: #0d1111;    font-family: \"Arial\";    font-size: 32px;    margin: 15px 0;  }  .section-title:empty {    display: none;  }  .section-desc {    text-align: center;    font-weight: normal;    color: #0d1111;    margin-top: 20px;  }  .section-desc:empty {    display: none;  }  .section-img {    width: 1200px;    height: 492px;    margin: 0 auto;    display: block;  }  .section-img.small {    width: 970px;    height: auto;  }  .section-img.small > img {    height: auto;  }  .section-img > img {    width: 100%;    height: 100%;  }  .section-mobile-img {    display: none;    max-width: 100vw;    max-height: 75vw;    height: 450px;    margin: 0 auto;  }  .section-mobile-img > img {    width: 100%;    height: 100%;  }  @media screen and (max-width: 960px) and (orientation: portrait) {    .container {      width: 100%;    }    .container.small {      width: 100%;    }    .section-mobile-img {      display: block;    }    .section-img {      display: none;    }    .section-title {      font-size: 22px;      margin: 10px 0;    }    .section-desc {      margin-top: 10px;    }    .section + .section {      margin-top: 20px;    }  }<\/style><\/head><body><div class=\"container\"><div class=\"logo\"><div class=\"pc-banner\"><div><img decoding=\"async\" src=\"\/vevor\/vevor\/boutique-banner\/pc\/en-pc@1x.jpg\" style=\"width: 100%;\" \/><\/div><\/div><div class=\"m-banner\"><div><img decoding=\"async\" src=\"\/vevor\/vevor\/boutique-banner\/mobile\/en-m@1x.jpg\" style=\"width: 100%;\" \/><\/div><\/div><\/div><div class=\"section-title\">Iztur\u012bga, elast\u012bga \u0161\u013c\u016btene vienm\u0113r\u012bgai gaisa pl\u016bsmai<\/div><div class=\"video-section\"><div class=\"video-section-img-pc\"><img decoding=\"async\" src=\"\/vevor\/product\/KQRG1PTKQRGRYH0US001\/air-hose-a100-1.4.jpg\" \/><\/div><div class=\"video-section-img-m\"><img decoding=\"async\" src=\"\/vevor\/product\/KQRG1PTKQRGRYH0US001\/air-hose-a100-1.4-m.jpg\" \/><\/div><div class=\"section-desc\">VEVOR gaisa \u0161\u013c\u016btene atbalsta 300 PSI maksim\u0101lo darba spiedienu, kas dro\u0161i darbojas no -40 l\u012bdz 60 \u00b0C, saglab\u0101jot elast\u012bbu da\u017e\u0101d\u0101s vid\u0113s. Sader\u012bgs ar liel\u0101ko da\u013cu gaisa kompresoru un pneimatisko instrumentu, tas ir ide\u0101li piem\u0113rots riepu piep\u016b\u0161anai, izsmidzin\u0101\u0161anai un visp\u0101r\u0113jai apkopei gar\u0101\u017e\u0101s un darbn\u012bc\u0101s.<\/div><\/div><div class=\"section\"><div class=\"section-title\"><\/div><div class=\"section-img\"><img decoding=\"async\" src=\"\/vevor\/product\/KQRG1PTKQRGRYH0US001\/air-hose-a100-2.2.jpg\" \/><\/div><div class=\"section-mobile-img\"><img decoding=\"async\" src=\"\/vevor\/product\/KQRG1PTKQRGRYH0US001\/air-hose-a100-2.2-m.jpg\" \/><\/div><div class=\"section-desc\">3 sl\u0101\u0146u konstrukcijas gaisa \u0161\u013c\u016btene paliek elast\u012bga un uzticama temperat\u016br\u0101 no -40 l\u012bdz 140\u00b0F (-40 l\u012bdz 60\u00b0C), nodro\u0161inot vienm\u0113r\u012bgu veiktsp\u0113ju da\u017e\u0101dos apst\u0101k\u013cos.<\/div><\/div><div class=\"section\"><div class=\"section-title\"><\/div><div class=\"section-img\"><img decoding=\"async\" src=\"\/vevor\/product\/KQRG1PTKQRGRYH0US001\/air-hose-a100-2.3.jpg\" \/><\/div><div class=\"section-mobile-img\"><img decoding=\"async\" src=\"\/vevor\/product\/KQRG1PTKQRGRYH0US001\/air-hose-a100-2.3-m.jpg\" \/><\/div><div class=\"section-desc\">\u0160o elast\u012bgo gaisa \u0161\u013c\u016bteni var apgriezt v\u0113lamaj\u0101 garum\u0101 piel\u0101gotiem uzst\u0101d\u012b\u0161anas iestat\u012bjumiem. (Piez\u012bme: piederumi nav iek\u013cauti. Varat izv\u0113l\u0113ties sader\u012bgus piederumus, pamatojoties uz sav\u0101m vajadz\u012bb\u0101m)<\/div><\/div><div class=\"section\"><div class=\"section-title\"><\/div><div class=\"section-img\"><img decoding=\"async\" src=\"\/vevor\/product\/KQRG1PTKQRGRYH0US001\/air-hose-a100-2.4.jpg\" \/><\/div><div class=\"section-mobile-img\"><img decoding=\"async\" src=\"\/vevor\/product\/KQRG1PTKQRGRYH0US001\/air-hose-a100-2.4-m.jpg\" \/><\/div><div class=\"section-desc\">Nodro\u0161ina konsekventu gaisa pl\u016bsmu pla\u0161am pneimatisko uzdevumu kl\u0101stam, vienlaikus pied\u0101v\u0101jot elast\u012bbu un iztur\u012bbu, kas nepiecie\u0161ama, lai j\u016bsu projekti darbotos nevainojami.<\/div><\/div><div class=\"section\"><div class=\"section-title\"><\/div><div class=\"section-img\"><img decoding=\"async\" src=\"\/vevor\/product\/KQRG1PTKQRGRYH0US001\/air-hose-a100-2.5.jpg\" \/><\/div><div class=\"section-mobile-img\"><img decoding=\"async\" src=\"\/vevor\/product\/KQRG1PTKQRGRYH0US001\/air-hose-a100-2.5-m.jpg\" \/><\/div><div class=\"section-desc\">Ide\u0101li piem\u0113rots pneimatisko instrumentu darbin\u0101\u0161anai, riepu piep\u016b\u0161anai, kr\u0101so\u0161anai ar aerosolu, putek\u013cu p\u016b\u0161anai, kokapstr\u0101dei un iek\u0101rtu t\u012br\u012b\u0161anai, tas nodro\u0161ina konsekventu, vienm\u0113r\u012bgu gaisa pl\u016bsmu gan DIY projektiem, gan profesion\u0101lam darbam.<\/div><\/div><div class=\"section\"><div class=\"section-img\"><img decoding=\"async\" src=\"\/vevor\/product\/KQRG1PTKQRGRYH0US001\/air-hose-a100-1.11.jpg\" \/><\/div><div class=\"section-mobile-img\"><img decoding=\"async\" src=\"\/vevor\/product\/KQRG1PTKQRGRYH0US001\/air-hose-a100-1.11-m.jpg\" \/><\/div><\/div><\/div><\/body><\/html><\/div>\n<div class=\"DM_at-title\" id=\"js-DM_at-title\"> <div>Produkta specifik\u0101cija<\/div> <i class=\"icon-arrowup_line\"><\/i> <\/div><div class=\"DM_at-goodsDescAttr\" id=\"js-DM_at-goodsDescAttr\"> <div class=\"DM_at-goodsDescAttrInner\"> <dl class=\"goodsDesc_item goodsDesc_item_even\"> <dt>Preces Mode\u013ca Numurs<\/dt> <dd> HAH38250<\/dd> <\/dl> <dl class=\"goodsDesc_item\"> <dt>\u0160\u013c\u016btenes diametrs<\/dt> <dd> 3\/8 collas\/9,53 mm<\/dd> <\/dl> <dl class=\"goodsDesc_item goodsDesc_item_even\"> <dt>\u0160\u013c\u016btenes Garums<\/dt> <dd> 250 p\u0113das\/76200 mm<\/dd> <\/dl> <dl class=\"goodsDesc_item\"> <dt>Spiediena reitings<\/dt> <dd> 300 PSI<\/dd> <\/dl> <dl class=\"goodsDesc_item goodsDesc_item_even\"> <dt>Kr\u0101sa<\/dt> <dd> Apels\u012bnu<\/dd> <\/dl> <dl class=\"goodsDesc_item\"> <dt>Neto Svars<\/dt> <dd> 28,89 m\u0101rci\u0146as\/13,1 kg<\/dd> <\/dl> <dl class=\"goodsDesc_item goodsDesc_item_even\"> <dt>Produkta Izm\u0113ri<\/dt> <dd> 15,75 x 15,75 x 8,86 collas\/400 x 400 x 225 mm<\/dd> <\/dl> <\/div> <\/div>","protected":false},"excerpt":{"rendered":"<ul>\n<li> 3\/8 x 250 p\u0113du \u0161\u013c\u016btene: \u0161\u012b hibr\u012bda gaisa \u0161\u013c\u016btene kompresoram ir paredz\u0113ta bez piep\u016bles, un t\u0101 apvieno vieglu uzb\u016bvi ar uzlabotu elast\u012bbu, nodro\u0161inot lab\u0101ku vad\u012bbu nek\u0101 parast\u0101s gaisa kompresora \u0161\u013c\u016btenes <\/li>\n<li> Iztur\u012bgs materi\u0101ls: \u0161\u012b gaisa \u0161\u013c\u016btene ir veidota ar 3 sl\u0101\u0146u konstrukciju, un tai ir gumijas-plastmasas iek\u0161\u0113jais sl\u0101nis vienm\u0113r\u012bgai gaisa pl\u016bsmai, poliestera p\u012bts vid\u0113jais sl\u0101nis, kas nodro\u0161ina papildu iztur\u012bbu, un gumijas-plastmasas \u0101r\u0113jais sl\u0101nis, kas uzlabo elast\u012bbu un nodilumiztur\u012bbu. Izturiet 300 PSI darb\u012bbu un 900 PSI p\u0101rrau\u0161anas spiedienu <\/li>\n<li> Visas sezonas veiktsp\u0113ja: m\u016bsu pneimatisk\u0101 \u0161\u013c\u016btene ir izstr\u0101d\u0101ta lieto\u0161anai jebkuros laikapst\u0101k\u013cos, un t\u0101 ir elast\u012bga un uzticama no -40 l\u012bdz 140\u00b0F. Pat aukst\u0101s darbn\u012bc\u0101s vai ziem\u0101 \u0101r\u0101 t\u0101 nesaciet\u0113s, nesaloc\u012bsies vai neplais\u0101s, nodro\u0161inot konsekventu veiktsp\u0113ju <\/li>\n<li> Griezuma dizains: \u0161o elast\u012bgo gaisa \u0161\u013c\u016bteni var sagriezt vajadz\u012bgaj\u0101 garum\u0101, lai apmierin\u0101tu piel\u0101gotas uzst\u0101d\u012b\u0161anas vajadz\u012bbas. (Piez\u012bme: Furnit\u016bra nav iek\u013cauta. J\u016bs varat izv\u0113l\u0113ties sader\u012bgus piederumus, pamatojoties uz j\u016bsu vajadz\u012bb\u0101m) <\/li>\n<li> Pla\u0161i pielietojumi: Piem\u0113rots da\u017e\u0101d\u0101m pneimatiskaj\u0101m pamatvajadz\u012bb\u0101m m\u0101j\u0101s un darbn\u012bc\u0101s Pneimatisk\u0101 \u0161\u013c\u016btene ir ide\u0101la izv\u0113le gaisa kompresoriem, pneimatiskajiem instrumentiem, auto remontdarbn\u012bc\u0101m, r\u016bpniecisk\u0101m iek\u0101rt\u0101m un citiem gad\u012bjumiem <\/li>\n<\/ul>","protected":false},"featured_media":438438,"comment_status":"open","ping_status":"open","template":"","meta":{"om_disable_all_campaigns":false,"_uf_show_specific_survey":0,"_uf_disable_surveys":false},"location":[1935,1934],"product_brand":[],"product_cat":[138,2305,94],"product_tag":[],"class_list":{"0":"post-220804","1":"product","2":"type-product","3":"status-publish","4":"has-post-thumbnail","6":"location-supplier_stock_location","7":"location-local_stock_location","8":"product_cat-air-compressor-accessories","9":"product_cat-air-hoses","10":"product_cat-air-tools-compressors","12":"first","13":"instock","14":"taxable","15":"shipping-taxable","16":"purchasable","17":"product-type-simple"},"aioseo_notices":[],"locations":[{"id":1935,"name":"Pieg\u0101d\u0101ja noliktav\u0101 (5-7dd.d)","slug":"supplier_stock_location","quantity":"184"},{"id":1934,"name":"R\u012bgas veikal\u0101 (0-2d.d.)","slug":"local_stock_location","quantity":"0"}],"_links":{"self":[{"href":"https:\/\/vevorshop.lv\/lv\/wp-json\/wp\/v2\/product\/220804","targetHints":{"allow":["GET"]}}],"collection":[{"href":"https:\/\/vevorshop.lv\/lv\/wp-json\/wp\/v2\/product"}],"about":[{"href":"https:\/\/vevorshop.lv\/lv\/wp-json\/wp\/v2\/types\/product"}],"replies":[{"embeddable":true,"href":"https:\/\/vevorshop.lv\/lv\/wp-json\/wp\/v2\/comments?post=220804"}],"wp:featuredmedia":[{"embeddable":true,"href":"https:\/\/vevorshop.lv\/lv\/wp-json\/wp\/v2\/media\/438438"}],"wp:attachment":[{"href":"https:\/\/vevorshop.lv\/lv\/wp-json\/wp\/v2\/media?parent=220804"}],"wp:term":[{"taxonomy":"location","embeddable":true,"href":"https:\/\/vevorshop.lv\/lv\/wp-json\/wp\/v2\/location?post=220804"},{"taxonomy":"product_brand","embeddable":true,"href":"https:\/\/vevorshop.lv\/lv\/wp-json\/wp\/v2\/product_brand?post=220804"},{"taxonomy":"product_cat","embeddable":true,"href":"https:\/\/vevorshop.lv\/lv\/wp-json\/wp\/v2\/product_cat?post=220804"},{"taxonomy":"product_tag","embeddable":true,"href":"https:\/\/vevorshop.lv\/lv\/wp-json\/wp\/v2\/product_tag?post=220804"}],"curies":[{"name":"wp","href":"https:\/\/api.w.org\/{rel}","templated":true}]}}