{"id":223712,"date":"2025-12-23T00:46:40","date_gmt":"2025-12-22T22:46:40","guid":{"rendered":"https:\/\/vevorshop.lv\/en_us\/Prece\/vevor-hydraulic-ac-hose-crimper-kit-with-7-dies-manual-pump-snap-on-design-case-for-automotive-hvac-repair\/"},"modified":"2026-04-27T21:06:18","modified_gmt":"2026-04-27T18:06:18","slug":"vevor-hydraulic-ac-hose-crimper-kit-with-7-dies-manual-pump-snap-on-design-case-for-automotive-hvac-repair","status":"publish","type":"product","link":"https:\/\/vevorshop.lv\/lv\/Prece\/vevor-hidrauliskas-mainstravas-slutenes-gofresanas-komplekts-ar-7-dies-manualo-sukna-snap-uz-dizaina-korpusa-automobilu-hvac-remontam\/","title":{"rendered":"VEVOR hidraulisk\u0101 A\/C \u0161\u013c\u016bte\u0146u preses komplekts ar 7 uzga\u013ciem, rokas s\u016bknis, snap-on r\u012bks un koferis auto un gaisa kondicion\u0113\u0161anas remontam"},"content":{"rendered":"<div style=\"color: #fff!important; font-size: 16px; height: 24px; line-height: 24px; margin-top: -24px; \" class=\"product_original_name\">VEVOR hidrauliskais \u0161\u013c\u016btenes gofr\u0113t\u0101js, Hydra-Krimp mai\u0146str\u0101vas \u0161\u013c\u016btenes gofr\u0113\u0161anas komplekts ar 7 pres\u0113\u0161anas un p\u0101rn\u0113s\u0101\u0161anas korpusu, hidrauliskais A\/C \u0161\u013c\u016bte\u0146u gofr\u0113\u0161anas r\u012bks automobi\u013cu un gaisa kondicion\u0113\u0161anas remontam (sadal\u012bts ar manu\u0101lo s\u016bkni)<\/div>\n<div style=\"color: #fff!important; font-size: 16px; height: 24px; line-height: 24px; margin-top: -24px; \" class=\"product_sku\">MJH69KZ3<\/div>\n<div style=\"color: #fff!important; font-size: 16px; height: 24px; line-height: 24px; margin-top: -24px; \" class=\"product_mpn\">RGYJQYYRGYJQG3LGN001V0<\/div><div id=\"js-DM_at-goodDescRich\"><html><head><style>  body {    font-family: Arial;    line-height: 1.5;    color: #1c1c1c;    overflow-x: hidden;    margin: 0;    padding: 0;  }  .MsoNormal b {    font-weight: bolder;  }<\/style><style>  .container.small {    width: 970px;    margin: 0 auto;  }  .logo {    margin: 0 auto 0;  }  .logo img {    display: block;    margin: 0 auto;    max-width: 100%;  }  .logo .pc-banner {    display: block;    width: 1200px;    height: 247.4px;    margin: 0 auto;  }  .logo .pc-banner.small {    width: 970px;  }  .logo .pc-banner.small img {    height: auto!important;  }  .logo .m-banner {    display: none;  }  .ytvideo {    position: relative;    height: 546px;    width: 100%;    margin: 0 auto;  }  .ytvideo img {    width: 100%;    margin: 0 auto;  }  .ytvideo .play-btn {    width: 60px;    height: 42px;    position: absolute;    top: 50%;    left: 50%;    transform: translate(-50%, -50%);    background: url(\"data:image\/png;base64,iVBORw0KGgoAAAANSUhEUgAAAGQAAABGCAMAAAANWMFbAAAC+lBMVEUAAADBGB3kLCfBGB3kLCfcJC7BFx3KKSbiKybkLCbWJCPSIiLSIiLPICHAFx3kLCfgKSXNHiDZJiTIGx\/p4eHcjo7LHSDbJyTkLCbjKyfOHyHPIiL28fHJHB\/GGh7EGR7eKCXDGB3RISHlLSbBGB3AFxzGHB7DGB7BGB3hKybkKybAFx3lLCfAFxzDGR3hKibDGB7cJyTmz8\/elJTlwcHjurrUIyLlLSflLSfAFx3DGR7lLSfCFx3hKibhKibhKybjKybkLCblLSfbJSX49vbx7e3NNzjNMTLMJyjVIyLZf3\/ZQ0LaeHjx0tLgoqLkLCfCGB3HGx\/BGB3BFx3PICHCGB7WJCLOHyC\/Fxy\/Fx3lLCfQISHkLSe\/FxzbJiTBFx3FGx\/AGB7BFx3EGR7AGB3HHSDfKiXAFh3TISHYNzbhKibbJyTTIiL57e325+f039\/v2NjUV1fOHiHiqanfmprch4feKSXVIyPOICHmLibFGh\/mLSe\/Fx7XJCPeKSXXJSPNHyHaJyTGGh7lLCbmLCflLSjSIiLkLCbdKSXLHiC\/GB3KHh++Fh3lKyfoLiXcKCPkx8fYb2\/XaGfVXl3aU1LLHiDksbHgKibPICHbJyTfKSXbJyTCGB3KHSDiKybFGh7TIiL\/\/\/\/VIyPRISHIHB\/GGx\/HHB\/DGR7gKibdKCXLHiDZJiTMHiDNHyHYJSTOICHPICHWJCPcKCXXJSPjLCblLCf+\/f3NGR\/uLijzLynPGR\/IGB7WISHaIyLLGh7UAADxLynNAADRLzDbICLQAADIAAD3MCrUHSHXMTDpKSbLAADp5OTij4\/ejo\/VLy\/1LyngJSTcJCPQHx\/OHB7+\/PzaMS\/OLS\/vLijrLSjSAADaNTPwLyjkKSbNJCbYISHPHB\/KGB7WAAD7+vrn3d3aKynTKCjoLCfsKifRGh\/YAADq5+fhjo7QNDXXKCfmJyXt5+fTLzDLLi\/QKivYHRvMGBrQJCXLISPMExXLDxLaEAvkkI\/bOTfaFQ\/SCgpvLcnHAAAAmnRSTlMA+vv7+gT9Bvf9+8z8\/NSv\/Pr5+P7++vnQIBMP\/v38\/Pn348XDiCYf9OjbzcqxXVcx\/fz8+\/rj1r2poo1+fXFqX0orGP7+\/v7+\/fz8+\/r68uzn4trIxsG\/vri3p6GcmZSNbWVYUUZEPQv+\/f39+\/v7+\/v7+vr64tvV1NTTz87FtbSurqeblJKFg4B3bUY+NjL7+\/v7+\/v67t1cDo8JLQAABkRJREFUWMO0kz9rwkAYh0OIeJkum6YugUAhISCdKoj\/P4C7SMdS+gEKIhSKil10LSg4mzXkILdlEpxCpwTiWOLX6BujvQaEQuGeHLnL+\/64J+SIcKGYTYWnntpdLjrVdqvZmNdn0+EE40GtpuuWVS6Xx6N7YDSGpWXpeq02wHgynM7q80az1a52HpddtVcpsi1zFARBrdaxbhp9iUReTGmwA4KAAr7vx3EYejnCMI6hQYEgy0LQi4jUN0wL19vqFcUC9\/1dAKmEEFkWRYkh5oBejnxQJiSJPJ\/uKBp0Thszx9Mw8hMRIQjKsptCfuES9zr5WJY6vSFCIvE9fCMUmEM1A1kSXcYGxgVYsvI1IPKTZciSTI0us\/SMGG04gDzELDoFBwdcFJrF88dqgYMTiL6DILWYyfOWE8\/kIz38olCNlC03FK95+imxp6y4oUSvAnBjHHhKNtotSDqJzVFiK8c2SBqhZtsrTtgrLXwAyduxZHNE26eHUt5rtuM4WSmds3G+sUdWYo1L+XyxButoh5eKUHk5lByO3G1LqqCWVnfrv\/lyPtf\/4ps1cndNGIri8J1TJ0lx6dR\/oPjq1nbRwdp2dCk4CtIOLW3pVKRL6WZfS5vF2KkIQhpwSsjiYIgNCs1gEMGqiIq24NQX9NwoXFy8Ufrl3twTcg4fv8T9\/JBEySduj6Mjm4bMzYV7EEOxKjjoNDud7yY3Dy71Hq2oLmqfbNR723edH9PgMrNL2utoQ3VmaIDkiw\/4w51P06hlZsTZvkRrbVuSIs\/zwSOsycgzStQouoAkWQqioRT5XI7n2Z1wfVhoZmcAJLsoqjqpjbWCgpOAJXBwHK8PzWbNvoUZJND5wCnSkLAkZ1legx6vqQzjoiTahKlGUGLAiIIoABOHaNVw4sexZBym6\/HWlH5h3IC7yRbxtipcWxdTOkORKiNQAEkFf66x5S2oeRbroOlLgg0sSYkR0hRGEqJZ0jTPiQKatESdBckpWigxaapEH0lImHdWu9pUFF2XqMNM2Z4kped7IwEJw2qabwtrQqnpw6HyKkgcadKWsmpywwesDyIhYRpdzXddqegtGIJlXbAIUMOLkGxJUjRIkokwjUaX9d\/kK62ps\/tYUqZLIMkLTyBhsMZ3C5Z\/kDxOSCb\/DOs\/\/J0qcWSX\/2ipe56EgTCA4\/cB7NAYOsni4mZM1MUPAISoEwkDi4lhVBQ1cWQyIcwalw4EpqZN68JUSK7XC0kTlkLYii5uXSC8jT5ncCAS7mjCv0uHp\/3lueHEEAeQ\/\/VgmdN71\/2uCSA1Xr6DO6uI6sW56zqT2tp2PhgiRUAajV8CY2fkcz6WGNKMgLAt7tJAhD4YHMTeRxlALE6+43WqjSWi8ITxyJl8WrwWSNESQZZOqhDDntO3hJLsd5RtSpbJqdv3YrDJH3F7jL1R2O2aQkn2MyCyKYz0GPGIvSAMgBCrCEiJyKbBaYGwLW4uPRr0A0M4Ux5kUI7IBh+hMdiCEWNqhMZGyYMsOgNE58UQuEQeUnSWCMYwL54hkxK6IoqucQZbQ3pc3XtL0lky1dL0zZJJDpWJovFqpWj6JEHnyam2eQp5QRVAVHjWparTOaVwUOx99YS2MvgxIGV0bb+qIg2HX2qkFFJB+XZcbLiuRkuxD9GRroKyveLxdh4d7Orx+hb7qc3uVRuEogCOnyIxm4ubUoPgF4jianDrC+SDQDKEfJb0GUKmjCGPYHGJvVC6X4hw1\/sAfQAdfYyephIaspXe36RwOP+Ljvfx9B6B3i+Nk0DGq+oCbLn6JpBa9nWAveAIHwFAwtVcIJXPMPL8kRu5OAYPMaL1WScTxjiZDqB9LTJSWphow\/pTYKRTLjCBhvi9iBidvKcDasGSm0QQkycYuLBqj6QCELPctqChDWpTRMWkngNNpQ1Pfp1KkiT\/Y0DGffXAweUNfLAfaJFKDwhb6I+bkYRbkERoEeu3Fyjg2opMz2daZCS9jt6Q7txNfB+OZEVF6Zl5web2xunnLQrtrjXseXKaFYziYINeMFZVxS9VxRhOoesYwxPKXm+gWLG9cuFeq93UNNeJNsf1KlwuDok9n02n3TgIJpOxNfL9naIoQwXtfH9kjceTIIi709ncTg6LZbg+biLH1V6u\/7rxBem06VXKn9raAAAAAElFTkSuQmCC\")      no-repeat center center \/ contain;  }  @media screen and (max-width: 960px) and (orientation: portrait) {    .logo {      width: 100%;    }    .logo .pc-banner {      display: none;    }    .logo .m-banner {      display: block;      width: 100%;    }    .logo .m-banner img {      height: auto!important;    }    .ytvideo {      height: 200px;      width: 100%;    }  }<\/style><style>  .video-section {    width: 100%;    margin: 0 auto;  }  .video-section > img {    width: 100%;  }  .video-section iframe,  .video-section video {    width: 100%;    height: 100%;      }  .video-section-img-m,  .video-section-img-pc > img {    width: 100%;    height: auto;  }  .video-section-img-pc.small > img {    width: 970px;  }  .video-desc {    line-height: 1.5;    font-size: 20px;    font-weight: 400;    margin: 20px 0;    text-align: center;    color: #0f1111;    word-break: break-word;  }  @media screen and (max-width: 960px) and (orientation: portrait) {    .video-section {      width: 100%;    }    .video-section-pc,    .video-section-img-pc {      display: none;    }    .video-section-m,    .video-section-img-m {      display: block;    }    .video-desc {      font-size: 15px;    }  }  @media screen and (min-width: 960px) {    .video-section {      width: 100%;      margin: 0 auto;    }    .video-section-pc,    .video-section-img-pc {      display: block;    }    .video-section-m,    .video-section-img-m {      display: none;    }    .video-desc {      font-size: 20px;    }  }<\/style><style>  .section + .section {    margin-top: 35px;  }  .section-title {    text-align: center;    font-weight: bold;    color: #0d1111;    font-family: \"Arial\";    font-size: 32px;    margin: 15px 0;  }  .section-title:empty {    display: none;  }  .section-desc {    text-align: center;    font-weight: normal;    color: #0d1111;    margin-top: 20px;  }  .section-desc:empty {    display: none;  }  .section-img {    width: 1200px;    height: 492px;    margin: 0 auto;    display: block;  }  .section-img.small {    width: 970px;    height: auto;  }  .section-img.small > img {    height: auto;  }  .section-img > img {    width: 100%;    height: 100%;  }  .section-mobile-img {    display: none;    max-width: 100vw;    max-height: 75vw;    height: 450px;    margin: 0 auto;  }  .section-mobile-img > img {    width: 100%;    height: 100%;  }  @media screen and (max-width: 960px) and (orientation: portrait) {    .container {      width: 100%;    }    .container.small {      width: 100%;    }    .section-mobile-img {      display: block;    }    .section-img {      display: none;    }    .section-title {      font-size: 22px;      margin: 10px 0;    }    .section-desc {      margin-top: 10px;    }    .section + .section {      margin-top: 20px;    }  }<\/style><\/head><body><div class=\"container\"><div class=\"logo\"><div class=\"pc-banner\"><div><img decoding=\"async\" src=\"\/vevor\/vevor\/boutique-banner\/pc\/en-pc@1x.jpg\" style=\"width: 100%;\" \/><\/div><\/div><div class=\"m-banner\"><div><img decoding=\"async\" src=\"\/vevor\/vevor\/boutique-banner\/mobile\/en-m@1x.jpg\" style=\"width: 100%;\" \/><\/div><\/div><\/div><div class=\"section-title\">\u0100tra \u00b7 Stingra \u00b7 Bez nopl\u016bdes A\/C \u0161\u013c\u016btenes gofr\u0113\u0161ana<\/div><div class=\"video-section\"><div class=\"video-section-img-pc\"><img decoding=\"async\" src=\"\/vevor\/product\/RGYJQYYRGYJQG3LGN001\/hose-crimper-a100-1.4.jpg\" \/><\/div><div class=\"video-section-img-m\"><img decoding=\"async\" src=\"\/vevor\/product\/RGYJQYYRGYJQG3LGN001\/hose-crimper-a100-1.4-m.jpg\" \/><\/div><div class=\"section-desc\">\u0160is hidrauliskais A\/C \u0161\u013c\u016btenes gofr\u0113\u0161anas komplekts nodro\u0161ina sp\u0113c\u012bgu, prec\u012bzu un bez nopl\u016bdes gofr\u0113jumu vair\u0101kos \u0161\u013c\u016bte\u0146u izm\u0113ros. Ar 7 gofr\u0113\u0161anas presform\u0101m, prec\u012bzu hidraulisko sist\u0113mu un iztur\u012bgu korpusu tas ir ide\u0101li piem\u0113rots automobi\u013cu remontam, HVAC uzst\u0101d\u012b\u0161anai un gaisa kondicion\u0113\u0161anas apkopei.<\/div><\/div><div class=\"section\"><div class=\"section-title\"><\/div><div class=\"section-img\"><img decoding=\"async\" src=\"\/vevor\/product\/RGYJQYYRGYJQG3LGN001\/hose-crimper-a100-2.2.jpg\" \/><\/div><div class=\"section-mobile-img\"><img decoding=\"async\" src=\"\/vevor\/product\/RGYJQYYRGYJQG3LGN001\/hose-crimper-a100-2.2-m.jpg\" \/><\/div><div class=\"section-desc\">M\u0113s pied\u0101v\u0101jam detaliz\u0113tu pareizu gofr\u0113\u0161anas presformu atlases rokasgr\u0101matu, kas pal\u012bdz izv\u0113l\u0113ties pareizo presformu da\u017e\u0101d\u0101m \u0161\u013c\u016btenes specifik\u0101cij\u0101m un nodro\u0161ina prec\u012bzas, dro\u0161as gofr\u0113\u0161anas iesp\u0113jas.<\/div><\/div><div class=\"section\"><div class=\"section-title\"><\/div><div class=\"section-img\"><img decoding=\"async\" src=\"\/vevor\/product\/RGYJQYYRGYJQG3LGN001\/hose-crimper-a100-2.3.jpg\" \/><\/div><div class=\"section-mobile-img\"><img decoding=\"async\" src=\"\/vevor\/product\/RGYJQYYRGYJQG3LGN001\/hose-crimper-a100-2.3-m.jpg\" \/><\/div><div class=\"section-desc\">B\u016bv\u0113ts ar augstas stipr\u012bbas cinka sakaus\u0113jumu, \u0161is hidrauliskais mai\u0146str\u0101vas \u0161\u013c\u016btenes gofr\u0113\u0161anas r\u012bks iztur augstu darba spiedienu bez deform\u0101cijas.T\u0101 nodilumiztur\u012bg\u0101, korozijiztur\u012bg\u0101 un r\u016bsas iztur\u012bg\u0101 konstrukcija nodro\u0161ina ilgtermi\u0146a uzticam\u012bbu.<\/div><\/div><div class=\"section\"><div class=\"section-title\"><\/div><div class=\"section-img\"><img decoding=\"async\" src=\"\/vevor\/product\/RGYJQYYRGYJQG3LGN001\/hose-crimper-a100-2.4.jpg\" \/><\/div><div class=\"section-mobile-img\"><img decoding=\"async\" src=\"\/vevor\/product\/RGYJQYYRGYJQG3LGN001\/hose-crimper-a100-2.4-m.jpg\" \/><\/div><div class=\"section-desc\">Uzspie\u017eam\u0101s presformas dizains nodro\u0161ina \u0101tru uzst\u0101d\u012b\u0161anu bez instrumentiem un dro\u0161u piestiprin\u0101\u0161anu pie preses armat\u016bras, \u013caujot bez piep\u016bles p\u0101rsl\u0113gt presformas un efekt\u012bvi veikt gofr\u0113\u0161anas uzdevumus.<\/div><\/div><div class=\"section\"><div class=\"section-title\"><\/div><div class=\"section-img\"><img decoding=\"async\" src=\"\/vevor\/product\/RGYJQYYRGYJQG3LGN001\/hose-crimper-a100-2.5.jpg\" \/><\/div><div class=\"section-mobile-img\"><img decoding=\"async\" src=\"\/vevor\/product\/RGYJQYYRGYJQG3LGN001\/hose-crimper-a100-2.5-m.jpg\" \/><\/div><div class=\"section-desc\">Komplekt\u0101 ir iztur\u012bgs uzglab\u0101\u0161anas futr\u0101lis, kas k\u0101rt\u012bgi sak\u0101rto presformas un instrumentus.Viegli p\u0101rn\u0113s\u0101jams starp darba viet\u0101m, lieliski piem\u0113rots remontam uz vietas un darbn\u012bcu lieto\u0161anai.<\/div><\/div><div class=\"section\"><div class=\"section-img\"><img decoding=\"async\" src=\"\/vevor\/product\/RGYJQYYRGYJQG3LGN001\/hose-crimper-a100-1.11.jpg\" \/><\/div><div class=\"section-mobile-img\"><img decoding=\"async\" src=\"\/vevor\/product\/RGYJQYYRGYJQG3LGN001\/hose-crimper-a100-1.11-m.jpg\" \/><\/div><\/div><\/div><\/body><\/html><\/div>\n<div class=\"DM_at-title\" id=\"js-DM_at-title\"> <div>Produkta specifik\u0101cija<\/div> <i class=\"icon-arrowup_line\"><\/i> <\/div><div class=\"DM_at-goodsDescAttr\" id=\"js-DM_at-goodsDescAttr\"> <div class=\"DM_at-goodsDescAttrInner\"> <dl class=\"goodsDesc_item goodsDesc_item_even\"> <dt>Preces Mode\u013ca Numurs<\/dt> <dd> LD-71560<\/dd> <\/dl> <dl class=\"goodsDesc_item\"> <dt>Produkta Tips<\/dt> <dd> Hidraulisk\u0101s \u0161\u013c\u016btenes Crimper<\/dd> <\/dl> <dl class=\"goodsDesc_item goodsDesc_item_even\"> <dt>Vienuma stils<\/dt> <dd> Sadal\u012bt ar Manu\u0101lo S\u016bkni<\/dd> <\/dl> <dl class=\"goodsDesc_item\"> <dt>Gofr\u0113\u0161anas diapazons<\/dt> <dd> 5\/16 \" - 5\/8\"\/ 7.94 - 15.88mm (iek\u0161\u0113jais diametrs)<\/dd> <\/dl> <dl class=\"goodsDesc_item goodsDesc_item_even\"> <dt>7PCS Gofr\u0113\u0161ana mirst<\/dt> <dd> 6 SRB, #6\u20138 SRB, 10 SRB, 12 SRB, #8, #10, #12<\/dd> <\/dl> <dl class=\"goodsDesc_item\"> <dt>Gofr\u0113\u0161anas sp\u0113ks<\/dt> <dd> 45 KN<\/dd> <\/dl> <dl class=\"goodsDesc_item goodsDesc_item_even\"> <dt>Neto Svars<\/dt> <dd> 19,84 m\u0101rci\u0146as \/ 9 kg<\/dd> <\/dl> <dl class=\"goodsDesc_item\"> <dt>Instrumentu kastes izm\u0113ri<\/dt> <dd> 16,93 x 14,2 x 5,5 collas \/ 430 x 360 x 140 mm<\/dd> <\/dl> <\/div> <\/div>","protected":false},"excerpt":{"rendered":"<ul>\n<li> Complete Die Set: Ietver 7 gofr\u0113\u0161anas presformas pla\u0161am \u0161\u013c\u016bte\u0146u izm\u0113ru diapazonam \u2014 #6 SRB (5\/16\u2033), #6-8 SRB (5\/16\u2033 &amp; 13\/32\u2033 samazin\u0101ta barjera), #8 (13\/32\u2033), #10 (1\/2\u2033), #10 SRB (1\/2\u2033), #12 (5\/8\u2033), un #12 SRB (5\/8\u2033).Piez\u012bme: 8 SRB un 6 ir tas pats matrica, ar violetu kr\u0101su <\/li>\n<li> Efekt\u012bva gofr\u0113\u0161ana: ar augstas veiktsp\u0113jas hidraulisk\u0101 cilindra piedzi\u0146u \u0161is sadal\u012btais hidrauliskais mai\u0146str\u0101vas \u0161\u013c\u016btenes gofr\u0113t\u0101js ar manu\u0101lo s\u016bkni nodro\u0161ina 45 KN stabilu gofr\u0113\u0161anas sp\u0113ku Apvienojum\u0101 ar t\u0101 augstas stipr\u012bbas cinka sakaus\u0113juma korpusu un prec\u012bzas bl\u012bv\u0113\u0161anas sist\u0113mu stingr\u0101m un bez nopl\u016bdes gofr\u0113t\u0101m gofr\u0113m <\/li>\n<li> Elast\u012bga un vienk\u0101r\u0161a darb\u012bba: uzspie\u017eam\u0101 presformas konstrukcija \u013cauj \u0101tri, bez instrumentiem uzst\u0101d\u012bt un dro\u0161i piestiprin\u0101t pie pres\u0113\u0161anas armat\u016bras Vienk\u0101r\u0161i pagrieziet hidraulisko v\u0101rstu un nospiediet rokturi, lai pan\u0101ktu augstas kvalit\u0101tes gofr\u0113\u0161anu hidrauliskaj\u0101m A\/C \u0161\u013c\u016bten\u0113m <\/li>\n<li> Kompakts un p\u0101rn\u0113s\u0101jams: \u0161is vieglais, kompaktais hidrauliskais A\/C \u0161\u013c\u016btenes gofr\u0113\u0161anas r\u012bks \u013cauj elast\u012bgi izmantot \u0161aur\u0101s viet\u0101s. N\u0101k ar iztur\u012bgu p\u0101rn\u0113s\u0101\u0161anas korpusu, lai to var\u0113tu viegli transport\u0113t, organiz\u0113t uzglab\u0101\u0161anu un \u0113rti darboties uz vietas <\/li>\n<li> Pla\u0161s pielietojums: efekt\u012bvi gofr\u0113 vair\u0101ku izm\u0113ru \u0161\u013c\u016btenes, kas piem\u0113rotas lod\u012b\u0161u blo\u0137\u0113\u0161anas piederumiem un A\/C \u0161\u013c\u016bten\u0113m, padarot to ide\u0101li piem\u0113rotu automobi\u013cu remontam, gaisa kondicion\u0113\u0161anas apkopei, HVAC lietojumiem un citiem <\/li>\n<\/ul>","protected":false},"featured_media":441905,"comment_status":"open","ping_status":"open","template":"","meta":{"om_disable_all_campaigns":false,"_uf_show_specific_survey":0,"_uf_disable_surveys":false},"location":[1935,1934],"product_brand":[],"product_cat":[119,91,118],"product_tag":[],"class_list":{"0":"post-223712","1":"product","2":"type-product","3":"status-publish","4":"has-post-thumbnail","6":"location-supplier_stock_location","7":"location-local_stock_location","8":"product_cat-crimping-tools","9":"product_cat-hand-tools","10":"product_cat-wrenches","12":"first","13":"outofstock","14":"taxable","15":"shipping-taxable","16":"purchasable","17":"product-type-simple"},"aioseo_notices":[],"locations":[{"id":1935,"name":"Pieg\u0101d\u0101ja noliktav\u0101 (5-7dd.d)","slug":"supplier_stock_location","quantity":"0"},{"id":1934,"name":"R\u012bgas veikal\u0101 (0-2d.d.)","slug":"local_stock_location","quantity":"0"}],"_links":{"self":[{"href":"https:\/\/vevorshop.lv\/lv\/wp-json\/wp\/v2\/product\/223712","targetHints":{"allow":["GET"]}}],"collection":[{"href":"https:\/\/vevorshop.lv\/lv\/wp-json\/wp\/v2\/product"}],"about":[{"href":"https:\/\/vevorshop.lv\/lv\/wp-json\/wp\/v2\/types\/product"}],"replies":[{"embeddable":true,"href":"https:\/\/vevorshop.lv\/lv\/wp-json\/wp\/v2\/comments?post=223712"}],"wp:featuredmedia":[{"embeddable":true,"href":"https:\/\/vevorshop.lv\/lv\/wp-json\/wp\/v2\/media\/441905"}],"wp:attachment":[{"href":"https:\/\/vevorshop.lv\/lv\/wp-json\/wp\/v2\/media?parent=223712"}],"wp:term":[{"taxonomy":"location","embeddable":true,"href":"https:\/\/vevorshop.lv\/lv\/wp-json\/wp\/v2\/location?post=223712"},{"taxonomy":"product_brand","embeddable":true,"href":"https:\/\/vevorshop.lv\/lv\/wp-json\/wp\/v2\/product_brand?post=223712"},{"taxonomy":"product_cat","embeddable":true,"href":"https:\/\/vevorshop.lv\/lv\/wp-json\/wp\/v2\/product_cat?post=223712"},{"taxonomy":"product_tag","embeddable":true,"href":"https:\/\/vevorshop.lv\/lv\/wp-json\/wp\/v2\/product_tag?post=223712"}],"curies":[{"name":"wp","href":"https:\/\/api.w.org\/{rel}","templated":true}]}}