{"id":224418,"date":"2025-12-27T00:38:05","date_gmt":"2025-12-26T22:38:05","guid":{"rendered":"https:\/\/vevorshop.lv\/en_us\/Prece\/vevor-12v-dual-cylinder-air-compressor-300l-min-10-3bar-auto-stop-tire-inflator-with-lcd-display-for-car-suv-truck-rv\/"},"modified":"2026-05-02T11:33:41","modified_gmt":"2026-05-02T08:33:41","slug":"vevor-12v-dual-cylinder-air-compressor-300l-min-10-3bar-auto-stop-tire-inflator-with-lcd-display-for-car-suv-truck-rv","status":"publish","type":"product","link":"https:\/\/vevorshop.lv\/lv\/Prece\/vevor-12v-divu-cilindru-gaisa-kompresors-300l-min-10-3bar-auto-stop-riepu-piepusejs-ar-lcd-displeju-auto-suv-kravas-automasinas-rv\/","title":{"rendered":"VEVOR 12V Smag\u0101s Klases Divcilindru Gaisa Kompresors 300L\/min 10.3bar ar Auto-Stop un LCD, P\u0101rn\u0113s\u0101jams Riepu Piep\u016bt\u0113js Auto SUV Kravas Auto"},"content":{"rendered":"<div style=\"color: #fff!important; font-size: 16px; height: 24px; line-height: 24px; margin-top: -24px; \" class=\"product_original_name\">VEVOR divu cilindru lieljaudas gaisa kompresors, 300 l\/min autom\u0101tisk\u0101s aptur\u0113\u0161anas p\u0101rn\u0113s\u0101jamais riepu piep\u016b\u0161\u0113js, 12 V 150PSI bezce\u013ca gaisa s\u016bknis ar LCD digit\u0101lo displeju un adapteriem kravas automa\u0161\u012bnu SUV 4 x 4 transportl\u012bdzek\u013cu RV<\/div>\n<div style=\"color: #fff!important; font-size: 16px; height: 24px; line-height: 24px; margin-top: -24px; \" class=\"product_sku\">MJN6SPN8<\/div>\n<div style=\"color: #fff!important; font-size: 16px; height: 24px; line-height: 24px; margin-top: -24px; \" class=\"product_mpn\">ZXBXSLTCQJZXR7RDL001V2<\/div><div id=\"js-DM_at-goodDescRich\"><html><head><style>  body {    font-family: Arial;    line-height: 1.5;    color: #1c1c1c;    overflow-x: hidden;    margin: 0;    padding: 0;  }  .MsoNormal b {    font-weight: bolder;  }<\/style><style>  .container.small {    width: 970px;    margin: 0 auto;  }  .logo {    margin: 0 auto 0;  }  .logo img {    display: block;    margin: 0 auto;    max-width: 100%;  }  .logo .pc-banner {    display: block;    width: 1200px;    height: 247.4px;    margin: 0 auto;  }  .logo .pc-banner.small {    width: 970px;  }  .logo .pc-banner.small img {    height: auto!important;  }  .logo .m-banner {    display: none;  }  .ytvideo {    position: relative;    height: 546px;    width: 100%;    margin: 0 auto;  }  .ytvideo img {    width: 100%;    margin: 0 auto;  }  .ytvideo .play-btn {    width: 60px;    height: 42px;    position: absolute;    top: 50%;    left: 50%;    transform: translate(-50%, -50%);    background: url(\"data:image\/png;base64,iVBORw0KGgoAAAANSUhEUgAAAGQAAABGCAMAAAANWMFbAAAC+lBMVEUAAADBGB3kLCfBGB3kLCfcJC7BFx3KKSbiKybkLCbWJCPSIiLSIiLPICHAFx3kLCfgKSXNHiDZJiTIGx\/p4eHcjo7LHSDbJyTkLCbjKyfOHyHPIiL28fHJHB\/GGh7EGR7eKCXDGB3RISHlLSbBGB3AFxzGHB7DGB7BGB3hKybkKybAFx3lLCfAFxzDGR3hKibDGB7cJyTmz8\/elJTlwcHjurrUIyLlLSflLSfAFx3DGR7lLSfCFx3hKibhKibhKybjKybkLCblLSfbJSX49vbx7e3NNzjNMTLMJyjVIyLZf3\/ZQ0LaeHjx0tLgoqLkLCfCGB3HGx\/BGB3BFx3PICHCGB7WJCLOHyC\/Fxy\/Fx3lLCfQISHkLSe\/FxzbJiTBFx3FGx\/AGB7BFx3EGR7AGB3HHSDfKiXAFh3TISHYNzbhKibbJyTTIiL57e325+f039\/v2NjUV1fOHiHiqanfmprch4feKSXVIyPOICHmLibFGh\/mLSe\/Fx7XJCPeKSXXJSPNHyHaJyTGGh7lLCbmLCflLSjSIiLkLCbdKSXLHiC\/GB3KHh++Fh3lKyfoLiXcKCPkx8fYb2\/XaGfVXl3aU1LLHiDksbHgKibPICHbJyTfKSXbJyTCGB3KHSDiKybFGh7TIiL\/\/\/\/VIyPRISHIHB\/GGx\/HHB\/DGR7gKibdKCXLHiDZJiTMHiDNHyHYJSTOICHPICHWJCPcKCXXJSPjLCblLCf+\/f3NGR\/uLijzLynPGR\/IGB7WISHaIyLLGh7UAADxLynNAADRLzDbICLQAADIAAD3MCrUHSHXMTDpKSbLAADp5OTij4\/ejo\/VLy\/1LyngJSTcJCPQHx\/OHB7+\/PzaMS\/OLS\/vLijrLSjSAADaNTPwLyjkKSbNJCbYISHPHB\/KGB7WAAD7+vrn3d3aKynTKCjoLCfsKifRGh\/YAADq5+fhjo7QNDXXKCfmJyXt5+fTLzDLLi\/QKivYHRvMGBrQJCXLISPMExXLDxLaEAvkkI\/bOTfaFQ\/SCgpvLcnHAAAAmnRSTlMA+vv7+gT9Bvf9+8z8\/NSv\/Pr5+P7++vnQIBMP\/v38\/Pn348XDiCYf9OjbzcqxXVcx\/fz8+\/rj1r2poo1+fXFqX0orGP7+\/v7+\/fz8+\/r68uzn4trIxsG\/vri3p6GcmZSNbWVYUUZEPQv+\/f39+\/v7+\/v7+vr64tvV1NTTz87FtbSurqeblJKFg4B3bUY+NjL7+\/v7+\/v67t1cDo8JLQAABkRJREFUWMO0kz9rwkAYh0OIeJkum6YugUAhISCdKoj\/P4C7SMdS+gEKIhSKil10LSg4mzXkILdlEpxCpwTiWOLX6BujvQaEQuGeHLnL+\/64J+SIcKGYTYWnntpdLjrVdqvZmNdn0+EE40GtpuuWVS6Xx6N7YDSGpWXpeq02wHgynM7q80az1a52HpddtVcpsi1zFARBrdaxbhp9iUReTGmwA4KAAr7vx3EYejnCMI6hQYEgy0LQi4jUN0wL19vqFcUC9\/1dAKmEEFkWRYkh5oBejnxQJiSJPJ\/uKBp0Thszx9Mw8hMRIQjKsptCfuES9zr5WJY6vSFCIvE9fCMUmEM1A1kSXcYGxgVYsvI1IPKTZciSTI0us\/SMGG04gDzELDoFBwdcFJrF88dqgYMTiL6DILWYyfOWE8\/kIz38olCNlC03FK95+imxp6y4oUSvAnBjHHhKNtotSDqJzVFiK8c2SBqhZtsrTtgrLXwAyduxZHNE26eHUt5rtuM4WSmds3G+sUdWYo1L+XyxButoh5eKUHk5lByO3G1LqqCWVnfrv\/lyPtf\/4ps1cndNGIri8J1TJ0lx6dR\/oPjq1nbRwdp2dCk4CtIOLW3pVKRL6WZfS5vF2KkIQhpwSsjiYIgNCs1gEMGqiIq24NQX9NwoXFy8Ufrl3twTcg4fv8T9\/JBEySduj6Mjm4bMzYV7EEOxKjjoNDud7yY3Dy71Hq2oLmqfbNR723edH9PgMrNL2utoQ3VmaIDkiw\/4w51P06hlZsTZvkRrbVuSIs\/zwSOsycgzStQouoAkWQqioRT5XI7n2Z1wfVhoZmcAJLsoqjqpjbWCgpOAJXBwHK8PzWbNvoUZJND5wCnSkLAkZ1legx6vqQzjoiTahKlGUGLAiIIoABOHaNVw4sexZBym6\/HWlH5h3IC7yRbxtipcWxdTOkORKiNQAEkFf66x5S2oeRbroOlLgg0sSYkR0hRGEqJZ0jTPiQKatESdBckpWigxaapEH0lImHdWu9pUFF2XqMNM2Z4kped7IwEJw2qabwtrQqnpw6HyKkgcadKWsmpywwesDyIhYRpdzXddqegtGIJlXbAIUMOLkGxJUjRIkokwjUaX9d\/kK62ps\/tYUqZLIMkLTyBhsMZ3C5Z\/kDxOSCb\/DOs\/\/J0qcWSX\/2ipe56EgTCA4\/cB7NAYOsni4mZM1MUPAISoEwkDi4lhVBQ1cWQyIcwalw4EpqZN68JUSK7XC0kTlkLYii5uXSC8jT5ncCAS7mjCv0uHp\/3lueHEEAeQ\/\/VgmdN71\/2uCSA1Xr6DO6uI6sW56zqT2tp2PhgiRUAajV8CY2fkcz6WGNKMgLAt7tJAhD4YHMTeRxlALE6+43WqjSWi8ITxyJl8WrwWSNESQZZOqhDDntO3hJLsd5RtSpbJqdv3YrDJH3F7jL1R2O2aQkn2MyCyKYz0GPGIvSAMgBCrCEiJyKbBaYGwLW4uPRr0A0M4Ux5kUI7IBh+hMdiCEWNqhMZGyYMsOgNE58UQuEQeUnSWCMYwL54hkxK6IoqucQZbQ3pc3XtL0lky1dL0zZJJDpWJovFqpWj6JEHnyam2eQp5QRVAVHjWparTOaVwUOx99YS2MvgxIGV0bb+qIg2HX2qkFFJB+XZcbLiuRkuxD9GRroKyveLxdh4d7Orx+hb7qc3uVRuEogCOnyIxm4ubUoPgF4jianDrC+SDQDKEfJb0GUKmjCGPYHGJvVC6X4hw1\/sAfQAdfYyephIaspXe36RwOP+Ljvfx9B6B3i+Nk0DGq+oCbLn6JpBa9nWAveAIHwFAwtVcIJXPMPL8kRu5OAYPMaL1WScTxjiZDqB9LTJSWphow\/pTYKRTLjCBhvi9iBidvKcDasGSm0QQkycYuLBqj6QCELPctqChDWpTRMWkngNNpQ1Pfp1KkiT\/Y0DGffXAweUNfLAfaJFKDwhb6I+bkYRbkERoEeu3Fyjg2opMz2daZCS9jt6Q7txNfB+OZEVF6Zl5web2xunnLQrtrjXseXKaFYziYINeMFZVxS9VxRhOoesYwxPKXm+gWLG9cuFeq93UNNeJNsf1KlwuDok9n02n3TgIJpOxNfL9naIoQwXtfH9kjceTIIi709ncTg6LZbg+biLH1V6u\/7rxBem06VXKn9raAAAAAElFTkSuQmCC\")      no-repeat center center \/ contain;  }  @media screen and (max-width: 960px) and (orientation: portrait) {    .logo {      width: 100%;    }    .logo .pc-banner {      display: none;    }    .logo .m-banner {      display: block;      width: 100%;    }    .logo .m-banner img {      height: auto!important;    }    .ytvideo {      height: 200px;      width: 100%;    }  }<\/style><style>  .video-section {    width: 100%;    margin: 0 auto;  }  .video-section > img {    width: 100%;  }  .video-section iframe,  .video-section video {    width: 100%;    height: 100%;      }  .video-section-img-m,  .video-section-img-pc > img {    width: 100%;    height: auto;  }  .video-section-img-pc.small > img {    width: 970px;  }  .video-desc {    line-height: 1.5;    font-size: 20px;    font-weight: 400;    margin: 20px 0;    text-align: center;    color: #0f1111;    word-break: break-word;  }  @media screen and (max-width: 960px) and (orientation: portrait) {    .video-section {      width: 100%;    }    .video-section-pc,    .video-section-img-pc {      display: none;    }    .video-section-m,    .video-section-img-m {      display: block;    }    .video-desc {      font-size: 15px;    }  }  @media screen and (min-width: 960px) {    .video-section {      width: 100%;      margin: 0 auto;    }    .video-section-pc,    .video-section-img-pc {      display: block;    }    .video-section-m,    .video-section-img-m {      display: none;    }    .video-desc {      font-size: 20px;    }  }<\/style><style>  .section + .section {    margin-top: 35px;  }  .section-title {    text-align: center;    font-weight: bold;    color: #0d1111;    font-family: \"Arial\";    font-size: 32px;    margin: 15px 0;  }  .section-title:empty {    display: none;  }  .section-desc {    text-align: center;    font-weight: normal;    color: #0d1111;    margin-top: 20px;  }  .section-desc:empty {    display: none;  }  .section-img {    width: 1200px;    height: 492px;    margin: 0 auto;    display: block;  }  .section-img.small {    width: 970px;    height: auto;  }  .section-img.small > img {    height: auto;  }  .section-img > img {    width: 100%;    height: 100%;  }  .section-mobile-img {    display: none;    max-width: 100vw;    max-height: 75vw;    height: 450px;    margin: 0 auto;  }  .section-mobile-img > img {    width: 100%;    height: 100%;  }  @media screen and (max-width: 960px) and (orientation: portrait) {    .container {      width: 100%;    }    .container.small {      width: 100%;    }    .section-mobile-img {      display: block;    }    .section-img {      display: none;    }    .section-title {      font-size: 22px;      margin: 10px 0;    }    .section-desc {      margin-top: 10px;    }    .section + .section {      margin-top: 20px;    }  }<\/style><\/head><body><div class=\"container\"><div class=\"logo\"><div class=\"pc-banner\"><div><img decoding=\"async\" src=\"\/vevor\/vevor\/boutique-banner\/pc\/en-pc@1x.jpg\" style=\"width: 100%;\" \/><\/div><\/div><div class=\"m-banner\"><div><img decoding=\"async\" src=\"\/vevor\/vevor\/boutique-banner\/mobile\/en-m@1x.jpg\" style=\"width: 100%;\" \/><\/div><\/div><\/div><div class=\"section-title\">\u0100tr\u0101ka infl\u0101cija, vienm\u0113r\u012bg\u0101ki ce\u013cojumi!<\/div><div class=\"video-section\"><div class=\"video-section-img-pc\"><img decoding=\"async\" src=\"\/vevor\/product\/ZXBXSLTCQJZXR7RDL001\/portable-air-compressor-a100-1.4.jpg\" \/><\/div><div class=\"video-section-img-m\"><img decoding=\"async\" src=\"\/vevor\/product\/ZXBXSLTCQJZXR7RDL001\/portable-air-compressor-a100-1.4-m.jpg\" \/><\/div><div class=\"section-desc\">VEVOR 12V lieljaudas gaisa kompresors ir j\u016bsu uzticamais pavadonis ce\u013c\u0101.Ar divu cilindru dizainu, iepriek\u0161 iestat\u012btu spiedienu un autom\u0101tisk\u0101s aptur\u0113\u0161anas funkcij\u0101m ar skaidru LCD digit\u0101lo displeju, 300 l\/min gaisa pl\u016bsmu un 150PSI maksim\u0101lo spiedienu tas efekt\u012bvi piep\u016b\u0161 riepas, pal\u012bdzot \u0101tri atgriezties uz ce\u013ca.<\/div><\/div><div class=\"section\"><div class=\"section-title\"><\/div><div class=\"section-img\"><img decoding=\"async\" src=\"\/vevor\/product\/ZXBXSLTCQJZXR7RDL001\/portable-air-compressor-a100-2.2.jpg\" \/><\/div><div class=\"section-mobile-img\"><img decoding=\"async\" src=\"\/vevor\/product\/ZXBXSLTCQJZXR7RDL001\/portable-air-compressor-a100-2.2-m.jpg\" \/><\/div><div class=\"section-desc\">Ar 1080W augstas efektivit\u0101tes motoru darbin\u0101ms \u0161is p\u0101rn\u0113s\u0101jamais riepu piep\u016b\u0161\u0113js nodro\u0161ina l\u012bdz pat 150PSI maksim\u0101lo darba spiedienu un 300 L\/min lielu gaisa pl\u016bsmu.Tas efekt\u012bvi piep\u016b\u0161 automa\u0161\u012bnu, apvidus automa\u0161\u012bnu, kravas automa\u0161\u012bnu, motociklu un velosip\u0113du riepas, k\u0101 ar\u012b sporta bumbas un atp\u016btas apr\u012bkojumu.<\/div><\/div><div class=\"section\"><div class=\"section-title\"><\/div><div class=\"section-img\"><img decoding=\"async\" src=\"\/vevor\/product\/ZXBXSLTCQJZXR7RDL001\/portable-air-compressor-a100-2.3.jpg\" \/><\/div><div class=\"section-mobile-img\"><img decoding=\"async\" src=\"\/vevor\/product\/ZXBXSLTCQJZXR7RDL001\/portable-air-compressor-a100-2.3-m.jpg\" \/><\/div><div class=\"section-desc\">LCD digit\u0101lais displejs nodro\u0161ina riepu spiediena uzraudz\u012bbu re\u0101llaik\u0101 vis\u0101 infl\u0101cijas proces\u0101 Vienk\u0101r\u0161i iestatiet v\u0113lamo PSI, un tas autom\u0101tiski apst\u0101sies, tikl\u012bdz b\u016bs sasniegta iepriek\u0161 iestat\u012bt\u0101 v\u0113rt\u012bba \u2014 nov\u0113r\u0161ot p\u0101rm\u0113r\u012bgas vai nepietiekamas infl\u0101cijas risku.<\/div><\/div><div class=\"section\"><div class=\"section-title\"><\/div><div class=\"section-img\"><img decoding=\"async\" src=\"\/vevor\/product\/ZXBXSLTCQJZXR7RDL001\/portable-air-compressor-a100-2.4.jpg\" \/><\/div><div class=\"section-mobile-img\"><img decoding=\"async\" src=\"\/vevor\/product\/ZXBXSLTCQJZXR7RDL001\/portable-air-compressor-a100-2.4-m.jpg\" \/><\/div><div class=\"section-desc\">M\u016bsu divu cilindru bezce\u013ca gaisa s\u016bknis ir viegls un ar \u0113rtu rokturi, un tas ir ide\u0101li piem\u0113rots uzglab\u0101\u0161anai j\u016bsu transportl\u012bdzek\u013ca bag\u0101\u017eniek\u0101 vai l\u012bdzi \u0146em\u0161anai ce\u013c\u0101, nodro\u0161inot \u0101tru piep\u016b\u0161anu, kad vien tas ir nepiecie\u0161ams.<\/div><\/div><div class=\"section\"><div class=\"section-title\"><\/div><div class=\"section-img\"><img decoding=\"async\" src=\"\/vevor\/product\/ZXBXSLTCQJZXR7RDL001\/portable-air-compressor-a100-2.5.jpg\" \/><\/div><div class=\"section-mobile-img\"><img decoding=\"async\" src=\"\/vevor\/product\/ZXBXSLTCQJZXR7RDL001\/portable-air-compressor-a100-2.5-m.jpg\" \/><\/div><div class=\"section-desc\">\u0160is p\u0101rn\u0113s\u0101jamais gaisa kompresors, kas apr\u012bkots ar piep\u016b\u0161anas adapteriem, ir daudzpus\u012bgs automa\u0161\u012bn\u0101m, apvidus automa\u0161\u012bn\u0101m, kravas automa\u0161\u012bn\u0101m un RV, k\u0101 ar\u012b piem\u0113rots motocikliem, velosip\u0113diem, sporta bumbi\u0146\u0101m, piep\u016b\u0161am\u0101m rota\u013cliet\u0101m, piep\u016b\u0161amajiem matra\u010diem un citiem.<\/div><\/div><div class=\"section\"><div class=\"section-img\"><img decoding=\"async\" src=\"\/vevor\/product\/ZXBXSLTCQJZXR7RDL001\/portable-air-compressor-a100-1.11.jpg\" \/><\/div><div class=\"section-mobile-img\"><img decoding=\"async\" src=\"\/vevor\/product\/ZXBXSLTCQJZXR7RDL001\/portable-air-compressor-a100-1.11-m.jpg\" \/><\/div><\/div><\/div><\/body><\/html><\/div>\n<div class=\"DM_at-title\" id=\"js-DM_at-title\"> <div>Produkta specifik\u0101cija<\/div> <i class=\"icon-arrowup_line\"><\/i> <\/div><div class=\"DM_at-goodsDescAttr\" id=\"js-DM_at-goodsDescAttr\"> <div class=\"DM_at-goodsDescAttrInner\"> <dl class=\"goodsDesc_item goodsDesc_item_even\"> <dt>Preces Mode\u013ca Numurs<\/dt> <dd> YD-127D-AI<\/dd> <\/dl> <dl class=\"goodsDesc_item\"> <dt>Veids<\/dt> <dd> Lieljaudas divu cilindru gaisa kompresors<\/dd> <\/dl> <dl class=\"goodsDesc_item goodsDesc_item_even\"> <dt>Maksim\u0101l\u0101 gaisa pl\u016bsma<\/dt> <dd> 10,6 CFM<\/dd> <\/dl> <dl class=\"goodsDesc_item\"> <dt>Nomin\u0101l\u0101 Jauda<\/dt> <dd> 1080W<\/dd> <\/dl> <dl class=\"goodsDesc_item goodsDesc_item_even\"> <dt>Ieejas Spriegums<\/dt> <dd> L\u012bdzstr\u0101va 12\u00a0V\u201313,8\u00a0V<\/dd> <\/dl> <dl class=\"goodsDesc_item\"> <dt>Maksim\u0101lais darba spiediens<\/dt> <dd> 150 PSI<\/dd> <\/dl> <dl class=\"goodsDesc_item goodsDesc_item_even\"> <dt>Galvenais materi\u0101ls<\/dt> <dd> Dzelzs, alum\u012bnija sakaus\u0113jums<\/dd> <\/dl> <dl class=\"goodsDesc_item\"> <dt>Produkta Svars<\/dt> <dd> 23,28 m\u0101rci\u0146as \/ 10,56 kg  <\/dd> <\/dl> <dl class=\"goodsDesc_item goodsDesc_item_even\"> <dt>Produkta Izm\u0113ri<\/dt> <dd> 14,37 x 5,91 x 8,94 collas \/ 365 x 150 x 227 mm<\/dd> <\/dl> <\/div> <\/div>","protected":false},"excerpt":{"rendered":"<ul>\n<li> Ultra-Fast Inflation: Featuring moderniz\u0113ta divu cilindru dizains, 300 L \/ min augstu gaisa pl\u016bsmu un 150 PSI maksim\u0101lo darba spiedienu, m\u016bsu 12V 1080W lieljaudas gaisa kompresors piep\u016b\u0161 2X \u0101tr\u0101k nek\u0101 citi, pal\u012bdzot jums nok\u013c\u016bt atpaka\u013c uz ce\u013ca \u012bs\u0101 laik\u0101 <\/li>\n<li> Iepriek\u0161 iestat\u012bts spiediens un autom\u0101tisk\u0101 apst\u0101\u0161an\u0101s: saglab\u0101jiet kontroli ar LCD digit\u0101lo displeju, kas re\u0101llaik\u0101 uzrauga riepu spiedienu. Iestatiet v\u0113lamo spiedienu, un tas autom\u0101tiski apst\u0101sies, kad tas tiks sasniegts \u2014 - nov\u0113r\u0161ot p\u0101rm\u0113r\u012bgu piep\u016b\u0161anos, nepietiekamu piep\u016b\u0161anos un past\u0101v\u012bgu manometra skat\u012b\u0161anos <\/li>\n<li> Pla\u0161s pielietojums: apr\u012bkots ar 3 sprauslu adapteriem un 1 \u012bk\u0161\u0137a blo\u0137\u0113\u0161anas adapteri, \u0161is autom\u0101tisk\u0101s aptur\u0113\u0161anas p\u0101rn\u0113s\u0101jamais riepu piep\u016b\u0161\u0113js ir ide\u0101li piem\u0113rots automa\u0161\u012bn\u0101m, apvidus automa\u0161\u012bn\u0101m, kravas automa\u0161\u012bn\u0101m, RV, k\u0101 ar\u012b motocikliem, velosip\u0113diem, bumbi\u0146\u0101m un atp\u016btas apr\u012bkojumam, piem\u0113ram, piep\u016b\u0161am\u0101m rota\u013cliet\u0101m un laivas <\/li>\n<li> Uzticama dro\u0161\u012bbas aizsardz\u012bba: b\u016bv\u0113ts ar p\u0101rkar\u0161anas aizsardz\u012bbas sist\u0113mu, \u0161is 150 PSI lieljaudas bezce\u013ca gaisa s\u016bknis nov\u0113r\u0161 motora boj\u0101jumus no augst\u0101m temperat\u016br\u0101m, nodro\u0161inot dro\u0161u darb\u012bbu un ilgsto\u0161u veiktsp\u0113ju <\/li>\n<li> Piln\u012bga pakete: ietver lieljaudas divu cilindru gaisa kompresoru ar 2 m str\u0101vas vadu + 7,8 m gumijas gaisa \u0161\u013c\u016bteni + 3 sprauslas adapteri + \u012bk\u0161\u0137a sl\u0113dzenes adapteri + p\u0101rn\u0113s\u0101jamu instrumentu maisi\u0146u. Vienm\u0113r gatavs bezce\u013ca piedz\u012bvojumam priek\u0161\u0101 <\/li>\n<\/ul>","protected":false},"featured_media":442529,"comment_status":"open","ping_status":"open","template":"","meta":{"om_disable_all_campaigns":false,"_uf_show_specific_survey":0,"_uf_disable_surveys":false},"location":[1935,1934],"product_brand":[],"product_cat":[645,133,646],"product_tag":[],"class_list":{"0":"post-224418","1":"product","2":"type-product","3":"status-publish","4":"has-post-thumbnail","6":"location-supplier_stock_location","7":"location-local_stock_location","8":"product_cat-air-tools-accessories","9":"product_cat-automotive","10":"product_cat-tire-inflators","12":"first","13":"instock","14":"taxable","15":"shipping-taxable","16":"purchasable","17":"product-type-simple"},"aioseo_notices":[],"locations":[{"id":1935,"name":"Pieg\u0101d\u0101ja noliktav\u0101 (5-7dd.d)","slug":"supplier_stock_location","quantity":"6"},{"id":1934,"name":"R\u012bgas veikal\u0101 (0-2d.d.)","slug":"local_stock_location","quantity":"0"}],"_links":{"self":[{"href":"https:\/\/vevorshop.lv\/lv\/wp-json\/wp\/v2\/product\/224418","targetHints":{"allow":["GET"]}}],"collection":[{"href":"https:\/\/vevorshop.lv\/lv\/wp-json\/wp\/v2\/product"}],"about":[{"href":"https:\/\/vevorshop.lv\/lv\/wp-json\/wp\/v2\/types\/product"}],"replies":[{"embeddable":true,"href":"https:\/\/vevorshop.lv\/lv\/wp-json\/wp\/v2\/comments?post=224418"}],"wp:featuredmedia":[{"embeddable":true,"href":"https:\/\/vevorshop.lv\/lv\/wp-json\/wp\/v2\/media\/442529"}],"wp:attachment":[{"href":"https:\/\/vevorshop.lv\/lv\/wp-json\/wp\/v2\/media?parent=224418"}],"wp:term":[{"taxonomy":"location","embeddable":true,"href":"https:\/\/vevorshop.lv\/lv\/wp-json\/wp\/v2\/location?post=224418"},{"taxonomy":"product_brand","embeddable":true,"href":"https:\/\/vevorshop.lv\/lv\/wp-json\/wp\/v2\/product_brand?post=224418"},{"taxonomy":"product_cat","embeddable":true,"href":"https:\/\/vevorshop.lv\/lv\/wp-json\/wp\/v2\/product_cat?post=224418"},{"taxonomy":"product_tag","embeddable":true,"href":"https:\/\/vevorshop.lv\/lv\/wp-json\/wp\/v2\/product_tag?post=224418"}],"curies":[{"name":"wp","href":"https:\/\/api.w.org\/{rel}","templated":true}]}}