{"id":225237,"date":"2026-01-02T00:40:08","date_gmt":"2026-01-01T22:40:08","guid":{"rendered":"https:\/\/vevorshop.lv\/en_us\/Prece\/vevor-2x100w-monocrystalline-solar-panels-23-efficiency-mc4-output-ip65-waterproof-for-rv-boat-rooftop-off-grid\/"},"modified":"2026-04-17T13:09:52","modified_gmt":"2026-04-17T10:09:52","slug":"vevor-2x100w-monocrystalline-solar-panels-23-efficiency-mc4-output-ip65-waterproof-for-rv-boat-rooftop-off-grid","status":"publish","type":"product","link":"https:\/\/vevorshop.lv\/lv\/Prece\/vevor-2x100w-monokristaliskie-saules-paneli-23-efektivitate-mc4-izeja-ip65-udensizturigs-rv-laivu-jumtam-off-rezga\/","title":{"rendered":"VEVOR 2x100W Monokrist\u0101liskie Saules Pane\u013ci, 23% Efektivit\u0101te, MC4, IP65, Piem\u0113roti Kemperiem, Laiv\u0101m, Jumtiem, Bez T\u012bkla"},"content":{"rendered":"<div style=\"color: #fff!important; font-size: 16px; height: 24px; line-height: 24px; margin-top: -24px; \" class=\"product_original_name\">VEVOR 2PCS 100W monokrist\u0101liskie saules pane\u013ci, 23% augstas efektivit\u0101tes Mono PV modulis ar stabilu MC4 izeju un alum\u012bnija r\u0101mi, IP65 \u016bdensnecaurlaid\u012bgs saules panelis automa\u0161\u012bnu laiv\u0101m RV plakan\u0101 jumta bezre\u017e\u0123a lietojumprogramm\u0101m<\/div>\n<div style=\"color: #fff!important; font-size: 16px; height: 24px; line-height: 24px; margin-top: -24px; \" class=\"product_sku\">MJS5TT9H<\/div>\n<div style=\"color: #fff!important; font-size: 16px; height: 24px; line-height: 24px; margin-top: -24px; \" class=\"product_mpn\">GDSTYNB2100WNHMVT001V2<\/div><div id=\"js-DM_at-goodDescRich\"><html><head><style>  body {    font-family: Arial;    line-height: 1.5;    color: #1c1c1c;    overflow-x: hidden;    margin: 0;    padding: 0;  }  .MsoNormal b {    font-weight: bolder;  }<\/style><style>  .container.small {    width: 970px;    margin: 0 auto;  }  .logo {    margin: 0 auto 0;  }  .logo img {    display: block;    margin: 0 auto;    max-width: 100%;  }  .logo .pc-banner {    display: block;    width: 1200px;    height: 247.4px;    margin: 0 auto;  }  .logo .pc-banner.small {    width: 970px;  }  .logo .pc-banner.small img {    height: auto!important;  }  .logo .m-banner {    display: none;  }  .ytvideo {    position: relative;    height: 546px;    width: 100%;    margin: 0 auto;  }  .ytvideo img {    width: 100%;    margin: 0 auto;  }  .ytvideo .play-btn {    width: 60px;    height: 42px;    position: absolute;    top: 50%;    left: 50%;    transform: translate(-50%, -50%);    background: url(\"data:image\/png;base64,iVBORw0KGgoAAAANSUhEUgAAAGQAAABGCAMAAAANWMFbAAAC+lBMVEUAAADBGB3kLCfBGB3kLCfcJC7BFx3KKSbiKybkLCbWJCPSIiLSIiLPICHAFx3kLCfgKSXNHiDZJiTIGx\/p4eHcjo7LHSDbJyTkLCbjKyfOHyHPIiL28fHJHB\/GGh7EGR7eKCXDGB3RISHlLSbBGB3AFxzGHB7DGB7BGB3hKybkKybAFx3lLCfAFxzDGR3hKibDGB7cJyTmz8\/elJTlwcHjurrUIyLlLSflLSfAFx3DGR7lLSfCFx3hKibhKibhKybjKybkLCblLSfbJSX49vbx7e3NNzjNMTLMJyjVIyLZf3\/ZQ0LaeHjx0tLgoqLkLCfCGB3HGx\/BGB3BFx3PICHCGB7WJCLOHyC\/Fxy\/Fx3lLCfQISHkLSe\/FxzbJiTBFx3FGx\/AGB7BFx3EGR7AGB3HHSDfKiXAFh3TISHYNzbhKibbJyTTIiL57e325+f039\/v2NjUV1fOHiHiqanfmprch4feKSXVIyPOICHmLibFGh\/mLSe\/Fx7XJCPeKSXXJSPNHyHaJyTGGh7lLCbmLCflLSjSIiLkLCbdKSXLHiC\/GB3KHh++Fh3lKyfoLiXcKCPkx8fYb2\/XaGfVXl3aU1LLHiDksbHgKibPICHbJyTfKSXbJyTCGB3KHSDiKybFGh7TIiL\/\/\/\/VIyPRISHIHB\/GGx\/HHB\/DGR7gKibdKCXLHiDZJiTMHiDNHyHYJSTOICHPICHWJCPcKCXXJSPjLCblLCf+\/f3NGR\/uLijzLynPGR\/IGB7WISHaIyLLGh7UAADxLynNAADRLzDbICLQAADIAAD3MCrUHSHXMTDpKSbLAADp5OTij4\/ejo\/VLy\/1LyngJSTcJCPQHx\/OHB7+\/PzaMS\/OLS\/vLijrLSjSAADaNTPwLyjkKSbNJCbYISHPHB\/KGB7WAAD7+vrn3d3aKynTKCjoLCfsKifRGh\/YAADq5+fhjo7QNDXXKCfmJyXt5+fTLzDLLi\/QKivYHRvMGBrQJCXLISPMExXLDxLaEAvkkI\/bOTfaFQ\/SCgpvLcnHAAAAmnRSTlMA+vv7+gT9Bvf9+8z8\/NSv\/Pr5+P7++vnQIBMP\/v38\/Pn348XDiCYf9OjbzcqxXVcx\/fz8+\/rj1r2poo1+fXFqX0orGP7+\/v7+\/fz8+\/r68uzn4trIxsG\/vri3p6GcmZSNbWVYUUZEPQv+\/f39+\/v7+\/v7+vr64tvV1NTTz87FtbSurqeblJKFg4B3bUY+NjL7+\/v7+\/v67t1cDo8JLQAABkRJREFUWMO0kz9rwkAYh0OIeJkum6YugUAhISCdKoj\/P4C7SMdS+gEKIhSKil10LSg4mzXkILdlEpxCpwTiWOLX6BujvQaEQuGeHLnL+\/64J+SIcKGYTYWnntpdLjrVdqvZmNdn0+EE40GtpuuWVS6Xx6N7YDSGpWXpeq02wHgynM7q80az1a52HpddtVcpsi1zFARBrdaxbhp9iUReTGmwA4KAAr7vx3EYejnCMI6hQYEgy0LQi4jUN0wL19vqFcUC9\/1dAKmEEFkWRYkh5oBejnxQJiSJPJ\/uKBp0Thszx9Mw8hMRIQjKsptCfuES9zr5WJY6vSFCIvE9fCMUmEM1A1kSXcYGxgVYsvI1IPKTZciSTI0us\/SMGG04gDzELDoFBwdcFJrF88dqgYMTiL6DILWYyfOWE8\/kIz38olCNlC03FK95+imxp6y4oUSvAnBjHHhKNtotSDqJzVFiK8c2SBqhZtsrTtgrLXwAyduxZHNE26eHUt5rtuM4WSmds3G+sUdWYo1L+XyxButoh5eKUHk5lByO3G1LqqCWVnfrv\/lyPtf\/4ps1cndNGIri8J1TJ0lx6dR\/oPjq1nbRwdp2dCk4CtIOLW3pVKRL6WZfS5vF2KkIQhpwSsjiYIgNCs1gEMGqiIq24NQX9NwoXFy8Ufrl3twTcg4fv8T9\/JBEySduj6Mjm4bMzYV7EEOxKjjoNDud7yY3Dy71Hq2oLmqfbNR723edH9PgMrNL2utoQ3VmaIDkiw\/4w51P06hlZsTZvkRrbVuSIs\/zwSOsycgzStQouoAkWQqioRT5XI7n2Z1wfVhoZmcAJLsoqjqpjbWCgpOAJXBwHK8PzWbNvoUZJND5wCnSkLAkZ1legx6vqQzjoiTahKlGUGLAiIIoABOHaNVw4sexZBym6\/HWlH5h3IC7yRbxtipcWxdTOkORKiNQAEkFf66x5S2oeRbroOlLgg0sSYkR0hRGEqJZ0jTPiQKatESdBckpWigxaapEH0lImHdWu9pUFF2XqMNM2Z4kped7IwEJw2qabwtrQqnpw6HyKkgcadKWsmpywwesDyIhYRpdzXddqegtGIJlXbAIUMOLkGxJUjRIkokwjUaX9d\/kK62ps\/tYUqZLIMkLTyBhsMZ3C5Z\/kDxOSCb\/DOs\/\/J0qcWSX\/2ipe56EgTCA4\/cB7NAYOsni4mZM1MUPAISoEwkDi4lhVBQ1cWQyIcwalw4EpqZN68JUSK7XC0kTlkLYii5uXSC8jT5ncCAS7mjCv0uHp\/3lueHEEAeQ\/\/VgmdN71\/2uCSA1Xr6DO6uI6sW56zqT2tp2PhgiRUAajV8CY2fkcz6WGNKMgLAt7tJAhD4YHMTeRxlALE6+43WqjSWi8ITxyJl8WrwWSNESQZZOqhDDntO3hJLsd5RtSpbJqdv3YrDJH3F7jL1R2O2aQkn2MyCyKYz0GPGIvSAMgBCrCEiJyKbBaYGwLW4uPRr0A0M4Ux5kUI7IBh+hMdiCEWNqhMZGyYMsOgNE58UQuEQeUnSWCMYwL54hkxK6IoqucQZbQ3pc3XtL0lky1dL0zZJJDpWJovFqpWj6JEHnyam2eQp5QRVAVHjWparTOaVwUOx99YS2MvgxIGV0bb+qIg2HX2qkFFJB+XZcbLiuRkuxD9GRroKyveLxdh4d7Orx+hb7qc3uVRuEogCOnyIxm4ubUoPgF4jianDrC+SDQDKEfJb0GUKmjCGPYHGJvVC6X4hw1\/sAfQAdfYyephIaspXe36RwOP+Ljvfx9B6B3i+Nk0DGq+oCbLn6JpBa9nWAveAIHwFAwtVcIJXPMPL8kRu5OAYPMaL1WScTxjiZDqB9LTJSWphow\/pTYKRTLjCBhvi9iBidvKcDasGSm0QQkycYuLBqj6QCELPctqChDWpTRMWkngNNpQ1Pfp1KkiT\/Y0DGffXAweUNfLAfaJFKDwhb6I+bkYRbkERoEeu3Fyjg2opMz2daZCS9jt6Q7txNfB+OZEVF6Zl5web2xunnLQrtrjXseXKaFYziYINeMFZVxS9VxRhOoesYwxPKXm+gWLG9cuFeq93UNNeJNsf1KlwuDok9n02n3TgIJpOxNfL9naIoQwXtfH9kjceTIIi709ncTg6LZbg+biLH1V6u\/7rxBem06VXKn9raAAAAAElFTkSuQmCC\")      no-repeat center center \/ contain;  }  @media screen and (max-width: 960px) and (orientation: portrait) {    .logo {      width: 100%;    }    .logo .pc-banner {      display: none;    }    .logo .m-banner {      display: block;      width: 100%;    }    .logo .m-banner img {      height: auto!important;    }    .ytvideo {      height: 200px;      width: 100%;    }  }<\/style><style>  .video-section {    width: 100%;    margin: 0 auto;  }  .video-section > img {    width: 100%;  }  .video-section iframe,  .video-section video {    width: 100%;    height: 100%;      }  .video-section-img-m,  .video-section-img-pc > img {    width: 100%;    height: auto;  }  .video-section-img-pc.small > img {    width: 970px;  }  .video-desc {    line-height: 1.5;    font-size: 20px;    font-weight: 400;    margin: 20px 0;    text-align: center;    color: #0f1111;    word-break: break-word;  }  @media screen and (max-width: 960px) and (orientation: portrait) {    .video-section {      width: 100%;    }    .video-section-pc,    .video-section-img-pc {      display: none;    }    .video-section-m,    .video-section-img-m {      display: block;    }    .video-desc {      font-size: 15px;    }  }  @media screen and (min-width: 960px) {    .video-section {      width: 100%;      margin: 0 auto;    }    .video-section-pc,    .video-section-img-pc {      display: block;    }    .video-section-m,    .video-section-img-m {      display: none;    }    .video-desc {      font-size: 20px;    }  }<\/style><style>  .section + .section {    margin-top: 35px;  }  .section-title {    text-align: center;    font-weight: bold;    color: #0d1111;    font-family: \"Arial\";    font-size: 32px;    margin: 15px 0;  }  .section-title:empty {    display: none;  }  .section-desc {    text-align: center;    font-weight: normal;    color: #0d1111;    margin-top: 20px;  }  .section-desc:empty {    display: none;  }  .section-img {    width: 1200px;    height: 492px;    margin: 0 auto;    display: block;  }  .section-img.small {    width: 970px;    height: auto;  }  .section-img.small > img {    height: auto;  }  .section-img > img {    width: 100%;    height: 100%;  }  .section-mobile-img {    display: none;    max-width: 100vw;    max-height: 75vw;    height: 450px;    margin: 0 auto;  }  .section-mobile-img > img {    width: 100%;    height: 100%;  }  @media screen and (max-width: 960px) and (orientation: portrait) {    .container {      width: 100%;    }    .container.small {      width: 100%;    }    .section-mobile-img {      display: block;    }    .section-img {      display: none;    }    .section-title {      font-size: 22px;      margin: 10px 0;    }    .section-desc {      margin-top: 10px;    }    .section + .section {      margin-top: 20px;    }  }<\/style><\/head><body><div class=\"container\"><div class=\"logo\"><div class=\"pc-banner\"><div><img decoding=\"async\" src=\"\/vevor\/vevor\/boutique-banner\/pc\/en-pc@1x.jpg\" style=\"width: 100%;\" \/><\/div><\/div><div class=\"m-banner\"><div><img decoding=\"async\" src=\"\/vevor\/vevor\/boutique-banner\/mobile\/en-m@1x.jpg\" style=\"width: 100%;\" \/><\/div><\/div><\/div><div class=\"section-title\">Jauda vair\u0101k ar augstas efektivit\u0101tes saules paneli<\/div><div class=\"video-section\"><div class=\"video-section-img-pc\"><img decoding=\"async\" src=\"\/vevor\/product\/GDSTYNB2100WNHMVT001\/solar-panels-a100-1.4.jpg\" \/><\/div><div class=\"video-section-img-m\"><img decoding=\"async\" src=\"\/vevor\/product\/GDSTYNB2100WNHMVT001\/solar-panels-a100-1.4-m.jpg\" \/><\/div><div class=\"section-desc\">VEVOR 2 gab * 100W monokrist\u0101lisk\u0101 saules panelis nodro\u0161ina \u226523% p\u0101rveido\u0161anas efektivit\u0101ti, stabilu MC4 savienojam\u012bbu, IP65 aizsardz\u012bbu un pretkorozijas alum\u012bnija r\u0101mi.Tas darbojas uzticami da\u017e\u0101d\u0101s vid\u0113s un nodro\u0161ina vienm\u0113r\u012bgu jaudu automa\u0161\u012bn\u0101m, RV, laiv\u0101m, ferm\u0101m, kaj\u012bt\u0113m un \u0101rpus t\u012bkla sist\u0113m\u0101m.<\/div><\/div><div class=\"section\"><div class=\"section-title\"><\/div><div class=\"section-img\"><img decoding=\"async\" src=\"\/vevor\/product\/GDSTYNB2100WNHMVT001\/solar-panels-a100-2.2.jpg\" \/><\/div><div class=\"section-mobile-img\"><img decoding=\"async\" src=\"\/vevor\/product\/GDSTYNB2100WNHMVT001\/solar-panels-a100-2.2-m.jpg\" \/><\/div><div class=\"section-desc\">Izbaudiet uzticamu jaudu p\u0113c piepras\u012bjuma ar m\u016bsu augstas efektivit\u0101tes monokrist\u0101lisko saules paneli Ar \u226523% efekt\u012bvu konversijas \u0101trumu, tas nodro\u0161ina vienm\u0113r\u012bgu, konsekventu ener\u0123ijas izvadi, lai j\u016bsu ier\u012bces b\u016btu darbin\u0101mas.<\/div><\/div><div class=\"section\"><div class=\"section-title\"><\/div><div class=\"section-img\"><img decoding=\"async\" src=\"\/vevor\/product\/GDSTYNB2100WNHMVT001\/solar-panels-a100-2.3.jpg\" \/><\/div><div class=\"section-mobile-img\"><img decoding=\"async\" src=\"\/vevor\/product\/GDSTYNB2100WNHMVT001\/solar-panels-a100-2.3-m.jpg\" \/><\/div><div class=\"section-desc\">Apr\u012bkots ar ieb\u016bv\u0113tu MC4 kabeli, \u0161is monokrist\u0101lisk\u0101 PV modu\u013ca saules panelis pied\u0101v\u0101 dro\u0161u savienojumu ar j\u016bsu kontrolieri un akumulatoru stabilai ener\u0123ijas pieg\u0101dei. (kontroliera, akumulatora un aligatora klipi nav iek\u013cauti komplekt\u0101cij\u0101)<\/div><\/div><div class=\"section\"><div class=\"section-title\"><\/div><div class=\"section-img\"><img decoding=\"async\" src=\"\/vevor\/product\/GDSTYNB2100WNHMVT001\/solar-panels-a100-2.4.jpg\" \/><\/div><div class=\"section-mobile-img\"><img decoding=\"async\" src=\"\/vevor\/product\/GDSTYNB2100WNHMVT001\/solar-panels-a100-2.4-m.jpg\" \/><\/div><div class=\"section-desc\">\u0160is saules panelis ir veidots ar IP65 aizsardz\u012bbas pak\u0101pi un iztur\u012bgu r\u016bd\u012bta stikla virsmu, un tas dro\u0161i darbojas no 4\u00b0F l\u012bdz 149\u00b0F (no 20\u00b0C l\u012bdz 65\u00b0C), nodro\u0161inot stabilu un ilgsto\u0161u veiktsp\u0113ju da\u017e\u0101d\u0101s \u0101ra vid\u0113s.<\/div><\/div><div class=\"section\"><div class=\"section-title\"><\/div><div class=\"section-img\"><img decoding=\"async\" src=\"\/vevor\/product\/GDSTYNB2100WNHMVT001\/solar-panels-a100-2.5.jpg\" \/><\/div><div class=\"section-mobile-img\"><img decoding=\"async\" src=\"\/vevor\/product\/GDSTYNB2100WNHMVT001\/solar-panels-a100-2.5-m.jpg\" \/><\/div><div class=\"section-desc\">\u0160im saules panelim ir iztur\u012bgs alum\u012bnija r\u0101mis, kas padara to ide\u0101li piem\u0113rotu ilgsto\u0161ai uzst\u0101d\u012b\u0161anai uz plakaniem jumtiem, m\u0101ju jumtiem, ferm\u0101m, pagalmiem vai RV, nodro\u0161inot konsekventu un uzticamu baro\u0161anas avotu. (Mont\u0113\u0161anas kron\u0161teini NAV iek\u013cauti)<\/div><\/div><div class=\"section\"><div class=\"section-img\"><img decoding=\"async\" src=\"\/vevor\/product\/GDSTYNB2100WNHMVT001\/solar-panels-a100-1.11.jpg\" \/><\/div><div class=\"section-mobile-img\"><img decoding=\"async\" src=\"\/vevor\/product\/GDSTYNB2100WNHMVT001\/solar-panels-a100-1.11-m.jpg\" \/><\/div><\/div><\/div><\/body><\/html><\/div>\n<div class=\"DM_at-title\" id=\"js-DM_at-title\"> <div>Produkta specifik\u0101cija<\/div> <i class=\"icon-arrowup_line\"><\/i> <\/div><div class=\"DM_at-goodsDescAttr\" id=\"js-DM_at-goodsDescAttr\"> <div class=\"DM_at-goodsDescAttrInner\"> <dl class=\"goodsDesc_item goodsDesc_item_even\"> <dt>Preces Mode\u013ca Numurs<\/dt> <dd> 100\u00a0W<\/dd> <\/dl> <dl class=\"goodsDesc_item\"> <dt>Saules pane\u013cu jauda<\/dt> <dd> 2 gab * 100W<\/dd> <\/dl> <dl class=\"goodsDesc_item goodsDesc_item_even\"> <dt>Aizsardz\u012bbas v\u0113rt\u0113jums<\/dt> <dd> IP65<\/dd> <\/dl> <dl class=\"goodsDesc_item\"> <dt>Konversijas efektivit\u0101te<\/dt> <dd> \u226523%<\/dd> <\/dl> <dl class=\"goodsDesc_item goodsDesc_item_even\"> <dt>Darba temperat\u016bras diapazons<\/dt> <dd> \u22124\u00b0F l\u012bdz 149\u00b0F \/ \u221220\u00b0C l\u012bdz 65\u00b0C  <\/dd> <\/dl> <dl class=\"goodsDesc_item\"> <dt>Neto Svars<\/dt> <dd> 20,7 m\u0101rci\u0146as \/ 9,4 kg <\/dd> <\/dl> <dl class=\"goodsDesc_item goodsDesc_item_even\"> <dt>Produkta Izm\u0113ri<\/dt> <dd> 35,2 x 22,8 x 1,2 collas \/ 895 x 580 x 30 mm<\/dd> <\/dl> <\/div> <\/div>","protected":false},"excerpt":{"rendered":"<ul>\n<li> Superior Efficiency: Featuring premium monokrist\u0101lisko \u0161\u016bnu ar \u226523% konversijas efektivit\u0101ti, \u0161is 2 gab * 100W mono saules panelis p\u0101rv\u0113r\u0161 vair\u0101k saules gaismas izmantojam\u0101 ener\u0123ij\u0101, nodro\u0161inot efekt\u012bvu ener\u0123ijas ra\u017eo\u0161anu vienm\u0113r\u012bgai jaudas izvadei un \u0101trai ier\u012b\u010du uzl\u0101dei <\/li>\n<li> Vienk\u0101r\u0161s savienojums: izstr\u0101d\u0101ts ar ieb\u016bv\u0113tu MC4 kabeli \u0101trai, dro\u0161ai savieno\u0161anai, \u0161is monokrist\u0101liskais PV modulis viegli savienojas ar kontrolieri un akumulatoru, nodro\u0161inot stabilu un konsekventu jaudu (iek\u013cauts tikai saules panelis; kontrolieris, akumulators un aligatora klipu ieg\u0101de atsevi\u0161\u0137i) <\/li>\n<li> Uzlabota iztur\u012bba: m\u016bsu augstas efektivit\u0101tes saules panelim ir IP65 aizsardz\u012bbas pak\u0101pe, un tas darbojas uzticami no 4\u00b0F l\u012bdz 149\u00b0F, nodro\u0161inot ilgsto\u0161u veiktsp\u0113ju \u0101ra vid\u0113 <\/li>\n<li> Pla\u0161i pielietojumi: ide\u0101li piem\u0113rots plakanai uzst\u0101d\u012b\u0161anai uz jumtiem, ferm\u0101m, pagalmiem, RV, laiv\u0101m vai transportl\u012bdzek\u013ciem ar plakanu jumtu un \u0101rpus t\u012bkla kab\u012bn\u0113m, \u0161is ier\u0101m\u0113tais saules panelis nodro\u0161ina konsekventu, uzticamu jaudu sadz\u012bves tehnikai, pagalma apgaismojumam, v\u0101rtu atv\u0113r\u0113jiem, RV apr\u012bkojumam utt <\/li>\n<li> Draudz\u012bgs atg\u0101din\u0101jums: mont\u0101\u017eas kron\u0161teini nav iek\u013cauti Ja v\u0113laties to nostiprin\u0101t stabilai, ilgsto\u0161ai baro\u0161anas avotam, l\u016bdzu, ieg\u0101d\u0101jieties atbilsto\u0161us mont\u0101\u017eas kron\u0161teinus atsevi\u0161\u0137i un stingri nostipriniet to pats, lai nov\u0113rstu to aizp\u016b\u0161anu stipr\u0101 v\u0113j\u0101 <\/li>\n<\/ul>","protected":false},"featured_media":443237,"comment_status":"open","ping_status":"open","template":"","meta":{"om_disable_all_campaigns":false,"_uf_show_specific_survey":0,"_uf_disable_surveys":false},"location":[1935,1934],"product_brand":[],"product_cat":[100,2121,562],"product_tag":[],"class_list":{"0":"post-225237","1":"product","2":"type-product","3":"status-publish","4":"has-post-thumbnail","6":"location-supplier_stock_location","7":"location-local_stock_location","8":"product_cat-alternative-renewable-energy","9":"product_cat-solar-panels-solar-power","10":"product_cat-solar-power","12":"first","13":"instock","14":"taxable","15":"shipping-taxable","16":"purchasable","17":"product-type-simple"},"aioseo_notices":[],"locations":[{"id":1935,"name":"Pieg\u0101d\u0101ja noliktav\u0101 (5-7dd.d)","slug":"supplier_stock_location","quantity":"262"},{"id":1934,"name":"R\u012bgas veikal\u0101 (0-2d.d.)","slug":"local_stock_location","quantity":"0"}],"_links":{"self":[{"href":"https:\/\/vevorshop.lv\/lv\/wp-json\/wp\/v2\/product\/225237","targetHints":{"allow":["GET"]}}],"collection":[{"href":"https:\/\/vevorshop.lv\/lv\/wp-json\/wp\/v2\/product"}],"about":[{"href":"https:\/\/vevorshop.lv\/lv\/wp-json\/wp\/v2\/types\/product"}],"replies":[{"embeddable":true,"href":"https:\/\/vevorshop.lv\/lv\/wp-json\/wp\/v2\/comments?post=225237"}],"wp:featuredmedia":[{"embeddable":true,"href":"https:\/\/vevorshop.lv\/lv\/wp-json\/wp\/v2\/media\/443237"}],"wp:attachment":[{"href":"https:\/\/vevorshop.lv\/lv\/wp-json\/wp\/v2\/media?parent=225237"}],"wp:term":[{"taxonomy":"location","embeddable":true,"href":"https:\/\/vevorshop.lv\/lv\/wp-json\/wp\/v2\/location?post=225237"},{"taxonomy":"product_brand","embeddable":true,"href":"https:\/\/vevorshop.lv\/lv\/wp-json\/wp\/v2\/product_brand?post=225237"},{"taxonomy":"product_cat","embeddable":true,"href":"https:\/\/vevorshop.lv\/lv\/wp-json\/wp\/v2\/product_cat?post=225237"},{"taxonomy":"product_tag","embeddable":true,"href":"https:\/\/vevorshop.lv\/lv\/wp-json\/wp\/v2\/product_tag?post=225237"}],"curies":[{"name":"wp","href":"https:\/\/api.w.org\/{rel}","templated":true}]}}