{"id":226275,"date":"2026-01-04T00:41:11","date_gmt":"2026-01-03T22:41:11","guid":{"rendered":"https:\/\/vevorshop.lv\/en_us\/Prece\/vevor-15-piece-german-stainless-steel-kitchen-knife-set-with-block-sharpener-scissors-ergonomic-handles\/"},"modified":"2026-04-25T06:27:41","modified_gmt":"2026-04-25T03:27:41","slug":"vevor-15-piece-german-stainless-steel-kitchen-knife-set-with-block-sharpener-scissors-ergonomic-handles","status":"publish","type":"product","link":"https:\/\/vevorshop.lv\/lv\/Prece\/vevor-15-gab-vacu-nerusejosa-terauda-virtuves-nazu-komplekts-ar-bloku-asinamam-skerem-ergonomiski-rokturi\/","title":{"rendered":"VEVOR 15-da\u013c\u012bgs v\u0101cu ner\u016bs\u0113jo\u0161\u0101 t\u0113rauda virtuves na\u017eu komplekts ar bloku, asin\u0101t\u0101ju, \u0161\u0137\u0113r\u0113m un ergonomiskiem rokturiem"},"content":{"rendered":"<div style=\"color: #fff!important; font-size: 16px; height: 24px; line-height: 24px; margin-top: -24px; \" class=\"product_original_name\">VEVOR virtuves na\u017eu komplekts ar bloku un asin\u0101t\u0101ju, 15 gabalu v\u0101cu augsta oglek\u013ca satura ner\u016bs\u0113jo\u0161\u0101 t\u0113rauda asu na\u017eu komplekts, virtuves galda piederumi ar ergonomisku rokturi, asin\u0101\u0161anas stienis un koka bloks m\u0101jas pav\u0101riem<\/div>\n<div style=\"color: #fff!important; font-size: 16px; height: 24px; line-height: 24px; margin-top: -24px; \" class=\"product_sku\">MJXVM0MC<\/div>\n<div style=\"color: #fff!important; font-size: 16px; height: 24px; line-height: 24px; margin-top: -24px; \" class=\"product_mpn\">YDZCFDJTZ50CCIEUB001V0<\/div><div id=\"js-DM_at-goodDescRich\"><html><head><style>  body {    font-family: Arial;    line-height: 1.5;    color: #1c1c1c;    overflow-x: hidden;    margin: 0;    padding: 0;  }  .MsoNormal b {    font-weight: bolder;  }<\/style><style>  .container.small {    width: 970px;    margin: 0 auto;  }  .logo {    margin: 0 auto 0;  }  .logo img {    display: block;    margin: 0 auto;    max-width: 100%;  }  .logo .pc-banner {    display: block;    width: 1200px;    height: 247.4px;    margin: 0 auto;  }  .logo .pc-banner.small {    width: 970px;  }  .logo .pc-banner.small img {    height: auto!important;  }  .logo .m-banner {    display: none;  }  .ytvideo {    position: relative;    height: 546px;    width: 100%;    margin: 0 auto;  }  .ytvideo img {    width: 100%;    margin: 0 auto;  }  .ytvideo .play-btn {    width: 60px;    height: 42px;    position: absolute;    top: 50%;    left: 50%;    transform: translate(-50%, -50%);    background: url(\"data:image\/png;base64,iVBORw0KGgoAAAANSUhEUgAAAGQAAABGCAMAAAANWMFbAAAC+lBMVEUAAADBGB3kLCfBGB3kLCfcJC7BFx3KKSbiKybkLCbWJCPSIiLSIiLPICHAFx3kLCfgKSXNHiDZJiTIGx\/p4eHcjo7LHSDbJyTkLCbjKyfOHyHPIiL28fHJHB\/GGh7EGR7eKCXDGB3RISHlLSbBGB3AFxzGHB7DGB7BGB3hKybkKybAFx3lLCfAFxzDGR3hKibDGB7cJyTmz8\/elJTlwcHjurrUIyLlLSflLSfAFx3DGR7lLSfCFx3hKibhKibhKybjKybkLCblLSfbJSX49vbx7e3NNzjNMTLMJyjVIyLZf3\/ZQ0LaeHjx0tLgoqLkLCfCGB3HGx\/BGB3BFx3PICHCGB7WJCLOHyC\/Fxy\/Fx3lLCfQISHkLSe\/FxzbJiTBFx3FGx\/AGB7BFx3EGR7AGB3HHSDfKiXAFh3TISHYNzbhKibbJyTTIiL57e325+f039\/v2NjUV1fOHiHiqanfmprch4feKSXVIyPOICHmLibFGh\/mLSe\/Fx7XJCPeKSXXJSPNHyHaJyTGGh7lLCbmLCflLSjSIiLkLCbdKSXLHiC\/GB3KHh++Fh3lKyfoLiXcKCPkx8fYb2\/XaGfVXl3aU1LLHiDksbHgKibPICHbJyTfKSXbJyTCGB3KHSDiKybFGh7TIiL\/\/\/\/VIyPRISHIHB\/GGx\/HHB\/DGR7gKibdKCXLHiDZJiTMHiDNHyHYJSTOICHPICHWJCPcKCXXJSPjLCblLCf+\/f3NGR\/uLijzLynPGR\/IGB7WISHaIyLLGh7UAADxLynNAADRLzDbICLQAADIAAD3MCrUHSHXMTDpKSbLAADp5OTij4\/ejo\/VLy\/1LyngJSTcJCPQHx\/OHB7+\/PzaMS\/OLS\/vLijrLSjSAADaNTPwLyjkKSbNJCbYISHPHB\/KGB7WAAD7+vrn3d3aKynTKCjoLCfsKifRGh\/YAADq5+fhjo7QNDXXKCfmJyXt5+fTLzDLLi\/QKivYHRvMGBrQJCXLISPMExXLDxLaEAvkkI\/bOTfaFQ\/SCgpvLcnHAAAAmnRSTlMA+vv7+gT9Bvf9+8z8\/NSv\/Pr5+P7++vnQIBMP\/v38\/Pn348XDiCYf9OjbzcqxXVcx\/fz8+\/rj1r2poo1+fXFqX0orGP7+\/v7+\/fz8+\/r68uzn4trIxsG\/vri3p6GcmZSNbWVYUUZEPQv+\/f39+\/v7+\/v7+vr64tvV1NTTz87FtbSurqeblJKFg4B3bUY+NjL7+\/v7+\/v67t1cDo8JLQAABkRJREFUWMO0kz9rwkAYh0OIeJkum6YugUAhISCdKoj\/P4C7SMdS+gEKIhSKil10LSg4mzXkILdlEpxCpwTiWOLX6BujvQaEQuGeHLnL+\/64J+SIcKGYTYWnntpdLjrVdqvZmNdn0+EE40GtpuuWVS6Xx6N7YDSGpWXpeq02wHgynM7q80az1a52HpddtVcpsi1zFARBrdaxbhp9iUReTGmwA4KAAr7vx3EYejnCMI6hQYEgy0LQi4jUN0wL19vqFcUC9\/1dAKmEEFkWRYkh5oBejnxQJiSJPJ\/uKBp0Thszx9Mw8hMRIQjKsptCfuES9zr5WJY6vSFCIvE9fCMUmEM1A1kSXcYGxgVYsvI1IPKTZciSTI0us\/SMGG04gDzELDoFBwdcFJrF88dqgYMTiL6DILWYyfOWE8\/kIz38olCNlC03FK95+imxp6y4oUSvAnBjHHhKNtotSDqJzVFiK8c2SBqhZtsrTtgrLXwAyduxZHNE26eHUt5rtuM4WSmds3G+sUdWYo1L+XyxButoh5eKUHk5lByO3G1LqqCWVnfrv\/lyPtf\/4ps1cndNGIri8J1TJ0lx6dR\/oPjq1nbRwdp2dCk4CtIOLW3pVKRL6WZfS5vF2KkIQhpwSsjiYIgNCs1gEMGqiIq24NQX9NwoXFy8Ufrl3twTcg4fv8T9\/JBEySduj6Mjm4bMzYV7EEOxKjjoNDud7yY3Dy71Hq2oLmqfbNR723edH9PgMrNL2utoQ3VmaIDkiw\/4w51P06hlZsTZvkRrbVuSIs\/zwSOsycgzStQouoAkWQqioRT5XI7n2Z1wfVhoZmcAJLsoqjqpjbWCgpOAJXBwHK8PzWbNvoUZJND5wCnSkLAkZ1legx6vqQzjoiTahKlGUGLAiIIoABOHaNVw4sexZBym6\/HWlH5h3IC7yRbxtipcWxdTOkORKiNQAEkFf66x5S2oeRbroOlLgg0sSYkR0hRGEqJZ0jTPiQKatESdBckpWigxaapEH0lImHdWu9pUFF2XqMNM2Z4kped7IwEJw2qabwtrQqnpw6HyKkgcadKWsmpywwesDyIhYRpdzXddqegtGIJlXbAIUMOLkGxJUjRIkokwjUaX9d\/kK62ps\/tYUqZLIMkLTyBhsMZ3C5Z\/kDxOSCb\/DOs\/\/J0qcWSX\/2ipe56EgTCA4\/cB7NAYOsni4mZM1MUPAISoEwkDi4lhVBQ1cWQyIcwalw4EpqZN68JUSK7XC0kTlkLYii5uXSC8jT5ncCAS7mjCv0uHp\/3lueHEEAeQ\/\/VgmdN71\/2uCSA1Xr6DO6uI6sW56zqT2tp2PhgiRUAajV8CY2fkcz6WGNKMgLAt7tJAhD4YHMTeRxlALE6+43WqjSWi8ITxyJl8WrwWSNESQZZOqhDDntO3hJLsd5RtSpbJqdv3YrDJH3F7jL1R2O2aQkn2MyCyKYz0GPGIvSAMgBCrCEiJyKbBaYGwLW4uPRr0A0M4Ux5kUI7IBh+hMdiCEWNqhMZGyYMsOgNE58UQuEQeUnSWCMYwL54hkxK6IoqucQZbQ3pc3XtL0lky1dL0zZJJDpWJovFqpWj6JEHnyam2eQp5QRVAVHjWparTOaVwUOx99YS2MvgxIGV0bb+qIg2HX2qkFFJB+XZcbLiuRkuxD9GRroKyveLxdh4d7Orx+hb7qc3uVRuEogCOnyIxm4ubUoPgF4jianDrC+SDQDKEfJb0GUKmjCGPYHGJvVC6X4hw1\/sAfQAdfYyephIaspXe36RwOP+Ljvfx9B6B3i+Nk0DGq+oCbLn6JpBa9nWAveAIHwFAwtVcIJXPMPL8kRu5OAYPMaL1WScTxjiZDqB9LTJSWphow\/pTYKRTLjCBhvi9iBidvKcDasGSm0QQkycYuLBqj6QCELPctqChDWpTRMWkngNNpQ1Pfp1KkiT\/Y0DGffXAweUNfLAfaJFKDwhb6I+bkYRbkERoEeu3Fyjg2opMz2daZCS9jt6Q7txNfB+OZEVF6Zl5web2xunnLQrtrjXseXKaFYziYINeMFZVxS9VxRhOoesYwxPKXm+gWLG9cuFeq93UNNeJNsf1KlwuDok9n02n3TgIJpOxNfL9naIoQwXtfH9kjceTIIi709ncTg6LZbg+biLH1V6u\/7rxBem06VXKn9raAAAAAElFTkSuQmCC\")      no-repeat center center \/ contain;  }  @media screen and (max-width: 960px) and (orientation: portrait) {    .logo {      width: 100%;    }    .logo .pc-banner {      display: none;    }    .logo .m-banner {      display: block;      width: 100%;    }    .logo .m-banner img {      height: auto!important;    }    .ytvideo {      height: 200px;      width: 100%;    }  }<\/style><style>  .video-section {    width: 100%;    margin: 0 auto;  }  .video-section > img {    width: 100%;  }  .video-section iframe,  .video-section video {    width: 100%;    height: 100%;      }  .video-section-img-m,  .video-section-img-pc > img {    width: 100%;    height: auto;  }  .video-section-img-pc.small > img {    width: 970px;  }  .video-desc {    line-height: 1.5;    font-size: 20px;    font-weight: 400;    margin: 20px 0;    text-align: center;    color: #0f1111;    word-break: break-word;  }  @media screen and (max-width: 960px) and (orientation: portrait) {    .video-section {      width: 100%;    }    .video-section-pc,    .video-section-img-pc {      display: none;    }    .video-section-m,    .video-section-img-m {      display: block;    }    .video-desc {      font-size: 15px;    }  }  @media screen and (min-width: 960px) {    .video-section {      width: 100%;      margin: 0 auto;    }    .video-section-pc,    .video-section-img-pc {      display: block;    }    .video-section-m,    .video-section-img-m {      display: none;    }    .video-desc {      font-size: 20px;    }  }<\/style><style>  .section + .section {    margin-top: 35px;  }  .section-title {    text-align: center;    font-weight: bold;    color: #0d1111;    font-family: \"Arial\";    font-size: 32px;    margin: 15px 0;  }  .section-title:empty {    display: none;  }  .section-desc {    text-align: center;    font-weight: normal;    color: #0d1111;    margin-top: 20px;  }  .section-desc:empty {    display: none;  }  .section-img {    width: 1200px;    height: 492px;    margin: 0 auto;    display: block;  }  .section-img.small {    width: 970px;    height: auto;  }  .section-img.small > img {    height: auto;  }  .section-img > img {    width: 100%;    height: 100%;  }  .section-mobile-img {    display: none;    max-width: 100vw;    max-height: 75vw;    height: 450px;    margin: 0 auto;  }  .section-mobile-img > img {    width: 100%;    height: 100%;  }  @media screen and (max-width: 960px) and (orientation: portrait) {    .container {      width: 100%;    }    .container.small {      width: 100%;    }    .section-mobile-img {      display: block;    }    .section-img {      display: none;    }    .section-title {      font-size: 22px;      margin: 10px 0;    }    .section-desc {      margin-top: 10px;    }    .section + .section {      margin-top: 20px;    }  }<\/style><\/head><body><div class=\"container\"><div class=\"logo\"><div class=\"pc-banner\"><div><img decoding=\"async\" src=\"\/vevor\/vevor\/boutique-banner\/pc\/en-pc@1x.jpg\" style=\"width: 100%;\" \/><\/div><\/div><div class=\"m-banner\"><div><img decoding=\"async\" src=\"\/vevor\/vevor\/boutique-banner\/mobile\/en-m@1x.jpg\" style=\"width: 100%;\" \/><\/div><\/div><\/div><div class=\"section-title\">15-da\u013c\u012bgs na\u017eu komplekts<\/div><div class=\"video-section\"><div class=\"video-section-img-pc\"><img decoding=\"async\" src=\"\/vevor\/product\/YDZCFDJTZ50CCIEUB001\/knife-set-a100-1.4.jpg\" \/><\/div><div class=\"video-section-img-m\"><img decoding=\"async\" src=\"\/vevor\/product\/YDZCFDJTZ50CCIEUB001\/knife-set-a100-1.4-m.jpg\" \/><\/div><div class=\"section-desc\">M\u016bsu 15-da\u013c\u012bgais na\u017eu komplekts aptver visas j\u016bsu grie\u0161anas vajadz\u012bbas! Izgatavots no augsta oglek\u013ca satura ner\u016bs\u0113jo\u0161\u0101 t\u0113rauda ar prec\u012bzu asin\u0101\u0161anu, tas paliek ass un iztur\u012bgs Ergonomiskie rokturi nodro\u0161ina \u0113rtu sa\u0137eri un samazina nogurumu Ietver augst\u0101k\u0101s kvalit\u0101tes koka bloku un 8 collu asin\u0101mo, lai to var\u0113tu viegli uzglab\u0101t un apkopt Stil\u012bgs dizains padara to par lielisku d\u0101vanu sev vai tuviniekiem.<\/div><\/div><div class=\"section\"><div class=\"section-title\"><\/div><div class=\"section-img\"><img decoding=\"async\" src=\"\/vevor\/product\/YDZCFDJTZ50CCIEUB001\/knife-set-a100-2.2.jpg\" \/><\/div><div class=\"section-mobile-img\"><img decoding=\"async\" src=\"\/vevor\/product\/YDZCFDJTZ50CCIEUB001\/knife-set-a100-2.2-m.jpg\" \/><\/div><div class=\"section-desc\">Katrs asmens ir prasm\u012bgi sl\u012bp\u0113ts un uzasin\u0101ts izcilam asumam Daudzveid\u012bg\u0101 na\u017eu izv\u0113le nodro\u0161ina prec\u012bzu apie\u0161anos ar da\u017e\u0101d\u0101m sast\u0101vda\u013c\u0101m, ietaupot laiku un uzlabojot efektivit\u0101ti katr\u0101 sagatavo\u0161anas uzdevum\u0101.<\/div><\/div><div class=\"section\"><div class=\"section-title\"><\/div><div class=\"section-img\"><img decoding=\"async\" src=\"\/vevor\/product\/YDZCFDJTZ50CCIEUB001\/knife-set-a100-2.3.jpg\" \/><\/div><div class=\"section-mobile-img\"><img decoding=\"async\" src=\"\/vevor\/product\/YDZCFDJTZ50CCIEUB001\/knife-set-a100-2.3-m.jpg\" \/><\/div><div class=\"section-desc\">Izgatavots no augst\u0101k\u0101s kvalit\u0101tes augstas oglek\u013ca t\u0113rauda, \u0161is na\u017eu komplekts pied\u0101v\u0101 ide\u0101lu ciet\u012bbas un stingr\u012bbas l\u012bdzsvaru, saglab\u0101jot ilgsto\u0161u asumu bez bie\u017eas asin\u0101\u0161anas Rokturis ir iztur\u012bgs pret plais\u0101m un dro\u0161i piestiprin\u0101ts, sniedzot jums stabilit\u0101ti un p\u0101rliec\u012bbu ikvienas lieto\u0161anas laik\u0101.<\/div><\/div><div class=\"section\"><div class=\"section-title\"><\/div><div class=\"section-img\"><img decoding=\"async\" src=\"\/vevor\/product\/YDZCFDJTZ50CCIEUB001\/knife-set-a100-2.4.jpg\" \/><\/div><div class=\"section-mobile-img\"><img decoding=\"async\" src=\"\/vevor\/product\/YDZCFDJTZ50CCIEUB001\/knife-set-a100-2.4-m.jpg\" \/><\/div><div class=\"section-desc\">Katra \u0161\u012b komplekta deta\u013ca ir izstr\u0101d\u0101ta \u0113rt\u012bbai Ergonomiskais rokturis pied\u0101v\u0101 komfortu un bez piep\u016bles satv\u0113rienu, un trauku mazg\u0101jam\u0101 ma\u0161\u012bn\u0101 dro\u0161ais dizains atvieglo t\u012br\u012b\u0161anu Koka na\u017eu bloks \u013cauj viegli uzglab\u0101t, bet asin\u0101\u0161anas stienis pal\u012bdz saglab\u0101t asmens asumu.<\/div><\/div><div class=\"section\"><div class=\"section-title\"><\/div><div class=\"section-img\"><img decoding=\"async\" src=\"\/vevor\/product\/YDZCFDJTZ50CCIEUB001\/knife-set-a100-2.5.jpg\" \/><\/div><div class=\"section-mobile-img\"><img decoding=\"async\" src=\"\/vevor\/product\/YDZCFDJTZ50CCIEUB001\/knife-set-a100-2.5-m.jpg\" \/><\/div><div class=\"section-desc\">\u0160is ner\u016bs\u0113jo\u0161\u0101 t\u0113rauda na\u017eu komplekts apvieno eleganci un praktiskumu, uzlabojot j\u016bsu virtuvi ar modernu, izsmalcin\u0101tu piesk\u0101rienu. T\u0101 ir ide\u0101la d\u0101vana Valent\u012bna dien\u0101, Ziemassv\u0113tkos, k\u0101z\u0101s un dzim\u0161anas dien\u0101s - neaizmirstams p\u0101rsteigums \u0113diena gatavo\u0161anas entuziastiem.<\/div><\/div><div class=\"section\"><div class=\"section-img\"><img decoding=\"async\" src=\"\/vevor\/product\/YDZCFDJTZ50CCIEUB001\/knife-set-a100-1.11.jpg\" \/><\/div><div class=\"section-mobile-img\"><img decoding=\"async\" src=\"\/vevor\/product\/YDZCFDJTZ50CCIEUB001\/knife-set-a100-1.11-m.jpg\" \/><\/div><\/div><\/div><\/body><\/html><\/div>\n<div class=\"DM_at-title\" id=\"js-DM_at-title\"> <div>Produkta specifik\u0101cija<\/div> <i class=\"icon-arrowup_line\"><\/i> <\/div><div class=\"DM_at-goodsDescAttr\" id=\"js-DM_at-goodsDescAttr\"> <div class=\"DM_at-goodsDescAttrInner\"> <dl class=\"goodsDesc_item goodsDesc_item_even\"> <dt>Preces Mode\u013ca Numurs<\/dt> <dd> KH28SB9MM42-15PCS<\/dd> <\/dl> <dl class=\"goodsDesc_item\"> <dt>Kr\u0101sa<\/dt> <dd> Asmens<\/dd> <\/dl> <dl class=\"goodsDesc_item goodsDesc_item_even\"> <dt>Materi\u0101ls<\/dt> <dd> 5CR15MOV + 430 Ner\u016bs\u0113jo\u0161ais t\u0113rauds<\/dd> <\/dl> <dl class=\"goodsDesc_item\"> <dt>Neto Svars<\/dt> <dd> 7,61 m\u0101rci\u0146as \/ 3,45 kg<\/dd> <\/dl> <dl class=\"goodsDesc_item goodsDesc_item_even\"> <dt>Produkta Izm\u0113ri<\/dt> <dd> 4,84 x 7,48 x 13,58 collas \/ 123 x 190 x 345 mm<\/dd> <\/dl> <\/div> <\/div>","protected":false},"excerpt":{"rendered":"<ul>\n<li> 15-da\u013c\u012bgs virtuves na\u017eu komplekts: \u0161aj\u0101 15-da\u013c\u012bgaj\u0101 virtuves na\u017eu komplekt\u0101 ietilpst 8 \u0161efpav\u0101ra nazis, 8 grie\u0161anas nazis, 8 maizes nazis, 7 santoku nazis, 5 komun\u0101lais nazis, se\u0161i 4,5 steiku na\u017ei, 3,5 grie\u0161anas nazis, 8 asin\u0101\u0161anas stien\u012b, virtuves \u0161\u0137\u0113res un koka bloks.Viens komplekts aptver ikdienas grie\u0161anas uzdevumus, piem\u0113ram, grie\u0161anu, smalcin\u0101\u0161anu un p\u012blingu. T\u0101 gludais, modernais izskats padara to par ide\u0101lu d\u0101vanu sv\u0113tkiem un svin\u012bb\u0101m <\/li>\n<li> Izcils asums: katrs asmens ir ar l\u0101zeru asin\u0101ts ar prec\u012bzi iezem\u0113tu malu, padarot to pl\u0101n\u0101ku un as\u0101ku, lai samazin\u0101tu pretest\u012bbu.Ar \u0161o na\u017eu komplektu varat viegli un prec\u012bzi r\u012bkoties ar sast\u0101vda\u013c\u0101m, katru reizi pan\u0101kot vienm\u0113r\u012bgus, prec\u012bzus griezumus <\/li>\n<li> Iztur\u012bgs &amp; Rust-Resistant: Izgatavots no v\u0101cu 5CR15MOV augsta oglek\u013ca satura ner\u016bs\u0113jo\u0161\u0101 t\u0113rauda, \u0161is na\u017eu bloku komplekts pied\u0101v\u0101 lielu ciet\u012bbu un stingr\u012bbu, izvairoties no \u0161\u0137eldo\u0161anas vai plais\u0101\u0161anas.Asme\u0146i tiek pak\u013cauti termiskai un aukstai apstr\u0101dei ar pasiv\u0101ciju, nodro\u0161inot r\u016bsas iztur\u012bgu virsmu un ilgsto\u0161u asumu pat mitr\u0101s virtuv\u0113s <\/li>\n<li> \u012apa\u0161i \u0113rts rokturis: ergonomiskais rokturis ide\u0101li piegu\u013c plaukstai, nodro\u0161inot stingru, l\u012bdzsvarotu satv\u0113rienu, kas samazina nogurumu. Vienm\u0113r\u012bgs l\u012bdzsvars nodro\u0161ina vieglu grie\u0161anu, savuk\u0101rt smalka meistar\u012bba \u013cauj izvair\u012bties no roktura plais\u0101\u0161anas vai atsl\u0101bin\u0101\u0161anas, nodro\u0161inot, ka \u0161is ner\u016bs\u0113jo\u0161\u0101 t\u0113rauda na\u017eu komplekts joproj\u0101m ir uzticams <\/li>\n<li> Vienk\u0101r\u0161a uzglab\u0101\u0161ana un apkope: Na\u017eu bloka sadal\u012bt\u0101s spraugas atvieglo piek\u013cuvi un organiz\u0113\u0161anu, izvairoties no nejau\u0161iem griezumiem. Visi asme\u0146i ir dro\u0161i trauku mazg\u0101jamaj\u0101 ma\u0161\u012bn\u0101 \u0101trai t\u012br\u012b\u0161anai. \u0160aj\u0101 virtuves na\u017eu bloku komplekt\u0101 ir iek\u013cauts ar\u012b 8 collu asin\u0101\u0161anas stienis, lai j\u016bsu na\u017ei vienm\u0113r b\u016btu asi un gatavi <\/li>\n<\/ul>","protected":false},"featured_media":444173,"comment_status":"open","ping_status":"open","template":"","meta":{"om_disable_all_campaigns":false,"_monsterinsights_skip_tracking":false,"_monsterinsights_sitenote_active":false,"_monsterinsights_sitenote_note":"","_monsterinsights_sitenote_category":0,"_uf_show_specific_survey":0,"_uf_disable_surveys":false},"location":[1935,1934],"product_brand":[],"product_cat":[2322,22,224],"product_tag":[],"class_list":{"0":"post-226275","1":"product","2":"type-product","3":"status-publish","4":"has-post-thumbnail","6":"location-supplier_stock_location","7":"location-local_stock_location","8":"product_cat-block-knife-sets","9":"product_cat-restaurant-food-service","10":"product_cat-smallwares","12":"first","13":"onbackorder","14":"taxable","15":"shipping-taxable","16":"purchasable","17":"product-type-simple"},"aioseo_notices":[],"jetpack_sharing_enabled":true,"locations":[{"id":1935,"name":"Pieg\u0101d\u0101ja noliktav\u0101 (5-7dd.d)","slug":"supplier_stock_location","quantity":"0"},{"id":1934,"name":"R\u012bgas veikal\u0101 (0-2d.d.)","slug":"local_stock_location","quantity":"0"}],"_links":{"self":[{"href":"https:\/\/vevorshop.lv\/lv\/wp-json\/wp\/v2\/product\/226275","targetHints":{"allow":["GET"]}}],"collection":[{"href":"https:\/\/vevorshop.lv\/lv\/wp-json\/wp\/v2\/product"}],"about":[{"href":"https:\/\/vevorshop.lv\/lv\/wp-json\/wp\/v2\/types\/product"}],"replies":[{"embeddable":true,"href":"https:\/\/vevorshop.lv\/lv\/wp-json\/wp\/v2\/comments?post=226275"}],"wp:featuredmedia":[{"embeddable":true,"href":"https:\/\/vevorshop.lv\/lv\/wp-json\/wp\/v2\/media\/444173"}],"wp:attachment":[{"href":"https:\/\/vevorshop.lv\/lv\/wp-json\/wp\/v2\/media?parent=226275"}],"wp:term":[{"taxonomy":"location","embeddable":true,"href":"https:\/\/vevorshop.lv\/lv\/wp-json\/wp\/v2\/location?post=226275"},{"taxonomy":"product_brand","embeddable":true,"href":"https:\/\/vevorshop.lv\/lv\/wp-json\/wp\/v2\/product_brand?post=226275"},{"taxonomy":"product_cat","embeddable":true,"href":"https:\/\/vevorshop.lv\/lv\/wp-json\/wp\/v2\/product_cat?post=226275"},{"taxonomy":"product_tag","embeddable":true,"href":"https:\/\/vevorshop.lv\/lv\/wp-json\/wp\/v2\/product_tag?post=226275"}],"curies":[{"name":"wp","href":"https:\/\/api.w.org\/{rel}","templated":true}]}}